{"id":31841,"date":"2024-01-15T18:22:12","date_gmt":"2024-01-15T18:22:12","guid":{"rendered":"https:\/\/www.achilles.com\/product\/crsd-white-paper\/"},"modified":"2024-01-16T23:09:44","modified_gmt":"2024-01-16T20:09:44","slug":"crsd-white-paper","status":"publish","type":"product","link":"https:\/\/www.achilles.com\/sv\/products\/crsd-white-paper-0124\/","title":{"rendered":"CRSD White Paper"},"content":{"rendered":"    <div class=\"top_section\">\n        <div class=\"container\">\n            <div class=\"top_info half\">\n                                    <h1 class=\"top_title\">Tack<\/h1>\n                                    <div class=\"top_text\">\n                        <p><strong>H\u00e4r \u00e4r l\u00e4nken f\u00f6r att ladda ner din PDF-dokument:<\/strong><\/p>\n<blockquote><p><em>En introduktion till Corporate Sustainability Reporting Directive.<\/em><\/p>\n<p><em>.<img loading=\"lazy\" decoding=\"async\" class=\"alignnone wp-image-31851 size-medium\" src=\"https:\/\/www.achilles.com\/wp\/wp-content\/uploads\/2024\/01\/CRSD-SV-Thumbnail-212x300.png\" alt=\"\" width=\"212\" height=\"300\" srcset=\"https:\/\/www.achilles.com\/app\/uploads\/2024\/01\/CRSD-SV-Thumbnail-212x300.png 212w, https:\/\/www.achilles.com\/app\/uploads\/2024\/01\/CRSD-SV-Thumbnail.png 595w\" sizes=\"auto, (max-width: 212px) 100vw, 212px\" \/><\/em><\/p><\/blockquote>\n                    <\/div>\n                                    <div class=\"top_buttons\">\n                                                    <a class=\"btn btn_big\" href=\"https:\/\/www.achilles.com\/wp\/wp-content\/uploads\/2024\/01\/AC1378-The-Ultimate-Guide-to-the-CSRD-white-paper-Swedish-V2.pdf\"> Ladda ner Whitepaper<\/a>\n                                            <\/div>\n                            <\/div>\n        <\/div>\n        <div class=\"top_media\">\n\t\t\t        <\/div>\n    <\/div>\n\n\n    <div class=\"content_section\">\r\n        <div class=\"container\">\r\n                        <div class=\"posts_panel\">\r\n                <div class=\"description_section\">\r\n                                        <p class=\"title_category\">BRANSCHINSIKTER<\/p>\r\n                     \r\n                    <h2 class=\"title_section\">Uppt\u00e4ck fler branschinsikter<\/h2>\r\n                                    <\/div>\r\n                            <\/div>\r\n                                    <div class=\"posts_wrap\">\r\n                                <div class=\"post_item\">\r\n                    <div class=\"post_item_top\">\r\n                                                <a class=\"post_item_img\" href=\"https:\/\/www.achilles.com\/sv\/branschinsikter\/wind-europe-2026-madrid-starka-leverantorsberedskapen\/\">\r\n                            <img decoding=\"async\" src=\"https:\/\/www.achilles.com\/app\/uploads\/2023\/06\/renewable-energies.jpg\" alt=\"Wind Europe 2026 Madrid: St\u00e4rka leverant\u00f6rsberedskapen\">\r\n                        <\/a>\r\n                                                <ul class=\"post_item_categories\">\r\n                                                        <li>Branschinsikter<\/li>\r\n                                                    <\/ul>\r\n                    <\/div>\r\n                    <a class=\"post_item_name\" href=\"https:\/\/www.achilles.com\/sv\/branschinsikter\/wind-europe-2026-madrid-starka-leverantorsberedskapen\/\">Wind Europe 2026 Madrid: St\u00e4rka leverant\u00f6rsberedskapen<\/a>\r\n                <\/div>\r\n                                <div class=\"post_item\">\r\n                    <div class=\"post_item_top\">\r\n                                                <a class=\"post_item_img\" href=\"https:\/\/www.achilles.com\/sv\/branschinsikter\/bygga-ett-skalbart-hallbart-och-motstandskraftigt-natverk-for-datacenterbyggnation\/\">\r\n                            <img decoding=\"async\" src=\"https:\/\/www.achilles.com\/app\/uploads\/2026\/03\/Achilles-Google-Supply-Chain-Risk-banner.png\" alt=\"Bygga ett skalbart, h\u00e5llbart och motst\u00e5ndskraftigt n\u00e4tverk f\u00f6r datacenterbyggnation\">\r\n                        <\/a>\r\n                                                <ul class=\"post_item_categories\">\r\n                                                        <li>Branschinsikter<\/li>\r\n                                                        <li>Fallstudier<\/li>\r\n                                                    <\/ul>\r\n                    <\/div>\r\n                    <a class=\"post_item_name\" href=\"https:\/\/www.achilles.com\/sv\/branschinsikter\/bygga-ett-skalbart-hallbart-och-motstandskraftigt-natverk-for-datacenterbyggnation\/\">Bygga ett skalbart, h\u00e5llbart och motst\u00e5ndskraftigt n\u00e4tverk f\u00f6r datacenterbyggnation<\/a>\r\n                <\/div>\r\n                                <div class=\"post_item\">\r\n                    <div class=\"post_item_top\">\r\n                                                <a class=\"post_item_img\" href=\"https:\/\/www.achilles.com\/sv\/branschinsikter\/hur-achilles-diro-forhindrar-bedragerier-med-leverantorsbetalningar-i-inkopsverksamheten\/\">\r\n                            <img decoding=\"async\" src=\"https:\/\/www.achilles.com\/app\/uploads\/2025\/10\/AdobeStock_1695299505.jpeg\" alt=\"Hur Achilles + DIRO f\u00f6rhindrar bedr\u00e4gerier med leverant\u00f6rsbetalningar i ink\u00f6psverksamheten\">\r\n                        <\/a>\r\n                                                <ul class=\"post_item_categories\">\r\n                                                        <li>Branschinsikter<\/li>\r\n                                                        <li>Produktuppdateringar<\/li>\r\n                                                    <\/ul>\r\n                    <\/div>\r\n                    <a class=\"post_item_name\" href=\"https:\/\/www.achilles.com\/sv\/branschinsikter\/hur-achilles-diro-forhindrar-bedragerier-med-leverantorsbetalningar-i-inkopsverksamheten\/\">Hur Achilles + DIRO f\u00f6rhindrar bedr\u00e4gerier med leverant\u00f6rsbetalningar i ink\u00f6psverksamheten<\/a>\r\n                <\/div>\r\n                            <\/div>\r\n                    <\/div>\r\n    <\/div>\r\n","protected":false},"excerpt":{"rendered":"","protected":false},"featured_media":0,"template":"","class_list":["post-31841","product","type-product","status-publish","hentry"],"acf":[],"_links":{"self":[{"href":"https:\/\/www.achilles.com\/sv\/wp-json\/wp\/v2\/product\/31841","targetHints":{"allow":["GET"]}}],"collection":[{"href":"https:\/\/www.achilles.com\/sv\/wp-json\/wp\/v2\/product"}],"about":[{"href":"https:\/\/www.achilles.com\/sv\/wp-json\/wp\/v2\/types\/product"}],"wp:attachment":[{"href":"https:\/\/www.achilles.com\/sv\/wp-json\/wp\/v2\/media?parent=31841"}],"curies":[{"name":"wp","href":"https:\/\/api.w.org\/{rel}","templated":true}]}}