{"id":2570,"date":"2023-05-14T15:56:19","date_gmt":"2023-05-14T12:56:19","guid":{"rendered":"https:\/\/uat.achilles.com\/product\/financial-risk\/"},"modified":"2023-08-06T23:27:41","modified_gmt":"2023-08-06T20:27:41","slug":"products-financial-risk","status":"publish","type":"product","link":"https:\/\/www.achilles.com\/sv\/product\/finansiell-risk\/","title":{"rendered":"Finansiell risk i leverant\u00f6rskedjor"},"content":{"rendered":"    <div class=\"top_section\">\n        <div class=\"container\">\n            <div class=\"top_info half\">\n                                    <h1 class=\"top_title\">Finansiell risk i leverant\u00f6rskedjor<\/h1>\n                                    <div class=\"top_text\">\n                        <p>Verksamhetens framg\u00e5ng vilar p\u00e5 leverant\u00f6rernas l\u00f6nsamhet och ekonomiska stabilitet. Det \u00e4r viktigt att ha full insyn i leverant\u00f6rernas finansiella risk i hela leverant\u00f6rskedjan.<\/p>\n                    <\/div>\n                            <\/div>\n        <\/div>\n        <div class=\"top_media\">\n\t\t\t            <img decoding=\"async\" src=\"https:\/\/www.achilles.com\/app\/uploads\/2023\/05\/top_financial.jpg\" alt=\"\">\n                    <\/div>\n    <\/div>\n\n\n    <div class=\"content_section\">\r\n        <div class=\"container\">\r\n            <div class=\"services_wrap\">\r\n                                <div class=\"services_left\">\r\n                                        <p class=\"title_category\">INSIKTSSTYRD<\/p>\r\n                                        <h2 class=\"title_section\">Sluta spekulera om finansiell risk<\/h2>\r\n                                        <a class=\"link\" href=\"https:\/\/uat.achilles.com\/#Back\">Back to all products<\/a>\r\n                                    <\/div>\r\n                                <div class=\"services_right\">\r\n                    <div class=\"typical_text\">\r\n                        <p>Vi ger ink\u00f6pare den \u00f6versikt de beh\u00f6ver f\u00f6r att uppt\u00e4cka potentiella problem, skapa beredskapsplaner och undvika kostsamma st\u00f6rningar.<\/p>\n<p>Effektiv riskhantering \u00e4r om\u00f6jlig utan tydlig insyn i leverant\u00f6rskedjan. Uppgifterna vi samlar in och verifierar ger en fullst\u00e4ndig bild.<\/p>\n<p>Vi samlar in finansiella uppgifter fr\u00e5n era leverant\u00f6rer och g\u00f6r det enkelt f\u00f6r er att hantera allt fr\u00e5n en och samma plats. V\u00e5ra expertteam verifierar uppgifterna, f\u00f6renklar hanteringen av finansiell risk och hj\u00e4lper er att skapa starkare och effektivare leverant\u00f6rskedjor.<\/p>\n                    <\/div>\r\n                <\/div>\r\n                            <\/div>\r\n        <\/div>\r\n    <\/div>\r\n\n\n     <div class=\"stats_full\">\r\n        <div class=\"stats_bg\">\r\n                    <\/div>\r\n        <div class=\"container\">\r\n            <div class=\"stats_center\">\r\n                <div class=\"corner corner_top_left\"><\/div>\r\n                <div class=\"corner corner_top_right\"><\/div>\r\n                <div class=\"corner corner_bottom_left\"><\/div>\r\n                <div class=\"corner corner_bottom_right\"><\/div>\r\n                <div class=\"stats_center_item\">\r\n                                        <div class=\"stats_anim\">\r\n                        <div class=\"stats_center_number stats_anim_item\" data-total=\"62\">\r\n                            <span class=\"stats_anim_total\">0<\/span>%                        <\/div>\r\n                    <\/div>\r\n                                        <p class=\"stats_center_text large_text\">f\u00f6retag har fallit offer f\u00f6r falska fakturor i Storbritannien<\/p>\r\n                                        <p class=\"stats_center_cop large_text\">Action Fraud &#8211; 2018<\/p>\r\n                                    <\/div>\r\n            <\/div>\r\n        <\/div>\r\n    <\/div>\r\n\n\n    <div class=\"content_section\">\r\n        <div class=\"container\">\r\n            <div class=\"services_wrap\">\r\n                                <div class=\"services_left\">\r\n                                        <p class=\"title_category\">F\u00d6RDELAR<\/p>\r\n                                        <h2 class=\"title_section\">H\u00f6jer standarder inom finansiell risk<\/h2>\r\n                                        <div class=\"typical_text\">\r\n                        <p>Vi hj\u00e4lper er att f\u00e5 en b\u00e4ttre bild av finansiell risk och aff\u00e4rskontinuitet i leverant\u00f6rskedjan<\/p>\n                    <\/div>\r\n                                    <\/div>\r\n                            <\/div>\r\n        <\/div>\r\n    <\/div>\r\n\n\n            <div class=\"cta_section\">\r\n            <div class=\"cta_box_bg\">\r\n                                <img decoding=\"async\" src=\"https:\/\/www.achilles.com\/app\/uploads\/2023\/05\/cta_1.jpg\" alt=\"\">\r\n                            <\/div>\r\n                <div class=\"container\">\r\n                    <div class=\"cta_wrapper\">\r\n                        <div class=\"cta_info\">\r\n                                                        <h3 class=\"cta_box_name\">Se hur det fungerar<\/h3>\r\n                                                        <a class=\"btn btn_big\" href=\"https:\/\/uat.achilles.com\/#3\">Be om en demonstration<\/a>\r\n                                                    <\/div>\r\n                <\/div>\r\n            <\/div>\r\n        <\/div>\r\n    \n\n    <div class=\"content_section\">\r\n        <div class=\"container\">\r\n                        <div class=\"tools_description\">\r\n                                <p class=\"title_category\">FUNKTIONER<\/p>\r\n                                <h2 class=\"title_section\">S\u00e5 h\u00e4r fungerar det<\/h2>\r\n                                <div class=\"typical_text\">\r\n                    <p>V\u00e5ra tj\u00e4nster bidrar till att minska extern risk och f\u00f6rb\u00e4ttra regelefterlevnaden i alla stadier, fr\u00e5n upphandling och urval till kontinuerliga relationer.<\/p>\n                <\/div>\r\n                            <\/div>\r\n                    <\/div>\r\n    <\/div>\r\n\n\n    <div class=\"quote_section\">\r\n        <div class=\"quote_bg\">\r\n                        <img decoding=\"async\" src=\"https:\/\/www.achilles.com\/app\/uploads\/2023\/05\/quote_financial.jpg\" alt=\"\">\r\n                    <\/div>\r\n        <div class=\"container\">\r\n            <div class=\"quote_wrapper\">\r\n                <div class=\"quote_item\">\r\n                                        <div class=\"quote_item_text\">\r\n                        <p>\u00c4r era leverant\u00f6rer tillr\u00e4ckligt f\u00f6rberedda? V\u00e5ra granskningar hj\u00e4lper er och leverant\u00f6rerna att f\u00f6rst\u00e5 var riskerna finns.<\/p>\n                    <\/div>\r\n                                        <a href=\"https:\/\/uat.achilles.com\/#Read-more\" class=\"btn btn_big\">Mer information<\/a>\r\n                                    <\/div>\r\n            <\/div>\r\n        <\/div>\r\n    <\/div>\r\n\n\n    <div class=\"content_section bg_grey\">\n        <div class=\"container\">\n                        <div class=\"description_section full\">\n                                <p class=\"title_category\">PAKET<\/p>\n                                                <h2 class=\"title_section\">V\u00e4lj det paket som passar b\u00e4st<\/h2>\n                                            <\/div>\n            \n            \n                    <\/div>\n    <\/div>\n\n\n    <div class=\"request_section\">\r\n        <div class=\"contact_bg\">\r\n                        <img decoding=\"async\" src=\"https:\/\/www.achilles.com\/app\/uploads\/2023\/05\/contact_bg.jpg\" alt=\"\">\r\n                    <\/div>\r\n        <div class=\"container\">\r\n            <div class=\"request_inner\">\r\n                                <div class=\"request_wrapper\">\r\n                <h2 class=\"title_section\">Want to understand how we can help your business? <br>Request a call back from our team of experts<\/h2>\r\n                <\/div>\r\n                                <div class=\"request_box\">\r\n                                        <div class=\"typical_text\">\r\n                        <p>Fields marked with * are mandatory.<\/p>\r\n                    <\/div>\r\n                    <!--[if lte IE 8]>\r\n    <script charset=\"utf-8\" type=\"text\/javascript\" src=\"\/\/js.hsforms.net\/forms\/v2-legacy.js\"><\/script>\r\n    <![endif]-->\r\n    <script charset=\"utf-8\" type=\"text\/javascript\" src=\"\/\/js.hsforms.net\/forms\/v2.js\"><\/script>\r\n    <script>\r\n      hbspt.forms.create({\r\n        portalId: \"5387762\",\r\n        formId: \"a23cf73a-36bd-433c-a1d8-4acd8b05b928\"\r\n      })\r\n    <\/script>                <\/div>\r\n            <\/div>\r\n        <\/div>\r\n    <\/div>\r\n\r\n\n\n\r\n\r\n  <div class=\"resources_other content_section\">\r\n        <div class=\"container\">\r\n                        <h3 class=\"title_block\">Eftersom du \u00e4r intresserad av finansiell risk och aff\u00e4rskontinuitet:<\/h3>\r\n                        <div class=\"resources_wrap\">\r\n                                <a class=\"resource_item\" href=\"https:\/\/www.achilles.com\/sv\/industry-insights\/dags-att-minska-leverantorsrisk\/\">\r\n                                        <div class=\"resource_item_info\">\r\n                        <div class=\"resource_item_description\">\r\n                            <p class=\"resource_item_name\">Dags att minska leverant\u00f6rsrisk<\/p>\r\n                            <div class=\"typical_text\">\r\n                                <p>Att driva ett f\u00f6retag kan j\u00e4mf\u00f6ras med att jonglera. Verksamheten\u2026<\/p>\r\n                            <\/div>\r\n                        <\/div>\r\n                                                <div class=\"resource_item_categories\">\r\n                                                        <div class=\"resource_category\">\r\n                                                                <span class=\"resource_category_name\"><\/span>\r\n                            <\/div>\r\n                                                        <div class=\"resource_category\">\r\n                                                                <span class=\"resource_category_name\"><\/span>\r\n                            <\/div>\r\n                                                    <\/div>\r\n                                            <\/div>\r\n                <\/a>\r\n                                <a class=\"resource_item\" href=\"https:\/\/www.achilles.com\/sv\/branschinsikter\/caixabank-is-improving-suppliers-esg-credentials-using-achilles\/\">\r\n                                        <div class=\"resource_item_img\">\r\n                        <img decoding=\"async\" src=\"https:\/\/www.achilles.com\/app\/uploads\/2023\/07\/CaixaBank-green-scaled-1.jpg\" alt=\"CaixaBank f\u00f6rb\u00e4ttrar leverant\u00f6rernas ESG-referenser med hj\u00e4lp av Achilles\">\r\n                    <\/div>\r\n                                        <div class=\"resource_item_info\">\r\n                        <div class=\"resource_item_description\">\r\n                            <p class=\"resource_item_name\">CaixaBank f\u00f6rb\u00e4ttrar leverant\u00f6rernas ESG-referenser med hj\u00e4lp av Achilles<\/p>\r\n                            <div class=\"typical_text\">\r\n                                <p>CaixaBank, en av Spaniens st\u00f6rsta banker, samarbetar med Achilles f\u00f6r att f\u00f6rb\u00e4ttra ESG-kriterierna i sin leverant\u00f6rskedja.<\/p>\r\n                            <\/div>\r\n                        <\/div>\r\n                                                <div class=\"resource_item_categories\">\r\n                                                        <div class=\"resource_category\">\r\n                                                                <span class=\"resource_category_name\"><\/span>\r\n                            <\/div>\r\n                                                        <div class=\"resource_category\">\r\n                                                                <span class=\"resource_category_name\"><\/span>\r\n                            <\/div>\r\n                                                    <\/div>\r\n                                            <\/div>\r\n                <\/a>\r\n                            <\/div>\r\n        <\/div>\r\n    <\/div> \r\n","protected":false},"excerpt":{"rendered":"<p>We give you the oversight needed to spot potential issues, come up with contingency plans and ensure you never suffer any costly disruption.<\/p>\n","protected":false},"featured_media":0,"template":"","class_list":["post-2570","product","type-product","status-publish","hentry"],"acf":[],"_links":{"self":[{"href":"https:\/\/www.achilles.com\/sv\/wp-json\/wp\/v2\/product\/2570","targetHints":{"allow":["GET"]}}],"collection":[{"href":"https:\/\/www.achilles.com\/sv\/wp-json\/wp\/v2\/product"}],"about":[{"href":"https:\/\/www.achilles.com\/sv\/wp-json\/wp\/v2\/types\/product"}],"wp:attachment":[{"href":"https:\/\/www.achilles.com\/sv\/wp-json\/wp\/v2\/media?parent=2570"}],"curies":[{"name":"wp","href":"https:\/\/api.w.org\/{rel}","templated":true}]}}