{"id":19407,"date":"2023-06-09T13:20:51","date_gmt":"2023-06-09T10:20:51","guid":{"rendered":"https:\/\/uat.achilles.com\/product\/responsible-sourcing\/"},"modified":"2023-08-07T01:00:59","modified_gmt":"2023-08-06T22:00:59","slug":"responsible-sourcing","status":"publish","type":"product","link":"https:\/\/www.achilles.com\/sv\/product\/ansvarsfulla-inkop\/","title":{"rendered":"Ansvarsfulla ink\u00f6p"},"content":{"rendered":"    <div class=\"top_section\">\n        <div class=\"container\">\n            <div class=\"top_info half\">\n                                    <h1 class=\"top_title\">Ansvarsfulla ink\u00f6p<\/h1>\n                                    <div class=\"top_text\">\n                        <p>H\u00e4nsyn till sociala och etiska faktorer samt milj\u00f6aspekter n\u00e4r vi v\u00e4ljer och hanterar leverant\u00f6rer f\u00f6rst\u00e4rker leverant\u00f6rskedjans m\u00f6jlighet att skapa stora f\u00f6r\u00e4ndringar.<\/p>\n                    <\/div>\n                            <\/div>\n        <\/div>\n        <div class=\"top_media\">\n\t\t\t        <\/div>\n    <\/div>\n\n\n    <div class=\"content_section\">\r\n        <div class=\"container\">\r\n            <div class=\"services_wrap\">\r\n                                <div class=\"services_left\">\r\n                                        <p class=\"title_category\">INSIKTSSTYRD<\/p>\r\n                                        <h2 class=\"title_section\">Det \u00e4r tre g\u00e5nger mer sannolikt att certifierade leverant\u00f6rer f\u00f6ljer arbetsstandarder.<\/h2>\r\n                                        <a class=\"link\" href=\"https:\/\/uat.achilles.com\/#Back\">Back to all products<\/a>\r\n                                    <\/div>\r\n                                <div class=\"services_right\">\r\n                    <div class=\"typical_text\">\r\n                        <p>Ansvarsfulla ink\u00f6p  \u00e4r inte  bara ett slagord.  Det \u00e4r  fundamentalt  f\u00f6r att  h\u00f6ja standarder i leverant\u00f6rskedjor och skapa goodwill. <\/p>\n<p>Lagstiftning fokuserar i allt st\u00f6rre utstr\u00e4ckning p\u00e5 att s\u00e4kerst\u00e4lla att etiska aff\u00e4rsmetoder  genomsyrar  hela branschen. Oavsett om det handlar om skyldighet att behandla arbetare r\u00e4ttvist, undvika oetisk mineralbrytning eller bromsa koldioxidutsl\u00e4pp \u00e4r trenden tydlig \u2013 det kan vara ett brott att inte str\u00e4va efter ansvarsfulla ink\u00f6p  i leverant\u00f6rskedjan.  Den internationella lagstiftningen st\u00e4ller upp omfattande krav p\u00e5 ansvar f\u00f6r \u00f6vertr\u00e4delser och regelbunden rapportering om allt fr\u00e5n nutida former av slaveri till konfliktmineraler i leverant\u00f6rskedjan. <\/p>\n<p>Men den lagstiftade b\u00f6rdan  f\u00f6r ansvarsfulla ink\u00f6p inneb\u00e4r en m\u00f6jlighet att skapa goodwill.  Finansmarknader  l\u00e4gger stor  vikt  p\u00e5 principerna f\u00f6r ansvarsfulla ink\u00f6p.  H\u00e5llbara indexfonder har  fyrdubblats sedan 2017 och utg\u00f6r nu 20 %.  \u00d6ver 40 fondb\u00f6rser kr\u00e4ver rapporter om ESG (milj\u00f6, samh\u00e4llsansvar och bolagsstyrning) .  <\/p>\n<p>Vi \u00e4r experter p\u00e5 att dra nytta av de finansiella, operativa och anseendem\u00e4ssiga f\u00f6rdelarna som finns i att arbeta med ansvarsfulla leverant\u00f6rskedjor.  V\u00e5rt fokus handlar inte bara om att hj\u00e4lpa f\u00f6retag att uppfylla sina rapporteringsskyldigheter utan vi bidrar \u00e4ven till \u00f6kad effektivitet, reducerad risk och minskade kostnader. F\u00f6retag skapar i allt st\u00f6rre utstr\u00e4ckning konkurrensf\u00f6rdelar genom att arbeta med verksamhetens inverkan p\u00e5 samh\u00e4llet, milj\u00f6n och  ekonomin.  Vi arbetar med globala leverant\u00f6rskedjor f\u00f6r att h\u00f6ja standarder inom \u00f6ver  30 omr\u00e5den f\u00f6r ansvarsfulla ink\u00f6p. Vi vet hur man uppn\u00e5r effektiv insyn i leverant\u00f6rskedjan inom alla omr\u00e5den fr\u00e5n s\u00e4kerhet till cyber. Vi g\u00f6r h\u00e5llbarhet enkelt och tillhandah\u00e5ller omfattande rapportering och insikter f\u00f6r att skapa fungerande aff\u00e4rsbeslut.<\/p>\n                    <\/div>\r\n                <\/div>\r\n                            <\/div>\r\n        <\/div>\r\n    <\/div>\r\n\n\n     <div class=\"stats_full\">\r\n        <div class=\"stats_bg\">\r\n                    <\/div>\r\n        <div class=\"container\">\r\n            <div class=\"stats_center\">\r\n                <div class=\"corner corner_top_left\"><\/div>\r\n                <div class=\"corner corner_top_right\"><\/div>\r\n                <div class=\"corner corner_bottom_left\"><\/div>\r\n                <div class=\"corner corner_bottom_right\"><\/div>\r\n                <div class=\"stats_center_item\">\r\n                                        <div class=\"stats_anim\">\r\n                        <div class=\"stats_center_number stats_anim_item\" data-total=\"11\">\r\n                            <span class=\"stats_anim_total\">0<\/span>%                        <\/div>\r\n                    <\/div>\r\n                                        <p class=\"stats_center_text large_text\">En studie av Chartered Institute of Purchasing and Supply visade att\r\nav f\u00f6retagsledare tror att det f\u00f6rekommer nutida former av slaveri i deras leverant\u00f6rskedja.<\/p>\r\n                                    <\/div>\r\n            <\/div>\r\n        <\/div>\r\n    <\/div>\r\n\n\n    <div class=\"content_section\">\r\n        <div class=\"container\">\r\n            <div class=\"services_wrap\">\r\n                                <div class=\"services_left\">\r\n                                        <p class=\"title_category\">F\u00d6RDELAR<\/p>\r\n                                        <h2 class=\"title_section\">H\u00f6jer standarder inom ansvarsfulla ink\u00f6p<\/h2>\r\n                                    <\/div>\r\n                                <div class=\"services_right\">\r\n                    <div class=\"services_list\">\r\n                                                <div class=\"service_box\">\r\n                                                        <p class=\"service_box_name\">\r\n                                <span class=\"service_box_check icon-Success\"><\/span>\r\n                                Hantering av cybers\u00e4kerhet                            <\/p>\r\n                                                        <div class=\"typical_text\">\r\n                                <p>Risker f\u00f6r\u00e4ndras och hantering av cybers\u00e4kerhet i leverant\u00f6rskedjor \u00e4r ett ytterst komplext och st\u00e4ndigt utvecklande problem.<\/p>\r\n                            <\/div>\r\n                                                    <\/div>\r\n                                                <div class=\"service_box\">\r\n                                                        <p class=\"service_box_name\">\r\n                                <span class=\"service_box_check icon-Success\"><\/span>\r\n                                H\u00e5llbar milj\u00f6                            <\/p>\r\n                                                        <div class=\"typical_text\">\r\n                                <p>H\u00e5llbar leverant\u00f6rshantering och kvalificering bidrar till att skapa en b\u00e4ttre framtid, inte bara f\u00f6r planeten utan \u00e4ven f\u00f6r m\u00e4nniskor och f\u00f6retag.<\/p>\r\n                            <\/div>\r\n                                                    <\/div>\r\n                                                <div class=\"service_box\">\r\n                                                        <p class=\"service_box_name\">\r\n                                <span class=\"service_box_check icon-Success\"><\/span>\r\n                                Etisk leverant\u00f6rshantering och kvalificering                            <\/p>\r\n                                                        <div class=\"typical_text\">\r\n                                <p>Risker f\u00f6rknippade med anseende, \u00e5tal, ekonomisk f\u00f6rlust och anst\u00e4lldas liv inneb\u00e4r att etiskt beteende \u00e4r en f\u00f6ruts\u00e4ttning f\u00f6r varje verksamhet.<\/p>\r\n                            <\/div>\r\n                                                    <\/div>\r\n                                                <div class=\"service_box\">\r\n                                                        <p class=\"service_box_name\">\r\n                                <span class=\"service_box_check icon-Success\"><\/span>\r\n                                H\u00e4lsa och s\u00e4kerhet                            <\/p>\r\n                                                        <div class=\"typical_text\">\r\n                                <p>S\u00e4kerhet i arbetsmilj\u00f6n p\u00e5verkar inte bara produkternas kvalitet utan \u00e5terspeglar \u00e4ven f\u00f6retagets kultur och v\u00e4rderingar.<\/p>\r\n                            <\/div>\r\n                                                    <\/div>\r\n                                            <\/div>\r\n                <\/div>\r\n                            <\/div>\r\n        <\/div>\r\n    <\/div>\r\n\n\n            <div class=\"cta_section\">\r\n            <div class=\"cta_box_bg\">\r\n                                <img decoding=\"async\" src=\"https:\/\/www.achilles.com\/app\/uploads\/2023\/05\/cta_1.jpg\" alt=\"\">\r\n                            <\/div>\r\n                <div class=\"container\">\r\n                    <div class=\"cta_wrapper\">\r\n                        <div class=\"cta_info\">\r\n                                                        <h3 class=\"cta_box_name\">Be en av v\u00e5ra experter ringa dig<\/h3>\r\n                                                        <a class=\"btn btn_big\" href=\"\/buyer-call-back\/\">Kontakta oss<\/a>\r\n                                                    <\/div>\r\n                <\/div>\r\n            <\/div>\r\n        <\/div>\r\n    \n\n    <div class=\"content_section\">\r\n        <div class=\"container\">\r\n                        <div class=\"tools_description\">\r\n                                <p class=\"title_category\">FUNKTIONER<\/p>\r\n                                <h2 class=\"title_section\">S\u00e5 h\u00e4r fungerar det<\/h2>\r\n                                <div class=\"typical_text\">\r\n                    <p>V\u00e5ra tj\u00e4nster bidrar till att minska extern risk och f\u00f6rb\u00e4ttra regelefterlevnaden i alla stadier, fr\u00e5n upphandling och urval till befintliga relationer.<\/p>\n                <\/div>\r\n                            <\/div>\r\n                        <div class=\"tools_wrap tabs_section\">\r\n                <div class=\"tools_tabs tabs_buttons\">\r\n                                        <div class=\"tools_btn tab_btn current\" data-tab=\"1\">\r\n                        <span>Kvalificeringsformul\u00e4r<\/span>\r\n                        <span class=\"tools_btn_arrow icon-Chevron-Right\"><\/span>\r\n                    <\/div>\r\n                                        <div class=\"tools_btn tab_btn\" data-tab=\"2\">\r\n                        <span>Program f\u00f6r koldioxidminskning<\/span>\r\n                        <span class=\"tools_btn_arrow icon-Chevron-Right\"><\/span>\r\n                    <\/div>\r\n                                        <div class=\"tools_btn tab_btn\" data-tab=\"3\">\r\n                        <span>Granskning av arbetsf\u00f6rh\u00e5llanden<\/span>\r\n                        <span class=\"tools_btn_arrow icon-Chevron-Right\"><\/span>\r\n                    <\/div>\r\n                                        <div class=\"tools_btn tab_btn\" data-tab=\"4\">\r\n                        <span>Konfliktmineraler<\/span>\r\n                        <span class=\"tools_btn_arrow icon-Chevron-Right\"><\/span>\r\n                    <\/div>\r\n                                    <\/div>\r\n                <div class=\"tools_content\">\r\n                                        <div class=\"tool_container tab_container tab_container_1 active\">\r\n                        <div class=\"typical_text\">\r\n                            <h6>Kvalificeringsformul\u00e4r<\/h6>\n<p>Vi samlar in och verifierar uppgifter om milj\u00f6 som en del i v\u00e5r kvalificeringsprocess. Detta ger ink\u00f6pare en mer fullst\u00e4ndig och korrekt bild av potentiella och nuvarande leverant\u00f6rers riskprofiler. Vi tar bort den os\u00e4kerhet som kan uppst\u00e5 n\u00e4r ni arbetar med nya f\u00f6retag och bidrar dessutom till att st\u00e4rka befintliga relationer. <\/p>\n                        <\/div>\r\n                                            <\/div>\r\n                                        <div class=\"tool_container tab_container tab_container_2\">\r\n                        <div class=\"typical_text\">\r\n                            <h6>Program f\u00f6r koldioxidminskning<\/h6>\n<p>V\u00e5rt program f\u00f6r koldioxidminskning, som sker i samarbete med Toit\u016b, \u00e4r en ledande global certifiering enligt ISO 14064-1.<\/p>\n<p>Vi ger f\u00f6retag m\u00f6jlighet att m\u00e4ta sitt koldioxidavtryck och utveckla effektiva strategier f\u00f6r att minska sina utsl\u00e4pp. Onlineplattformen registrerar och ber\u00e4knar koldioxidutsl\u00e4pp medan v\u00e5rt expertteam utf\u00f6r granskningar p\u00e5 plats. De anv\u00e4nder flera verktyg som hj\u00e4lper er att visa vilka framsteg ni g\u00f6r varje \u00e5r.<\/p>\n                        <\/div>\r\n                                            <\/div>\r\n                                        <div class=\"tool_container tab_container tab_container_3\">\r\n                        <div class=\"typical_text\">\r\n                            <h6>Granskning av arbetsf\u00f6rh\u00e5llanden<\/h6>\n<p>Vi hj\u00e4lper f\u00f6retag att s\u00e4kerst\u00e4lla att deras principer uppfylls i varje del av verksamheten. Vi tillhandah\u00e5ller full \u00f6versikt \u00f6ver leverant\u00f6rskedjan genom att intervjua arbetare p\u00e5 plats eller titta n\u00e4rmare p\u00e5 ledningssystem. V\u00e5r granskning av arbetsf\u00f6rh\u00e5llanden ser till att leverant\u00f6rer inte har otrygga arbetsf\u00f6rh\u00e5llanden och inte utnyttjar m\u00e4nniskohandel eller nutida former av slaveri. Genom att anpassa v\u00e5ra tj\u00e4nster till olika branscher skyddar vi f\u00f6retag fr\u00e5n den skada som konfliktmineraler, mutor, korruption och oetiska normer medf\u00f6r.<\/p>\n                        <\/div>\r\n                                            <\/div>\r\n                                        <div class=\"tool_container tab_container tab_container_4\">\r\n                        <div class=\"typical_text\">\r\n                            <p>Milisgrupper \u00f6ver hela v\u00e4rlden har sedan l\u00e4nge anv\u00e4nt kontroll \u00f6ver gruvor och mineraler till att finansiera blodiga konflikter. F\u00f6retag f\u00f6rv\u00e4ntas i allt st\u00f6rre utstr\u00e4ckning garantera att material inte kommer fr\u00e5n komprometterade k\u00e4llor. Ju mer kontroversiell en fr\u00e5ga \u00e4r, desto st\u00f6rre skada p\u00e5 varum\u00e4rket. \u00c4ven om kopplingen \u00e4r minimal kan konsekvenserna bli stora om det visar sig att ni har m\u00f6jliggjort fortsatta v\u00e5ldsamma konflikter.<\/p>\n<p>V\u00e5r tj\u00e4nst ger tydliga och snabba resultat med mindre administrativ b\u00f6rda.<\/p>\n                        <\/div>\r\n                                            <\/div>\r\n                                    <\/div>\r\n            <\/div>\r\n                    <\/div>\r\n    <\/div>\r\n\n\n    <div class=\"quote_section\">\r\n        <div class=\"quote_bg\">\r\n                        <img decoding=\"async\" src=\"https:\/\/www.achilles.com\/app\/uploads\/2023\/05\/quote_financial.jpg\" alt=\"\">\r\n                    <\/div>\r\n        <div class=\"container\">\r\n            <div class=\"quote_wrapper\">\r\n                <div class=\"quote_item\">\r\n                                        <div class=\"quote_item_text\">\r\n                        <p>Leverant\u00f6rskedjan m\u00e5ste involveras. Som enskild organisation kan man uppn\u00e5 en hel del, men det \u00e4r f\u00f6rst n\u00e4r leverant\u00f6rskedjan involveras som man uppn\u00e5r betydande minskningar. Vi vill dessutom arbeta med ledande leverant\u00f6rer som granskar sig sj\u00e4lva.<\/p>\n                    <\/div>\r\n                                        <p class=\"quote_item_author\">David Riley, koldioxidansvarig, Anglian Water<\/p>\r\n                                        <a href=\"https:\/\/uat.achilles.com\/#Read-more\" class=\"btn btn_big\">L\u00e4s fallstudien<\/a>\r\n                                    <\/div>\r\n            <\/div>\r\n        <\/div>\r\n    <\/div>\r\n\n\n    <div class=\"content_section bg_grey\">\n        <div class=\"container\">\n                        <div class=\"description_section full\">\n                                <p class=\"title_category\">PAKET<\/p>\n                                                <h2 class=\"title_section\">V\u00e4lj det paket som passar b\u00e4st<\/h2>\n                                            <\/div>\n            \n                        <div class=\"packages_wrap\">\n                                <a class=\"package_box\" href=\"\/buyer-packages\/\">\n                                        <p class=\"package_box_name\">Garantera<\/p>\n                                                            <div class=\"typical_text\">\n                        <p>mer information om paketet<\/p>\n                    <\/div>\n                                    <\/a>\n                                <a class=\"package_box\" href=\"\/buyer-packages\/\">\n                                        <p class=\"package_box_name\">Professionell<\/p>\n                                                            <div class=\"typical_text\">\n                        <p>mer information om paketet<\/p>\n                    <\/div>\n                                    <\/a>\n                                <a class=\"package_box\" href=\"\/buyer-packages\/\">\n                                        <p class=\"package_box_name\">F\u00f6retag<\/p>\n                                                            <div class=\"typical_text\">\n                        <p>mer information om paketet<\/p>\n                    <\/div>\n                                    <\/a>\n                            <\/div>\n            \n                    <\/div>\n    <\/div>\n\n\n\r\n\r\n  <div class=\"resources_other content_section\">\r\n        <div class=\"container\">\r\n                        <h3 class=\"title_block\">Eftersom du \u00e4r intresserad av ansvarsfulla ink\u00f6p rekommenderar vi f\u00f6ljande blogginl\u00e4gg<\/h3>\r\n                        <div class=\"resources_wrap\">\r\n                                <a class=\"resource_item\" href=\"https:\/\/www.achilles.com\/sv\/branschinsikter\/bygga-ett-skalbart-hallbart-och-motstandskraftigt-natverk-for-datacenterbyggnation\/\">\r\n                                        <div class=\"resource_item_img\">\r\n                        <img decoding=\"async\" src=\"https:\/\/www.achilles.com\/app\/uploads\/2026\/03\/Achilles-Google-Supply-Chain-Risk-banner.png\" alt=\"Bygga ett skalbart, h\u00e5llbart och motst\u00e5ndskraftigt n\u00e4tverk f\u00f6r datacenterbyggnation\">\r\n                    <\/div>\r\n                                        <div class=\"resource_item_info\">\r\n                        <div class=\"resource_item_description\">\r\n                            <p class=\"resource_item_name\">Bygga ett skalbart, h\u00e5llbart och motst\u00e5ndskraftigt n\u00e4tverk f\u00f6r datacenterbyggnation<\/p>\r\n                            <div class=\"typical_text\">\r\n                                <p>Googles Data Center Construction Program-team anv\u00e4nder Achilles f\u00f6r att skala\u2026<\/p>\r\n                            <\/div>\r\n                        <\/div>\r\n                                                <div class=\"resource_item_categories\">\r\n                                                        <div class=\"resource_category\">\r\n                                                                <span class=\"resource_category_name\"><\/span>\r\n                            <\/div>\r\n                                                        <div class=\"resource_category\">\r\n                                                                <span class=\"resource_category_name\"><\/span>\r\n                            <\/div>\r\n                                                    <\/div>\r\n                                            <\/div>\r\n                <\/a>\r\n                                <a class=\"resource_item\" href=\"https:\/\/www.achilles.com\/sv\/branschinsikter\/hur-achilles-diro-forhindrar-bedragerier-med-leverantorsbetalningar-i-inkopsverksamheten\/\">\r\n                                        <div class=\"resource_item_img\">\r\n                        <img decoding=\"async\" src=\"https:\/\/www.achilles.com\/app\/uploads\/2025\/10\/AdobeStock_1695299505.jpeg\" alt=\"Hur Achilles + DIRO f\u00f6rhindrar bedr\u00e4gerier med leverant\u00f6rsbetalningar i ink\u00f6psverksamheten\">\r\n                    <\/div>\r\n                                        <div class=\"resource_item_info\">\r\n                        <div class=\"resource_item_description\">\r\n                            <p class=\"resource_item_name\">Hur Achilles + DIRO f\u00f6rhindrar bedr\u00e4gerier med leverant\u00f6rsbetalningar i ink\u00f6psverksamheten<\/p>\r\n                            <div class=\"typical_text\">\r\n                                <p>Achilles har lagt till DIRO:s teknik f\u00f6r verifiering av bankkonton\u2026<\/p>\r\n                            <\/div>\r\n                        <\/div>\r\n                                                <div class=\"resource_item_categories\">\r\n                                                        <div class=\"resource_category\">\r\n                                                                <span class=\"resource_category_name\"><\/span>\r\n                            <\/div>\r\n                                                        <div class=\"resource_category\">\r\n                                                                <span class=\"resource_category_name\"><\/span>\r\n                            <\/div>\r\n                                                    <\/div>\r\n                                            <\/div>\r\n                <\/a>\r\n                            <\/div>\r\n        <\/div>\r\n    <\/div> \r\n","protected":false},"excerpt":{"rendered":"<p>As more organisations adopt responsible sourcing practices, key to their success is applying those principles across the supply chain. We bring together buyers and suppliers who want to measure, assess, prove and improve their sourcing credentials.<\/p>\n","protected":false},"featured_media":0,"template":"","class_list":["post-19407","product","type-product","status-publish","hentry"],"acf":[],"_links":{"self":[{"href":"https:\/\/www.achilles.com\/sv\/wp-json\/wp\/v2\/product\/19407","targetHints":{"allow":["GET"]}}],"collection":[{"href":"https:\/\/www.achilles.com\/sv\/wp-json\/wp\/v2\/product"}],"about":[{"href":"https:\/\/www.achilles.com\/sv\/wp-json\/wp\/v2\/types\/product"}],"wp:attachment":[{"href":"https:\/\/www.achilles.com\/sv\/wp-json\/wp\/v2\/media?parent=19407"}],"curies":[{"name":"wp","href":"https:\/\/api.w.org\/{rel}","templated":true}]}}