{"id":19401,"date":"2023-06-07T09:02:14","date_gmt":"2023-06-07T06:02:14","guid":{"rendered":"https:\/\/uat.achilles.com\/product\/health-and-safety\/"},"modified":"2023-08-07T00:19:31","modified_gmt":"2023-08-06T21:19:31","slug":"health-and-safety","status":"publish","type":"product","link":"https:\/\/www.achilles.com\/sv\/product\/halsa-sakerhet-och-kvalitet\/","title":{"rendered":"H\u00e4lsa och s\u00e4kerhet i leverant\u00f6rskedjor"},"content":{"rendered":"    <div class=\"top_section\">\n        <div class=\"container\">\n            <div class=\"top_info half\">\n                                    <h1 class=\"top_title\">H\u00e4lsa och s\u00e4kerhet i leverant\u00f6rskedjor<\/h1>\n                                    <div class=\"top_text\">\n                        <p>S\u00e4kerhet i arbetsmilj\u00f6n p\u00e5verkar inte bara produkternas kvalitet utan \u00e5terspeglar \u00e4ven f\u00f6retagets kultur och v\u00e4rderingar.<\/p>\n                    <\/div>\n                            <\/div>\n        <\/div>\n        <div class=\"top_media\">\n\t\t\t            <img decoding=\"async\" src=\"https:\/\/www.achilles.com\/app\/uploads\/2023\/06\/health-and-safety-image.jpg\" alt=\"yello hard hats hanging on the side of a shipping container\">\n                    <\/div>\n    <\/div>\n\n\n    <div class=\"content_section\">\r\n        <div class=\"container\">\r\n            <div class=\"services_wrap\">\r\n                                <div class=\"services_left\">\r\n                                        <p class=\"title_category\">INSIKTSSTYRD<\/p>\r\n                                        <h2 class=\"title_section\">Hj\u00e4lper f\u00f6retag att arbeta med integritet<\/h2>\r\n                                        <a class=\"link\" href=\"https:\/\/uat.achilles.com\/#Back\">Back to all products<\/a>\r\n                                    <\/div>\r\n                                <div class=\"services_right\">\r\n                    <div class=\"typical_text\">\r\n                        <p>Arbetsf\u00f6rh\u00e5llanden som inte \u00e4r s\u00e4kra kan leda till st\u00f6rningar i hela leverant\u00f6rskedjan.<\/p>\n<p>Vi hj\u00e4lper er att minska risken f\u00f6r att skador och olyckor intr\u00e4ffar p\u00e5 arbetsplatsen samt att f\u00f6rebygga skadade anseenden och att se till att regler efterlevs oavsett var ni \u00e4r verksamma.<\/p>\n<p>V\u00e5r bransch\u00f6verstigande och globala expertis fungerar som extra kontroll\u00e5tg\u00e4rder, s\u00e5 att ni aldrig missar n\u00e5got. Vi arbetar d\u00e4r ni beh\u00f6ver oss och tillhandah\u00e5ller alltid samma h\u00f6ga kvalitetsniv\u00e5 i enlighet med internationella standarder som ISO9001 s\u00e5v\u00e4l som v\u00e5ra egna protokoll och branschstandarder. V\u00e5ra produkter inom h\u00e4lsa, s\u00e4kerhet och kvalitet t\u00e4cker  olika omr\u00e5den som omfattar skriftliga program, incidenter och skador. Genom att arbeta med viktiga ink\u00f6ps- och branschorganisationer kan vi tillhandah\u00e5lla r\u00e4tt fr\u00e5gor och riskmodeller f\u00f6r er leverant\u00f6rskedja.<\/p>\n                    <\/div>\r\n                <\/div>\r\n                            <\/div>\r\n        <\/div>\r\n    <\/div>\r\n\n\n     <div class=\"stats_full\">\r\n        <div class=\"stats_bg\">\r\n                        <img decoding=\"async\" src=\"https:\/\/www.achilles.com\/app\/uploads\/2023\/06\/Sustainability-Webinar-scaled-1-1.jpg\" alt=\"\">\r\n                    <\/div>\r\n        <div class=\"container\">\r\n            <div class=\"stats_center\">\r\n                <div class=\"corner corner_top_left\"><\/div>\r\n                <div class=\"corner corner_top_right\"><\/div>\r\n                <div class=\"corner corner_bottom_left\"><\/div>\r\n                <div class=\"corner corner_bottom_right\"><\/div>\r\n                <div class=\"stats_center_item\">\r\n                                        <div class=\"stats_anim\">\r\n                        <div class=\"stats_center_number stats_anim_item\" data-total=\"38.8\">\r\n                            <span class=\"stats_anim_total\">0<\/span>million                        <\/div>\r\n                    <\/div>\r\n                                        <p class=\"stats_center_text large_text\">I Storbritannien f\u00f6rlorades\r\narbetsdagar under 2019 p\u00e5 grund av skador och sjukdomar orsakade p\u00e5 jobbet.<\/p>\r\n                                        <p class=\"stats_center_cop large_text\">Health and Safety Executive &#8211; 2018<\/p>\r\n                                    <\/div>\r\n            <\/div>\r\n        <\/div>\r\n    <\/div>\r\n\n\n    <div class=\"content_section\">\r\n        <div class=\"container\">\r\n            <div class=\"services_wrap\">\r\n                                <div class=\"services_left\">\r\n                                        <p class=\"title_category\">F\u00d6RDELAR<\/p>\r\n                                        <h2 class=\"title_section\">H\u00f6jer standarder inom h\u00e4lsa, s\u00e4kerhet och kvalitet<\/h2>\r\n                                    <\/div>\r\n                            <\/div>\r\n        <\/div>\r\n    <\/div>\r\n\n\n            <div class=\"cta_section\">\r\n            <div class=\"cta_box_bg\">\r\n                                <img decoding=\"async\" src=\"https:\/\/www.achilles.com\/app\/uploads\/2023\/05\/cta_1.jpg\" alt=\"\">\r\n                            <\/div>\r\n                <div class=\"container\">\r\n                    <div class=\"cta_wrapper\">\r\n                        <div class=\"cta_info\">\r\n                                                        <h3 class=\"cta_box_name\">Se hur det fungerar<\/h3>\r\n                                                        <a class=\"btn btn_big\" href=\"https:\/\/uat.achilles.com\/#3\">Be om en demonstration<\/a>\r\n                                                    <\/div>\r\n                <\/div>\r\n            <\/div>\r\n        <\/div>\r\n    \n\n    <div class=\"content_section\">\r\n        <div class=\"container\">\r\n                        <div class=\"tools_description\">\r\n                                <p class=\"title_category\">FUNKTIONER<\/p>\r\n                                <h2 class=\"title_section\">S\u00e5 h\u00e4r fungerar det<\/h2>\r\n                                <div class=\"typical_text\">\r\n                    <p>V\u00e5ra tj\u00e4nster bidrar till att minska extern risk och f\u00f6rb\u00e4ttra regelefterlevnaden i alla stadier, fr\u00e5n upphandling och urval till befintliga relationer.<\/p>\n                <\/div>\r\n                            <\/div>\r\n                    <\/div>\r\n    <\/div>\r\n\n\n    <div class=\"quote_section\">\r\n        <div class=\"quote_bg\">\r\n                        <img decoding=\"async\" src=\"https:\/\/www.achilles.com\/app\/uploads\/2023\/06\/anti-bribery-blog-post.jpg\" alt=\"\">\r\n                    <\/div>\r\n        <div class=\"container\">\r\n            <div class=\"quote_wrapper\">\r\n                <div class=\"quote_item full center\">\r\n                                        <div class=\"quote_item_text\">\r\n                        <p>Genom sitt arbete med att f\u00f6rb\u00e4ttra arbetsstyrkan har Roofline inte bara st\u00e4rkt sitt rykte som entreprenadf\u00f6retag utan \u00e4ven investerat i sina medarbetares framtid.<\/p>\n                    <\/div>\r\n                                        <p class=\"quote_item_author\">Roofline-koncernen<\/p>\r\n                                        <a href=\"https:\/\/uat.achilles.com\/#Read-more\" class=\"btn btn_big\">Mer information<\/a>\r\n                                    <\/div>\r\n            <\/div>\r\n        <\/div>\r\n    <\/div>\r\n\n\n    <div class=\"content_section bg_grey\">\n        <div class=\"container\">\n                        <div class=\"description_section full\">\n                                <p class=\"title_category\">PAKET<\/p>\n                                                <h2 class=\"title_section\">V\u00e4lj det paket som passar b\u00e4st<\/h2>\n                                            <\/div>\n            \n            \n                    <\/div>\n    <\/div>\n\n\n    <div class=\"request_section\">\r\n        <div class=\"contact_bg\">\r\n                        <img decoding=\"async\" src=\"https:\/\/www.achilles.com\/app\/uploads\/2023\/05\/contact_bg.jpg\" alt=\"\">\r\n                    <\/div>\r\n        <div class=\"container\">\r\n            <div class=\"request_inner\">\r\n                                <div class=\"request_wrapper\">\r\n                <h2 class=\"title_section\">Request a call back from our team of experts<\/h2>\r\n                <\/div>\r\n                                <div class=\"request_box\">\r\n                                        <div class=\"typical_text\">\r\n                        <p>Fields marked with * are mandatory.<\/p>\r\n                    <\/div>\r\n                    <!--[if lte IE 8]>\r\n    <script charset=\"utf-8\" type=\"text\/javascript\" src=\"\/\/js.hsforms.net\/forms\/v2-legacy.js\"><\/script>\r\n    <![endif]-->\r\n    <script charset=\"utf-8\" type=\"text\/javascript\" src=\"\/\/js.hsforms.net\/forms\/v2.js\"><\/script>\r\n    <script>\r\n      hbspt.forms.create({\r\n        portalId: \"5387762\",\r\n        formId: \"a23cf73a-36bd-433c-a1d8-4acd8b05b928\"\r\n      })\r\n    <\/script>                <\/div>\r\n            <\/div>\r\n        <\/div>\r\n    <\/div>\r\n\r\n\n\n\r\n\r\n  <div class=\"resources_other content_section\">\r\n        <div class=\"container\">\r\n                        <h3 class=\"title_block\">Eftersom du \u00e4r intresserad av h\u00e4lsa, s\u00e4kerhet och kvalitet:<\/h3>\r\n                        <div class=\"resources_wrap\">\r\n                                <a class=\"resource_item\" href=\"https:\/\/www.achilles.com\/sv\/industry-insights\/vem-befinner-sig-pa-bygget-hantering-av-arbetskraftsrisk-och-sakerhet\/\">\r\n                                        <div class=\"resource_item_img\">\r\n                        <img decoding=\"async\" src=\"https:\/\/www.achilles.com\/app\/uploads\/2023\/07\/Biometric.jpg\" alt=\"Vem befinner sig p\u00e5 bygget?  Hantering av arbetskraftsrisk och s\u00e4kerhet\">\r\n                    <\/div>\r\n                                        <div class=\"resource_item_info\">\r\n                        <div class=\"resource_item_description\">\r\n                            <p class=\"resource_item_name\">Vem befinner sig p\u00e5 bygget?  Hantering av arbetskraftsrisk och s\u00e4kerhet<\/p>\r\n                            <div class=\"typical_text\">\r\n                                <p>Arbetarna p\u00e5 bygget fyller en viktig funktion f\u00f6r att projekt\u2026<\/p>\r\n                            <\/div>\r\n                        <\/div>\r\n                                                <div class=\"resource_item_categories\">\r\n                                                        <div class=\"resource_category\">\r\n                                                                <span class=\"resource_category_name\"><\/span>\r\n                            <\/div>\r\n                                                        <div class=\"resource_category\">\r\n                                                                <span class=\"resource_category_name\"><\/span>\r\n                            <\/div>\r\n                                                    <\/div>\r\n                                            <\/div>\r\n                <\/a>\r\n                                <a class=\"resource_item\" href=\"https:\/\/www.achilles.com\/sv\/industry-insights\/fyra-atgarder-for-att-hantera-risk-i-leverantorskedjan\/\">\r\n                                        <div class=\"resource_item_img\">\r\n                        <img decoding=\"async\" src=\"https:\/\/www.achilles.com\/app\/uploads\/2024\/08\/Supply-Chain-Risk-Heatmap-3.png\" alt=\"Fyra \u00e5tg\u00e4rder f\u00f6r att hantera risk i leverant\u00f6rskedjan\">\r\n                    <\/div>\r\n                                        <div class=\"resource_item_info\">\r\n                        <div class=\"resource_item_description\">\r\n                            <p class=\"resource_item_name\">Fyra \u00e5tg\u00e4rder f\u00f6r att hantera risk i leverant\u00f6rskedjan<\/p>\r\n                            <div class=\"typical_text\">\r\n                                <p>Covid-19 har haft enorma konsekvenser p\u00e5 risk i leverant\u00f6rskedjor vad\u2026<\/p>\r\n                            <\/div>\r\n                        <\/div>\r\n                                                <div class=\"resource_item_categories\">\r\n                                                        <div class=\"resource_category\">\r\n                                                                <span class=\"resource_category_name\"><\/span>\r\n                            <\/div>\r\n                                                        <div class=\"resource_category\">\r\n                                                                <span class=\"resource_category_name\"><\/span>\r\n                            <\/div>\r\n                                                    <\/div>\r\n                                            <\/div>\r\n                <\/a>\r\n                            <\/div>\r\n        <\/div>\r\n    <\/div> \r\n\n\n\n<p><\/p>\n","protected":false},"excerpt":{"rendered":"<p>The safety of your working environment doesn\u2019t just affect the quality of your outputs, it is a direct reflection of your company\u2019s culture and values.<\/p>\n","protected":false},"featured_media":0,"template":"","class_list":["post-19401","product","type-product","status-publish","hentry"],"acf":[],"_links":{"self":[{"href":"https:\/\/www.achilles.com\/sv\/wp-json\/wp\/v2\/product\/19401","targetHints":{"allow":["GET"]}}],"collection":[{"href":"https:\/\/www.achilles.com\/sv\/wp-json\/wp\/v2\/product"}],"about":[{"href":"https:\/\/www.achilles.com\/sv\/wp-json\/wp\/v2\/types\/product"}],"wp:attachment":[{"href":"https:\/\/www.achilles.com\/sv\/wp-json\/wp\/v2\/media?parent=19401"}],"curies":[{"name":"wp","href":"https:\/\/api.w.org\/{rel}","templated":true}]}}