{"id":19395,"date":"2023-06-06T17:35:02","date_gmt":"2023-06-06T14:35:02","guid":{"rendered":"https:\/\/uat.achilles.com\/product\/ethical-supply-chain-management\/"},"modified":"2023-08-06T22:24:09","modified_gmt":"2023-08-06T19:24:09","slug":"ethical-supply-chain-management","status":"publish","type":"product","link":"https:\/\/www.achilles.com\/sv\/product\/affarsetik\/","title":{"rendered":"Etisk leverant\u00f6rshantering och kvalificering"},"content":{"rendered":"    <div class=\"top_section\">\n        <div class=\"container\">\n            <div class=\"top_info half\">\n                                    <h1 class=\"top_title\">Etisk leverant\u00f6rshantering och kvalificering<\/h1>\n                                    <div class=\"top_text\">\n                        <p>Risker f\u00f6rknippade med anseende, \u00e5tal, ekonomisk f\u00f6rlust och anst\u00e4lldas liv inneb\u00e4r att etiskt beteende \u00e4r en f\u00f6ruts\u00e4ttning f\u00f6r varje verksamhet.<\/p>\n                    <\/div>\n                            <\/div>\n        <\/div>\n        <div class=\"top_media\">\n\t\t\t            <img decoding=\"async\" src=\"https:\/\/www.achilles.com\/app\/uploads\/2023\/06\/1.jpg\" alt=\"\">\n                    <\/div>\n    <\/div>\n\n\n    <div class=\"content_section\">\r\n        <div class=\"container\">\r\n            <div class=\"services_wrap\">\r\n                                <div class=\"services_left\">\r\n                                        <p class=\"title_category\">INSIKTSSTYRD<\/p>\r\n                                        <h2 class=\"title_section\">Hj\u00e4lper f\u00f6retag att arbeta med integritet<\/h2>\r\n                                        <a class=\"link\" href=\"https:\/\/uat.achilles.com\/#Back\">Back to all products<\/a>\r\n                                    <\/div>\r\n                                <div class=\"services_right\">\r\n                    <div class=\"typical_text\">\r\n                        <p>Globala organisationer f\u00f6rv\u00e4ntas alltid agera s\u00e4kert och ansvarsfullt. De som inte har full insyn i sin verksamhet riskerar att hamna p\u00e5 fel sida om kunder, lagstiftare och allm\u00e4nheten.<\/p>\n<p>Vi hj\u00e4lper f\u00f6retag att se till att deras leverant\u00f6rer f\u00f6ljer internationell lag och b\u00e4sta praxis och att alla som arbetar med deras projekt \u00e4r skyddade.<\/p>\n<p>Uppgifterna vi ger till f\u00f6retag begr\u00e4nsar risken f\u00f6r st\u00f6rningar i leverant\u00f6rskedjan, skadat anseende och allvarliga olyckor eller skador p\u00e5 arbetsplatser. Vi \u00e4r globala experter med erfarenhet och kunskap fr\u00e5n flera branscher. Vi hj\u00e4lper er att inf\u00f6rliva era v\u00e4rderingar vid ink\u00f6p, upphandling och leverant\u00f6rshantering samt kvalificering.<\/p>\n                    <\/div>\r\n                <\/div>\r\n                            <\/div>\r\n        <\/div>\r\n    <\/div>\r\n\n\n     <div class=\"stats_full\">\r\n        <div class=\"stats_bg\">\r\n                        <img decoding=\"async\" src=\"https:\/\/www.achilles.com\/app\/uploads\/2023\/06\/Sustainability-Webinar-scaled-1.jpg\" alt=\"\">\r\n                    <\/div>\r\n        <div class=\"container\">\r\n            <div class=\"stats_center\">\r\n                <div class=\"corner corner_top_left\"><\/div>\r\n                <div class=\"corner corner_top_right\"><\/div>\r\n                <div class=\"corner corner_bottom_left\"><\/div>\r\n                <div class=\"corner corner_bottom_right\"><\/div>\r\n                <div class=\"stats_center_item\">\r\n                                        <div class=\"stats_anim\">\r\n                        <div class=\"stats_center_number stats_anim_item\" data-total=\"46\">\r\n                            <span class=\"stats_anim_total\">0<\/span>million                        <\/div>\r\n                    <\/div>\r\n                                        <p class=\"stats_center_text large_text\">Uppskattningsvis\r\nm\u00e4n, kvinnor och barn f\u00f6ll offer f\u00f6r nutida former av slaveri varje dag under 2016<\/p>\r\n                                        <p class=\"stats_center_cop large_text\">Global Slavery Index<\/p>\r\n                                    <\/div>\r\n            <\/div>\r\n        <\/div>\r\n    <\/div>\r\n\n\n    <div class=\"content_section\">\r\n        <div class=\"container\">\r\n            <div class=\"services_wrap\">\r\n                                <div class=\"services_left\">\r\n                                        <p class=\"title_category\">F\u00d6RDELAR<\/p>\r\n                                        <h2 class=\"title_section\">H\u00f6jer standarder inom aff\u00e4rsetik<\/h2>\r\n                                        <div class=\"typical_text\">\r\n                        <p>Hj\u00e4lper till med etisk leverant\u00f6rshantering och kvalificering.<\/p>\n                    <\/div>\r\n                                    <\/div>\r\n                            <\/div>\r\n        <\/div>\r\n    <\/div>\r\n\n\n            <div class=\"cta_section\">\r\n            <div class=\"cta_box_bg\">\r\n                                <img decoding=\"async\" src=\"https:\/\/www.achilles.com\/app\/uploads\/2023\/05\/cta_1.jpg\" alt=\"\">\r\n                            <\/div>\r\n                <div class=\"container\">\r\n                    <div class=\"cta_wrapper\">\r\n                        <div class=\"cta_info\">\r\n                                                        <h3 class=\"cta_box_name\">Se hur det fungerar<\/h3>\r\n                                                        <a class=\"btn btn_big\" href=\"https:\/\/uat.achilles.com\/#3\">Be om en demonstration<\/a>\r\n                                                    <\/div>\r\n                <\/div>\r\n            <\/div>\r\n        <\/div>\r\n    \n\n    <div class=\"content_section\">\r\n        <div class=\"container\">\r\n                        <div class=\"tools_description\">\r\n                                <p class=\"title_category\">FUNKTIONER<\/p>\r\n                                <h2 class=\"title_section\">S\u00e5 h\u00e4r fungerar det<\/h2>\r\n                                <div class=\"typical_text\">\r\n                    <p>Fr\u00e5n upphandling till kontinuerliga relationer \u2012 v\u00e5ra tj\u00e4nster bidrar till att f\u00f6rb\u00e4ttra resultat och minska risker \u2013 under hela processen.<\/p>\n                <\/div>\r\n                            <\/div>\r\n                    <\/div>\r\n    <\/div>\r\n\n\n    <div class=\"quote_section\">\r\n        <div class=\"quote_bg\">\r\n                        <img decoding=\"async\" src=\"https:\/\/www.achilles.com\/app\/uploads\/2023\/05\/quote_financial.jpg\" alt=\"\">\r\n                    <\/div>\r\n        <div class=\"container\">\r\n            <div class=\"quote_wrapper\">\r\n                <div class=\"quote_item\">\r\n                                        <div class=\"quote_item_text\">\r\n                        <p>F\u00f6rst\u00e5r du vad teamet beh\u00f6ver? Bes\u00f6k v\u00e5ra sidor med rekommendationer.<\/p>\n                    <\/div>\r\n                                        <a href=\"https:\/\/uat.achilles.com\/#Read-more\" class=\"btn btn_big\">Mer information<\/a>\r\n                                    <\/div>\r\n            <\/div>\r\n        <\/div>\r\n    <\/div>\r\n\n\n    <div class=\"content_section bg_grey\">\n        <div class=\"container\">\n                        <div class=\"description_section full\">\n                                <p class=\"title_category\">PAKET<\/p>\n                                                <h2 class=\"title_section\">V\u00e4lj det paket som passar b\u00e4st<\/h2>\n                                            <\/div>\n            \n            \n                    <\/div>\n    <\/div>\n\n\n    <div class=\"request_section\">\r\n        <div class=\"contact_bg\">\r\n                        <img decoding=\"async\" src=\"https:\/\/www.achilles.com\/app\/uploads\/2023\/05\/contact_bg.jpg\" alt=\"\">\r\n                    <\/div>\r\n        <div class=\"container\">\r\n            <div class=\"request_inner\">\r\n                                <div class=\"request_wrapper\">\r\n                <h2 class=\"title_section\">Request a call back from our team of experts<\/h2>\r\n                <\/div>\r\n                                <div class=\"request_box\">\r\n                                        <div class=\"typical_text\">\r\n                        <p>Fields marked with * are mandatory.<\/p>\r\n                    <\/div>\r\n                    <!--[if lte IE 8]>\r\n    <script charset=\"utf-8\" type=\"text\/javascript\" src=\"\/\/js.hsforms.net\/forms\/v2-legacy.js\"><\/script>\r\n    <![endif]-->\r\n    <script charset=\"utf-8\" type=\"text\/javascript\" src=\"\/\/js.hsforms.net\/forms\/v2.js\"><\/script>\r\n    <script>\r\n      hbspt.forms.create({\r\n        portalId: \"5387762\",\r\n        formId: \"a23cf73a-36bd-433c-a1d8-4acd8b05b928\"\r\n      })\r\n    <\/script>                <\/div>\r\n            <\/div>\r\n        <\/div>\r\n    <\/div>\r\n\r\n\n\n\r\n\r\n  <div class=\"resources_other content_section\">\r\n        <div class=\"container\">\r\n                        <h3 class=\"title_block\">Eftersom du \u00e4r intresserade av aff\u00e4rsetik<\/h3>\r\n                        <div class=\"resources_wrap\">\r\n                                <a class=\"resource_item\" href=\"https:\/\/www.achilles.com\/sv\/hur-fortroende-driver-transparenta-leveranskedjor\/\">\r\n                                        <div class=\"resource_item_img\">\r\n                        <img decoding=\"async\" src=\"https:\/\/www.achilles.com\/app\/uploads\/2025\/06\/Copy-of-Website-Main-Header-Full-Width-LIMIT-to-1000KB-10.png\" alt=\"Hur f\u00f6rtroende driver transparenta leveranskedjor\">\r\n                    <\/div>\r\n                                        <div class=\"resource_item_info\">\r\n                        <div class=\"resource_item_description\">\r\n                            <p class=\"resource_item_name\">Hur f\u00f6rtroende driver transparenta leveranskedjor<\/p>\r\n                            <div class=\"typical_text\">\r\n                                <p>P\u00e5 dagens globala marknad \u00e4r transparens i leveranskedjan inte bara\u2026<\/p>\r\n                            <\/div>\r\n                        <\/div>\r\n                                                <div class=\"resource_item_categories\">\r\n                                                        <div class=\"resource_category\">\r\n                                                                <span class=\"resource_category_name\"><\/span>\r\n                            <\/div>\r\n                                                        <div class=\"resource_category\">\r\n                                                                <span class=\"resource_category_name\"><\/span>\r\n                            <\/div>\r\n                                                    <\/div>\r\n                                            <\/div>\r\n                <\/a>\r\n                                <a class=\"resource_item\" href=\"https:\/\/www.achilles.com\/sv\/industry-insights\/achilles-hjalper-sir-robert-mcalpine-och-british-land-i-kampen-mot-modernt-slaveri\/\">\r\n                                        <div class=\"resource_item_img\">\r\n                        <img decoding=\"async\" src=\"https:\/\/www.achilles.com\/app\/uploads\/2023\/07\/the-hidden-risks-of-modern-slavery.jpg\" alt=\"Achilles hj\u00e4lper Sir Robert McAlpine och British Land i kampen mot modernt slaveri\">\r\n                    <\/div>\r\n                                        <div class=\"resource_item_info\">\r\n                        <div class=\"resource_item_description\">\r\n                            <p class=\"resource_item_name\">Achilles hj\u00e4lper Sir Robert McAlpine och British Land i kampen mot modernt slaveri<\/p>\r\n                            <div class=\"typical_text\">\r\n                                <p>Etiska problem i bygg- och anl\u00e4ggningsbranschens leverant\u00f6rskedjor \u00e4r bara osynliga\u2026<\/p>\r\n                            <\/div>\r\n                        <\/div>\r\n                                                <div class=\"resource_item_categories\">\r\n                                                        <div class=\"resource_category\">\r\n                                                                <span class=\"resource_category_name\"><\/span>\r\n                            <\/div>\r\n                                                        <div class=\"resource_category\">\r\n                                                                <span class=\"resource_category_name\"><\/span>\r\n                            <\/div>\r\n                                                    <\/div>\r\n                                            <\/div>\r\n                <\/a>\r\n                            <\/div>\r\n        <\/div>\r\n    <\/div> \r\n","protected":false},"excerpt":{"rendered":"<p>We help you ensure your suppliers are complying with international law and conducting business ethically. Helping eradicate corruption and conflict minerals. Having the reassurance that all workers on your projects are protected.<\/p>\n","protected":false},"featured_media":0,"template":"","class_list":["post-19395","product","type-product","status-publish","hentry"],"acf":[],"_links":{"self":[{"href":"https:\/\/www.achilles.com\/sv\/wp-json\/wp\/v2\/product\/19395","targetHints":{"allow":["GET"]}}],"collection":[{"href":"https:\/\/www.achilles.com\/sv\/wp-json\/wp\/v2\/product"}],"about":[{"href":"https:\/\/www.achilles.com\/sv\/wp-json\/wp\/v2\/types\/product"}],"wp:attachment":[{"href":"https:\/\/www.achilles.com\/sv\/wp-json\/wp\/v2\/media?parent=19395"}],"curies":[{"name":"wp","href":"https:\/\/api.w.org\/{rel}","templated":true}]}}