{"id":19378,"date":"2023-06-06T17:23:55","date_gmt":"2023-06-06T16:23:55","guid":{"rendered":"https:\/\/uat.achilles.com\/product\/environmental-sustainability\/"},"modified":"2023-08-06T19:55:01","modified_gmt":"2023-08-06T16:55:01","slug":"environmental-sustainability","status":"publish","type":"product","link":"https:\/\/www.achilles.com\/sv\/product\/hallbar-miljo\/","title":{"rendered":"Environmental Sustainability"},"content":{"rendered":"    <div class=\"top_section\">\n        <div class=\"container\">\n            <div class=\"top_info half\">\n                                    <h1 class=\"top_title\">H\u00e5llbar milj\u00f6 i leverant\u00f6rskedjor<\/h1>\n                                    <div class=\"top_text\">\n                        <p>H\u00e5llbar leverant\u00f6rshantering och kvalificering bidrar till att skapa en b\u00e4ttre framtid, inte bara f\u00f6r planeten utan \u00e4ven f\u00f6r m\u00e4nniskor och f\u00f6retag.<\/p>\n                    <\/div>\n                            <\/div>\n        <\/div>\n        <div class=\"top_media\">\n\t\t\t            <img decoding=\"async\" src=\"https:\/\/www.achilles.com\/app\/uploads\/2023\/06\/Homepage-Hero-scaled-1.jpg\" alt=\"\">\n                    <\/div>\n    <\/div>\n\n\n    <div class=\"content_section\">\r\n        <div class=\"container\">\r\n            <div class=\"services_wrap\">\r\n                                <div class=\"services_left\">\r\n                                        <p class=\"title_category\">INSIKTSSTYRD<\/p>\r\n                                        <h2 class=\"title_section\">Det \u00e4r dags att arbeta med aktiv h\u00e5llbar upphandling<\/h2>\r\n                                        <a class=\"link\" href=\"https:\/\/uat.achilles.com\/#Back\">Back to all products<\/a>\r\n                                    <\/div>\r\n                                <div class=\"services_right\">\r\n                    <div class=\"typical_text\">\r\n                        <p>Fokus p\u00e5 h\u00e5llbarhet i verksamheten \u00e4r inte bara det r\u00e4tta \u2013 det \u00e4r ett allt viktigare tecken p\u00e5 framg\u00e5ng. Riskerna med att inte f\u00f6lja nationell och internationell lagstiftning kan vara f\u00f6r\u00f6dande, men h\u00e5llbarhet inneb\u00e4r \u00e4ven en stor m\u00f6jlighet. Vi \u00e4r experter p\u00e5 att hj\u00e4lpa till att skapa ekonomiska, operativa och anseendem\u00e4ssiga f\u00f6rdelar i arbetet med h\u00e5llbara leverant\u00f6rskedjor.<\/p>\n<p>V\u00e5rt fokus ligger inte enbart p\u00e5 att hj\u00e4lpa f\u00f6retag att uppfylla sina skyldigheter f\u00f6r milj\u00f6rapportering, utan vi arbetar \u00e4ven f\u00f6r att fr\u00e4mja effektivitet, minska risk och s\u00e4nka kostnader. H\u00e5llbar milj\u00f6 handlar om m\u00e4nniskor och planeten, men det finns ocks\u00e5 ekonomiska vinster. F\u00f6retag skapar i allt st\u00f6rre utstr\u00e4ckning konkurrensf\u00f6rdelar genom sin inverkan p\u00e5 samh\u00e4llet, milj\u00f6n eller ekonomin. Vi ser till att ni uppfyller kunders och anst\u00e4lldas f\u00f6rv\u00e4ntningar, minskar kostnader och st\u00f6ttar globala ekosystem.<\/p>\n<p>V\u00e5ra expertteam fungerar som ett st\u00f6d genom att samla in och validera relevanta sociala uppgifter och milj\u00f6uppgifter b\u00e5de fr\u00e5n er organisation och leverant\u00f6rer. Vi g\u00f6r h\u00e5llbarhet enkelt och tillhandah\u00e5ller omfattande rapportering och insikter f\u00f6r att driva aff\u00e4rsbeslut som ni kan agera p\u00e5.<\/p>\n                    <\/div>\r\n                <\/div>\r\n                            <\/div>\r\n        <\/div>\r\n    <\/div>\r\n\n\n     <div class=\"stats_full\">\r\n        <div class=\"stats_bg\">\r\n                        <img decoding=\"async\" src=\"https:\/\/www.achilles.com\/app\/uploads\/2023\/06\/Sustainability-Webinar-scaled-1.jpg\" alt=\"\">\r\n                    <\/div>\r\n        <div class=\"container\">\r\n            <div class=\"stats_center\">\r\n                <div class=\"corner corner_top_left\"><\/div>\r\n                <div class=\"corner corner_top_right\"><\/div>\r\n                <div class=\"corner corner_bottom_left\"><\/div>\r\n                <div class=\"corner corner_bottom_right\"><\/div>\r\n                <div class=\"stats_center_item\">\r\n                                        <div class=\"stats_anim\">\r\n                        <div class=\"stats_center_number stats_anim_item\" data-total=\"53\">\r\n                            <span class=\"stats_anim_total\">0<\/span>%                        <\/div>\r\n                    <\/div>\r\n                                        <p class=\"stats_center_text large_text\">Endast\r\nav ink\u00f6pare arbetar med leverant\u00f6rer f\u00f6r att minska utsl\u00e4pp.<\/p>\r\n                                        <p class=\"stats_center_cop large_text\">PwC\u2019s 17th Annual Global CEO Survey &#8211; 2014<\/p>\r\n                                    <\/div>\r\n            <\/div>\r\n        <\/div>\r\n    <\/div>\r\n\n\n    <div class=\"content_section\">\r\n        <div class=\"container\">\r\n            <div class=\"services_wrap\">\r\n                                <div class=\"services_left\">\r\n                                        <p class=\"title_category\">Benefits<\/p>\r\n                                        <h2 class=\"title_section\">H\u00f6jer standarder inom h\u00e5llbar milj\u00f6<\/h2>\r\n                                    <\/div>\r\n                                <div class=\"services_right\">\r\n                    <div class=\"services_list\">\r\n                                                <div class=\"service_box\">\r\n                                                        <p class=\"service_box_name\">\r\n                                <span class=\"service_box_check icon-Success\"><\/span>\r\n                                Milj\u00f6ledningssystem                            <\/p>\r\n                                                        <div class=\"typical_text\">\r\n                                <p>B\u00e4ttre h\u00e5llbarhet i ett f\u00f6retag \u00e4r bara b\u00f6rjan \u2013 f\u00f6r att f\u00f6r\u00e4ndringen ska g\u00e5 snabbare \u00e4r det viktigt att driva fram f\u00f6r\u00e4ndring i hela leverant\u00f6rskedja.<\/p>\r\n                            <\/div>\r\n                                                    <\/div>\r\n                                                <div class=\"service_box\">\r\n                                                        <p class=\"service_box_name\">\r\n                                <span class=\"service_box_check icon-Success\"><\/span>\r\n                                Energiminskning                            <\/p>\r\n                                                        <div class=\"typical_text\">\r\n                                <p>Hantera energif\u00f6rbrukningen och uppvisa l\u00e5g energif\u00f6rbrukning i ert f\u00f6retag och genom hela leverant\u00f6rskedjan.<\/p>\r\n                            <\/div>\r\n                                                    <\/div>\r\n                                                <div class=\"service_box\">\r\n                                                        <p class=\"service_box_name\">\r\n                                <span class=\"service_box_check icon-Success\"><\/span>\r\n                                Koldioxidminskning                            <\/p>\r\n                                                        <div class=\"typical_text\">\r\n                                <p>Globalt erk\u00e4nda CarbonReduce (fr\u00e5n Toit\u016b) hj\u00e4lper organisationer att m\u00e4ta, granska och f\u00f6rbinda sig till att minska koldioxidutsl\u00e4pp.<\/p>\r\n                            <\/div>\r\n                                                    <\/div>\r\n                                                <div class=\"service_box\">\r\n                                                        <p class=\"service_box_name\">\r\n                                <span class=\"service_box_check icon-Success\"><\/span>\r\n                                Avfall och \u00e5tervinning                            <\/p>\r\n                                                        <div class=\"typical_text\">\r\n                                <p>Genom att se till att leverant\u00f6rer f\u00f6ljer alla lagar om avfallshantering minskar ni ineffektiva metoder genom hela leverant\u00f6rskedjan.<\/p>\r\n                            <\/div>\r\n                                                    <\/div>\r\n                                                <div class=\"service_box\">\r\n                                                        <p class=\"service_box_name\">\r\n                                <span class=\"service_box_check icon-Success\"><\/span>\r\n                                Vattenv\u00e5rd                            <\/p>\r\n                                                        <div class=\"typical_text\">\r\n                                <p>Se till att anv\u00e4ndning och f\u00f6rvaring av vatten och avlopp f\u00f6ljer regler och inte blir on\u00f6digt dyrt.<\/p>\r\n                            <\/div>\r\n                                                    <\/div>\r\n                                                <div class=\"service_box\">\r\n                                                        <p class=\"service_box_name\">\r\n                                <span class=\"service_box_check icon-Success\"><\/span>\r\n                                Farliga \u00e4mnen                            <\/p>\r\n                                                        <div class=\"typical_text\">\r\n                                <p>Se till att verksamheten alltid \u00e4r s\u00e4ker och effektiv och f\u00f6ljer g\u00e4llande regler.<\/p>\r\n                            <\/div>\r\n                                                    <\/div>\r\n                                            <\/div>\r\n                <\/div>\r\n                            <\/div>\r\n        <\/div>\r\n    <\/div>\r\n\n\n            <div class=\"cta_section\">\r\n            <div class=\"cta_box_bg\">\r\n                                <img decoding=\"async\" src=\"https:\/\/www.achilles.com\/app\/uploads\/2023\/05\/cta_1.jpg\" alt=\"\">\r\n                            <\/div>\r\n                <div class=\"container\">\r\n                    <div class=\"cta_wrapper\">\r\n                        <div class=\"cta_info\">\r\n                                                        <h3 class=\"cta_box_name\">Se hur det fungerar<\/h3>\r\n                                                        <a class=\"btn btn_big\" href=\"https:\/\/uat.achilles.com\/#3\">Be om en demonstration<\/a>\r\n                                                    <\/div>\r\n                <\/div>\r\n            <\/div>\r\n        <\/div>\r\n    \n\n    <div class=\"content_section\">\r\n        <div class=\"container\">\r\n                        <div class=\"tools_description\">\r\n                                <p class=\"title_category\">Features<\/p>\r\n                                <h2 class=\"title_section\">S\u00e5 h\u00e4r fungerar det<\/h2>\r\n                                <div class=\"typical_text\">\r\n                    <p>V\u00e5ra tj\u00e4nster bidrar till att minska extern risk och f\u00f6rb\u00e4ttra regelefterlevnaden i alla stadier, fr\u00e5n upphandling och urval till befintliga relationer.<\/p>\n                <\/div>\r\n                            <\/div>\r\n                    <\/div>\r\n    <\/div>\r\n\n\n    <div class=\"quote_section\">\r\n        <div class=\"quote_bg\">\r\n                        <img decoding=\"async\" src=\"https:\/\/www.achilles.com\/app\/uploads\/2023\/05\/quote_financial.jpg\" alt=\"\">\r\n                    <\/div>\r\n        <div class=\"container\">\r\n            <div class=\"quote_wrapper\">\r\n                <div class=\"quote_item\">\r\n                                        <div class=\"quote_item_text\">\r\n                        <p>Leverant\u00f6rskedjan m\u00e5ste involveras. Som enskild organisation kan man uppn\u00e5 en hel del, men det \u00e4r f\u00f6rst n\u00e4r leverant\u00f6rskedjan involveras som man uppn\u00e5r betydande minskningar. Vi vill dessutom arbeta med ledande leverant\u00f6rer som granskar sig sj\u00e4lva.<\/p>\n                    <\/div>\r\n                                        <p class=\"quote_item_author\">David Riley, koldioxidansvarig, Anglian Water<\/p>\r\n                                        <a href=\"https:\/\/uat.achilles.com\/#Read-more\" class=\"btn btn_big\">L\u00e4s fallstudien<\/a>\r\n                                    <\/div>\r\n            <\/div>\r\n        <\/div>\r\n    <\/div>\r\n\n\n    <div class=\"content_section bg_grey\">\n        <div class=\"container\">\n                        <div class=\"description_section full\">\n                                <p class=\"title_category\">Packages<\/p>\n                                                <h2 class=\"title_section\">V\u00e4lj det paket som passar b\u00e4st<\/h2>\n                                            <\/div>\n            \n            \n                    <\/div>\n    <\/div>\n\n\n    <div class=\"request_section\">\r\n        <div class=\"contact_bg\">\r\n                        <img decoding=\"async\" src=\"https:\/\/www.achilles.com\/app\/uploads\/2023\/05\/contact_bg.jpg\" alt=\"\">\r\n                    <\/div>\r\n        <div class=\"container\">\r\n            <div class=\"request_inner\">\r\n                                <div class=\"request_wrapper\">\r\n                <h2 class=\"title_section\">Want to understand how we can help your business? <br>Request a call back from our team of experts<\/h2>\r\n                <\/div>\r\n                                <div class=\"request_box\">\r\n                                        <div class=\"typical_text\">\r\n                        <p>Fields marked with * are mandatory.<\/p>\r\n                    <\/div>\r\n                    <!--[if lte IE 8]>\r\n    <script charset=\"utf-8\" type=\"text\/javascript\" src=\"\/\/js.hsforms.net\/forms\/v2-legacy.js\"><\/script>\r\n    <![endif]-->\r\n    <script charset=\"utf-8\" type=\"text\/javascript\" src=\"\/\/js.hsforms.net\/forms\/v2.js\"><\/script>\r\n    <script>\r\n      hbspt.forms.create({\r\n        portalId: \"5387762\",\r\n        formId: \"a23cf73a-36bd-433c-a1d8-4acd8b05b928\"\r\n      })\r\n    <\/script>                <\/div>\r\n            <\/div>\r\n        <\/div>\r\n    <\/div>\r\n\r\n\n\n\r\n\r\n  <div class=\"resources_other content_section\">\r\n        <div class=\"container\">\r\n                        <h3 class=\"title_block\">Eftersom du \u00e4r intresserad av h\u00e5llbar milj\u00f6 rekommenderar vi f\u00f6ljande blogginl\u00e4gg<\/h3>\r\n                        <div class=\"resources_wrap\">\r\n                                <a class=\"resource_item\" href=\"https:\/\/www.achilles.com\/sv\/industry-insights\/hur-externa-faktorer-kan-paverka-upphandling\/\">\r\n                                        <div class=\"resource_item_img\">\r\n                        <img decoding=\"async\" src=\"https:\/\/www.achilles.com\/app\/uploads\/2018\/02\/g-cloud-banner-1.png\" alt=\"Hur externa faktorer p\u00e5verkar upphandling\">\r\n                    <\/div>\r\n                                        <div class=\"resource_item_info\">\r\n                        <div class=\"resource_item_description\">\r\n                            <p class=\"resource_item_name\">Hur externa faktorer p\u00e5verkar upphandling<\/p>\r\n                            <div class=\"typical_text\">\r\n                                <p>Ett f\u00f6retag \u00e4r en s\u00e5rbar enhet utsatt f\u00f6r externa krafters\u2026<\/p>\r\n                            <\/div>\r\n                        <\/div>\r\n                                                <div class=\"resource_item_categories\">\r\n                                                        <div class=\"resource_category\">\r\n                                                                <span class=\"resource_category_name\"><\/span>\r\n                            <\/div>\r\n                                                        <div class=\"resource_category\">\r\n                                                                <span class=\"resource_category_name\"><\/span>\r\n                            <\/div>\r\n                                                    <\/div>\r\n                                            <\/div>\r\n                <\/a>\r\n                                <a class=\"resource_item\" href=\"https:\/\/www.achilles.com\/sv\/industry-insights\/risk-management-sma-medelstora-foretag\/\">\r\n                                        <div class=\"resource_item_img\">\r\n                        <img decoding=\"async\" src=\"https:\/\/www.achilles.com\/app\/uploads\/2023\/07\/riskmanagement.jpg\" alt=\"Riskhantering i sm\u00e5 och medelstora f\u00f6retag\">\r\n                    <\/div>\r\n                                        <div class=\"resource_item_info\">\r\n                        <div class=\"resource_item_description\">\r\n                            <p class=\"resource_item_name\">Riskhantering i sm\u00e5 och medelstora f\u00f6retag<\/p>\r\n                            <div class=\"typical_text\">\r\n                                <p>Sm\u00e5 och medelstora f\u00f6retag blir alltmer medvetna om vikten av\u2026<\/p>\r\n                            <\/div>\r\n                        <\/div>\r\n                                                <div class=\"resource_item_categories\">\r\n                                                        <div class=\"resource_category\">\r\n                                                                <span class=\"resource_category_name\"><\/span>\r\n                            <\/div>\r\n                                                        <div class=\"resource_category\">\r\n                                                                <span class=\"resource_category_name\"><\/span>\r\n                            <\/div>\r\n                                                    <\/div>\r\n                                            <\/div>\r\n                <\/a>\r\n                            <\/div>\r\n        <\/div>\r\n    <\/div> \r\n","protected":false},"excerpt":{"rendered":"<p>Environmental sustainability management is not just the right thing to do, it is an increasingly important benchmark of success. Helping to capture and validate the right kind of social and environmental data from both your own organisation and your suppliers.<\/p>\n","protected":false},"featured_media":0,"template":"","class_list":["post-19378","product","type-product","status-publish","hentry"],"acf":[],"_links":{"self":[{"href":"https:\/\/www.achilles.com\/sv\/wp-json\/wp\/v2\/product\/19378","targetHints":{"allow":["GET"]}}],"collection":[{"href":"https:\/\/www.achilles.com\/sv\/wp-json\/wp\/v2\/product"}],"about":[{"href":"https:\/\/www.achilles.com\/sv\/wp-json\/wp\/v2\/types\/product"}],"wp:attachment":[{"href":"https:\/\/www.achilles.com\/sv\/wp-json\/wp\/v2\/media?parent=19378"}],"curies":[{"name":"wp","href":"https:\/\/api.w.org\/{rel}","templated":true}]}}