{"id":93457,"date":"2026-01-07T10:31:57","date_gmt":"2026-01-07T10:31:57","guid":{"rendered":"https:\/\/www.achilles.com\/?page_id=93457"},"modified":"2026-03-10T12:34:33","modified_gmt":"2026-03-10T12:34:33","slug":"utoka-din-rackvidd","status":"publish","type":"page","link":"https:\/\/www.achilles.com\/sv\/utoka-din-rackvidd\/","title":{"rendered":"Ut\u00f6ka er r\u00e4ckvidd"},"content":{"rendered":"    <div class=\"top_section top_find_network\">\r\n        <div class=\"container\">\r\n            <div class=\"top_info\">\r\n                                    <h1 class=\"top_title\">Ut\u00f6ka er r\u00e4ckvidd. L\u00e5s upp nya m\u00f6jligheter p\u00e5 lokala och globala marknader.  <\/h1>\r\n                                    <div class=\"top_texttop_block-large_text\">\r\n                        <p>Anslut er till ytterligare Achilles-n\u00e4tverk f\u00f6r att f\u00e5 tillg\u00e5ng till aktiva ink\u00f6psorganisationer globalt. L\u00e4gg mindre tid p\u00e5 efterlevnad och mer tid p\u00e5 att vinna aff\u00e4rer. <\/p>\n                    <\/div>\r\n                                    <div class=\"top_buttons\">\r\n                                                    <a class=\"btn btn_big\" href=\"#networks\">Visa n\u00e4tverk <\/a>\r\n                                                    <a class=\"btn btn_white btn_big\" href=\"#call-back\">Beg\u00e4r \u00e5teruppringning <\/a>\r\n                                            <\/div>\r\n                            <\/div>\r\n        <\/div>\r\n        <div class=\"top_media\">\r\n\t\t\t            <img decoding=\"async\" src=\"https:\/\/www.achilles.com\/app\/uploads\/2025\/11\/AdobeStock_192130727.jpeg\" alt=\"Achilles Repro was founded in Madrid and has expanded to include all Southern Europe and Latam\">\r\n                    <\/div>\r\n    <\/div>\r\n\r\n            <div class=\"content_section\">\r\n            <div class=\"container\">\r\n                                <div class=\"description_page full top\">\r\n                                        <h1 class=\"title_section\">Ut\u00f6ka er r\u00e4ckvidd. L\u00e5s upp nya m\u00f6jligheter. <\/h1>\r\n                                        <div class=\"typical_text large_text\">\r\n                        <p>F\u00f6rb\u00e4ttrad synlighet i flera Achilles-n\u00e4tverk. <\/p>\r\n                    <\/div>\r\n                                    <\/div>\r\n                                <div class=\"content_wrap\">\r\n                    <div class=\"content_info ogo\">\r\n                                                <p class=\"title_category\">Achilles <\/p>\r\n                                                <h2 class=\"title_section\">L\u00e4gg mindre tid p\u00e5 efterlevnad<\/h2>\r\n                                                <h5 class=\"title_small\">Fokusera er verksamhet p\u00e5 tillv\u00e4xt<\/h5>\r\n                                                <div class=\"typical_text\">\r\n                            <p>L\u00e4gg mindre tid p\u00e5 efterlevnad och mer tid p\u00e5 att vinna nya aff\u00e4rer. Att ansluta er till ett ytterligare Achilles-n\u00e4tverk ger er verksamhet: <\/p>\n<ul>\n<li>Tillg\u00e5ng till en st\u00f6rre pool av k\u00f6pare som aktivt s\u00f6ker efter leverant\u00f6rer som er<\/li>\n<li>F\u00f6rb\u00e4ttrad synlighet i flera Achilles-n\u00e4tverk<\/li>\n<li>Smartare matchningsverktyg mellan leverant\u00f6rer och k\u00f6pare<\/li>\n<li>Datavalidering i realtid<\/li>\n<\/ul>\n<p>Bygg f\u00f6rtroende, \u00f6ka exponeringen och koppla samman med r\u00e4tt m\u00f6jligheter \u2013 tillv\u00e4xt b\u00f6rjar med r\u00e4tt k\u00f6parkontakter.<\/p>\n                        <\/div>\r\n                                            <\/div>\r\n                                        <div class=\"content_media\">\r\n                        <img decoding=\"async\" src=\"https:\/\/www.achilles.com\/app\/uploads\/2023\/06\/Agile-Procurement-Hero-Image-2.jpg\" alt=\"network for supply chain compliance\">\r\n                    <\/div>\r\n                                    <\/div>\r\n                            <\/div>\r\n        <\/div>\r\n        <div class=\"content_section\" id=\"networks\">\n        <div class=\"container\">\n                        <div class=\"description_section full\">\n                                <p class=\"title_category\">Ytterligare n\u00e4tverk <\/p>\n                                                <h2 class=\"title_section\">Koppla samman med stora k\u00f6pare i Storbritannien, Irland och globalt <\/h2>\n                                                <div class=\"typical_text\">\n                    <p>Join Achilles global networks for access to global buyers.<\/p>\n                <\/div>\n                            <\/div>\n            \n                        <div class=\"packages_wrap column_four\">\n                                <a class=\"package_box\" href=\"https:\/\/www.achilles.com\/achilles-network\">\n                                        <p class=\"package_box_name\">Achilles Network <\/p>\n                                                            <div class=\"typical_text\">\n                        <p><img loading=\"lazy\" decoding=\"async\" class=\"alignnone wp-image-72878\" src=\"https:\/\/www.achilles.com\/app\/uploads\/2025\/06\/Copy-of-Website-Main-Header-Full-Width-LIMIT-to-1000KB-4-2.png\" alt=\"Achilles Supply-Line\" width=\"1280\" height=\"960\" \/><\/p>\n<p>The cross-industry standard for global supply chain visibility.<\/p>\n                    <\/div>\n                                    <\/a>\n                                <a class=\"package_box\" href=\"https:\/\/www.achilles.com\/global-energy\">\n                                        <p class=\"package_box_name\">Global Energy <\/p>\n                                                            <div class=\"typical_text\">\n                        <p><img loading=\"lazy\" decoding=\"async\" class=\"alignnone size-full wp-image-77249\" src=\"https:\/\/www.achilles.com\/app\/uploads\/2025\/07\/wind-website-banners-1.png\" alt=\"a group of wind turbines in the ocean\" width=\"960\" height=\"720\" \/><\/p>\n<p>Connect with major oil, gas, and renewable global buyers.<\/p>\n                    <\/div>\n                                    <\/a>\n                                <a class=\"package_box\" href=\"https:\/\/www.achilles.com\/buildingconfidence\/\">\n                                        <p class=\"package_box_name\">BuildingConfidence <\/p>\n                                                            <div class=\"typical_text\">\n                        <p><img loading=\"lazy\" decoding=\"async\" class=\"alignnone wp-image-57573\" src=\"https:\/\/www.achilles.com\/app\/uploads\/2025\/01\/Construction.png\" alt=\"Man on a construction building site looking up at a yellow crane\" width=\"397\" height=\"298\" \/><\/p>\n<p><span style=\"font-size: 16px;\">BuildingConfidence is the UK\u2019s highest level of construction accreditation.\u00a0<\/span><\/p>\n                    <\/div>\n                                    <\/a>\n                                <a class=\"package_box\" href=\"https:\/\/www.achilles.com\/uvdb\/\">\n                                        <p class=\"package_box_name\">UVDB<\/p>\n                                                            <div class=\"typical_text\">\n                        <p><img loading=\"lazy\" decoding=\"async\" class=\"alignnone wp-image-70946\" src=\"https:\/\/www.achilles.com\/app\/uploads\/2025\/06\/AdobeStock_88883448-web.jpeg\" alt=\"\" width=\"1000\" height=\"650\" \/><br \/>\nGain access to buyers in the UK utilities market and join UVDB.<\/p>\n                    <\/div>\n                                    <\/a>\n                            <\/div>\n            \n                    <\/div>\n    <\/div>\n    <div class=\"content_section bg_grey\">\n        <div class=\"container\">\n                        <div class=\"description_section full\">\n                                <p class=\"title_category\">Achilles <\/p>\n                                                <h2 class=\"title_section\">Europeiska k\u00f6parmarknader<\/h2>\n                                            <\/div>\n            \n                        <div class=\"packages_wrap column_four\">\n                                <a class=\"package_box\" href=\"https:\/\/www.achilles.com\/startbank\">\n                                        <p class=\"package_box_name\">StartBANK<\/p>\n                                                            <div class=\"typical_text\">\n                        <p><strong><img loading=\"lazy\" decoding=\"async\" class=\"wp-image-82869 alignnone\" src=\"https:\/\/www.achilles.com\/app\/uploads\/2025\/10\/Australian-construction-worksite.png\" alt=\"Byggnadsarbetare monterar st\u00e4llningar p\u00e5 arbetsplats under soluppg\u00e5ng i Australien, vilket belyser s\u00e4kerhet p\u00e5 arbetsplatsen och entrepren\u00f6rshantering.\" width=\"300\" height=\"225\"><\/strong><\/p>\n<p>StartBANK hj\u00e4lper bygg- och fastighetsf\u00f6rvaltningsf\u00f6retag i Norge.<\/p>\n                    <\/div>\n                                    <\/a>\n                                <a class=\"package_box\" href=\"https:\/\/www.achilles.com\/transq-network\">\n                                        <p class=\"package_box_name\">TransQ <\/p>\n                                                            <div class=\"typical_text\">\n                        <p><img loading=\"lazy\" decoding=\"async\" class=\"alignnone wp-image-68977\" src=\"https:\/\/www.achilles.com\/app\/uploads\/2025\/05\/TRACCS-Web-site-Banner.png\" alt=\"\" width=\"654\" height=\"490\"><\/p>\n<p>Koppla samman med p\u00e5litliga k\u00f6pare inom transport och logistik i Norden.<\/p>\n                    <\/div>\n                                    <\/a>\n                                <a class=\"package_box\" href=\"https:\/\/www.achilles.com\/utilities-nce\">\n                                        <p class=\"package_box_name\">UNCE <\/p>\n                                                            <div class=\"typical_text\">\n                        <p><strong><img loading=\"lazy\" decoding=\"async\" class=\"alignnone wp-image-13492\" src=\"https:\/\/www.achilles.com\/app\/uploads\/2023\/07\/iStock-139883089-300x200.jpg\" alt=\"\" width=\"337\" height=\"225\" srcset=\"https:\/\/www.achilles.com\/app\/uploads\/2023\/07\/iStock-139883089-300x200.jpg 300w, https:\/\/www.achilles.com\/app\/uploads\/2023\/07\/iStock-139883089.jpg 724w\" sizes=\"auto, (max-width: 337px) 100vw, 337px\" \/><\/strong><\/p>\n<p>N\u00e5 ett n\u00e4tverk av energibolag som \u00e4r verksamma p\u00e5 nordeuropeiska marknader.<\/p>\n                    <\/div>\n                                    <\/a>\n                                <a class=\"package_box\" href=\"https:\/\/www.achilles.com\/repro\/\">\n                                        <p class=\"package_box_name\">Repro<\/p>\n                                                            <div class=\"typical_text\">\n                        <p><strong><img loading=\"lazy\" decoding=\"async\" class=\"alignnone wp-image-14656 size-medium\" src=\"https:\/\/www.achilles.com\/app\/uploads\/2023\/07\/arrays-blue-solar-panels-photovoltaic-power-station-aerial-view-new-energy-scaled-1-300x200.jpg\" alt=\"F\u00e4lt med rad efter rad av solpaneler\" width=\"300\" height=\"200\" srcset=\"https:\/\/www.achilles.com\/app\/uploads\/2023\/07\/arrays-blue-solar-panels-photovoltaic-power-station-aerial-view-new-energy-scaled-1-300x200.jpg 300w, https:\/\/www.achilles.com\/app\/uploads\/2023\/07\/arrays-blue-solar-panels-photovoltaic-power-station-aerial-view-new-energy-scaled-1-1024x682.jpg 1024w, https:\/\/www.achilles.com\/app\/uploads\/2023\/07\/arrays-blue-solar-panels-photovoltaic-power-station-aerial-view-new-energy-scaled-1-768x512.jpg 768w, https:\/\/www.achilles.com\/app\/uploads\/2023\/07\/arrays-blue-solar-panels-photovoltaic-power-station-aerial-view-new-energy-scaled-1-1536x1023.jpg 1536w, https:\/\/www.achilles.com\/app\/uploads\/2023\/07\/arrays-blue-solar-panels-photovoltaic-power-station-aerial-view-new-energy-scaled-1.jpg 2048w\" sizes=\"auto, (max-width: 300px) 100vw, 300px\" \/><\/strong><\/p>\n<p>Repro \u00e4r det p\u00e5litliga n\u00e4tverket f\u00f6r energibranschen i Sydamerika och Sydeuropa.<\/p>\n                    <\/div>\n                                    <\/a>\n                            <\/div>\n            \n                    <\/div>\n    <\/div>\n    <div class=\"request_section\" id=\"call-back\">\r\n        <div class=\"contact_bg\">\r\n                    <\/div>\r\n        <div class=\"container\">\r\n            <div class=\"request_inner\">\r\n                                <div class=\"request_wrapper\">\r\n                <h2 class=\"title_section\">Redo att v\u00e4xa er verksamhet? <\/h2>\r\n                <\/div>\r\n                                <div class=\"request_box\">\r\n                                        <h5 class=\"contact_content_subtitle\">Our Supplier Success team can help you identify the right networks for your business<\/h5>\r\n                    <script charset=\"utf-8\" type=\"text\/javascript\" src=\"\/\/js.hsforms.net\/forms\/embed\/v2.js\"><\/script><script>hbspt.forms.create({\r\n    portalId: \"5387762\",\r\n    formId: \"f8e5eac7-c599-497d-aab7-a2d05eaffffd\",\r\n    region: \"na1\"\r\n  });\r\n<\/script>                <\/div>\r\n            <\/div>\r\n        <\/div>\r\n    <\/div>\r\n\r\n","protected":false},"excerpt":{"rendered":"","protected":false},"author":74,"featured_media":0,"parent":0,"menu_order":0,"comment_status":"closed","ping_status":"closed","template":"","meta":{"_acf_changed":true,"content-type":"","footnotes":""},"class_list":["post-93457","page","type-page","status-publish","hentry"],"acf":[],"_links":{"self":[{"href":"https:\/\/www.achilles.com\/sv\/wp-json\/wp\/v2\/pages\/93457","targetHints":{"allow":["GET"]}}],"collection":[{"href":"https:\/\/www.achilles.com\/sv\/wp-json\/wp\/v2\/pages"}],"about":[{"href":"https:\/\/www.achilles.com\/sv\/wp-json\/wp\/v2\/types\/page"}],"author":[{"embeddable":true,"href":"https:\/\/www.achilles.com\/sv\/wp-json\/wp\/v2\/users\/74"}],"replies":[{"embeddable":true,"href":"https:\/\/www.achilles.com\/sv\/wp-json\/wp\/v2\/comments?post=93457"}],"version-history":[{"count":0,"href":"https:\/\/www.achilles.com\/sv\/wp-json\/wp\/v2\/pages\/93457\/revisions"}],"wp:attachment":[{"href":"https:\/\/www.achilles.com\/sv\/wp-json\/wp\/v2\/media?parent=93457"}],"curies":[{"name":"wp","href":"https:\/\/api.w.org\/{rel}","templated":true}]}}