{"id":850,"date":"2023-05-12T18:10:44","date_gmt":"2023-05-12T17:10:44","guid":{"rendered":"https:\/\/uat.achilles.com\/ambassadors\/"},"modified":"2025-06-06T07:55:44","modified_gmt":"2025-06-06T06:55:44","slug":"ambassadors","status":"publish","type":"page","link":"https:\/\/www.achilles.com\/sv\/om-oss\/ambassadorer\/","title":{"rendered":"Achilles ambassad\u00f6rer"},"content":{"rendered":"        <div class=\"content_section\">\r\n            <div class=\"container\">\r\n                                <div class=\"description_page full\">\r\n                                        <h1 class=\"title_page\">Ambassad\u00f6rer<\/h1>\r\n                                        <div class=\"typical_text large_text\">\r\n                        <p>Tr\u00e4ffa v\u00e5rt n\u00e4tverk av externa experter<\/p>\r\n                    <\/div>\r\n                                        <div class=\"typical_text\">\r\n                        <p>V\u00e5rt arbete handlar om att h\u00f6ja standarden i hela leveranskedjan. F\u00f6r att kunna g\u00f6ra det m\u00e5ste man k\u00e4nna till dem v\u00e4l. Och eftersom vi arbetar med organisationer av alla storlekar, i alla branscher och fr\u00e5n alla delar av v\u00e4rlden, vet vi hur viktigt det \u00e4r med ett perspektiv utifr\u00e5n. Det \u00e4r d\u00e4rf\u00f6r vi arbetar med ett brett n\u00e4tverk av externa experter. Och i takt med att v\u00e5ra ambitioner forts\u00e4tter att v\u00e4xa, v\u00e4xer ocks\u00e5 v\u00e5rt n\u00e4tverk.    <\/p>\n<p><strong>Bli en ambassad\u00f6r<\/strong><\/p>\n<p>Om du har talang och expertis kring kategorihantering, milj\u00f6\u00f6verensst\u00e4mmelse, h\u00e4lsa och s\u00e4kerhet, riskreducering, CSR eller n\u00e5gon av de sektorer vi arbetar inom &#8211; vill vi g\u00e4rna h\u00f6ra fr\u00e5n dig. Du kan kontakta oss <a href=\"https:\/\/www.achilles.com\/sv\/kontakta-oss\/\">h\u00e4r.<\/a> <\/p>\n                    <\/div>\r\n                                    <\/div>\r\n                                <div class=\"ambassadors_wrap\">\r\n                                        <div class=\"ambassador_item\">\r\n                                                <div class=\"ambassador_item_img\">\r\n                            <img decoding=\"async\" src=\"https:\/\/www.achilles.com\/app\/uploads\/2023\/09\/Peter-Schellenberger.jpeg\" alt=\"\">\r\n                        <\/div>\r\n                                                <div class=\"ambassador_item_info\">\r\n                                                        <p class=\"ambassador_item_name\">Peter Schellenberger<\/p>\r\n                                                        <p class=\"ambassador_item_text\">Consultant<\/p>\r\n                                                    <\/div>\r\n                                                <div class=\"ambassador_item_details\">\r\n                                                        <div class=\"ambassador_item_point\">\r\n                                <p class=\"ambassador_item_title\">F\u00f6retag<\/p>\r\n                                <p class=\"ambassador_item_text\">Novamaxis<\/p>\r\n                            <\/div>\r\n                                                        <div class=\"ambassador_item_point\">\r\n                                <p class=\"ambassador_item_title\">Sektor<\/p>\r\n                                <p class=\"ambassador_item_text\">Frakt<\/p>\r\n                            <\/div>\r\n                                                        <div class=\"ambassador_item_point\">\r\n                                <p class=\"ambassador_item_title\">Expertis inom \u00e4mnet<\/p>\r\n                                <p class=\"ambassador_item_text\">Global leveranskedja, upphandling<\/p>\r\n                            <\/div>\r\n                                                    <\/div>\r\n                                            <\/div>\r\n                                        <div class=\"ambassador_item\">\r\n                                                <div class=\"ambassador_item_img\">\r\n                            <img decoding=\"async\" src=\"https:\/\/www.achilles.com\/app\/uploads\/2023\/11\/Achilles_1299-scaled.jpg\" alt=\"\">\r\n                        <\/div>\r\n                                                <div class=\"ambassador_item_info\">\r\n                                                        <p class=\"ambassador_item_name\">Dr Darren Mann<\/p>\r\n                                                        <p class=\"ambassador_item_text\">Medical Director<\/p>\r\n                                                    <\/div>\r\n                                                <div class=\"ambassador_item_details\">\r\n                                                        <div class=\"ambassador_item_point\">\r\n                                <p class=\"ambassador_item_title\">F\u00f6retag<\/p>\r\n                                <p class=\"ambassador_item_text\">King&#8217;s College i London<\/p>\r\n                            <\/div>\r\n                                                        <div class=\"ambassador_item_point\">\r\n                                <p class=\"ambassador_item_title\">Sektor<\/p>\r\n                                <p class=\"ambassador_item_text\">Alla<\/p>\r\n                            <\/div>\r\n                                                        <div class=\"ambassador_item_point\">\r\n                                <p class=\"ambassador_item_title\">Expertis inom \u00e4mnet<\/p>\r\n                                <p class=\"ambassador_item_text\">Global leveranskedja, H\u00e4lso- och sjukv\u00e5rd<\/p>\r\n                            <\/div>\r\n                                                    <\/div>\r\n                                            <\/div>\r\n                                        <div class=\"ambassador_item\">\r\n                                                <div class=\"ambassador_item_img\">\r\n                            <img decoding=\"async\" src=\"https:\/\/www.achilles.com\/app\/uploads\/2023\/11\/Achilles_1321-scaled.jpg\" alt=\"\">\r\n                        <\/div>\r\n                                                <div class=\"ambassador_item_info\">\r\n                                                        <p class=\"ambassador_item_name\">Tony Underwood<\/p>\r\n                                                        <p class=\"ambassador_item_text\">High Performance Coach and Mentor<\/p>\r\n                                                    <\/div>\r\n                                                <div class=\"ambassador_item_details\">\r\n                                                        <div class=\"ambassador_item_point\">\r\n                                <p class=\"ambassador_item_title\">F\u00f6retag<\/p>\r\n                                <p class=\"ambassador_item_text\">York St. John University<\/p>\r\n                            <\/div>\r\n                                                        <div class=\"ambassador_item_point\">\r\n                                <p class=\"ambassador_item_title\">Sektor<\/p>\r\n                                <p class=\"ambassador_item_text\">Alla<\/p>\r\n                            <\/div>\r\n                                                        <div class=\"ambassador_item_point\">\r\n                                <p class=\"ambassador_item_title\">Expertis inom \u00e4mnet<\/p>\r\n                                <p class=\"ambassador_item_text\">Milj\u00f6, Medarbetarnas v\u00e4lbefinnande, M\u00e4nskliga r\u00e4ttigheter<\/p>\r\n                            <\/div>\r\n                                                    <\/div>\r\n                                            <\/div>\r\n                                        <div class=\"ambassador_item\">\r\n                                                <div class=\"ambassador_item_img\">\r\n                            <img decoding=\"async\" src=\"https:\/\/www.achilles.com\/app\/uploads\/2023\/11\/Achilles_1301-scaled.jpg\" alt=\"\">\r\n                        <\/div>\r\n                                                <div class=\"ambassador_item_info\">\r\n                                                        <p class=\"ambassador_item_name\">Karin Tynelius<\/p>\r\n                                                        <p class=\"ambassador_item_text\">Stakeholder Relations<\/p>\r\n                                                    <\/div>\r\n                                                <div class=\"ambassador_item_details\">\r\n                                                        <div class=\"ambassador_item_point\">\r\n                                <p class=\"ambassador_item_title\">F\u00f6retag<\/p>\r\n                                <p class=\"ambassador_item_text\">Sibanye-Stillwater<\/p>\r\n                            <\/div>\r\n                                                        <div class=\"ambassador_item_point\">\r\n                                <p class=\"ambassador_item_title\">Sektor<\/p>\r\n                                <p class=\"ambassador_item_text\">Gruvdrift, kemikalier, batterier Mineraler<\/p>\r\n                            <\/div>\r\n                                                        <div class=\"ambassador_item_point\">\r\n                                <p class=\"ambassador_item_title\">Expertis inom \u00e4mnet<\/p>\r\n                                <p class=\"ambassador_item_text\">ESG, h\u00e5llbara ink\u00f6p<\/p>\r\n                            <\/div>\r\n                                                    <\/div>\r\n                                            <\/div>\r\n                                        <div class=\"ambassador_item\">\r\n                                                <div class=\"ambassador_item_img\">\r\n                            <img decoding=\"async\" src=\"https:\/\/www.achilles.com\/app\/uploads\/2023\/05\/ambassador_4.jpg\" alt=\"\">\r\n                        <\/div>\r\n                                                <div class=\"ambassador_item_info\">\r\n                                                        <p class=\"ambassador_item_name\">Javier Caravantes<\/p>\r\n                                                        <p class=\"ambassador_item_text\">Global Procurement Director<\/p>\r\n                                                    <\/div>\r\n                                                <div class=\"ambassador_item_details\">\r\n                                                        <div class=\"ambassador_item_point\">\r\n                                <p class=\"ambassador_item_title\">F\u00f6retag<\/p>\r\n                                <p class=\"ambassador_item_text\">Parques Reunidos<\/p>\r\n                            <\/div>\r\n                                                        <div class=\"ambassador_item_point\">\r\n                                <p class=\"ambassador_item_title\">Sektor<\/p>\r\n                                <p class=\"ambassador_item_text\">Tj\u00e4nster<\/p>\r\n                            <\/div>\r\n                                                        <div class=\"ambassador_item_point\">\r\n                                <p class=\"ambassador_item_title\">Expertis inom \u00e4mnet<\/p>\r\n                                <p class=\"ambassador_item_text\">Sourcing och upphandling<\/p>\r\n                            <\/div>\r\n                                                    <\/div>\r\n                                            <\/div>\r\n                                        <div class=\"ambassador_item\">\r\n                                                <div class=\"ambassador_item_img\">\r\n                            <img decoding=\"async\" src=\"https:\/\/www.achilles.com\/app\/uploads\/2023\/05\/ambassador_5.png\" alt=\"\">\r\n                        <\/div>\r\n                                                <div class=\"ambassador_item_info\">\r\n                                                        <p class=\"ambassador_item_name\">Oz Alashe MBE<\/p>\r\n                                                        <p class=\"ambassador_item_text\">CEO &#038; Founder<\/p>\r\n                                                    <\/div>\r\n                                                <div class=\"ambassador_item_details\">\r\n                                                        <div class=\"ambassador_item_point\">\r\n                                <p class=\"ambassador_item_title\">F\u00f6retag<\/p>\r\n                                <p class=\"ambassador_item_text\">Cybsafe<\/p>\r\n                            <\/div>\r\n                                                        <div class=\"ambassador_item_point\">\r\n                                <p class=\"ambassador_item_title\">Sektor<\/p>\r\n                                <p class=\"ambassador_item_text\">Alla<\/p>\r\n                            <\/div>\r\n                                                        <div class=\"ambassador_item_point\">\r\n                                <p class=\"ambassador_item_title\">Expertis inom \u00e4mnet<\/p>\r\n                                <p class=\"ambassador_item_text\">Cyber Security<\/p>\r\n                            <\/div>\r\n                                                    <\/div>\r\n                                            <\/div>\r\n                                        <div class=\"ambassador_item\">\r\n                                                <div class=\"ambassador_item_img\">\r\n                            <img decoding=\"async\" src=\"https:\/\/www.achilles.com\/app\/uploads\/2023\/05\/ambassador_6.jpg\" alt=\"\">\r\n                        <\/div>\r\n                                                <div class=\"ambassador_item_info\">\r\n                                                        <p class=\"ambassador_item_name\">Shaun McCarthy OBE<\/p>\r\n                                                        <p class=\"ambassador_item_text\">Chairman<\/p>\r\n                                                    <\/div>\r\n                                                <div class=\"ambassador_item_details\">\r\n                                                        <div class=\"ambassador_item_point\">\r\n                                <p class=\"ambassador_item_title\">F\u00f6retag<\/p>\r\n                                <p class=\"ambassador_item_text\">H\u00e5llbarhetsskola f\u00f6r leveranskedjan<\/p>\r\n                            <\/div>\r\n                                                        <div class=\"ambassador_item_point\">\r\n                                <p class=\"ambassador_item_title\">Sektor<\/p>\r\n                                <p class=\"ambassador_item_text\">Alla (infrastruktur)<\/p>\r\n                            <\/div>\r\n                                                        <div class=\"ambassador_item_point\">\r\n                                <p class=\"ambassador_item_title\">Expertis inom \u00e4mnet<\/p>\r\n                                <p class=\"ambassador_item_text\">H\u00e5llbarhet \/ CSR<\/p>\r\n                            <\/div>\r\n                                                    <\/div>\r\n                                            <\/div>\r\n                                        <div class=\"ambassador_item\">\r\n                                                <div class=\"ambassador_item_img\">\r\n                            <img decoding=\"async\" src=\"https:\/\/www.achilles.com\/app\/uploads\/2023\/05\/ambassador_7.jpg\" alt=\"\">\r\n                        <\/div>\r\n                                                <div class=\"ambassador_item_info\">\r\n                                                        <p class=\"ambassador_item_name\">Hugo Pagliotti<\/p>\r\n                                                        <p class=\"ambassador_item_text\">HSEQ Consultant<\/p>\r\n                                                    <\/div>\r\n                                                <div class=\"ambassador_item_details\">\r\n                                                        <div class=\"ambassador_item_point\">\r\n                                <p class=\"ambassador_item_title\">F\u00f6retag<\/p>\r\n                                <p class=\"ambassador_item_text\">Oberoende<\/p>\r\n                            <\/div>\r\n                                                        <div class=\"ambassador_item_point\">\r\n                                <p class=\"ambassador_item_title\">Sektor<\/p>\r\n                                <p class=\"ambassador_item_text\">Alla<\/p>\r\n                            <\/div>\r\n                                                        <div class=\"ambassador_item_point\">\r\n                                <p class=\"ambassador_item_title\">Expertis inom \u00e4mnet<\/p>\r\n                                <p class=\"ambassador_item_text\">Upphandling, h\u00e4lsa och s\u00e4kerhet, milj\u00f6- och kvalitetsstyrning<\/p>\r\n                            <\/div>\r\n                                                    <\/div>\r\n                                            <\/div>\r\n                                        <div class=\"ambassador_item\">\r\n                                                <div class=\"ambassador_item_img\">\r\n                            <img decoding=\"async\" src=\"https:\/\/www.achilles.com\/app\/uploads\/2024\/08\/WhatsApp-Image-2024-08-16-at-12.36.24-PM.jpeg\" alt=\"\">\r\n                        <\/div>\r\n                                                <div class=\"ambassador_item_info\">\r\n                                                        <p class=\"ambassador_item_name\">Amitava Baksi<\/p>\r\n                                                        <p class=\"ambassador_item_text\">Management Consultant &#038; Advisor <\/p>\r\n                                                    <\/div>\r\n                                                <div class=\"ambassador_item_details\">\r\n                                                        <div class=\"ambassador_item_point\">\r\n                                <p class=\"ambassador_item_title\">F\u00f6retag<\/p>\r\n                                <p class=\"ambassador_item_text\">Oberoende<\/p>\r\n                            <\/div>\r\n                                                        <div class=\"ambassador_item_point\">\r\n                                <p class=\"ambassador_item_title\">Sektor<\/p>\r\n                                <p class=\"ambassador_item_text\">Alla<\/p>\r\n                            <\/div>\r\n                                                        <div class=\"ambassador_item_point\">\r\n                                <p class=\"ambassador_item_title\">Expertis inom \u00e4mnet<\/p>\r\n                                <p class=\"ambassador_item_text\">Upphandling, h\u00e4lsa och s\u00e4kerhet, h\u00e5llbarhet, CSR<\/p>\r\n                            <\/div>\r\n                                                    <\/div>\r\n                                            <\/div>\r\n                                    <\/div>\r\n                            <\/div>\r\n        <\/div>\r\n    <div class=\"content_section bg_grey\">\r\n        <div class=\"container\">\r\n                                    <div class=\"cta_wrap\">\r\n                                <a href=\"\/contact-us\/\" class=\"cta_box\" >\r\n                    <div class=\"cta_box_bg\">\r\n                                                <img decoding=\"async\" src=\"https:\/\/www.achilles.com\/app\/uploads\/2023\/05\/cta_6.jpg\" alt=\"\">\r\n                                            <\/div>\r\n                    <div class=\"cta_box_info\">\r\n                                                <h3 class=\"cta_box_name\">G\u00e5 med i ambassad\u00f6rsprogrammet<\/h3>\r\n                                                <span class=\"btn\">Ta reda p\u00e5 mer<\/span>\r\n                                            <\/div>\r\n                <\/a>\r\n                                <a href=\"\/industry-insights\/\" class=\"cta_box\" >\r\n                    <div class=\"cta_box_bg\">\r\n                                                <img decoding=\"async\" src=\"https:\/\/www.achilles.com\/app\/uploads\/2023\/05\/cta_5.jpg\" alt=\"\">\r\n                                            <\/div>\r\n                    <div class=\"cta_box_info\">\r\n                                                <h3 class=\"cta_box_name\">Bes\u00f6k v\u00e5rt resurscenter<\/h3>\r\n                                                <span class=\"btn\">Ta reda p\u00e5 mer<\/span>\r\n                                            <\/div>\r\n                <\/a>\r\n                            <\/div>\r\n                                <\/div>\r\n    <\/div>\r\n","protected":false},"excerpt":{"rendered":"","protected":false},"author":1,"featured_media":0,"parent":411,"menu_order":0,"comment_status":"closed","ping_status":"closed","template":"","meta":{"_acf_changed":false,"content-type":"","footnotes":""},"class_list":["post-850","page","type-page","status-publish","hentry"],"acf":[],"_links":{"self":[{"href":"https:\/\/www.achilles.com\/sv\/wp-json\/wp\/v2\/pages\/850","targetHints":{"allow":["GET"]}}],"collection":[{"href":"https:\/\/www.achilles.com\/sv\/wp-json\/wp\/v2\/pages"}],"about":[{"href":"https:\/\/www.achilles.com\/sv\/wp-json\/wp\/v2\/types\/page"}],"author":[{"embeddable":true,"href":"https:\/\/www.achilles.com\/sv\/wp-json\/wp\/v2\/users\/1"}],"replies":[{"embeddable":true,"href":"https:\/\/www.achilles.com\/sv\/wp-json\/wp\/v2\/comments?post=850"}],"version-history":[{"count":0,"href":"https:\/\/www.achilles.com\/sv\/wp-json\/wp\/v2\/pages\/850\/revisions"}],"up":[{"embeddable":true,"href":"https:\/\/www.achilles.com\/sv\/wp-json\/wp\/v2\/pages\/411"}],"wp:attachment":[{"href":"https:\/\/www.achilles.com\/sv\/wp-json\/wp\/v2\/media?parent=850"}],"curies":[{"name":"wp","href":"https:\/\/api.w.org\/{rel}","templated":true}]}}