{"id":66750,"date":"2024-08-15T09:01:12","date_gmt":"2024-08-15T08:01:12","guid":{"rendered":"https:\/\/www.achilles.com\/blankett-for-klagomal\/"},"modified":"2025-03-24T08:15:21","modified_gmt":"2025-03-24T08:15:21","slug":"blankett-for-klagomal","status":"publish","type":"page","link":"https:\/\/www.achilles.com\/sv\/blankett-for-klagomal\/","title":{"rendered":"Blankett f\u00f6r klagom\u00e5l"},"content":{"rendered":"    <div class=\"top_section\">\n        <div class=\"container\">\n            <div class=\"top_info half\">\n                                    <h1 class=\"top_title\">Rapportera ett problem<\/h1>\n                                    <div class=\"top_text\">\n                        <p>P\u00e5 Achilles \u00e4r vi engagerade i \u00f6ppenhet, integritet och etiska aff\u00e4rsmetoder. Om du har funderingar kring oegentligheter, oetiskt beteende eller efterlevnadsfr\u00e5gor som r\u00f6r en verksamhet eller dess leverant\u00f6rskedja uppmuntrar vi dig att rapportera dem genom att anv\u00e4nda v\u00e5rt konfidentiella klagom\u00e5lsformul\u00e4r. Din r\u00f6st \u00e4r viktig och vi tar alla rapporter p\u00e5 allvar f\u00f6r att s\u00e4kerst\u00e4lla transparens och f\u00f6rb\u00e4ttringar.  <\/p>\n                    <\/div>\n                                    <div class=\"top_buttons\">\n                                                    <a class=\"btn btn_big\" href=\"#report-form\">Rapportera ett problem<\/a>\n                                                    <a class=\"btn btn_white btn_big\" href=\"#report-follow\">Follow up a Report<\/a>\n                                            <\/div>\n                            <\/div>\n        <\/div>\n        <div class=\"top_media\">\n\t\t\t            <img decoding=\"async\" src=\"https:\/\/www.achilles.com\/app\/uploads\/2025\/02\/Main-Header-Network-People-1.png\" alt=\"Hundreds of photos of people on a blue background\">\n                    <\/div>\n    <\/div>\n    <div class=\"content_section page_default_text\">\r\n        <div class=\"container\">\r\n            <article class=\"article_wrap\">\r\n                <div class=\"article_main\">\r\n                    <div class=\"typical_text\">\r\n                        <h3>Ta upp dina farh\u00e5gor med sj\u00e4lvf\u00f6rtroende<\/h3>\n<h2 style=\"text-align: left;\">Anv\u00e4nd detta formul\u00e4r f\u00f6r att ta upp ett problem eller en avvikelse i leveranskedjan.<\/h2>\n<p style=\"text-align: left;\">Achilles tillhandah\u00e5ller en process som g\u00f6r det m\u00f6jligt f\u00f6r v\u00e5ra kunder att samla in och registrera klagom\u00e5l och missf\u00f6rh\u00e5llanden som r\u00f6r deras \u00e5tg\u00e4rder och p\u00e5verkan inom milj\u00f6, samh\u00e4lle och styrning.<\/p>\n<p style=\"text-align: left;\">Klagom\u00e5l kan l\u00e4mnas in anonymt. Om du vill f\u00e5 ett svar p\u00e5 ditt klagom\u00e5l eller till\u00e5ta att ytterligare information samlas in f\u00f6r att st\u00f6dja en utredning, v\u00e4nligen ange dina kontaktuppgifter i slutet av detta formul\u00e4r. <\/p>\n \r\n                    <\/div>\r\n                <\/div>\r\n            <\/article>\r\n        <\/div>\r\n    <\/div>\r\n    <div class=\"request_section\" id=\"report-form\">\r\n        <div class=\"contact_bg\">\r\n                        <img decoding=\"async\" src=\"https:\/\/www.achilles.com\/app\/uploads\/2025\/03\/Form-Background-Plain.png\" alt=\"\">\r\n                    <\/div>\r\n        <div class=\"container\">\r\n            <div class=\"request_inner\">\r\n                                <div class=\"request_box\">\r\n                    <script src=\"https:\/\/www.cognitoforms.com\/f\/seamless.js\" data-key=\"6vlHRdu9HkagfolFspGvYA\" data-form=\"104\"><\/script>                <\/div>\r\n            <\/div>\r\n        <\/div>\r\n    <\/div>\r\n\r\n        <div class=\"content_section bg_grey\" id=\"report-follow\">\r\n            <div class=\"container\">\r\n                <div class=\"content_wrap\">\r\n                    <div class=\"content_info\">\r\n                                                <p class=\"title_category\">FOLLOW UP A CONCERN<\/p>\r\n                                                <h2 class=\"title_section\">Report Follow Up<\/h2>\r\n                                                <div class=\"typical_text\">\r\n                            <p>Om du redan har tagit upp ett problem med oss och vill kontrollera statusen eller andra detaljer ang\u00e5ende problemet. Klicka h\u00e4r f\u00f6r att skicka ett e-postmeddelande med ditt formul\u00e4rnummer och andra uppgifter som du anser kan vara relevanta. <\/p>\n<p><a href=\"mailto:marketing@achilles.com\">Uppf\u00f6ljning<\/a><\/p>\n                        <\/div>\r\n                                            <\/div>\r\n                <\/div>\r\n            <\/div>\r\n        <\/div>\r\n","protected":false},"excerpt":{"rendered":"","protected":false},"author":2,"featured_media":0,"parent":0,"menu_order":0,"comment_status":"closed","ping_status":"closed","template":"","meta":{"_acf_changed":false,"content-type":"","footnotes":""},"class_list":["post-66750","page","type-page","status-publish","hentry"],"acf":[],"_links":{"self":[{"href":"https:\/\/www.achilles.com\/sv\/wp-json\/wp\/v2\/pages\/66750","targetHints":{"allow":["GET"]}}],"collection":[{"href":"https:\/\/www.achilles.com\/sv\/wp-json\/wp\/v2\/pages"}],"about":[{"href":"https:\/\/www.achilles.com\/sv\/wp-json\/wp\/v2\/types\/page"}],"author":[{"embeddable":true,"href":"https:\/\/www.achilles.com\/sv\/wp-json\/wp\/v2\/users\/2"}],"replies":[{"embeddable":true,"href":"https:\/\/www.achilles.com\/sv\/wp-json\/wp\/v2\/comments?post=66750"}],"version-history":[{"count":0,"href":"https:\/\/www.achilles.com\/sv\/wp-json\/wp\/v2\/pages\/66750\/revisions"}],"wp:attachment":[{"href":"https:\/\/www.achilles.com\/sv\/wp-json\/wp\/v2\/media?parent=66750"}],"curies":[{"name":"wp","href":"https:\/\/api.w.org\/{rel}","templated":true}]}}