{"id":54056,"date":"2024-10-03T11:28:20","date_gmt":"2024-10-03T10:28:20","guid":{"rendered":"https:\/\/www.achilles.com\/carbon-measurement-and-reporting\/"},"modified":"2024-11-22T14:12:22","modified_gmt":"2024-11-22T14:12:22","slug":"carbon-measurement-and-reporting","status":"publish","type":"page","link":"https:\/\/www.achilles.com\/sv\/carbon-measurement-and-reporting\/","title":{"rendered":"M\u00e4tning och rapportering av koldioxidutsl\u00e4pp"},"content":{"rendered":"    <div class=\"top_section\">\n        <div class=\"container\">\n            <div class=\"top_info half\">\n                                    <h1 class=\"top_title\">Noggrann ber\u00e4kning och m\u00e4tning f\u00f6r koldioxidreduktion<\/h1>\n                                    <div class=\"top_text\">\n                        <p>M\u00e4tning och minskning av koldioxidutsl\u00e4pp beh\u00f6ver inte vara \u00f6verv\u00e4ldigande. Achilles g\u00f6r det m\u00f6jligt f\u00f6r f\u00f6retag i alla storlekar att enkelt m\u00e4ta, minska och rapportera koldioxidutsl\u00e4pp. S\u00e4tt upp vetenskapligt baserade koldioxidm\u00e5l, g\u00f6r verkliga framsteg och f\u00e5 en varaktig inverkan p\u00e5 era h\u00e5llbarhetsm\u00e5l.  <\/p>\n                    <\/div>\n                                    <div class=\"top_buttons\">\n                                                    <a target=\"_blank\" class=\"btn btn_big\" href=\"https:\/\/meetings.hubspot.com\/ben-rodriguez1\/?__hstc=82494281.0095b3d6d883e457ea7e8370c3ce45bf.1694163453394.1727796812394.1727867923177.748&#038;__hssc=82494281.17.1727867923177&#038;__hsfp=2132701734&#038;uuid=242b4ba6-f2e7-4844-a866-d6f88140baca\">Book a Carbon Consultation <\/a>\n                                            <\/div>\n                            <\/div>\n        <\/div>\n        <div class=\"top_media\">\n\t\t\t            <img decoding=\"async\" src=\"https:\/\/www.achilles.com\/app\/uploads\/2024\/10\/carbon-banner.png\" alt=\"a pair of footprints in the middle of a green field\">\n                    <\/div>\n    <\/div>\n            <div class=\"content_section\">\r\n            <div class=\"container\">\r\n                <div class=\"content_wrap\">\r\n                    <div class=\"content_info ogo2\">\r\n                                                <p class=\"title_category\">Start your Journey: Baseline and Reduce Carbon Emissions<\/p>\r\n                                                <h2 class=\"title_page\">The Achilles Carbon Management Module<\/h2>\r\n                                                <div class=\"typical_text\">\r\n                            <p>Achilles Carbon Management Module \u00e4r utformad f\u00f6r att hj\u00e4lpa f\u00f6retag att ta kontroll \u00f6ver sin koldioxidresa genom att tillhandah\u00e5lla ett s\u00e4tt att fastst\u00e4lla baslinjen och minska koldioxidutsl\u00e4ppen. Oavsett om du precis har p\u00e5b\u00f6rjat din h\u00e5llbarhetsresa eller vill f\u00f6rb\u00e4ttra dina nuvarande insatser erbjuder vi ett enkelt och effektivt s\u00e4tt att m\u00e4ta, hantera och minska ditt koldioxidavtryck. Genom att hj\u00e4lpa till att s\u00e4tta vetenskapligt baserade koldioxidm\u00e5l kan leverant\u00f6rer tryggt s\u00e4nka sina utsl\u00e4pp och visa sitt engagemang f\u00f6r h\u00e5llbarhet.  <\/p>\n                        <\/div>\r\n                                            <\/div>\r\n\t\t\t\t\t\t\t\t\t\t\r\n                                    <\/div>\r\n            <\/div>\r\n        <\/div>\r\n        <div class=\"content_section bg_grey\">\r\n        <div class=\"container\">\r\n                        <div class=\"description_section\">\r\n                                <h2 class=\"title_section\">Hur kolmodulen fungerar<\/h2>\r\n                            <\/div>\r\n                        <div class=\"features_wrap\">\r\n                                <div class=\"feature_item\">\r\n                                        <h3 class=\"feature_item_name\">Steg-f\u00f6r-steg-v\u00e4gledning<\/h3>\r\n                                        <div class=\"typical_text\">\r\n                        <p><img loading=\"lazy\" decoding=\"async\" class=\"alignnone size-full wp-image-50626 aligncenter\" src=\"https:\/\/www.achilles.com\/wp\/wp-content\/uploads\/2024\/10\/carbon-3.png\" alt=\"fotavtryck med siffror\" width=\"200\" height=\"200\" srcset=\"https:\/\/www.achilles.com\/app\/uploads\/2024\/10\/carbon-3.png 200w, https:\/\/www.achilles.com\/app\/uploads\/2024\/10\/carbon-3-150x150.png 150w\" sizes=\"auto, (max-width: 200px) 100vw, 200px\" \/><\/p>\n<p>Achilles erbjuder en komplett lista med fr\u00e5gor som hj\u00e4lper f\u00f6retag att samla in de r\u00e5data om utsl\u00e4pp som de beh\u00f6ver. Dessa data \u00e4r viktiga f\u00f6r att m\u00e4ta koldioxidavtrycket. De inneh\u00e5ller information om bensinanv\u00e4ndning, elf\u00f6rbrukning med mera.  <\/p>\n                    <\/div>\r\n                                    <\/div>\r\n                                <div class=\"feature_item\">\r\n                                        <h3 class=\"feature_item_name\">Kalkylator f\u00f6r koldioxidavtryck<\/h3>\r\n                                        <div class=\"typical_text\">\r\n                        <p><img loading=\"lazy\" decoding=\"async\" class=\"alignnone size-full wp-image-50606 aligncenter\" src=\"https:\/\/www.achilles.com\/wp\/wp-content\/uploads\/2024\/10\/carbon-5.png\" alt=\"kolm\u00e4tare\" width=\"200\" height=\"200\" srcset=\"https:\/\/www.achilles.com\/app\/uploads\/2024\/10\/carbon-5.png 200w, https:\/\/www.achilles.com\/app\/uploads\/2024\/10\/carbon-5-150x150.png 150w\" sizes=\"auto, (max-width: 200px) 100vw, 200px\" \/><\/p>\n<p>V\u00e5r kostnadseffektiva kalkylator anv\u00e4nder globalt erk\u00e4nda algoritmer, vilket s\u00e4kerst\u00e4ller <strong>korrekt sp\u00e5rning av utsl\u00e4pp<\/strong> och efterlevnad av internationella standarder som <strong>Greenhouse Gas Protocol<\/strong>.<\/p>\n                    <\/div>\r\n                                    <\/div>\r\n                                <div class=\"feature_item\">\r\n                                        <h3 class=\"feature_item_name\">Detaljerad analys av koldioxidutsl\u00e4pp<\/h3>\r\n                                        <div class=\"typical_text\">\r\n                        <p><img loading=\"lazy\" decoding=\"async\" class=\"alignnone size-full wp-image-50656 aligncenter\" src=\"https:\/\/www.achilles.com\/wp\/wp-content\/uploads\/2024\/10\/carbon-6.png\" alt=\"ikon f\u00f6r stapeldiagram\" width=\"200\" height=\"200\" srcset=\"https:\/\/www.achilles.com\/app\/uploads\/2024\/10\/carbon-6.png 200w, https:\/\/www.achilles.com\/app\/uploads\/2024\/10\/carbon-6-150x150.png 150w\" sizes=\"auto, (max-width: 200px) 100vw, 200px\" \/><\/p>\n<p>Utnyttja tydliga och anv\u00e4ndbara insikter f\u00f6r att <strong>j\u00e4mf\u00f6ra koldioxidminskningsframsteg<\/strong>, f\u00f6lja utvecklingen \u00f6ver tid och prioritera minskningsstrategier.<\/p>\n<p>&nbsp;<\/p>\n<p style=\"text-align: right;\"><a class=\"cta-button red-box\" href=\"#carbon_form\">Kom ig\u00e5ng<\/a><\/p>\n                    <\/div>\r\n                                    <\/div>\r\n                            <\/div>\r\n                    <\/div>\r\n    <\/div>\r\n            <div class=\"content_section\">\r\n            <div class=\"container\">\r\n                <div class=\"content_wrap\">\r\n                    <div class=\"content_info ogo2\">\r\n                                                <p class=\"title_category\">Take Decisive Action<\/p>\r\n                                                <div class=\"typical_text\">\r\n                            <h3>Ber\u00e4kna och m\u00e4t koldioxidutsl\u00e4pp med meningsfulla analyser<\/h3>\n<p>Achilles ger f\u00f6retag m\u00f6jlighet att g\u00f6ra meningsfulla f\u00f6r\u00e4ndringar genom att tillhandah\u00e5lla detaljerad koldioxidanalys. Dessa insikter g\u00f6r det m\u00f6jligt f\u00f6r dig att: <\/p>\n<ul style=\"list-style: none; margin: 0; padding: 0;\">\n<li style=\"position: relative; padding-left: 25px;\"><span style=\"color: #ea2c2e; position: absolute; left: 0;\">\u2714J\u00e4mf\u00f6r<\/span>dina framsteg med att minska koldioxidutsl\u00e4ppen.<\/li>\n<li style=\"position: relative; padding-left: 25px;\"><span style=\"color: #ea2c2e; position: absolute; left: 0;\">\u2714Sp\u00e5ra<\/span>prestationer \u00f6ver tid.<\/li>\n<li style=\"position: relative; padding-left: 25px;\"><span style=\"color: #ea2c2e; position: absolute; left: 0;\">\u2714Identifiera<\/span>genomf\u00f6rbara \u00e5tg\u00e4rder f\u00f6r att minska utsl\u00e4ppen.<\/li>\n<\/ul>\n                        <\/div>\r\n                                            <\/div>\r\n\t\t\t\t\t\t\t\t\t\t\r\n                                        <div class=\"content_media\">\r\n                        <img decoding=\"async\" src=\"https:\/\/www.achilles.com\/app\/uploads\/2024\/09\/Analytics-Carbon-dashboard.jpg\" alt=\"colourful dashboard with graphs and tables as a demonstration\">\r\n                    <\/div>\r\n                                    <\/div>\r\n            <\/div>\r\n        <\/div>\r\n                <div class=\"content_section bg_grey\">\r\n            <div class=\"container\">\r\n                <div class=\"content_wrap right\">\r\n                    <div class=\"content_info ogo2\">\r\n                                                <p class=\"title_category\">Building Carbon Management Capability<\/p>\r\n                                                <div class=\"typical_text\">\r\n                            <h3>En l\u00f6sning som \u00e4r skr\u00e4ddarsydd f\u00f6r ditt f\u00f6retags koldioxidresa<\/h3>\n<p>Achilles hj\u00e4lper f\u00f6retag att bygga upp robusta strategier f\u00f6r koldioxidhantering. V\u00e5ra dedikerade kundansvariga erbjuder personlig v\u00e4gledning genom varje fas av er resa f\u00f6r att minska koldioxidutsl\u00e4ppen. <\/p>\n<ul style=\"list-style-type: none; padding-left: 0;\">\n<li style=\"position: relative; padding-left: 25px;\"><span style=\"color: #ea2c2e; position: absolute; left: 0;\">\u2714Rapportera<\/span>och m\u00e4ta korrekta utsl\u00e4ppsdata.<\/li>\n<li style=\"position: relative; padding-left: 25px;\"><span style=\"color: #ea2c2e; position: absolute; left: 0;\">\u2714St\u00e4ll<\/span>upp vetenskapligt baserade koldioxidm\u00e5l.<\/li>\n<li style=\"position: relative; padding-left: 25px;\"><span style=\"color: #ea2c2e; position: absolute; left: 0;\">\u2714Implementera<\/span>effektiva strategier f\u00f6r att minska koldioxidutsl\u00e4ppen.<\/li>\n<\/ul>\n<p>Detta skr\u00e4ddarsydda st\u00f6d s\u00e4kerst\u00e4ller att f\u00f6retagen uppfyller h\u00e5llbarhetsm\u00e5len och utm\u00e4rker sig inom <strong>l\u00e5ngsiktig<\/strong>koldioxidhantering.<\/p>\n<p>&nbsp;<\/p>\n                        <\/div>\r\n                                                <a class=\"btn btn_big\" href=\"#carbon_form\">Starta din Jouney<\/a>\r\n                                            <\/div>\r\n\t\t\t\t\t\t\t\t\t\t\r\n                                        <div class=\"content_media\">\r\n                        <img decoding=\"async\" src=\"https:\/\/www.achilles.com\/app\/uploads\/2024\/10\/carbon-journey-1.png\" alt=\"an illustration of a winding road with wind turbines in the background\">\r\n                    <\/div>\r\n                                    <\/div>\r\n            <\/div>\r\n        <\/div>\r\n        <div class=\"content_section\">\r\n        <div class=\"container\">\r\n                        <div class=\"description_section full\">\r\n                                <p class=\"title_category\">Carbon Reporting: Take the Next Step<\/p>\r\n                                <h2 class=\"title_section\">Att g\u00e5 vidare med koldioxidreduktion:<\/h2>\r\n                                <div class=\"typical_text\">\r\n                    <p>Achilles hj\u00e4lper dig att g\u00e5 l\u00e4ngre \u00e4n grundl\u00e4ggande sp\u00e5rning av utsl\u00e4pp. Uppn\u00e5 koldioxidverifiering enligt ISO-standard, \u00f6vervaka kontinuerligt dina framsteg och anv\u00e4nd koldioxidrapportering f\u00f6r att \u00f6ppna upp nya aff\u00e4rsm\u00f6jligheter. Med Achilles leder era koldioxidanstr\u00e4ngningar till verklig, m\u00e4tbar tillv\u00e4xt.  <\/p>\n                <\/div>\r\n                            <\/div>\r\n                        <div class=\"features_wrap\">\r\n                                <div class=\"feature_item\">\r\n                                        <div class=\"feature_item_icon\">\r\n                        <img decoding=\"async\" src=\"https:\/\/www.achilles.com\/app\/uploads\/2024\/10\/2.png\" alt=\"circle with a tick and shield\">\r\n                    <\/div>\r\n                                        <h3 class=\"feature_item_name\">Oberoende verifierad koldioxidrapportering<\/h3>\r\n                                        <div class=\"typical_text\">\r\n                        <p>G\u00e5 l\u00e4ngre \u00e4n att sp\u00e5ra utsl\u00e4pp med Achilles Carbon Reduce. Uppn\u00e5 utsl\u00e4ppsverifiering enligt ISO-standard, utveckla effektiva strategier f\u00f6r koldioxidkompensation och visa f\u00f6retagets koldioxidreferenser med sj\u00e4lvf\u00f6rtroende. <\/p>\n<p><a class=\"cta-button red-box\" href=\"https:\/\/www.achilles.com\/carbon-reduce-programme\/\">L\u00e4s mer om koldioxidreducering<\/a><\/p>\n                    <\/div>\r\n                                    <\/div>\r\n                                <div class=\"feature_item\">\r\n                                        <div class=\"feature_item_icon\">\r\n                        <img decoding=\"async\" src=\"https:\/\/www.achilles.com\/app\/uploads\/2024\/10\/3.png\" alt=\"green, gold and red icon with bar chart, pie chart and magnifying glass\">\r\n                    <\/div>\r\n                                        <h3 class=\"feature_item_name\">Kontinuerlig \u00f6vervakning av minskade koldioxidutsl\u00e4pp<\/h3>\r\n                                        <div class=\"typical_text\">\r\n                        <p>Achilles \u00e5rliga \u00f6vervakningscykel hj\u00e4lper er att konsekvent f\u00f6lja era framsteg mot vetenskapligt baserade m\u00e5l f\u00f6r koldioxidminskning. L\u00f6pande \u00f6vervakning ger data f\u00f6r att h\u00e5lla sig i linje med h\u00e5llbarhetsm\u00e5len och visa engagemang f\u00f6r koldioxidminskning. <\/p>\n<p><a class=\"cta-button red-box\" href=\"https:\/\/meetings.hubspot.com\/ben-rodriguez1\/\">Boka en konsultation<\/a><code><\/code><\/p>\n                    <\/div>\r\n                                    <\/div>\r\n                                <div class=\"feature_item\">\r\n                                        <div class=\"feature_item_icon\">\r\n                        <img decoding=\"async\" src=\"https:\/\/www.achilles.com\/app\/uploads\/2024\/10\/carbon-8.png\" alt=\"red circle icon with a green leaf and gold bar chart in the centre\">\r\n                    <\/div>\r\n                                        <h3 class=\"feature_item_name\">Koldioxidrapportering f\u00f6r f\u00f6retagstillv\u00e4xt<\/h3>\r\n                                        <div class=\"typical_text\">\r\n                        <p>Genom att hantera ditt koldioxidavtryck kan du f\u00f6rb\u00e4ttra din h\u00e5llbarhetsprestanda och \u00f6ppna upp f\u00f6r nya m\u00f6jligheter. Genom att dela data om koldioxidutsl\u00e4pp via Achilles plattform kan du st\u00e4rka relationerna med milj\u00f6medvetna ink\u00f6pare. <\/p>\n<p><a class=\"cta-button red-box\" href=\"#carbon_form\">Kom ig\u00e5ng<\/a><\/p>\n                    <\/div>\r\n                                    <\/div>\r\n                            <\/div>\r\n                    <\/div>\r\n    <\/div>\r\n            <div class=\"content_section bg_grey\">\r\n            <div class=\"container\">\r\n                <div class=\"content_wrap\">\r\n                    <div class=\"content_info ogo2\">\r\n                                                <p class=\"title_category\">Have your own supply chain?<\/p>\r\n                                                <div class=\"typical_text\">\r\n                            <h2>M\u00e4t och minska koldioxidutsl\u00e4ppen i din leveranskedja<\/h2>\n<p>I takt med att st\u00f6rre organisationer str\u00e4var efter att uppn\u00e5 ambiti\u00f6sa h\u00e5llbarhetsm\u00e5l blir det allt viktigare att minska koldioxidutsl\u00e4ppen i leverant\u00f6rskedjan. Uppt\u00e4ck hur Achilles hj\u00e4lper f\u00f6retag att samarbeta med leverant\u00f6rer f\u00f6r att minska koldioxidutsl\u00e4ppen i hela leveranskedjan. <\/p>\n                        <\/div>\r\n                                                <a class=\"btn btn_big\" href=\"https:\/\/www.achilles.com\/supply-chain-decarbonisation\/\">L\u00e4s mer<\/a>\r\n                                            <\/div>\r\n\t\t\t\t\t\t\t\t\t\t\r\n                                        <div class=\"content_media\">\r\n                        <img decoding=\"async\" src=\"https:\/\/www.achilles.com\/app\/uploads\/2024\/10\/DALL\u00b7E-2024-10-02-15.39.44-A-stylized-landscape-in-soft-greens-and-grays-similar-in-style-to-the-provided-image-representing-the-decarbonization-of-a-supply-chain.-The-scene-i-e1727880274207.webp\" alt=\"\"A stylized, minimalist landscape in soft green and gray tones. The image depicts the decarbonization of a supply chain with elements such as a logistics truck driving along a road lined with trees, a clean industrial facility equipped with solar panels and wind turbines in the background, and footprints transitioning from dark to light green, symbolizing a reduced carbon footprint. The scene blends nature and industrial elements harmoniously, with a smooth and serene design.\">\r\n                    <\/div>\r\n                                    <\/div>\r\n            <\/div>\r\n        <\/div>\r\n        <div class=\"request_section\" id=\"carbon_form\">\r\n        <div class=\"contact_bg\">\r\n                        <img decoding=\"async\" src=\"https:\/\/www.achilles.com\/app\/uploads\/2024\/10\/carbon-banner.png\" alt=\"a pair of footprints in the middle of a green field\">\r\n                    <\/div>\r\n        <div class=\"container\">\r\n            <div class=\"request_inner\">\r\n                                <div class=\"request_wrapper\">\r\n                <h2 class=\"title_section\">Kontakta oss f\u00f6r att p\u00e5b\u00f6rja din skr\u00e4ddarsydda resa f\u00f6r att m\u00e4ta och minska dina koldioxidutsl\u00e4pp <\/h2>\r\n                <\/div>\r\n                                <div class=\"request_box\">\r\n                    <script charset=\"utf-8\" type=\"text\/javascript\" src=\"\/\/js.hsforms.net\/forms\/embed\/v2.js\"><\/script><script>hbspt.forms.create({\n    region: \"na1\",\n    portalId: \"5387762\",\n    formId: \"60efffdd-f467-407e-b17e-472907903be4\"\n  });\n<\/script>                <\/div>\r\n            <\/div>\r\n        <\/div>\r\n    <\/div>\r\n\r\n","protected":false},"excerpt":{"rendered":"","protected":false},"author":9,"featured_media":50589,"parent":0,"menu_order":0,"comment_status":"closed","ping_status":"closed","template":"","meta":{"_acf_changed":false,"content-type":"","footnotes":""},"class_list":["post-54056","page","type-page","status-publish","has-post-thumbnail","hentry"],"acf":[],"_links":{"self":[{"href":"https:\/\/www.achilles.com\/sv\/wp-json\/wp\/v2\/pages\/54056","targetHints":{"allow":["GET"]}}],"collection":[{"href":"https:\/\/www.achilles.com\/sv\/wp-json\/wp\/v2\/pages"}],"about":[{"href":"https:\/\/www.achilles.com\/sv\/wp-json\/wp\/v2\/types\/page"}],"author":[{"embeddable":true,"href":"https:\/\/www.achilles.com\/sv\/wp-json\/wp\/v2\/users\/9"}],"replies":[{"embeddable":true,"href":"https:\/\/www.achilles.com\/sv\/wp-json\/wp\/v2\/comments?post=54056"}],"version-history":[{"count":0,"href":"https:\/\/www.achilles.com\/sv\/wp-json\/wp\/v2\/pages\/54056\/revisions"}],"wp:featuredmedia":[{"embeddable":true,"href":"https:\/\/www.achilles.com\/sv\/wp-json\/wp\/v2\/media\/50589"}],"wp:attachment":[{"href":"https:\/\/www.achilles.com\/sv\/wp-json\/wp\/v2\/media?parent=54056"}],"curies":[{"name":"wp","href":"https:\/\/api.w.org\/{rel}","templated":true}]}}