{"id":38625,"date":"2024-03-08T17:07:47","date_gmt":"2024-03-08T17:07:47","guid":{"rendered":"https:\/\/www.achilles.com\/achilles-cyber-risk-management\/"},"modified":"2024-03-27T19:34:16","modified_gmt":"2024-03-27T16:34:16","slug":"achilles-cyber-risk-management","status":"publish","type":"page","link":"https:\/\/www.achilles.com\/sv\/cyber-riskhantering\/","title":{"rendered":"Cyber riskhantering"},"content":{"rendered":"    <div class=\"top_section\">\n        <div class=\"container\">\n            <div class=\"top_info half\">\n                                    <h1 class=\"top_title\">Cyber riskhantering<\/h1>\n                                    <div class=\"top_text\">\n                        <p>Cyberriskbed\u00f6mning, -hantering och -f\u00f6rb\u00e4ttring f\u00f6r \u00f6kad styrka och motst\u00e5ndskraft i leveranskedjan.<\/p>\n                    <\/div>\n                                    <div class=\"top_buttons\">\n                                                    <a class=\"btn btn_big\" href=\"#Form\"> Kontakta oss<\/a>\n                                            <\/div>\n                            <\/div>\n        <\/div>\n        <div class=\"top_media\">\n\t\t\t            <img decoding=\"async\" src=\"https:\/\/www.achilles.com\/app\/uploads\/2024\/03\/Orpheus-cyber-security-banner.png\" alt=\"\">\n                    <\/div>\n    <\/div>\n\n\n    <div class=\"content_section\">\r\n        <div class=\"container\">\r\n                        <div class=\"description_section big\">\r\n                                <h2 class=\"title_section\"> \u00d6vervaka och minska cyberrisker f\u00f6r din organisation och din leveranskedja.<\/h2>\r\n                                <div class=\"typical_text middle_text\">\r\n                    <p>Achilles samlar in och utv\u00e4rderar data fr\u00e5n det bredaste utbudet av k\u00e4llor f\u00f6r att tillhandah\u00e5lla den mest omfattande skyddet mot risker i leveranskedjan. Vi samarbetar ocks\u00e5 med ledande partners p\u00e5 marknaden f\u00f6r att erbjuda extra styrka och motst\u00e5ndskraft i leveranskedjan. Achilles Cyber Risk tillhandah\u00e5lls av <a href=\"https:\/\/orpheus-cyber.com\/\">Orpheus<\/a>, det enda regeringsackrediterade f\u00f6retaget f\u00f6r cybers\u00e4kerhetsintelligens som tillhandah\u00e5ller cyberriskbetyg.<\/p>\n                <\/div>\r\n                            <\/div>\r\n                                    <div class=\"features_wrap\">\r\n                                <div class=\"feature_item center\">\r\n                                        <div class=\"feature_item_icon\">\r\n                        <img decoding=\"async\" src=\"https:\/\/www.achilles.com\/app\/uploads\/2024\/03\/Achilles-icon-hotspot.png\" alt=\"\">\r\n                    <\/div>\r\n                                        <h3 class=\"feature_item_name\">\u00d6versikt \u00f6ver cyberrisker<\/h3>\r\n                                        <div class=\"typical_text middle_text\">\r\n                        <p>F\u00e5 en tydlig \u00f6versikt \u00f6ver dina varma punkter f\u00f6r cyberrisker i leveranskedjan f\u00f6r att kunna fokusera d\u00e4r cyberrisken och p\u00e5verkan \u00e4r h\u00f6gst.<\/p>\r\n                    <\/div>\r\n                                    <\/div>\r\n                                <div class=\"feature_item center\">\r\n                                        <div class=\"feature_item_icon\">\r\n                        <img decoding=\"async\" src=\"https:\/\/www.achilles.com\/app\/uploads\/2023\/09\/shield-globe.png\" alt=\"\">\r\n                    <\/div>\r\n                                        <h3 class=\"feature_item_name\"> Minskning av cyberrisker<\/h3>\r\n                                        <div class=\"typical_text middle_text\">\r\n                        <p>Varje leverant\u00f6r f\u00e5r tillg\u00e5ng till en detaljerad rapport om sina cybers\u00e5rbarheter tillsammans med handlingsbara insikter och rekommendationer f\u00f6r att f\u00f6rb\u00e4ttra deras betyg och minska deras exponering f\u00f6r cyberrisker.<\/p>\r\n                    <\/div>\r\n                                    <\/div>\r\n                                <div class=\"feature_item center\">\r\n                                        <div class=\"feature_item_icon\">\r\n                        <img decoding=\"async\" src=\"https:\/\/www.achilles.com\/app\/uploads\/2023\/11\/Icons-15.png\" alt=\"circle icon with arrows\">\r\n                    <\/div>\r\n                                        <h3 class=\"feature_item_name\"> \u00d6vervakning av prestanda<\/h3>\r\n                                        <div class=\"typical_text middle_text\">\r\n                        <p>Orpheus cyberscore g\u00f6r det m\u00f6jligt f\u00f6r dig att \u00f6vervaka och rapportera om prestandan inom cyberriskhantering samt att identifiera trender p\u00e5 \u00f6vergripande niv\u00e5 i leveranskedjan och p\u00e5 individuell leverant\u00f6rsniv\u00e5.<\/p>\r\n                    <\/div>\r\n                                    <\/div>\r\n                            <\/div>\r\n                                <\/div>\r\n    <\/div>\r\n\n\n    <div class=\"content_section bg_grey\">\r\n        <div class=\"container\">\r\n                        <div class=\"description_section big center\">\r\n                                <h2 class=\"title_section\"> Cyberhot utvecklas st\u00e4ndigt. L\u00e5t inte din organisation ligga efter.<\/h2>\r\n                            <\/div>\r\n                                            <\/div>\r\n    <\/div>\r\n\n\n            <div class=\"content_section\">\r\n            <div class=\"container\">\r\n                <div class=\"content_wrap\">\r\n                    <div class=\"content_info ogo2\">\r\n                                                <p class=\"title_category\">OM ORPHEUS<\/p>\r\n                                                <h2 class=\"title_page\"> En ledare inom cybers\u00e4kerhetshot<\/h2>\r\n                                                <div class=\"typical_text middle_text\">\r\n                            <p>Orpheus har en gedigen erfarenhet av att tillhandah\u00e5lla banbrytande tj\u00e4nster f\u00f6r cybers\u00e4kerhetsintelligens. Det \u00e4r bland de b\u00e4sta i v\u00e4rlden n\u00e4r det g\u00e4ller att skydda f\u00f6retag fr\u00e5n cybers\u00e4kerhetshot och har f\u00f6retagsackrediteringar, individuella certifieringar och ett gott rykte som bevisar detta.<\/p>\n                        <\/div>\r\n                                            <\/div>\r\n\t\t\t\t\t\t\t\t\t\t\r\n                                        <div class=\"content_media\">\r\n                        <img decoding=\"async\" src=\"https:\/\/www.achilles.com\/app\/uploads\/2024\/03\/Orpheus-risk.jpeg\" width=\"500\" alt=\"\">\r\n                    <\/div>\r\n                                    <\/div>\r\n            <\/div>\r\n        <\/div>\r\n    \n\n            <div class=\"content_section bg_grey\">\r\n            <div class=\"container\">\r\n                <div class=\"content_wrap right\">\r\n                    <div class=\"content_info ogo2\">\r\n                                                <h2 class=\"title_page\">Sofistikerad teknologi<\/h2>\r\n                                                <div class=\"typical_text\">\r\n                            <p>Orpheus anv\u00e4nder avancerad teknologi f\u00f6r att samla in, indexera, lagra och analysera enorma volymer av cybers\u00e4kerhetsintelligens fr\u00e5n en m\u00e4ngd olika k\u00e4llor, b\u00e5de tekniska och icke-tekniska, och anv\u00e4nder en blandning av teknologiska och manuella tekniker f\u00f6r att tillhandah\u00e5lla f\u00f6ruts\u00e4gbar och handlingsbar intelligens till Achilles-k\u00f6pare och leverant\u00f6rer.<\/p>\n                        <\/div>\r\n                                            <\/div>\r\n\t\t\t\t\t\t\t\t\t\t\r\n                                        <div class=\"content_media\">\r\n                        <img decoding=\"async\" src=\"https:\/\/www.achilles.com\/app\/uploads\/2024\/03\/Orpheus-intelligence.jpeg\" width=\"450\" alt=\"\">\r\n                    <\/div>\r\n                                    <\/div>\r\n            <\/div>\r\n        <\/div>\r\n    \n\n            <div class=\"content_section\">\r\n            <div class=\"container\">\r\n                <div class=\"content_wrap\">\r\n                    <div class=\"content_info ogo2\">\r\n                                                <h2 class=\"title_page\"> S\u00e4kerhetsl\u00f6sningar baserade p\u00e5 hotutveckling<\/h2>\r\n                                                <h5 class=\"title_small\"> M\u00f6jligg\u00f6ra f\u00f6rebyggande \u00e5tg\u00e4rder<\/h5>\r\n                                                <div class=\"typical_text\">\r\n                            <p>Orpheus-systemet identifierar vem som troligtvis kommer att attackera, hur de kommer att g\u00f6ra det och de aktuella s\u00e5rbarheter som de kommer att utnyttja. Detta m\u00f6jligg\u00f6r f\u00f6r kunderna att fokusera p\u00e5 de omedelbara s\u00e4kerhets\u00e5tg\u00e4rderna som beh\u00f6vs f\u00f6r att stoppa cyberrisker innan de intr\u00e4ffar.<\/p>\n                        <\/div>\r\n                                            <\/div>\r\n\t\t\t\t\t\t\t\t\t\t\r\n                                        <div class=\"content_media\">\r\n                        <img decoding=\"async\" src=\"https:\/\/www.achilles.com\/app\/uploads\/2024\/03\/Orpheus-process.png\" alt=\"\">\r\n                    <\/div>\r\n                                    <\/div>\r\n            <\/div>\r\n        <\/div>\r\n    \n\n    <div class=\"content_section\">\r\n        <div class=\"container\">\r\n                        <div class=\"description_section\">\r\n                                <p class=\"title_category\">Orpheus kunder<\/p>\r\n                                <h2 class=\"title_section\">Tillf\u00f6rlitlig av stora organisationer \u00f6ver hela v\u00e4rlden<\/h2>\r\n                            <\/div>\r\n                        <div class=\"logos_wrap\">\r\n                                <div class=\"logo_item\">\r\n                    <img decoding=\"async\" src=\"https:\/\/www.achilles.com\/app\/uploads\/2024\/03\/Aston-Martin.png\" alt=\"\" width=\"250\">\r\n                <\/div>\r\n                                <div class=\"logo_item\">\r\n                    <img decoding=\"async\" src=\"https:\/\/www.achilles.com\/app\/uploads\/2024\/03\/Telefonica-o2.svg_.png\" alt=\"o2 logo\" width=\"250\">\r\n                <\/div>\r\n                                <div class=\"logo_item\">\r\n                    <img decoding=\"async\" src=\"https:\/\/www.achilles.com\/app\/uploads\/2024\/03\/BNY-Mellon.png\" alt=\"\" width=\"251\">\r\n                <\/div>\r\n                                <div class=\"logo_item\">\r\n                    <img decoding=\"async\" src=\"https:\/\/www.achilles.com\/app\/uploads\/2024\/03\/Danmark-National-Bank-Logo.jpeg\" alt=\"Danmarks National Bank logo\" width=\"250\">\r\n                <\/div>\r\n                                <div class=\"logo_item\">\r\n                    <img decoding=\"async\" src=\"https:\/\/www.achilles.com\/app\/uploads\/2024\/03\/Goldman-sachs.png\" alt=\"\" width=\"250\">\r\n                <\/div>\r\n                                <div class=\"logo_item\">\r\n                    <img decoding=\"async\" src=\"https:\/\/www.achilles.com\/app\/uploads\/2024\/03\/SP.png\" alt=\"\" width=\"250\">\r\n                <\/div>\r\n                                <div class=\"logo_item\">\r\n                    <img decoding=\"async\" src=\"https:\/\/www.achilles.com\/app\/uploads\/2024\/03\/MOD.png\" alt=\"\" width=\"250\">\r\n                <\/div>\r\n                                <div class=\"logo_item\">\r\n                    <img decoding=\"async\" src=\"https:\/\/www.achilles.com\/app\/uploads\/2024\/03\/Morgan-Stanley-Logo-2001-2006.png\" alt=\"\" width=\"250\">\r\n                <\/div>\r\n                                <div class=\"logo_item\">\r\n                    <img decoding=\"async\" src=\"https:\/\/www.achilles.com\/app\/uploads\/2024\/03\/Standard-Chartered-1.jpeg\" alt=\"\" width=\"250\">\r\n                <\/div>\r\n                                <div class=\"logo_item\">\r\n                    <img decoding=\"async\" src=\"https:\/\/www.achilles.com\/app\/uploads\/2023\/09\/Morgan-Sindall.png\" alt=\"\" width=\"250\">\r\n                <\/div>\r\n                            <\/div>\r\n                    <\/div>\r\n    <\/div>\r\n\n\n            <div class=\"hero_section\">\r\n           <div class=\"hero_media\">\r\n                                <img decoding=\"async\" src=\"https:\/\/www.achilles.com\/app\/uploads\/2024\/03\/AdobeStock_512994567_Preview.jpeg\" alt=\"\">\r\n                            <\/div>\r\n            <div class=\"container\">\r\n                <div class=\"hero_wrapper\">\r\n                    <div class=\"hero_info\">\r\n                                                <h2 class=\"title_section\">&#8221;Det finns otaliga funktioner p\u00e5 Orpheus plattform som g\u00f6r att vi kan f\u00e5 tillg\u00e5ng till v\u00e5r cyber risk prestanda. Orpheus plattform har blivit framtr\u00e4dande och avg\u00f6rande f\u00f6r v\u00e5ra organisations cybers\u00e4kerhetsprocedurer.&#8221;<\/h2>\r\n                                                <div class=\"typical_text middle_text\">\r\n                            <p>Aston Martin<\/p>\r\n                        <\/div>\r\n                                            <\/div>\r\n                <\/div>\r\n            <\/div>\r\n        <\/div>\r\n    \n\n    <div class=\"content_section\">\r\n        <div class=\"container\">\r\n                        <div class=\"description_section\">\r\n                                <h2 class=\"title_section\">Akkrediterad och certifierad av<\/h2>\r\n                            <\/div>\r\n                        <div class=\"logos_wrap\">\r\n                                <div class=\"logo_item\">\r\n                    <img decoding=\"async\" src=\"https:\/\/www.achilles.com\/app\/uploads\/2024\/03\/BOE-Logo.jpg\" alt=\"\" width=\"250\">\r\n                <\/div>\r\n                                <div class=\"logo_item\">\r\n                    <img decoding=\"async\" src=\"https:\/\/www.achilles.com\/app\/uploads\/2024\/03\/CBEST-Accreditations.png\" alt=\"\" width=\"244\">\r\n                <\/div>\r\n                                <div class=\"logo_item\">\r\n                    <img decoding=\"async\" src=\"https:\/\/www.achilles.com\/app\/uploads\/2024\/03\/CCS-Accreditations.png\" alt=\"\" width=\"249\">\r\n                <\/div>\r\n                                <div class=\"logo_item\">\r\n                    <img decoding=\"async\" src=\"https:\/\/www.achilles.com\/app\/uploads\/2024\/03\/Crest-logo-Refresh_2022_CMYK_2_AW_col-no-reg-TM-scaled-1-scaled.jpeg\" alt=\"\" width=\"248\">\r\n                <\/div>\r\n                                <div class=\"logo_item\">\r\n                    <img decoding=\"async\" src=\"https:\/\/www.achilles.com\/app\/uploads\/2024\/03\/CTIPs-Accreditations.png\" alt=\"\" width=\"250\">\r\n                <\/div>\r\n                                <div class=\"logo_item\">\r\n                    <img decoding=\"async\" src=\"https:\/\/www.achilles.com\/app\/uploads\/2024\/03\/Star.png\" alt=\"\">\r\n                <\/div>\r\n                                <div class=\"logo_item\">\r\n                    <img decoding=\"async\" src=\"https:\/\/www.achilles.com\/app\/uploads\/2024\/03\/Star-FS.png\" alt=\"\">\r\n                <\/div>\r\n                                <div class=\"logo_item\">\r\n                    <img decoding=\"async\" src=\"https:\/\/www.achilles.com\/app\/uploads\/2024\/03\/gcloud.jpg\" alt=\"\">\r\n                <\/div>\r\n                                <div class=\"logo_item\">\r\n                    <img decoding=\"async\" src=\"https:\/\/www.achilles.com\/app\/uploads\/2024\/03\/FCA.png\" alt=\"\">\r\n                <\/div>\r\n                                <div class=\"logo_item\">\r\n                    <img decoding=\"async\" src=\"https:\/\/www.achilles.com\/app\/uploads\/2024\/03\/Cyber-Essentials-Plus.png\" alt=\"\">\r\n                <\/div>\r\n                            <\/div>\r\n                    <\/div>\r\n    <\/div>\r\n\n\n    <div class=\"request_section\" id=\"Form\">\r\n        <div class=\"contact_bg\">\r\n                    <\/div>\r\n        <div class=\"container\">\r\n            <div class=\"request_inner\">\r\n                                <div class=\"request_wrapper\">\r\n                <h2 class=\"title_section\">Kontakta oss f\u00f6r att l\u00e4ra dig mer om v\u00e5ra cybers\u00e4kerhetsl\u00f6sningar i partnerskap med Orpheus. Achilles nyheter och insikter.<\/h2>\r\n                <\/div>\r\n                                <div class=\"request_box\">\r\n                    <script charset=\"utf-8\" type=\"text\/javascript\" src=\"\/\/js.hsforms.net\/forms\/embed\/v2.js\"><\/script>\r\n<script>\r\n  hbspt.forms.create({\r\n    region: \"na1\",\r\n    portalId: \"5387762\",\r\n    formId: \"e431edee-0604-4d3f-8e60-2ea45686f3cc\"\r\n  });\r\n<\/script>                <\/div>\r\n            <\/div>\r\n        <\/div>\r\n    <\/div>\r\n\r\n\n\n    <div class=\"content_section\">\r\n        <div class=\"container\">\r\n                        <div class=\"posts_panel\">\r\n                <div class=\"description_section\">\r\n                                        <p class=\"title_category\">Achilles nyheter och insikter<\/p>\r\n                     \r\n                    <h2 class=\"title_section\">Utvald f\u00f6r dig<\/h2>\r\n                                    <\/div>\r\n                            <\/div>\r\n                                <\/div>\r\n    <\/div>\r\n","protected":false},"excerpt":{"rendered":"","protected":false},"author":2,"featured_media":0,"parent":0,"menu_order":0,"comment_status":"closed","ping_status":"closed","template":"","meta":{"_acf_changed":false,"content-type":"","footnotes":""},"class_list":["post-38625","page","type-page","status-publish","hentry"],"acf":[],"_links":{"self":[{"href":"https:\/\/www.achilles.com\/sv\/wp-json\/wp\/v2\/pages\/38625","targetHints":{"allow":["GET"]}}],"collection":[{"href":"https:\/\/www.achilles.com\/sv\/wp-json\/wp\/v2\/pages"}],"about":[{"href":"https:\/\/www.achilles.com\/sv\/wp-json\/wp\/v2\/types\/page"}],"author":[{"embeddable":true,"href":"https:\/\/www.achilles.com\/sv\/wp-json\/wp\/v2\/users\/2"}],"replies":[{"embeddable":true,"href":"https:\/\/www.achilles.com\/sv\/wp-json\/wp\/v2\/comments?post=38625"}],"version-history":[{"count":0,"href":"https:\/\/www.achilles.com\/sv\/wp-json\/wp\/v2\/pages\/38625\/revisions"}],"wp:attachment":[{"href":"https:\/\/www.achilles.com\/sv\/wp-json\/wp\/v2\/media?parent=38625"}],"curies":[{"name":"wp","href":"https:\/\/api.w.org\/{rel}","templated":true}]}}