{"id":25597,"date":"2023-09-30T16:56:43","date_gmt":"2023-09-30T15:56:43","guid":{"rendered":"https:\/\/www.achilles.com\/skaldjur-isabelle\/"},"modified":"2023-10-23T17:56:12","modified_gmt":"2023-10-23T14:56:12","slug":"seafood","status":"publish","type":"page","link":"https:\/\/www.achilles.com\/sv\/skaldjur-isabelle\/","title":{"rendered":"Seafood"},"content":{"rendered":"    <div class=\"top_section\">\n        <div class=\"container\">\n            <div class=\"top_info\">\n                                    <h1 class=\"top_title\">Seafood<\/h1>\n                                    <div class=\"top_text\">\n                        <p><span class=\"jCAhz ChMk0b\"><span class=\"ryNqvb\">Ett dedikerat n\u00e4tverk f\u00f6r ink\u00f6pare och leverant\u00f6rer inom fisk- och skaldjursindustrin, utvecklat f\u00f6r och av de st\u00f6rsta akt\u00f6rerna i branschen tillsammans med Achilles.<\/span><\/span> <span class=\"jCAhz ChMk0b\"><span class=\"ryNqvb\">Vi st\u00f6der branschen med l\u00f6sningar f\u00f6r b\u00e4sta praxis och efterlevnad i enlighet med transparenslagen samt milj\u00f6-, social- och aff\u00e4rsetik i hela leveranskedjan.<\/span><\/span><\/p>\n                    <\/div>\n                                    <div class=\"top_buttons\">\n                                                    <a class=\"btn btn_white btn_big\" href=\"\/contact-us\">Prata med oss<\/a>\n                                            <\/div>\n                            <\/div>\n        <\/div>\n        <div class=\"top_media\">\n\t\t\t        <\/div>\n    <\/div>\n    <div class=\"content_section\">\r\n        <div class=\"container\">\r\n                        <div class=\"description_section\">\r\n                                <p class=\"title_category\">ACHILLES KUNDER<\/p>\r\n                                <h2 class=\"title_section\">V\u00e4rldens ledande energibolag v\u00e4ljer Achilles<\/h2>\r\n                                <div class=\"typical_text middle_text\">\r\n                    <p>Achilles arbetar med v\u00e4rldens ledande fisk- och skaldjursf\u00f6retag och ger st\u00f6d \u00f6ver hela v\u00e4rlden f\u00f6r att minska milj\u00f6p\u00e5verkan, utrota modernt slaveri, st\u00f6dja kontinuerliga f\u00f6rb\u00e4ttringar av leveranskedjan och s\u00e4kerst\u00e4lla tillf\u00f6rlitlig rapportering av due diligence i leveranskedjan.<\/p>\n                <\/div>\r\n                            <\/div>\r\n                        <div class=\"logos_wrap\">\r\n                                <div class=\"logo_item\">\r\n                    <img decoding=\"async\" src=\"https:\/\/www.achilles.com\/app\/uploads\/2023\/10\/1200px-Leroy_logo.svg.png\" alt=\"\" width=\"250\">\r\n                <\/div>\r\n                                <div class=\"logo_item\">\r\n                    <img decoding=\"async\" src=\"https:\/\/www.achilles.com\/app\/uploads\/2023\/10\/Grieg_Seafood_logo.svg\" alt=\"\" width=\"250\">\r\n                <\/div>\r\n                                <div class=\"logo_item\">\r\n                    <img decoding=\"async\" src=\"https:\/\/www.achilles.com\/app\/uploads\/2023\/10\/NovaSea_Hovedlogo_GraaRoed_CMYK.png\" alt=\"\" width=\"250\">\r\n                <\/div>\r\n                                <div class=\"logo_item\">\r\n                    <img decoding=\"async\" src=\"https:\/\/www.achilles.com\/app\/uploads\/2023\/10\/Cermaq.png\" alt=\"\" width=\"246\">\r\n                <\/div>\r\n                                <div class=\"logo_item\">\r\n                    <img decoding=\"async\" src=\"https:\/\/www.achilles.com\/app\/uploads\/2023\/10\/MOWI_LOGOS-01.png\" alt=\"\" width=\"248\">\r\n                <\/div>\r\n                            <\/div>\r\n                    <\/div>\r\n    <\/div>\r\n    <div class=\"content_section\">\r\n        <div class=\"container\">\r\n                        <div class=\"posts_panel\">\r\n                <div class=\"description_section\">\r\n                                        <p class=\"title_category\">Ber\u00e4ttelser fr\u00e5n kunder<\/p>\r\n                     \r\n                    <h2 class=\"title_section\">Achilles kunder \u00e4r marknadsledande och ligger i framkant n\u00e4r det g\u00e4ller milj\u00f6styrning och social styrning.<\/h2>\r\n                                    <\/div>\r\n                            <\/div>\r\n                                    <div class=\"posts_wrap\">\r\n                                <div class=\"post_item\">\r\n                    <div class=\"post_item_top\">\r\n                                                <a class=\"post_item_img\" href=\"https:\/\/www.achilles.com\/sv\/branschinsikter\/bygga-ett-skalbart-hallbart-och-motstandskraftigt-natverk-for-datacenterbyggnation\/\">\r\n                            <img decoding=\"async\" src=\"https:\/\/www.achilles.com\/app\/uploads\/2026\/03\/Achilles-Google-Supply-Chain-Risk-banner.png\" alt=\"Bygga ett skalbart, h\u00e5llbart och motst\u00e5ndskraftigt n\u00e4tverk f\u00f6r datacenterbyggnation\">\r\n                        <\/a>\r\n                                                <ul class=\"post_item_categories\">\r\n                                                        <li>Branschinsikter<\/li>\r\n                                                        <li>Fallstudier<\/li>\r\n                                                    <\/ul>\r\n                    <\/div>\r\n                    <a class=\"post_item_name\" href=\"https:\/\/www.achilles.com\/sv\/branschinsikter\/bygga-ett-skalbart-hallbart-och-motstandskraftigt-natverk-for-datacenterbyggnation\/\">Bygga ett skalbart, h\u00e5llbart och motst\u00e5ndskraftigt n\u00e4tverk f\u00f6r datacenterbyggnation<\/a>\r\n                <\/div>\r\n                                <div class=\"post_item\">\r\n                    <div class=\"post_item_top\">\r\n                                                <a class=\"post_item_img\" href=\"https:\/\/www.achilles.com\/sv\/industry-insights\/varfor-revisioner-ar-viktiga-en-verklig-berattelse-fran-fisk-och-skaldjurslogistik\/\">\r\n                            <img decoding=\"async\" src=\"https:\/\/www.achilles.com\/app\/uploads\/2025\/03\/vidar-nordli-mathisen-641pLhGEEyg-unsplash.jpg\" alt=\"Varf\u00f6r revisioner \u00e4r viktiga: En verklig ber\u00e4ttelse fr\u00e5n fisk- och skaldjurslogistik\">\r\n                        <\/a>\r\n                                                <ul class=\"post_item_categories\">\r\n                                                        <li>Fallstudier<\/li>\r\n                                                    <\/ul>\r\n                    <\/div>\r\n                    <a class=\"post_item_name\" href=\"https:\/\/www.achilles.com\/sv\/industry-insights\/varfor-revisioner-ar-viktiga-en-verklig-berattelse-fran-fisk-och-skaldjurslogistik\/\">Varf\u00f6r revisioner \u00e4r viktiga: En verklig ber\u00e4ttelse fr\u00e5n fisk- och skaldjurslogistik<\/a>\r\n                <\/div>\r\n                                <div class=\"post_item\">\r\n                    <div class=\"post_item_top\">\r\n                                                <a class=\"post_item_img\" href=\"https:\/\/www.achilles.com\/sv\/branschinsikter\/intervju-med-anna-maria-dubois-och-thomas-roth-om-hallbarhetens-och-leverantorskedjans-utmaningar-hos-amarenco\/\">\r\n                            <img decoding=\"async\" src=\"https:\/\/www.achilles.com\/app\/uploads\/2024\/11\/AdobeStock_620340390-scaled.jpeg\" alt=\"Intervju om utmaningarna med h\u00e5llbarhet och leverant\u00f6rskedjehantering p\u00e5 Amarenco\">\r\n                        <\/a>\r\n                                                <ul class=\"post_item_categories\">\r\n                                                        <li>Artikel<\/li>\r\n                                                        <li>Fallstudier<\/li>\r\n                                                    <\/ul>\r\n                    <\/div>\r\n                    <a class=\"post_item_name\" href=\"https:\/\/www.achilles.com\/sv\/branschinsikter\/intervju-med-anna-maria-dubois-och-thomas-roth-om-hallbarhetens-och-leverantorskedjans-utmaningar-hos-amarenco\/\">Intervju om utmaningarna med h\u00e5llbarhet och leverant\u00f6rskedjehantering p\u00e5 Amarenco<\/a>\r\n                <\/div>\r\n                            <\/div>\r\n                    <\/div>\r\n    <\/div>\r\n    <div class=\"content_section\">\r\n        <div class=\"container\">\r\n                        <div class=\"description_section\">\r\n                                <p class=\"title_category\">L\u00d6SNINGAR F\u00d6R F\u00d6RS\u00d6RJNINGSKEDJAN<\/p>\r\n                                <h2 class=\"title_section\">L\u00f6sningar f\u00f6r en s\u00e4krare, r\u00e4ttvisare fisk- och skaldjursindustri med l\u00e4gre koldioxidutsl\u00e4pp<\/h2>\r\n                                <div class=\"typical_text middle_text\">\r\n                    <p>Achilles har m\u00e5nga decenniers erfarenhet av att arbeta med v\u00e4rldens ledande energibolag f\u00f6r att hantera risker i leveranskedjan, minska koldioxidutsl\u00e4ppen och leverera exceptionell transparens i leveranskedjan.<\/p>\n                <\/div>\r\n                            <\/div>\r\n                        <div class=\"features_wrap features_four\">\r\n                                <div class=\"feature_item\">\r\n                                        <div class=\"feature_item_icon\">\r\n                        <img decoding=\"async\" src=\"https:\/\/www.achilles.com\/app\/uploads\/2023\/09\/icon_common-file-text-check.png\" alt=\"\">\r\n                    <\/div>\r\n                                        <h3 class=\"feature_item_name\">N\u00e4tverk av kvalificerade leverant\u00f6rer<\/h3>\r\n                                        <div class=\"typical_text\">\r\n                        <p>F\u00e5 tillg\u00e5ng till en noggrant validerad databas med f\u00f6rkvalificerade leverant\u00f6rer inom byggbranschen som uppfyller lokala och internationella ESG- och upphandlingsregler.<\/p>\n                    <\/div>\r\n                                        <a class=\"btn\" aria-label=\"N\u00e4tverk av kvalificerade leverant\u00f6rer - L\u00e4s mer\" href=\"\/prequalified-supplier-network\">L\u00e4s mer<\/a>\r\n                                    <\/div>\r\n                                <div class=\"feature_item\">\r\n                                        <h3 class=\"feature_item_name\">Due diligence av leverant\u00f6rer<\/h3>\r\n                                        <div class=\"typical_text\">\r\n                        <p>Noggrann bed\u00f6mning och validering av er leverant\u00f6rskedja f\u00f6r att s\u00e4kerst\u00e4lla att era leverant\u00f6rer uppfyller era standarder och att ni f\u00f6ljer de best\u00e4mmelser som \u00e4r relevanta f\u00f6r er verksamhet.<\/p>\n                    <\/div>\r\n                                        <a class=\"btn\" aria-label=\"Due diligence av leverant\u00f6rer - L\u00e4s mer\" href=\"\/supply-chain-due-diligence\">L\u00e4s mer<\/a>\r\n                                    <\/div>\r\n                                <div class=\"feature_item\">\r\n                                        <div class=\"feature_item_icon\">\r\n                        <img decoding=\"async\" src=\"https:\/\/www.achilles.com\/app\/uploads\/2023\/09\/Icon_air-pollution-co2-down-2.png\" alt=\"\">\r\n                    <\/div>\r\n                                        <h3 class=\"feature_item_name\">Carbon Reduce<\/h3>\r\n                                        <div class=\"typical_text\">\r\n                        <p>Effektivt m\u00e4ta, hantera och minska ditt koldioxidavtryck med v\u00e4rldens enda ISO14064-1 Carbon Management Scheme.<\/p>\n                    <\/div>\r\n                                        <a class=\"btn\" aria-label=\"Carbon Reduce - L\u00e4s mer\" href=\"\/carbon-reduction\/\">L\u00e4s mer<\/a>\r\n                                    <\/div>\r\n                                <div class=\"feature_item\">\r\n                                        <div class=\"feature_item_icon\">\r\n                        <img decoding=\"async\" src=\"https:\/\/www.achilles.com\/app\/uploads\/2023\/09\/saving-bank-1.png\" alt=\"\">\r\n                    <\/div>\r\n                                        <h3 class=\"feature_item_name\">Revisionsf\u00f6rklaring<\/h3>\r\n                                        <div class=\"typical_text\">\r\n                        <p>Tydligt visa era resultat mot ESG-nyckeltal och h\u00e5llbarhetsm\u00e5l (SPT) f\u00f6r l\u00e5ngivare och andra intressentgrupper.<\/p>\n                    <\/div>\r\n                                        <a class=\"btn\" aria-label=\"Revisionsf\u00f6rklaring - L\u00e4s mer\" href=\"\/sustainable-finance\/\">L\u00e4s mer<\/a>\r\n                                    <\/div>\r\n                            <\/div>\r\n                    <\/div>\r\n    <\/div>\r\n    <div class=\"content_section\">\r\n        <div class=\"container\">\r\n                        <div class=\"posts_panel\">\r\n                <div class=\"description_section\">\r\n                                        <p class=\"title_category\">Akilles branschinsikt<\/p>\r\n                     \r\n                    <h2 class=\"title_section\">Rekommenderas f\u00f6r dig<\/h2>\r\n                                    <\/div>\r\n                            <\/div>\r\n                                    <div class=\"posts_wrap\">\r\n                                <div class=\"post_item\">\r\n                    <div class=\"post_item_top\">\r\n                                                <a class=\"post_item_img\" href=\"https:\/\/www.achilles.com\/sv\/branschinsikter\/wind-europe-2026-madrid-starka-leverantorsberedskapen\/\">\r\n                            <img decoding=\"async\" src=\"https:\/\/www.achilles.com\/app\/uploads\/2023\/06\/renewable-energies.jpg\" alt=\"Wind Europe 2026 Madrid: St\u00e4rka leverant\u00f6rsberedskapen\">\r\n                        <\/a>\r\n                                                <ul class=\"post_item_categories\">\r\n                                                        <li>Branschinsikter<\/li>\r\n                                                    <\/ul>\r\n                    <\/div>\r\n                    <a class=\"post_item_name\" href=\"https:\/\/www.achilles.com\/sv\/branschinsikter\/wind-europe-2026-madrid-starka-leverantorsberedskapen\/\">Wind Europe 2026 Madrid: St\u00e4rka leverant\u00f6rsberedskapen<\/a>\r\n                <\/div>\r\n                                <div class=\"post_item\">\r\n                    <div class=\"post_item_top\">\r\n                                                <a class=\"post_item_img\" href=\"https:\/\/www.achilles.com\/sv\/branschinsikter\/achilles-arliga-risk-och-hallbarhetsrapport-2026\/\">\r\n                            <img decoding=\"async\" src=\"https:\/\/www.achilles.com\/app\/uploads\/2026\/03\/Web-page-top-banner-thumbnail-of-Achilles-Global-Supplier-Risk-and-Sustainability-Survey-2026.jpg\" alt=\"Achilles \u00e5rliga risk- och h\u00e5llbarhetsrapport 2026\">\r\n                        <\/a>\r\n                                                <ul class=\"post_item_categories\">\r\n                                                        <li>Vitb\u00f6cker<\/li>\r\n                                                    <\/ul>\r\n                    <\/div>\r\n                    <a class=\"post_item_name\" href=\"https:\/\/www.achilles.com\/sv\/branschinsikter\/achilles-arliga-risk-och-hallbarhetsrapport-2026\/\">Achilles \u00e5rliga risk- och h\u00e5llbarhetsrapport 2026<\/a>\r\n                <\/div>\r\n                                <div class=\"post_item\">\r\n                    <div class=\"post_item_top\">\r\n                                                <a class=\"post_item_img\" href=\"https:\/\/www.achilles.com\/sv\/branschinsikter\/bygga-ett-skalbart-hallbart-och-motstandskraftigt-natverk-for-datacenterbyggnation\/\">\r\n                            <img decoding=\"async\" src=\"https:\/\/www.achilles.com\/app\/uploads\/2026\/03\/Achilles-Google-Supply-Chain-Risk-banner.png\" alt=\"Bygga ett skalbart, h\u00e5llbart och motst\u00e5ndskraftigt n\u00e4tverk f\u00f6r datacenterbyggnation\">\r\n                        <\/a>\r\n                                                <ul class=\"post_item_categories\">\r\n                                                        <li>Branschinsikter<\/li>\r\n                                                        <li>Fallstudier<\/li>\r\n                                                    <\/ul>\r\n                    <\/div>\r\n                    <a class=\"post_item_name\" href=\"https:\/\/www.achilles.com\/sv\/branschinsikter\/bygga-ett-skalbart-hallbart-och-motstandskraftigt-natverk-for-datacenterbyggnation\/\">Bygga ett skalbart, h\u00e5llbart och motst\u00e5ndskraftigt n\u00e4tverk f\u00f6r datacenterbyggnation<\/a>\r\n                <\/div>\r\n                            <\/div>\r\n                    <\/div>\r\n    <\/div>\r\n    <div class=\"contact_main\">\r\n        <div class=\"contact_bg\">\r\n                        <img decoding=\"async\" src=\"https:\/\/www.achilles.com\/app\/uploads\/2023\/07\/Construction-site-black-overlay-scaled-1.jpg\" alt=\"\">\r\n                    <\/div>\r\n        <div class=\"container\">\r\n            <div class=\"contact_content\">\r\n                <div class=\"contact_wrapper\">\r\n                <div class=\"contact_content_description\">\r\n                                        <h1 class=\"title_page\">Prata med oss<\/h1>\r\n                                        <h5 class=\"contact_content_subtitle\">Tala med en av v\u00e5ra experter p\u00e5 ESG och koldioxidhantering<\/h5>\r\n                                    <\/div>\r\n                <\/div>\r\n                <div class=\"contact_reqiest\">\r\n                    <script charset=\"utf-8\" type=\"text\/javascript\" src=\"\/\/js.hsforms.net\/forms\/embed\/v2.js\"><\/script><script>hbspt.forms.create({\n    region: \"na1\",\n    portalId: \"5387762\",\n    formId: \"a23cf73a-36bd-433c-a1d8-4acd8b05b928\"\n  });\n<\/script>                <\/div>\r\n            <\/div>\r\n        <\/div>\r\n    <\/div>\r\n\r\n","protected":false},"excerpt":{"rendered":"","protected":false},"author":2,"featured_media":51601,"parent":0,"menu_order":0,"comment_status":"closed","ping_status":"closed","template":"","meta":{"_acf_changed":false,"content-type":"","footnotes":""},"class_list":["post-25597","page","type-page","status-publish","has-post-thumbnail","hentry"],"acf":[],"_links":{"self":[{"href":"https:\/\/www.achilles.com\/sv\/wp-json\/wp\/v2\/pages\/25597","targetHints":{"allow":["GET"]}}],"collection":[{"href":"https:\/\/www.achilles.com\/sv\/wp-json\/wp\/v2\/pages"}],"about":[{"href":"https:\/\/www.achilles.com\/sv\/wp-json\/wp\/v2\/types\/page"}],"author":[{"embeddable":true,"href":"https:\/\/www.achilles.com\/sv\/wp-json\/wp\/v2\/users\/2"}],"replies":[{"embeddable":true,"href":"https:\/\/www.achilles.com\/sv\/wp-json\/wp\/v2\/comments?post=25597"}],"version-history":[{"count":0,"href":"https:\/\/www.achilles.com\/sv\/wp-json\/wp\/v2\/pages\/25597\/revisions"}],"wp:featuredmedia":[{"embeddable":true,"href":"https:\/\/www.achilles.com\/sv\/wp-json\/wp\/v2\/media\/51601"}],"wp:attachment":[{"href":"https:\/\/www.achilles.com\/sv\/wp-json\/wp\/v2\/media?parent=25597"}],"curies":[{"name":"wp","href":"https:\/\/api.w.org\/{rel}","templated":true}]}}