{"id":25588,"date":"2023-06-01T20:53:47","date_gmt":"2023-06-01T19:53:47","guid":{"rendered":"https:\/\/www.achilles.com\/rakning-s211\/"},"modified":"2023-12-31T17:03:31","modified_gmt":"2023-12-31T14:03:31","slug":"rakning-s211","status":"publish","type":"page","link":"https:\/\/www.achilles.com\/sv\/rakning-s211\/","title":{"rendered":"Lagf\u00f6rslag S211"},"content":{"rendered":"    <div class=\"top_section\">\n        <div class=\"container\">\n            <div class=\"top_info half\">\n                                    <h1 class=\"top_title\">Lag om bek\u00e4mpning av tv\u00e5ngsarbete i leveranskedjor<\/h1>\n                                    <div class=\"top_text large_text\">\n                        <div class=\"page\" title=\"Sida 4\">\n<div class=\"layoutArea\">\n<div class=\"column\">\n<p>Fighting Against Forced Labour and Child Labour in Supply Chains Act, \u00e4ven k\u00e4nd som Bill S211, \u00e4r en lag som fick kungligt godk\u00e4nnande i Kanada i maj 2023 och som kr\u00e4ver att f\u00f6retag tar ansvar f\u00f6r att bek\u00e4mpa modernt slaveri i sina leverant\u00f6rskedjor och rapporterar om sina \u00e5tg\u00e4rder.<\/p>\n<\/div>\n<\/div>\n<\/div>\n                    <\/div>\n                                    <div class=\"top_buttons\">\n                                                    <a class=\"btn btn_big\" href=\"#Ta-kontakt-med-oss\">Boka en kostnadsfri S211-konsultation<\/a>\n                                            <\/div>\n                            <\/div>\n        <\/div>\n        <div class=\"top_media\">\n\t\t\t        <\/div>\n    <\/div>\n\n\n            <div class=\"content_section bg_grey\">\r\n            <div class=\"container\">\r\n                <div class=\"content_wrap right\">\r\n                    <div class=\"content_info ogo2\">\r\n                                                <p class=\"title_category\">Vitbok<\/p>\r\n                                                <h2 class=\"title_page\">En introduktion till lagen om bek\u00e4mpning av tv\u00e5ngsarbete i leveranskedjor<\/h2>\r\n                                                <div class=\"typical_text\">\r\n                            <p>\u00c4ven de mest erfarna experterna p\u00e5 h\u00e5llbarhet och leverant\u00f6rskedjor medger att de k\u00e4nner sig \u00f6verv\u00e4ldigade av denna nya era av ESG-regler f\u00f6r leverant\u00f6rskedjan och den information som beh\u00f6vs f\u00f6r att visa vilken inverkan deras organisationer har p\u00e5 m\u00e4nniskor och planeten.  <span data-ccp-props=\"{\"335559738\":120,\"335559739\":120}\">The Achilles <\/span>Ultimate Guide to Fighting Against Forced Labour and Child Labour in Supply Chains Act  <span data-ccp-props=\"{\"335559738\":120,\"335559739\":120}\">\u00e4r en omfattande resurs som hj\u00e4lper dig att uppfylla kraven.<\/span><\/p>\n                        <\/div>\r\n                                                <a class=\"btn btn_big\" href=\"\/industry-insights\/the-ultimate-guide-to-fighting-against-forced-labour-and-child-labour-in-supply-chains-act-bill-s-211\/\">L\u00e4s<\/a>\r\n                                            <\/div>\r\n\t\t\t\t\t\t\t\t\t\t\r\n                                        <div class=\"content_media\">\r\n                        <img decoding=\"async\" src=\"https:\/\/www.achilles.com\/app\/uploads\/2023\/12\/Bill-S211-Whitepaper-EN-thumbnail.png\" width=\"398\" alt=\"\">\r\n                    <\/div>\r\n                                    <\/div>\r\n            <\/div>\r\n        <\/div>\r\n    \n\n            <div class=\"content_section\">\r\n            <div class=\"container\">\r\n                <div class=\"content_wrap\">\r\n                    <div class=\"content_info ogo2\">\r\n                                                <p class=\"title_category\">Blogg<\/p>\r\n                                                <h2 class=\"title_page\">Vad \u00e4r tillr\u00e4ckligt?<\/h2>\r\n                                                <div class=\"typical_text\">\r\n                            <p><span lang=\"EN-GB\" data-contrast=\"none\" xml:lang=\"EN-GB\"><span data-ccp-parastyle=\"article-preview_articlepreviewsubheader__ffri1\">Kanadas lag om bek\u00e4mpning av tv\u00e5ngsarbete i leverant\u00f6rskedjor kr\u00e4ver att organisationer till\u00e4mpar en riskbaserad metod f\u00f6r due diligence i leverant\u00f6rskedjan.<\/span> <span data-ccp-parastyle=\"article-preview_articlepreviewsubheader__ffri1\">Men hur l\u00e5ngt m\u00e5ste man g\u00e5 och <\/span><span data-ccp-parastyle=\"article-preview_articlepreviewsubheader__ffri1\">n\u00e4r \u00e4r tillr\u00e4ckligt, tillr\u00e4ckligt?<\/span><\/span><\/p>\n                        <\/div>\r\n                                                <a class=\"btn btn_big\" href=\"https:\/\/www.achilles.com\/sv\/branschinsikter\/nar-ar-tillrackligt-tillrackligt\/\">L\u00e4s<\/a>\r\n                                            <\/div>\r\n\t\t\t\t\t\t\t\t\t\t\r\n                                        <div class=\"content_media\">\r\n                        <img decoding=\"async\" src=\"https:\/\/www.achilles.com\/app\/uploads\/2023\/09\/iStock-963011730.jpg\" width=\"401\" alt=\"A close up of the statue of lady justice standing in front of an out of focus row of law books.\">\r\n                    <\/div>\r\n                                    <\/div>\r\n            <\/div>\r\n        <\/div>\r\n    \n\n            <div class=\"content_section\">\r\n            <div class=\"container\">\r\n                <div class=\"content_wrap\">\r\n                    <div class=\"content_info ogo2\">\r\n                                                <p class=\"title_category\">Video<\/p>\r\n                                                <h2 class=\"title_page\">Steg f\u00f6r att bek\u00e4mpa tv\u00e5ngsarbete i leverant\u00f6rskedjor &#8211; efterlevnad av lagen<\/h2>\r\n                                                <div class=\"typical_text\">\r\n                            <p><span lang=\"EN-GB\" data-contrast=\"none\" xml:lang=\"EN-GB\"><span data-ccp-parastyle=\"article-preview_articlepreviewsubheader__ffri1\">Lagen om bek\u00e4mpning av tv\u00e5ngsarbete i leverant\u00f6rskedjor kr\u00e4ver ett metodiskt och riskbaserat tillv\u00e4gag\u00e5ngss\u00e4tt som ocks\u00e5 kommer att f\u00f6rb\u00e4ttra organisationens \u00f6vergripande h\u00e5llbarhet.<\/span><\/span><span data-ccp-props=\"{\"134233117\":false,\"134233118\":false,\"335559738\":300,\"335559739\":810}\"> <\/span><\/p>\n                        <\/div>\r\n                                                <a class=\"btn btn_big\" href=\"\/wp\/wp-content\/uploads\/2023\/09\/5-steps-to-Bill-S211-compliance.mp4\">Titta p\u00e5<\/a>\r\n                                            <\/div>\r\n\t\t\t\t\t                    <div class=\"content_media_video\">\r\n                        <video  autoplay muted playsinline loop>\r\n                                        <source src=\"https:\/\/www.achilles.com\/app\/uploads\/2023\/09\/5-steps-to-Bill-S211-compliance.mp4\" type=\"video\/mp4\">\r\n                                        \r\n                                    <\/video>\r\n                    <\/div>\r\n                    \t\t\t\t\t\r\n                                    <\/div>\r\n            <\/div>\r\n        <\/div>\r\n    \n\n    <div class=\"content_section bg_grey\">\r\n        <div class=\"container\">\r\n                        <div class=\"description_section\">\r\n                                <p class=\"title_category\">ACHILLES ESG SOLUTIONS<\/p>\r\n                                <h2 class=\"title_section\">ESG riskl\u00f6sningar f\u00f6r leveranskedjan<\/h2>\r\n                                <div class=\"typical_text\">\r\n                    <p>Achilles \u00e4r den v\u00e4rldsledande experten p\u00e5 riskhantering i globala leveranskedjor. Vi arbetar med marknadsledande finansiella, industriella, kommersiella och statliga organisationer som kr\u00e4ver seri\u00f6sa, detaljerade analyser och expertinsikter f\u00f6r att kunna leverera exceptionella niv\u00e5er av tillf\u00f6rlitlig rapportering.<\/p>\n                <\/div>\r\n                            <\/div>\r\n                        <div class=\"features_wrap features_four\">\r\n                                <div class=\"feature_item\">\r\n                                        <div class=\"feature_item_icon\">\r\n                        <img decoding=\"async\" src=\"https:\/\/www.achilles.com\/app\/uploads\/2023\/09\/icon_common-file-text-check.png\" alt=\"\">\r\n                    <\/div>\r\n                                        <h3 class=\"feature_item_name\">N\u00e4tverk av f\u00f6rkvalificerade leverant\u00f6rer<\/h3>\r\n                                        <div class=\"typical_text\">\r\n                        <p>F\u00e5 tillg\u00e5ng till en omfattande databas med f\u00f6rkvalificerade leverant\u00f6rer som uppfyller de ESG- och upphandlingsregler som \u00e4r relevanta f\u00f6r dig.<\/p>\n                    <\/div>\r\n                                        <a class=\"btn\" aria-label=\"N\u00e4tverk av f\u00f6rkvalificerade leverant\u00f6rer - L\u00e4s mer\" href=\"https:\/\/www.achilles.com\/sv\/natverk-av-forkvalificerade-leverantorer\/\">L\u00e4s mer<\/a>\r\n                                    <\/div>\r\n                                <div class=\"feature_item\">\r\n                                        <div class=\"feature_item_icon\">\r\n                        <img decoding=\"async\" src=\"https:\/\/www.achilles.com\/app\/uploads\/2023\/09\/icon_user-network-1.png\" alt=\"on site audits\">\r\n                    <\/div>\r\n                                        <h3 class=\"feature_item_name\">ESG due diligence av leverant\u00f6rskedjan<\/h3>\r\n                                        <div class=\"typical_text\">\r\n                        <p>Achilles unika rigor\u00f6sa validering \u00e4r det b\u00e4sta s\u00e4ttet att uppn\u00e5 fullst\u00e4ndig efterlevnad av The Fighting Against Forced Labour and Child Labour in Supply Chains Act.<\/p>\n                    <\/div>\r\n                                        <a class=\"btn\" aria-label=\"ESG due diligence av leverant\u00f6rskedjan - L\u00e4s mer\" href=\"https:\/\/www.achilles.com\/sv\/due-diligence-i-leveranskedjan\/\">L\u00e4s mer<\/a>\r\n                                    <\/div>\r\n                                <div class=\"feature_item\">\r\n                                        <div class=\"feature_item_icon\">\r\n                        <img decoding=\"async\" src=\"https:\/\/www.achilles.com\/app\/uploads\/2023\/09\/Icon_air-pollution-co2-down-2.png\" alt=\"\">\r\n                    <\/div>\r\n                                        <h3 class=\"feature_item_name\">Minskning av koldioxidutsl\u00e4pp<\/h3>\r\n                                        <div class=\"typical_text\">\r\n                        <p><span class=\"contentpasted1\">ISO14064-1 ackrediterat certifieringssystem <\/span><span class=\"contentpasted2\">som hj\u00e4lper dig att m\u00e4ta, hantera och minska ditt koldioxidavtryck.<\/span><\/p>\n                    <\/div>\r\n                                        <a class=\"btn\" aria-label=\"Minskning av koldioxidutsl\u00e4pp - L\u00e4s mer\" href=\"https:\/\/www.achilles.com\/sv\/kolhantering-och-reduktion\/\">L\u00e4s mer<\/a>\r\n                                    <\/div>\r\n                                <div class=\"feature_item\">\r\n                                        <div class=\"feature_item_icon\">\r\n                        <img decoding=\"async\" src=\"https:\/\/www.achilles.com\/app\/uploads\/2023\/09\/saving-bank-1.png\" alt=\"\">\r\n                    <\/div>\r\n                                        <h3 class=\"feature_item_name\">Revisionsf\u00f6rklaring<\/h3>\r\n                                        <div class=\"typical_text\">\r\n                        <p>Omfattande kontroll och validering av h\u00e5llbarhetsp\u00e5st\u00e5enden i samband med l\u00e5n kopplade till h\u00e5llbarhet.<\/p>\n                    <\/div>\r\n                                        <a class=\"btn\" aria-label=\"Revisionsf\u00f6rklaring - L\u00e4s mer\" href=\"https:\/\/www.achilles.com\/sv\/hallbar-finansiering\/\">L\u00e4s mer<\/a>\r\n                                    <\/div>\r\n                            <\/div>\r\n                    <\/div>\r\n    <\/div>\r\n\n\n    <div class=\"content_section\">\r\n        <div class=\"container\">\r\n                        <div class=\"posts_panel\">\r\n                <div class=\"description_section\">\r\n                                        <p class=\"title_category\">ACHILLES INSIKT<\/p>\r\n                     \r\n                    <h2 class=\"title_section\">Rekommenderas f\u00f6r dig<\/h2>\r\n                                    <\/div>\r\n                            <\/div>\r\n                                    <div class=\"posts_wrap\">\r\n                                <div class=\"post_item\">\r\n                    <div class=\"post_item_top\">\r\n                                                <a class=\"post_item_img\" href=\"https:\/\/www.achilles.com\/sv\/branschinsikter\/fran-data-till-offentliggorande-hur-upphandling-kan-visa-vagen-for-icke-finansiell-rapportering\/\">\r\n                            <img decoding=\"async\" src=\"https:\/\/www.achilles.com\/app\/uploads\/2023\/07\/thought-catalog-UK78i6vK3sc-unsplash-scaled-1.jpg\" alt=\"Fr\u00e5n data till offentligg\u00f6rande: Hur upphandling kan visa v\u00e4gen f\u00f6r icke-finansiell rapportering\">\r\n                        <\/a>\r\n                                                <ul class=\"post_item_categories\">\r\n                                                        <li>Artikel<\/li>\r\n                                                    <\/ul>\r\n                    <\/div>\r\n                    <a class=\"post_item_name\" href=\"https:\/\/www.achilles.com\/sv\/branschinsikter\/fran-data-till-offentliggorande-hur-upphandling-kan-visa-vagen-for-icke-finansiell-rapportering\/\">Fr\u00e5n data till offentligg\u00f6rande: Hur upphandling kan visa v\u00e4gen f\u00f6r icke-finansiell rapportering<\/a>\r\n                <\/div>\r\n                                <div class=\"post_item\">\r\n                    <div class=\"post_item_top\">\r\n                                                <a class=\"post_item_img\" href=\"https:\/\/www.achilles.com\/sv\/hur-fortroende-driver-transparenta-leveranskedjor\/\">\r\n                            <img decoding=\"async\" src=\"https:\/\/www.achilles.com\/app\/uploads\/2025\/06\/Copy-of-Website-Main-Header-Full-Width-LIMIT-to-1000KB-10.png\" alt=\"Hur f\u00f6rtroende driver transparenta leveranskedjor\">\r\n                        <\/a>\r\n                                                <ul class=\"post_item_categories\">\r\n                                                        <li>Artikel<\/li>\r\n                                                    <\/ul>\r\n                    <\/div>\r\n                    <a class=\"post_item_name\" href=\"https:\/\/www.achilles.com\/sv\/hur-fortroende-driver-transparenta-leveranskedjor\/\">Hur f\u00f6rtroende driver transparenta leveranskedjor<\/a>\r\n                <\/div>\r\n                                <div class=\"post_item\">\r\n                    <div class=\"post_item_top\">\r\n                                                <a class=\"post_item_img\" href=\"https:\/\/www.achilles.com\/sv\/branschinsikter\/hojer-ribban-vad-achilles-maritime-network-berattar-for-oss-om-risker-i-leveranskedjan-och-hallbarhet-inom-sjofarten\/\">\r\n                            <img decoding=\"async\" src=\"https:\/\/www.achilles.com\/app\/uploads\/2025\/05\/shaah-shahidh-subrrYxv8A-unsplash.jpg\" alt=\"H\u00f6jer ribban: Vad Achilles Maritime Network ber\u00e4ttar f\u00f6r oss om risker i leveranskedjan och h\u00e5llbarhet inom sj\u00f6farten\">\r\n                        <\/a>\r\n                                                <ul class=\"post_item_categories\">\r\n                                                        <li>Artikel<\/li>\r\n                                                    <\/ul>\r\n                    <\/div>\r\n                    <a class=\"post_item_name\" href=\"https:\/\/www.achilles.com\/sv\/branschinsikter\/hojer-ribban-vad-achilles-maritime-network-berattar-for-oss-om-risker-i-leveranskedjan-och-hallbarhet-inom-sjofarten\/\">H\u00f6jer ribban: Vad Achilles Maritime Network ber\u00e4ttar f\u00f6r oss om risker i leveranskedjan och h\u00e5llbarhet inom sj\u00f6farten<\/a>\r\n                <\/div>\r\n                            <\/div>\r\n                    <\/div>\r\n    <\/div>\r\n\n\n            <div class=\"content_section bg_grey\">\r\n            <div class=\"container\">\r\n                <div class=\"content_wrap\">\r\n                    <div class=\"content_info ogo2\">\r\n                                                <h2 class=\"title_page\">5 sk\u00e4l att anv\u00e4nda Achilles f\u00f6r due diligence i leveranskedjan<\/h2>\r\n                                                <h5 class=\"title_small\">V\u00e4rldsledande hantering och efterlevnad av ESG i leveranskedjan<\/h5>\r\n                                                <div class=\"typical_text\">\r\n                            <p><span lang=\"EN-GB\" data-contrast=\"none\" xml:lang=\"EN-GB\">Ta reda p\u00e5 mer om hur det \u00e4r att arbeta med Achilles och se hur riskhanteringen i leveranskedjan minskar och hur rapporteringsf\u00f6rtroendet \u00f6kar.<\/span><\/p>\n                        <\/div>\r\n                                                <a class=\"btn btn_big\" href=\"https:\/\/www.achilles.com\/sv\/branschinsikter\/5-skal-till-varfor-ditt-foretag-bor-anvanda-achilles-for-due-diligence-av-leverantorskedjan\/\">L\u00e4s<\/a>\r\n                                            <\/div>\r\n\t\t\t\t\t\t\t\t\t\t\r\n                                        <div class=\"content_media\">\r\n                        <img decoding=\"async\" src=\"https:\/\/www.achilles.com\/app\/uploads\/2023\/09\/AdobeStock_555958628.png\" width=\"398\" alt=\"Carbon emissions\">\r\n                    <\/div>\r\n                                    <\/div>\r\n            <\/div>\r\n        <\/div>\r\n    \n\n    <div class=\"request_section\" id=\"Ta-kontakt-med-oss\">\r\n        <div class=\"contact_bg\">\r\n                        <img decoding=\"async\" src=\"https:\/\/www.achilles.com\/app\/uploads\/2023\/09\/iStock-163352348.jpg\" alt=\"The Canadian \">\r\n                    <\/div>\r\n        <div class=\"container\">\r\n            <div class=\"request_inner\">\r\n                                <div class=\"request_wrapper\">\r\n                <h2 class=\"title_section\">Ta kontakt med oss<\/h2>\r\n                <\/div>\r\n                                <div class=\"request_box\">\r\n                                        <h5 class=\"contact_content_subtitle\">Kontakta oss f\u00f6r att diskutera dina krav enligt The Fighting Against Forced Labour and Child Labour in Supply Chains Act<\/h5>\r\n                    <script charset=\"utf-8\" type=\"text\/javascript\" src=\"\/\/js.hsforms.net\/forms\/embed\/v2.js\"><\/script><script>hbspt.forms.create({\r\n    region: \"na1\",\r\n    portalId: \"5387762\",\r\n    formId: \"a23cf73a-36bd-433c-a1d8-4acd8b05b928\"\r\n  });\r\n<\/script>                <\/div>\r\n            <\/div>\r\n        <\/div>\r\n    <\/div>\r\n\r\n","protected":false},"excerpt":{"rendered":"","protected":false},"author":2,"featured_media":20230,"parent":0,"menu_order":0,"comment_status":"closed","ping_status":"closed","template":"","meta":{"_acf_changed":false,"content-type":"","footnotes":""},"class_list":["post-25588","page","type-page","status-publish","has-post-thumbnail","hentry"],"acf":[],"_links":{"self":[{"href":"https:\/\/www.achilles.com\/sv\/wp-json\/wp\/v2\/pages\/25588","targetHints":{"allow":["GET"]}}],"collection":[{"href":"https:\/\/www.achilles.com\/sv\/wp-json\/wp\/v2\/pages"}],"about":[{"href":"https:\/\/www.achilles.com\/sv\/wp-json\/wp\/v2\/types\/page"}],"author":[{"embeddable":true,"href":"https:\/\/www.achilles.com\/sv\/wp-json\/wp\/v2\/users\/2"}],"replies":[{"embeddable":true,"href":"https:\/\/www.achilles.com\/sv\/wp-json\/wp\/v2\/comments?post=25588"}],"version-history":[{"count":0,"href":"https:\/\/www.achilles.com\/sv\/wp-json\/wp\/v2\/pages\/25588\/revisions"}],"wp:featuredmedia":[{"embeddable":true,"href":"https:\/\/www.achilles.com\/sv\/wp-json\/wp\/v2\/media\/20230"}],"wp:attachment":[{"href":"https:\/\/www.achilles.com\/sv\/wp-json\/wp\/v2\/media?parent=25588"}],"curies":[{"name":"wp","href":"https:\/\/api.w.org\/{rel}","templated":true}]}}