{"id":24821,"date":"2023-10-02T18:04:33","date_gmt":"2023-10-02T17:04:33","guid":{"rendered":"https:\/\/uat.achilles.com\/hallbar-finansiering\/"},"modified":"2023-10-17T01:07:05","modified_gmt":"2023-10-16T22:07:05","slug":"hallbar-finansiering","status":"publish","type":"page","link":"https:\/\/www.achilles.com\/sv\/hallbar-finansiering\/","title":{"rendered":"H\u00e5llbar finansiering"},"content":{"rendered":"    <div class=\"top_section\">\n        <div class=\"container\">\n            <div class=\"top_info half\">\n                                    <h1 class=\"top_title\">Att st\u00e4rka h\u00e5llbar finansiering<\/h1>\n                                    <div class=\"top_text\">\n                        <p class=\"cvGsUA direction-ltr align-start para-style-body\"><span class=\"OYPEnA text-decoration-none text-strikethrough-none\">Achilles har \u00f6ver 30 \u00e5rs erfarenhet av att hj\u00e4lpa f\u00f6retag att uppfylla de h\u00f6gsta milj\u00f6m\u00e4ssiga, regulatoriska, etiska och moraliska standarderna.<\/span><\/p>\n<p class=\"cvGsUA direction-ltr align-start para-style-body\"><span class=\"ui-provider ec bkp bhv bkq bkr bks bkt bku bkv bkw bkx bky bkz bla blb blc bld ble blf blg blh bli blj blk bll blm bln blo blp blq blr bls blt blu blv\" dir=\"ltr\">V\u00e5ra data hj\u00e4lper f\u00f6retag att utforma, verifiera och \u00f6vervaka sina h\u00e5llbarhetsstrategier och f\u00e5 tillg\u00e5ng till f\u00f6rdelarna med h\u00e5llbarhetsrelaterade l\u00e5n.<\/span><\/p>\n                    <\/div>\n                                    <div class=\"top_buttons\">\n                                                    <a class=\"btn btn_big\" href=\"#Form\">Prata med oss<\/a>\n                                            <\/div>\n                            <\/div>\n        <\/div>\n        <div class=\"top_media\">\n\t\t\t        <\/div>\n    <\/div>\n            <div class=\"content_section\">\r\n            <div class=\"container\">\r\n                <div class=\"content_wrap right\">\r\n                    <div class=\"content_info ogo2\">\r\n                                                <p class=\"title_category\">UTMANINGEN<\/p>\r\n                                                <h2 class=\"title_section\">Traditionell finansiering<\/h2>\r\n                                                <div class=\"typical_text\">\r\n                            <p class=\"cvGsUA direction-ltr align-start para-style-body\"><span class=\"OYPEnA text-decoration-none text-strikethrough-none\">I det snabbt f\u00f6r\u00e4nderliga landskapet f\u00f6r f\u00f6retagsekonomi \u00e4r det inte bara ett moraliskt imperativ att uppfylla h\u00e5llbarhetsm\u00e5len, det \u00e4r en ekonomisk n\u00f6dv\u00e4ndighet. Traditionella l\u00e5n uppfyller dock ofta inte dessa m\u00e5l, vilket inneb\u00e4r att l\u00e5ntagarna st\u00e4lls inf\u00f6r utmaningar som t.ex:<\/span><\/p>\n<ul>\n<li><span class=\"OYPEnA text-decoration-none text-strikethrough-none\">H\u00f6ga r\u00e4ntesatser<\/span><\/li>\n<li><span class=\"OYPEnA text-decoration-none text-strikethrough-none\">Fr\u00e5gor om trov\u00e4rdighet<\/span><\/li>\n<li><span class=\"OYPEnA text-decoration-none text-strikethrough-none\">Begr\u00e4nsad flexibilitet<\/span><\/li>\n<\/ul>\n<p class=\"cvGsUA direction-ltr align-start para-style-body\">\n                        <\/div>\r\n                                            <\/div>\r\n\t\t\t\t\t\t\t\t\t\t\r\n                                    <\/div>\r\n            <\/div>\r\n        <\/div>\r\n    \n<div class=\"wp-block-columns is-layout-flex wp-container-core-columns-is-layout-9d6595d7 wp-block-columns-is-layout-flex\">\n<div class=\"wp-block-column is-layout-flow wp-block-column-is-layout-flow\" style=\"flex-basis:100%\"><\/div>\n<\/div>\n     <div class=\"stats_full\">\r\n        <div class=\"stats_bg\">\r\n                        <img decoding=\"async\" src=\"https:\/\/www.achilles.com\/app\/uploads\/2023\/07\/Trees.jpg\" alt=\"\">\r\n                    <\/div>\r\n        <div class=\"container\">\r\n            <div class=\"stats_center\">\r\n                <div class=\"corner corner_top_left\"><\/div>\r\n                <div class=\"corner corner_top_right\"><\/div>\r\n                <div class=\"corner corner_bottom_left\"><\/div>\r\n                <div class=\"corner corner_bottom_right\"><\/div>\r\n                <div class=\"stats_center_item\">\r\n                                        <div class=\"stats_anim\">\r\n                        <div class=\"stats_center_number stats_anim_item\" data-total=\"17000000000\">\r\n                            <span class=\"stats_anim_total\">0<\/span>                        <\/div>\r\n                    <\/div>\r\n                                        <p class=\"stats_center_text\">Marknaden f\u00f6r Sustainability-Linked Loans (SLL) upplever en aldrig tidigare sk\u00e5dad tillv\u00e4xt och f\u00f6rv\u00e4ntas \u00f6ka fr\u00e5n 143 miljarder dollar 2019 till svindlande 17 311 miljarder dollar 2026.<\/p>\r\n                                    <\/div>\r\n            <\/div>\r\n        <\/div>\r\n    <\/div>\r\n    <div class=\"content_section bg_grey\">\r\n        <div class=\"container\">\r\n                        <div class=\"description_section\">\r\n                                <p class=\"title_category\">FRAMTIDEN<\/p>\r\n                                <h2 class=\"title_section\">Omvandling av finanssektorn f\u00f6r en h\u00e5llbar framtid<\/h2>\r\n                                <div class=\"typical_text\">\r\n                    <p><span class=\"OYPEnA text-decoration-none text-strikethrough-none\">Som h\u00e5llbara kopplade l\u00e5n<\/span> <span class=\"OYPEnA text-decoration-none text-strikethrough-none\">blir alltmer integrerade i kapitalf\u00f6rvaltningen, inser f\u00f6retagen deras strategiska betydelse. Till skillnad fr\u00e5n gr\u00f6na och sociala l\u00e5n erbjuder SLL en m\u00e5ngsidig l\u00f6sning f\u00f6r allm\u00e4nna f\u00f6retags\u00e4ndam\u00e5l, vilket ger l\u00e5ntagarna en rad f\u00f6rdelar:<\/span><\/p>\n                <\/div>\r\n                            <\/div>\r\n                        <div class=\"features_wrap features_four\">\r\n                                <div class=\"feature_item\">\r\n                                        <div class=\"feature_item_icon\">\r\n                        <img decoding=\"async\" src=\"https:\/\/www.achilles.com\/app\/uploads\/2023\/06\/Achilles-icons_pound-decrease.png\" alt=\"\">\r\n                    <\/div>\r\n                                        <h3 class=\"feature_item_name\">L\u00e4gre r\u00e4ntor<\/h3>\r\n                                    <\/div>\r\n                                <div class=\"feature_item\">\r\n                                        <div class=\"feature_item_icon\">\r\n                        <img decoding=\"async\" src=\"https:\/\/www.achilles.com\/app\/uploads\/2023\/06\/Achilles-icons_Themis.png\" alt=\"\">\r\n                    <\/div>\r\n                                        <h3 class=\"feature_item_name\">F\u00f6rb\u00e4ttrat anseende<\/h3>\r\n                                    <\/div>\r\n                                <div class=\"feature_item\">\r\n                                        <div class=\"feature_item_icon\">\r\n                        <img decoding=\"async\" src=\"https:\/\/www.achilles.com\/app\/uploads\/2023\/06\/Achilles-icons_Environmental-sustainability.png\" alt=\"\">\r\n                    <\/div>\r\n                                        <h3 class=\"feature_item_name\">H\u00e5llbarhet p\u00e5 f\u00f6retagsniv\u00e5<\/h3>\r\n                                    <\/div>\r\n                                <div class=\"feature_item\">\r\n                                        <div class=\"feature_item_icon\">\r\n                        <img decoding=\"async\" src=\"https:\/\/www.achilles.com\/app\/uploads\/2023\/06\/Achilles-icons_Financial-risk-and-business-continuity.png\" alt=\"\">\r\n                    <\/div>\r\n                                        <h3 class=\"feature_item_name\">Minska kreditrisken<\/h3>\r\n                                    <\/div>\r\n                            <\/div>\r\n                    <\/div>\r\n    <\/div>\r\n    <div class=\"content_section\">\r\n        <div class=\"container\">\r\n                        <div class=\"tools_description\">\r\n                                <p class=\"title_category\">V\u00c5R L\u00d6SNING<\/p>\r\n                                <h2 class=\"title_section\">Att frig\u00f6ra f\u00f6rdelarna med h\u00e5llbar finansiering<\/h2>\r\n                                <div class=\"typical_text\">\r\n                    <p>Achilles erbjudande inom h\u00e5llbar finansiering \u00e4r m\u00e5ngsidigt och v\u00e4gleder dig p\u00e5 v\u00e4gen mot att l\u00e5sa upp f\u00f6rdelarna med h\u00e5llbar finansiering med hj\u00e4lp av en omfattande och holistisk strategi. Med 30 \u00e5rs erfarenhet ger vi dig m\u00f6jlighet att s\u00e4rskilja ditt f\u00f6retag p\u00e5 marknaden n\u00e4r du str\u00e4var efter h\u00e5llbar finansiering. Achilles utrustar dig med de viktigaste verktygen och f\u00f6rs\u00e4kringarna f\u00f6r en framg\u00e5ngsrik och trov\u00e4rdig resa.<\/p>\n<p>&nbsp;<\/p>\n<p>&nbsp;<\/p>\n                <\/div>\r\n                            <\/div>\r\n                        <div class=\"tools_wrap tabs_section\">\r\n                <div class=\"tools_tabs tabs_buttons\">\r\n                                        <div class=\"tools_btn tab_btn current\" data-tab=\"1\">\r\n                        <span>Val av nyckeltal och benchmarking<\/span>\r\n                        <span class=\"tools_btn_arrow icon-Chevron-Right\"><\/span>\r\n                    <\/div>\r\n                                        <div class=\"tools_btn tab_btn\" data-tab=\"2\">\r\n                        <span>Revisionsf\u00f6rklaring<\/span>\r\n                        <span class=\"tools_btn_arrow icon-Chevron-Right\"><\/span>\r\n                    <\/div>\r\n                                        <div class=\"tools_btn tab_btn\" data-tab=\"3\">\r\n                        <span>Regelbundna oberoende rapporter om SPT:s framsteg<\/span>\r\n                        <span class=\"tools_btn_arrow icon-Chevron-Right\"><\/span>\r\n                    <\/div>\r\n                                    <\/div>\r\n                <div class=\"tools_content\">\r\n                                        <div class=\"tool_container tab_container tab_container_1 active\">\r\n                        <div class=\"typical_text\">\r\n                            <p>Achilles arbetar noggrant med att identifiera och benchmarka nyckeltal (KPI:er) och h\u00e5llbarhetsm\u00e5l (SPT:er) som \u00e4r relevanta f\u00f6r er verksamhet och i linje med branschstandarder. Med hj\u00e4lp av v\u00e5r omfattande erfarenhet av hantering av leveranskedjan och ESG-metoder skr\u00e4ddarsyr vi dessa indikatorer f\u00f6r att anpassa dem till er specifika h\u00e5llbarhetsstrategi och ser till att de \u00e4r m\u00e4tbara och j\u00e4mf\u00f6rs med b\u00e5de interna m\u00e5l och externa branschriktm\u00e4rken. Detta f\u00f6rsta steg \u00e4r avg\u00f6rande f\u00f6r att skapa ett robust och effektivt ramverk f\u00f6r h\u00e5llbarhetsrelaterade l\u00e5n.<\/p>\n                        <\/div>\r\n                                            <\/div>\r\n                                        <div class=\"tool_container tab_container tab_container_2\">\r\n                        <div class=\"typical_text\">\r\n                            <p><span class=\"OYPEnA text-decoration-none text-strikethrough-none\">Achilles Statement of Assurance (SA) \u00e4r k\u00e4rnan i v\u00e5rt engagemang f\u00f6r ansvarsfull finansiering och erbjuder omfattande verifiering och validering av h\u00e5llbarhetsp\u00e5st\u00e5enden i samband med l\u00e5n kopplade till h\u00e5llbarhet. Den fungerar som en evidensbaserad trov\u00e4rdighetsst\u00e4mpel och ger l\u00e5ngivare m\u00f6jlighet att fatta v\u00e4lgrundade beslut med o\u00f6vertr\u00e4ffat f\u00f6rtroende och g\u00f6r det m\u00f6jligt f\u00f6r l\u00e5ntagare att visa upp ambiti\u00f6sa, m\u00e4tbara resultat f\u00f6r milj\u00f6m\u00e4ssiga, sociala och styrningsm\u00e4ssiga (ESG) KPI:er och h\u00e5llbarhetsm\u00e5l (SPT:er). V\u00e5r rigor\u00f6sa och oberoende verifieringsprocess, som utf\u00f6rs av erfarna h\u00e5llbarhetsexperter, eliminerar riskerna f\u00f6r greenwashing och s\u00e4kerst\u00e4ller tillf\u00f6rlitligheten i h\u00e5llbarhetsdeklarationerna. Det \u00e4r inte bara ett dokument, det \u00e4r en katalysator f\u00f6r f\u00f6rtroende, efterlevnad och positivt engagemang fr\u00e5n intressenter i str\u00e4van efter en h\u00e5llbar framtid f\u00f6r verksamheten.  <a href=\"https:\/\/uat.achilles.com\/statement-of-limited-assurance\/\">L\u00e4s mer<\/a><\/span><\/p>\n                        <\/div>\r\n                                            <\/div>\r\n                                        <div class=\"tool_container tab_container tab_container_3\">\r\n                        <div class=\"typical_text\">\r\n                            <p><span class=\"OYPEnA text-decoration-none text-strikethrough-none\">H\u00e5llbar finansiering \u00e4r en st\u00e4ndigt p\u00e5g\u00e5ende resa, och Achilles s\u00e4kerst\u00e4ller transparens och ansvarsskyldighet genom hela processen. Vi tillhandah\u00e5ller regelbundna oberoende rapporter till b\u00e5de l\u00e5ntagare och l\u00e5ngivare, med en detaljerad redog\u00f6relse f\u00f6r de framsteg som gjorts mot h\u00e5llbarhetsm\u00e5len (SPTs). Dessa rapporter, som vanligtvis uppr\u00e4ttas \u00e5rligen, fungerar som en mekanism f\u00f6r att \u00f6vervaka och visa upp ert engagemang f\u00f6r h\u00e5llbarhet. Med hj\u00e4lp av v\u00e5ra omfattande data och erfarenheter blir dessa rapporter v\u00e4rdefulla verktyg f\u00f6r f\u00f6retag som vill anpassa sina h\u00e5llbarhetsm\u00e5l till hela f\u00f6retaget, fr\u00e4mja f\u00f6rtroende och s\u00e4kerst\u00e4lla efterlevnad av branschstandarder.<\/span><\/p>\n                        <\/div>\r\n                                            <\/div>\r\n                                    <\/div>\r\n            <\/div>\r\n                    <\/div>\r\n    <\/div>\r\n\n<div class=\"wp-block-buttons is-content-justification-right is-layout-flex wp-container-core-buttons-is-layout-765c4724 wp-block-buttons-is-layout-flex\"><\/div>\n\r\n\r\n  <div class=\"resources_other content_section\" id=\"insights\">\r\n        <div class=\"container\">\r\n                        <h3 class=\"title_block\">Achilles News and Insight<\/h3>\r\n                        <div class=\"resources_wrap\">\r\n                                <a class=\"resource_item\" href=\"https:\/\/www.achilles.com\/sv\/industry-insights\/hur-achilles-forbattrar-effektiviteten-inom-inkop-av-fornybar-energi\/\">\r\n                                        <div class=\"resource_item_img\">\r\n                        <img decoding=\"async\" src=\"https:\/\/www.achilles.com\/app\/uploads\/2024\/11\/Untitled-design-12.png\" alt=\"Hur Achilles effektiviserar ink\u00f6pen av f\u00f6rnybar energi\">\r\n                    <\/div>\r\n                                        <div class=\"resource_item_info\">\r\n                        <div class=\"resource_item_description\">\r\n                            <p class=\"resource_item_name\">Hur Achilles effektiviserar ink\u00f6pen av f\u00f6rnybar energi<\/p>\r\n                            <div class=\"typical_text\">\r\n                                <p>I takt med att sektorn f\u00f6r f\u00f6rnybar energi forts\u00e4tter att\u2026<\/p>\r\n                            <\/div>\r\n                        <\/div>\r\n                                                <div class=\"resource_item_categories\">\r\n                                                        <div class=\"resource_category\">\r\n                                                                <span class=\"resource_category_name\"><\/span>\r\n                            <\/div>\r\n                                                        <div class=\"resource_category\">\r\n                                                                <span class=\"resource_category_name\"><\/span>\r\n                            <\/div>\r\n                                                    <\/div>\r\n                                            <\/div>\r\n                <\/a>\r\n                                <a class=\"resource_item\" href=\"https:\/\/www.achilles.com\/sv\/branschinsikter\/fran-ramaterial-till-turbin-den-fornybara-energins-materialkris\/\">\r\n                                        <div class=\"resource_item_img\">\r\n                        <img decoding=\"async\" src=\"https:\/\/www.achilles.com\/app\/uploads\/2024\/11\/nasa-Q1p7bh3SHj8-unsplash-scaled.jpg\" alt=\"Fr\u00e5n r\u00e5material till turbin: Den f\u00f6rnybara energins materialkris\">\r\n                    <\/div>\r\n                                        <div class=\"resource_item_info\">\r\n                        <div class=\"resource_item_description\">\r\n                            <p class=\"resource_item_name\">Fr\u00e5n r\u00e5material till turbin: Den f\u00f6rnybara energins materialkris<\/p>\r\n                            <div class=\"typical_text\">\r\n                                <p>Energiomst\u00e4llningen \u00e4r i full g\u00e5ng. I m\u00e5nga industril\u00e4nder, d\u00e4ribland Tyskland,\u2026<\/p>\r\n                            <\/div>\r\n                        <\/div>\r\n                                                <div class=\"resource_item_categories\">\r\n                                                        <div class=\"resource_category\">\r\n                                                                <span class=\"resource_category_name\"><\/span>\r\n                            <\/div>\r\n                                                        <div class=\"resource_category\">\r\n                                                                <span class=\"resource_category_name\"><\/span>\r\n                            <\/div>\r\n                                                    <\/div>\r\n                                            <\/div>\r\n                <\/a>\r\n                                <a class=\"resource_item\" href=\"https:\/\/www.achilles.com\/sv\/branschinsikter\/rollen-av-samarbete-for-att-bygga-en-sakrare-arbetsmiljo\/\">\r\n                                        <div class=\"resource_item_img\">\r\n                        <img decoding=\"async\" src=\"https:\/\/www.achilles.com\/app\/uploads\/2024\/01\/AdobeStock_635722365-scaled.jpeg\" alt=\"Rollen av samarbete och teknologi f\u00f6r att bygga en s\u00e4krare arbetsmilj\u00f6 inom energisektorn\">\r\n                    <\/div>\r\n                                        <div class=\"resource_item_info\">\r\n                        <div class=\"resource_item_description\">\r\n                            <p class=\"resource_item_name\">Rollen av samarbete och teknologi f\u00f6r att bygga en s\u00e4krare arbetsmilj\u00f6 inom energisektorn<\/p>\r\n                            <div class=\"typical_text\">\r\n                                <p>Efter ett decennium av stadigt minskande d\u00f6dliga arbetsplatsolyckor hamnade den\u2026<\/p>\r\n                            <\/div>\r\n                        <\/div>\r\n                                                <div class=\"resource_item_categories\">\r\n                                                        <div class=\"resource_category\">\r\n                                                                <span class=\"resource_category_name\"><\/span>\r\n                            <\/div>\r\n                                                        <div class=\"resource_category\">\r\n                                                                <span class=\"resource_category_name\"><\/span>\r\n                            <\/div>\r\n                                                    <\/div>\r\n                                            <\/div>\r\n                <\/a>\r\n                                <a class=\"resource_item\" href=\"https:\/\/www.achilles.com\/sv\/branschinsikter\/transportens-leveranskedja\/\">\r\n                                        <div class=\"resource_item_img\">\r\n                        <img decoding=\"async\" src=\"https:\/\/www.achilles.com\/app\/uploads\/2024\/02\/Website-banners-5.png\" alt=\"Har du sv\u00e5rt att uppfylla dina \u00e5taganden f\u00f6r \u00f6versyn av transportens leveranskedja med befintliga l\u00f6sningar?\u00a0\">\r\n                    <\/div>\r\n                                        <div class=\"resource_item_info\">\r\n                        <div class=\"resource_item_description\">\r\n                            <p class=\"resource_item_name\">Har du sv\u00e5rt att uppfylla dina \u00e5taganden f\u00f6r \u00f6versyn av transportens leveranskedja med befintliga l\u00f6sningar?\u00a0<\/p>\r\n                            <div class=\"typical_text\">\r\n                                <p>Transport- och logistiksektorn genomg\u00e5r f\u00f6r n\u00e4rvarande en omvandling. N\u00e4r sektorn\u2026<\/p>\r\n                            <\/div>\r\n                        <\/div>\r\n                                                <div class=\"resource_item_categories\">\r\n                                                        <div class=\"resource_category\">\r\n                                                                <span class=\"resource_category_name\"><\/span>\r\n                            <\/div>\r\n                                                        <div class=\"resource_category\">\r\n                                                                <span class=\"resource_category_name\"><\/span>\r\n                            <\/div>\r\n                                                    <\/div>\r\n                                            <\/div>\r\n                <\/a>\r\n                            <\/div>\r\n        <\/div>\r\n    <\/div> \r\n    <div class=\"request_section\" id=\"Form\">\r\n        <div class=\"contact_bg\">\r\n                    <\/div>\r\n        <div class=\"container\">\r\n            <div class=\"request_inner\">\r\n                                <div class=\"request_wrapper\">\r\n                <h2 class=\"title_section\">Ta kontakt med oss<\/h2>\r\n                <\/div>\r\n                                <div class=\"request_box\">\r\n                                        <h5 class=\"contact_content_subtitle\">Kontakta oss f\u00f6r att diskutera dina behov av h\u00e5llbar finansiering<\/h5>\r\n                    <script charset=\"utf-8\" type=\"text\/javascript\" src=\"\/\/js.hsforms.net\/forms\/embed\/v2.js\"><\/script><script>hbspt.forms.create({\n    region: \"na1\",\n    portalId: \"5387762\",\n    formId: \"a23cf73a-36bd-433c-a1d8-4acd8b05b928\"\n  });\n<\/script>                <\/div>\r\n            <\/div>\r\n        <\/div>\r\n    <\/div>\r\n\r\n","protected":false},"excerpt":{"rendered":"","protected":false},"author":9,"featured_media":0,"parent":0,"menu_order":0,"comment_status":"closed","ping_status":"closed","template":"","meta":{"_acf_changed":false,"content-type":"","footnotes":""},"class_list":["post-24821","page","type-page","status-publish","hentry"],"acf":[],"_links":{"self":[{"href":"https:\/\/www.achilles.com\/sv\/wp-json\/wp\/v2\/pages\/24821","targetHints":{"allow":["GET"]}}],"collection":[{"href":"https:\/\/www.achilles.com\/sv\/wp-json\/wp\/v2\/pages"}],"about":[{"href":"https:\/\/www.achilles.com\/sv\/wp-json\/wp\/v2\/types\/page"}],"author":[{"embeddable":true,"href":"https:\/\/www.achilles.com\/sv\/wp-json\/wp\/v2\/users\/9"}],"replies":[{"embeddable":true,"href":"https:\/\/www.achilles.com\/sv\/wp-json\/wp\/v2\/comments?post=24821"}],"version-history":[{"count":0,"href":"https:\/\/www.achilles.com\/sv\/wp-json\/wp\/v2\/pages\/24821\/revisions"}],"wp:attachment":[{"href":"https:\/\/www.achilles.com\/sv\/wp-json\/wp\/v2\/media?parent=24821"}],"curies":[{"name":"wp","href":"https:\/\/api.w.org\/{rel}","templated":true}]}}