{"id":24814,"date":"2023-10-02T14:02:11","date_gmt":"2023-10-02T13:02:11","guid":{"rendered":"https:\/\/uat.achilles.com\/verktyg-2\/"},"modified":"2024-01-02T12:11:11","modified_gmt":"2024-01-02T09:11:11","slug":"transport-och-logistik","status":"publish","type":"page","link":"https:\/\/www.achilles.com\/sv\/transport-och-logistik\/","title":{"rendered":"Transport och logistik"},"content":{"rendered":"    <div class=\"top_section\">\n        <div class=\"container\">\n            <div class=\"top_info\">\n                                    <h1 class=\"top_title\">L\u00f6sningar f\u00f6r h\u00e5llbar hantering av f\u00f6rs\u00f6rjningskedjan f\u00f6r transport och logistik<\/h1>\n                                    <div class=\"top_text\">\n                        <p>I takt med att v\u00e4rlden fokuserar p\u00e5 en renare och mer h\u00e5llbar framtid har det aldrig varit viktigare att transport- och logistiksektorn har en effektiv hantering av leveranskedjan &#8211; b\u00e5de f\u00f6r att uppfylla ny och framv\u00e4xande lagstiftning och ambiti\u00f6sa milj\u00f6m\u00e4ssiga, sociala och styrningsm\u00e4ssiga m\u00e5l.<\/p>\n                    <\/div>\n                                    <div class=\"top_buttons\">\n                                                    <a class=\"btn btn_white btn_big\" href=\"https:\/\/www.achilles.com\/sv\/kontakta-oss\">Prata med oss<\/a>\n                                            <\/div>\n                            <\/div>\n        <\/div>\n        <div class=\"top_media\">\n\t\t\t            <img decoding=\"async\" src=\"https:\/\/www.achilles.com\/app\/uploads\/2023\/06\/transport-3.jpg\" alt=\"\">\n                    <\/div>\n    <\/div>\n\n\n    <div class=\"content_section\">\r\n        <div class=\"container\">\r\n                        <div class=\"description_section\">\r\n                                <p class=\"title_category\">ACHILLES KUNDER<\/p>\r\n                                <h2 class=\"title_section\">V\u00e4rldens ledande transport- och logistikf\u00f6retag v\u00e4ljer Achilles<\/h2>\r\n                                <div class=\"typical_text middle_text\">\r\n                    <p>Achilles arbetar med ledande j\u00e4rnv\u00e4gs-, v\u00e4g- och logistikf\u00f6retag \u00f6ver hela v\u00e4rlden f\u00f6r att hantera p\u00e5verkan p\u00e5 leveranskedjan, st\u00f6dja kontinuerlig f\u00f6rb\u00e4ttring av leverant\u00f6rer, tillhandah\u00e5lla tillf\u00f6rlitlig due diligence-rapportering och s\u00e4kerst\u00e4lla efterlevnad av ESG-lagstiftning.<\/p>\n                <\/div>\r\n                            <\/div>\r\n                        <div class=\"logos_wrap\">\r\n                                <div class=\"logo_item\">\r\n                    <img decoding=\"async\" src=\"https:\/\/www.achilles.com\/app\/uploads\/2023\/10\/First-Group.jpeg\" alt=\"\" width=\"250\">\r\n                <\/div>\r\n                                <div class=\"logo_item\">\r\n                    <img decoding=\"async\" src=\"https:\/\/www.achilles.com\/app\/uploads\/2023\/10\/LNER.jpeg\" alt=\"The LNER logo is the name of the company in  red capital letters. The L and R use a thinner weight and the N and E in the middle are a thicker weight. Underneath the acronym the full name of the company, which is London North Eastern Railway, is spelt out also in red.\" width=\"250\">\r\n                <\/div>\r\n                                <div class=\"logo_item\">\r\n                    <img decoding=\"async\" src=\"https:\/\/www.achilles.com\/app\/uploads\/2023\/10\/wincanton-logo.svg\" alt=\"Achilles works with Wincanton to provide supply chain risk management solutions\" width=\"250\">\r\n                <\/div>\r\n                                <div class=\"logo_item\">\r\n                    <img decoding=\"async\" src=\"https:\/\/www.achilles.com\/app\/uploads\/2023\/06\/GWR-logo-1.png\" alt=\"\" width=\"250\">\r\n                <\/div>\r\n                                <div class=\"logo_item\">\r\n                    <img decoding=\"async\" src=\"https:\/\/www.achilles.com\/app\/uploads\/2023\/05\/swedavia_logo.jpg\" alt=\"\" width=\"250\">\r\n                <\/div>\r\n                                <div class=\"logo_item\">\r\n                    <img decoding=\"async\" src=\"\" alt=\"\" width=\"250\">\r\n                <\/div>\r\n                                <div class=\"logo_item\">\r\n                    <img decoding=\"async\" src=\"https:\/\/www.achilles.com\/app\/uploads\/2023\/06\/TPE-logo.jpg\" alt=\"\" width=\"250\">\r\n                <\/div>\r\n                                <div class=\"logo_item\">\r\n                    <img decoding=\"async\" src=\"https:\/\/www.achilles.com\/app\/uploads\/2023\/06\/bwo-logo-610.jpg\" alt=\"\" width=\"246\">\r\n                <\/div>\r\n                                <div class=\"logo_item\">\r\n                    <img decoding=\"async\" src=\"https:\/\/www.achilles.com\/app\/uploads\/2023\/06\/canal2.jpg\" alt=\"\" width=\"250\">\r\n                <\/div>\r\n                                <div class=\"logo_item\">\r\n                    <img decoding=\"async\" src=\"https:\/\/www.achilles.com\/app\/uploads\/2023\/05\/trv-logo.png\" alt=\"\" width=\"250\">\r\n                <\/div>\r\n                            <\/div>\r\n                    <\/div>\r\n    <\/div>\r\n\n\n    <div class=\"content_section\">\r\n        <div class=\"container\">\r\n                        <div class=\"posts_panel\">\r\n                <div class=\"description_section\">\r\n                                        <p class=\"title_category\">Ber\u00e4ttelser fr\u00e5n kunder<\/p>\r\n                     \r\n                    <h2 class=\"title_section\">Achilles kunder \u00e4r marknadsledande och ligger i framkant n\u00e4r det g\u00e4ller milj\u00f6styrning och social styrning.  <\/h2>\r\n                                    <\/div>\r\n                            <\/div>\r\n                                    <div class=\"posts_wrap\">\r\n                                <div class=\"post_item\">\r\n                    <div class=\"post_item_top\">\r\n                                                <a class=\"post_item_img\" href=\"https:\/\/www.achilles.com\/sv\/branschinsikter\/bygga-ett-skalbart-hallbart-och-motstandskraftigt-natverk-for-datacenterbyggnation\/\">\r\n                            <img decoding=\"async\" src=\"https:\/\/www.achilles.com\/app\/uploads\/2026\/03\/Achilles-Google-Supply-Chain-Risk-banner.png\" alt=\"Bygga ett skalbart, h\u00e5llbart och motst\u00e5ndskraftigt n\u00e4tverk f\u00f6r datacenterbyggnation\">\r\n                        <\/a>\r\n                                                <ul class=\"post_item_categories\">\r\n                                                        <li>Branschinsikter<\/li>\r\n                                                        <li>Fallstudier<\/li>\r\n                                                    <\/ul>\r\n                    <\/div>\r\n                    <a class=\"post_item_name\" href=\"https:\/\/www.achilles.com\/sv\/branschinsikter\/bygga-ett-skalbart-hallbart-och-motstandskraftigt-natverk-for-datacenterbyggnation\/\">Bygga ett skalbart, h\u00e5llbart och motst\u00e5ndskraftigt n\u00e4tverk f\u00f6r datacenterbyggnation<\/a>\r\n                <\/div>\r\n                                <div class=\"post_item\">\r\n                    <div class=\"post_item_top\">\r\n                                                <a class=\"post_item_img\" href=\"https:\/\/www.achilles.com\/sv\/industry-insights\/varfor-revisioner-ar-viktiga-en-verklig-berattelse-fran-fisk-och-skaldjurslogistik\/\">\r\n                            <img decoding=\"async\" src=\"https:\/\/www.achilles.com\/app\/uploads\/2025\/03\/vidar-nordli-mathisen-641pLhGEEyg-unsplash.jpg\" alt=\"Varf\u00f6r revisioner \u00e4r viktiga: En verklig ber\u00e4ttelse fr\u00e5n fisk- och skaldjurslogistik\">\r\n                        <\/a>\r\n                                                <ul class=\"post_item_categories\">\r\n                                                        <li>Fallstudier<\/li>\r\n                                                    <\/ul>\r\n                    <\/div>\r\n                    <a class=\"post_item_name\" href=\"https:\/\/www.achilles.com\/sv\/industry-insights\/varfor-revisioner-ar-viktiga-en-verklig-berattelse-fran-fisk-och-skaldjurslogistik\/\">Varf\u00f6r revisioner \u00e4r viktiga: En verklig ber\u00e4ttelse fr\u00e5n fisk- och skaldjurslogistik<\/a>\r\n                <\/div>\r\n                                <div class=\"post_item\">\r\n                    <div class=\"post_item_top\">\r\n                                                <a class=\"post_item_img\" href=\"https:\/\/www.achilles.com\/sv\/branschinsikter\/intervju-med-anna-maria-dubois-och-thomas-roth-om-hallbarhetens-och-leverantorskedjans-utmaningar-hos-amarenco\/\">\r\n                            <img decoding=\"async\" src=\"https:\/\/www.achilles.com\/app\/uploads\/2024\/11\/AdobeStock_620340390-scaled.jpeg\" alt=\"Intervju om utmaningarna med h\u00e5llbarhet och leverant\u00f6rskedjehantering p\u00e5 Amarenco\">\r\n                        <\/a>\r\n                                                <ul class=\"post_item_categories\">\r\n                                                        <li>Artikel<\/li>\r\n                                                        <li>Fallstudier<\/li>\r\n                                                    <\/ul>\r\n                    <\/div>\r\n                    <a class=\"post_item_name\" href=\"https:\/\/www.achilles.com\/sv\/branschinsikter\/intervju-med-anna-maria-dubois-och-thomas-roth-om-hallbarhetens-och-leverantorskedjans-utmaningar-hos-amarenco\/\">Intervju om utmaningarna med h\u00e5llbarhet och leverant\u00f6rskedjehantering p\u00e5 Amarenco<\/a>\r\n                <\/div>\r\n                            <\/div>\r\n                    <\/div>\r\n    <\/div>\r\n\n\n    <div class=\"content_section\">\r\n        <div class=\"container\">\r\n                        <div class=\"description_section\">\r\n                                <p class=\"title_category\">L\u00d6SNINGAR F\u00d6R F\u00d6RS\u00d6RJNINGSKEDJAN INOM TRANSPORT OCH LOGISTIK<\/p>\r\n                                <h2 class=\"title_section\">L\u00f6sningar f\u00f6r en s\u00e4krare, r\u00e4ttvisare leveranskedja med l\u00e4gre koldioxidutsl\u00e4pp<\/h2>\r\n                                <div class=\"typical_text middle_text\">\r\n                    <p>Achilles har m\u00e5nga decenniers erfarenhet av att arbeta med v\u00e4rldens ledande transport- och logistikf\u00f6retag f\u00f6r att hantera risker i leveranskedjan, minska koldioxidutsl\u00e4ppen och leverera exceptionell transparens i leveranskedjan.<\/p>\n                <\/div>\r\n                            <\/div>\r\n                        <div class=\"features_wrap features_four\">\r\n                                <div class=\"feature_item\">\r\n                                        <div class=\"feature_item_icon\">\r\n                        <img decoding=\"async\" src=\"https:\/\/www.achilles.com\/app\/uploads\/2023\/09\/icon_common-file-text-check.png\" alt=\"\">\r\n                    <\/div>\r\n                                        <h3 class=\"feature_item_name\">N\u00e4tverk av kvalificerade leverant\u00f6rer<\/h3>\r\n                                        <div class=\"typical_text\">\r\n                        <p>F\u00e5 tillg\u00e5ng till en noggrant validerad databas med f\u00f6rkvalificerade leverant\u00f6rer inom transport- och logistikbranschen som uppfyller lokala och internationella ESG- och upphandlingsregler.<\/p>\n                    <\/div>\r\n                                        <a class=\"btn\" aria-label=\"N\u00e4tverk av kvalificerade leverant\u00f6rer - L\u00e4s mer\" href=\"https:\/\/www.achilles.com\/sv\/natverk-av-forkvalificerade-leverantorer\">L\u00e4s mer<\/a>\r\n                                    <\/div>\r\n                                <div class=\"feature_item\">\r\n                                        <div class=\"feature_item_icon\">\r\n                        <img decoding=\"async\" src=\"https:\/\/www.achilles.com\/app\/uploads\/2023\/09\/icon_user-network-1.png\" alt=\"on site audits\">\r\n                    <\/div>\r\n                                        <h3 class=\"feature_item_name\">Due diligence av leverant\u00f6rer<\/h3>\r\n                                        <div class=\"typical_text\">\r\n                        <p>Noggrann bed\u00f6mning och validering av er leverant\u00f6rskedja f\u00f6r att s\u00e4kerst\u00e4lla att era leverant\u00f6rer uppfyller era standarder och att ni f\u00f6ljer de best\u00e4mmelser som \u00e4r relevanta f\u00f6r er verksamhet.<\/p>\n                    <\/div>\r\n                                        <a class=\"btn\" aria-label=\"Due diligence av leverant\u00f6rer - L\u00e4s mer\" href=\"https:\/\/www.achilles.com\/sv\/due-diligence-i-leveranskedjan\">L\u00e4s mer<\/a>\r\n                                    <\/div>\r\n                                <div class=\"feature_item\">\r\n                                        <div class=\"feature_item_icon\">\r\n                        <img decoding=\"async\" src=\"https:\/\/www.achilles.com\/app\/uploads\/2023\/09\/Icon_air-pollution-co2-down-2.png\" alt=\"\">\r\n                    <\/div>\r\n                                        <h3 class=\"feature_item_name\">Minskning av koldioxidutsl\u00e4pp<\/h3>\r\n                                        <div class=\"typical_text\">\r\n                        <p>Effektivt m\u00e4ta, hantera och minska ditt koldioxidavtryck med v\u00e4rldens enda ISO14064-1 Carbon Management Scheme.<\/p>\n                    <\/div>\r\n                                        <a class=\"btn\" aria-label=\"Minskning av koldioxidutsl\u00e4pp - L\u00e4s mer\" href=\"https:\/\/www.achilles.com\/sv\/kolhantering-och-reduktion\">L\u00e4s mer<\/a>\r\n                                    <\/div>\r\n                                <div class=\"feature_item\">\r\n                                        <div class=\"feature_item_icon\">\r\n                        <img decoding=\"async\" src=\"https:\/\/www.achilles.com\/app\/uploads\/2023\/09\/saving-bank-1.png\" alt=\"\">\r\n                    <\/div>\r\n                                        <h3 class=\"feature_item_name\">Revisionsf\u00f6rklaring<\/h3>\r\n                                        <div class=\"typical_text\">\r\n                        <p>Tydligt visa era resultat mot ESG-nyckeltal och h\u00e5llbarhetsm\u00e5l (SPT) f\u00f6r l\u00e5ngivare och andra intressentgrupper.<\/p>\n                    <\/div>\r\n                                        <a class=\"btn\" aria-label=\"Revisionsf\u00f6rklaring - L\u00e4s mer\" href=\"https:\/\/www.achilles.com\/sv\/hallbar-finansiering\/\">L\u00e4s mer<\/a>\r\n                                    <\/div>\r\n                            <\/div>\r\n                    <\/div>\r\n    <\/div>\r\n\n\n    <div class=\"content_section bg_grey\">\r\n        <div class=\"container\">\r\n                        <div class=\"description_section big\">\r\n                                <h2 class=\"title_section\">V\u00e4lj r\u00e4tt transportn\u00e4tverk f\u00f6r ditt f\u00f6retag<\/h2>\r\n                                <div class=\"typical_text middle_text\">\r\n                    <p>Achilles bedriver verksamhet p\u00e5 17 platser runt om i v\u00e4rlden f\u00f6r att tillhandah\u00e5lla den lokala n\u00e4rvaro som s\u00e4kerst\u00e4ller b\u00e5de djup f\u00f6rst\u00e5else f\u00f6r lokala best\u00e4mmelser, spr\u00e5k och kultur och den globala skala som m\u00f6jligg\u00f6r den \u00f6verl\u00e4gsna riskhantering av leveranskedjan som kr\u00e4vs f\u00f6r att tillgodose v\u00e4rldens transport- och logistikbehov.<\/p>\n                <\/div>\r\n                            <\/div>\r\n                                    <div class=\"features_wrap features_four\">\r\n                                <div class=\"feature_item\">\r\n                                        <h3 class=\"feature_item_name\">Achilles Network<\/h3>\r\n                                        <div class=\"typical_text middle_text\">\r\n                        <p>Achilles-n\u00e4tverket ger tillg\u00e5ng till en global marknadsplats f\u00f6r Achilles gold standard-validerade ink\u00f6pare och leverant\u00f6rer inom b\u00e5de f\u00f6rs\u00f6rjningssektorn och andra branscher.<\/p>\r\n                    <\/div>\r\n                                        <a class=\"btn btn_big\" aria-label=\"Achilles Network - L\u00e4s mer\" href=\"\/sv\/community\/achilles-network\/\">L\u00e4s mer<\/a>\r\n                                    <\/div>\r\n                                <div class=\"feature_item\">\r\n                                        <h3 class=\"feature_item_name\">Link-Up<\/h3>\r\n                                        <div class=\"typical_text middle_text\">\r\n                        <p>Link-Up fokuserar p\u00e5 den brittiska transportsektorn och tillhandah\u00e5ller uppdaterad och validerad leverant\u00f6rsinformation, leverant\u00f6rsgranskningstj\u00e4nster och effektiv upphandling i enlighet med brittiska regler<\/p>\r\n                    <\/div>\r\n                                        <a class=\"btn btn_big\" aria-label=\"Link-Up - L\u00e4s mer\" href=\"\/community\/link-up\/\">L\u00e4s mer<\/a>\r\n                                    <\/div>\r\n                                <div class=\"feature_item\">\r\n                                        <h3 class=\"feature_item_name\">Supply-Line<\/h3>\r\n                                        <div class=\"typical_text middle_text\">\r\n                        <p>Supply-Line skapar m\u00f6jligheter f\u00f6r leverant\u00f6rer och hj\u00e4lper samtidigt irl\u00e4ndska ink\u00f6pare att bygga upp och hantera helt kompatibla leveranskedjor.<\/p>\r\n                    <\/div>\r\n                                        <a class=\"btn btn_big\" aria-label=\"Supply-Line - L\u00e4s mer\" href=\"\/community\/supply-line\/\">L\u00e4s mer<\/a>\r\n                                    <\/div>\r\n                                <div class=\"feature_item\">\r\n                                        <h3 class=\"feature_item_name\">TransQ Nordics<\/h3>\r\n                                        <div class=\"typical_text middle_text\">\r\n                        <p>TransQ fokuserar p\u00e5 Norden och t\u00e4cker j\u00e4rnv\u00e4g, v\u00e4g, flyg, post och logistik.<\/p>\r\n                    <\/div>\r\n                                        <a class=\"btn btn_big\" aria-label=\"TransQ Nordics - L\u00e4s mer\" href=\"\/sv\/community\/transq-nordics\/\">L\u00e4s mer<\/a>\r\n                                    <\/div>\r\n                            <\/div>\r\n                                <\/div>\r\n    <\/div>\r\n\n\n            <div class=\"hero_section\">\r\n           <div class=\"hero_media\">\r\n                                <img decoding=\"async\" src=\"https:\/\/www.achilles.com\/app\/uploads\/2023\/07\/transport-2-e1536317047230.jpg\" alt=\"\">\r\n                            <\/div>\r\n            <div class=\"container\">\r\n                <div class=\"hero_wrapper\">\r\n                    <div class=\"hero_info\">\r\n                                                <div class=\"typical_text middle_text\">\r\n                            <p>&#8221;Att anv\u00e4nda TransQ skapar en snabbare och effektivare upphandlingsprocess eftersom leverant\u00f6rerna har f\u00f6rhandsgodk\u00e4nts av Trafikverket.&#8221;\r\n<p>Svenska Trafikverket (Trafikverket)<\/p>\r\n                        <\/div>\r\n                                                <div class=\"content_buttons\">\r\n                                                        <a class=\"btn btn_big\" aria-label=\" - L\u00e4s mer\" href=\"\/sv\/community\/transq-nordics\/\">L\u00e4s mer<\/a>\r\n                                                    <\/div>\r\n                                            <\/div>\r\n                <\/div>\r\n            <\/div>\r\n        <\/div>\r\n    \n\n    <div class=\"content_section\">\r\n        <div class=\"container\">\r\n                        <div class=\"posts_panel\">\r\n                <div class=\"description_section\">\r\n                                        <p class=\"title_category\">Achilles branschinsikt<\/p>\r\n                     \r\n                    <h2 class=\"title_section\">Rekommenderas f\u00f6r dig<\/h2>\r\n                                    <\/div>\r\n                            <\/div>\r\n                                <\/div>\r\n    <\/div>\r\n\n\n    <div class=\"contact_main\">\r\n        <div class=\"contact_bg\">\r\n                        <img decoding=\"async\" src=\"https:\/\/www.achilles.com\/app\/uploads\/2023\/07\/Trees-road-e1716465304904.jpg\" alt=\"\">\r\n                    <\/div>\r\n        <div class=\"container\">\r\n            <div class=\"contact_content\">\r\n                <div class=\"contact_wrapper\">\r\n                <div class=\"contact_content_description\">\r\n                                        <h1 class=\"title_page\">Prata med oss<\/h1>\r\n                                        <h5 class=\"contact_content_subtitle\">Tala med en av v\u00e5ra experter p\u00e5 ESG och koldioxidhantering<\/h5>\r\n                                    <\/div>\r\n                <\/div>\r\n                <div class=\"contact_reqiest\">\r\n                    <script charset=\"utf-8\" type=\"text\/javascript\" src=\"\/\/js.hsforms.net\/forms\/embed\/v2.js\"><\/script><script>hbspt.forms.create({\n    region: \"na1\",\n    portalId: \"5387762\",\n    formId: \"a23cf73a-36bd-433c-a1d8-4acd8b05b928\"\n  });\n<\/script>                <\/div>\r\n            <\/div>\r\n        <\/div>\r\n    <\/div>\r\n\r\n","protected":false},"excerpt":{"rendered":"","protected":false},"author":2,"featured_media":0,"parent":0,"menu_order":0,"comment_status":"closed","ping_status":"closed","template":"","meta":{"_acf_changed":false,"content-type":"","footnotes":""},"class_list":["post-24814","page","type-page","status-publish","hentry"],"acf":[],"_links":{"self":[{"href":"https:\/\/www.achilles.com\/sv\/wp-json\/wp\/v2\/pages\/24814","targetHints":{"allow":["GET"]}}],"collection":[{"href":"https:\/\/www.achilles.com\/sv\/wp-json\/wp\/v2\/pages"}],"about":[{"href":"https:\/\/www.achilles.com\/sv\/wp-json\/wp\/v2\/types\/page"}],"author":[{"embeddable":true,"href":"https:\/\/www.achilles.com\/sv\/wp-json\/wp\/v2\/users\/2"}],"replies":[{"embeddable":true,"href":"https:\/\/www.achilles.com\/sv\/wp-json\/wp\/v2\/comments?post=24814"}],"version-history":[{"count":0,"href":"https:\/\/www.achilles.com\/sv\/wp-json\/wp\/v2\/pages\/24814\/revisions"}],"wp:attachment":[{"href":"https:\/\/www.achilles.com\/sv\/wp-json\/wp\/v2\/media?parent=24814"}],"curies":[{"name":"wp","href":"https:\/\/api.w.org\/{rel}","templated":true}]}}