{"id":2417,"date":"2023-05-16T16:15:41","date_gmt":"2023-05-16T15:15:41","guid":{"rendered":"https:\/\/uat.achilles.com\/training\/"},"modified":"2023-08-07T19:19:24","modified_gmt":"2023-08-07T16:19:24","slug":"training","status":"publish","type":"page","link":"https:\/\/www.achilles.com\/sv\/utbildning\/","title":{"rendered":"Training"},"content":{"rendered":"            <div class=\"content_section\">\r\n            <div class=\"container\">\r\n                                <div class=\"description_page full top\">\r\n                                        <h1 class=\"title_page\">Utbildning<\/h1>\r\n                                        <div class=\"typical_text large_text\">\r\n                        <p>Ink\u00f6pare i offentlig sektor \u00e4r begr\u00e4nsade n\u00e4r det g\u00e4ller vilka de kan g\u00f6ra ink\u00f6p fr\u00e5n. V\u00e5ra kurser hj\u00e4lper ink\u00f6pare att f\u00f6rst\u00e5 och navigera dessa begr\u00e4nsningar, och d\u00e4rmed \u00f6vervinna ett stort hinder inom upphandling.<\/p>\r\n                    <\/div>\r\n                                    <\/div>\r\n                                <div class=\"content_wrap align_vertical\">\r\n                    <div class=\"content_info ogo\">\r\n                                                <p class=\"title_category\">VARF\u00d6R DELTAR P\u00c5 EN UTBILDNING?<\/p>\r\n                                                <h2 class=\"title_section\">G\u00f6r m\u00f6jligheter tillg\u00e4ngliga<\/h2>\r\n                                                <div class=\"typical_text\">\r\n                            <p>Offentliga upphandlingar \u00e4r ofta komplicerade. N\u00e4r skattebetalarnas pengar spenderas \u2012 oavsett om det \u00e4r inom energi, h\u00e4lsa, boende, transport eller viktig infrastruktur \u2012 har ink\u00f6paren en plikt att h\u00e5lla en h\u00f6g niv\u00e5 av aktsamhet.<\/p>\n<p>En detaljerad f\u00f6rst\u00e5else av upphandlingsreglerna och de praktiska konsekvenserna f\u00f6r anbud \u00e4r en enorm konkurrensf\u00f6rdel.<\/p>\n<p>V\u00e5ra experter har l\u00e5ng erfarenhet av samarbete med offentlig sektor och allm\u00e4nnyttiga organisationer, samt de EU-upphandlingsbest\u00e4mmelser som \u00e4r avg\u00f6rande f\u00f6r val av leverant\u00f6r. P\u00e5 v\u00e5ra 1-dagarsprogram kommer du att:<\/p>\n<ul>\n<li>L\u00e4ra dig hur du hittar aff\u00e4rsm\u00f6jligheter hos offentliga organisationer<\/li>\n<li>F\u00e5 detaljerad insikt i relevanta upphandlingsdirektiv<\/li>\n<li>F\u00e5 kunskapsverktyg som kan hj\u00e4lpa dig att vinna offentliga avtal<\/li>\n<\/ul>\n                        <\/div>\r\n                                            <\/div>\r\n                                        <div class=\"content_media\">\r\n                        <img decoding=\"async\" src=\"https:\/\/www.achilles.com\/app\/uploads\/2023\/05\/training_img_1.jpg\" width=\"393\" alt=\"a human torso writing in a notebook next to a laptop\">\r\n                    <\/div>\r\n                                    <\/div>\r\n                            <\/div>\r\n        <\/div>\r\n    \n\n    <div class=\"quote_section\">\r\n        <div class=\"quote_bg\">\r\n                        <img decoding=\"async\" src=\"https:\/\/www.achilles.com\/app\/uploads\/2023\/05\/quote_training.jpg\" alt=\"people at a table having public procurement traininig\">\r\n                    <\/div>\r\n        <div class=\"container\">\r\n            <div class=\"quote_wrapper\">\r\n                <div class=\"quote_item half right\">\r\n                                        <div class=\"quote_item_text\">\r\n                        <p>\u201dJag visste inte s\u00e5 mycket innan evenemanget, men efter\u00e5t \u00e4r jag m\u00e5lmedveten och vet hur jag ska g\u00e5 vidare\u201d<\/p>\n                    <\/div>\r\n                                        <p class=\"quote_item_author\">Tom Morgan, aff\u00e4rsutveckling, National Grid<\/p>\r\n                                    <\/div>\r\n            <\/div>\r\n        <\/div>\r\n    <\/div>\r\n\n\n        <div class=\"content_section bg_grey\">\r\n            <div class=\"container\">\r\n                <div class=\"content_wrap\">\r\n                    <div class=\"content_info\">\r\n                                                <p class=\"title_category\">V\u00c5RA PROGRAM<\/p>\r\n                                                <h2 class=\"title_section\">En m\u00e4ngd olika program som passar dina behov<\/h2>\r\n                                                <div class=\"typical_text\">\r\n                            <p>Vi har m\u00e5nga erbjudanden som hj\u00e4lper dig att ta din verksamhet vidare. V\u00e4lj ett av f\u00f6ljande program och f\u00e5 svar p\u00e5 dina mest angel\u00e4gna fr\u00e5gor:<\/p>\n<ul>\n<li>Hitta nya m\u00f6jligheter<\/li>\n<li>Anbudsf\u00f6rfarandet<\/li>\n<li>Upphandling i offentlig kontra privat sektor<\/li>\n<li>Lagstiftning f\u00f6r EU-upphandlingar<\/li>\n<\/ul>\n                        <\/div>\r\n                                            <\/div>\r\n                <\/div>\r\n            <\/div>\r\n        <\/div>\r\n\n\n        <div class=\"content_section\">\r\n            <div class=\"container\">\r\n                                <div class=\"description_page full\">\r\n                                        <p class=\"title_category\">V\u00c5RA UTBILDNINGSSESSIONER<\/p>\r\n                                        <h2 class=\"title_section\">Hitta en session genom att v\u00e4lja en region, ett \u00e4mne och en bransch som passar dig<\/h2>\r\n                                    <\/div>\r\n                                <div class=\"filter_panel\" id=\"filter\">\r\n                    <span class=\"filter_panel_title\">Filtrera evenemang enligt: <\/span>\r\n                                        <div class=\"filter_dropdown dropdown_wrap\">\r\n                        <a class=\"filter_dropdown_toggle dropdown_toggle\" href=\"#\">\r\n                            Industry                            <span class=\"icon-Chevron-Down\"><\/span>\r\n                        <\/a>\r\n                        <div class=\"filter_dropdown_box dropdown_box\">\r\n                            <ul>\r\n                                <li class=\"active\"><a href=\"https:\/\/www.achilles.com\/sv\/utbildning\/#filter\">Allt<\/a><\/li>\r\n                                                                <li><a href=\"https:\/\/www.achilles.com\/sv\/utbildning\/?filter1=#filter\"><\/a><\/li>\r\n                                                                <li><a href=\"https:\/\/www.achilles.com\/sv\/utbildning\/?filter1=#filter\"><\/a><\/li>\r\n                                                                <li><a href=\"https:\/\/www.achilles.com\/sv\/utbildning\/?filter1=#filter\"><\/a><\/li>\r\n                                                                <li><a href=\"https:\/\/www.achilles.com\/sv\/utbildning\/?filter1=#filter\"><\/a><\/li>\r\n                                                                <li><a href=\"https:\/\/www.achilles.com\/sv\/utbildning\/?filter1=#filter\"><\/a><\/li>\r\n                                                                <li><a href=\"https:\/\/www.achilles.com\/sv\/utbildning\/?filter1=#filter\"><\/a><\/li>\r\n                                                                <li><a href=\"https:\/\/www.achilles.com\/sv\/utbildning\/?filter1=#filter\"><\/a><\/li>\r\n                                                                <li><a href=\"https:\/\/www.achilles.com\/sv\/utbildning\/?filter1=#filter\"><\/a><\/li>\r\n                                                                <li><a href=\"https:\/\/www.achilles.com\/sv\/utbildning\/?filter1=#filter\"><\/a><\/li>\r\n                                                                <li><a href=\"https:\/\/www.achilles.com\/sv\/utbildning\/?filter1=#filter\"><\/a><\/li>\r\n                                                            <\/ul>\r\n                        <\/div>\r\n                    <\/div>\r\n                                        <div class=\"filter_dropdown dropdown_wrap\">\r\n                        <a class=\"filter_dropdown_toggle dropdown_toggle\" href=\"#\">\r\n                            Region                            <span class=\"icon-Chevron-Down\"><\/span>\r\n                        <\/a>\r\n                        <div class=\"filter_dropdown_box dropdown_box\">\r\n                            <ul>\r\n                                <li class=\"active\"><a href=\"https:\/\/www.achilles.com\/sv\/utbildning\/#filter\">Allt<\/a><\/li>\r\n                                                                <li><a href=\"https:\/\/www.achilles.com\/sv\/utbildning\/?filter2=103#filter\">Central Europe<\/a><\/li>\r\n                                                                <li><a href=\"https:\/\/www.achilles.com\/sv\/utbildning\/?filter2=#filter\"><\/a><\/li>\r\n                                                                <li><a href=\"https:\/\/www.achilles.com\/sv\/utbildning\/?filter2=#filter\"><\/a><\/li>\r\n                                                            <\/ul>\r\n                        <\/div>\r\n                    <\/div>\r\n                                        <div class=\"filter_dropdown dropdown_wrap\">\r\n                        <a class=\"filter_dropdown_toggle dropdown_toggle\" href=\"#\">\r\n                            \u00c4mne                            <span class=\"icon-Chevron-Down\"><\/span>\r\n                        <\/a>\r\n                        <div class=\"filter_dropdown_box dropdown_box\">\r\n                            <ul>\r\n                                <li class=\"active\"><a href=\"https:\/\/www.achilles.com\/sv\/utbildning\/#filter\">Allt<\/a><\/li>\r\n                                                                <li><a href=\"https:\/\/www.achilles.com\/sv\/utbildning\/?filter3=#filter\"><\/a><\/li>\r\n                                                                <li><a href=\"https:\/\/www.achilles.com\/sv\/utbildning\/?filter3=#filter\"><\/a><\/li>\r\n                                                                <li><a href=\"https:\/\/www.achilles.com\/sv\/utbildning\/?filter3=#filter\"><\/a><\/li>\r\n                                                                <li><a href=\"https:\/\/www.achilles.com\/sv\/utbildning\/?filter3=#filter\"><\/a><\/li>\r\n                                                                <li><a href=\"https:\/\/www.achilles.com\/sv\/utbildning\/?filter3=#filter\"><\/a><\/li>\r\n                                                                <li><a href=\"https:\/\/www.achilles.com\/sv\/utbildning\/?filter3=#filter\"><\/a><\/li>\r\n                                                                <li><a href=\"https:\/\/www.achilles.com\/sv\/utbildning\/?filter3=#filter\"><\/a><\/li>\r\n                                                            <\/ul>\r\n                        <\/div>\r\n                    <\/div>\r\n                                    <\/div>\r\n                                <h2 class=\"nothing_found\">Inget hittades<\/h2>            <\/div>\r\n        <\/div>\r\n","protected":false},"excerpt":{"rendered":"","protected":false},"author":1,"featured_media":25444,"parent":0,"menu_order":0,"comment_status":"closed","ping_status":"closed","template":"","meta":{"_acf_changed":false,"content-type":"","footnotes":""},"class_list":["post-2417","page","type-page","status-publish","has-post-thumbnail","hentry"],"acf":[],"_links":{"self":[{"href":"https:\/\/www.achilles.com\/sv\/wp-json\/wp\/v2\/pages\/2417","targetHints":{"allow":["GET"]}}],"collection":[{"href":"https:\/\/www.achilles.com\/sv\/wp-json\/wp\/v2\/pages"}],"about":[{"href":"https:\/\/www.achilles.com\/sv\/wp-json\/wp\/v2\/types\/page"}],"author":[{"embeddable":true,"href":"https:\/\/www.achilles.com\/sv\/wp-json\/wp\/v2\/users\/1"}],"replies":[{"embeddable":true,"href":"https:\/\/www.achilles.com\/sv\/wp-json\/wp\/v2\/comments?post=2417"}],"version-history":[{"count":0,"href":"https:\/\/www.achilles.com\/sv\/wp-json\/wp\/v2\/pages\/2417\/revisions"}],"wp:featuredmedia":[{"embeddable":true,"href":"https:\/\/www.achilles.com\/sv\/wp-json\/wp\/v2\/media\/25444"}],"wp:attachment":[{"href":"https:\/\/www.achilles.com\/sv\/wp-json\/wp\/v2\/media?parent=2417"}],"curies":[{"name":"wp","href":"https:\/\/api.w.org\/{rel}","templated":true}]}}