{"id":24058,"date":"2023-09-27T22:42:59","date_gmt":"2023-09-27T21:42:59","guid":{"rendered":"https:\/\/uat.achilles.com\/apenhetsloven\/"},"modified":"2023-12-31T16:56:03","modified_gmt":"2023-12-31T13:56:03","slug":"apenhetsloven","status":"publish","type":"page","link":"https:\/\/www.achilles.com\/sv\/apenhetsloven\/","title":{"rendered":"\u00c5penhetsloven"},"content":{"rendered":"    <div class=\"top_section\">\n        <div class=\"container\">\n            <div class=\"top_info half\">\n                                    <h1 class=\"top_title\">\u00c5penhetsloven<\/h1>\n                                    <div class=\"top_text large_text\">\n                        <div class=\"page\" title=\"Sida 4\">\n<div class=\"layoutArea\">\n<div class=\"column\">\n<div class=\"page\" title=\"Sida 4\">\n<div class=\"layoutArea\">\n<div class=\"column\">\n<p>\u00c5penhetsloven \u00e4r en lag som antogs av det norska parlamentet i juni 2021. Den kr\u00e4ver att f\u00f6retagen tar ansvar f\u00f6r m\u00e4nskliga r\u00e4ttigheter och anst\u00e4ndiga arbetsvillkor i samband med produktion av varor och tj\u00e4nster i sina leverant\u00f6rskedjor.<\/p>\n<\/div>\n<\/div>\n<\/div>\n<\/div>\n<\/div>\n<\/div>\n                    <\/div>\n                                    <div class=\"top_buttons\">\n                                                    <a class=\"btn btn_big\" href=\"#Ta-kontakt-med-oss\">Boka en kostnadsfri konsultation om \u00c5penhetsloven<\/a>\n                                            <\/div>\n                            <\/div>\n        <\/div>\n        <div class=\"top_media\">\n\t\t\t            <img decoding=\"async\" src=\"https:\/\/www.achilles.com\/app\/uploads\/2023\/09\/iStock-1128065312.jpg\" alt=\"\">\n                    <\/div>\n    <\/div>\n\n\n            <div class=\"content_section bg_grey\">\r\n            <div class=\"container\">\r\n                <div class=\"content_wrap right\">\r\n                    <div class=\"content_info ogo2\">\r\n                                                <p class=\"title_category\">Vitbok<\/p>\r\n                                                <h2 class=\"title_page\">En introduktion till \u00c5penhetsloven<\/h2>\r\n                                                <div class=\"typical_text\">\r\n                            <p>\u00c4ven de mest erfarna experterna p\u00e5 h\u00e5llbarhet och leverant\u00f6rskedjor medger att de k\u00e4nner sig \u00f6verv\u00e4ldigade av denna nya era av ESG-regler f\u00f6r leverant\u00f6rskedjan och den information som beh\u00f6vs f\u00f6r att visa vilken inverkan deras organisationer har p\u00e5 m\u00e4nniskor och planeten.  <span data-ccp-props=\"{\"335559738\":120,\"335559739\":120}\">Achilles ultimata guide till \u00c5penhetsloven<\/span> <span data-ccp-props=\"{\"335559738\":120,\"335559739\":120}\">\u00e4r en omfattande resurs som hj\u00e4lper f\u00f6retag att f\u00f6lja lagstiftningen.<\/span><\/p>\n                        <\/div>\r\n                                                <a class=\"btn btn_big\" href=\"https:\/\/www.achilles.com\/sv\/branschinsikter\/den-ultimata-guiden-till-den-norska-transparenslagen\/\">L\u00e4s<\/a>\r\n                                            <\/div>\r\n\t\t\t\t\t\t\t\t\t\t\r\n                                        <div class=\"content_media\">\r\n                        <img decoding=\"async\" src=\"https:\/\/www.achilles.com\/app\/uploads\/2023\/12\/Den-Ultimate-Guide-to-Apenhetsloven-norsk-cover-212x300-1.jpg\" width=\"397\" alt=\"\">\r\n                    <\/div>\r\n                                    <\/div>\r\n            <\/div>\r\n        <\/div>\r\n    \n\n            <div class=\"content_section\">\r\n            <div class=\"container\">\r\n                <div class=\"content_wrap\">\r\n                    <div class=\"content_info ogo2\">\r\n                                                <p class=\"title_category\">Blogg<\/p>\r\n                                                <h2 class=\"title_page\">Vad \u00e4r tillr\u00e4ckligt?<\/h2>\r\n                                                <div class=\"typical_text\">\r\n                            <p><span lang=\"EN-GB\" data-contrast=\"none\" xml:lang=\"EN-GB\"><span data-ccp-parastyle=\"article-preview_articlepreviewsubheader__ffri1\">Norges \u00c5penhetsloven kr\u00e4ver att organisationer tar en due diligence-strategi f\u00f6r risken f\u00f6r modernt slaveri och barnarbete i leverant\u00f6rskedjan.<\/span> <span data-ccp-parastyle=\"article-preview_articlepreviewsubheader__ffri1\">Men hur l\u00e5ngt beh\u00f6ver du g\u00e5 och <\/span><span data-ccp-parastyle=\"article-preview_articlepreviewsubheader__ffri1\">n\u00e4r \u00e4r tillr\u00e4ckligt, tillr\u00e4ckligt?<\/span><\/span><\/p>\n                        <\/div>\r\n                                                <a class=\"btn btn_big\" href=\"https:\/\/www.achilles.com\/sv\/branschinsikter\/nar-ar-tillrackligt-tillrackligt\/\">L\u00e4s<\/a>\r\n                                            <\/div>\r\n\t\t\t\t\t\t\t\t\t\t\r\n                                        <div class=\"content_media\">\r\n                        <img decoding=\"async\" src=\"https:\/\/www.achilles.com\/app\/uploads\/2023\/09\/iStock-963011730.jpg\" width=\"396\" alt=\"A close up of the statue of lady justice standing in front of an out of focus row of law books.\">\r\n                    <\/div>\r\n                                    <\/div>\r\n            <\/div>\r\n        <\/div>\r\n    \n\n            <div class=\"content_section bg_grey\">\r\n            <div class=\"container\">\r\n                <div class=\"content_wrap right\">\r\n                    <div class=\"content_info ogo2\">\r\n                                                <p class=\"title_category\">Video<\/p>\r\n                                                <h2 class=\"title_page\">Steg f\u00f6r efterlevnad av \u00c5penhetsloven<\/h2>\r\n                                                <div class=\"typical_text\">\r\n                            <p><span lang=\"EN-GB\" data-contrast=\"none\" xml:lang=\"EN-GB\"><span data-ccp-parastyle=\"article-preview_articlepreviewsubheader__ffri1\">\u00c5penhetsloven kr\u00e4ver ett metodiskt riskbaserat tillv\u00e4gag\u00e5ngss\u00e4tt som ocks\u00e5 kommer att f\u00f6rb\u00e4ttra den \u00f6vergripande h\u00e5llbarheten i din organisation.<\/span><\/span><span data-ccp-props=\"{\"134233117\":false,\"134233118\":false,\"335559738\":300,\"335559739\":810}\"> <\/span><\/p>\n                        <\/div>\r\n                                                <a class=\"btn btn_big\" href=\"https:\/\/www.achilles.com\/wp\/wp-content\/uploads\/2023\/09\/5-steps-to-Apenhetsloven-compliance.mp4\">Titta p\u00e5<\/a>\r\n                                            <\/div>\r\n\t\t\t\t\t                    <div class=\"content_media_video\">\r\n                        <video  autoplay muted playsinline loop>\r\n                                        <source src=\"https:\/\/www.achilles.com\/app\/uploads\/2023\/09\/5-steps-to-Apenhetsloven-compliance.mp4\" type=\"video\/mp4\">\r\n                                        \r\n                                    <\/video>\r\n                    <\/div>\r\n                    \t\t\t\t\t\r\n                                    <\/div>\r\n            <\/div>\r\n        <\/div>\r\n    \n\n    <div class=\"content_section bg_grey\">\r\n        <div class=\"container\">\r\n                        <div class=\"description_section\">\r\n                                <p class=\"title_category\">ACHILLES ESG SOLUTIONS<\/p>\r\n                                <h2 class=\"title_section\">ESG riskl\u00f6sningar f\u00f6r leveranskedjan<\/h2>\r\n                                <div class=\"typical_text\">\r\n                    <p>Achilles \u00e4r den v\u00e4rldsledande experten p\u00e5 riskhantering i globala leveranskedjor. Vi arbetar med marknadsledande finansiella, industriella, kommersiella och statliga organisationer som kr\u00e4ver seri\u00f6sa, detaljerade analyser och expertinsikter f\u00f6r att kunna leverera exceptionella niv\u00e5er av <span lang=\"EN-GB\" data-contrast=\"none\"><br \/>\n<span data-ccp-parastyle=\"article-preview_articlepreviewsubheader__ffri1\">\u00c5penhetsloven <\/span><\/span>f\u00f6rtroende f\u00f6r rapporteringen.<\/p>\n                <\/div>\r\n                            <\/div>\r\n                        <div class=\"features_wrap features_four\">\r\n                                <div class=\"feature_item\">\r\n                                        <div class=\"feature_item_icon\">\r\n                        <img decoding=\"async\" src=\"https:\/\/www.achilles.com\/app\/uploads\/2023\/09\/icon_common-file-text-check.png\" alt=\"\">\r\n                    <\/div>\r\n                                        <h3 class=\"feature_item_name\">N\u00e4tverk av f\u00f6rkvalificerade leverant\u00f6rer<\/h3>\r\n                                        <div class=\"typical_text\">\r\n                        <p>F\u00e5 tillg\u00e5ng till en omfattande databas med f\u00f6rkvalificerade leverant\u00f6rer som uppfyller de ESG- och upphandlingsregler som \u00e4r relevanta f\u00f6r dig.<\/p>\n                    <\/div>\r\n                                        <a class=\"btn\" aria-label=\"N\u00e4tverk av f\u00f6rkvalificerade leverant\u00f6rer - L\u00e4s mer\" href=\"https:\/\/www.achilles.com\/sv\/natverk-av-forkvalificerade-leverantorer\/\">L\u00e4s mer<\/a>\r\n                                    <\/div>\r\n                                <div class=\"feature_item\">\r\n                                        <div class=\"feature_item_icon\">\r\n                        <img decoding=\"async\" src=\"https:\/\/www.achilles.com\/app\/uploads\/2023\/09\/icon_user-network-1.png\" alt=\"on site audits\">\r\n                    <\/div>\r\n                                        <h3 class=\"feature_item_name\">ESG due diligence av leverant\u00f6rskedjan<\/h3>\r\n                                        <div class=\"typical_text\">\r\n                        <p>Achilles unika rigor\u00f6sa validering \u00e4r det b\u00e4sta s\u00e4ttet att fullt ut uppn\u00e5 <span lang=\"EN-GB\" data-contrast=\"none\"><span data-ccp-parastyle=\"article-preview_articlepreviewsubheader__ffri1\">\u00c5penhetsloven <\/span><\/span>\u00f6verensst\u00e4mmelse.<\/p>\n                    <\/div>\r\n                                        <a class=\"btn\" aria-label=\"ESG due diligence av leverant\u00f6rskedjan - L\u00e4s mer\" href=\"https:\/\/www.achilles.com\/sv\/due-diligence-i-leveranskedjan\/\">L\u00e4s mer<\/a>\r\n                                    <\/div>\r\n                                <div class=\"feature_item\">\r\n                                        <div class=\"feature_item_icon\">\r\n                        <img decoding=\"async\" src=\"https:\/\/www.achilles.com\/app\/uploads\/2023\/09\/Icon_air-pollution-co2-down-2.png\" alt=\"\">\r\n                    <\/div>\r\n                                        <h3 class=\"feature_item_name\">Minskning av koldioxidutsl\u00e4pp<\/h3>\r\n                                        <div class=\"typical_text\">\r\n                        <div class=\"typical_text\">\n<p>ISO14064-1-ackrediterat certifieringssystem, helt anpassat till SBTi, CDP och TCFD och bevisat att det minskar ditt koldioxidavtryck med upp till 50% p\u00e5 mindre \u00e4n 6 \u00e5r.<\/p>\n<\/div>\n                    <\/div>\r\n                                        <a class=\"btn\" aria-label=\"Minskning av koldioxidutsl\u00e4pp - L\u00e4s mer\" href=\"https:\/\/www.achilles.com\/sv\/kolhantering-och-reduktion\/\">L\u00e4s mer<\/a>\r\n                                    <\/div>\r\n                                <div class=\"feature_item\">\r\n                                        <div class=\"feature_item_icon\">\r\n                        <img decoding=\"async\" src=\"https:\/\/www.achilles.com\/app\/uploads\/2023\/09\/saving-bank-1.png\" alt=\"\">\r\n                    <\/div>\r\n                                        <h3 class=\"feature_item_name\">Revisionsf\u00f6rklaring<\/h3>\r\n                                        <div class=\"typical_text\">\r\n                        <p>Omfattande kontroll och validering av h\u00e5llbarhetsp\u00e5st\u00e5enden i samband med l\u00e5n kopplade till h\u00e5llbarhet.<\/p>\n                    <\/div>\r\n                                        <a class=\"btn\" aria-label=\"Revisionsf\u00f6rklaring - L\u00e4s mer\" href=\"https:\/\/www.achilles.com\/sv\/hallbar-finansiering\/\">L\u00e4s mer<\/a>\r\n                                    <\/div>\r\n                            <\/div>\r\n                    <\/div>\r\n    <\/div>\r\n\n\n    <div class=\"content_section\">\r\n        <div class=\"container\">\r\n                        <div class=\"posts_panel\">\r\n                <div class=\"description_section\">\r\n                                        <p class=\"title_category\">ACHILLES INSIKT<\/p>\r\n                     \r\n                    <h2 class=\"title_section\">Rekommenderas f\u00f6r dig<\/h2>\r\n                                    <\/div>\r\n                            <\/div>\r\n                                    <div class=\"posts_wrap\">\r\n                                <div class=\"post_item\">\r\n                    <div class=\"post_item_top\">\r\n                                                <a class=\"post_item_img\" href=\"https:\/\/www.achilles.com\/sv\/branschinsikter\/achilles-arliga-risk-och-hallbarhetsrapport-2026\/\">\r\n                            <img decoding=\"async\" src=\"https:\/\/www.achilles.com\/app\/uploads\/2026\/03\/Web-page-top-banner-thumbnail-of-Achilles-Global-Supplier-Risk-and-Sustainability-Survey-2026.jpg\" alt=\"Achilles \u00e5rliga risk- och h\u00e5llbarhetsrapport 2026\">\r\n                        <\/a>\r\n                                                <ul class=\"post_item_categories\">\r\n                                                        <li>Vitb\u00f6cker<\/li>\r\n                                                    <\/ul>\r\n                    <\/div>\r\n                    <a class=\"post_item_name\" href=\"https:\/\/www.achilles.com\/sv\/branschinsikter\/achilles-arliga-risk-och-hallbarhetsrapport-2026\/\">Achilles \u00e5rliga risk- och h\u00e5llbarhetsrapport 2026<\/a>\r\n                <\/div>\r\n                                <div class=\"post_item\">\r\n                    <div class=\"post_item_top\">\r\n                                                <a class=\"post_item_img\" href=\"https:\/\/www.achilles.com\/sv\/branschinsikter\/hur-achilles-diro-forhindrar-bedragerier-med-leverantorsbetalningar-i-inkopsverksamheten\/\">\r\n                            <img decoding=\"async\" src=\"https:\/\/www.achilles.com\/app\/uploads\/2025\/10\/AdobeStock_1695299505.jpeg\" alt=\"Hur Achilles + DIRO f\u00f6rhindrar bedr\u00e4gerier med leverant\u00f6rsbetalningar i ink\u00f6psverksamheten\">\r\n                        <\/a>\r\n                                                <ul class=\"post_item_categories\">\r\n                                                        <li>Branschinsikter<\/li>\r\n                                                        <li>Produktuppdateringar<\/li>\r\n                                                    <\/ul>\r\n                    <\/div>\r\n                    <a class=\"post_item_name\" href=\"https:\/\/www.achilles.com\/sv\/branschinsikter\/hur-achilles-diro-forhindrar-bedragerier-med-leverantorsbetalningar-i-inkopsverksamheten\/\">Hur Achilles + DIRO f\u00f6rhindrar bedr\u00e4gerier med leverant\u00f6rsbetalningar i ink\u00f6psverksamheten<\/a>\r\n                <\/div>\r\n                                <div class=\"post_item\">\r\n                    <div class=\"post_item_top\">\r\n                                                <a class=\"post_item_img\" href=\"https:\/\/www.achilles.com\/sv\/branschinsikter\/att-navigera-i-etiska-vatten-hur-achilles-maritime-network-ger-marinforsakringsbolag-mojlighet-att-hantera-okande-esg-krav\/\">\r\n                            <img decoding=\"async\" src=\"https:\/\/www.achilles.com\/app\/uploads\/2024\/08\/AdobeStock_344566703-scaled.jpeg\" alt=\"Att navigera i etiska vatten: Hur Achilles Maritime Network ger marinf\u00f6rs\u00e4kringsbolag m\u00f6jlighet att hantera \u00f6kande ESG-krav\">\r\n                        <\/a>\r\n                                                <ul class=\"post_item_categories\">\r\n                                                        <li>Branschinsikter<\/li>\r\n                                                    <\/ul>\r\n                    <\/div>\r\n                    <a class=\"post_item_name\" href=\"https:\/\/www.achilles.com\/sv\/branschinsikter\/att-navigera-i-etiska-vatten-hur-achilles-maritime-network-ger-marinforsakringsbolag-mojlighet-att-hantera-okande-esg-krav\/\">Att navigera i etiska vatten: Hur Achilles Maritime Network ger marinf\u00f6rs\u00e4kringsbolag m\u00f6jlighet att hantera \u00f6kande ESG-krav<\/a>\r\n                <\/div>\r\n                            <\/div>\r\n                    <\/div>\r\n    <\/div>\r\n\n\n            <div class=\"content_section bg_grey\">\r\n            <div class=\"container\">\r\n                <div class=\"content_wrap\">\r\n                    <div class=\"content_info ogo2\">\r\n                                                <h2 class=\"title_page\">5 sk\u00e4l att anv\u00e4nda Achilles f\u00f6r due diligence i leveranskedjan<\/h2>\r\n                                                <h5 class=\"title_small\">V\u00e4rldsledande hantering och efterlevnad av ESG i leveranskedjan<\/h5>\r\n                                                <div class=\"typical_text\">\r\n                            <p><span lang=\"EN-GB\" data-contrast=\"none\" xml:lang=\"EN-GB\">Ta reda p\u00e5 mer om hur det \u00e4r att arbeta med Achilles och se hur riskhanteringen i leveranskedjan minskar och hur rapporteringsf\u00f6rtroendet \u00f6kar.<\/span><\/p>\n                        <\/div>\r\n                                                <a class=\"btn btn_big\" href=\"https:\/\/www.achilles.com\/sv\/branschinsikter\/5-skal-till-varfor-ditt-foretag-bor-anvanda-achilles-for-due-diligence-av-leverantorskedjan\/\">L\u00e4s<\/a>\r\n                                            <\/div>\r\n\t\t\t\t\t\t\t\t\t\t\r\n                                        <div class=\"content_media\">\r\n                        <img decoding=\"async\" src=\"https:\/\/www.achilles.com\/app\/uploads\/2023\/09\/AdobeStock_555958628.png\" width=\"400\" alt=\"Carbon emissions\">\r\n                    <\/div>\r\n                                    <\/div>\r\n            <\/div>\r\n        <\/div>\r\n    \n\n    <div class=\"request_section\" id=\"Ta-kontakt-med-oss\">\r\n        <div class=\"contact_bg\">\r\n                        <img decoding=\"async\" src=\"https:\/\/www.achilles.com\/app\/uploads\/2023\/12\/iStock-1367851585-scaled.jpg\" alt=\"A normal street representing how modern slavery hides in plain sight\">\r\n                    <\/div>\r\n        <div class=\"container\">\r\n            <div class=\"request_inner\">\r\n                                <div class=\"request_wrapper\">\r\n                <h2 class=\"title_section\">Ta kontakt med oss<\/h2>\r\n                <\/div>\r\n                                <div class=\"request_box\">\r\n                                        <h5 class=\"contact_content_subtitle\">Kontakta oss f\u00f6r att diskutera dina behov av \u00c5penhetsloven<\/h5>\r\n                    <script charset=\"utf-8\" type=\"text\/javascript\" src=\"\/\/js.hsforms.net\/forms\/embed\/v2.js\"><\/script><script>hbspt.forms.create({\r\n    region: \"na1\",\r\n    portalId: \"5387762\",\r\n    formId: \"a23cf73a-36bd-433c-a1d8-4acd8b05b928\"\r\n  });\r\n<\/script>                <\/div>\r\n            <\/div>\r\n        <\/div>\r\n    <\/div>\r\n\r\n","protected":false},"excerpt":{"rendered":"","protected":false},"author":2,"featured_media":20230,"parent":0,"menu_order":0,"comment_status":"closed","ping_status":"closed","template":"","meta":{"_acf_changed":false,"content-type":"","footnotes":""},"class_list":["post-24058","page","type-page","status-publish","has-post-thumbnail","hentry"],"acf":[],"_links":{"self":[{"href":"https:\/\/www.achilles.com\/sv\/wp-json\/wp\/v2\/pages\/24058","targetHints":{"allow":["GET"]}}],"collection":[{"href":"https:\/\/www.achilles.com\/sv\/wp-json\/wp\/v2\/pages"}],"about":[{"href":"https:\/\/www.achilles.com\/sv\/wp-json\/wp\/v2\/types\/page"}],"author":[{"embeddable":true,"href":"https:\/\/www.achilles.com\/sv\/wp-json\/wp\/v2\/users\/2"}],"replies":[{"embeddable":true,"href":"https:\/\/www.achilles.com\/sv\/wp-json\/wp\/v2\/comments?post=24058"}],"version-history":[{"count":0,"href":"https:\/\/www.achilles.com\/sv\/wp-json\/wp\/v2\/pages\/24058\/revisions"}],"wp:featuredmedia":[{"embeddable":true,"href":"https:\/\/www.achilles.com\/sv\/wp-json\/wp\/v2\/media\/20230"}],"wp:attachment":[{"href":"https:\/\/www.achilles.com\/sv\/wp-json\/wp\/v2\/media?parent=24058"}],"curies":[{"name":"wp","href":"https:\/\/api.w.org\/{rel}","templated":true}]}}