{"id":23917,"date":"2023-09-28T22:41:04","date_gmt":"2023-09-28T21:41:04","guid":{"rendered":"https:\/\/uat.achilles.com\/energi\/"},"modified":"2024-01-02T04:10:04","modified_gmt":"2024-01-02T01:10:04","slug":"energi","status":"publish","type":"page","link":"https:\/\/www.achilles.com\/sv\/energi\/","title":{"rendered":"Energi"},"content":{"rendered":"    <div class=\"top_section\">\n        <div class=\"container\">\n            <div class=\"top_info\">\n                                    <h1 class=\"top_title\">G\u00f6r en etisk \u00f6verg\u00e5ng till energi med l\u00e4gre koldioxidutsl\u00e4pp<\/h1>\n                                    <div class=\"top_text\">\n                        <p>Achilles rigor\u00f6sa utv\u00e4rdering och validering, virtuella revisioner och revisioner p\u00e5 plats samt intervjuer med anst\u00e4llda g\u00f6r att ledande energif\u00f6retag kan uppn\u00e5 enast\u00e5ende transparens i sin leveranskedja och fullst\u00e4ndigt f\u00f6rtroende f\u00f6r sin rapportering, samtidigt som de bidrar till att bygga en s\u00e4krare, r\u00e4ttvisare och mer h\u00e5llbar v\u00e4rld.<\/p>\n                    <\/div>\n                                    <div class=\"top_buttons\">\n                                                    <a class=\"btn btn_white btn_big\" href=\"https:\/\/www.achilles.com\/sv\/kontakta-oss\">Prata med oss<\/a>\n                                            <\/div>\n                            <\/div>\n        <\/div>\n        <div class=\"top_media\">\n\t\t\t        <\/div>\n    <\/div>\n\n\n    <div class=\"content_section\">\r\n        <div class=\"container\">\r\n                        <div class=\"description_section\">\r\n                                <p class=\"title_category\">ACHILLES KUNDER<\/p>\r\n                                <h2 class=\"title_section\">V\u00e4rldens ledande energibolag v\u00e4ljer Achilles<\/h2>\r\n                                <div class=\"typical_text middle_text\">\r\n                    <p>Achilles arbetar med v\u00e4rldens ledande energibolag och erbjuder st\u00f6d \u00f6ver hela v\u00e4rlden f\u00f6r att minska milj\u00f6p\u00e5verkan, utrota modernt slaveri och barnarbete, st\u00f6dja kontinuerliga f\u00f6rb\u00e4ttringar av leveranskedjan och s\u00e4kerst\u00e4lla tillf\u00f6rlitlig rapportering av due diligence i leveranskedjan.<\/p>\n                <\/div>\r\n                            <\/div>\r\n                        <div class=\"logos_wrap\">\r\n                                <div class=\"logo_item\">\r\n                    <img decoding=\"async\" src=\"https:\/\/www.achilles.com\/app\/uploads\/2023\/06\/Customer-logo_EDF_logo_Electricite_de_France.png\" alt=\"EDF chooses Achilles for ESG supply chain management\" width=\"250\">\r\n                <\/div>\r\n                                <div class=\"logo_item\">\r\n                    <img decoding=\"async\" src=\"https:\/\/www.achilles.com\/app\/uploads\/2023\/09\/vattenfall_logo.png\" alt=\"This is the Vattenfall logo. It is made up of the Vattenfall name in upper case black text and mark that comprises a yellow semicircle above a blue semicircle.\" width=\"250\">\r\n                <\/div>\r\n                                <div class=\"logo_item\">\r\n                    <img decoding=\"async\" src=\"https:\/\/www.achilles.com\/app\/uploads\/2023\/09\/Total.jpeg\" alt=\"\" width=\"250\">\r\n                <\/div>\r\n                                <div class=\"logo_item\">\r\n                    <img decoding=\"async\" src=\"https:\/\/www.achilles.com\/app\/uploads\/2023\/09\/National-Grid.jpeg\" alt=\"National Grid logo\" width=\"246\">\r\n                <\/div>\r\n                                <div class=\"logo_item\">\r\n                    <img decoding=\"async\" src=\"https:\/\/www.achilles.com\/app\/uploads\/2023\/09\/Acciona.jpeg\" alt=\"\" width=\"248\">\r\n                <\/div>\r\n                                <div class=\"logo_item\">\r\n                    <img decoding=\"async\" src=\"\" alt=\"\" width=\"249\">\r\n                <\/div>\r\n                                <div class=\"logo_item\">\r\n                    <img decoding=\"async\" src=\"https:\/\/www.achilles.com\/app\/uploads\/2023\/09\/Naturgy_Pantone_Principal_Positiva.png\" alt=\"\" width=\"250\">\r\n                <\/div>\r\n                                <div class=\"logo_item\">\r\n                    <img decoding=\"async\" src=\"https:\/\/www.achilles.com\/app\/uploads\/2023\/09\/XLinks.jpeg\" alt=\"\" width=\"250\">\r\n                <\/div>\r\n                                <div class=\"logo_item\">\r\n                    <img decoding=\"async\" src=\"https:\/\/www.achilles.com\/app\/uploads\/2023\/09\/Ineos.jpeg\" alt=\"INEOS logo\" width=\"248\">\r\n                <\/div>\r\n                                <div class=\"logo_item\">\r\n                    <img decoding=\"async\" src=\"\" alt=\"\">\r\n                <\/div>\r\n                            <\/div>\r\n                    <\/div>\r\n    <\/div>\r\n\n\n    <div class=\"content_section\">\r\n        <div class=\"container\">\r\n                        <div class=\"posts_panel\">\r\n                <div class=\"description_section\">\r\n                                        <p class=\"title_category\">Ber\u00e4ttelser fr\u00e5n kunder<\/p>\r\n                     \r\n                    <h2 class=\"title_section\">Achilles kunder \u00e4r marknadsledande och ligger i framkant n\u00e4r det g\u00e4ller milj\u00f6styrning och social styrning.<\/h2>\r\n                                    <\/div>\r\n                            <\/div>\r\n                                    <div class=\"posts_wrap\">\r\n                                <div class=\"post_item\">\r\n                    <div class=\"post_item_top\">\r\n                                                <a class=\"post_item_img\" href=\"https:\/\/www.achilles.com\/sv\/branschinsikter\/bygga-ett-skalbart-hallbart-och-motstandskraftigt-natverk-for-datacenterbyggnation\/\">\r\n                            <img decoding=\"async\" src=\"https:\/\/www.achilles.com\/app\/uploads\/2026\/03\/Achilles-Google-Supply-Chain-Risk-banner.png\" alt=\"Bygga ett skalbart, h\u00e5llbart och motst\u00e5ndskraftigt n\u00e4tverk f\u00f6r datacenterbyggnation\">\r\n                        <\/a>\r\n                                                <ul class=\"post_item_categories\">\r\n                                                        <li>Branschinsikter<\/li>\r\n                                                        <li>Fallstudier<\/li>\r\n                                                    <\/ul>\r\n                    <\/div>\r\n                    <a class=\"post_item_name\" href=\"https:\/\/www.achilles.com\/sv\/branschinsikter\/bygga-ett-skalbart-hallbart-och-motstandskraftigt-natverk-for-datacenterbyggnation\/\">Bygga ett skalbart, h\u00e5llbart och motst\u00e5ndskraftigt n\u00e4tverk f\u00f6r datacenterbyggnation<\/a>\r\n                <\/div>\r\n                                <div class=\"post_item\">\r\n                    <div class=\"post_item_top\">\r\n                                                <a class=\"post_item_img\" href=\"https:\/\/www.achilles.com\/sv\/industry-insights\/varfor-revisioner-ar-viktiga-en-verklig-berattelse-fran-fisk-och-skaldjurslogistik\/\">\r\n                            <img decoding=\"async\" src=\"https:\/\/www.achilles.com\/app\/uploads\/2025\/03\/vidar-nordli-mathisen-641pLhGEEyg-unsplash.jpg\" alt=\"Varf\u00f6r revisioner \u00e4r viktiga: En verklig ber\u00e4ttelse fr\u00e5n fisk- och skaldjurslogistik\">\r\n                        <\/a>\r\n                                                <ul class=\"post_item_categories\">\r\n                                                        <li>Fallstudier<\/li>\r\n                                                    <\/ul>\r\n                    <\/div>\r\n                    <a class=\"post_item_name\" href=\"https:\/\/www.achilles.com\/sv\/industry-insights\/varfor-revisioner-ar-viktiga-en-verklig-berattelse-fran-fisk-och-skaldjurslogistik\/\">Varf\u00f6r revisioner \u00e4r viktiga: En verklig ber\u00e4ttelse fr\u00e5n fisk- och skaldjurslogistik<\/a>\r\n                <\/div>\r\n                                <div class=\"post_item\">\r\n                    <div class=\"post_item_top\">\r\n                                                <a class=\"post_item_img\" href=\"https:\/\/www.achilles.com\/sv\/branschinsikter\/intervju-med-anna-maria-dubois-och-thomas-roth-om-hallbarhetens-och-leverantorskedjans-utmaningar-hos-amarenco\/\">\r\n                            <img decoding=\"async\" src=\"https:\/\/www.achilles.com\/app\/uploads\/2024\/11\/AdobeStock_620340390-scaled.jpeg\" alt=\"Intervju om utmaningarna med h\u00e5llbarhet och leverant\u00f6rskedjehantering p\u00e5 Amarenco\">\r\n                        <\/a>\r\n                                                <ul class=\"post_item_categories\">\r\n                                                        <li>Artikel<\/li>\r\n                                                        <li>Fallstudier<\/li>\r\n                                                    <\/ul>\r\n                    <\/div>\r\n                    <a class=\"post_item_name\" href=\"https:\/\/www.achilles.com\/sv\/branschinsikter\/intervju-med-anna-maria-dubois-och-thomas-roth-om-hallbarhetens-och-leverantorskedjans-utmaningar-hos-amarenco\/\">Intervju om utmaningarna med h\u00e5llbarhet och leverant\u00f6rskedjehantering p\u00e5 Amarenco<\/a>\r\n                <\/div>\r\n                            <\/div>\r\n                    <\/div>\r\n    <\/div>\r\n\n\n    <div class=\"content_section\">\r\n        <div class=\"container\">\r\n                        <div class=\"description_section\">\r\n                                <p class=\"title_category\">L\u00d6SNINGAR F\u00d6R ENERGIF\u00d6RS\u00d6RJNINGSKEDJAN<\/p>\r\n                                <h2 class=\"title_section\">L\u00f6sningar f\u00f6r en s\u00e4krare, r\u00e4ttvisare energibransch med l\u00e4gre koldioxidutsl\u00e4pp<\/h2>\r\n                                <div class=\"typical_text\">\r\n                    <p>Achilles har m\u00e5nga decenniers erfarenhet av att arbeta med v\u00e4rldens ledande energibolag f\u00f6r att hantera risker i leveranskedjan, minska koldioxidutsl\u00e4ppen och leverera exceptionell transparens i leveranskedjan.<\/p>\n                <\/div>\r\n                            <\/div>\r\n                        <div class=\"features_wrap features_four\">\r\n                                <div class=\"feature_item\">\r\n                                        <div class=\"feature_item_icon\">\r\n                        <img decoding=\"async\" src=\"https:\/\/www.achilles.com\/app\/uploads\/2023\/09\/icon_common-file-text-check.png\" alt=\"\">\r\n                    <\/div>\r\n                                        <h3 class=\"feature_item_name\">N\u00e4tverk av kvalificerade leverant\u00f6rer<\/h3>\r\n                                        <div class=\"typical_text\">\r\n                        <p>F\u00e5 tillg\u00e5ng till en noggrant validerad databas med f\u00f6rkvalificerade globala leverant\u00f6rer inom energibranschen som uppfyller lokala och internationella ESG- och upphandlingsregler.<\/p>\n                    <\/div>\r\n                                        <a class=\"btn\" aria-label=\"N\u00e4tverk av kvalificerade leverant\u00f6rer - L\u00e4s mer\" href=\"https:\/\/www.achilles.com\/sv\/natverk-av-forkvalificerade-leverantorer\">L\u00e4s mer<\/a>\r\n                                    <\/div>\r\n                                <div class=\"feature_item\">\r\n                                        <div class=\"feature_item_icon\">\r\n                        <img decoding=\"async\" src=\"https:\/\/www.achilles.com\/app\/uploads\/2023\/09\/icon_user-network-1.png\" alt=\"on site audits\">\r\n                    <\/div>\r\n                                        <h3 class=\"feature_item_name\">Due diligence av leverant\u00f6rer<\/h3>\r\n                                        <div class=\"typical_text\">\r\n                        <p>Noggrann bed\u00f6mning och validering av er leverant\u00f6rskedja f\u00f6r att s\u00e4kerst\u00e4lla att era leverant\u00f6rer uppfyller era standarder och att ni f\u00f6ljer de best\u00e4mmelser som \u00e4r relevanta f\u00f6r er verksamhet.<\/p>\n                    <\/div>\r\n                                        <a class=\"btn\" aria-label=\"Due diligence av leverant\u00f6rer - L\u00e4s mer\" href=\"https:\/\/www.achilles.com\/sv\/due-diligence-i-leveranskedjan\">L\u00e4s mer<\/a>\r\n                                    <\/div>\r\n                                <div class=\"feature_item\">\r\n                                        <div class=\"feature_item_icon\">\r\n                        <img decoding=\"async\" src=\"https:\/\/www.achilles.com\/app\/uploads\/2023\/09\/Icon_air-pollution-co2-down-2.png\" alt=\"\">\r\n                    <\/div>\r\n                                        <h3 class=\"feature_item_name\">Carbon Reduce<\/h3>\r\n                                        <div class=\"typical_text\">\r\n                        <p>Effektivt m\u00e4ta, hantera och minska ditt koldioxidavtryck med v\u00e4rldens enda ISO14064-1 Carbon Management Scheme.<\/p>\n                    <\/div>\r\n                                        <a class=\"btn\" aria-label=\"Carbon Reduce - L\u00e4s mer\" href=\"https:\/\/www.achilles.com\/sv\/kolhantering-och-reduktion\">L\u00e4s mer<\/a>\r\n                                    <\/div>\r\n                                <div class=\"feature_item\">\r\n                                        <div class=\"feature_item_icon\">\r\n                        <img decoding=\"async\" src=\"https:\/\/www.achilles.com\/app\/uploads\/2023\/09\/saving-bank-1.png\" alt=\"\">\r\n                    <\/div>\r\n                                        <h3 class=\"feature_item_name\">Revisionsf\u00f6rklaring<\/h3>\r\n                                        <div class=\"typical_text\">\r\n                        <p>Tydligt visa era resultat mot ESG-nyckeltal och h\u00e5llbarhetsm\u00e5l (SPT) f\u00f6r l\u00e5ngivare och andra intressentgrupper.<\/p>\n                    <\/div>\r\n                                        <a class=\"btn\" aria-label=\"Revisionsf\u00f6rklaring - L\u00e4s mer\" href=\"https:\/\/www.achilles.com\/sv\/hallbar-finansiering\/\">L\u00e4s mer<\/a>\r\n                                    <\/div>\r\n                            <\/div>\r\n                    <\/div>\r\n    <\/div>\r\n\n\n            <div class=\"hero_section\">\r\n           <div class=\"hero_media\">\r\n                                <img decoding=\"async\" src=\"https:\/\/www.achilles.com\/app\/uploads\/2024\/01\/iStock-517340891-scaled.jpg\" alt=\"\">\r\n                            <\/div>\r\n            <div class=\"container\">\r\n                <div class=\"hero_wrapper\">\r\n                    <div class=\"hero_info\">\r\n                                                <h2 class=\"title_section\">Global energi<\/h2>\r\n                                                <div class=\"typical_text middle_text\">\r\n                            <p>\u00d6verensst\u00e4mma med internationella Global Energy-standarder, uppn\u00e5 \u00f6verensst\u00e4mmelse med global lagstiftning f\u00f6r leveranskedjan och spela din roll i en etisk \u00f6verg\u00e5ng till en framtid med ren och gr\u00f6n energi.<\/p>\r\n                        <\/div>\r\n                                                <div class=\"content_buttons\">\r\n                                                        <a class=\"btn btn_big\" aria-label=\" - L\u00e4s mer\" href=\"https:\/\/www.achilles.com\/sv\/community\/global-energy\">L\u00e4s mer<\/a>\r\n                                                    <\/div>\r\n                                            <\/div>\r\n                <\/div>\r\n            <\/div>\r\n        <\/div>\r\n    \n\n    <div class=\"content_section\">\r\n        <div class=\"container\">\r\n                        <div class=\"posts_panel\">\r\n                <div class=\"description_section\">\r\n                                        <p class=\"title_category\">Achilles Branschinsikt<\/p>\r\n                     \r\n                    <h2 class=\"title_section\">Rekommenderas f\u00f6r dig<\/h2>\r\n                                    <\/div>\r\n                            <\/div>\r\n                                    <div class=\"posts_wrap\">\r\n                                <div class=\"post_item\">\r\n                    <div class=\"post_item_top\">\r\n                                                <a class=\"post_item_img\" href=\"https:\/\/www.achilles.com\/sv\/branschinsikter\/achilles-arliga-risk-och-hallbarhetsrapport-2026\/\">\r\n                            <img decoding=\"async\" src=\"https:\/\/www.achilles.com\/app\/uploads\/2026\/03\/Web-page-top-banner-thumbnail-of-Achilles-Global-Supplier-Risk-and-Sustainability-Survey-2026.jpg\" alt=\"Achilles \u00e5rliga risk- och h\u00e5llbarhetsrapport 2026\">\r\n                        <\/a>\r\n                                                <ul class=\"post_item_categories\">\r\n                                                        <li>Vitb\u00f6cker<\/li>\r\n                                                    <\/ul>\r\n                    <\/div>\r\n                    <a class=\"post_item_name\" href=\"https:\/\/www.achilles.com\/sv\/branschinsikter\/achilles-arliga-risk-och-hallbarhetsrapport-2026\/\">Achilles \u00e5rliga risk- och h\u00e5llbarhetsrapport 2026<\/a>\r\n                <\/div>\r\n                                <div class=\"post_item\">\r\n                    <div class=\"post_item_top\">\r\n                                                <a class=\"post_item_img\" href=\"https:\/\/www.achilles.com\/sv\/branschinsikter\/bygga-ett-skalbart-hallbart-och-motstandskraftigt-natverk-for-datacenterbyggnation\/\">\r\n                            <img decoding=\"async\" src=\"https:\/\/www.achilles.com\/app\/uploads\/2026\/03\/Achilles-Google-Supply-Chain-Risk-banner.png\" alt=\"Bygga ett skalbart, h\u00e5llbart och motst\u00e5ndskraftigt n\u00e4tverk f\u00f6r datacenterbyggnation\">\r\n                        <\/a>\r\n                                                <ul class=\"post_item_categories\">\r\n                                                        <li>Branschinsikter<\/li>\r\n                                                        <li>Fallstudier<\/li>\r\n                                                    <\/ul>\r\n                    <\/div>\r\n                    <a class=\"post_item_name\" href=\"https:\/\/www.achilles.com\/sv\/branschinsikter\/bygga-ett-skalbart-hallbart-och-motstandskraftigt-natverk-for-datacenterbyggnation\/\">Bygga ett skalbart, h\u00e5llbart och motst\u00e5ndskraftigt n\u00e4tverk f\u00f6r datacenterbyggnation<\/a>\r\n                <\/div>\r\n                                <div class=\"post_item\">\r\n                    <div class=\"post_item_top\">\r\n                                                <a class=\"post_item_img\" href=\"https:\/\/www.achilles.com\/sv\/branschinsikter\/hur-achilles-diro-forhindrar-bedragerier-med-leverantorsbetalningar-i-inkopsverksamheten\/\">\r\n                            <img decoding=\"async\" src=\"https:\/\/www.achilles.com\/app\/uploads\/2025\/10\/AdobeStock_1695299505.jpeg\" alt=\"Hur Achilles + DIRO f\u00f6rhindrar bedr\u00e4gerier med leverant\u00f6rsbetalningar i ink\u00f6psverksamheten\">\r\n                        <\/a>\r\n                                                <ul class=\"post_item_categories\">\r\n                                                        <li>Branschinsikter<\/li>\r\n                                                        <li>Produktuppdateringar<\/li>\r\n                                                    <\/ul>\r\n                    <\/div>\r\n                    <a class=\"post_item_name\" href=\"https:\/\/www.achilles.com\/sv\/branschinsikter\/hur-achilles-diro-forhindrar-bedragerier-med-leverantorsbetalningar-i-inkopsverksamheten\/\">Hur Achilles + DIRO f\u00f6rhindrar bedr\u00e4gerier med leverant\u00f6rsbetalningar i ink\u00f6psverksamheten<\/a>\r\n                <\/div>\r\n                            <\/div>\r\n                    <\/div>\r\n    <\/div>\r\n\n\n    <div class=\"contact_main\">\r\n        <div class=\"contact_bg\">\r\n                        <img decoding=\"async\" src=\"https:\/\/www.achilles.com\/app\/uploads\/2023\/07\/Construction-site-black-overlay-scaled-1.jpg\" alt=\"\">\r\n                    <\/div>\r\n        <div class=\"container\">\r\n            <div class=\"contact_content\">\r\n                <div class=\"contact_wrapper\">\r\n                <div class=\"contact_content_description\">\r\n                                        <h1 class=\"title_page\">Prata med oss<\/h1>\r\n                                        <h5 class=\"contact_content_subtitle\">Tala med en av v\u00e5ra experter p\u00e5 ESG och koldioxidhantering<\/h5>\r\n                                    <\/div>\r\n                <\/div>\r\n                <div class=\"contact_reqiest\">\r\n                    <script charset=\"utf-8\" type=\"text\/javascript\" src=\"\/\/js.hsforms.net\/forms\/embed\/v2.js\"><\/script><script>hbspt.forms.create({\r\n    region: \"na1\",\r\n    portalId: \"5387762\",\r\n    formId: \"a23cf73a-36bd-433c-a1d8-4acd8b05b928\"\r\n  });\r\n<\/script>                <\/div>\r\n            <\/div>\r\n        <\/div>\r\n    <\/div>\r\n\r\n","protected":false},"excerpt":{"rendered":"","protected":false},"author":2,"featured_media":0,"parent":0,"menu_order":0,"comment_status":"closed","ping_status":"closed","template":"","meta":{"_acf_changed":false,"content-type":"","footnotes":""},"class_list":["post-23917","page","type-page","status-publish","hentry"],"acf":[],"_links":{"self":[{"href":"https:\/\/www.achilles.com\/sv\/wp-json\/wp\/v2\/pages\/23917","targetHints":{"allow":["GET"]}}],"collection":[{"href":"https:\/\/www.achilles.com\/sv\/wp-json\/wp\/v2\/pages"}],"about":[{"href":"https:\/\/www.achilles.com\/sv\/wp-json\/wp\/v2\/types\/page"}],"author":[{"embeddable":true,"href":"https:\/\/www.achilles.com\/sv\/wp-json\/wp\/v2\/users\/2"}],"replies":[{"embeddable":true,"href":"https:\/\/www.achilles.com\/sv\/wp-json\/wp\/v2\/comments?post=23917"}],"version-history":[{"count":0,"href":"https:\/\/www.achilles.com\/sv\/wp-json\/wp\/v2\/pages\/23917\/revisions"}],"wp:attachment":[{"href":"https:\/\/www.achilles.com\/sv\/wp-json\/wp\/v2\/media?parent=23917"}],"curies":[{"name":"wp","href":"https:\/\/api.w.org\/{rel}","templated":true}]}}