{"id":23914,"date":"2023-06-07T11:20:10","date_gmt":"2023-06-07T10:20:10","guid":{"rendered":"https:\/\/uat.achilles.com\/byggnation\/"},"modified":"2023-12-31T20:24:15","modified_gmt":"2023-12-31T17:24:15","slug":"byggnation","status":"publish","type":"page","link":"https:\/\/www.achilles.com\/sv\/byggnation\/","title":{"rendered":"Byggnation"},"content":{"rendered":"    <div class=\"top_section\">\n        <div class=\"container\">\n            <div class=\"top_info\">\n                                    <h1 class=\"top_title\">Riskl\u00f6sningar f\u00f6r leveranskedjan f\u00f6r byggbranschen<\/h1>\n                                    <div class=\"top_text\">\n                        <p>Achilles rigor\u00f6sa validering, skrivbordsrevisioner och revisioner p\u00e5 plats samt intervjuer med anst\u00e4llda g\u00f6r det m\u00f6jligt f\u00f6r ledande byggf\u00f6retag att uppn\u00e5 o\u00f6vertr\u00e4ffad transparens i leverant\u00f6rskedjan och tillf\u00f6rlitlig rapportering, vilket bidrar till att skapa en s\u00e4krare, r\u00e4ttvisare och mer h\u00e5llbar bransch.<\/p>\n                    <\/div>\n                                    <div class=\"top_buttons\">\n                                                    <a class=\"btn btn_white btn_big\" href=\"#Prata-med-oss\">Prata med oss<\/a>\n                                            <\/div>\n                            <\/div>\n        <\/div>\n        <div class=\"top_media\">\n\t\t\t        <\/div>\n    <\/div>\n\n\n    <div class=\"content_section\">\r\n        <div class=\"container\">\r\n                        <div class=\"description_section\">\r\n                                <p class=\"title_category\">ACHILLES KUNDER<\/p>\r\n                                <h2 class=\"title_section\">V\u00e4rldens ledande byggvarum\u00e4rken v\u00e4ljer Achilles<\/h2>\r\n                                <div class=\"typical_text middle_text\">\r\n                    <p>Achilles arbetar med v\u00e4rldens ledande byggvarum\u00e4rken och ger st\u00f6d \u00f6ver hela v\u00e4rlden f\u00f6r att minska utsl\u00e4pp och milj\u00f6p\u00e5verkan, utrota modernt slaveri och barnarbete, st\u00f6dja kontinuerliga f\u00f6rb\u00e4ttringar av leverant\u00f6rskedjan och s\u00e4kerst\u00e4lla tillf\u00f6rlitlig rapportering av due diligence i leverant\u00f6rskedjan.<\/p>\n                <\/div>\r\n                            <\/div>\r\n                        <div class=\"logos_wrap\">\r\n                                <div class=\"logo_item\">\r\n                    <img decoding=\"async\" src=\"https:\/\/www.achilles.com\/app\/uploads\/2023\/06\/mace-e1524647954682-1.jpg\" alt=\"\" width=\"250\">\r\n                <\/div>\r\n                                <div class=\"logo_item\">\r\n                    <img decoding=\"async\" src=\"https:\/\/www.achilles.com\/app\/uploads\/2023\/09\/multiplex.jpeg\" alt=\"\" width=\"250\">\r\n                <\/div>\r\n                                <div class=\"logo_item\">\r\n                    <img decoding=\"async\" src=\"https:\/\/www.achilles.com\/app\/uploads\/2023\/09\/sisk-logo-transparent-1.png\" alt=\"The Sisk logo is a red lozenge with a thin white line inside with the SISK name in white outlined text and the words Builders and Contractors above and below it.\" width=\"250\">\r\n                <\/div>\r\n                                <div class=\"logo_item\">\r\n                    <img decoding=\"async\" src=\"https:\/\/www.achilles.com\/app\/uploads\/2023\/09\/Laing-ORourke.jpeg\" alt=\"\" width=\"246\">\r\n                <\/div>\r\n                                <div class=\"logo_item\">\r\n                    <img decoding=\"async\" src=\"https:\/\/www.achilles.com\/app\/uploads\/2023\/06\/Lendlease-logo.png\" alt=\"\" width=\"248\">\r\n                <\/div>\r\n                                <div class=\"logo_item\">\r\n                    <img decoding=\"async\" src=\"\" alt=\"\" width=\"250\">\r\n                <\/div>\r\n                                <div class=\"logo_item\">\r\n                    <img decoding=\"async\" src=\"https:\/\/www.achilles.com\/app\/uploads\/2023\/06\/tarmac-logo.png\" alt=\"\" width=\"250\">\r\n                <\/div>\r\n                                <div class=\"logo_item\">\r\n                    <img decoding=\"async\" src=\"https:\/\/www.achilles.com\/app\/uploads\/2023\/06\/Costain-e1524648164759.jpg\" alt=\"\" width=\"249\">\r\n                <\/div>\r\n                                <div class=\"logo_item\">\r\n                    <img decoding=\"async\" src=\"https:\/\/www.achilles.com\/app\/uploads\/2023\/10\/Kier-logo.jpeg\" alt=\"\" width=\"249\">\r\n                <\/div>\r\n                                <div class=\"logo_item\">\r\n                    <img decoding=\"async\" src=\"https:\/\/www.achilles.com\/app\/uploads\/2023\/10\/RSK-logo.jpeg\" alt=\"\" width=\"250\">\r\n                <\/div>\r\n                            <\/div>\r\n                    <\/div>\r\n    <\/div>\r\n\n\n    <div class=\"content_section\">\r\n        <div class=\"container\">\r\n                        <div class=\"posts_panel\">\r\n                <div class=\"description_section\">\r\n                                        <p class=\"title_category\">Ber\u00e4ttelser fr\u00e5n kunder<\/p>\r\n                     \r\n                    <h2 class=\"title_section\">Achilles kunder \u00e4r marknadsledande och ligger i framkant n\u00e4r det g\u00e4ller milj\u00f6styrning och social styrning.<\/h2>\r\n                                    <\/div>\r\n                            <\/div>\r\n                                    <div class=\"posts_wrap\">\r\n                                <div class=\"post_item\">\r\n                    <div class=\"post_item_top\">\r\n                                                <a class=\"post_item_img\" href=\"https:\/\/www.achilles.com\/sv\/branschinsikter\/bygga-ett-skalbart-hallbart-och-motstandskraftigt-natverk-for-datacenterbyggnation\/\">\r\n                            <img decoding=\"async\" src=\"https:\/\/www.achilles.com\/app\/uploads\/2026\/03\/Achilles-Google-Supply-Chain-Risk-banner.png\" alt=\"Bygga ett skalbart, h\u00e5llbart och motst\u00e5ndskraftigt n\u00e4tverk f\u00f6r datacenterbyggnation\">\r\n                        <\/a>\r\n                                                <ul class=\"post_item_categories\">\r\n                                                        <li>Branschinsikter<\/li>\r\n                                                        <li>Fallstudier<\/li>\r\n                                                    <\/ul>\r\n                    <\/div>\r\n                    <a class=\"post_item_name\" href=\"https:\/\/www.achilles.com\/sv\/branschinsikter\/bygga-ett-skalbart-hallbart-och-motstandskraftigt-natverk-for-datacenterbyggnation\/\">Bygga ett skalbart, h\u00e5llbart och motst\u00e5ndskraftigt n\u00e4tverk f\u00f6r datacenterbyggnation<\/a>\r\n                <\/div>\r\n                                <div class=\"post_item\">\r\n                    <div class=\"post_item_top\">\r\n                                                <a class=\"post_item_img\" href=\"https:\/\/www.achilles.com\/sv\/industry-insights\/varfor-revisioner-ar-viktiga-en-verklig-berattelse-fran-fisk-och-skaldjurslogistik\/\">\r\n                            <img decoding=\"async\" src=\"https:\/\/www.achilles.com\/app\/uploads\/2025\/03\/vidar-nordli-mathisen-641pLhGEEyg-unsplash.jpg\" alt=\"Varf\u00f6r revisioner \u00e4r viktiga: En verklig ber\u00e4ttelse fr\u00e5n fisk- och skaldjurslogistik\">\r\n                        <\/a>\r\n                                                <ul class=\"post_item_categories\">\r\n                                                        <li>Fallstudier<\/li>\r\n                                                    <\/ul>\r\n                    <\/div>\r\n                    <a class=\"post_item_name\" href=\"https:\/\/www.achilles.com\/sv\/industry-insights\/varfor-revisioner-ar-viktiga-en-verklig-berattelse-fran-fisk-och-skaldjurslogistik\/\">Varf\u00f6r revisioner \u00e4r viktiga: En verklig ber\u00e4ttelse fr\u00e5n fisk- och skaldjurslogistik<\/a>\r\n                <\/div>\r\n                                <div class=\"post_item\">\r\n                    <div class=\"post_item_top\">\r\n                                                <a class=\"post_item_img\" href=\"https:\/\/www.achilles.com\/sv\/branschinsikter\/intervju-med-anna-maria-dubois-och-thomas-roth-om-hallbarhetens-och-leverantorskedjans-utmaningar-hos-amarenco\/\">\r\n                            <img decoding=\"async\" src=\"https:\/\/www.achilles.com\/app\/uploads\/2024\/11\/AdobeStock_620340390-scaled.jpeg\" alt=\"Intervju om utmaningarna med h\u00e5llbarhet och leverant\u00f6rskedjehantering p\u00e5 Amarenco\">\r\n                        <\/a>\r\n                                                <ul class=\"post_item_categories\">\r\n                                                        <li>Artikel<\/li>\r\n                                                        <li>Fallstudier<\/li>\r\n                                                    <\/ul>\r\n                    <\/div>\r\n                    <a class=\"post_item_name\" href=\"https:\/\/www.achilles.com\/sv\/branschinsikter\/intervju-med-anna-maria-dubois-och-thomas-roth-om-hallbarhetens-och-leverantorskedjans-utmaningar-hos-amarenco\/\">Intervju om utmaningarna med h\u00e5llbarhet och leverant\u00f6rskedjehantering p\u00e5 Amarenco<\/a>\r\n                <\/div>\r\n                            <\/div>\r\n                    <\/div>\r\n    <\/div>\r\n\n\n    <div class=\"content_section\">\r\n        <div class=\"container\">\r\n                        <div class=\"description_section\">\r\n                                <p class=\"title_category\">L\u00d6SNINGAR F\u00d6R F\u00d6RS\u00d6RJNINGSKEDJAN<\/p>\r\n                                <h2 class=\"title_section\">L\u00f6sningar f\u00f6r en s\u00e4krare, r\u00e4ttvisare och koldioxidsn\u00e5lare byggindustri<\/h2>\r\n                                <div class=\"typical_text middle_text\">\r\n                    <p>Achilles har m\u00e5nga decenniers erfarenhet av att arbeta med v\u00e4rldens ledande byggvarum\u00e4rken f\u00f6r att hantera risker i leverant\u00f6rskedjan, minska koldioxidutsl\u00e4ppen och leverera exceptionell transparens i leverant\u00f6rskedjan.<\/p>\n                <\/div>\r\n                            <\/div>\r\n                        <div class=\"features_wrap features_four\">\r\n                                <div class=\"feature_item\">\r\n                                        <div class=\"feature_item_icon\">\r\n                        <img decoding=\"async\" src=\"https:\/\/www.achilles.com\/app\/uploads\/2023\/09\/icon_common-file-text-check.png\" alt=\"\">\r\n                    <\/div>\r\n                                        <h3 class=\"feature_item_name\">N\u00e4tverk av kvalificerade leverant\u00f6rer<\/h3>\r\n                                        <div class=\"typical_text\">\r\n                        <p>F\u00e5 tillg\u00e5ng till en noggrant validerad databas med f\u00f6rkvalificerade leverant\u00f6rer inom byggbranschen som uppfyller lokala och internationella ESG- och upphandlingsregler.<\/p>\n                    <\/div>\r\n                                        <a class=\"btn\" aria-label=\"N\u00e4tverk av kvalificerade leverant\u00f6rer - L\u00e4s mer\" href=\"\/sv\/prequalified-supplier-network\/\">L\u00e4s mer<\/a>\r\n                                    <\/div>\r\n                                <div class=\"feature_item\">\r\n                                        <div class=\"feature_item_icon\">\r\n                        <img decoding=\"async\" src=\"https:\/\/www.achilles.com\/app\/uploads\/2023\/09\/icon_user-network-1.png\" alt=\"on site audits\">\r\n                    <\/div>\r\n                                        <h3 class=\"feature_item_name\">Due diligence av leverant\u00f6rer<\/h3>\r\n                                        <div class=\"typical_text\">\r\n                        <p>Noggrann bed\u00f6mning och validering av er leverant\u00f6rskedja f\u00f6r att s\u00e4kerst\u00e4lla att era leverant\u00f6rer uppfyller era standarder och att ni f\u00f6ljer de best\u00e4mmelser som \u00e4r relevanta f\u00f6r er verksamhet.<\/p>\n                    <\/div>\r\n                                        <a class=\"btn\" aria-label=\"Due diligence av leverant\u00f6rer - L\u00e4s mer\" href=\"\/sv\/due-diligence-i-leveranskedjan\/\">L\u00e4s mer<\/a>\r\n                                    <\/div>\r\n                                <div class=\"feature_item\">\r\n                                        <div class=\"feature_item_icon\">\r\n                        <img decoding=\"async\" src=\"https:\/\/www.achilles.com\/app\/uploads\/2023\/09\/Icon_air-pollution-co2-down-2.png\" alt=\"\">\r\n                    <\/div>\r\n                                        <h3 class=\"feature_item_name\">Carbon Reduce<\/h3>\r\n                                        <div class=\"typical_text\">\r\n                        <p>Effektivt m\u00e4ta, hantera och minska ditt koldioxidavtryck med v\u00e4rldens enda ISO14064-1 Carbon Management Scheme.<\/p>\n                    <\/div>\r\n                                        <a class=\"btn\" aria-label=\"Carbon Reduce - L\u00e4s mer\" href=\"\/sv\/kolhantering-och-reduktion\/\">L\u00e4s mer<\/a>\r\n                                    <\/div>\r\n                                <div class=\"feature_item\">\r\n                                        <div class=\"feature_item_icon\">\r\n                        <img decoding=\"async\" src=\"https:\/\/www.achilles.com\/app\/uploads\/2023\/09\/saving-bank-1.png\" alt=\"\">\r\n                    <\/div>\r\n                                        <h3 class=\"feature_item_name\">Revisionsf\u00f6rklaring<\/h3>\r\n                                        <div class=\"typical_text\">\r\n                        <p>Tydligt visa era resultat mot ESG-nyckeltal och h\u00e5llbarhetsm\u00e5l (SPT) f\u00f6r l\u00e5ngivare och andra intressentgrupper.<\/p>\n                    <\/div>\r\n                                        <a class=\"btn\" aria-label=\"Revisionsf\u00f6rklaring - L\u00e4s mer\" href=\"\/sv\/hallbar-finansiering\/\">L\u00e4s mer<\/a>\r\n                                    <\/div>\r\n                            <\/div>\r\n                    <\/div>\r\n    <\/div>\r\n\n\n    <div class=\"content_section\">\r\n        <div class=\"container\">\r\n                        <div class=\"description_section big\">\r\n                                <h2 class=\"title_section\">Globalt. Och lokal.<\/h2>\r\n                                <div class=\"typical_text middle_text\">\r\n                    <p>Achilles har verksamhet p\u00e5 17 platser runt om i v\u00e4rlden f\u00f6r att ge den lokala n\u00e4rvaro som s\u00e4kerst\u00e4ller b\u00e5de djup f\u00f6rst\u00e5else f\u00f6r lokala best\u00e4mmelser, spr\u00e5k och kultur och den globala storlek som m\u00f6jligg\u00f6r \u00f6verl\u00e4gsen riskhantering i leveranskedjan.<\/p>\n                <\/div>\r\n                            <\/div>\r\n                                    <div class=\"features_wrap\">\r\n                                <div class=\"feature_item center\">\r\n                                        <div class=\"feature_item_icon\">\r\n                        <img decoding=\"async\" src=\"https:\/\/www.achilles.com\/app\/uploads\/2023\/10\/Achilles-A.png\" alt=\"\">\r\n                    <\/div>\r\n                                        <h3 class=\"feature_item_name\">Achilles n\u00e4tverk, globalt<\/h3>\r\n                                        <div class=\"typical_text middle_text\">\r\n                        <p>Achilles n\u00e4tverk ger tillg\u00e5ng till en global marknadsplats f\u00f6r ink\u00f6pare och leverant\u00f6rer som validerats enligt Achilles guldstandard inom b\u00e5de byggsektorn och andra branscher.<\/p>\r\n                    <\/div>\r\n                                        <a class=\"btn btn_big\" aria-label=\"Achilles n\u00e4tverk, globalt - L\u00e4s mer\" href=\"\/sv\/community\/achilles-network\/\">L\u00e4s mer<\/a>\r\n                                    <\/div>\r\n                                <div class=\"feature_item center\">\r\n                                        <div class=\"feature_item_icon\">\r\n                        <img decoding=\"async\" src=\"https:\/\/www.achilles.com\/app\/uploads\/2023\/10\/Achilles-A.png\" alt=\"\">\r\n                    <\/div>\r\n                                        <h3 class=\"feature_item_name\">Bygga f\u00f6rtroende, Storbritannien<\/h3>\r\n                                        <div class=\"typical_text middle_text\">\r\n                        <p>Den brittiska guldstandarden inom byggsektorn tillhandah\u00e5ller certifiering enligt Safety Schemes in Procurement (SSIP) och Common Assessment Standard (CAS).<\/p>\r\n                    <\/div>\r\n                                        <a class=\"btn btn_big\" aria-label=\"Bygga f\u00f6rtroende, Storbritannien - L\u00e4s mer\" href=\"\/sv\/community\/buildingconfidence\/\">L\u00e4s mer<\/a>\r\n                                    <\/div>\r\n                                <div class=\"feature_item center\">\r\n                                        <div class=\"feature_item_icon\">\r\n                        <img decoding=\"async\" src=\"https:\/\/www.achilles.com\/app\/uploads\/2023\/10\/StartBank-e1698055350284.png\" alt=\"\">\r\n                    <\/div>\r\n                                        <h3 class=\"feature_item_name\">Startbank, Norra Europa<\/h3>\r\n                                        <div class=\"typical_text middle_text\">\r\n                        <p>Lanserades 2005 i samarbete med den norska byggindustrif\u00f6reningen f\u00f6r att m\u00f6ta de alltmer kr\u00e4vande behoven av lagstiftning och riskhantering hos bygg- och anl\u00e4ggningskunder.<\/p>\r\n                    <\/div>\r\n                                        <a class=\"btn btn_big\" aria-label=\"Startbank, Norra Europa - L\u00e4s mer\" href=\"\/sv\/community\/startbank\/\">L\u00e4s mer<\/a>\r\n                                    <\/div>\r\n                            <\/div>\r\n                                <\/div>\r\n    <\/div>\r\n\n\n    <div class=\"quote_section\">\r\n        <div class=\"quote_bg\">\r\n                        <img decoding=\"async\" src=\"https:\/\/www.achilles.com\/app\/uploads\/2023\/12\/AdobeStock_133427304-scaled.jpeg\" alt=\"\">\r\n                    <\/div>\r\n        <div class=\"container\">\r\n            <div class=\"quote_wrapper\">\r\n                <div class=\"quote_item full\">\r\n                                        <div class=\"quote_item_text\">\r\n                        <p>Alla v\u00e5ra leverant\u00f6rer m\u00e5ste vara registrerade i Achilles-l\u00f6sningen som kallas StartBANK. Detta \u00e4r den rekommenderade l\u00f6sningen av NHO (Norges n\u00e6ringslivsforbund) f\u00f6r att s\u00e4kerst\u00e4lla att alla v\u00e5ra leverant\u00f6rer \u00e4r seri\u00f6sa och f\u00f6ljer minimikraven f\u00f6r l\u00f6n och andra krav. F\u00f6r att ytterligare kontrollera v\u00e5ra leverant\u00f6rers efterlevnad genomf\u00f6rs revisioner av alla viktiga leverant\u00f6rer vartannat \u00e5r. Under 2022 reviderade vi, med hj\u00e4lp av Achilles Audit Program, en stor del av v\u00e5ra leverant\u00f6rer och f\u00f6ljer upp eventuella resultat f\u00f6r att s\u00e4kerst\u00e4lla att de \u00e5tg\u00e4rdas.<\/p>\n                    <\/div>\r\n                                        <p class=\"quote_item_author\">Knut Bj\u00f8r\u00e5nesset, Procurement Director, ISS Facility Services AS<\/p>\r\n                                    <\/div>\r\n            <\/div>\r\n        <\/div>\r\n    <\/div>\r\n\n\n    <div class=\"content_section\">\r\n        <div class=\"container\">\r\n                        <div class=\"posts_panel\">\r\n                <div class=\"description_section\">\r\n                                        <p class=\"title_category\">Achilles branschinsikt<\/p>\r\n                     \r\n                    <h2 class=\"title_section\">Rekommenderas f\u00f6r dig<\/h2>\r\n                                    <\/div>\r\n                            <\/div>\r\n                                    <div class=\"posts_wrap\">\r\n                                <div class=\"post_item\">\r\n                    <div class=\"post_item_top\">\r\n                                                <a class=\"post_item_img\" href=\"https:\/\/www.achilles.com\/sv\/branschinsikter\/wind-europe-2026-madrid-starka-leverantorsberedskapen\/\">\r\n                            <img decoding=\"async\" src=\"https:\/\/www.achilles.com\/app\/uploads\/2023\/06\/renewable-energies.jpg\" alt=\"Wind Europe 2026 Madrid: St\u00e4rka leverant\u00f6rsberedskapen\">\r\n                        <\/a>\r\n                                                <ul class=\"post_item_categories\">\r\n                                                        <li>Branschinsikter<\/li>\r\n                                                    <\/ul>\r\n                    <\/div>\r\n                    <a class=\"post_item_name\" href=\"https:\/\/www.achilles.com\/sv\/branschinsikter\/wind-europe-2026-madrid-starka-leverantorsberedskapen\/\">Wind Europe 2026 Madrid: St\u00e4rka leverant\u00f6rsberedskapen<\/a>\r\n                <\/div>\r\n                                <div class=\"post_item\">\r\n                    <div class=\"post_item_top\">\r\n                                                <a class=\"post_item_img\" href=\"https:\/\/www.achilles.com\/sv\/branschinsikter\/achilles-arliga-risk-och-hallbarhetsrapport-2026\/\">\r\n                            <img decoding=\"async\" src=\"https:\/\/www.achilles.com\/app\/uploads\/2026\/03\/Web-page-top-banner-thumbnail-of-Achilles-Global-Supplier-Risk-and-Sustainability-Survey-2026.jpg\" alt=\"Achilles \u00e5rliga risk- och h\u00e5llbarhetsrapport 2026\">\r\n                        <\/a>\r\n                                                <ul class=\"post_item_categories\">\r\n                                                        <li>Vitb\u00f6cker<\/li>\r\n                                                    <\/ul>\r\n                    <\/div>\r\n                    <a class=\"post_item_name\" href=\"https:\/\/www.achilles.com\/sv\/branschinsikter\/achilles-arliga-risk-och-hallbarhetsrapport-2026\/\">Achilles \u00e5rliga risk- och h\u00e5llbarhetsrapport 2026<\/a>\r\n                <\/div>\r\n                                <div class=\"post_item\">\r\n                    <div class=\"post_item_top\">\r\n                                                <a class=\"post_item_img\" href=\"https:\/\/www.achilles.com\/sv\/branschinsikter\/bygga-ett-skalbart-hallbart-och-motstandskraftigt-natverk-for-datacenterbyggnation\/\">\r\n                            <img decoding=\"async\" src=\"https:\/\/www.achilles.com\/app\/uploads\/2026\/03\/Achilles-Google-Supply-Chain-Risk-banner.png\" alt=\"Bygga ett skalbart, h\u00e5llbart och motst\u00e5ndskraftigt n\u00e4tverk f\u00f6r datacenterbyggnation\">\r\n                        <\/a>\r\n                                                <ul class=\"post_item_categories\">\r\n                                                        <li>Branschinsikter<\/li>\r\n                                                        <li>Fallstudier<\/li>\r\n                                                    <\/ul>\r\n                    <\/div>\r\n                    <a class=\"post_item_name\" href=\"https:\/\/www.achilles.com\/sv\/branschinsikter\/bygga-ett-skalbart-hallbart-och-motstandskraftigt-natverk-for-datacenterbyggnation\/\">Bygga ett skalbart, h\u00e5llbart och motst\u00e5ndskraftigt n\u00e4tverk f\u00f6r datacenterbyggnation<\/a>\r\n                <\/div>\r\n                            <\/div>\r\n                    <\/div>\r\n    <\/div>\r\n\n\n    <div class=\"contact_main\">\r\n        <div class=\"contact_bg\">\r\n                        <img decoding=\"async\" src=\"https:\/\/www.achilles.com\/app\/uploads\/2023\/07\/Construction-site-black-overlay-scaled-1.jpg\" alt=\"\">\r\n                    <\/div>\r\n        <div class=\"container\">\r\n            <div class=\"contact_content\">\r\n                <div class=\"contact_wrapper\">\r\n                <div class=\"contact_content_description\">\r\n                                        <h1 class=\"title_page\">Prata med oss<\/h1>\r\n                                        <h5 class=\"contact_content_subtitle\">Tala med en av v\u00e5ra experter p\u00e5 ESG och koldioxidhantering<\/h5>\r\n                                    <\/div>\r\n                <\/div>\r\n                <div class=\"contact_reqiest\">\r\n                    <script charset=\"utf-8\" type=\"text\/javascript\" src=\"\/\/js.hsforms.net\/forms\/embed\/v2.js\"><\/script><script>hbspt.forms.create({\n    region: \"na1\",\n    portalId: \"5387762\",\n    formId: \"a23cf73a-36bd-433c-a1d8-4acd8b05b928\"\n  });\n<\/script>                <\/div>\r\n            <\/div>\r\n        <\/div>\r\n    <\/div>\r\n\r\n","protected":false},"excerpt":{"rendered":"","protected":false},"author":2,"featured_media":0,"parent":0,"menu_order":0,"comment_status":"closed","ping_status":"closed","template":"","meta":{"_acf_changed":false,"content-type":"","footnotes":""},"class_list":["post-23914","page","type-page","status-publish","hentry"],"acf":[],"_links":{"self":[{"href":"https:\/\/www.achilles.com\/sv\/wp-json\/wp\/v2\/pages\/23914","targetHints":{"allow":["GET"]}}],"collection":[{"href":"https:\/\/www.achilles.com\/sv\/wp-json\/wp\/v2\/pages"}],"about":[{"href":"https:\/\/www.achilles.com\/sv\/wp-json\/wp\/v2\/types\/page"}],"author":[{"embeddable":true,"href":"https:\/\/www.achilles.com\/sv\/wp-json\/wp\/v2\/users\/2"}],"replies":[{"embeddable":true,"href":"https:\/\/www.achilles.com\/sv\/wp-json\/wp\/v2\/comments?post=23914"}],"version-history":[{"count":0,"href":"https:\/\/www.achilles.com\/sv\/wp-json\/wp\/v2\/pages\/23914\/revisions"}],"wp:attachment":[{"href":"https:\/\/www.achilles.com\/sv\/wp-json\/wp\/v2\/media?parent=23914"}],"curies":[{"name":"wp","href":"https:\/\/api.w.org\/{rel}","templated":true}]}}