{"id":23900,"date":"2023-09-27T17:14:19","date_gmt":"2023-09-27T16:14:19","guid":{"rendered":"https:\/\/uat.achilles.com\/eu-cs-ddd-2\/"},"modified":"2024-01-26T19:21:24","modified_gmt":"2024-01-26T16:21:24","slug":"eu-cs-ddd-2","status":"publish","type":"page","link":"https:\/\/www.achilles.com\/sv\/eu-cs-ddd-2\/","title":{"rendered":"EU CS DDD"},"content":{"rendered":"    <div class=\"top_section\">\n        <div class=\"container\">\n            <div class=\"top_info half\">\n                                    <h1 class=\"top_title\">EU:s direktiv om tillb\u00f6rlig aktsamhet avseende f\u00f6retags h\u00e5llbarhet<\/h1>\n                                    <div class=\"top_text large_text\">\n                        <p><strong>EU:s direktiv om tillb\u00f6rlig aktsamhet i fr\u00e5ga om h\u00e5llbarhet f\u00f6rv\u00e4ntas tr\u00e4da i kraft 2024 och p\u00e5verka b\u00e5de EU-baserade f\u00f6retag och EU-import\u00f6rer. <\/strong><strong>L\u00e4s mer om hur lagstiftningen kan till\u00e4mpas p\u00e5 ditt f\u00f6retag.<\/strong><\/p>\n                    <\/div>\n                                    <div class=\"top_buttons\">\n                                                    <a class=\"btn btn_big\" href=\"#getintouch\">Boka en kostnadsfri CS DDD-konsultation<\/a>\n                                                    <a target=\"_blank\" class=\"btn btn_white btn_big\" href=\"https:\/\/www.linkedin.com\/groups\/12857865\/\">G\u00e5 med i CSDDD LinkedIn-gruppen<\/a>\n                                            <\/div>\n                            <\/div>\n        <\/div>\n        <div class=\"top_media\">\n\t\t\t            <img decoding=\"async\" src=\"https:\/\/www.achilles.com\/app\/uploads\/2023\/06\/AdobeStock_597633716-scaled-1.jpeg\" alt=\"Regulation demanding greater supply chain transparency including establishing end-to-end visibility on supplier performance through collaboration and engagement, operating more rigorous supplier qualification processes and embedding ESG requirements into source-to-pay processes.\">\n                    <\/div>\n    <\/div>\n\n\n            <div class=\"content_section bg_grey\">\r\n            <div class=\"container\">\r\n                <div class=\"content_wrap\">\r\n                    <div class=\"content_info ogo2\">\r\n                                                <p class=\"title_category\">Fr\u00e5gesport<\/p>\r\n                                                <h2 class=\"title_page\">Testa dina kunskaper om EU CS DDD<\/h2>\r\n                                                <div class=\"typical_text\">\r\n                            <p>\u00c4ven de mest erfarna experterna p\u00e5 upphandling och leverant\u00f6rskedjor medger att de k\u00e4nner sig \u00f6verv\u00e4ldigade av denna nya era av ESG-reglering av leverant\u00f6rskedjan. Vi ber om urs\u00e4kt, men det h\u00e4r inneh\u00e5llet \u00e4r \u00e4nnu inte tillg\u00e4ngligt p\u00e5 svenska. Hur bra \u00e4r dina kunskaper?<\/p>\n                        <\/div>\r\n                                                <a target=\"_blank\" class=\"btn btn_big\" href=\"https:\/\/achilles.cogniclick.app\/enter\/achilles-quiz-eu#\/\">G\u00f6r testet<\/a>\r\n                                            <\/div>\r\n\t\t\t\t\t\t\t\t\t\t\r\n                                    <\/div>\r\n            <\/div>\r\n        <\/div>\r\n    \n\n            <div class=\"content_section bg_grey\">\r\n            <div class=\"container\">\r\n                <div class=\"content_wrap right\">\r\n                    <div class=\"content_info ogo2\">\r\n                                                <p class=\"title_category\">Vitbok<\/p>\r\n                                                <h2 class=\"title_page\">En introduktion till EU CS DDD<\/h2>\r\n                                                <div class=\"typical_text\">\r\n                            <p><span data-ccp-props=\"{\">Achilles introduktion till EU CS DDD \u00e4r en omfattande resurs som hj\u00e4lper dig att planera fram\u00e5t och se till att du \u00e4r redo n\u00e4r den nya lagstiftningen tr\u00e4der i kraft.<\/span><\/p>\n                        <\/div>\r\n                                                <a class=\"btn btn_big\" href=\"https:\/\/www.achilles.com\/sv\/branschinsikter\/en-introduktion-till-cs-ddd\/\">L\u00e4s<\/a>\r\n                                            <\/div>\r\n\t\t\t\t\t\t\t\t\t\t\r\n                                        <div class=\"content_media\">\r\n                        <img decoding=\"async\" src=\"https:\/\/www.achilles.com\/app\/uploads\/2023\/11\/CSDDD-SV-Thumbnail.png\" width=\"300\" alt=\"\">\r\n                    <\/div>\r\n                                    <\/div>\r\n            <\/div>\r\n        <\/div>\r\n    \n\n            <div class=\"content_section\">\r\n            <div class=\"container\">\r\n                <div class=\"content_wrap\">\r\n                    <div class=\"content_info ogo2\">\r\n                                                <p class=\"title_category\">Blogg<\/p>\r\n                                                <h2 class=\"title_page\">Vad \u00e4r tillr\u00e4ckligt?<\/h2>\r\n                                                <div class=\"typical_text\">\r\n                            <p><span lang=\"EN-GB\" data-contrast=\"none\" xml:lang=\"EN-GB\"><span data-ccp-parastyle=\"article-preview_articlepreviewsubheader__ffri1\">I EU:s kommande direktiv om due diligence av f\u00f6retag avseende h\u00e5llbarhet kr\u00e4vs att organisationer till\u00e4mpar en riskbaserad metod f\u00f6r due diligence av leverant\u00f6rskedjan.<\/span> <span data-ccp-parastyle=\"article-preview_articlepreviewsubheader__ffri1\">Men hur l\u00e5ngt m\u00e5ste man g\u00e5 och <\/span><span data-ccp-parastyle=\"article-preview_articlepreviewsubheader__ffri1\">n\u00e4r \u00e4r tillr\u00e4ckligt, tillr\u00e4ckligt?<\/span><\/span><\/p>\n                        <\/div>\r\n                                                <a class=\"btn btn_big\" href=\"https:\/\/www.achilles.com\/sv\/branschinsikter\/nar-ar-tillrackligt-tillrackligt\/\">L\u00e4s<\/a>\r\n                                            <\/div>\r\n\t\t\t\t\t\t\t\t\t\t\r\n                                        <div class=\"content_media\">\r\n                        <img decoding=\"async\" src=\"https:\/\/www.achilles.com\/app\/uploads\/2023\/09\/iStock-963011730.jpg\" width=\"300\" alt=\"A close up of the statue of lady justice standing in front of an out of focus row of law books.\">\r\n                    <\/div>\r\n                                    <\/div>\r\n            <\/div>\r\n        <\/div>\r\n    \n\n            <div class=\"content_section bg_grey\">\r\n            <div class=\"container\">\r\n                <div class=\"content_wrap right\">\r\n                    <div class=\"content_info ogo2\">\r\n                                                <p class=\"title_category\">Infografik<\/p>\r\n                                                <h2 class=\"title_page\">EU:s nya lagstiftning om leveranskedjor och hur man f\u00f6ljer den<\/h2>\r\n                                                <div class=\"typical_text\">\r\n                            <p><span lang=\"EN-GB\" data-contrast=\"none\" xml:lang=\"EN-GB\">Utforska denna EU CS DDD infografik f\u00f6r att l\u00e4ra dig mer om de viktigaste stegen f\u00f6r efterlevnad. Vi ber om urs\u00e4kt, men det h\u00e4r inneh\u00e5llet \u00e4r \u00e4nnu inte tillg\u00e4ngligt p\u00e5 svenska.<\/span><span data-ccp-props=\"{\"335559738\":120,\"335559739\":120}\"> <\/span><\/p>\n                        <\/div>\r\n                                                <a class=\"btn btn_big\" href=\"https:\/\/www.achilles.com\/industry-insights\/the-eus-new-legislation-and-how-to-comply\/\">Utforska<\/a>\r\n                                            <\/div>\r\n\t\t\t\t\t\t\t\t\t\t\r\n                                        <div class=\"content_media\">\r\n                        <img decoding=\"async\" src=\"https:\/\/www.achilles.com\/app\/uploads\/2023\/12\/EUCSDDD-Infographic-EN-thumbnail.png\" width=\"300\" alt=\"\">\r\n                    <\/div>\r\n                                    <\/div>\r\n            <\/div>\r\n        <\/div>\r\n    \n\n            <div class=\"content_section\">\r\n            <div class=\"container\">\r\n                <div class=\"content_wrap\">\r\n                    <div class=\"content_info ogo2\">\r\n                                                <p class=\"title_category\">Video<\/p>\r\n                                                <h2 class=\"title_page\">Steg f\u00f6r efterlevnad av EU CS DDD<\/h2>\r\n                                                <div class=\"typical_text\">\r\n                            <p><span lang=\"EN-GB\" data-contrast=\"none\" xml:lang=\"EN-GB\"><span data-ccp-parastyle=\"article-preview_articlepreviewsubheader__ffri1\">EU CS DDD kr\u00e4ver ett metodiskt riskbaserat tillv\u00e4gag\u00e5ngss\u00e4tt som ocks\u00e5 kommer att f\u00f6rb\u00e4ttra den \u00f6vergripande h\u00e5llbarheten i din organisation. Vi ber om urs\u00e4kt, men det h\u00e4r inneh\u00e5llet \u00e4r \u00e4nnu inte tillg\u00e4ngligt p\u00e5 svenska.<\/span><\/span><span data-ccp-props=\"{\"134233117\":false,\"134233118\":false,\"335559738\":300,\"335559739\":810}\"> <\/span><\/p>\n                        <\/div>\r\n                                                <a class=\"btn btn_big\" href=\"\/wp\/wp-content\/uploads\/2023\/09\/5-steps-to-EU-CS-DDD-compliance.mp4\">Titta p\u00e5<\/a>\r\n                                            <\/div>\r\n\t\t\t\t\t                    <div class=\"content_media_video\">\r\n                        <video  autoplay muted playsinline loop>\r\n                                        <source src=\"https:\/\/www.achilles.com\/app\/uploads\/2023\/09\/5-steps-to-EU-CS-DDD-compliance.mp4\" type=\"video\/mp4\">\r\n                                        \r\n                                    <\/video>\r\n                    <\/div>\r\n                    \t\t\t\t\t\r\n                                    <\/div>\r\n            <\/div>\r\n        <\/div>\r\n    \n\n    <div class=\"content_section bg_grey\">\r\n        <div class=\"container\">\r\n                        <div class=\"description_section\">\r\n                                <p class=\"title_category\">ACHILLES ESG SOLUTIONS<\/p>\r\n                                <h2 class=\"title_section\">ESG riskl\u00f6sningar f\u00f6r leveranskedjan<\/h2>\r\n                                <div class=\"typical_text\">\r\n                    <p>Achilles \u00e4r den v\u00e4rldsledande experten p\u00e5 riskhantering i globala leveranskedjor. Vi arbetar med marknadsledande finansiella, industriella, kommersiella och statliga organisationer som kr\u00e4ver den seri\u00f6sa, detaljerade analys och expertinsikt som kr\u00e4vs f\u00f6r att leverera exceptionella niv\u00e5er av EU CS DDD-rapporteringss\u00e4kerhet.<\/p>\n                <\/div>\r\n                            <\/div>\r\n                        <div class=\"features_wrap features_four\">\r\n                                <div class=\"feature_item\">\r\n                                        <div class=\"feature_item_icon\">\r\n                        <img decoding=\"async\" src=\"https:\/\/www.achilles.com\/app\/uploads\/2023\/09\/icon_common-file-text-check.png\" alt=\"\">\r\n                    <\/div>\r\n                                        <h3 class=\"feature_item_name\">N\u00e4tverk av f\u00f6rkvalificerade leverant\u00f6rer<\/h3>\r\n                                        <div class=\"typical_text\">\r\n                        <p>F\u00e5 tillg\u00e5ng till en omfattande databas med f\u00f6rkvalificerade leverant\u00f6rer som uppfyller de ESG- och upphandlingsregler som \u00e4r relevanta f\u00f6r dig.<\/p>\n                    <\/div>\r\n                                        <a class=\"btn\" aria-label=\"N\u00e4tverk av f\u00f6rkvalificerade leverant\u00f6rer - L\u00e4s mer\" href=\"https:\/\/www.achilles.com\/sv\/natverk-av-forkvalificerade-leverantorer\/\">L\u00e4s mer<\/a>\r\n                                    <\/div>\r\n                                <div class=\"feature_item\">\r\n                                        <div class=\"feature_item_icon\">\r\n                        <img decoding=\"async\" src=\"https:\/\/www.achilles.com\/app\/uploads\/2023\/09\/icon_user-network-1.png\" alt=\"on site audits\">\r\n                    <\/div>\r\n                                        <h3 class=\"feature_item_name\">ESG due diligence av leverant\u00f6rskedjan<\/h3>\r\n                                        <div class=\"typical_text\">\r\n                        <p>Achilles unikt rigor\u00f6sa validering \u00e4r det b\u00e4sta s\u00e4ttet att uppn\u00e5 fullst\u00e4ndig efterlevnad av EU CS DDD.<\/p>\n                    <\/div>\r\n                                        <a class=\"btn\" aria-label=\"ESG due diligence av leverant\u00f6rskedjan - L\u00e4s mer\" href=\"https:\/\/www.achilles.com\/sv\/due-diligence-i-leveranskedjan\/\">L\u00e4s mer<\/a>\r\n                                    <\/div>\r\n                                <div class=\"feature_item\">\r\n                                        <div class=\"feature_item_icon\">\r\n                        <img decoding=\"async\" src=\"https:\/\/www.achilles.com\/app\/uploads\/2023\/09\/Icon_air-pollution-co2-down-2.png\" alt=\"\">\r\n                    <\/div>\r\n                                        <h3 class=\"feature_item_name\">Minskning av koldioxidutsl\u00e4pp<\/h3>\r\n                                        <div class=\"typical_text\">\r\n                        <p><span class=\"contentpasted1\">Det enda brittiska ackrediterade ISO14064-1-certifieringssystemet <\/span><span class=\"contentpasted2\">som hj\u00e4lper dig att m\u00e4ta, hantera och minska ditt koldioxidavtryck.<\/span><\/p>\n                    <\/div>\r\n                                        <a class=\"btn\" aria-label=\"Minskning av koldioxidutsl\u00e4pp - L\u00e4s mer\" href=\"https:\/\/www.achilles.com\/sv\/kolhantering-och-reduktion\/\">L\u00e4s mer<\/a>\r\n                                    <\/div>\r\n                                <div class=\"feature_item\">\r\n                                        <div class=\"feature_item_icon\">\r\n                        <img decoding=\"async\" src=\"https:\/\/www.achilles.com\/app\/uploads\/2023\/09\/saving-bank-1.png\" alt=\"\">\r\n                    <\/div>\r\n                                        <h3 class=\"feature_item_name\">Revisionsf\u00f6rklaring<\/h3>\r\n                                        <div class=\"typical_text\">\r\n                        <p>Omfattande kontroll och validering av h\u00e5llbarhetsp\u00e5st\u00e5enden i samband med l\u00e5n kopplade till h\u00e5llbarhet.<\/p>\n                    <\/div>\r\n                                        <a class=\"btn\" aria-label=\"Revisionsf\u00f6rklaring - L\u00e4s mer\" href=\"https:\/\/www.achilles.com\/sv\/hallbar-finansiering\/\">L\u00e4s mer<\/a>\r\n                                    <\/div>\r\n                            <\/div>\r\n                    <\/div>\r\n    <\/div>\r\n\n\n    <div class=\"content_section\">\r\n        <div class=\"container\">\r\n                        <div class=\"posts_panel\">\r\n                <div class=\"description_section\">\r\n                                        <p class=\"title_category\">ACHILLES INSIKT<\/p>\r\n                     \r\n                    <h2 class=\"title_section\">Rekommenderas f\u00f6r dig<\/h2>\r\n                                    <\/div>\r\n                            <\/div>\r\n                                    <div class=\"posts_wrap\">\r\n                                <div class=\"post_item\">\r\n                    <div class=\"post_item_top\">\r\n                                                <a class=\"post_item_img\" href=\"https:\/\/www.achilles.com\/sv\/branschinsikter\/wind-europe-2026-madrid-starka-leverantorsberedskapen\/\">\r\n                            <img decoding=\"async\" src=\"https:\/\/www.achilles.com\/app\/uploads\/2023\/06\/renewable-energies.jpg\" alt=\"Wind Europe 2026 Madrid: St\u00e4rka leverant\u00f6rsberedskapen\">\r\n                        <\/a>\r\n                                                <ul class=\"post_item_categories\">\r\n                                                        <li>Branschinsikter<\/li>\r\n                                                    <\/ul>\r\n                    <\/div>\r\n                    <a class=\"post_item_name\" href=\"https:\/\/www.achilles.com\/sv\/branschinsikter\/wind-europe-2026-madrid-starka-leverantorsberedskapen\/\">Wind Europe 2026 Madrid: St\u00e4rka leverant\u00f6rsberedskapen<\/a>\r\n                <\/div>\r\n                                <div class=\"post_item\">\r\n                    <div class=\"post_item_top\">\r\n                                                <a class=\"post_item_img\" href=\"https:\/\/www.achilles.com\/sv\/branschinsikter\/achilles-arliga-risk-och-hallbarhetsrapport-2026\/\">\r\n                            <img decoding=\"async\" src=\"https:\/\/www.achilles.com\/app\/uploads\/2026\/03\/Web-page-top-banner-thumbnail-of-Achilles-Global-Supplier-Risk-and-Sustainability-Survey-2026.jpg\" alt=\"Achilles \u00e5rliga risk- och h\u00e5llbarhetsrapport 2026\">\r\n                        <\/a>\r\n                                                <ul class=\"post_item_categories\">\r\n                                                        <li>Vitb\u00f6cker<\/li>\r\n                                                    <\/ul>\r\n                    <\/div>\r\n                    <a class=\"post_item_name\" href=\"https:\/\/www.achilles.com\/sv\/branschinsikter\/achilles-arliga-risk-och-hallbarhetsrapport-2026\/\">Achilles \u00e5rliga risk- och h\u00e5llbarhetsrapport 2026<\/a>\r\n                <\/div>\r\n                                <div class=\"post_item\">\r\n                    <div class=\"post_item_top\">\r\n                                                <a class=\"post_item_img\" href=\"https:\/\/www.achilles.com\/sv\/branschinsikter\/bygga-ett-skalbart-hallbart-och-motstandskraftigt-natverk-for-datacenterbyggnation\/\">\r\n                            <img decoding=\"async\" src=\"https:\/\/www.achilles.com\/app\/uploads\/2026\/03\/Achilles-Google-Supply-Chain-Risk-banner.png\" alt=\"Bygga ett skalbart, h\u00e5llbart och motst\u00e5ndskraftigt n\u00e4tverk f\u00f6r datacenterbyggnation\">\r\n                        <\/a>\r\n                                                <ul class=\"post_item_categories\">\r\n                                                        <li>Branschinsikter<\/li>\r\n                                                        <li>Fallstudier<\/li>\r\n                                                    <\/ul>\r\n                    <\/div>\r\n                    <a class=\"post_item_name\" href=\"https:\/\/www.achilles.com\/sv\/branschinsikter\/bygga-ett-skalbart-hallbart-och-motstandskraftigt-natverk-for-datacenterbyggnation\/\">Bygga ett skalbart, h\u00e5llbart och motst\u00e5ndskraftigt n\u00e4tverk f\u00f6r datacenterbyggnation<\/a>\r\n                <\/div>\r\n                            <\/div>\r\n                    <\/div>\r\n    <\/div>\r\n\n\n            <div class=\"content_section bg_grey\">\r\n            <div class=\"container\">\r\n                <div class=\"content_wrap\">\r\n                    <div class=\"content_info ogo2\">\r\n                                                <h2 class=\"title_page\">5 sk\u00e4l att anv\u00e4nda Achilles f\u00f6r due diligence i leveranskedjan<\/h2>\r\n                                                <h5 class=\"title_small\">V\u00e4rldsledande hantering och efterlevnad av ESG i leveranskedjan<\/h5>\r\n                                                <div class=\"typical_text\">\r\n                            <p><span lang=\"EN-GB\" data-contrast=\"none\" xml:lang=\"EN-GB\">Ta reda p\u00e5 mer om hur det \u00e4r att arbeta med Achilles och se hur riskhanteringen i leveranskedjan minskar och hur rapporteringsf\u00f6rtroendet \u00f6kar.<\/span><\/p>\n                        <\/div>\r\n                                                <a class=\"btn btn_big\" href=\"https:\/\/www.achilles.com\/sv\/branschinsikter\/5-skal-till-varfor-ditt-foretag-bor-anvanda-achilles-for-due-diligence-av-leverantorskedjan\/\">L\u00e4s<\/a>\r\n                                            <\/div>\r\n\t\t\t\t\t\t\t\t\t\t\r\n                                        <div class=\"content_media\">\r\n                        <img decoding=\"async\" src=\"https:\/\/www.achilles.com\/app\/uploads\/2023\/09\/AdobeStock_555958628.png\" width=\"300\" alt=\"Carbon emissions\">\r\n                    <\/div>\r\n                                    <\/div>\r\n            <\/div>\r\n        <\/div>\r\n    \n\n    <div class=\"request_section\" id=\"getintouch\">\r\n        <div class=\"contact_bg\">\r\n                        <img decoding=\"async\" src=\"https:\/\/www.achilles.com\/app\/uploads\/2023\/06\/AdobeStock_597633716-scaled-1.jpeg\" alt=\"Regulation demanding greater supply chain transparency including establishing end-to-end visibility on supplier performance through collaboration and engagement, operating more rigorous supplier qualification processes and embedding ESG requirements into source-to-pay processes.\">\r\n                    <\/div>\r\n        <div class=\"container\">\r\n            <div class=\"request_inner\">\r\n                                <div class=\"request_wrapper\">\r\n                <h2 class=\"title_section\">Ta kontakt med oss<\/h2>\r\n                <\/div>\r\n                                <div class=\"request_box\">\r\n                                        <h5 class=\"contact_content_subtitle\">Kontakta oss f\u00f6r att diskutera era krav p\u00e5 ESG-leverant\u00f6rskedjan<\/h5>\r\n                    <script charset=\"utf-8\" type=\"text\/javascript\" src=\"\/\/js.hsforms.net\/forms\/embed\/v2.js\"><\/script>\r\n<script>\r\n  hbspt.forms.create({\r\n    region: \"na1\",\r\n    portalId: \"5387762\",\r\n    formId: \"e431edee-0604-4d3f-8e60-2ea45686f3cc\"\r\n  });\r\n<\/script>                <\/div>\r\n            <\/div>\r\n        <\/div>\r\n    <\/div>\r\n\r\n","protected":false},"excerpt":{"rendered":"","protected":false},"author":2,"featured_media":0,"parent":0,"menu_order":0,"comment_status":"closed","ping_status":"closed","template":"","meta":{"_acf_changed":false,"content-type":"","footnotes":""},"class_list":["post-23900","page","type-page","status-publish","hentry"],"acf":[],"_links":{"self":[{"href":"https:\/\/www.achilles.com\/sv\/wp-json\/wp\/v2\/pages\/23900","targetHints":{"allow":["GET"]}}],"collection":[{"href":"https:\/\/www.achilles.com\/sv\/wp-json\/wp\/v2\/pages"}],"about":[{"href":"https:\/\/www.achilles.com\/sv\/wp-json\/wp\/v2\/types\/page"}],"author":[{"embeddable":true,"href":"https:\/\/www.achilles.com\/sv\/wp-json\/wp\/v2\/users\/2"}],"replies":[{"embeddable":true,"href":"https:\/\/www.achilles.com\/sv\/wp-json\/wp\/v2\/comments?post=23900"}],"version-history":[{"count":0,"href":"https:\/\/www.achilles.com\/sv\/wp-json\/wp\/v2\/pages\/23900\/revisions"}],"wp:attachment":[{"href":"https:\/\/www.achilles.com\/sv\/wp-json\/wp\/v2\/media?parent=23900"}],"curies":[{"name":"wp","href":"https:\/\/api.w.org\/{rel}","templated":true}]}}