{"id":23747,"date":"2023-09-28T15:57:10","date_gmt":"2023-09-28T14:57:10","guid":{"rendered":"https:\/\/uat.achilles.com\/carbon-management-and-reduction\/"},"modified":"2024-10-10T13:21:32","modified_gmt":"2024-10-10T12:21:32","slug":"carbon-management-and-reduction","status":"publish","type":"page","link":"https:\/\/www.achilles.com\/sv\/kolhantering-och-reduktion\/","title":{"rendered":"Koldioxidreduceringsl\u00f6sning"},"content":{"rendered":"    <div class=\"top_section\">\n        <div class=\"container\">\n            <div class=\"top_info half\">\n                                    <h1 class=\"top_title\">Vidta \u00e5tg\u00e4rder f\u00f6r att minska dina koldioxidutsl\u00e4pp och ha en positiv inverkan.<\/h1>\n                                    <div class=\"top_text large_text\">\n                        <p>Achilles erbjuder ett helt\u00e4ckande program f\u00f6r CO2-management som g\u00f6r det m\u00f6jligt f\u00f6r dig att med s\u00e4kerhet g\u00f6ra koldioxidreduceringsanspr\u00e5k p\u00e5 alla marknader och gentemot alla intressenter.<\/p>\n                    <\/div>\n                                    <div class=\"top_buttons\">\n                                                    <a class=\"btn btn_big\" href=\"\/#Get-in-touch\">Boka en kostnadsfri konsultation om CO2-management<\/a>\n                                            <\/div>\n                            <\/div>\n        <\/div>\n        <div class=\"top_media\">\n\t\t\t        <\/div>\n    <\/div>\n\n\n            <div class=\"content_section\">\r\n            <div class=\"container\">\r\n                <div class=\"content_wrap right\">\r\n                    <div class=\"content_info ogo2\">\r\n                                                <p class=\"title_category\">UTMANINGEN<\/p>\r\n                                                <h2 class=\"title_page\">Reducering av v\u00e4xthusgasutsl\u00e4pp<\/h2>\r\n                                                <div class=\"typical_text\">\r\n                            <p>Med de \u00f6kande milj\u00f6fr\u00e5gorna p\u00e5 agendan beh\u00f6ver organisationer alltmer visa att de arbetar h\u00e5llbart. Achilles koldioxidreduceringsl\u00f6sning f\u00f6ljer ISO 14064-1, TCFD, SBTi och CDP. Den m\u00e4ter och minskar ditt koldioxidavtryck oberoende och uppfyller alla dina krav p\u00e5 koldioxidavsl\u00f6jande, inklusive krav f\u00f6r h\u00e5llbarhetsl\u00e4nkade l\u00e5n.<\/p>\n                        <\/div>\r\n                                                <a class=\"btn btn_big\" href=\"\/contact-us\">B\u00f6rja<\/a>\r\n                                            <\/div>\r\n\t\t\t\t\t\t\t\t\t\t\r\n                                    <\/div>\r\n            <\/div>\r\n        <\/div>\r\n    \n\n    <div class=\"content_section bg_grey\">\r\n        <div class=\"container\">\r\n                        <div class=\"description_section\">\r\n                                <p class=\"title_category\">VAD VI G\u00d6R<\/p>\r\n                                <h2 class=\"title_section\">Achilles koldioxidl\u00f6sningar<\/h2>\r\n                                <div class=\"typical_text\">\r\n                    <p class=\"p1\">Achilles hj\u00e4lper organisationer att minska sitt koldioxidavtryck och uppfylla b\u00e5de frivilliga och reglerande krav. Vi erbjuder vetenskapsbaserade verktyg, dokumentation, \u00e5tg\u00e4rder, st\u00f6d och bevis som beh\u00f6vs f\u00f6r att g\u00f6ra verkliga framsteg mot en \u00f6verg\u00e5ng till netto noll.<\/p>\n                <\/div>\r\n                            <\/div>\r\n                        <div class=\"features_wrap\">\r\n                                <div class=\"feature_item\">\r\n                                        <div class=\"feature_item_icon\">\r\n                        <img decoding=\"async\" src=\"https:\/\/www.achilles.com\/app\/uploads\/2023\/09\/air-pollution-co2.png\" alt=\"\">\r\n                    <\/div>\r\n                                        <h3 class=\"feature_item_name\">Koldioxidhantering inom leverant\u00f6rskedjan<\/h3>\r\n                                        <div class=\"typical_text\">\r\n                        <p>B\u00f6rja med att samla in data direkt fr\u00e5n dina leverant\u00f6rer och \u00f6vervaka deras prestanda \u00f6ver tid.<\/p>\n                    <\/div>\r\n                                        <a class=\"btn\" aria-label=\"Koldioxidhantering inom leverant\u00f6rskedjan - L\u00e4r dig mer\" href=\"\/myachilles\">L\u00e4r dig mer<\/a>\r\n                                    <\/div>\r\n                                <div class=\"feature_item\">\r\n                                        <div class=\"feature_item_icon\">\r\n                        <img decoding=\"async\" src=\"https:\/\/www.achilles.com\/app\/uploads\/2023\/09\/cursor-target.png\" alt=\"\">\r\n                    <\/div>\r\n                                        <h3 class=\"feature_item_name\">Koldioxidreduceringsplan<\/h3>\r\n                                        <div class=\"typical_text\">\r\n                        <p>G\u00e5 l\u00e4ngre. M\u00e4t alla utsl\u00e4pp enligt ISO 14064-1 och WRI GHG-protokollet, inklusive fordon, aff\u00e4rsresor, br\u00e4nsle och el, papper och avfall. Det finns \u00e4ven m\u00f6jlighet att inkludera alla femton underkategorier av Scope 3.<\/p>\n<p>&nbsp;<\/p>\n                    <\/div>\r\n                                        <a class=\"btn\" aria-label=\"Koldioxidreduceringsplan - F\u00e5 mer information\" href=\"#Carbonprocess\">F\u00e5 mer information<\/a>\r\n                                    <\/div>\r\n                                <div class=\"feature_item\">\r\n                                        <div class=\"feature_item_icon\">\r\n                        <img decoding=\"async\" src=\"https:\/\/www.achilles.com\/app\/uploads\/2023\/09\/certificate-authentication-document-badge-check-1.png\" alt=\"\">\r\n                    <\/div>\r\n                                        <h3 class=\"feature_item_name\">F\u00f6rs\u00e4kringsf\u00f6rklaring<\/h3>\r\n                                        <div class=\"typical_text\">\r\n                        <p>Visa tydligt din prestation mot ESG-nyckeltal och h\u00e5llbarhetsprestandam\u00e5l (SPT) f\u00f6r l\u00e5ngivare och intressenter.<\/p>\n                    <\/div>\r\n                                        <a class=\"btn\" aria-label=\"F\u00f6rs\u00e4kringsf\u00f6rklaring - Utforska vidare\" href=\"https:\/\/uat.achille\/statement-of-limited-assurance\/\">Utforska vidare<\/a>\r\n                                    <\/div>\r\n                            <\/div>\r\n                    <\/div>\r\n    <\/div>\r\n\n\n            <div class=\"hero_section\">\r\n           <div class=\"hero_media\">\r\n                            <\/div>\r\n            <div class=\"container\">\r\n                <div class=\"hero_wrapper\">\r\n                    <div class=\"hero_info\">\r\n                                                <h2 class=\"title_section\">Upp till 50% reduktion<\/h2>\r\n                                                <div class=\"typical_text middle_text\">\r\n                            <p>Genomsnittligt kan kunder som anv\u00e4nder Achilles Carbon Reduce-programmet f\u00f6rv\u00e4nta sig en koldioxidminskning p\u00e5 30 % \u00f6ver tre till fyra \u00e5r och 50 % \u00f6ver fem till sex \u00e5r.<\/p>\r\n                        <\/div>\r\n                                                <div class=\"content_buttons\">\r\n                                                        <a class=\"btn btn_big\" aria-label=\" - L\u00e4s mer\" href=\"#Carbon-case-studies\">L\u00e4s mer<\/a>\r\n                                                    <\/div>\r\n                                            <\/div>\r\n                <\/div>\r\n            <\/div>\r\n        <\/div>\r\n    \n\n    <div class=\"content_section\" id=\"Carbon-case-studies\">\r\n        <div class=\"container\">\r\n                        <div class=\"posts_panel\">\r\n                <div class=\"description_section\">\r\n                                        <p class=\"title_category\">Kundber\u00e4ttelser<\/p>\r\n                     \r\n                    <h2 class=\"title_section\">Rekommenderat f\u00f6r dig<\/h2>\r\n                                    <\/div>\r\n                            <\/div>\r\n                                    <div class=\"posts_wrap\">\r\n                                <div class=\"post_item\">\r\n                    <div class=\"post_item_top\">\r\n                                                <a class=\"post_item_img\" href=\"https:\/\/www.achilles.com\/sv\/industry-insights\/anglian-water-minskar-koldioxidavtrycket-i-sin-leveranskedja-med-carbon-reduce-formellt-cemars\/\">\r\n                            <img decoding=\"async\" src=\"https:\/\/www.achilles.com\/app\/uploads\/2016\/10\/carbon-banner-15.png\" alt=\"Anglian Water minskar koldioxidavtrycket i sin leveranskedja med Carbon Reduce (formellt CEMARS)\">\r\n                        <\/a>\r\n                                                <ul class=\"post_item_categories\">\r\n                                                        <li>Branschinsikter<\/li>\r\n                                                        <li>Fallstudier<\/li>\r\n                                                    <\/ul>\r\n                    <\/div>\r\n                    <a class=\"post_item_name\" href=\"https:\/\/www.achilles.com\/sv\/industry-insights\/anglian-water-minskar-koldioxidavtrycket-i-sin-leveranskedja-med-carbon-reduce-formellt-cemars\/\">Anglian Water minskar koldioxidavtrycket i sin leveranskedja med Carbon Reduce (formellt CEMARS)<\/a>\r\n                <\/div>\r\n                                <div class=\"post_item\">\r\n                    <div class=\"post_item_top\">\r\n                                                <a class=\"post_item_img\" href=\"https:\/\/www.achilles.com\/sv\/branschinsikter\/fallstudie-av-att-uppna-koldioxidexcellens-en-resa-genom-carbon-disclosure-project\/\">\r\n                            <img decoding=\"async\" src=\"https:\/\/www.achilles.com\/app\/uploads\/2024\/06\/cdp-carbon-banner.png\" alt=\"Fallstudie av att uppn\u00e5 koldioxidexcellens: En resa genom Carbon Disclosure Project\">\r\n                        <\/a>\r\n                                                <ul class=\"post_item_categories\">\r\n                                                        <li>Branschinsikter<\/li>\r\n                                                        <li>Fallstudier<\/li>\r\n                                                    <\/ul>\r\n                    <\/div>\r\n                    <a class=\"post_item_name\" href=\"https:\/\/www.achilles.com\/sv\/branschinsikter\/fallstudie-av-att-uppna-koldioxidexcellens-en-resa-genom-carbon-disclosure-project\/\">Fallstudie av att uppn\u00e5 koldioxidexcellens: En resa genom Carbon Disclosure Project<\/a>\r\n                <\/div>\r\n                                <div class=\"post_item\">\r\n                    <div class=\"post_item_top\">\r\n                                                <a class=\"post_item_img\" href=\"https:\/\/www.achilles.com\/sv\/branschinsikter\/john-sisk-son-achieves-carbon-zero-certification-with-achilles-carbon-reduce-scheme\/\">\r\n                            <img decoding=\"async\" src=\"https:\/\/www.achilles.com\/app\/uploads\/2023\/07\/John-Sisk-ethical-business-picture-scaled-1.jpg\" alt=\"John Sisk &amp; Son uppn\u00e5r nollutsl\u00e4ppscertifiering med Achilles Carbon Reduce Scheme\">\r\n                        <\/a>\r\n                                                <ul class=\"post_item_categories\">\r\n                                                        <li>Fallstudier<\/li>\r\n                                                    <\/ul>\r\n                    <\/div>\r\n                    <a class=\"post_item_name\" href=\"https:\/\/www.achilles.com\/sv\/branschinsikter\/john-sisk-son-achieves-carbon-zero-certification-with-achilles-carbon-reduce-scheme\/\">John Sisk &amp; Son uppn\u00e5r nollutsl\u00e4ppscertifiering med Achilles Carbon Reduce Scheme<\/a>\r\n                <\/div>\r\n                            <\/div>\r\n                    <\/div>\r\n    <\/div>\r\n\n\n    <div class=\"content_section\" id=\"Carbonprocess\">\r\n        <div class=\"container\">\r\n                        <div class=\"tools_description\">\r\n                                <p class=\"title_category\">OMFATTANDE OCH STR\u00c4NG<\/p>\r\n                                <h2 class=\"title_section\">Ett komplett program f\u00f6r koldioxidhantering<\/h2>\r\n                                <div class=\"typical_text\">\r\n                    <p class=\"p2\">Vi kommer att samarbeta med dig f\u00f6r att definiera omfattningen av ditt program baserat p\u00e5 relevanta regler och m\u00e5l f\u00f6r koldioxid. Det \u00e4r viktigt att ta h\u00e4nsyn till alla koldioxidm\u00e4tningar och hanteringsaktiviteter som du redan kan ha utf\u00f6rt, s\u00e5 att du inte betalar f\u00f6r att g\u00f6ra saker tv\u00e5 g\u00e5nger.<\/p>\n                <\/div>\r\n                            <\/div>\r\n                        <div class=\"tools_wrap tabs_section\">\r\n                <div class=\"tools_tabs tabs_buttons\">\r\n                                        <div class=\"tools_btn tab_btn current\" data-tab=\"1\">\r\n                        <span>M\u00e4ta<\/span>\r\n                        <span class=\"tools_btn_arrow icon-Chevron-Right\"><\/span>\r\n                    <\/div>\r\n                                        <div class=\"tools_btn tab_btn\" data-tab=\"2\">\r\n                        <span>Hantera<\/span>\r\n                        <span class=\"tools_btn_arrow icon-Chevron-Right\"><\/span>\r\n                    <\/div>\r\n                                        <div class=\"tools_btn tab_btn\" data-tab=\"3\">\r\n                        <span>Verifiera<\/span>\r\n                        <span class=\"tools_btn_arrow icon-Chevron-Right\"><\/span>\r\n                    <\/div>\r\n                                        <div class=\"tools_btn tab_btn\" data-tab=\"4\">\r\n                        <span>Minska<\/span>\r\n                        <span class=\"tools_btn_arrow icon-Chevron-Right\"><\/span>\r\n                    <\/div>\r\n                                        <div class=\"tools_btn tab_btn\" data-tab=\"5\">\r\n                        <span>Offentligg\u00f6ra<\/span>\r\n                        <span class=\"tools_btn_arrow icon-Chevron-Right\"><\/span>\r\n                    <\/div>\r\n                                        <div class=\"tools_btn tab_btn\" data-tab=\"6\">\r\n                        <span>\u00d6vervaka<\/span>\r\n                        <span class=\"tools_btn_arrow icon-Chevron-Right\"><\/span>\r\n                    <\/div>\r\n                                    <\/div>\r\n                <div class=\"tools_content\">\r\n                                        <div class=\"tool_container tab_container tab_container_1 active\">\r\n                        <div class=\"typical_text\">\r\n                            <p>Achilles tillhandah\u00e5ller verktyg f\u00f6r att m\u00e4ta alla utsl\u00e4pp enligt ISO 14064-1 och WRI GHG-protokollet, inklusive fordon, aff\u00e4rsresor, br\u00e4nsle och el, papper och avfall. F\u00f6retag har m\u00f6jlighet att genomf\u00f6ra hela v\u00e4rdekedjan f\u00f6r alla femton underkategorier av Scope 3.<\/p>\n<p>&nbsp;<\/p>\n                        <\/div>\r\n                                            <\/div>\r\n                                        <div class=\"tool_container tab_container tab_container_2\">\r\n                        <div class=\"typical_text\">\r\n                            <p class=\"p1\">Achilles anv\u00e4nder sin omfattande, vetenskapsbaserade v\u00e4gledning, resurser, verktyg och mallar f\u00f6r att v\u00e4gleda dig genom planering och genomf\u00f6rande av koldioxidreducering, vilket bidrar till att uppfylla m\u00e5let om 1,5 grader Celsius och uppn\u00e5 ISO 14064-1-certifiering. Vi f\u00f6rst\u00e5r att en storlek inte passar alla. Programmet, med sitt bevisade resultat, till\u00e4mpar b\u00e4sta praxis och m\u00f6jligg\u00f6r olika tillv\u00e4gag\u00e5ngss\u00e4tt f\u00f6r olika typer av f\u00f6retag, vilket s\u00e4kerst\u00e4ller att den b\u00e4sta l\u00f6sningen implementeras f\u00f6r att hantera varje f\u00f6retags koldioxidansvar och utmaningar, vilket maximerar reduktionsm\u00f6jligheterna.<\/p>\n                        <\/div>\r\n                                            <\/div>\r\n                                        <div class=\"tool_container tab_container tab_container_3\">\r\n                        <div class=\"typical_text\">\r\n                            <p class=\"p1\">Achilles kvalificerade, oberoende ISO 14066 GHG-revisorer verifierar att inventeringen f\u00f6ljer internationella standarder, ISO 14064 del 1 och del 3, med m\u00f6jlighet till full ISO 14064-1-certifiering.<\/p>\n                        <\/div>\r\n                                            <\/div>\r\n                                        <div class=\"tool_container tab_container tab_container_4\">\r\n                        <div class=\"typical_text\">\r\n                            <p class=\"p1\">F\u00f6retag kan kompensera f\u00f6r oundvikliga v\u00e4xthusgasutsl\u00e4pp f\u00f6r att bli koldioxidneutrala. Koldioxidkrediter g\u00f6r det m\u00f6jligt f\u00f6r individer, organisationer och samh\u00e4llen att balansera utsl\u00e4pp p\u00e5 v\u00e4gen mot minskning, men alla koldioxidkrediter betraktas inte som likv\u00e4rdiga. Achilles experter v\u00e4gleder dig genom varje steg av koldioxidinvestering och kompensation f\u00f6r att s\u00e4kerst\u00e4lla att milj\u00f6tv\u00e4tt undviks och att f\u00f6retagets krav p\u00e5 netto noll eller koldioxidneutralitet \u00e4r robusta och trov\u00e4rdiga.<\/p>\n                        <\/div>\r\n                                            <\/div>\r\n                                        <div class=\"tool_container tab_container tab_container_5\">\r\n                        <div class=\"typical_text\">\r\n                            <p>Achilles-processen tillhandah\u00e5ller de oberoende verifierade data som kr\u00e4vs f\u00f6r att tryggt rapportera v\u00e4xthusgasp\u00e5st\u00e5enden och uppfylla regler samt krav fr\u00e5n intressenter, inklusive SBTi, CDP och TCFD. Achilles omfattande rapport om v\u00e4xthusgasutsl\u00e4pp och hantering specificerar utsl\u00e4ppsinventering, hanterings- och reduktionsplaner samt detaljerad v\u00e4xthusgasinventering. Vi uppmuntrar \u00e4ven f\u00f6retag att visa upp sina prestationer genom v\u00e4xthusgasrevision eller ISO 14064-1-certifiering.<\/p>\n<p>&nbsp;<\/p>\n                        <\/div>\r\n                                            <\/div>\r\n                                        <div class=\"tool_container tab_container tab_container_6\">\r\n                        <div class=\"typical_text\">\r\n                            <p class=\"p1\">Achilles \u00e5rliga \u00f6vervakningscykel st\u00f6djer en kontinuerlig minskningsresa f\u00f6r att hj\u00e4lpa f\u00f6retag att anpassa sig till m\u00e5let att begr\u00e4nsa den globala uppv\u00e4rmningen till 1,5\u00b0C, det h\u00f6gsta m\u00e5let i Parisavtalet.<\/p>\n                        <\/div>\r\n                                            <\/div>\r\n                                    <\/div>\r\n            <\/div>\r\n                    <\/div>\r\n    <\/div>\r\n\n\n            <div class=\"content_section bg_grey\">\r\n            <div class=\"container\">\r\n                <div class=\"content_wrap\">\r\n                    <div class=\"content_info ogo2\">\r\n                                                <h2 class=\"title_page\">7 sk\u00e4l att v\u00e4lja Achilles<\/h2>\r\n                                                <h5 class=\"title_small\">V\u00e4rldsledande inom kolhantering och reduktion<\/h5>\r\n                                                <div class=\"typical_text\">\r\n                            <p>F\u00e5 veta mer om att arbeta med Achilles och m\u00f6ta allt str\u00e4ngare krav p\u00e5 koldioxidm\u00e4tning och reduktion, och rapportera med sj\u00e4lvf\u00f6rtroende.<\/p>\n                        <\/div>\r\n                                                <a class=\"btn btn_big\" href=\"\/industry-insights\/7-reasons-your-business-should-use-achilles-for-carbon-reduction\/\">L\u00e4s<\/a>\r\n                                            <\/div>\r\n\t\t\t\t\t\t\t\t\t\t\r\n                                        <div class=\"content_media\">\r\n                        <img decoding=\"async\" src=\"https:\/\/www.achilles.com\/app\/uploads\/2023\/09\/AdobeStock_555958628.png\" width=\"400\" alt=\"Carbon emissions\">\r\n                    <\/div>\r\n                                    <\/div>\r\n            <\/div>\r\n        <\/div>\r\n    \n\n    <div class=\"content_section\">\r\n        <div class=\"container\">\r\n                        <div class=\"posts_panel\">\r\n                <div class=\"description_section\">\r\n                                        <p class=\"title_category\">NYHETER OCH INSIKTER<\/p>\r\n                     \r\n                    <h2 class=\"title_section\">Resurser f\u00f6r koldioxidreduktion<\/h2>\r\n                                    <\/div>\r\n                            <\/div>\r\n                                    <div class=\"posts_wrap\">\r\n                                <div class=\"post_item\">\r\n                    <div class=\"post_item_top\">\r\n                                                <a class=\"post_item_img\" href=\"https:\/\/www.achilles.com\/sv\/branschinsikter\/fran-data-till-offentliggorande-hur-upphandling-kan-visa-vagen-for-icke-finansiell-rapportering\/\">\r\n                            <img decoding=\"async\" src=\"https:\/\/www.achilles.com\/app\/uploads\/2023\/07\/thought-catalog-UK78i6vK3sc-unsplash-scaled-1.jpg\" alt=\"Fr\u00e5n data till offentligg\u00f6rande: Hur upphandling kan visa v\u00e4gen f\u00f6r icke-finansiell rapportering\">\r\n                        <\/a>\r\n                                                <ul class=\"post_item_categories\">\r\n                                                        <li>Artikel<\/li>\r\n                                                    <\/ul>\r\n                    <\/div>\r\n                    <a class=\"post_item_name\" href=\"https:\/\/www.achilles.com\/sv\/branschinsikter\/fran-data-till-offentliggorande-hur-upphandling-kan-visa-vagen-for-icke-finansiell-rapportering\/\">Fr\u00e5n data till offentligg\u00f6rande: Hur upphandling kan visa v\u00e4gen f\u00f6r icke-finansiell rapportering<\/a>\r\n                <\/div>\r\n                                <div class=\"post_item\">\r\n                    <div class=\"post_item_top\">\r\n                                                <a class=\"post_item_img\" href=\"https:\/\/www.achilles.com\/sv\/sa-hjalper-achilles-koldioxidredovisning-foretag-att-na-sina-koldioxidmal\/\">\r\n                            <img decoding=\"async\" src=\"https:\/\/www.achilles.com\/app\/uploads\/2025\/06\/Meet-your-carbon-goals_v2.png\" alt=\"S\u00e5 hj\u00e4lper Achilles koldioxidredovisning f\u00f6retag att n\u00e5 sina koldioxidm\u00e5l\">\r\n                        <\/a>\r\n                                                <ul class=\"post_item_categories\">\r\n                                                        <li>Artikel<\/li>\r\n                                                        <li>Produktuppdateringar<\/li>\r\n                                                    <\/ul>\r\n                    <\/div>\r\n                    <a class=\"post_item_name\" href=\"https:\/\/www.achilles.com\/sv\/sa-hjalper-achilles-koldioxidredovisning-foretag-att-na-sina-koldioxidmal\/\">S\u00e5 hj\u00e4lper Achilles koldioxidredovisning f\u00f6retag att n\u00e5 sina koldioxidm\u00e5l<\/a>\r\n                <\/div>\r\n                                <div class=\"post_item\">\r\n                    <div class=\"post_item_top\">\r\n                                                <a class=\"post_item_img\" href=\"https:\/\/www.achilles.com\/sv\/branschinsikter\/vad-ar-issb-och-varfor-ar-det-viktigt-for-den-globala-hallbarhetsrapporteringen\/\">\r\n                            <img decoding=\"async\" src=\"https:\/\/www.achilles.com\/app\/uploads\/2025\/01\/Network-1.png\" alt=\"Vad \u00e4r ISSB? Och varf\u00f6r \u00e4r det viktigt f\u00f6r den globala h\u00e5llbarhetsrapporteringen?\">\r\n                        <\/a>\r\n                                                <ul class=\"post_item_categories\">\r\n                                                        <li>Artikel<\/li>\r\n                                                    <\/ul>\r\n                    <\/div>\r\n                    <a class=\"post_item_name\" href=\"https:\/\/www.achilles.com\/sv\/branschinsikter\/vad-ar-issb-och-varfor-ar-det-viktigt-for-den-globala-hallbarhetsrapporteringen\/\">Vad \u00e4r ISSB? Och varf\u00f6r \u00e4r det viktigt f\u00f6r den globala h\u00e5llbarhetsrapporteringen?<\/a>\r\n                <\/div>\r\n                            <\/div>\r\n                    <\/div>\r\n    <\/div>\r\n\n\n    <div class=\"request_section\">\r\n        <div class=\"contact_bg\">\r\n                    <\/div>\r\n        <div class=\"container\">\r\n            <div class=\"request_inner\">\r\n                                <div class=\"request_wrapper\">\r\n                <h2 class=\"title_section\">Kom i kontakt<\/h2>\r\n                <\/div>\r\n                                <div class=\"request_box\">\r\n                                        <h5 class=\"contact_content_subtitle\">Kontakta f\u00f6r att diskutera dina krav p\u00e5 ESG i leverant\u00f6rskedjan<\/h5>\r\n                    <script charset=\"utf-8\" type=\"text\/javascript\" src=\"\/\/js.hsforms.net\/forms\/embed\/v2.js\"><\/script>\r\n<script>\r\n  hbspt.forms.create({\r\n    region: \"na1\",\r\n    portalId: \"5387762\",\r\n    formId: \"a23cf73a-36bd-433c-a1d8-4acd8b05b928\"\r\n  });\r\n<\/script>                <\/div>\r\n            <\/div>\r\n        <\/div>\r\n    <\/div>\r\n\r\n","protected":false},"excerpt":{"rendered":"","protected":false},"author":2,"featured_media":0,"parent":0,"menu_order":0,"comment_status":"closed","ping_status":"closed","template":"","meta":{"_acf_changed":true,"content-type":"","footnotes":""},"class_list":["post-23747","page","type-page","status-publish","hentry"],"acf":[],"_links":{"self":[{"href":"https:\/\/www.achilles.com\/sv\/wp-json\/wp\/v2\/pages\/23747","targetHints":{"allow":["GET"]}}],"collection":[{"href":"https:\/\/www.achilles.com\/sv\/wp-json\/wp\/v2\/pages"}],"about":[{"href":"https:\/\/www.achilles.com\/sv\/wp-json\/wp\/v2\/types\/page"}],"author":[{"embeddable":true,"href":"https:\/\/www.achilles.com\/sv\/wp-json\/wp\/v2\/users\/2"}],"replies":[{"embeddable":true,"href":"https:\/\/www.achilles.com\/sv\/wp-json\/wp\/v2\/comments?post=23747"}],"version-history":[{"count":0,"href":"https:\/\/www.achilles.com\/sv\/wp-json\/wp\/v2\/pages\/23747\/revisions"}],"wp:attachment":[{"href":"https:\/\/www.achilles.com\/sv\/wp-json\/wp\/v2\/media?parent=23747"}],"curies":[{"name":"wp","href":"https:\/\/api.w.org\/{rel}","templated":true}]}}