{"id":23725,"date":"2023-09-28T12:53:52","date_gmt":"2023-09-28T11:53:52","guid":{"rendered":"https:\/\/uat.achilles.com\/prequalified-supplier-network-2\/"},"modified":"2024-01-03T22:34:11","modified_gmt":"2024-01-03T19:34:11","slug":"natverk-for-prekvalificerade-leverantorer","status":"publish","type":"page","link":"https:\/\/www.achilles.com\/sv\/natverk-av-forkvalificerade-leverantorer\/","title":{"rendered":"N\u00e4tverk av f\u00f6rkvalificerade leverant\u00f6rer"},"content":{"rendered":"    <div class=\"top_section\">\n        <div class=\"container\">\n            <div class=\"top_info half\">\n                                    <h1 class=\"top_title\">Minska ESG-leverant\u00f6rsrisken och f\u00f6rb\u00e4ttra flexibiliteten i leveranskedjan<\/h1>\n                                    <div class=\"top_text large_text\">\n                        <p>Achilles \u00e4r v\u00e4rldens mest rigor\u00f6st f\u00f6rhandskvalificerade globala leverant\u00f6rsn\u00e4tverk. V\u00e5r omfattande kontroll och verifiering av leverant\u00f6rer g\u00f6r oss till f\u00f6rstahandsvalet f\u00f6r organisationer som verkligen vill f\u00f6rb\u00e4ttra sina ESG-standarder, optimera sin upphandling och minska riskerna i hela leveranskedjan.<\/p>\n                    <\/div>\n                                    <div class=\"top_buttons\">\n                                                    <a class=\"btn btn_big\" href=\"\/contact-us\">Talk to us<\/a>\n                                            <\/div>\n                            <\/div>\n        <\/div>\n        <div class=\"top_media\">\n\t\t\t        <\/div>\n    <\/div>\n            <div class=\"content_section\">\r\n            <div class=\"container\">\r\n                <div class=\"content_wrap right\">\r\n                    <div class=\"content_info ogo2\">\r\n                                                <p class=\"title_category\">THE CHALLENGE<\/p>\r\n                                                <h2 class=\"title_page\">Unrivalled levels of supply chain confidence<\/h2>\r\n                                                <div class=\"typical_text\">\r\n                            <p>Our highly qualified validators and auditors perform due diligence and provide insights to ensure suppliers meet the highest standards in ESG, sustainability, human rights, and health and safety.<\/p>\n                        <\/div>\r\n                                                <a class=\"btn btn_big\" href=\"\/contact-us\">Get started<\/a>\r\n                                            <\/div>\r\n\t\t\t\t\t\t\t\t\t\t\r\n                                    <\/div>\r\n            <\/div>\r\n        <\/div>\r\n        <div class=\"content_section bg_grey\">\r\n        <div class=\"container\">\r\n                        <div class=\"description_section\">\r\n                                <p class=\"title_category\">WHAT WE DO<\/p>\r\n                                <h2 class=\"title_section\">We connect buyers with global pre-qualified suppliers<\/h2>\r\n                                <div class=\"typical_text\">\r\n                    <p>Achilles is the world-leading global supply chain risk management expert. We work with market-leading financial, industrial, commercial and governmental organisations requiring the serious, detailed analysis and expert insight necessary to deliver exceptional levels of reporting confidence.<\/p>\n                <\/div>\r\n                            <\/div>\r\n                        <div class=\"features_wrap\">\r\n                                <div class=\"feature_item\">\r\n                                        <div class=\"feature_item_icon\">\r\n                        <img decoding=\"async\" src=\"https:\/\/www.achilles.com\/app\/uploads\/2023\/09\/currency-dollar-decrease.png\" alt=\"\">\r\n                    <\/div>\r\n                                        <h3 class=\"feature_item_name\">Cost-effective procurement<\/h3>\r\n                                        <div class=\"typical_text\">\r\n                        <p>Save up to 80% on in-house supplier sourcing and verification.<\/p>\n                    <\/div>\r\n                                    <\/div>\r\n                                <div class=\"feature_item\">\r\n                                        <div class=\"feature_item_icon\">\r\n                        <img decoding=\"async\" src=\"https:\/\/www.achilles.com\/app\/uploads\/2023\/09\/shield-globe.png\" alt=\"\">\r\n                    <\/div>\r\n                                        <h3 class=\"feature_item_name\">Supply chain risk protection<\/h3>\r\n                                        <div class=\"typical_text\">\r\n                        <p>Understand your procurement risks and drive performance improvement with the Achilles powerful ESG scoring system.<\/p>\n                    <\/div>\r\n                                    <\/div>\r\n                                <div class=\"feature_item\">\r\n                                        <div class=\"feature_item_icon\">\r\n                        <img decoding=\"async\" src=\"https:\/\/www.achilles.com\/app\/uploads\/2023\/09\/organic-seedling-growth.png\" alt=\"\">\r\n                    <\/div>\r\n                                        <h3 class=\"feature_item_name\">Tangible ESG improvement<\/h3>\r\n                                        <div class=\"typical_text\">\r\n                        <p>Don\u2019t settle for greenwashing. Meet your most ambitious sustainability goals with Achilles\u2019 systematic, multi-stage supplier validation.<\/p>\n                    <\/div>\r\n                                    <\/div>\r\n                            <\/div>\r\n                    <\/div>\r\n    <\/div>\r\n            <div class=\"hero_section\">\r\n           <div class=\"hero_media\">\r\n                            <\/div>\r\n            <div class=\"container\">\r\n                <div class=\"hero_wrapper\">\r\n                    <div class=\"hero_info\">\r\n                                                <h2 class=\"title_section\">Achilles helps Agbar boost quality and reduce risk<\/h2>\r\n                                                <div class=\"typical_text middle_text\">\r\n                            <p>A specific ESG module and a sustainability questionnaire really help us to manage sustainable purchasing and identify potential suppliers. \r\n<p> Sandra Reche, Supplier Risk &#038; DS, Agbar<\/p>\r\n                        <\/div>\r\n                                                <div class=\"content_buttons\">\r\n                                                        <a class=\"btn btn_big\" aria-label=\" - Learn more\" href=\"\/industry-insights\/repro-helps-agbar-boost-quality-and-reduce-risk\">Learn more<\/a>\r\n                                                    <\/div>\r\n                                            <\/div>\r\n                <\/div>\r\n            <\/div>\r\n        <\/div>\r\n        <div class=\"content_section\">\r\n        <div class=\"container\">\r\n                        <div class=\"tools_description\">\r\n                                <p class=\"title_category\">COMPREHENSIVE AND RIGOROUS<\/p>\r\n                                <h2 class=\"title_section\">World-leading ethical and sustainable procurement services<\/h2>\r\n                                <div class=\"typical_text\">\r\n                    <p>Achilles connects the best in each industry and continually pushes for better practices, ultimately creating safer, ethical more sustainable supply chains.<\/p>\n                <\/div>\r\n                            <\/div>\r\n                        <div class=\"tools_wrap tabs_section\">\r\n                <div class=\"tools_tabs tabs_buttons\">\r\n                                        <div class=\"tools_btn tab_btn current\" data-tab=\"1\">\r\n                        <span>Breadth of solution<\/span>\r\n                        <span class=\"tools_btn_arrow icon-Chevron-Right\"><\/span>\r\n                    <\/div>\r\n                                        <div class=\"tools_btn tab_btn\" data-tab=\"2\">\r\n                        <span>Depth of solution and managed service<\/span>\r\n                        <span class=\"tools_btn_arrow icon-Chevron-Right\"><\/span>\r\n                    <\/div>\r\n                                        <div class=\"tools_btn tab_btn\" data-tab=\"3\">\r\n                        <span>Continuous supplier monitoring<\/span>\r\n                        <span class=\"tools_btn_arrow icon-Chevron-Right\"><\/span>\r\n                    <\/div>\r\n                                        <div class=\"tools_btn tab_btn\" data-tab=\"4\">\r\n                        <span>Unique global verification and audit capability<\/span>\r\n                        <span class=\"tools_btn_arrow icon-Chevron-Right\"><\/span>\r\n                    <\/div>\r\n                                        <div class=\"tools_btn tab_btn\" data-tab=\"5\">\r\n                        <span>Achilles ESG Score<\/span>\r\n                        <span class=\"tools_btn_arrow icon-Chevron-Right\"><\/span>\r\n                    <\/div>\r\n                                        <div class=\"tools_btn tab_btn\" data-tab=\"6\">\r\n                        <span>Tailored RFI process<\/span>\r\n                        <span class=\"tools_btn_arrow icon-Chevron-Right\"><\/span>\r\n                    <\/div>\r\n                                        <div class=\"tools_btn tab_btn\" data-tab=\"7\">\r\n                        <span>Supplier benefits<\/span>\r\n                        <span class=\"tools_btn_arrow icon-Chevron-Right\"><\/span>\r\n                    <\/div>\r\n                                    <\/div>\r\n                <div class=\"tools_content\">\r\n                                        <div class=\"tool_container tab_container tab_container_1 active\">\r\n                        <div class=\"typical_text\">\r\n                            <p>We cover the widest range of subject areas to assess supplier risk including all sustainability requirements The Achilles\u2019 model covers areas such as environment &amp; sustainability, quality, governance \u2013 including business continuity, bribery &amp; corruption and finance, a range of societal areas such as health, safety, employee welfare, ethics, carbon emissions\u00a0and cyber security standards.<\/p>\n                        <\/div>\r\n                                            <\/div>\r\n                                        <div class=\"tool_container tab_container tab_container_2\">\r\n                        <div class=\"typical_text\">\r\n                            <p>Achilles is a systematic, multi-stage supplier qualification, risk and performance management programme which reflects the context of your sector and your operating environment. Achilles provides easy access to a deep and comprehensive set of validated supplier data on which you can base business decisions. Very different to software-only providers, Achilles fully checks all key documents and validates answers using a wide range of tools and trusted alternative data sources to identify and mitigate risk and provide you with the in-depth supply chain certainty you require to meet all stakeholder and regulatory requirements \u2013 both today and in the future.<\/p>\n                        <\/div>\r\n                                            <\/div>\r\n                                        <div class=\"tool_container tab_container tab_container_3\">\r\n                        <div class=\"typical_text\">\r\n                            <p>With Achilles, supply chain management is not a one and done process. We pro-actively monitor all suppliers following their initial registration. This level of rigour is unique and crucial to ensuring ongoing data accuracy and the ongoing protection of your organisation from regulatory and reputational impact.<\/p>\n                        <\/div>\r\n                                            <\/div>\r\n                                        <div class=\"tool_container tab_container tab_container_4\">\r\n                        <div class=\"typical_text\">\r\n                            <p>Achilles uses a range of supplier data, tools and trusted data sources to identify and mitigate risk, building a detailed baseline of supplier\u2019s adherence to key policies and procedures, assuring that supplier management systems meet your standards and then screens heightened risk companies and individuals with further levels of due diligence. Achilles has over 150 auditors globally and in countries important to you.<\/p>\n                        <\/div>\r\n                                            <\/div>\r\n                                        <div class=\"tool_container tab_container tab_container_5\">\r\n                        <div class=\"typical_text\">\r\n                            <p><span class=\"TextRun SCXW92841643 BCX8\" lang=\"EN-GB\" xml:lang=\"EN-GB\" data-contrast=\"none\"><span class=\"NormalTextRun SCXW92841643 BCX8\">Through a series of rigorous pre-questionnaires, we\u00a0<\/span><span class=\"NormalTextRun SCXW92841643 BCX8\">collect\u00a0<\/span><span class=\"NormalTextRun SCXW92841643 BCX8\">supplier<\/span><span class=\"NormalTextRun SCXW92841643 BCX8\">\u00a0details<\/span><span class=\"NormalTextRun SCXW92841643 BCX8\">\u00a0and score them, benchmarking each supplier across\u00a0ESG,\u00a0Financial, and\u00a0Health\u00a0<\/span><span class=\"NormalTextRun SCXW92841643 BCX8\">and<\/span><span class=\"NormalTextRun SCXW92841643 BCX8\">\u00a0Safety metrics \u2013 giving you an objective view of your suppliers.<\/span><\/span><span class=\"EOP TrackedChange SCXW92841643 BCX8\" data-ccp-props=\"{&quot;201341983&quot;:0,&quot;335559739&quot;:160,&quot;335559740&quot;:240}\">\u00a0<\/span><\/p>\n<p><span class=\"TrackedChange SCXW61164626 BCX8\"><span class=\"TextRun SCXW61164626 BCX8\" lang=\"EN-GB\" xml:lang=\"EN-GB\" data-contrast=\"auto\"><span class=\"NormalTextRun SCXW61164626 BCX8\">Suppliers are also given a\u00a0<\/span><\/span><\/span><span class=\"TrackedChange SCXW61164626 BCX8\"><span class=\"TextRun SCXW61164626 BCX8\" lang=\"EN-GB\" xml:lang=\"EN-GB\" data-contrast=\"auto\"><span class=\"NormalTextRun SCXW61164626 BCX8\">star rating out of 5, ranked by other buyers.\u00a0<\/span><\/span><\/span><span class=\"TrackedChange SCXW61164626 BCX8\"><span class=\"TextRun SCXW61164626 BCX8\" lang=\"EN-GB\" xml:lang=\"EN-GB\" data-contrast=\"auto\"><span class=\"NormalTextRun SCXW61164626 BCX8\">Performance Feedback\u00a0<\/span><\/span><\/span><span class=\"TrackedChange SCXW61164626 BCX8\"><span class=\"TextRun SCXW61164626 BCX8\" lang=\"EN-GB\" xml:lang=\"EN-GB\" data-contrast=\"auto\"><span class=\"NormalTextRun SCXW61164626 BCX8\">allows suppliers to\u00a0<\/span><\/span><\/span><span class=\"TrackedChange SCXW61164626 BCX8\"><span class=\"TextRun SCXW61164626 BCX8\" lang=\"EN-GB\" xml:lang=\"EN-GB\" data-contrast=\"auto\"><span class=\"NormalTextRun SCXW61164626 BCX8\">raise<\/span><\/span><\/span><span class=\"TrackedChange SCXW61164626 BCX8\"><span class=\"TextRun SCXW61164626 BCX8\" lang=\"EN-GB\" xml:lang=\"EN-GB\" data-contrast=\"auto\"><span class=\"NormalTextRun SCXW61164626 BCX8\">\u00a0their profile and\u00a0<\/span><\/span><\/span><span class=\"TrackedChange SCXW61164626 BCX8\"><span class=\"TextRun SCXW61164626 BCX8\" lang=\"EN-GB\" xml:lang=\"EN-GB\" data-contrast=\"auto\"><span class=\"NormalTextRun SCXW61164626 BCX8\">improve<\/span><\/span><\/span><span class=\"TrackedChange SCXW61164626 BCX8\"><span class=\"TextRun SCXW61164626 BCX8\" lang=\"EN-GB\" xml:lang=\"EN-GB\" data-contrast=\"auto\"><span class=\"NormalTextRun SCXW61164626 BCX8\">\u00a0their chances of selection<\/span><\/span><\/span><span class=\"TrackedChange SCXW61164626 BCX8\"><span class=\"TextRun SCXW61164626 BCX8\" lang=\"EN-GB\" xml:lang=\"EN-GB\" data-contrast=\"auto\"><span class=\"NormalTextRun SCXW61164626 BCX8\">\u00a0in future and enables buyers to select<\/span><\/span><\/span><span class=\"TrackedChange SCXW61164626 BCX8\"><span class=\"TextRun SCXW61164626 BCX8\" lang=\"EN-GB\" xml:lang=\"EN-GB\" data-contrast=\"auto\"><span class=\"NormalTextRun SCXW61164626 BCX8\">\u00a0suppliers\u00a0<\/span><\/span><\/span><span class=\"TrackedChange SCXW61164626 BCX8\"><span class=\"TextRun SCXW61164626 BCX8\" lang=\"EN-GB\" xml:lang=\"EN-GB\" data-contrast=\"auto\"><span class=\"NormalTextRun SCXW61164626 BCX8\">who they know have worked well with other clients.<\/span><\/span><\/span><\/p>\n                        <\/div>\r\n                                            <\/div>\r\n                                        <div class=\"tool_container tab_container tab_container_6\">\r\n                        <div class=\"typical_text\">\r\n                            <p><span class=\"TextRun SCXW44037345 BCX8\" lang=\"EN-GB\" xml:lang=\"EN-GB\" data-contrast=\"none\"><span class=\"NormalTextRun SCXW44037345 BCX8\">Our\u00a0<\/span><span class=\"NormalTextRun SCXW44037345 BCX8\">RFI (request for information) module<\/span><span class=\"NormalTextRun SCXW44037345 BCX8\">\u00a0<\/span><span class=\"NormalTextRun SCXW44037345 BCX8\">allows you to a<\/span><span class=\"NormalTextRun SCXW44037345 BCX8\">ssess supplier capabilities for specific contracts.\u00a0<\/span><span class=\"NormalTextRun SCXW44037345 BCX8\">Not only will it\u00a0<\/span><span class=\"NormalTextRun SCXW44037345 BCX8\">help<\/span><span class=\"NormalTextRun SCXW44037345 BCX8\">\u00a0you create a more manageable<\/span><span class=\"NormalTextRun SCXW44037345 BCX8\">\u00a0shortlist<\/span><span class=\"NormalTextRun SCXW44037345 BCX8\">, but you\u2019ll also know you<\/span><span class=\"NormalTextRun SCXW44037345 BCX8\">\u2019re inviting the right suppliers to tender<\/span><span class=\"NormalTextRun SCXW44037345 BCX8\">.<\/span><\/span><span class=\"EOP SCXW44037345 BCX8\" data-ccp-props=\"{&quot;201341983&quot;:0,&quot;335559739&quot;:160,&quot;335559740&quot;:240}\">\u00a0<\/span><\/p>\n                        <\/div>\r\n                                                <a class=\"btn btn_white\" aria-label=\"Tailored RFI process - Learn more\" href=\"\/feature\/request-information\/\">Learn more<\/a>\r\n                                            <\/div>\r\n                                        <div class=\"tool_container tab_container tab_container_7\">\r\n                        <div class=\"typical_text\">\r\n                            <p>When you work with Achilles, not only are you improving your own supply chain management, your suppliers also gain significant value from an Achilles programme \u2013 understanding your risk and performance requirements and working to not only achieve them but exceed them, to stand-out from the crowd and win new business. Suppliers who invest and complete the pre-qualification process are visible to regional, national or international buyers and see significant commercial benefit from their participation.<\/p>\n                        <\/div>\r\n                                            <\/div>\r\n                                    <\/div>\r\n            <\/div>\r\n                    <\/div>\r\n    <\/div>\r\n    <div class=\"content_section\">\r\n        <div class=\"container\">\r\n                        <div class=\"posts_panel\">\r\n                <div class=\"description_section\">\r\n                                        <p class=\"title_category\">Client stories<\/p>\r\n                     \r\n                    <h2 class=\"title_section\">Recommended for you<\/h2>\r\n                                    <\/div>\r\n                            <\/div>\r\n                                    <div class=\"posts_wrap\">\r\n                                <div class=\"post_item\">\r\n                    <div class=\"post_item_top\">\r\n                                                <a class=\"post_item_img\" href=\"https:\/\/www.achilles.com\/sv\/branschinsikter\/bygga-ett-skalbart-hallbart-och-motstandskraftigt-natverk-for-datacenterbyggnation\/\">\r\n                            <img decoding=\"async\" src=\"https:\/\/www.achilles.com\/app\/uploads\/2026\/03\/Achilles-Google-Supply-Chain-Risk-banner.png\" alt=\"Bygga ett skalbart, h\u00e5llbart och motst\u00e5ndskraftigt n\u00e4tverk f\u00f6r datacenterbyggnation\">\r\n                        <\/a>\r\n                                                <ul class=\"post_item_categories\">\r\n                                                        <li>Branschinsikter<\/li>\r\n                                                        <li>Fallstudier<\/li>\r\n                                                    <\/ul>\r\n                    <\/div>\r\n                    <a class=\"post_item_name\" href=\"https:\/\/www.achilles.com\/sv\/branschinsikter\/bygga-ett-skalbart-hallbart-och-motstandskraftigt-natverk-for-datacenterbyggnation\/\">Bygga ett skalbart, h\u00e5llbart och motst\u00e5ndskraftigt n\u00e4tverk f\u00f6r datacenterbyggnation<\/a>\r\n                <\/div>\r\n                                <div class=\"post_item\">\r\n                    <div class=\"post_item_top\">\r\n                                                <a class=\"post_item_img\" href=\"https:\/\/www.achilles.com\/sv\/industry-insights\/varfor-revisioner-ar-viktiga-en-verklig-berattelse-fran-fisk-och-skaldjurslogistik\/\">\r\n                            <img decoding=\"async\" src=\"https:\/\/www.achilles.com\/app\/uploads\/2025\/03\/vidar-nordli-mathisen-641pLhGEEyg-unsplash.jpg\" alt=\"Varf\u00f6r revisioner \u00e4r viktiga: En verklig ber\u00e4ttelse fr\u00e5n fisk- och skaldjurslogistik\">\r\n                        <\/a>\r\n                                                <ul class=\"post_item_categories\">\r\n                                                        <li>Fallstudier<\/li>\r\n                                                    <\/ul>\r\n                    <\/div>\r\n                    <a class=\"post_item_name\" href=\"https:\/\/www.achilles.com\/sv\/industry-insights\/varfor-revisioner-ar-viktiga-en-verklig-berattelse-fran-fisk-och-skaldjurslogistik\/\">Varf\u00f6r revisioner \u00e4r viktiga: En verklig ber\u00e4ttelse fr\u00e5n fisk- och skaldjurslogistik<\/a>\r\n                <\/div>\r\n                                <div class=\"post_item\">\r\n                    <div class=\"post_item_top\">\r\n                                                <a class=\"post_item_img\" href=\"https:\/\/www.achilles.com\/sv\/branschinsikter\/intervju-med-anna-maria-dubois-och-thomas-roth-om-hallbarhetens-och-leverantorskedjans-utmaningar-hos-amarenco\/\">\r\n                            <img decoding=\"async\" src=\"https:\/\/www.achilles.com\/app\/uploads\/2024\/11\/AdobeStock_620340390-scaled.jpeg\" alt=\"Intervju om utmaningarna med h\u00e5llbarhet och leverant\u00f6rskedjehantering p\u00e5 Amarenco\">\r\n                        <\/a>\r\n                                                <ul class=\"post_item_categories\">\r\n                                                        <li>Artikel<\/li>\r\n                                                        <li>Fallstudier<\/li>\r\n                                                    <\/ul>\r\n                    <\/div>\r\n                    <a class=\"post_item_name\" href=\"https:\/\/www.achilles.com\/sv\/branschinsikter\/intervju-med-anna-maria-dubois-och-thomas-roth-om-hallbarhetens-och-leverantorskedjans-utmaningar-hos-amarenco\/\">Intervju om utmaningarna med h\u00e5llbarhet och leverant\u00f6rskedjehantering p\u00e5 Amarenco<\/a>\r\n                <\/div>\r\n                            <\/div>\r\n                    <\/div>\r\n    <\/div>\r\n            <div class=\"content_section bg_grey\">\r\n            <div class=\"container\">\r\n                <div class=\"content_wrap\">\r\n                    <div class=\"content_info ogo2\">\r\n                                                <h2 class=\"title_page\">5 Reasons to choose Achilles<\/h2>\r\n                                                <h5 class=\"title_small\">World-leading ESG supply chain management and compliance<\/h5>\r\n                                                <div class=\"typical_text\">\r\n                            <p><span lang=\"EN-GB\" xml:lang=\"EN-GB\" data-contrast=\"none\">Find out more about working with Achilles, and see your supply chain risk management burden disappear and your reporting confidence skyrocket.<\/span><\/p>\n                        <\/div>\r\n                                                <a class=\"btn btn_big\" href=\"\/industry-insights\/5-reasons-your-business-should-use-achilles-for-supply-chain-due-diligence\/\">Read<\/a>\r\n                                            <\/div>\r\n\t\t\t\t\t\t\t\t\t\t\r\n                                        <div class=\"content_media\">\r\n                        <img decoding=\"async\" src=\"https:\/\/www.achilles.com\/app\/uploads\/2023\/09\/AdobeStock_555958628.png\" width=\"400\" alt=\"Carbon emissions\">\r\n                    <\/div>\r\n                                    <\/div>\r\n            <\/div>\r\n        <\/div>\r\n        <div class=\"request_section\">\r\n        <div class=\"contact_bg\">\r\n                        <img decoding=\"async\" src=\"https:\/\/www.achilles.com\/app\/uploads\/2023\/10\/iStock-1210167514-scaled.jpg\" alt=\"\">\r\n                    <\/div>\r\n        <div class=\"container\">\r\n            <div class=\"request_inner\">\r\n                                <div class=\"request_wrapper\">\r\n                <h2 class=\"title_section\">Get in touch<\/h2>\r\n                <\/div>\r\n                                <div class=\"request_box\">\r\n                                        <h5 class=\"contact_content_subtitle\">Contact to discuss your ESG supply chain requirements<\/h5>\r\n                    <script charset=\"utf-8\" type=\"text\/javascript\" src=\"\/\/js.hsforms.net\/forms\/embed\/v2.js\"><\/script><script>hbspt.forms.create({\n    region: \"na1\",\n    portalId: \"5387762\",\n    formId: \"a23cf73a-36bd-433c-a1d8-4acd8b05b928\"\n  });\n<\/script>                <\/div>\r\n            <\/div>\r\n        <\/div>\r\n    <\/div>\r\n\r\n    <div class=\"content_section\">\r\n        <div class=\"container\">\r\n                    <\/div>\r\n    <\/div>\r\n","protected":false},"excerpt":{"rendered":"","protected":false},"author":2,"featured_media":0,"parent":0,"menu_order":0,"comment_status":"closed","ping_status":"closed","template":"","meta":{"_acf_changed":false,"content-type":"","footnotes":""},"class_list":["post-23725","page","type-page","status-publish","hentry"],"acf":[],"_links":{"self":[{"href":"https:\/\/www.achilles.com\/sv\/wp-json\/wp\/v2\/pages\/23725","targetHints":{"allow":["GET"]}}],"collection":[{"href":"https:\/\/www.achilles.com\/sv\/wp-json\/wp\/v2\/pages"}],"about":[{"href":"https:\/\/www.achilles.com\/sv\/wp-json\/wp\/v2\/types\/page"}],"author":[{"embeddable":true,"href":"https:\/\/www.achilles.com\/sv\/wp-json\/wp\/v2\/users\/2"}],"replies":[{"embeddable":true,"href":"https:\/\/www.achilles.com\/sv\/wp-json\/wp\/v2\/comments?post=23725"}],"version-history":[{"count":0,"href":"https:\/\/www.achilles.com\/sv\/wp-json\/wp\/v2\/pages\/23725\/revisions"}],"wp:attachment":[{"href":"https:\/\/www.achilles.com\/sv\/wp-json\/wp\/v2\/media?parent=23725"}],"curies":[{"name":"wp","href":"https:\/\/api.w.org\/{rel}","templated":true}]}}