{"id":23257,"date":"2023-09-28T15:42:58","date_gmt":"2023-09-28T14:42:58","guid":{"rendered":"https:\/\/uat.achilles.com\/supply-chain-due-diligence-2\/"},"modified":"2023-11-16T23:11:48","modified_gmt":"2023-11-16T20:11:48","slug":"supply-chain-due-diligence","status":"publish","type":"page","link":"https:\/\/www.achilles.com\/sv\/due-diligence-i-leveranskedjan\/","title":{"rendered":"Due diligence i leveranskedjan"},"content":{"rendered":"    <div class=\"top_section\">\n        <div class=\"container\">\n            <div class=\"top_info half\">\n                                    <h1 class=\"top_title\">Globalt skydd mot ESG-risker<\/h1>\n                                    <div class=\"top_text large_text\">\n                        <p>Skydda ditt f\u00f6retag fr\u00e5n milj\u00f6risker, sociala risker och styrningsrisker och uppfyll globala efterlevnadskrav f\u00f6r leverant\u00f6rskedjan med Achilles o\u00f6vertr\u00e4ffade tj\u00e4nster f\u00f6r riskbed\u00f6mning av leverant\u00f6rskedjan, granskning av leverant\u00f6rer p\u00e5 plats, ESG-bed\u00f6mning och rapportering.<\/p>\n                    <\/div>\n                                    <div class=\"top_buttons\">\n                                                    <a class=\"btn btn_big\" href=\"\/#Get-in-touch\">Prata med oss<\/a>\n                                            <\/div>\n                            <\/div>\n        <\/div>\n        <div class=\"top_media\">\n\t\t\t        <\/div>\n    <\/div>\n            <div class=\"content_section\">\r\n            <div class=\"container\">\r\n                <div class=\"content_wrap right\">\r\n                    <div class=\"content_info ogo2\">\r\n                                                <p class=\"title_category\">UTMANINGEN<\/p>\r\n                                                <h2 class=\"title_page\">Efterlevnad av regler f\u00f6r leveranskedjan<\/h2>\r\n                                                <div class=\"typical_text\">\r\n                            <p>P\u00e5 dagens marknad, d\u00e4r organisationer granskas oerh\u00f6rt noga, \u00e4r en stark styrning av leveranskedjan inte bara avg\u00f6rande f\u00f6r att s\u00e4kerst\u00e4lla kvalitet, v\u00e4rde och efterlevnad, den skyddar ocks\u00e5 mot straffavgifter och katastrofala skador p\u00e5 anseendet. Achilles rigor\u00f6sa ESG-system f\u00f6r bed\u00f6mning och betygs\u00e4ttning av leverant\u00f6rer ger o\u00f6vertr\u00e4ffad insyn i leverant\u00f6rskedjan, p\u00e5visbara f\u00f6rb\u00e4ttringar i hela leverant\u00f6rskedjan och tillf\u00f6rlitlig ESG-rapportering.<\/p>\n                        <\/div>\r\n                                                <a class=\"btn btn_big\" href=\"\/contact-us\">Kom ig\u00e5ng<\/a>\r\n                                            <\/div>\r\n\t\t\t\t\t\t\t\t\t\t\r\n                                    <\/div>\r\n            <\/div>\r\n        <\/div>\r\n        <div class=\"content_section bg_grey\">\r\n        <div class=\"container\">\r\n                        <div class=\"description_section\">\r\n                                <p class=\"title_category\">VAD VI G\u00d6R<\/p>\r\n                                <h2 class=\"title_section\">Achilles erbjuder b\u00e4sta m\u00f6jliga skydd mot ESG-risker och driver p\u00e5 f\u00f6rb\u00e4ttringen av leveranskedjan<\/h2>\r\n                                <div class=\"typical_text\">\r\n                    <p class=\"heading heading--3\">Achilles erbjuder b\u00e4sta m\u00f6jliga skydd mot ESG-risker och driver p\u00e5 f\u00f6rb\u00e4ttringen av leveranskedjan<\/p>\n                <\/div>\r\n                            <\/div>\r\n                        <div class=\"features_wrap\">\r\n                                <div class=\"feature_item\">\r\n                                        <div class=\"feature_item_icon\">\r\n                        <img decoding=\"async\" src=\"https:\/\/www.achilles.com\/app\/uploads\/2023\/09\/earth-warning.png\" alt=\"\">\r\n                    <\/div>\r\n                                        <h3 class=\"feature_item_name\">Identifiera era ESG-risker<\/h3>\r\n                                        <div class=\"typical_text\">\r\n                        <p>Achilles rigor\u00f6sa leverant\u00f6rsbed\u00f6mning g\u00f6r att du kan f\u00e5 en fullst\u00e4ndig bild av riskerna i din globala leverant\u00f6rskedja.<\/p>\n                    <\/div>\r\n                                    <\/div>\r\n                                <div class=\"feature_item\">\r\n                                        <div class=\"feature_item_icon\">\r\n                        <img decoding=\"async\" src=\"https:\/\/www.achilles.com\/app\/uploads\/2023\/09\/performance-increase-1-1.png\" alt=\"\">\r\n                    <\/div>\r\n                                        <h3 class=\"feature_item_name\">Driva p\u00e5 ESG-f\u00f6rb\u00e4ttringar<\/h3>\r\n                                        <div class=\"typical_text\">\r\n                        <p>Med hj\u00e4lp av skrivbordsrevisioner och revisioner p\u00e5 plats samt intervjuer med Achilles-medarbetare kan ni f\u00f6rb\u00e4ttra leveranskedjans prestanda och skydda er mot risker i leveranskedjan.<\/p>\n                    <\/div>\r\n                                    <\/div>\r\n                                <div class=\"feature_item\">\r\n                                        <div class=\"feature_item_icon\">\r\n                        <img decoding=\"async\" src=\"https:\/\/www.achilles.com\/app\/uploads\/2023\/09\/certificate-authentication-document-badge-check-1.png\" alt=\"\">\r\n                    <\/div>\r\n                                        <h3 class=\"feature_item_name\">Visa att ESG efterlevs<\/h3>\r\n                                        <div class=\"typical_text\">\r\n                        <p>N\u00f6j dig inte med greenwashing. Uppfyll era mest ambiti\u00f6sa h\u00e5llbarhetsm\u00e5l och rapportera med tillf\u00f6rsikt med Achilles systematiska riskhantering i flera steg f\u00f6r leveranskedjan.<\/p>\n                    <\/div>\r\n                                    <\/div>\r\n                            <\/div>\r\n                    <\/div>\r\n    <\/div>\r\n            <div class=\"hero_section\">\r\n           <div class=\"hero_media\">\r\n                            <\/div>\r\n            <div class=\"container\">\r\n                <div class=\"hero_wrapper\">\r\n                    <div class=\"hero_info\">\r\n                                                <h2 class=\"title_section\">Achilles hj\u00e4lper Tesco att n\u00e5 nya etiska anst\u00e4llningsstandarder<\/h2>\r\n                                                <div class=\"typical_text middle_text\">\r\n                            <p>Vi visste att Achilles var mycket noggranna och flexibla i sin revisionsmetod och att detta var n\u00e5got som vi verkligen drog nytta av i v\u00e5rt samarbete.\n<p>Courtenay Forbes, chef f\u00f6r m\u00e4nskliga r\u00e4ttigheter<\/p>\r\n                        <\/div>\r\n                                                <div class=\"content_buttons\">\r\n                                                        <a class=\"btn btn_big\" aria-label=\" - L\u00e4s mer\" href=\"\/industry-insights\/achilles-helps-tesco-reach-new-ethical-employment-standards\/\">L\u00e4s mer<\/a>\r\n                                                    <\/div>\r\n                                            <\/div>\r\n                <\/div>\r\n            <\/div>\r\n        <\/div>\r\n        <div class=\"content_section\">\r\n        <div class=\"container\">\r\n                        <div class=\"tools_description\">\r\n                                <p class=\"title_category\">OMFATTANDE OCH RIGOR\u00d6S<\/p>\r\n                                <h2 class=\"title_section\">En komplett end-to-end-l\u00f6sning f\u00f6r en h\u00e5llbar leveranskedja<\/h2>\r\n                                <div class=\"typical_text\">\r\n                    <p>Achilles tillhandah\u00e5ller ett komplett program f\u00f6r h\u00e5llbar leverant\u00f6rskedja som g\u00f6r det m\u00f6jligt f\u00f6r organisationer att rapportera och offentligg\u00f6ra ESG-status och f\u00f6rb\u00e4ttringar med f\u00f6rtroende p\u00e5 alla marknader och till alla intressentgrupper.<\/p>\n                <\/div>\r\n                            <\/div>\r\n                        <div class=\"tools_wrap tabs_section\">\r\n                <div class=\"tools_tabs tabs_buttons\">\r\n                                        <div class=\"tools_btn tab_btn current\" data-tab=\"1\">\r\n                        <span>Omfattande datainsamling och aggregering<\/span>\r\n                        <span class=\"tools_btn_arrow icon-Chevron-Right\"><\/span>\r\n                    <\/div>\r\n                                        <div class=\"tools_btn tab_btn\" data-tab=\"2\">\r\n                        <span>Verifiering och validering<\/span>\r\n                        <span class=\"tools_btn_arrow icon-Chevron-Right\"><\/span>\r\n                    <\/div>\r\n                                        <div class=\"tools_btn tab_btn\" data-tab=\"3\">\r\n                        <span>\u00d6vervakning<\/span>\r\n                        <span class=\"tools_btn_arrow icon-Chevron-Right\"><\/span>\r\n                    <\/div>\r\n                                        <div class=\"tools_btn tab_btn\" data-tab=\"4\">\r\n                        <span>F\u00f6rb\u00e4ttring<\/span>\r\n                        <span class=\"tools_btn_arrow icon-Chevron-Right\"><\/span>\r\n                    <\/div>\r\n                                        <div class=\"tools_btn tab_btn\" data-tab=\"5\">\r\n                        <span>Offentligg\u00f6rande<\/span>\r\n                        <span class=\"tools_btn_arrow icon-Chevron-Right\"><\/span>\r\n                    <\/div>\r\n                                        <div class=\"tools_btn tab_btn\" data-tab=\"6\">\r\n                        <span>F\u00f6rdelar f\u00f6r leverant\u00f6rer<\/span>\r\n                        <span class=\"tools_btn_arrow icon-Chevron-Right\"><\/span>\r\n                    <\/div>\r\n                                    <\/div>\r\n                <div class=\"tools_content\">\r\n                                        <div class=\"tool_container tab_container tab_container_1 active\">\r\n                        <div class=\"typical_text\">\r\n                            <p>Vi samlar in och analyserar data fr\u00e5n ett brett spektrum av prim\u00e4ra och sekund\u00e4ra k\u00e4llor f\u00f6r att s\u00e4kerst\u00e4lla att du inte bara ser vad som har h\u00e4nt tidigare utan, \u00e4nnu viktigare, var dina risker kan ligga i framtiden. Du kan ocks\u00e5 l\u00e4gga till dina egna betyg och se betyg fr\u00e5n andra k\u00f6pare i v\u00e5rt n\u00e4tverk f\u00f6r att f\u00e5 en mer helt\u00e4ckande f\u00f6rst\u00e5else. V\u00e5r omfattande utv\u00e4rdering \u00e4r den mest omfattande p\u00e5 marknaden och omfattar ESG, finansiella risker samt h\u00e4lso- och s\u00e4kerhetsrisker f\u00f6r att ge dig maximalt skydd och f\u00f6rtroende f\u00f6r din leveranskedja.<\/p>\n                        <\/div>\r\n                                            <\/div>\r\n                                        <div class=\"tool_container tab_container tab_container_2\">\r\n                        <div class=\"typical_text\">\r\n                            <p>Achilles utf\u00f6r en o\u00f6vertr\u00e4ffad validering av information om leverant\u00f6rskedjan och erbjuder \u00e4ven f\u00f6rstklassiga station\u00e4ra och personliga revisionstj\u00e4nster som g\u00f6r att ni kan g\u00e5 djupare in i leverant\u00f6rskedjan och s\u00e4kerst\u00e4lla att ni kan uppfylla era egna organisationsstandarder, alla relevanta ESG- och leverant\u00f6rskedjeregler samt investerarnas f\u00f6rv\u00e4ntningar.<\/p>\n                        <\/div>\r\n                                            <\/div>\r\n                                        <div class=\"tool_container tab_container tab_container_3\">\r\n                        <div class=\"typical_text\">\r\n                            <p>P\u00e5 Achilles \u00e4r vi \u00f6vertygade om att ESG varken b\u00f6r eller kan vara en &#8221;en g\u00e5ng f\u00f6r alla&#8221;-process. Vi arbetar kontinuerligt med din leverant\u00f6rskedja f\u00f6r att h\u00e5lla data uppdaterade, \u00f6vervaka deras ESG-resultat och ge dig ett l\u00f6pande skydd mot risker i leverant\u00f6rskedjan.<\/p>\n                        <\/div>\r\n                                            <\/div>\r\n                                        <div class=\"tool_container tab_container tab_container_4\">\r\n                        <div class=\"typical_text\">\r\n                            <p>V\u00e5ra processer har f\u00f6rfinats kontinuerligt under mer \u00e4n 30 \u00e5r av st\u00f6d till internationella kunder, anpassats till branschregler och standardiserade modeller f\u00f6r att m\u00f6jligg\u00f6ra en kontinuerlig f\u00f6rb\u00e4ttring av din leveranskedja.<\/p>\n                        <\/div>\r\n                                            <\/div>\r\n                                        <div class=\"tool_container tab_container tab_container_5\">\r\n                        <div class=\"typical_text\">\r\n                            <p>Achilles-plattformen g\u00f6r omfattande information om leveranskedjan och analyser tillg\u00e4ngliga med en knapptryckning f\u00f6r att uppfylla alla era rapporteringskrav. F\u00f6r kunder som vill g\u00e5 l\u00e4ngre erbjuder vi \u00e4ven skr\u00e4ddarsydda rapporteringstj\u00e4nster f\u00f6r att uppfylla specifika krav fr\u00e5n myndigheter, investerare och andra intressenter.<\/p>\n                        <\/div>\r\n                                            <\/div>\r\n                                        <div class=\"tool_container tab_container tab_container_6\">\r\n                        <div class=\"typical_text\">\r\n                            <p>N\u00e4r ni arbetar med Achilles f\u00f6rb\u00e4ttrar ni inte bara er egen hantering av leveranskedjan, utan era leverant\u00f6rer f\u00e5r ocks\u00e5 ett betydande v\u00e4rde av ett Achilles-program &#8211; ni f\u00f6rst\u00e5r era risk- och prestationskrav och arbetar f\u00f6r att inte bara uppn\u00e5 dem utan \u00e4ven \u00f6vertr\u00e4ffa dem, s\u00e5 att ni sticker ut fr\u00e5n m\u00e4ngden och vinner nya aff\u00e4rer. Leverant\u00f6rer som investerar och slutf\u00f6r prekvalificeringsprocessen \u00e4r synliga f\u00f6r regionala, nationella eller internationella ink\u00f6pare och ser betydande kommersiella f\u00f6rdelar med sitt deltagande.<\/p>\n                        <\/div>\r\n                                            <\/div>\r\n                                    <\/div>\r\n            <\/div>\r\n                    <\/div>\r\n    <\/div>\r\n    <div class=\"content_section\">\r\n        <div class=\"container\">\r\n                        <div class=\"posts_panel\">\r\n                <div class=\"description_section\">\r\n                                        <p class=\"title_category\">Ber\u00e4ttelser fr\u00e5n kunder<\/p>\r\n                     \r\n                    <h2 class=\"title_section\">Rekommenderas f\u00f6r dig<\/h2>\r\n                                    <\/div>\r\n                            <\/div>\r\n                                    <div class=\"posts_wrap\">\r\n                                <div class=\"post_item\">\r\n                    <div class=\"post_item_top\">\r\n                                                <a class=\"post_item_img\" href=\"https:\/\/www.achilles.com\/sv\/branschinsikter\/bygga-ett-skalbart-hallbart-och-motstandskraftigt-natverk-for-datacenterbyggnation\/\">\r\n                            <img decoding=\"async\" src=\"https:\/\/www.achilles.com\/app\/uploads\/2026\/03\/Achilles-Google-Supply-Chain-Risk-banner.png\" alt=\"Bygga ett skalbart, h\u00e5llbart och motst\u00e5ndskraftigt n\u00e4tverk f\u00f6r datacenterbyggnation\">\r\n                        <\/a>\r\n                                                <ul class=\"post_item_categories\">\r\n                                                        <li>Branschinsikter<\/li>\r\n                                                        <li>Fallstudier<\/li>\r\n                                                    <\/ul>\r\n                    <\/div>\r\n                    <a class=\"post_item_name\" href=\"https:\/\/www.achilles.com\/sv\/branschinsikter\/bygga-ett-skalbart-hallbart-och-motstandskraftigt-natverk-for-datacenterbyggnation\/\">Bygga ett skalbart, h\u00e5llbart och motst\u00e5ndskraftigt n\u00e4tverk f\u00f6r datacenterbyggnation<\/a>\r\n                <\/div>\r\n                                <div class=\"post_item\">\r\n                    <div class=\"post_item_top\">\r\n                                                <a class=\"post_item_img\" href=\"https:\/\/www.achilles.com\/sv\/industry-insights\/varfor-revisioner-ar-viktiga-en-verklig-berattelse-fran-fisk-och-skaldjurslogistik\/\">\r\n                            <img decoding=\"async\" src=\"https:\/\/www.achilles.com\/app\/uploads\/2025\/03\/vidar-nordli-mathisen-641pLhGEEyg-unsplash.jpg\" alt=\"Varf\u00f6r revisioner \u00e4r viktiga: En verklig ber\u00e4ttelse fr\u00e5n fisk- och skaldjurslogistik\">\r\n                        <\/a>\r\n                                                <ul class=\"post_item_categories\">\r\n                                                        <li>Fallstudier<\/li>\r\n                                                    <\/ul>\r\n                    <\/div>\r\n                    <a class=\"post_item_name\" href=\"https:\/\/www.achilles.com\/sv\/industry-insights\/varfor-revisioner-ar-viktiga-en-verklig-berattelse-fran-fisk-och-skaldjurslogistik\/\">Varf\u00f6r revisioner \u00e4r viktiga: En verklig ber\u00e4ttelse fr\u00e5n fisk- och skaldjurslogistik<\/a>\r\n                <\/div>\r\n                                <div class=\"post_item\">\r\n                    <div class=\"post_item_top\">\r\n                                                <a class=\"post_item_img\" href=\"https:\/\/www.achilles.com\/sv\/branschinsikter\/intervju-med-anna-maria-dubois-och-thomas-roth-om-hallbarhetens-och-leverantorskedjans-utmaningar-hos-amarenco\/\">\r\n                            <img decoding=\"async\" src=\"https:\/\/www.achilles.com\/app\/uploads\/2024\/11\/AdobeStock_620340390-scaled.jpeg\" alt=\"Intervju om utmaningarna med h\u00e5llbarhet och leverant\u00f6rskedjehantering p\u00e5 Amarenco\">\r\n                        <\/a>\r\n                                                <ul class=\"post_item_categories\">\r\n                                                        <li>Artikel<\/li>\r\n                                                        <li>Fallstudier<\/li>\r\n                                                    <\/ul>\r\n                    <\/div>\r\n                    <a class=\"post_item_name\" href=\"https:\/\/www.achilles.com\/sv\/branschinsikter\/intervju-med-anna-maria-dubois-och-thomas-roth-om-hallbarhetens-och-leverantorskedjans-utmaningar-hos-amarenco\/\">Intervju om utmaningarna med h\u00e5llbarhet och leverant\u00f6rskedjehantering p\u00e5 Amarenco<\/a>\r\n                <\/div>\r\n                            <\/div>\r\n                    <\/div>\r\n    <\/div>\r\n            <div class=\"content_section bg_grey\">\r\n            <div class=\"container\">\r\n                <div class=\"content_wrap\">\r\n                    <div class=\"content_info ogo2\">\r\n                                                <h2 class=\"title_page\">5 sk\u00e4l att v\u00e4lja Achilles<\/h2>\r\n                                                <h5 class=\"title_small\">V\u00e4rldsledande hantering och efterlevnad av ESG i leveranskedjan<\/h5>\r\n                                                <div class=\"typical_text\">\r\n                            <p><span lang=\"EN-GB\" data-contrast=\"none\" xml:lang=\"EN-GB\">Ta reda p\u00e5 mer om hur det \u00e4r att arbeta med Achilles och se hur riskhanteringen i leveranskedjan minskar och hur rapporteringsf\u00f6rtroendet \u00f6kar.<\/span><\/p>\n                        <\/div>\r\n                                                <a class=\"btn btn_big\" href=\"resources\/5-reasons-why-achilles-for-esg-supply-chain-risk-management\">L\u00e4s<\/a>\r\n                                            <\/div>\r\n\t\t\t\t\t\t\t\t\t\t\r\n                                        <div class=\"content_media\">\r\n                        <img decoding=\"async\" src=\"https:\/\/www.achilles.com\/app\/uploads\/2023\/09\/AdobeStock_555958628.png\" width=\"400\" alt=\"Carbon emissions\">\r\n                    <\/div>\r\n                                    <\/div>\r\n            <\/div>\r\n        <\/div>\r\n                <div class=\"content_section\">\r\n            <div class=\"container\">\r\n                <div class=\"content_wrap right\">\r\n                    <div class=\"content_info ogo2\">\r\n                                                <p class=\"title_category\">M\u00c4NNISKOR, PLANET OCH VINST<\/p>\r\n                                                <h2 class=\"title_page\">B\u00e4sta praxis f\u00f6r ESG-rapportering<\/h2>\r\n                                                <div class=\"typical_text\">\r\n                            <p>Strukturen och omfattningen av dagens leverant\u00f6rskedjor inneb\u00e4r att ESG-fr\u00e5gor och deras orsaker kan vara extremt sv\u00e5ra att identifiera, f\u00f6rst\u00e5 och eliminera. I mer \u00e4n 30 \u00e5r har Achilles arbetat f\u00f6r att v\u00e4rldens st\u00f6rsta och mest komplexa organisationer verkligen ska kunna f\u00f6rst\u00e5 fr\u00e5gor som r\u00f6r leverant\u00f6rskedjan och erbjuda o\u00f6vertr\u00e4ffat skydd mot ESG-risker.<\/p>\n                        <\/div>\r\n                                                <a class=\"btn btn_big\" href=\"\/contact-us\">Ta kontakt med oss<\/a>\r\n                                            <\/div>\r\n\t\t\t\t\t\t\t\t\t\t\r\n                                    <\/div>\r\n            <\/div>\r\n        <\/div>\r\n        <div class=\"request_section\">\r\n        <div class=\"contact_bg\">\r\n                    <\/div>\r\n        <div class=\"container\">\r\n            <div class=\"request_inner\">\r\n                                <div class=\"request_wrapper\">\r\n                <h2 class=\"title_section\">Ta kontakt med oss<\/h2>\r\n                <\/div>\r\n                                <div class=\"request_box\">\r\n                                        <h5 class=\"contact_content_subtitle\">Kontakta oss f\u00f6r att diskutera dina krav p\u00e5 ESG-leverant\u00f6rskedjan<\/h5>\r\n                    <script charset=\"utf-8\" type=\"text\/javascript\" src=\"\/\/js.hsforms.net\/forms\/embed\/v2.js\"><\/script><script>hbspt.forms.create({\n    region: \"na1\",\n    portalId: \"5387762\",\n    formId: \"a23cf73a-36bd-433c-a1d8-4acd8b05b928\"\n  });\n<\/script>                <\/div>\r\n            <\/div>\r\n        <\/div>\r\n    <\/div>\r\n\r\n    <div class=\"content_section\">\r\n        <div class=\"container\">\r\n                    <\/div>\r\n    <\/div>\r\n","protected":false},"excerpt":{"rendered":"","protected":false},"author":2,"featured_media":0,"parent":0,"menu_order":0,"comment_status":"closed","ping_status":"closed","template":"","meta":{"_acf_changed":false,"content-type":"","footnotes":""},"class_list":["post-23257","page","type-page","status-publish","hentry"],"acf":[],"_links":{"self":[{"href":"https:\/\/www.achilles.com\/sv\/wp-json\/wp\/v2\/pages\/23257","targetHints":{"allow":["GET"]}}],"collection":[{"href":"https:\/\/www.achilles.com\/sv\/wp-json\/wp\/v2\/pages"}],"about":[{"href":"https:\/\/www.achilles.com\/sv\/wp-json\/wp\/v2\/types\/page"}],"author":[{"embeddable":true,"href":"https:\/\/www.achilles.com\/sv\/wp-json\/wp\/v2\/users\/2"}],"replies":[{"embeddable":true,"href":"https:\/\/www.achilles.com\/sv\/wp-json\/wp\/v2\/comments?post=23257"}],"version-history":[{"count":0,"href":"https:\/\/www.achilles.com\/sv\/wp-json\/wp\/v2\/pages\/23257\/revisions"}],"wp:attachment":[{"href":"https:\/\/www.achilles.com\/sv\/wp-json\/wp\/v2\/media?parent=23257"}],"curies":[{"name":"wp","href":"https:\/\/api.w.org\/{rel}","templated":true}]}}