{"id":2151,"date":"2023-05-16T12:04:54","date_gmt":"2023-05-16T09:04:54","guid":{"rendered":"https:\/\/uat.achilles.com\/buyer-packages\/"},"modified":"2023-10-26T17:29:34","modified_gmt":"2023-10-26T14:29:34","slug":"buyer-packages","status":"publish","type":"page","link":"https:\/\/www.achilles.com\/sv\/buyer-packages\/","title":{"rendered":"Paket f\u00f6r k\u00f6pare"},"content":{"rendered":"    <div class=\"top_section\">\n        <div class=\"container\">\n            <div class=\"top_info half\">\n                                    <h1 class=\"top_title\">Paket f\u00f6r k\u00f6pare<\/h1>\n                                    <div class=\"top_text large_text\">\n                        <p>Vi erbjuder ett urval av paketalternativ som passar det s\u00e4tt du vill arbeta p\u00e5. Du kan ocks\u00e5 boka tid med en av v\u00e5ra experter p\u00e5 h\u00e5llbara leveranskedjor f\u00f6r att diskutera dina krav mer ing\u00e5ende och skr\u00e4ddarsy en l\u00f6sning som passar just dina behov.<\/p>\n                    <\/div>\n                                    <div class=\"top_buttons\">\n                                                    <a class=\"btn btn_big\" href=\"\/supplier-solutions\">Leverant\u00f6r? Kom ig\u00e5ng h\u00e4r.<\/a>\n                                                    <a class=\"btn btn_big\" href=\"\/buyer-call-back\/\">Prata med oss<\/a>\n                                            <\/div>\n                            <\/div>\n        <\/div>\n        <div class=\"top_media\">\n\t\t\t            <img decoding=\"async\" src=\"https:\/\/www.achilles.com\/app\/uploads\/2023\/05\/top_pricing.jpg\" alt=\"\">\n                    <\/div>\n    <\/div>\n\n\n    <div class=\"content_section bg_grey\">\r\n        <div class=\"container\">\r\n                        <div class=\"description_section\">\r\n                                <h2 class=\"title_section\">V\u00e4lj det paket som passar dig b\u00e4st<\/h2>\r\n                                <div class=\"typical_text\">\r\n                    <p>Med hj\u00e4lp av v\u00e5r globala teknikplattform och protokoll som bygger p\u00e5 v\u00e5r o\u00f6vertr\u00e4ffade ESG-kunskap och erfarenhet utf\u00f6r v\u00e5ra h\u00f6gt kvalificerade validerare och revisorer due diligence och ger djupa insikter som s\u00e4kerst\u00e4ller att organisationer tryggt kan hantera risker i leverant\u00f6rskedjan och fullt ut uppfylla ESG, h\u00e5llbarhet, m\u00e4nskliga r\u00e4ttigheter samt h\u00e4lso- och s\u00e4kerhetsskyldigheter.<\/p>\n                <\/div>\r\n                            <\/div>\r\n                    <\/div>\r\n    <\/div>\r\n\n\n    <div class=\"content_section\">\r\n        <div class=\"container\">\r\n            <div class=\"pricing_wrap\">\r\n                                <div class=\"pricing_column\">\r\n                    <div class=\"pricing_column_body\">\r\n                                                <p class=\"pricing_column_title\">Grundl\u00e4ggande<\/p>\r\n                                                <div class=\"pricing_column_inner\">\r\n                                                        <div class=\"pricing_column_description\">\r\n                                <p>F\u00e5 tillg\u00e5ng till Achilles f\u00f6rkvalificerade leverant\u00f6rer som \u00e4r specifika f\u00f6r din bransch. Denna plan \u00e4r l\u00e4mplig f\u00f6r grundl\u00e4ggande ink\u00f6p och urval av leverant\u00f6rer.<\/p>\r\n                            <\/div>\r\n                                                        <ul class=\"pricing_column_list\">\r\n                                                                <li>Tillg\u00e5ng till 1 n\u00e4tverk<\/li>\r\n                                                                <li>&#8211;<\/li>\r\n                                                                <li>Standardiserade fr\u00e5gemoduler<\/li>\r\n                                                                <li>Modul f\u00f6r h\u00e5llbarhetsfr\u00e5gor<\/li>\r\n                                                                <li>Datafl\u00f6den fr\u00e5n tredje part<\/li>\r\n                                                                <li>&#8211;<\/li>\r\n                                                                <li>Manuell kontroll av data<\/li>\r\n                                                                <li>Revisioner av ledningssystem<\/li>\r\n                                                                <li>Revisioner av etiska ink\u00f6p<\/li>\r\n                                                                <li>&#8211;<\/li>\r\n                                                                <li>Sp\u00e5rning av dokumentens utg\u00e5ngsdatum<\/li>\r\n                                                                <li>Leverant\u00f6rsbed\u00f6mning och betyg<\/li>\r\n                                                                <li>Dela feedback om varje leverant\u00f6rs prestationer<\/li>\r\n                                                                <li>&#8211;<\/li>\r\n                                                                <li>Leverant\u00f6rsanalys och datainstrumentpanel<\/li>\r\n                                                            <\/ul>\r\n                                                    <\/div>\r\n                    <\/div>\r\n                                        <a class=\"pricing_column_btn\" href=\"https:\/\/uat.achilles.com\/buyer-call-back\/\">Beg\u00e4r prisuppgift<\/a>\r\n                                    <\/div>\r\n                                <div class=\"pricing_column\">\r\n                    <div class=\"pricing_column_body\">\r\n                                                <p class=\"pricing_column_title\">Professionell<\/p>\r\n                                                <div class=\"pricing_column_inner\">\r\n                                                        <div class=\"pricing_column_description\">\r\n                                <p>Denna plan \u00e4r l\u00e4mplig f\u00f6r att f\u00f6rb\u00e4ttra leveranskedjans smidighet, effektivitet och efterlevnad. Skr\u00e4ddarsy din supply chain management efter dina behov med hj\u00e4lp av k\u00f6parspecifika fr\u00e5gor. Arbeta inom flera olika industrisektorer och geografiska omr\u00e5den.<\/p>\r\n                            <\/div>\r\n                                                        <ul class=\"pricing_column_list\">\r\n                                                                <li>Tillg\u00e5ng till 3 n\u00e4tverk<\/li>\r\n                                                                <li>&#8211;<\/li>\r\n                                                                <li>Standardiserade fr\u00e5gemoduler<\/li>\r\n                                                                <li>Modul f\u00f6r h\u00e5llbarhetsfr\u00e5gor<\/li>\r\n                                                                <li>K\u00f6parspecifika fr\u00e5gor<\/li>\r\n                                                                <li>Datafl\u00f6den fr\u00e5n tredje part<\/li>\r\n                                                                <li>&#8211;<\/li>\r\n                                                                <li>Manuell kontroll av data<\/li>\r\n                                                                <li>Revisioner av ledningssystem<\/li>\r\n                                                                <li>Revisioner av etiska ink\u00f6p<\/li>\r\n                                                                <li>&#8211;<\/li>\r\n                                                                <li>Sp\u00e5rning av dokumentens utg\u00e5ngsdatum<\/li>\r\n                                                                <li>Leverant\u00f6rsbed\u00f6mning och betyg<\/li>\r\n                                                                <li>Verktyg f\u00f6r godk\u00e4nnande av leverant\u00f6r (IQ)<\/li>\r\n                                                                <li>Dela feedback om varje leverant\u00f6rs prestationer<\/li>\r\n                                                                <li>Beg\u00e4r ytterligare anbudsinformation direkt<\/li>\r\n                                                                <li>&#8211;<\/li>\r\n                                                                <li>Leverant\u00f6rsanalys och datainstrumentpanel<\/li>\r\n                                                            <\/ul>\r\n                                                    <\/div>\r\n                    <\/div>\r\n                                        <a class=\"pricing_column_btn\" href=\"https:\/\/uat.achilles.com\/buyer-call-back\/\">Beg\u00e4r prisuppgift<\/a>\r\n                                    <\/div>\r\n                                <div class=\"pricing_column\">\r\n                    <div class=\"pricing_column_body\">\r\n                                                <p class=\"pricing_column_title\">F\u00f6retag<\/p>\r\n                                                <div class=\"pricing_column_inner\">\r\n                                                        <div class=\"pricing_column_description\">\r\n                                <p>Denna plan \u00e4r l\u00e4mplig f\u00f6r globala f\u00f6retag och f\u00f6r att f\u00f6rb\u00e4ttra transparensen och motst\u00e5ndskraften i leveranskedjan. <\/p>\r\n                            <\/div>\r\n                                                        <ul class=\"pricing_column_list\">\r\n                                                                <li>Tillg\u00e5ng till alla n\u00e4tverk<\/li>\r\n                                                                <li>&#8211;<\/li>\r\n                                                                <li>Standardiserade fr\u00e5gemoduler<\/li>\r\n                                                                <li>Modul f\u00f6r h\u00e5llbarhetsfr\u00e5gor<\/li>\r\n                                                                <li>K\u00f6parspecifika fr\u00e5gor<\/li>\r\n                                                                <li>Datafl\u00f6den fr\u00e5n tredje part<\/li>\r\n                                                                <li>&#8211;<\/li>\r\n                                                                <li>Manuell kontroll av data<\/li>\r\n                                                                <li>Revisioner av ledningssystem<\/li>\r\n                                                                <li>Revisioner av etiska ink\u00f6p<\/li>\r\n                                                                <li>&#8211;<\/li>\r\n                                                                <li>Sp\u00e5rning av dokumentens utg\u00e5ngsdatum<\/li>\r\n                                                                <li>Leverant\u00f6rsbed\u00f6mning och betyg<\/li>\r\n                                                                <li>Anpassad po\u00e4ngs\u00e4ttning<\/li>\r\n                                                                <li>Verktyg f\u00f6r godk\u00e4nnande av leverant\u00f6r (IQ)<\/li>\r\n                                                                <li>Dela feedback om varje leverant\u00f6rs prestationer<\/li>\r\n                                                                <li>Beg\u00e4r ytterligare anbudsinformation direkt<\/li>\r\n                                                                <li>&#8211;<\/li>\r\n                                                                <li>Leverant\u00f6rsanalys och datainstrumentpanel<\/li>\r\n                                                                <li>Anpassad analys<\/li>\r\n                                                            <\/ul>\r\n                                                    <\/div>\r\n                    <\/div>\r\n                                        <a class=\"pricing_column_btn\" href=\"https:\/\/uat.achilles.com\/buyer-call-back\/\">Beg\u00e4r prisuppgift<\/a>\r\n                                    <\/div>\r\n                            <\/div>\r\n        <\/div>\r\n    <\/div>\r\n\n\n    <div class=\"content_section bg_grey\">\r\n        <div class=\"container\">\r\n                                    <div class=\"cta_wrap\">\r\n                                <a href=\"\/buyer-call-back\/\" class=\"cta_box\" >\r\n                    <div class=\"cta_box_bg\">\r\n                                                <img decoding=\"async\" src=\"https:\/\/www.achilles.com\/app\/uploads\/2023\/05\/cta_8.jpg\" alt=\"\">\r\n                                            <\/div>\r\n                    <div class=\"cta_box_info\">\r\n                                                <h3 class=\"cta_box_name\">Kom ig\u00e5ng<\/h3>\r\n                                                <span class=\"btn btn_big\">Kontakta oss<\/span>\r\n                                            <\/div>\r\n                <\/a>\r\n                                <a href=\"\/find-your-network\/\" class=\"cta_box\" >\r\n                    <div class=\"cta_box_bg\">\r\n                                                <img decoding=\"async\" src=\"https:\/\/www.achilles.com\/app\/uploads\/2023\/05\/cta_9.jpg\" alt=\"\">\r\n                                            <\/div>\r\n                    <div class=\"cta_box_info\">\r\n                                                <h3 class=\"cta_box_name\">Vill du hitta r\u00e4tt n\u00e4tverk?<\/h3>\r\n                                                <span class=\"btn btn_big\">Hitta ett n\u00e4tverk<\/span>\r\n                                            <\/div>\r\n                <\/a>\r\n                            <\/div>\r\n                                <\/div>\r\n    <\/div>\r\n","protected":false},"excerpt":{"rendered":"","protected":false},"author":1,"featured_media":0,"parent":0,"menu_order":0,"comment_status":"closed","ping_status":"closed","template":"","meta":{"_acf_changed":false,"content-type":"","footnotes":""},"class_list":["post-2151","page","type-page","status-publish","hentry"],"acf":[],"_links":{"self":[{"href":"https:\/\/www.achilles.com\/sv\/wp-json\/wp\/v2\/pages\/2151","targetHints":{"allow":["GET"]}}],"collection":[{"href":"https:\/\/www.achilles.com\/sv\/wp-json\/wp\/v2\/pages"}],"about":[{"href":"https:\/\/www.achilles.com\/sv\/wp-json\/wp\/v2\/types\/page"}],"author":[{"embeddable":true,"href":"https:\/\/www.achilles.com\/sv\/wp-json\/wp\/v2\/users\/1"}],"replies":[{"embeddable":true,"href":"https:\/\/www.achilles.com\/sv\/wp-json\/wp\/v2\/comments?post=2151"}],"version-history":[{"count":0,"href":"https:\/\/www.achilles.com\/sv\/wp-json\/wp\/v2\/pages\/2151\/revisions"}],"wp:attachment":[{"href":"https:\/\/www.achilles.com\/sv\/wp-json\/wp\/v2\/media?parent=2151"}],"curies":[{"name":"wp","href":"https:\/\/api.w.org\/{rel}","templated":true}]}}