{"id":2106,"date":"2023-05-14T17:15:04","date_gmt":"2023-05-14T14:15:04","guid":{"rendered":"https:\/\/uat.achilles.com\/products\/"},"modified":"2023-11-14T18:44:05","modified_gmt":"2023-11-14T15:44:05","slug":"products","status":"publish","type":"page","link":"https:\/\/www.achilles.com\/sv\/products\/","title":{"rendered":"Products"},"content":{"rendered":"    <div class=\"top_section\">\n        <div class=\"container\">\n            <div class=\"top_info half\">\n                            <\/div>\n        <\/div>\n        <div class=\"top_media\">\n\t\t\t            <img decoding=\"async\" src=\"https:\/\/www.achilles.com\/app\/uploads\/2023\/05\/RFI-responses-blog-post.jpg\" alt=\"\">\n                    <\/div>\n    <\/div>\n\n\n    <div class=\"content_section\">\r\n        <div class=\"container\">\r\n            <div class=\"features_all\">\r\n                            <a class=\"feature_box\" href=\"https:\/\/www.achilles.com\/sv\/product\/achilles-arliga-risk-och-hallbarhetsrapport-2026\/\">\r\n                    <p class=\"feature_box_name\">Achilles \u00e5rliga risk- och h\u00e5llbarhetsrapport 2026<\/p>\r\n                    <div class=\"typical_text\">\r\n                        <p>Klicka p\u00e5 nedladdningsknappen f\u00f6r att f\u00e5 din kostnadsfria kopia av\u2026<\/p>\r\n                    <\/div>\r\n                <\/a>\r\n                            <a class=\"feature_box\" href=\"https:\/\/www.achilles.com\/sv\/products\/crsd-white-paper-0124\/\">\r\n                    <p class=\"feature_box_name\">CRSD White Paper<\/p>\r\n                    <div class=\"typical_text\">\r\n                        <p><\/p>\r\n                    <\/div>\r\n                <\/a>\r\n                            <a class=\"feature_box\" href=\"https:\/\/www.achilles.com\/sv\/products\/eu-csddd-whitepaper-1123\/\">\r\n                    <p class=\"feature_box_name\">EU CSDDD Whitepaper<\/p>\r\n                    <div class=\"typical_text\">\r\n                        <p><\/p>\r\n                    <\/div>\r\n                <\/a>\r\n                            <a class=\"feature_box\" href=\"https:\/\/www.achilles.com\/sv\/products\/achilles-statement-of-limited-assurance\/\">\r\n                    <p class=\"feature_box_name\">Achilles Statement of Limited Assurance<\/p>\r\n                    <div class=\"typical_text\">\r\n                        <p>Empowering Responsible Finance The Achilles\u2019 Statement of Limited Assurance provides\u2026<\/p>\r\n                    <\/div>\r\n                <\/a>\r\n                            <a class=\"feature_box\" href=\"https:\/\/www.achilles.com\/sv\/product\/ansvarsfulla-inkop\/\">\r\n                    <p class=\"feature_box_name\">Ansvarsfulla ink\u00f6p<\/p>\r\n                    <div class=\"typical_text\">\r\n                        <p>As more organisations adopt responsible sourcing practices, key to their success is applying those principles across the supply chain. We bring together buyers and suppliers who want to measure, assess, prove and improve their sourcing credentials.<\/p>\r\n                    <\/div>\r\n                <\/a>\r\n                            <a class=\"feature_box\" href=\"https:\/\/www.achilles.com\/sv\/product\/risk-hantering\/\">\r\n                    <p class=\"feature_box_name\">Riskhantering<\/p>\r\n                    <div class=\"typical_text\">\r\n                        <p>Without the right supplier data at your fingertips, it becomes a lot harder to react effectively and build supply chain resilience.<\/p>\r\n                    <\/div>\r\n                <\/a>\r\n                            <a class=\"feature_box\" href=\"https:\/\/www.achilles.com\/sv\/product\/halsa-sakerhet-och-kvalitet\/\">\r\n                    <p class=\"feature_box_name\">H\u00e4lsa och s\u00e4kerhet i leverant\u00f6rskedjor<\/p>\r\n                    <div class=\"typical_text\">\r\n                        <p>The safety of your working environment doesn\u2019t just affect the quality of your outputs, it is a direct reflection of your company\u2019s culture and values.<\/p>\r\n                    <\/div>\r\n                <\/a>\r\n                            <a class=\"feature_box\" href=\"https:\/\/www.achilles.com\/sv\/products\/supply-chain-governance\/\">\r\n                    <p class=\"feature_box_name\">Supply Chain Governance<\/p>\r\n                    <div class=\"typical_text\">\r\n                        <p>As the connection between thousands of suppliers and buyers, we know the headaches the auditing process can cause \u2013 from both sides. Using this experience, we\u2019ve created a process that\u2019s both standardised and specialised.<\/p>\r\n                    <\/div>\r\n                <\/a>\r\n                            <a class=\"feature_box\" href=\"https:\/\/www.achilles.com\/sv\/product\/affarsetik\/\">\r\n                    <p class=\"feature_box_name\">Etisk leverant\u00f6rshantering och kvalificering<\/p>\r\n                    <div class=\"typical_text\">\r\n                        <p>We help you ensure your suppliers are complying with international law and conducting business ethically. Helping eradicate corruption and conflict minerals. Having the reassurance that all workers on your projects are protected.<\/p>\r\n                    <\/div>\r\n                <\/a>\r\n                            <a class=\"feature_box\" href=\"https:\/\/www.achilles.com\/sv\/product\/hallbar-miljo\/\">\r\n                    <p class=\"feature_box_name\">Environmental Sustainability<\/p>\r\n                    <div class=\"typical_text\">\r\n                        <p>Environmental sustainability management is not just the right thing to do, it is an increasingly important benchmark of success. Helping to capture and validate the right kind of social and environmental data from both your own organisation and your suppliers.<\/p>\r\n                    <\/div>\r\n                <\/a>\r\n                            <a class=\"feature_box\" href=\"https:\/\/www.achilles.com\/sv\/product\/cyber-och-it\/\">\r\n                    <p class=\"feature_box_name\">Hantering av cybers\u00e4kerhet<\/p>\r\n                    <div class=\"typical_text\">\r\n                        <p>The nature of the risk is changing, and cyber attacks are becoming more common. Your business may integrate data and systems with your suppliers, what if one of those suppliers is breached?<\/p>\r\n                    <\/div>\r\n                <\/a>\r\n                            <a class=\"feature_box\" href=\"https:\/\/www.achilles.com\/sv\/product\/finansiell-risk\/\">\r\n                    <p class=\"feature_box_name\">Finansiell risk i leverant\u00f6rskedjor<\/p>\r\n                    <div class=\"typical_text\">\r\n                        <p>We give you the oversight needed to spot potential issues, come up with contingency plans and ensure you never suffer any costly disruption.<\/p>\r\n                    <\/div>\r\n                <\/a>\r\n                \r\n            <\/div>\r\n        <\/div>\r\n    <\/div>\r\n","protected":false},"excerpt":{"rendered":"","protected":false},"author":1,"featured_media":0,"parent":0,"menu_order":0,"comment_status":"closed","ping_status":"closed","template":"","meta":{"_acf_changed":false,"content-type":"","footnotes":""},"class_list":["post-2106","page","type-page","status-publish","hentry"],"acf":[],"_links":{"self":[{"href":"https:\/\/www.achilles.com\/sv\/wp-json\/wp\/v2\/pages\/2106","targetHints":{"allow":["GET"]}}],"collection":[{"href":"https:\/\/www.achilles.com\/sv\/wp-json\/wp\/v2\/pages"}],"about":[{"href":"https:\/\/www.achilles.com\/sv\/wp-json\/wp\/v2\/types\/page"}],"author":[{"embeddable":true,"href":"https:\/\/www.achilles.com\/sv\/wp-json\/wp\/v2\/users\/1"}],"replies":[{"embeddable":true,"href":"https:\/\/www.achilles.com\/sv\/wp-json\/wp\/v2\/comments?post=2106"}],"version-history":[{"count":0,"href":"https:\/\/www.achilles.com\/sv\/wp-json\/wp\/v2\/pages\/2106\/revisions"}],"wp:attachment":[{"href":"https:\/\/www.achilles.com\/sv\/wp-json\/wp\/v2\/media?parent=2106"}],"curies":[{"name":"wp","href":"https:\/\/api.w.org\/{rel}","templated":true}]}}