{"id":19534,"date":"2023-06-14T09:44:59","date_gmt":"2023-06-14T06:44:59","guid":{"rendered":"https:\/\/uat.achilles.com\/sustainability-teams\/"},"modified":"2023-08-07T22:18:14","modified_gmt":"2023-08-07T19:18:14","slug":"sustainability-teams","status":"publish","type":"page","link":"https:\/\/www.achilles.com\/sv\/vi-arbetar-med-er\/hallbarhetsteam\/","title":{"rendered":"Sustainability Teams"},"content":{"rendered":"            <div class=\"content_section\">\r\n            <div class=\"container\">\r\n                                <div class=\"description_page full top\">\r\n                                        <h1 class=\"title_page\">H\u00e5llbarhetsteam<\/h1>\r\n                                        <div class=\"typical_text large_text\">\r\n                        <p>Rekommendationer f\u00f6r er som arbetar med h\u00e5llbarhet, efterlevnad och insyn i leverant\u00f6rskedjan.<\/p>\r\n                    <\/div>\r\n                                    <\/div>\r\n                                <div class=\"content_wrap\">\r\n                    <div class=\"content_info ogo\">\r\n                                                <div class=\"typical_text\">\r\n                            <p>V\u00e5r l\u00f6sning f\u00f6r resultatstyrning hj\u00e4lper team att systematiskt granska och \u00f6vervaka leverant\u00f6rers resultat n\u00e4r det g\u00e4ller h\u00e5llbar milj\u00f6. Verktyget kan delas med kollegor f\u00f6r en gemensam gransknings- och f\u00f6rb\u00e4ttringsprocess. Med v\u00e5r<a href=\"https:\/\/www.achilles.com\/feature\/carbon-reduce\/\">\u00a0granskning av koldioxidminskningar\u00a0<\/a>kan ni m\u00e4ta ert koldioxidavtryck och utveckla effektiva strategier f\u00f6r att minska utsl\u00e4ppen. Onlineplattformen registrerar och ber\u00e4knar koldioxidutsl\u00e4pp medan v\u00e5rt expertteam utf\u00f6r granskningar p\u00e5 plats. De anv\u00e4nder flera verktyg som visar vilka framsteg ni g\u00f6r varje \u00e5r.<\/p>\n                        <\/div>\r\n                                            <\/div>\r\n                                        <div class=\"content_media\">\r\n                        <img decoding=\"async\" src=\"https:\/\/www.achilles.com\/app\/uploads\/2023\/06\/Achilles-icons_Sustainability-Team-1.png\" width=\"280\" alt=\"\">\r\n                    <\/div>\r\n                                    <\/div>\r\n                            <\/div>\r\n        <\/div>\r\n    \n\n    <div class=\"content_section bg_grey\">\r\n        <div class=\"container\">\r\n                        <div class=\"description_section\">\r\n                                <p class=\"title_category\">FRAMG\u00c5NG F\u00d6R ERT TEAM<\/p>\r\n                                <h2 class=\"title_section\">Vi rekommenderar<\/h2>\r\n                            <\/div>\r\n                    <\/div>\r\n    <\/div>\r\n","protected":false},"excerpt":{"rendered":"","protected":false},"author":1,"featured_media":0,"parent":0,"menu_order":0,"comment_status":"closed","ping_status":"closed","template":"","meta":{"_acf_changed":false,"content-type":"","footnotes":""},"class_list":["post-19534","page","type-page","status-publish","hentry"],"acf":[],"_links":{"self":[{"href":"https:\/\/www.achilles.com\/sv\/wp-json\/wp\/v2\/pages\/19534","targetHints":{"allow":["GET"]}}],"collection":[{"href":"https:\/\/www.achilles.com\/sv\/wp-json\/wp\/v2\/pages"}],"about":[{"href":"https:\/\/www.achilles.com\/sv\/wp-json\/wp\/v2\/types\/page"}],"author":[{"embeddable":true,"href":"https:\/\/www.achilles.com\/sv\/wp-json\/wp\/v2\/users\/1"}],"replies":[{"embeddable":true,"href":"https:\/\/www.achilles.com\/sv\/wp-json\/wp\/v2\/comments?post=19534"}],"version-history":[{"count":0,"href":"https:\/\/www.achilles.com\/sv\/wp-json\/wp\/v2\/pages\/19534\/revisions"}],"wp:attachment":[{"href":"https:\/\/www.achilles.com\/sv\/wp-json\/wp\/v2\/media?parent=19534"}],"curies":[{"name":"wp","href":"https:\/\/api.w.org\/{rel}","templated":true}]}}