{"id":19515,"date":"2023-06-14T09:23:14","date_gmt":"2023-06-14T06:23:14","guid":{"rendered":"https:\/\/uat.achilles.com\/working-with-you\/"},"modified":"2023-08-07T18:38:38","modified_gmt":"2023-08-07T15:38:38","slug":"working-with-you","status":"publish","type":"page","link":"https:\/\/www.achilles.com\/sv\/vi-arbetar-med-er\/","title":{"rendered":"Working with you"},"content":{"rendered":"            <div class=\"content_section\">\r\n            <div class=\"container\">\r\n                                <div class=\"description_page full top\">\r\n                                        <h1 class=\"title_page\">Vi arbetar med er<\/h1>\r\n                                        <div class=\"typical_text large_text\">\r\n                        <p>Inte nog med att vi f\u00f6rb\u00e4ttrar verksamhetsresultat och \u00f6kar prestationen i leverant\u00f6rskedjan, vi hj\u00e4lper dessutom ink\u00f6pare med aspekter som gynnar samh\u00e4llet genom att hantera viktiga fr\u00e5gor som s\u00e4kerhet, modernt slaveri, korruption, h\u00e5llbar milj\u00f6 \u2013 inklusive koldioxidminskning \u2013 och att ge st\u00f6d till sm\u00e5 och medelstora f\u00f6retag.<\/p>\r\n                    <\/div>\r\n                                    <\/div>\r\n                                <div class=\"content_wrap\">\r\n                    <div class=\"content_info ogo\">\r\n                                                <div class=\"typical_text\">\r\n                            <p>Olika roller inom upphandling och riskhantering leder till olika s\u00e4tt att hantera leverant\u00f6rers resultat och\u00a0<a href=\"https:\/\/www.achilles.com\/product\/risk-management\/\" target=\"_blank\" rel=\"noopener noreferrer\">risk.<\/a><\/p>\n<p>V\u00e5ra globala produkt- och tj\u00e4nstemoduler kan kombineras och konfigureras\u00a0 s\u00e5 att de \u00e5terspeglar behoven f\u00f6r att hantera risk inom specifika organisationer, sektorer eller utifr\u00e5n yrkesm\u00e4ssiga perspektiv.<\/p>\n<p>Vi erbjuder en komplett tj\u00e4nst med registrering av leverant\u00f6rer, hantering av information och regelefterlevnad samt kvalificering. Detta minskar \u2013 eller till och med eliminerar \u2013 behovet av kostsam intern hantering av leverant\u00f6rskedjan och frig\u00f6r team s\u00e5 att de kan \u00e4gna sig \u00e5t andra uppgifter som uppfyller avdelningens m\u00e5l.<\/p>\n                        <\/div>\r\n                                            <\/div>\r\n                                        <div class=\"content_media\">\r\n                        <img decoding=\"async\" src=\"https:\/\/www.achilles.com\/app\/uploads\/2023\/06\/Achilles-icons_Risk-Management-team-1-1.png\" width=\"280\" alt=\"\">\r\n                    <\/div>\r\n                                    <\/div>\r\n                            <\/div>\r\n        <\/div>\r\n    \n\n    <div class=\"content_section bg_grey\">\r\n        <div class=\"container\">\r\n                        <div class=\"description_section\">\r\n                                <p class=\"title_category\">V\u00c4LJ TEAM<\/p>\r\n                                <h2 class=\"title_section\">Se hur vi hj\u00e4lper specifika team att prestera<\/h2>\r\n                            <\/div>\r\n                        <div class=\"features_wrap\">\r\n                                <div class=\"feature_item\">\r\n                                        <div class=\"feature_item_icon\">\r\n                        <img decoding=\"async\" src=\"https:\/\/www.achilles.com\/app\/uploads\/2023\/06\/Achilles-icons_Health-Safety-Team.png\" alt=\"\">\r\n                    <\/div>\r\n                                        <h3 class=\"feature_item_name\">H\u00e4lso- och s\u00e4kerhetsteam<\/h3>\r\n                                        <a class=\"btn\" aria-label=\"H\u00e4lso- och s\u00e4kerhetsteam - Mer information\" href=\"\/working-with-you\/health-and-safety-team\/\">Mer information<\/a>\r\n                                    <\/div>\r\n                                <div class=\"feature_item\">\r\n                                        <div class=\"feature_item_icon\">\r\n                        <img decoding=\"async\" src=\"https:\/\/www.achilles.com\/app\/uploads\/2023\/06\/Achilles-icons_Contract-Management-Team.png\" alt=\"\">\r\n                    <\/div>\r\n                                        <h3 class=\"feature_item_name\">Kontraktshanteringsteam<\/h3>\r\n                                        <a class=\"btn\" aria-label=\"Kontraktshanteringsteam - Mer information\" href=\"\/working-with-you\/contract-management-team\/\">Mer information<\/a>\r\n                                    <\/div>\r\n                                <div class=\"feature_item\">\r\n                                        <div class=\"feature_item_icon\">\r\n                        <img decoding=\"async\" src=\"https:\/\/www.achilles.com\/app\/uploads\/2023\/06\/Achilles-icons_Sustainability-Team.png\" alt=\"\">\r\n                    <\/div>\r\n                                        <h3 class=\"feature_item_name\">CSR\/h\u00e5llbarhetsteam<\/h3>\r\n                                        <a class=\"btn\" aria-label=\"CSR\/h\u00e5llbarhetsteam - Mer information\" href=\"\/working-with-you\/sustainability-team\/\">Mer information<\/a>\r\n                                    <\/div>\r\n                                <div class=\"feature_item\">\r\n                                        <div class=\"feature_item_icon\">\r\n                        <img decoding=\"async\" src=\"https:\/\/www.achilles.com\/app\/uploads\/2023\/06\/Achilles-icons_Risk-Management-team-1.png\" alt=\"\">\r\n                    <\/div>\r\n                                        <h3 class=\"feature_item_name\">Riskhanteringsteam<\/h3>\r\n                                        <a class=\"btn\" aria-label=\"Riskhanteringsteam - Mer information\" href=\"\/working-with-you\/risk-management-team\">Mer information<\/a>\r\n                                    <\/div>\r\n                                <div class=\"feature_item\">\r\n                                        <div class=\"feature_item_icon\">\r\n                        <img decoding=\"async\" src=\"https:\/\/www.achilles.com\/app\/uploads\/2023\/06\/Achilles-icons_Compliance-Team.png\" alt=\"\">\r\n                    <\/div>\r\n                                        <h3 class=\"feature_item_name\">Compliance-team<\/h3>\r\n                                        <a class=\"btn\" aria-label=\"Compliance-team - Mer information\" href=\"\/working-with-you\/as-a-member-of-the-compliance-team\">Mer information<\/a>\r\n                                    <\/div>\r\n                                <div class=\"feature_item\">\r\n                                        <div class=\"feature_item_icon\">\r\n                        <img decoding=\"async\" src=\"https:\/\/www.achilles.com\/app\/uploads\/2023\/06\/Achilles-icons_Procurement-Team.png\" alt=\"\">\r\n                    <\/div>\r\n                                        <h3 class=\"feature_item_name\">Upphandlingsteam<\/h3>\r\n                                        <a class=\"btn\" aria-label=\"Upphandlingsteam - Mer information\" href=\"\/working-with-you\/procurement-teams\">Mer information<\/a>\r\n                                    <\/div>\r\n                            <\/div>\r\n                    <\/div>\r\n    <\/div>\r\n","protected":false},"excerpt":{"rendered":"","protected":false},"author":1,"featured_media":0,"parent":0,"menu_order":0,"comment_status":"closed","ping_status":"closed","template":"","meta":{"_acf_changed":false,"content-type":"","footnotes":""},"class_list":["post-19515","page","type-page","status-publish","hentry"],"acf":[],"_links":{"self":[{"href":"https:\/\/www.achilles.com\/sv\/wp-json\/wp\/v2\/pages\/19515","targetHints":{"allow":["GET"]}}],"collection":[{"href":"https:\/\/www.achilles.com\/sv\/wp-json\/wp\/v2\/pages"}],"about":[{"href":"https:\/\/www.achilles.com\/sv\/wp-json\/wp\/v2\/types\/page"}],"author":[{"embeddable":true,"href":"https:\/\/www.achilles.com\/sv\/wp-json\/wp\/v2\/users\/1"}],"replies":[{"embeddable":true,"href":"https:\/\/www.achilles.com\/sv\/wp-json\/wp\/v2\/comments?post=19515"}],"version-history":[{"count":0,"href":"https:\/\/www.achilles.com\/sv\/wp-json\/wp\/v2\/pages\/19515\/revisions"}],"wp:attachment":[{"href":"https:\/\/www.achilles.com\/sv\/wp-json\/wp\/v2\/media?parent=19515"}],"curies":[{"name":"wp","href":"https:\/\/api.w.org\/{rel}","templated":true}]}}