{"id":19013,"date":"2023-06-14T11:06:04","date_gmt":"2023-06-14T10:06:04","guid":{"rendered":"https:\/\/uat.achilles.com\/csr\/"},"modified":"2024-10-15T17:42:05","modified_gmt":"2024-10-15T16:42:05","slug":"csr","status":"publish","type":"page","link":"https:\/\/www.achilles.com\/sv\/csr\/","title":{"rendered":"F\u00f6retagens sociala ansvar"},"content":{"rendered":"    <div class=\"top_section\">\n        <div class=\"container\">\n            <div class=\"top_info\">\n                                    <h1 class=\"top_title\">F\u00f6retagens sociala ansvar<\/h1>\n                            <\/div>\n        <\/div>\n        <div class=\"top_media\">\n\t\t\t            <img decoding=\"async\" src=\"https:\/\/www.achilles.com\/app\/uploads\/2023\/10\/iStock-152173072.jpg\" alt=\"Children working in a quarry\">\n                    <\/div>\n    <\/div>\n    <div class=\"content_section\">\r\n        <div class=\"container\">\r\n            <div class=\"article_text\">\r\n                                <div class=\"typical_text\">\r\n                    <p class=\"heading heading--1\"><span style=\"font-size: 16px;\">CSR \u00e4r viktigt f\u00f6r v\u00e5ra kunder, och d\u00e4rf\u00f6r vill vi se till att vi leder v\u00e4gen n\u00e4r det g\u00e4ller v\u00e5rt eget f\u00f6retagsansvar och sociala ansvar. D\u00e4r vi kan samarbetar vi med externa parter f\u00f6r att s\u00e4kerst\u00e4lla att v\u00e5rt CSR-arbete \u00e4r s\u00e5 bra som m\u00f6jligt och att det skulle klara en av v\u00e5ra egna revisioner. <\/span><\/p>\n<div class=\"wysiwyg-content\">\n<h4>Kol<\/h4>\n<p data-pm-slice=\"1 1 []\">Vi vill visa v\u00e5rt ledarskap n\u00e4r det g\u00e4ller att m\u00e4ta, hantera och rapportera om v\u00e5rt operativa koldioxidavtryck, och vi vet genom v\u00e5r \u00e5rliga CarbonReduce-certifiering (formellt k\u00e4nd som CEMARS) att vi har uppn\u00e5tt en 57-procentig minskning av koldioxidutsl\u00e4ppen sedan 2012.<\/p>\n<p><u><a class=\"ProsemirrorEditor-link\" href=\"\/wp-content\/uploads\/2023\/06\/Certificate_2020015J_Achilles_Toitu_carbonreduce_Org.pdf\">CarbonReduce-certifikat<\/a><\/u><\/p>\n<p><u><a class=\"ProsemirrorEditor-link\" href=\"\/wp-content\/uploads\/2023\/06\/TOI0009-Certificates_23_Winner_Achilles-Information.pdf\">Certifikat f\u00f6r utm\u00e4rkelse f\u00f6r klimat\u00e5tg\u00e4rder<\/a><\/u><\/p>\n<h4>Modernt slaveri<\/h4>\n<p>Modernt slaveri \u00e4r verkligen en av v\u00e5r tids viktigaste m\u00e4nniskor\u00e4ttsfr\u00e5gor, och vi brinner f\u00f6r det arbete vi g\u00f6r tillsammans med v\u00e5ra kunder f\u00f6r att f\u00f6renkla de komplexa arbetsmarknader som de verkar p\u00e5. Vi tar v\u00e5r egen roll i att eliminera modernt slaveri p\u00e5 lika stort allvar. <\/p>\n<p><a href=\"\/wp\/wp-content\/uploads\/2024\/10\/Modern-Slavery-Statement-2024.pdf\">Uttalande om modernt slaveri<\/a><\/p>\n<h4>Politiska riktlinjer<\/h4>\n<p>Vi v\u00e4rdes\u00e4tter och f\u00f6rst\u00e5r vikten av att ha policyer f\u00f6r h\u00e4lsa, s\u00e4kerhet, milj\u00f6, kvalitet och informationss\u00e4kerhet. Om du vill ta del av dessa eller v\u00e5ra ledningssystemcertifikat kan du <a href=\"https:\/\/www.achilles.com\/sv\/kontakta-oss\/\">kontakta oss h\u00e4r.<\/a><\/p>\n<p>&nbsp;<\/p>\n<\/div>\n<p><img loading=\"lazy\" decoding=\"async\" class=\"alignleft wp-image-44829 size-full\" src=\"https:\/\/uat.achilles.com\/wp\/wp-content\/uploads\/2024\/06\/mark-of-trust-multi-scheme-9001-27001-logo-En-GB-0320-e1719440534144.png\" alt=\"\" width=\"200\" height=\"66\"><\/p>\n<p>&nbsp;<\/p>\n<p>&nbsp;<\/p>\n<p>&nbsp;<\/p>\n<p>&nbsp;<\/p>\n<p>&nbsp;<\/p>\n                <\/div>\r\n                            <\/div>\r\n        <\/div>\r\n    <\/div>\r\n","protected":false},"excerpt":{"rendered":"","protected":false},"author":7,"featured_media":22795,"parent":0,"menu_order":0,"comment_status":"closed","ping_status":"closed","template":"","meta":{"_acf_changed":false,"content-type":"","footnotes":""},"class_list":["post-19013","page","type-page","status-publish","has-post-thumbnail","hentry"],"acf":[],"_links":{"self":[{"href":"https:\/\/www.achilles.com\/sv\/wp-json\/wp\/v2\/pages\/19013","targetHints":{"allow":["GET"]}}],"collection":[{"href":"https:\/\/www.achilles.com\/sv\/wp-json\/wp\/v2\/pages"}],"about":[{"href":"https:\/\/www.achilles.com\/sv\/wp-json\/wp\/v2\/types\/page"}],"author":[{"embeddable":true,"href":"https:\/\/www.achilles.com\/sv\/wp-json\/wp\/v2\/users\/7"}],"replies":[{"embeddable":true,"href":"https:\/\/www.achilles.com\/sv\/wp-json\/wp\/v2\/comments?post=19013"}],"version-history":[{"count":0,"href":"https:\/\/www.achilles.com\/sv\/wp-json\/wp\/v2\/pages\/19013\/revisions"}],"wp:featuredmedia":[{"embeddable":true,"href":"https:\/\/www.achilles.com\/sv\/wp-json\/wp\/v2\/media\/22795"}],"wp:attachment":[{"href":"https:\/\/www.achilles.com\/sv\/wp-json\/wp\/v2\/media?parent=19013"}],"curies":[{"name":"wp","href":"https:\/\/api.w.org\/{rel}","templated":true}]}}