{"id":19001,"date":"2023-06-14T09:45:09","date_gmt":"2023-06-14T06:45:09","guid":{"rendered":"https:\/\/uat.achilles.com\/contract-management-teams\/"},"modified":"2023-08-03T22:40:03","modified_gmt":"2023-08-03T19:40:03","slug":"contract-management-teams","status":"publish","type":"page","link":"https:\/\/www.achilles.com\/sv\/vi-arbetar-med-er\/kontrakt-hantering-team\/","title":{"rendered":"Kontraktshanteringsteam"},"content":{"rendered":"            <div class=\"content_section\">\r\n            <div class=\"container\">\r\n                                <div class=\"description_page full top\">\r\n                                        <h1 class=\"title_page\">Kontraktshanteringsteam<\/h1>\r\n                                        <div class=\"typical_text large_text\">\r\n                        <p>Vi f\u00f6rst\u00e5r era aff\u00e4rsbehov. V\u00e5ra l\u00f6sningar skapar trygghet.<\/p>\r\n                    <\/div>\r\n                                    <\/div>\r\n                                <div class=\"content_wrap\">\r\n                    <div class=\"content_info ogo\">\r\n                                                <div class=\"typical_text\">\r\n                            <p>Vi erbjuder en l\u00f6sning f\u00f6r\u00a0<a href=\"https:\/\/www.achilles.com\/features\/performance-feedback\/\">resultatstyrning av leverant\u00f6rer<\/a>\u00a0som hj\u00e4lper era team att systematiskt granska och \u00f6vervaka\u00a0<a href=\"https:\/\/www.achilles.com\/features\/performance-feedback\/\">leverant\u00f6rernas resultat<\/a>\u00a0i enlighet med kontrakten. Verktyget kan delas med kollegor f\u00f6r en gemensam gransknings- och f\u00f6rb\u00e4ttringsprocess.<\/p>\n<p><a href=\"https:\/\/www.achilles.com\/feature\/prequalification-questionnaires\/\">Kvalificeringsformul\u00e4ren<\/a>\u00a0inneh\u00e5ller \u00e4ven sp\u00e5rnings- och aviseringsfunktioner s\u00e5 att ni kan f\u00f6lja era leverant\u00f6rer och f\u00e5 uppdateringar vid status\u00e4ndringar eller n\u00e4r nya uppgifter kommer in som exempelvis finansiell status, granskningspo\u00e4ng, f\u00f6rs\u00e4kringar eller svar p\u00e5 fr\u00e5geformul\u00e4r.<\/p>\n                        <\/div>\r\n                                            <\/div>\r\n                                        <div class=\"content_media\">\r\n                        <img decoding=\"async\" src=\"https:\/\/www.achilles.com\/app\/uploads\/2023\/06\/Achilles-icons_Contract-Management-Team.png\" width=\"280\" alt=\"\">\r\n                    <\/div>\r\n                                    <\/div>\r\n                            <\/div>\r\n        <\/div>\r\n    \n\n    <div class=\"content_section bg_grey\">\r\n        <div class=\"container\">\r\n                        <div class=\"description_section\">\r\n                                <p class=\"title_category\">FRAMG\u00c5NG F\u00d6R ERT TEAM<\/p>\r\n                                <h2 class=\"title_section\">Vi rekommenderar<\/h2>\r\n                            <\/div>\r\n                        <div class=\"features_wrap\">\r\n                                <div class=\"feature_item\">\r\n                                        <div class=\"feature_item_icon\">\r\n                        <img decoding=\"async\" src=\"https:\/\/www.achilles.com\/app\/uploads\/2023\/06\/Achilles-icons_Financial-risk-and-business-continuity.png\" alt=\"\">\r\n                    <\/div>\r\n                                        <h3 class=\"feature_item_name\">Finansiell risk<\/h3>\r\n                                        <div class=\"typical_text\">\r\n                        <p>Verksamhetens framg\u00e5ng vilar p\u00e5 leverant\u00f6rernas l\u00f6nsamhet och ekonomiska stabilitet.<\/p>\n                    <\/div>\r\n                                        <a class=\"btn\" aria-label=\"Finansiell risk - Mer information\" href=\"https:\/\/uat.achilles.com\/products\/financial-risk\/\">Mer information<\/a>\r\n                                    <\/div>\r\n                                <div class=\"feature_item\">\r\n                                        <div class=\"feature_item_icon\">\r\n                        <img decoding=\"async\" src=\"https:\/\/www.achilles.com\/app\/uploads\/2023\/06\/Achilles-icons_Workflow-tools.png\" alt=\"\">\r\n                    <\/div>\r\n                                        <h3 class=\"feature_item_name\">Verktyg f\u00f6r arbetsfl\u00f6den<\/h3>\r\n                                        <div class=\"typical_text\">\r\n                        <p>Det \u00e4r sv\u00e5rt nog att hantera leverant\u00f6rskedjan utan att beh\u00f6va arbeta med flera olika system som \u00e4r sv\u00e5ra att f\u00f6rst\u00e5.<\/p>\n                    <\/div>\r\n                                        <a class=\"btn\" aria-label=\"Verktyg f\u00f6r arbetsfl\u00f6den - Mer information\" href=\"##\">Mer information<\/a>\r\n                                    <\/div>\r\n                                <div class=\"feature_item\">\r\n                                        <div class=\"feature_item_icon\">\r\n                        <img decoding=\"async\" src=\"https:\/\/www.achilles.com\/app\/uploads\/2023\/06\/Achilles-icons_Risk-management-.png\" alt=\"\">\r\n                    <\/div>\r\n                                        <h3 class=\"feature_item_name\">Riskhantering<\/h3>\r\n                                        <div class=\"typical_text\">\r\n                        <p>Det finns alltid risker i leverant\u00f6rskedjan. De som arbetar aktivt f\u00f6r att hantera dessa risker f\u00e5r konkurrensf\u00f6rdelar.<\/p>\n                    <\/div>\r\n                                        <a class=\"btn\" aria-label=\"Riskhantering - Mer information\" href=\"https:\/\/uat.achilles.com\/products\/risk-management\">Mer information<\/a>\r\n                                    <\/div>\r\n                            <\/div>\r\n                    <\/div>\r\n    <\/div>\r\n\n\n    <div class=\"content_section bg_grey\">\r\n        <div class=\"container\">\r\n                        <div class=\"description_section\">\r\n                                <h2 class=\"title_section\">Intresseomr\u00e5den<\/h2>\r\n                            <\/div>\r\n                        <div class=\"features_wrap\">\r\n                                <div class=\"feature_item\">\r\n                                        <div class=\"feature_item_icon\">\r\n                        <img decoding=\"async\" src=\"https:\/\/www.achilles.com\/app\/uploads\/2023\/06\/Achilles-icons_Themis.png\" alt=\"\">\r\n                    <\/div>\r\n                                        <h3 class=\"feature_item_name\">Utbildning \u2013 EU Academy<\/h3>\r\n                                        <div class=\"typical_text\">\r\n                        <p>Utbildning f\u00f6r att \u00f6ka kunskapen om principerna och m\u00e5len i EU:s lagstiftning om offentlig upphandling och hur den till\u00e4mpas i praktiken.<\/p>\n                    <\/div>\r\n                                        <a class=\"btn\" aria-label=\"Utbildning \u2013 EU Academy - Mer information\" href=\"https:\/\/uat.achilles.com\/training\">Mer information<\/a>\r\n                                    <\/div>\r\n                                <div class=\"feature_item\">\r\n                                        <div class=\"feature_item_icon\">\r\n                        <img decoding=\"async\" src=\"https:\/\/www.achilles.com\/app\/uploads\/2023\/06\/Achilles-icons_Performance-Feedback.png\" alt=\"10 hours of content\">\r\n                    <\/div>\r\n                                        <h3 class=\"feature_item_name\">Utbildning \u2013 att skriva specifikationer<\/h3>\r\n                                        <div class=\"typical_text\">\r\n                        <p>Kursen tar upp varf\u00f6r det \u00e4r n\u00f6dv\u00e4ndigt att ing\u00e5 f\u00f6rk\u00f6psavtal och tillbringa tid p\u00e5 att utveckla en robust EU-\u00f6verensst\u00e4mmande specifikation.<\/p>\n                    <\/div>\r\n                                        <a class=\"btn\" aria-label=\"Utbildning \u2013 att skriva specifikationer - Mer information\" href=\"https:\/\/uat.achilles.com\/training\">Mer information<\/a>\r\n                                    <\/div>\r\n                                <div class=\"feature_item\">\r\n                                        <div class=\"feature_item_icon\">\r\n                        <img decoding=\"async\" src=\"https:\/\/www.achilles.com\/app\/uploads\/2023\/06\/Achilles-icons_Data-exchange-.png\" alt=\"\">\r\n                    <\/div>\r\n                                        <h3 class=\"feature_item_name\">Utbildning \u2013 tilldelning av koncessionskontrakt<\/h3>\r\n                                        <div class=\"typical_text\">\r\n                        <p>Beh\u00f6ver ni hj\u00e4lp med att f\u00f6rst\u00e5 reglerna som g\u00e4ller f\u00f6r tj\u00e4nste- och byggkoncessioner, hur de tilldelas och hur de hanteras?<\/p>\n                    <\/div>\r\n                                        <a class=\"btn\" aria-label=\"Utbildning \u2013 tilldelning av koncessionskontrakt - Mer information\" href=\"https:\/\/uat.achilles.com\/training\">Mer information<\/a>\r\n                                    <\/div>\r\n                            <\/div>\r\n                    <\/div>\r\n    <\/div>\r\n","protected":false},"excerpt":{"rendered":"","protected":false},"author":1,"featured_media":0,"parent":0,"menu_order":0,"comment_status":"closed","ping_status":"closed","template":"","meta":{"_acf_changed":false,"content-type":"","footnotes":""},"class_list":["post-19001","page","type-page","status-publish","hentry"],"acf":[],"_links":{"self":[{"href":"https:\/\/www.achilles.com\/sv\/wp-json\/wp\/v2\/pages\/19001","targetHints":{"allow":["GET"]}}],"collection":[{"href":"https:\/\/www.achilles.com\/sv\/wp-json\/wp\/v2\/pages"}],"about":[{"href":"https:\/\/www.achilles.com\/sv\/wp-json\/wp\/v2\/types\/page"}],"author":[{"embeddable":true,"href":"https:\/\/www.achilles.com\/sv\/wp-json\/wp\/v2\/users\/1"}],"replies":[{"embeddable":true,"href":"https:\/\/www.achilles.com\/sv\/wp-json\/wp\/v2\/comments?post=19001"}],"version-history":[{"count":0,"href":"https:\/\/www.achilles.com\/sv\/wp-json\/wp\/v2\/pages\/19001\/revisions"}],"wp:attachment":[{"href":"https:\/\/www.achilles.com\/sv\/wp-json\/wp\/v2\/media?parent=19001"}],"curies":[{"name":"wp","href":"https:\/\/api.w.org\/{rel}","templated":true}]}}