{"id":170,"date":"2023-05-12T12:47:08","date_gmt":"2023-05-12T11:47:08","guid":{"rendered":"https:\/\/uat.achilles.com\/accessibility\/"},"modified":"2024-06-25T12:35:41","modified_gmt":"2024-06-25T09:35:41","slug":"tillganglighet","status":"publish","type":"page","link":"https:\/\/www.achilles.com\/sv\/accessibility\/","title":{"rendered":"Tillg\u00e4nglighet"},"content":{"rendered":"    <div class=\"content_section page_default_text\">\r\n        <div class=\"container\">\r\n            <article class=\"article_wrap\">\r\n                <div class=\"article_main\">\r\n                    <div class=\"typical_text\">\r\n                        <h1>Tillg\u00e4nglighet<\/h1>\n<p>M\u00e5nga Internetanv\u00e4ndare med funktionshinder tycker att webbplatser \u00e4r sv\u00e5ra eller till och med om\u00f6jliga att anv\u00e4nda, helt enkelt p\u00e5 grund av hur de \u00e4r utformade. Vi p\u00e5 Achilles arbetar h\u00e5rt f\u00f6r att tillhandah\u00e5lla webbtj\u00e4nster och produkter som \u00e4r till hj\u00e4lp f\u00f6r alla v\u00e5ra kunder.<\/p>\n<p>Vi \u00e4r medvetna om vilka typer av anpassningsbar teknik som anv\u00e4nds av personer med funktionshinder och arbetar f\u00f6r n\u00e4rvarande med att omforma sidor f\u00f6r att s\u00e4kerst\u00e4lla kompatibilitet med s\u00e5 m\u00e5nga av dessa system som m\u00f6jligt. Bland annat ska texten vara tydlig (kursiva teckensnitt kan vara sv\u00e5ra att l\u00e4sa) och l\u00e4nkar ska beskriva vart de leder (&#8221;klicka h\u00e4r&#8221; betyder inte s\u00e5 mycket i sig).<\/p>\n<p>Alla webbl\u00e4sare till\u00e5ter inte att du g\u00f6r \u00e4ndringar i hur du visar sidan, men h\u00e4r \u00e4r n\u00e5gra tips p\u00e5 n\u00e5gra enkla \u00e4ndringar som du kanske kan g\u00f6ra.<\/p>\n<h2>Typsnitt och storlek<\/h2>\n<p>F\u00f6r att f\u00f6rb\u00e4ttra synligheten kan du \u00f6ka (eller minska) textstorleken och \u00e4ndra valet av typsnitt.<\/p>\n<h2>Anv\u00e4ndare av Internet Explorer<\/h2>\n<p>\u00c4ndra teckenstorlek:<br \/>\nG\u00e5 till &#8221;Visa&#8221;, v\u00e4lj &#8221;Textstorlek&#8221; och v\u00e4lj l\u00e4mplig teckenstorlek, t.ex. st\u00f6rre.<\/p>\n<p>F\u00f6r att \u00e4ndra valet av typsnitt:<br \/>\n\u00d6ppna f\u00f6nstret &#8221;Internetalternativ&#8221; genom att g\u00e5 till &#8221;Visa&#8221; (eller &#8221;Verktyg&#8221; om du har det) och bl\u00e4ddra ned\u00e5t.<\/p>\n<p>Under Historik, v\u00e4lj &#8221;Typsnitt&#8221; och v\u00e4lj \u00f6nskad stil, klicka sedan p\u00e5 &#8221;OK<\/p>\n<p>G\u00e5 till &#8221;Tillg\u00e4nglighet&#8221; i &#8221;Internetalternativ&#8221; och klicka p\u00e5 &#8221;Ignorera teckensnittsstilar\/teckensnittsstorlekar som anges p\u00e5 webbsidor&#8221;.<\/p>\n<p>N\u00e4r du klickar p\u00e5 &#8221;OK&#8221; b\u00f6r du se till att den sida du tittar p\u00e5 nu visas med dina specifikationer.<\/p>\n<h2>F\u00e4rg p\u00e5 text och bakgrund<\/h2>\n<p>Du kan beh\u00f6va s\u00e4rskilda f\u00e4rger f\u00f6r att enkelt kunna se webbplatsen.<\/p>\n<h2>Anv\u00e4ndare av Internet Explorer<\/h2>\n<p>G\u00e5 till &#8221;Internetalternativ&#8221; (som ovan) och v\u00e4lj &#8221;F\u00e4rger&#8221;.<\/p>\n<p>Du kan \u00e4ndra text och bakgrundsf\u00e4rg p\u00e5 sidan samt f\u00e4rgen som l\u00e4nkar visas i, klicka sedan p\u00e5 &#8221;OK&#8221;.<\/p>\n<p>V\u00e4lj &#8221;Tillg\u00e4nglighet&#8221; i &#8221;Internetalternativ&#8221; och klicka p\u00e5 &#8221;Ignorera f\u00e4rger som anges p\u00e5 webbsidor&#8221;.<\/p>\n<p>N\u00e4r du klickar p\u00e5 &#8221;OK&#8221; b\u00f6r du se till att den sida du tittar p\u00e5 nu visas med dina specifikationer.<\/p>\n<h2>Adobe Acrobat Reader<\/h2>\n<p>M\u00e5nga dokument p\u00e5 denna webbplats kr\u00e4ver Adobe Acrobat Reader f\u00f6r att kunna l\u00e4sas. Denna programvara fr\u00e5n tredje part kan laddas ner fr\u00e5n <a href=\"https:\/\/www.adobe.com\/\" target=\"_blank\" rel=\"noopener noreferrer\">adobe.com<\/a>.<\/p>\n \r\n                    <\/div>\r\n                <\/div>\r\n            <\/article>\r\n        <\/div>\r\n    <\/div>\r\n","protected":false},"excerpt":{"rendered":"","protected":false},"author":1,"featured_media":0,"parent":0,"menu_order":0,"comment_status":"closed","ping_status":"closed","template":"","meta":{"_acf_changed":false,"content-type":"","footnotes":""},"class_list":["post-170","page","type-page","status-publish","hentry"],"acf":[],"_links":{"self":[{"href":"https:\/\/www.achilles.com\/sv\/wp-json\/wp\/v2\/pages\/170","targetHints":{"allow":["GET"]}}],"collection":[{"href":"https:\/\/www.achilles.com\/sv\/wp-json\/wp\/v2\/pages"}],"about":[{"href":"https:\/\/www.achilles.com\/sv\/wp-json\/wp\/v2\/types\/page"}],"author":[{"embeddable":true,"href":"https:\/\/www.achilles.com\/sv\/wp-json\/wp\/v2\/users\/1"}],"replies":[{"embeddable":true,"href":"https:\/\/www.achilles.com\/sv\/wp-json\/wp\/v2\/comments?post=170"}],"version-history":[{"count":0,"href":"https:\/\/www.achilles.com\/sv\/wp-json\/wp\/v2\/pages\/170\/revisions"}],"wp:attachment":[{"href":"https:\/\/www.achilles.com\/sv\/wp-json\/wp\/v2\/media?parent=170"}],"curies":[{"name":"wp","href":"https:\/\/api.w.org\/{rel}","templated":true}]}}