{"id":19415,"date":"2023-06-09T12:45:56","date_gmt":"2023-06-09T09:45:56","guid":{"rendered":"https:\/\/uat.achilles.com\/product\/risk-management\/"},"modified":"2023-08-07T01:33:08","modified_gmt":"2023-08-06T22:33:08","slug":"risk-management","status":"publish","type":"product","link":"https:\/\/www.achilles.com\/pt-br\/product\/risk-management\/","title":{"rendered":"Gest\u00e3o de riscos"},"content":{"rendered":"    <div class=\"top_section\">\n        <div class=\"container\">\n            <div class=\"top_info half\">\n                                    <h1 class=\"top_title\">Gest\u00e3o de riscos<\/h1>\n                                    <div class=\"top_text\">\n                        <p>O risco da cadeia de fornecimento est\u00e1 sempre presente, quem administra de maneira proativa tem vantagem competitiva<\/p>\n                    <\/div>\n                            <\/div>\n        <\/div>\n        <div class=\"top_media\">\n\t\t\t        <\/div>\n    <\/div>\n\n\n    <div class=\"content_section\">\r\n        <div class=\"container\">\r\n            <div class=\"services_wrap\">\r\n                                <div class=\"services_left\">\r\n                                        <p class=\"title_category\">ORIENTADO POR INFORMA\u00c7\u00d5ES<\/p>\r\n                                        <h2 class=\"title_section\">A abordagem inteligente para identificar e administrar riscos<\/h2>\r\n                                        <a class=\"link\" href=\"https:\/\/uat.achilles.com\/#Back\">Back to all products<\/a>\r\n                                    <\/div>\r\n                                <div class=\"services_right\">\r\n                    <div class=\"typical_text\">\r\n                        <p>Se voc\u00ea n\u00e3o tiver os dados certos ao seu alcance, fica muito mais dif\u00edcil reagir efetivamente aos riscos que sua empresa enfrenta. Ao coletar e verificar as informa\u00e7\u00f5es de que os compradores precisam, n\u00f3s n\u00e3o apenas aprimoramos o tempo de rea\u00e7\u00e3o, mas tamb\u00e9m os ajudamos a ser mais proativos na gest\u00e3o de riscos de terceiros.<\/p>\n<p>Toda empresa enfrenta riscos, desde os mais comuns at\u00e9 os excepcionais. No entanto, n\u00e3o importa qual seja a escala do risco, a melhor maneira de garantir o m\u00ednimo de interrup\u00e7\u00e3o \u00e9 com mais supervis\u00e3o, monitoramento ativo e planejamento estrat\u00e9gico. Os dados precisos e de alta qualidade que n\u00f3s fornecemos aos compradores significam que as equipes de compras e de cadeia de fornecimento podem levar menos tempo coletando e verificando dados, e mais tempo aumentando a resili\u00eancia e adaptabilidade de seus neg\u00f3cios.<\/p>\n                    <\/div>\r\n                <\/div>\r\n                            <\/div>\r\n        <\/div>\r\n    <\/div>\r\n\n\n     <div class=\"stats_full\">\r\n        <div class=\"stats_bg\">\r\n                    <\/div>\r\n        <div class=\"container\">\r\n            <div class=\"stats_center\">\r\n                <div class=\"corner corner_top_left\"><\/div>\r\n                <div class=\"corner corner_top_right\"><\/div>\r\n                <div class=\"corner corner_bottom_left\"><\/div>\r\n                <div class=\"corner corner_bottom_right\"><\/div>\r\n                <div class=\"stats_center_item\">\r\n                                        <div class=\"stats_anim\">\r\n                        <div class=\"stats_center_number stats_anim_item\" data-total=\"30\">\r\n                            <span class=\"stats_anim_total\">0<\/span>%                        <\/div>\r\n                    <\/div>\r\n                                        <p class=\"stats_center_text large_text\">Em cadeias de fornecimento\r\ndas empresas sofreram impacto de interrup\u00e7\u00e3o devido a falhas de um \u00fanico fornecedor<\/p>\r\n                                        <p class=\"stats_center_cop large_text\">Estudo Vuealta \u2013 2019<\/p>\r\n                                    <\/div>\r\n            <\/div>\r\n        <\/div>\r\n    <\/div>\r\n\n\n    <div class=\"content_section\">\r\n        <div class=\"container\">\r\n            <div class=\"services_wrap\">\r\n                                <div class=\"services_left\">\r\n                                        <p class=\"title_category\">BENEF\u00cdCIOS<\/p>\r\n                                        <h2 class=\"title_section\">Eleva\u00e7\u00e3o dos padr\u00f5es na gest\u00e3o de riscos<\/h2>\r\n                                    <\/div>\r\n                            <\/div>\r\n        <\/div>\r\n    <\/div>\r\n\n\n            <div class=\"cta_section\">\r\n            <div class=\"cta_box_bg\">\r\n                                <img decoding=\"async\" src=\"https:\/\/www.achilles.com\/app\/uploads\/2023\/05\/cta_1.jpg\" alt=\"\">\r\n                            <\/div>\r\n                <div class=\"container\">\r\n                    <div class=\"cta_wrapper\">\r\n                        <div class=\"cta_info\">\r\n                                                        <h3 class=\"cta_box_name\">Veja isso em a\u00e7\u00e3o<\/h3>\r\n                                                        <a class=\"btn btn_big\" href=\"https:\/\/uat.achilles.com\/#3\">Solicite uma demonstra\u00e7\u00e3o<\/a>\r\n                                                    <\/div>\r\n                <\/div>\r\n            <\/div>\r\n        <\/div>\r\n    \n\n    <div class=\"content_section\">\r\n        <div class=\"container\">\r\n                        <div class=\"tools_description\">\r\n                                <p class=\"title_category\">RECURSOS<\/p>\r\n                                <h2 class=\"title_section\">Como funciona<\/h2>\r\n                                <div class=\"typical_text\">\r\n                    <p>Desde localiza\u00e7\u00e3o e sele\u00e7\u00e3o de fornecedores at\u00e9 seus relacionamentos cont\u00ednuos, nossos servi\u00e7os s\u00e3o desenvolvidos para reduzir o risco de terceiros e melhorar a conformidade em cada etapa do processo.<\/p>\n                <\/div>\r\n                            <\/div>\r\n                    <\/div>\r\n    <\/div>\r\n\n\n    <div class=\"quote_section\">\r\n        <div class=\"quote_bg\">\r\n                        <img decoding=\"async\" src=\"https:\/\/www.achilles.com\/app\/uploads\/2023\/05\/quote_financial.jpg\" alt=\"\">\r\n                    <\/div>\r\n        <div class=\"container\">\r\n            <div class=\"quote_wrapper\">\r\n                <div class=\"quote_item full center\">\r\n                                        <div class=\"quote_item_text\">\r\n                        <p>\u201cIsso nos deu uma nova vis\u00e3o da nossa organiza\u00e7\u00e3o, ajudando-nos a ser uma empresa mais s\u00e9ria e mais bem organizada, mais capaz de abordar e gerenciar riscos. Tamb\u00e9m imp\u00f5e a disciplina de manter a documenta\u00e7\u00e3o em todos os momentos, o que \u00e9 bem simples com o novo sistema.\u201d<\/p>\n                    <\/div>\r\n                                        <p class=\"quote_item_author\">Andreas Lie, Gerente Geral, R\u00f8yr\u00e5s Treindustri<\/p>\r\n                                        <a href=\"https:\/\/uat.achilles.com\/#Read-more\" class=\"btn btn_big\">Saiba mais<\/a>\r\n                                    <\/div>\r\n            <\/div>\r\n        <\/div>\r\n    <\/div>\r\n\n\n    <div class=\"content_section bg_grey\">\n        <div class=\"container\">\n                        <div class=\"description_section full\">\n                                <p class=\"title_category\">PACOTES<\/p>\n                                                <h2 class=\"title_section\">Escolha o pacote adequado para voc\u00ea<\/h2>\n                                            <\/div>\n            \n            \n                    <\/div>\n    <\/div>\n\n\n    <div class=\"request_section\">\r\n        <div class=\"contact_bg\">\r\n                        <img decoding=\"async\" src=\"https:\/\/www.achilles.com\/app\/uploads\/2023\/05\/contact_bg.jpg\" alt=\"\">\r\n                    <\/div>\r\n        <div class=\"container\">\r\n            <div class=\"request_inner\">\r\n                                <div class=\"request_wrapper\">\r\n                <h2 class=\"title_section\">Request a call back from our team of experts<\/h2>\r\n                <\/div>\r\n                                <div class=\"request_box\">\r\n                                        <div class=\"typical_text\">\r\n                        <p>Fields marked with * are mandatory.<\/p>\r\n                    <\/div>\r\n                    <!--[if lte IE 8]>\r\n    <script charset=\"utf-8\" type=\"text\/javascript\" src=\"\/\/js.hsforms.net\/forms\/v2-legacy.js\"><\/script>\r\n    <![endif]-->\r\n    <script charset=\"utf-8\" type=\"text\/javascript\" src=\"\/\/js.hsforms.net\/forms\/v2.js\"><\/script>\r\n    <script>\r\n      hbspt.forms.create({\r\n        portalId: \"5387762\",\r\n        formId: \"a23cf73a-36bd-433c-a1d8-4acd8b05b928\"\r\n      })\r\n    <\/script>                <\/div>\r\n            <\/div>\r\n        <\/div>\r\n    <\/div>\r\n\r\n\n\n\r\n\r\n  <div class=\"resources_other content_section\">\r\n        <div class=\"container\">\r\n                        <h3 class=\"title_block\">Porque voc\u00ea expressou interesse por gest\u00e3o de riscos<\/h3>\r\n                        <div class=\"resources_wrap\">\r\n                                <a class=\"resource_item\" href=\"https:\/\/www.achilles.com\/pt-br\/pesquisa-global-da-achilles-revela-grandes-lacunas-de-visibilidade-nas-cadeias-de-suprimentos\/\">\r\n                                        <div class=\"resource_item_img\">\r\n                        <img decoding=\"async\" src=\"https:\/\/www.achilles.com\/app\/uploads\/2026\/03\/Web-page-top-banner-thumbnail-of-Achilles-Global-Supplier-Risk-and-Sustainability-Survey-2026.jpg\" alt=\"Pesquisa Global da Achilles Revela Grandes Lacunas de Visibilidade nas Cadeias de Suprimentos\">\r\n                    <\/div>\r\n                                        <div class=\"resource_item_info\">\r\n                        <div class=\"resource_item_description\">\r\n                            <p class=\"resource_item_name\">Pesquisa Global da Achilles Revela Grandes Lacunas de Visibilidade nas Cadeias de Suprimentos<\/p>\r\n                            <div class=\"typical_text\">\r\n                                <p>Est\u00e1 claro que a Press\u00e3o Regulat\u00f3ria est\u00e1 impulsionando as Prioridades\u2026<\/p>\r\n                            <\/div>\r\n                        <\/div>\r\n                                                <div class=\"resource_item_categories\">\r\n                                                        <div class=\"resource_category\">\r\n                                                                <span class=\"resource_category_name\"><\/span>\r\n                            <\/div>\r\n                                                        <div class=\"resource_category\">\r\n                                                                <span class=\"resource_category_name\"><\/span>\r\n                            <\/div>\r\n                                                    <\/div>\r\n                                            <\/div>\r\n                <\/a>\r\n                                <a class=\"resource_item\" href=\"https:\/\/www.achilles.com\/pt-br\/informacao-por-setor\/relatorio-anual-de-risco-e-sustentabilidade-da-achilles-2026\/\">\r\n                                        <div class=\"resource_item_img\">\r\n                        <img decoding=\"async\" src=\"https:\/\/www.achilles.com\/app\/uploads\/2026\/03\/Web-page-top-banner-thumbnail-of-Achilles-Global-Supplier-Risk-and-Sustainability-Survey-2026.jpg\" alt=\"Relat\u00f3rio Anual de Risco e Sustentabilidade da Achilles 2026\">\r\n                    <\/div>\r\n                                        <div class=\"resource_item_info\">\r\n                        <div class=\"resource_item_description\">\r\n                            <p class=\"resource_item_name\">Relat\u00f3rio Anual de Risco e Sustentabilidade da Achilles 2026<\/p>\r\n                            <div class=\"typical_text\">\r\n                                <p>Como as organiza\u00e7\u00f5es est\u00e3o gerenciando o risco de fornecedores em\u2026<\/p>\r\n                            <\/div>\r\n                        <\/div>\r\n                                                <div class=\"resource_item_categories\">\r\n                                                        <div class=\"resource_category\">\r\n                                                                <span class=\"resource_category_name\"><\/span>\r\n                            <\/div>\r\n                                                        <div class=\"resource_category\">\r\n                                                                <span class=\"resource_category_name\"><\/span>\r\n                            <\/div>\r\n                                                    <\/div>\r\n                                            <\/div>\r\n                <\/a>\r\n                            <\/div>\r\n        <\/div>\r\n    <\/div> \r\n","protected":false},"excerpt":{"rendered":"<p>Without the right supplier data at your fingertips, it becomes a lot harder to react effectively and build supply chain resilience.<\/p>\n","protected":false},"featured_media":0,"template":"","class_list":["post-19415","product","type-product","status-publish","hentry"],"acf":[],"_links":{"self":[{"href":"https:\/\/www.achilles.com\/pt-br\/wp-json\/wp\/v2\/product\/19415","targetHints":{"allow":["GET"]}}],"collection":[{"href":"https:\/\/www.achilles.com\/pt-br\/wp-json\/wp\/v2\/product"}],"about":[{"href":"https:\/\/www.achilles.com\/pt-br\/wp-json\/wp\/v2\/types\/product"}],"wp:attachment":[{"href":"https:\/\/www.achilles.com\/pt-br\/wp-json\/wp\/v2\/media?parent=19415"}],"curies":[{"name":"wp","href":"https:\/\/api.w.org\/{rel}","templated":true}]}}