{"id":19409,"date":"2023-06-09T13:20:51","date_gmt":"2023-06-09T10:20:51","guid":{"rendered":"https:\/\/uat.achilles.com\/product\/responsible-sourcing\/"},"modified":"2023-08-07T00:46:37","modified_gmt":"2023-08-06T21:46:37","slug":"responsible-sourcing","status":"publish","type":"product","link":"https:\/\/www.achilles.com\/pt-br\/product\/responsible-sourcing\/","title":{"rendered":"Fornecimento respons\u00e1vel"},"content":{"rendered":"    <div class=\"top_section\">\n        <div class=\"container\">\n            <div class=\"top_info half\">\n                                    <h1 class=\"top_title\">Fornecimento respons\u00e1vel<\/h1>\n                                    <div class=\"top_text\">\n                        <p>Considerar quest\u00f5es sociais, \u00e9ticas e ambientais ao selecionar e gerenciar fornecedores fortalece o poder dos relacionamentos da cadeia de fornecimento, possibilitando mudan\u00e7as em escala.<\/p>\n                    <\/div>\n                            <\/div>\n        <\/div>\n        <div class=\"top_media\">\n\t\t\t        <\/div>\n    <\/div>\n\n\n    <div class=\"content_section\">\r\n        <div class=\"container\">\r\n            <div class=\"services_wrap\">\r\n                                <div class=\"services_left\">\r\n                                        <p class=\"title_category\">ORIENTADO POR INFORMA\u00c7\u00d5ES<\/p>\r\n                                        <h2 class=\"title_section\">Fornecedores certificados t\u00eam tr\u00eas vezes mais probabilidade de cumprir as normas trabalhistas.<\/h2>\r\n                                        <a class=\"link\" href=\"https:\/\/uat.achilles.com\/#Back\">Back to all products<\/a>\r\n                                    <\/div>\r\n                                <div class=\"services_right\">\r\n                    <div class=\"typical_text\">\r\n                        <p>Fornecimento respons\u00e1vel n\u00e3o \u00e9 uma frase de efeito. \u00c9 fundamental para elevar os padr\u00f5es na cadeia de fornecimento e entregar valor \u00e0s empresas. <\/p>\n<p>As leis governamentais est\u00e3o cada vez mais centradas em garantir pr\u00e1ticas empresariais \u00e9ticas  em todos os setores. Seja devido a obriga\u00e7\u00f5es de tratar os trabalhadores de maneira justa, evitar o uso de minerais extra\u00eddos de maneira n\u00e3o \u00e9tica ou reduzir as emiss\u00f5es de carbono, a tend\u00eancia \u00e9 clara: n\u00e3o buscar fornecimento respons\u00e1vel em sua cadeia de fornecimento pode ser um crime. Desde a escravid\u00e3o moderna at\u00e9 os minerais de zonas de conflito, o panorama legislativo internacional apresenta uma trama complexa de requisitos que v\u00e3o da responsabiliza\u00e7\u00e3o m\u00e1xima por infra\u00e7\u00f5es ocorridas na cadeia de fornecimento \u00e0 gera\u00e7\u00e3o de relat\u00f3rios peri\u00f3dicos. <\/p>\n<p>Al\u00e9m dos custos regulat\u00f3rios, o fornecimento respons\u00e1vel \u00e9 uma oportunidade para gerar valor de neg\u00f3cios. Os mercados financeiros atribuem valor significativo aos princ\u00edpios refletidos no Fornecimento Respons\u00e1vel. Os fundos de investimento de \u00edndices sustent\u00e1veis quadruplicaram desde 2017 e agora representam 20% do total. Mais de 40 bolsas de valores exigem relat\u00f3rios de dados ambientais, sociais e de governan\u00e7a corporativa (ASG) .  <\/p>\n<p>N\u00f3s somos especialistas em ajudar a aproveitar as vantagens financeiras, operacionais e de reputa\u00e7\u00e3o decorrentes de trabalhar com cadeias de fornecimento respons\u00e1veis. Nosso foco n\u00e3o \u00e9 apenas ajudar as empresas a cumprir as obriga\u00e7\u00f5es de gera\u00e7\u00e3o de relat\u00f3rios: n\u00f3s tamb\u00e9m melhoramos as efici\u00eancias e reduzimos riscos e custos. As empresas procuram cada vez mais obter vantagem competitiva com o impacto social, ambiental e econ\u00f4mico das suas opera\u00e7\u00f5es. N\u00f3s trabalhamos com cadeias de fornecimento globais para elevar os padr\u00f5es em mais de 30 categorias de fornecimento respons\u00e1vel. Desde seguran\u00e7a at\u00e9 ataques cibern\u00e9ticos, n\u00f3s sabemos como a efici\u00eancia promove a transpar\u00eancia na cadeia de fornecimento. Eliminamos a complexidade da sustentabilidade e fornecemos relat\u00f3rios e percep\u00e7\u00f5es abrangentes para gerar decis\u00f5es de neg\u00f3cios acion\u00e1veis.<\/p>\n                    <\/div>\r\n                <\/div>\r\n                            <\/div>\r\n        <\/div>\r\n    <\/div>\r\n\n\n     <div class=\"stats_full\">\r\n        <div class=\"stats_bg\">\r\n                    <\/div>\r\n        <div class=\"container\">\r\n            <div class=\"stats_center\">\r\n                <div class=\"corner corner_top_left\"><\/div>\r\n                <div class=\"corner corner_top_right\"><\/div>\r\n                <div class=\"corner corner_bottom_left\"><\/div>\r\n                <div class=\"corner corner_bottom_right\"><\/div>\r\n                <div class=\"stats_center_item\">\r\n                                        <div class=\"stats_anim\">\r\n                        <div class=\"stats_center_number stats_anim_item\" data-total=\"11\">\r\n                            <span class=\"stats_anim_total\">0<\/span>%                        <\/div>\r\n                    <\/div>\r\n                                        <p class=\"stats_center_text large_text\">Um estudo realizado pelo Chartered Institute of Purchasing and Supply revelou que\r\ndos l\u00edderes empresariais t\u00eam uma cadeia de fornecimento que eles desconfiam que utiliza escravid\u00e3o moderna<\/p>\r\n                                    <\/div>\r\n            <\/div>\r\n        <\/div>\r\n    <\/div>\r\n\n\n    <div class=\"content_section\">\r\n        <div class=\"container\">\r\n            <div class=\"services_wrap\">\r\n                                <div class=\"services_left\">\r\n                                        <p class=\"title_category\">BENEF\u00cdCIOS<\/p>\r\n                                        <h2 class=\"title_section\">Eleva\u00e7\u00e3o dos padr\u00f5es no fornecimento respons\u00e1vel<\/h2>\r\n                                    <\/div>\r\n                                <div class=\"services_right\">\r\n                    <div class=\"services_list\">\r\n                                                <div class=\"service_box\">\r\n                                                        <p class=\"service_box_name\">\r\n                                <span class=\"service_box_check icon-Success\"><\/span>\r\n                                Gest\u00e3o de seguran\u00e7a cibern\u00e9tica                            <\/p>\r\n                                                        <div class=\"typical_text\">\r\n                                <p>A natureza dos riscos est\u00e1 mudando e a gest\u00e3o da seguran\u00e7a cibern\u00e9tica nas cadeias de fornecimento \u00e9 uma fun\u00e7\u00e3o extremamente complexa em constante evolu\u00e7\u00e3o.<\/p>\r\n                            <\/div>\r\n                                                    <\/div>\r\n                                                <div class=\"service_box\">\r\n                                                        <p class=\"service_box_name\">\r\n                                <span class=\"service_box_check icon-Success\"><\/span>\r\n                                Sustentabilidade ambiental                            <\/p>\r\n                                                        <div class=\"typical_text\">\r\n                                <p>A pr\u00e1tica de gest\u00e3o sustent\u00e1vel da cadeia de fornecimento ajuda a garantir um futuro melhor n\u00e3o apenas para o planeta, mas tamb\u00e9m para as pessoas e as empresas.<\/p>\r\n                            <\/div>\r\n                                                    <\/div>\r\n                                                <div class=\"service_box\">\r\n                                                        <p class=\"service_box_name\">\r\n                                <span class=\"service_box_check icon-Success\"><\/span>\r\n                                Gest\u00e3o \u00e9tica da cadeia de fornecimento                            <\/p>\r\n                                                        <div class=\"typical_text\">\r\n                                <p>Reputa\u00e7\u00e3o, a\u00e7\u00f5es judiciais, perdas financeiras e o risco para as vidas dos seus funcion\u00e1rios significam que o comportamento \u00e9tico nos neg\u00f3cios \u00e9 essencial.<\/p>\r\n                            <\/div>\r\n                                                    <\/div>\r\n                                                <div class=\"service_box\">\r\n                                                        <p class=\"service_box_name\">\r\n                                <span class=\"service_box_check icon-Success\"><\/span>\r\n                                Sa\u00fade e seguran\u00e7a                            <\/p>\r\n                                                        <div class=\"typical_text\">\r\n                                <p>A seguran\u00e7a do seu ambiente de trabalho n\u00e3o afeta apenas a qualidade dos resultados: \u00e9 um reflexo direto da cultura e dos valores da sua empresa.<\/p>\r\n                            <\/div>\r\n                                                    <\/div>\r\n                                            <\/div>\r\n                <\/div>\r\n                            <\/div>\r\n        <\/div>\r\n    <\/div>\r\n\n\n            <div class=\"cta_section\">\r\n            <div class=\"cta_box_bg\">\r\n                                <img decoding=\"async\" src=\"https:\/\/www.achilles.com\/app\/uploads\/2023\/05\/cta_1.jpg\" alt=\"\">\r\n                            <\/div>\r\n                <div class=\"container\">\r\n                    <div class=\"cta_wrapper\">\r\n                        <div class=\"cta_info\">\r\n                                                        <h3 class=\"cta_box_name\">Pe\u00e7a \u00e0 nossa equipe de especialistas que retorne a sua chamada<\/h3>\r\n                                                        <a class=\"btn btn_big\" href=\"\/buyer-call-back\/\">Fale conosco<\/a>\r\n                                                    <\/div>\r\n                <\/div>\r\n            <\/div>\r\n        <\/div>\r\n    \n\n    <div class=\"content_section\">\r\n        <div class=\"container\">\r\n                        <div class=\"tools_description\">\r\n                                <p class=\"title_category\">RECURSOS<\/p>\r\n                                <h2 class=\"title_section\">Como funciona<\/h2>\r\n                                <div class=\"typical_text\">\r\n                    <p>Desde localiza\u00e7\u00e3o e sele\u00e7\u00e3o de fornecedores at\u00e9 seus relacionamentos cont\u00ednuos, nossos servi\u00e7os s\u00e3o desenvolvidos para reduzir o risco de terceiros e melhorar a conformidade em cada etapa do processo.<\/p>\n                <\/div>\r\n                            <\/div>\r\n                        <div class=\"tools_wrap tabs_section\">\r\n                <div class=\"tools_tabs tabs_buttons\">\r\n                                        <div class=\"tools_btn tab_btn current\" data-tab=\"1\">\r\n                        <span>Question\u00e1rio de pr\u00e9-qualifica\u00e7\u00e3o<\/span>\r\n                        <span class=\"tools_btn_arrow icon-Chevron-Right\"><\/span>\r\n                    <\/div>\r\n                                        <div class=\"tools_btn tab_btn\" data-tab=\"2\">\r\n                        <span>Programa de Redu\u00e7\u00e3o de Carbono<\/span>\r\n                        <span class=\"tools_btn_arrow icon-Chevron-Right\"><\/span>\r\n                    <\/div>\r\n                                        <div class=\"tools_btn tab_btn\" data-tab=\"3\">\r\n                        <span>Auditoria de pr\u00e1ticas trabalhistas<\/span>\r\n                        <span class=\"tools_btn_arrow icon-Chevron-Right\"><\/span>\r\n                    <\/div>\r\n                                        <div class=\"tools_btn tab_btn\" data-tab=\"4\">\r\n                        <span>Minerais de zonas de conflito<\/span>\r\n                        <span class=\"tools_btn_arrow icon-Chevron-Right\"><\/span>\r\n                    <\/div>\r\n                                    <\/div>\r\n                <div class=\"tools_content\">\r\n                                        <div class=\"tool_container tab_container tab_container_1 active\">\r\n                        <div class=\"typical_text\">\r\n                            <h6>Question\u00e1rio de pr\u00e9-qualifica\u00e7\u00e3o<\/h6>\n<p>Parte do nosso processo de pr\u00e9-qualifica\u00e7\u00e3o de fornecedores \u00e9 coletar e verificar dados relacionados ao meio ambiente. Isso garante aos compradores uma vis\u00e3o mais completa e precisa dos perfis de risco dos fornecedores atuais e potenciais. Eliminamos a incerteza de trabalhar com novas empresas e ajudamos a fortalecer os relacionamentos atuais. <\/p>\n                        <\/div>\r\n                                            <\/div>\r\n                                        <div class=\"tool_container tab_container tab_container_2\">\r\n                        <div class=\"typical_text\">\r\n                            <h6>Programa de Redu\u00e7\u00e3o de Carbono<\/h6>\n<p>Em parceria com a Toitu, nosso programa de redu\u00e7\u00e3o de carbono \u00e9 uma certifica\u00e7\u00e3o importante e mundialmente reconhecida pela ISO 14064-<\/p>\n<p>Oferecemos \u00e0s empresas a capacidade de medir com precis\u00e3o sua pegada de carbono e desenvolver estrat\u00e9gias efetivas para reduzir as emiss\u00f5es. A plataforma on-line registra e calcula as emiss\u00f5es de carbono, enquanto nossa equipe de especialistas realiza auditorias no local com uma grande variedade de ferramentas, para que voc\u00ea possa demonstrar melhoria cont\u00ednua todos os anos.<\/p>\n                        <\/div>\r\n                                            <\/div>\r\n                                        <div class=\"tool_container tab_container tab_container_3\">\r\n                        <div class=\"typical_text\">\r\n                            <h6>Auditoria de pr\u00e1ticas trabalhistas<\/h6>\n<p>Ajudamos as empresas a garantir que seus princ\u00edpios sejam atendidos em cada parte das suas opera\u00e7\u00f5es. Realizamos entrevistas com trabalhadores no local ou an\u00e1lises de sistemas de gest\u00e3o, para oferecer uma supervis\u00e3o completa da sua cadeia de fornecimento. Nossa Auditoria de Pr\u00e1ticas Trabalhistas certifica-se de que os fornecedores n\u00e3o utilizem pr\u00e1ticas inseguras, tr\u00e1fico humano ou escravid\u00e3o moderna. Personalizando nossos servi\u00e7os para diferentes setores, protegemos as empresas contra os danos que minerais de zonas de conflito, suborno e corrup\u00e7\u00e3o ou padr\u00f5es anti\u00e9ticos podem causar.<\/p>\n                        <\/div>\r\n                                            <\/div>\r\n                                        <div class=\"tool_container tab_container tab_container_4\">\r\n                        <div class=\"typical_text\">\r\n                            <p>Por muito tempo, as mil\u00edcias ao redor do mundo usaram seu controle sobre minas e minerais para financiar conflitos sangrentos. Atualmente, a press\u00e3o sobre as empresas est\u00e1 aumentando para que se certifiquem de que seus materiais n\u00e3o venham de fontes comprometidas. Quanto mais controverso o problema, maior o dano caso sua marca seja manchada por ele. Embora a associa\u00e7\u00e3o possa ser m\u00ednima, se for demonstrado que voc\u00ea est\u00e1 promovendo conflitos violentos, a repercuss\u00e3o ser\u00e1 imensa.<\/p>\n<p>Nosso servi\u00e7o fornece resultados claros, de forma r\u00e1pida e com muito menos custo administrativo.<\/p>\n                        <\/div>\r\n                                            <\/div>\r\n                                    <\/div>\r\n            <\/div>\r\n                    <\/div>\r\n    <\/div>\r\n\n\n    <div class=\"quote_section\">\r\n        <div class=\"quote_bg\">\r\n                        <img decoding=\"async\" src=\"https:\/\/www.achilles.com\/app\/uploads\/2023\/05\/quote_financial.jpg\" alt=\"\">\r\n                    <\/div>\r\n        <div class=\"container\">\r\n            <div class=\"quote_wrapper\">\r\n                <div class=\"quote_item\">\r\n                                        <div class=\"quote_item_text\">\r\n                        <p>\u00c9 absolutamente vital envolver a cadeia de fornecimento. Como organiza\u00e7\u00e3o independente, voc\u00ea pode alcan\u00e7ar muito; no entanto, ao envolver a cadeia de fornecimento, ter\u00e1 redu\u00e7\u00f5es muito mais significativas. N\u00e3o s\u00f3 isso: tamb\u00e9m queremos trabalhar com os principais fornecedores que est\u00e3o se cuidando sozinhos.<\/p>\n                    <\/div>\r\n                                        <p class=\"quote_item_author\">David Riley, Gerente de Carbono, Anglian Water<\/p>\r\n                                        <a href=\"https:\/\/uat.achilles.com\/#Read-more\" class=\"btn btn_big\">Leia nosso estudo de caso<\/a>\r\n                                    <\/div>\r\n            <\/div>\r\n        <\/div>\r\n    <\/div>\r\n\n\n    <div class=\"content_section bg_grey\">\n        <div class=\"container\">\n                        <div class=\"description_section full\">\n                                <p class=\"title_category\">PACOTES<\/p>\n                                                <h2 class=\"title_section\">Escolha o pacote adequado para voc\u00ea<\/h2>\n                                            <\/div>\n            \n                        <div class=\"packages_wrap\">\n                                <a class=\"package_box\" href=\"\/buyer-packages\/\">\n                                        <p class=\"package_box_name\">Assure<\/p>\n                                                            <div class=\"typical_text\">\n                        <p>leia mais sobre este pacote<\/p>\n                    <\/div>\n                                    <\/a>\n                                <a class=\"package_box\" href=\"\/buyer-packages\/\">\n                                        <p class=\"package_box_name\">Professional<\/p>\n                                                            <div class=\"typical_text\">\n                        <p>leia mais sobre este pacote<\/p>\n                    <\/div>\n                                    <\/a>\n                                <a class=\"package_box\" href=\"\/buyer-packages\/\">\n                                        <p class=\"package_box_name\">Enterprise<\/p>\n                                                            <div class=\"typical_text\">\n                        <p>leia mais sobre este pacote<\/p>\n                    <\/div>\n                                    <\/a>\n                            <\/div>\n            \n                    <\/div>\n    <\/div>\n\n\n\r\n\r\n  <div class=\"resources_other content_section\">\r\n        <div class=\"container\">\r\n                        <h3 class=\"title_block\">Como voc\u00ea expressou interesse por fornecimento respons\u00e1vel, recomendamos a leitura destas publica\u00e7\u00f5es do blog<\/h3>\r\n                        <div class=\"resources_wrap\">\r\n                                <a class=\"resource_item\" href=\"https:\/\/www.achilles.com\/pt-br\/pesquisa-global-da-achilles-revela-grandes-lacunas-de-visibilidade-nas-cadeias-de-suprimentos\/\">\r\n                                        <div class=\"resource_item_img\">\r\n                        <img decoding=\"async\" src=\"https:\/\/www.achilles.com\/app\/uploads\/2026\/03\/Web-page-top-banner-thumbnail-of-Achilles-Global-Supplier-Risk-and-Sustainability-Survey-2026.jpg\" alt=\"Pesquisa Global da Achilles Revela Grandes Lacunas de Visibilidade nas Cadeias de Suprimentos\">\r\n                    <\/div>\r\n                                        <div class=\"resource_item_info\">\r\n                        <div class=\"resource_item_description\">\r\n                            <p class=\"resource_item_name\">Pesquisa Global da Achilles Revela Grandes Lacunas de Visibilidade nas Cadeias de Suprimentos<\/p>\r\n                            <div class=\"typical_text\">\r\n                                <p>Est\u00e1 claro que a Press\u00e3o Regulat\u00f3ria est\u00e1 impulsionando as Prioridades\u2026<\/p>\r\n                            <\/div>\r\n                        <\/div>\r\n                                                <div class=\"resource_item_categories\">\r\n                                                        <div class=\"resource_category\">\r\n                                                                <span class=\"resource_category_name\"><\/span>\r\n                            <\/div>\r\n                                                        <div class=\"resource_category\">\r\n                                                                <span class=\"resource_category_name\"><\/span>\r\n                            <\/div>\r\n                                                    <\/div>\r\n                                            <\/div>\r\n                <\/a>\r\n                                <a class=\"resource_item\" href=\"https:\/\/www.achilles.com\/pt-br\/informacao-por-setor\/relatorio-anual-de-risco-e-sustentabilidade-da-achilles-2026\/\">\r\n                                        <div class=\"resource_item_img\">\r\n                        <img decoding=\"async\" src=\"https:\/\/www.achilles.com\/app\/uploads\/2026\/03\/Web-page-top-banner-thumbnail-of-Achilles-Global-Supplier-Risk-and-Sustainability-Survey-2026.jpg\" alt=\"Relat\u00f3rio Anual de Risco e Sustentabilidade da Achilles 2026\">\r\n                    <\/div>\r\n                                        <div class=\"resource_item_info\">\r\n                        <div class=\"resource_item_description\">\r\n                            <p class=\"resource_item_name\">Relat\u00f3rio Anual de Risco e Sustentabilidade da Achilles 2026<\/p>\r\n                            <div class=\"typical_text\">\r\n                                <p>Como as organiza\u00e7\u00f5es est\u00e3o gerenciando o risco de fornecedores em\u2026<\/p>\r\n                            <\/div>\r\n                        <\/div>\r\n                                                <div class=\"resource_item_categories\">\r\n                                                        <div class=\"resource_category\">\r\n                                                                <span class=\"resource_category_name\"><\/span>\r\n                            <\/div>\r\n                                                        <div class=\"resource_category\">\r\n                                                                <span class=\"resource_category_name\"><\/span>\r\n                            <\/div>\r\n                                                    <\/div>\r\n                                            <\/div>\r\n                <\/a>\r\n                            <\/div>\r\n        <\/div>\r\n    <\/div> \r\n","protected":false},"excerpt":{"rendered":"<p>As more organisations adopt responsible sourcing practices, key to their success is applying those principles across the supply chain. We bring together buyers and suppliers who want to measure, assess, prove and improve their sourcing credentials.<\/p>\n","protected":false},"featured_media":0,"template":"","class_list":["post-19409","product","type-product","status-publish","hentry"],"acf":[],"_links":{"self":[{"href":"https:\/\/www.achilles.com\/pt-br\/wp-json\/wp\/v2\/product\/19409","targetHints":{"allow":["GET"]}}],"collection":[{"href":"https:\/\/www.achilles.com\/pt-br\/wp-json\/wp\/v2\/product"}],"about":[{"href":"https:\/\/www.achilles.com\/pt-br\/wp-json\/wp\/v2\/types\/product"}],"wp:attachment":[{"href":"https:\/\/www.achilles.com\/pt-br\/wp-json\/wp\/v2\/media?parent=19409"}],"curies":[{"name":"wp","href":"https:\/\/api.w.org\/{rel}","templated":true}]}}