{"id":19391,"date":"2023-06-06T17:23:55","date_gmt":"2023-06-06T16:23:55","guid":{"rendered":"https:\/\/uat.achilles.com\/product\/environmental-sustainability\/"},"modified":"2023-08-06T19:40:06","modified_gmt":"2023-08-06T16:40:06","slug":"environmental-sustainability","status":"publish","type":"product","link":"https:\/\/www.achilles.com\/pt-br\/product\/environmental-sustainability\/","title":{"rendered":"Environmental Sustainability"},"content":{"rendered":"    <div class=\"top_section\">\n        <div class=\"container\">\n            <div class=\"top_info half\">\n                                    <h1 class=\"top_title\">Sustentabilidade Ambiental em cadeias de fornecimento<\/h1>\n                                    <div class=\"top_text\">\n                        <p>A pr\u00e1tica de gest\u00e3o sustent\u00e1vel da cadeia de fornecimento ajuda a garantir um futuro melhor n\u00e3o apenas para o planeta, mas tamb\u00e9m para as pessoas e as empresas.<\/p>\n                    <\/div>\n                            <\/div>\n        <\/div>\n        <div class=\"top_media\">\n\t\t\t            <img decoding=\"async\" src=\"https:\/\/www.achilles.com\/app\/uploads\/2023\/06\/Homepage-Hero-scaled-1.jpg\" alt=\"\">\n                    <\/div>\n    <\/div>\n\n\n    <div class=\"content_section\">\r\n        <div class=\"container\">\r\n            <div class=\"services_wrap\">\r\n                                <div class=\"services_left\">\r\n                                        <p class=\"title_category\">ORIENTADO POR INFORMA\u00c7\u00d5ES<\/p>\r\n                                        <h2 class=\"title_section\">\u00c9 hora de ser proativo em compras sustent\u00e1veis<\/h2>\r\n                                        <a class=\"link\" href=\"https:\/\/uat.achilles.com\/#Back\">Back to all products<\/a>\r\n                                    <\/div>\r\n                                <div class=\"services_right\">\r\n                    <div class=\"typical_text\">\r\n                        <p>Operar de forma sustent\u00e1vel n\u00e3o \u00e9 apenas a atitude correta: \u00e9 uma refer\u00eancia de sucesso cada vez mais importante. Os riscos de descumprimento das leis nacionais e internacionais podem ser prejudiciais, mas a sustentabilidade ambiental tamb\u00e9m \u00e9 uma grande oportunidade. Somos especialistas em ajudar a aproveitar as vantagens financeiras, operacionais e de reputa\u00e7\u00e3o decorrentes de trabalhar com cadeias de fornecimento sustent\u00e1veis.<\/p>\n<p>Nosso foco n\u00e3o \u00e9 apenas ajudar as empresas a cumprir as obriga\u00e7\u00f5es de relat\u00f3rios ambientais: n\u00f3s tamb\u00e9m melhoramos as efici\u00eancias e reduzimos riscos e custos. A sustentabilidade ambiental \u00e9 uma quest\u00e3o de respeito \u00e0s pessoas e ao planeta, mas tamb\u00e9m \u00e9 uma quest\u00e3o de lucros. As empresas procuram cada vez mais obter vantagem competitiva com o impacto social, ambiental e econ\u00f4mico das suas opera\u00e7\u00f5es. N\u00f3s garantimos que voc\u00ea atenda a todos os requisitos de expectativas dos clientes e dos funcion\u00e1rios, reduza custos e apoie ecossistemas globais.<\/p>\n<p>Nossa equipe de especialistas funciona como outro par de olhos, coletando e validando os tipos certos de dados sociais e ambientais da sua pr\u00f3pria organiza\u00e7\u00e3o e dos seus fornecedores. N\u00f3s eliminamos a complexidade da sustentabilidade, e fornecemos relat\u00f3rios e informa\u00e7\u00f5es abrangentes para orientar decis\u00f5es de neg\u00f3cios acion\u00e1veis.<\/p>\n                    <\/div>\r\n                <\/div>\r\n                            <\/div>\r\n        <\/div>\r\n    <\/div>\r\n\n\n     <div class=\"stats_full\">\r\n        <div class=\"stats_bg\">\r\n                        <img decoding=\"async\" src=\"https:\/\/www.achilles.com\/app\/uploads\/2023\/06\/Sustainability-Webinar-scaled-1.jpg\" alt=\"\">\r\n                    <\/div>\r\n        <div class=\"container\">\r\n            <div class=\"stats_center\">\r\n                <div class=\"corner corner_top_left\"><\/div>\r\n                <div class=\"corner corner_top_right\"><\/div>\r\n                <div class=\"corner corner_bottom_left\"><\/div>\r\n                <div class=\"corner corner_bottom_right\"><\/div>\r\n                <div class=\"stats_center_item\">\r\n                                        <div class=\"stats_anim\">\r\n                        <div class=\"stats_center_number stats_anim_item\" data-total=\"53\">\r\n                            <span class=\"stats_anim_total\">0<\/span>%                        <\/div>\r\n                    <\/div>\r\n                                        <p class=\"stats_center_text large_text\">Entre os compradores, apenas\r\nest\u00e3o interagindo com seus fornecedores sobre reduzir as emiss\u00f5es de carbono.<\/p>\r\n                                        <p class=\"stats_center_cop large_text\">17\u00aa Pesquisa Anual Global com CEOs da PwC \u2013 2014<\/p>\r\n                                    <\/div>\r\n            <\/div>\r\n        <\/div>\r\n    <\/div>\r\n\n\n    <div class=\"content_section\">\r\n        <div class=\"container\">\r\n            <div class=\"services_wrap\">\r\n                                <div class=\"services_left\">\r\n                                        <p class=\"title_category\">Benefits<\/p>\r\n                                        <h2 class=\"title_section\">Eleva\u00e7\u00e3o dos padr\u00f5es da sustentabilidade ambiental<\/h2>\r\n                                        <a class=\"btn\" href=\"https:\/\/uat.achilles.com\/#2\">Read more &#8211; 5 steps to following the UN\u2019s Sustainable Development Goals<\/a>\r\n                                    <\/div>\r\n                                <div class=\"services_right\">\r\n                    <div class=\"services_list\">\r\n                                                <div class=\"service_box\">\r\n                                                        <p class=\"service_box_name\">\r\n                                <span class=\"service_box_check icon-Success\"><\/span>\r\n                                Sistemas de gest\u00e3o ambiental                            <\/p>\r\n                                                        <div class=\"typical_text\">\r\n                                <p>Melhorar a sustentabilidade ambiental em uma empresa \u00e9 apenas o come\u00e7o, impulsiona a mudan\u00e7a em toda a sua cadeia de fornecimento e acelera o impacto da mudan\u00e7a.<\/p>\r\n                            <\/div>\r\n                                                    <\/div>\r\n                                                <div class=\"service_box\">\r\n                                                        <p class=\"service_box_name\">\r\n                                <span class=\"service_box_check icon-Success\"><\/span>\r\n                                Redu\u00e7\u00e3o de uso de energia                            <\/p>\r\n                                                        <div class=\"typical_text\">\r\n                                <p>Gerencie seu consumo de energia e demonstre gest\u00e3o de baixo consumo na sua empresa e em toda a sua cadeia de fornecimento.<\/p>\r\n                            <\/div>\r\n                                                    <\/div>\r\n                                                <div class=\"service_box\">\r\n                                                        <p class=\"service_box_name\">\r\n                                <span class=\"service_box_check icon-Success\"><\/span>\r\n                                Redu\u00e7\u00e3o de carbono                            <\/p>\r\n                                                        <div class=\"typical_text\">\r\n                                <p>O Carbon Reduce (habilitado pela Toit\u016b) \u00e9 um programa reconhecido mundialmente que ajuda as organiza\u00e7\u00f5es a mensurar, auditar e assumir um compromisso de reduzir as emiss\u00f5es de carbono.<\/p>\r\n                            <\/div>\r\n                                                    <\/div>\r\n                                                <div class=\"service_box\">\r\n                                                        <p class=\"service_box_name\">\r\n                                <span class=\"service_box_check icon-Success\"><\/span>\r\n                                Res\u00edduos e reciclagem                            <\/p>\r\n                                                        <div class=\"typical_text\">\r\n                                <p>Reduza inefici\u00eancias em sua cadeia de fornecimento, garantindo que seus fornecedores cumpram todos os regulamentos sobre res\u00edduos.<\/p>\r\n                            <\/div>\r\n                                                    <\/div>\r\n                                                <div class=\"service_box\">\r\n                                                        <p class=\"service_box_name\">\r\n                                <span class=\"service_box_check icon-Success\"><\/span>\r\n                                Gest\u00e3o de \u00e1gua                            <\/p>\r\n                                                        <div class=\"typical_text\">\r\n                                <p>Certifique-se de que o uso, o armazenamento e o descarte de \u00e1gua estejam em conformidade, e n\u00e3o sejam desnecessariamente caros.<\/p>\r\n                            <\/div>\r\n                                                    <\/div>\r\n                                                <div class=\"service_box\">\r\n                                                        <p class=\"service_box_name\">\r\n                                <span class=\"service_box_check icon-Success\"><\/span>\r\n                                Subst\u00e2ncias perigosas                            <\/p>\r\n                                                        <div class=\"typical_text\">\r\n                                <p>Garanta que suas opera\u00e7\u00f5es sejam sempre seguras, eficientes e conformes.<\/p>\r\n                            <\/div>\r\n                                                    <\/div>\r\n                                            <\/div>\r\n                <\/div>\r\n                            <\/div>\r\n        <\/div>\r\n    <\/div>\r\n\n\n            <div class=\"cta_section\">\r\n            <div class=\"cta_box_bg\">\r\n                                <img decoding=\"async\" src=\"https:\/\/www.achilles.com\/app\/uploads\/2023\/05\/cta_1.jpg\" alt=\"\">\r\n                            <\/div>\r\n                <div class=\"container\">\r\n                    <div class=\"cta_wrapper\">\r\n                        <div class=\"cta_info\">\r\n                                                        <h3 class=\"cta_box_name\">Veja isso em a\u00e7\u00e3o<\/h3>\r\n                                                        <a class=\"btn btn_big\" href=\"https:\/\/uat.achilles.com\/#3\">Solicite uma demonstra\u00e7\u00e3o<\/a>\r\n                                                    <\/div>\r\n                <\/div>\r\n            <\/div>\r\n        <\/div>\r\n    \n\n    <div class=\"content_section\">\r\n        <div class=\"container\">\r\n                        <div class=\"tools_description\">\r\n                                <p class=\"title_category\">Features<\/p>\r\n                                <h2 class=\"title_section\">Como funciona<\/h2>\r\n                                <div class=\"typical_text\">\r\n                    <p>Desde localiza\u00e7\u00e3o e sele\u00e7\u00e3o de fornecedores at\u00e9 seus relacionamentos cont\u00ednuos, nossos servi\u00e7os s\u00e3o desenvolvidos para reduzir o risco de terceiros e melhorar a conformidade em cada etapa do processo.<\/p>\n                <\/div>\r\n                            <\/div>\r\n                    <\/div>\r\n    <\/div>\r\n\n\n    <div class=\"quote_section\">\r\n        <div class=\"quote_bg\">\r\n                        <img decoding=\"async\" src=\"https:\/\/www.achilles.com\/app\/uploads\/2023\/05\/quote_financial.jpg\" alt=\"\">\r\n                    <\/div>\r\n        <div class=\"container\">\r\n            <div class=\"quote_wrapper\">\r\n                <div class=\"quote_item\">\r\n                                        <div class=\"quote_item_text\">\r\n                        <p>\u00c9 absolutamente vital envolver a cadeia de fornecimento. Como organiza\u00e7\u00e3o independente, voc\u00ea pode alcan\u00e7ar muito; no entanto, ao envolver a cadeia de fornecimento, ter\u00e1 redu\u00e7\u00f5es muito mais significativas. N\u00e3o s\u00f3 isso: tamb\u00e9m queremos trabalhar com os principais fornecedores que est\u00e3o se cuidando sozinhos.<\/p>\n                    <\/div>\r\n                                        <p class=\"quote_item_author\">David Riley, gerente de carbono, Anglian Water<\/p>\r\n                                        <a href=\"https:\/\/uat.achilles.com\/#Read-more\" class=\"btn btn_big\">Leia o estudo de caso<\/a>\r\n                                    <\/div>\r\n            <\/div>\r\n        <\/div>\r\n    <\/div>\r\n\n\n    <div class=\"content_section bg_grey\">\n        <div class=\"container\">\n                        <div class=\"description_section full\">\n                                <p class=\"title_category\">Packages<\/p>\n                                                <h2 class=\"title_section\">Escolha o pacote adequado para voc\u00ea<\/h2>\n                                            <\/div>\n            \n                        <div class=\"packages_wrap\">\n                                <a class=\"package_box\" href=\"https:\/\/uat.achilles.com\/#1\">\n                                        <p class=\"package_box_name\">Essential<\/p>\n                                                            <div class=\"typical_text\">\n                        <p>Run your entire supplier sourcing and selection needs<\/p>\n                    <\/div>\n                                    <\/a>\n                                <a class=\"package_box\" href=\"https:\/\/uat.achilles.com\/#2\">\n                                        <p class=\"package_box_name\">Professional<\/p>\n                                                            <div class=\"typical_text\">\n                        <p>Source and select suppliers and get real time supplier assurance<\/p>\n                    <\/div>\n                                    <\/a>\n                                <a class=\"package_box\" href=\"https:\/\/uat.achilles.com\/#3\">\n                                        <p class=\"package_box_name\">Enterprise<\/p>\n                                                            <div class=\"typical_text\">\n                        <p>Source and select suppliers and get whole chain supplier assurance<\/p>\n                    <\/div>\n                                    <\/a>\n                            <\/div>\n            \n                    <\/div>\n    <\/div>\n\n\n    <div class=\"request_section\">\r\n        <div class=\"contact_bg\">\r\n                        <img decoding=\"async\" src=\"https:\/\/www.achilles.com\/app\/uploads\/2023\/05\/contact_bg.jpg\" alt=\"\">\r\n                    <\/div>\r\n        <div class=\"container\">\r\n            <div class=\"request_inner\">\r\n                                <div class=\"request_wrapper\">\r\n                <h2 class=\"title_section\">Want to understand how we can help your business? <br>Request a call back from our team of experts<\/h2>\r\n                <\/div>\r\n                                <div class=\"request_box\">\r\n                                        <div class=\"typical_text\">\r\n                        <p>Fields marked with * are mandatory.<\/p>\r\n                    <\/div>\r\n                    <!--[if lte IE 8]>\r\n    <script charset=\"utf-8\" type=\"text\/javascript\" src=\"\/\/js.hsforms.net\/forms\/v2-legacy.js\"><\/script>\r\n    <![endif]-->\r\n    <script charset=\"utf-8\" type=\"text\/javascript\" src=\"\/\/js.hsforms.net\/forms\/v2.js\"><\/script>\r\n    <script>\r\n      hbspt.forms.create({\r\n        portalId: \"5387762\",\r\n        formId: \"a23cf73a-36bd-433c-a1d8-4acd8b05b928\"\r\n      })\r\n    <\/script>                <\/div>\r\n            <\/div>\r\n        <\/div>\r\n    <\/div>\r\n\r\n\n\n\r\n\r\n  <div class=\"resources_other content_section\">\r\n        <div class=\"container\">\r\n                        <h3 class=\"title_block\">Como voc\u00ea expressou interesse por sustentabilidade ambiental, recomendamos a leitura destas publica\u00e7\u00f5es do blog<\/h3>\r\n                        <div class=\"resources_wrap\">\r\n                                <a class=\"resource_item\" href=\"https:\/\/www.achilles.com\/pt-br\/nao-categorizado\/5-motivos-pelos-quais-sua-empresa-deve-usar-a-achilles-para-a-devida-diligencia-na-cadeia-de-fornecimento\/\">\r\n                                        <div class=\"resource_item_img\">\r\n                        <img decoding=\"async\" src=\"https:\/\/www.achilles.com\/app\/uploads\/2023\/06\/g-cloud-banner-4.png\" alt=\"5 motivos pelos quais sua empresa deve usar a Achilles para a devida dilig\u00eancia na cadeia de fornecimento\">\r\n                    <\/div>\r\n                                        <div class=\"resource_item_info\">\r\n                        <div class=\"resource_item_description\">\r\n                            <p class=\"resource_item_name\">5 motivos pelos quais sua empresa deve usar a Achilles para a devida dilig\u00eancia na cadeia de fornecimento<\/p>\r\n                            <div class=\"typical_text\">\r\n                                <p>Many businesses are now required by law to assess their\u2026<\/p>\r\n                            <\/div>\r\n                        <\/div>\r\n                                                <div class=\"resource_item_categories\">\r\n                                                        <div class=\"resource_category\">\r\n                                                                <span class=\"resource_category_name\"><\/span>\r\n                            <\/div>\r\n                                                        <div class=\"resource_category\">\r\n                                                                <span class=\"resource_category_name\"><\/span>\r\n                            <\/div>\r\n                                                    <\/div>\r\n                                            <\/div>\r\n                <\/a>\r\n                                <a class=\"resource_item\" href=\"https:\/\/www.achilles.com\/pt-br\/industry-insights\/perguntas-frequentes-sobre-minerais-de-zonas-de-conflito\/\">\r\n                                        <div class=\"resource_item_img\">\r\n                        <img decoding=\"async\" src=\"https:\/\/www.achilles.com\/app\/uploads\/2023\/07\/Conflict-Minerals.jpg\" alt=\"Perguntas frequentes sobre minerais de zonas de conflito\">\r\n                    <\/div>\r\n                                        <div class=\"resource_item_info\">\r\n                        <div class=\"resource_item_description\">\r\n                            <p class=\"resource_item_name\">Perguntas frequentes sobre minerais de zonas de conflito<\/p>\r\n                            <div class=\"typical_text\">\r\n                                <p>\u00c0 medida que os importadores se ajustam \u00e0s exig\u00eancias aprimoras\u2026<\/p>\r\n                            <\/div>\r\n                        <\/div>\r\n                                                <div class=\"resource_item_categories\">\r\n                                                        <div class=\"resource_category\">\r\n                                                                <span class=\"resource_category_name\"><\/span>\r\n                            <\/div>\r\n                                                        <div class=\"resource_category\">\r\n                                                                <span class=\"resource_category_name\"><\/span>\r\n                            <\/div>\r\n                                                    <\/div>\r\n                                            <\/div>\r\n                <\/a>\r\n                            <\/div>\r\n        <\/div>\r\n    <\/div> \r\n","protected":false},"excerpt":{"rendered":"<p>Environmental sustainability management is not just the right thing to do, it is an increasingly important benchmark of success. Helping to capture and validate the right kind of social and environmental data from both your own organisation and your suppliers.<\/p>\n","protected":false},"featured_media":0,"template":"","class_list":["post-19391","product","type-product","status-publish","hentry"],"acf":[],"_links":{"self":[{"href":"https:\/\/www.achilles.com\/pt-br\/wp-json\/wp\/v2\/product\/19391","targetHints":{"allow":["GET"]}}],"collection":[{"href":"https:\/\/www.achilles.com\/pt-br\/wp-json\/wp\/v2\/product"}],"about":[{"href":"https:\/\/www.achilles.com\/pt-br\/wp-json\/wp\/v2\/types\/product"}],"wp:attachment":[{"href":"https:\/\/www.achilles.com\/pt-br\/wp-json\/wp\/v2\/media?parent=19391"}],"curies":[{"name":"wp","href":"https:\/\/api.w.org\/{rel}","templated":true}]}}