{"id":72109,"date":"2025-06-09T15:57:04","date_gmt":"2025-06-09T14:57:04","guid":{"rendered":"https:\/\/www.achilles.com\/?page_id=72109"},"modified":"2025-06-10T13:03:14","modified_gmt":"2025-06-10T12:03:14","slug":"achilles-comply360","status":"publish","type":"page","link":"https:\/\/www.achilles.com\/pt-br\/achilles-comply360\/","title":{"rendered":"Achilles Comply360"},"content":{"rendered":"            <div class=\"content_section\">\r\n            <div class=\"container\">\r\n                <div class=\"content_wrap\">\r\n                    <div class=\"content_info ogo3\">\r\n                                                <h2 class=\"title_page\">Relat\u00f3rios de sustentabilidade mais inteligentes em larga escala<\/h2>\r\n                                                <div class=\"typical_text\">\r\n                            <p>Gerencie com confian\u00e7a os relat\u00f3rios n\u00e3o financeiros em toda a sua organiza\u00e7\u00e3o com automa\u00e7\u00e3o, estrutura e controle com o Achilles Comply360.<\/p>\n                        <\/div>\r\n                                                <div class=\"content_buttons\">\r\n                                                        <a class=\"btn btn_big\" href=\"www.achilles.com\/buyer-call-back\/\">Agende sua demonstra\u00e7\u00e3o<\/a>\r\n                                                        <a class=\"btn btn_big btn_white\" href=\"www.achilles.com\">Fa\u00e7a o download da vis\u00e3o geral do produto<\/a>\r\n                                                    <\/div>\r\n                                            <\/div>\r\n                                        <div class=\"content_media align_edge\">\r\n                        <img decoding=\"async\" src=\"https:\/\/www.achilles.com\/app\/uploads\/2025\/06\/Comply360-platform.png\" alt=\"\">\r\n                    <\/div>\r\n                                    <\/div>\r\n            <\/div>\r\n        <\/div>\r\n    \n\n            <div class=\"content_section\">\r\n            <div class=\"container\">\r\n                <div class=\"content_wrap\">\r\n                    <div class=\"content_info ogo2\">\r\n                                                <p class=\"title_category\">COMO FUNCIONA<\/p>\r\n                                                <h2 class=\"title_section\">Relat\u00f3rios de sustentabilidade facilitados<\/h2>\r\n                                                <div class=\"typical_text\">\r\n                            <p>O Comply360 traz clareza e controle aos relat\u00f3rios n\u00e3o financeiros. Criado para escala empresarial, ele centraliza os dados de ESG e carbono, automatiza as divulga\u00e7\u00f5es usando IA e oferece suporte \u00e0 gera\u00e7\u00e3o de relat\u00f3rios de acordo com as principais estruturas, como CSRD, IFRS e GRI. Se voc\u00ea est\u00e1 apenas come\u00e7ando a estruturar relat\u00f3rios ESG ou navegando em cen\u00e1rios regulat\u00f3rios complexos, o Comply360 torna a conformidade mais f\u00e1cil, mais r\u00e1pida e mais consistente.<\/p>\n                        <\/div>\r\n                                                <a class=\"btn btn_big\" href=\"#howitworks\">Saiba mais<\/a>\r\n                                            <\/div>\r\n\t\t\t\t\t\t\t\t\t\t\r\n                                        <div class=\"content_media\">\r\n                        <img decoding=\"async\" src=\"https:\/\/www.achilles.com\/app\/uploads\/2025\/06\/Sustainability-reporting3.png\" width=\"500\" alt=\"\">\r\n                    <\/div>\r\n                                    <\/div>\r\n            <\/div>\r\n        <\/div>\r\n    \n\n    <div class=\"content_section bg_grey\" id=\"howitworks\">\r\n        <div class=\"container\">\r\n                        <div class=\"description_section\">\r\n                                <h2 class=\"title_section\">Automatize at\u00e9 94% das divulga\u00e7\u00f5es de ESG da sua empresa com integra\u00e7\u00f5es, uploads de arquivos e extra\u00e7\u00e3o de dados com IA<\/h2>\r\n                            <\/div>\r\n                        <div class=\"features_wrap features_four\">\r\n                                <div class=\"feature_item\">\r\n                                        <div class=\"feature_item_icon\">\r\n                        <img decoding=\"async\" src=\"https:\/\/www.achilles.com\/app\/uploads\/2025\/03\/geopolitical-icon-1.png\" alt=\"an icon of a shield with a check mark on it\">\r\n                    <\/div>\r\n                                        <h3 class=\"feature_item_name\">Automa\u00e7\u00e3o de relat\u00f3rios orientada por IA<\/h3>\r\n                                        <div class=\"typical_text\">\r\n                        <ul>\n<li>Menos erros<\/li>\n<li>Ciclos de relat\u00f3rios mais r\u00e1pidos<\/li>\n<li>Prontid\u00e3o para auditoria incorporada<\/li>\n<\/ul>\n                    <\/div>\r\n                                        <a class=\"btn\" aria-label=\"Automa\u00e7\u00e3o de relat\u00f3rios orientada por IA - Saiba mais\" href=\"#learnmore\">Saiba mais<\/a>\r\n                                    <\/div>\r\n                                <div class=\"feature_item\">\r\n                                        <div class=\"feature_item_icon\">\r\n                        <img decoding=\"async\" src=\"https:\/\/www.achilles.com\/app\/uploads\/2025\/02\/integration-icon.png\" alt=\"cloud above a computer screen, green icon\">\r\n                    <\/div>\r\n                                        <h3 class=\"feature_item_name\">Gerenciamento simplificado do fluxo de trabalho<\/h3>\r\n                                        <div class=\"typical_text\">\r\n                        <ul>\n<li>Pain\u00e9is de controle personalizados<\/li>\n<li>Ferramentas de colabora\u00e7\u00e3o incorporadas<\/li>\n<li>Feedback em tempo real e acompanhamento do progresso<\/li>\n<\/ul>\n                    <\/div>\r\n                                        <a class=\"btn\" aria-label=\"Gerenciamento simplificado do fluxo de trabalho - Saiba mais\" href=\"#learnmore\">Saiba mais<\/a>\r\n                                    <\/div>\r\n                                <div class=\"feature_item\">\r\n                                        <div class=\"feature_item_icon\">\r\n                        <img decoding=\"async\" src=\"https:\/\/www.achilles.com\/app\/uploads\/2025\/02\/Carbon-Green-scales-weigh-icon.png\" alt=\"icon green. scales balancing CO2 and a lead\">\r\n                    <\/div>\r\n                                        <h3 class=\"feature_item_name\">Contabilidade confi\u00e1vel de carbono<\/h3>\r\n                                        <div class=\"typical_text\">\r\n                        <ul>\n<li>Estimador incorporado usando fatores da IEA e da Defra<\/li>\n<li>Usa dados operacionais reais para obter precis\u00e3o<\/li>\n<li>Oferece suporte a relat\u00f3rios dos Escopos 1, 2 e 3&nbsp;<\/li>\n<\/ul>\n                    <\/div>\r\n                                        <a class=\"btn\" aria-label=\"Contabilidade confi\u00e1vel de carbono - Saiba mais\" href=\"#learnmore\">Saiba mais<\/a>\r\n                                    <\/div>\r\n                                <div class=\"feature_item\">\r\n                                        <div class=\"feature_item_icon\">\r\n                        <img decoding=\"async\" src=\"https:\/\/www.achilles.com\/app\/uploads\/2025\/02\/Search-Systems-online-information-icon.png\" alt=\"Information icon\">\r\n                    <\/div>\r\n                                        <h3 class=\"feature_item_name\">Resultados flex\u00edveis e alinhados \u00e0 estrutura<\/h3>\r\n                                        <div class=\"typical_text\">\r\n                        <ul>\n<li>CSRD (duplo alinhamento de materialidade)<\/li>\n<li>IFRS \/ GRI<\/li>\n<li>Divulga\u00e7\u00f5es volunt\u00e1rias ou espec\u00edficas do setor<\/li>\n<\/ul>\n                    <\/div>\r\n                                        <a class=\"btn\" aria-label=\"Resultados flex\u00edveis e alinhados \u00e0 estrutura - Saiba mais\" href=\"#learnmore\">Saiba mais<\/a>\r\n                                    <\/div>\r\n                            <\/div>\r\n                    <\/div>\r\n    <\/div>\r\n\n\n            <div class=\"content_section\">\r\n            <div class=\"container\">\r\n                <div class=\"content_wrap\">\r\n                    <div class=\"content_info ogo2\">\r\n                                                <h2 class=\"title_section\">Automa\u00e7\u00e3o de relat\u00f3rios orientada por IA<\/h2>\r\n                                                <div class=\"typical_text\">\r\n                            <p>Use documentos comerciais existentes, como pol\u00edticas, relat\u00f3rios e declara\u00e7\u00f5es, para preencher automaticamente divulga\u00e7\u00f5es num\u00e9ricas, seminarrativas e narrativas com at\u00e9<strong> 94% de precis\u00e3o<\/strong>. O Comply360 usa IA especializada para extrair dados relevantes e alinh\u00e1-los \u00e0s suas obriga\u00e7\u00f5es de relat\u00f3rios, economizando tempo e garantindo consist\u00eancia.<\/p>\n                        <\/div>\r\n                                            <\/div>\r\n\t\t\t\t\t\t\t\t\t\t\r\n                                        <div class=\"content_media\">\r\n                        <img decoding=\"async\" src=\"https:\/\/www.achilles.com\/app\/uploads\/2025\/05\/dereeeeeeeeeeeeee-2.png\" width=\"500\" alt=\"\">\r\n                    <\/div>\r\n                                    <\/div>\r\n            <\/div>\r\n        <\/div>\r\n    \n\n            <div class=\"content_section\">\r\n            <div class=\"container\">\r\n                <div class=\"content_wrap right\">\r\n                    <div class=\"content_info ogo2\">\r\n                                                <h2 class=\"title_section\">Gest\u00e3o de fluxo de trabalho otimizada<\/h2>\r\n                                                <div class=\"typical_text\">\r\n                            <p>Transforme os relat\u00f3rios ESG em um processo estruturado e colaborativo, independentemente do tamanho da sua equipe ou da maturidade dos relat\u00f3rios. Atribua tarefas no n\u00edvel adequado \u00e0 sua estrutura: padr\u00e3o t\u00f3pico, subse\u00e7\u00e3o ou ponto de dados individual. Pain\u00e9is integrados, ferramentas de colabora\u00e7\u00e3o e ciclos de feedback mant\u00eam todos alinhados e respons\u00e1veis do in\u00edcio ao fim do processo.<\/p>\n                        <\/div>\r\n                                            <\/div>\r\n\t\t\t\t\t\t\t\t\t\t\r\n                                        <div class=\"content_media\">\r\n                        <img decoding=\"async\" src=\"https:\/\/www.achilles.com\/app\/uploads\/2025\/05\/dereeeeeeeeeeeeee-1.png\" width=\"500\" alt=\"\">\r\n                    <\/div>\r\n                                    <\/div>\r\n            <\/div>\r\n        <\/div>\r\n    \n\n            <div class=\"content_section\">\r\n            <div class=\"container\">\r\n                <div class=\"content_wrap\">\r\n                    <div class=\"content_info ogo2\">\r\n                                                <h2 class=\"title_section\">Integra\u00e7\u00e3o de dados perfeita<\/h2>\r\n                                                <div class=\"typical_text\">\r\n                            <p>Extraia dados de sistemas ERP, plataformas de terceiros ou reposit\u00f3rios internos. Combine isso com entradas manuais, uploads de arquivos ou solu\u00e7\u00f5es existentes da Achilles para cobrir 100% das suas necessidades de relat\u00f3rios.<\/p>\n                        <\/div>\r\n                                            <\/div>\r\n\t\t\t\t\t\t\t\t\t\t\r\n                                        <div class=\"content_media\">\r\n                        <img decoding=\"async\" src=\"https:\/\/www.achilles.com\/app\/uploads\/2025\/05\/dereeeeeeeeeeeeee.png\" width=\"500\" alt=\"\">\r\n                    <\/div>\r\n                                    <\/div>\r\n            <\/div>\r\n        <\/div>\r\n    \n\n            <div class=\"content_section\">\r\n            <div class=\"container\">\r\n                <div class=\"content_wrap right\">\r\n                    <div class=\"content_info ogo2\">\r\n                                                <h2 class=\"title_section\">Contabilidade de carbono confi\u00e1vel<\/h2>\r\n                                                <div class=\"typical_text\">\r\n                            <p>Calcule as emiss\u00f5es usando dados operacionais reais, sem suposi\u00e7\u00f5es. O estimador de carbono integrado do Comply360, baseado nos Fatores de Emiss\u00e3o de GEE da IEA e da Defra, garante divulga\u00e7\u00f5es de carbono confi\u00e1veis e audit\u00e1veis. Tamb\u00e9m dispon\u00edvel: pacote com o <a href=\"https:\/\/www.achilles.com\/pt-br\/achilles-carbon-accounting\/\">Achilles Carbon Accounting<\/a> para cobertura completa dos Escopos 1, 2 e 3.<\/p>\n                        <\/div>\r\n                                            <\/div>\r\n\t\t\t\t\t\t\t\t\t\t\r\n                                        <div class=\"content_media\">\r\n                        <img decoding=\"async\" src=\"https:\/\/www.achilles.com\/app\/uploads\/2025\/05\/Untitled-design-19.png\" width=\"500\" alt=\"\">\r\n                    <\/div>\r\n                                    <\/div>\r\n            <\/div>\r\n        <\/div>\r\n    \n\n            <div class=\"content_section\">\r\n            <div class=\"container\">\r\n                <div class=\"content_wrap\">\r\n                    <div class=\"content_info ogo2\">\r\n                                                <h2 class=\"title_section\">Resultados flex\u00edveis e alinhados com frameworks<\/h2>\r\n                                                <div class=\"typical_text\">\r\n                            <p>Seja reportando para CSRD, IFRS, GRI ou benchmarks internos de ESG, o Comply360 permite que voc\u00ea crie relat\u00f3rios alinhados \u00e0 sua avalia\u00e7\u00e3o de dupla materialidade e os exporte em formatos prontos para auditoria, garantia e envio por terceiros.<\/p>\n                        <\/div>\r\n                                            <\/div>\r\n\t\t\t\t\t\t\t\t\t\t\r\n                                        <div class=\"content_media\">\r\n                        <img decoding=\"async\" src=\"https:\/\/www.achilles.com\/app\/uploads\/2025\/05\/Untitled-design-18.png\" width=\"500\" alt=\"\">\r\n                    <\/div>\r\n                                    <\/div>\r\n            <\/div>\r\n        <\/div>\r\n    \n\n            <div class=\"hero_section\">\r\n           <div class=\"hero_media\">\r\n                                <img decoding=\"async\" src=\"https:\/\/www.achilles.com\/app\/uploads\/2025\/04\/AI-Infocontrol.png\" alt=\"\">\r\n                            <\/div>\r\n            <div class=\"container\">\r\n                <div class=\"hero_wrapper\">\r\n                    <div class=\"hero_info\">\r\n                                                <h2 class=\"title_section\">Saiba mais sobre a Achilles AI<\/h2>\r\n                                                <h5 class=\"title_small\">Como a Achilles est\u00e1 usando IA para transformar a gest\u00e3o de riscos de fornecedores<\/h5>\r\n                                                <div class=\"typical_text middle_text\">\r\n                            <p>As organiza\u00e7\u00f5es est\u00e3o enfrentando uma press\u00e3o crescente para oferecer maior visibilidade de suas cadeias de suprimentos, sem aumentar a carga de trabalho administrativo. A Achilles apoia essa mudan\u00e7a aplicando intelig\u00eancia artificial (IA) para simplificar a coleta de dados e o envolvimento dos fornecedores.<\/p>\r\n                        <\/div>\r\n                                                <div class=\"content_buttons\">\r\n                                                        <a class=\"btn btn_big\" aria-label=\" - Saiba mais\" href=\"https:\/\/www.achilles.com\/industry-insights\/how-achilles-is-using-ai-to-transform-supplier-risk-management\/\">Saiba mais<\/a>\r\n                                                    <\/div>\r\n                                            <\/div>\r\n                <\/div>\r\n            <\/div>\r\n        <\/div>\r\n    \n\n    <div class=\"content_section\">\r\n        <div class=\"container\">\r\n                        <div class=\"posts_panel\">\r\n                <div class=\"description_section\">\r\n                                        <p class=\"title_category\">Not\u00edcias<\/p>\r\n                     \r\n                    <h2 class=\"title_section\">Selecionado para ti<\/h2>\r\n                                    <\/div>\r\n                            <\/div>\r\n                                <\/div>\r\n    <\/div>\r\n\n\n    <div class=\"request_section\" id=\"learnmore\">\r\n        <div class=\"contact_bg\">\r\n                        <img decoding=\"async\" src=\"https:\/\/www.achilles.com\/app\/uploads\/2024\/02\/AdobeStock_566680234-scaled.jpeg\" alt=\"Carbon emissions\">\r\n                    <\/div>\r\n        <div class=\"container\">\r\n            <div class=\"request_inner\">\r\n                                <div class=\"request_wrapper\">\r\n                <h2 class=\"title_section\">Voc\u00ea est\u00e1 pronto para eliminar a complexidade dos relat\u00f3rios de sustentabilidade?<\/h2>\r\n                <\/div>\r\n                                <div class=\"request_box\">\r\n                    <script charset=\"utf-8\" type=\"text\/javascript\" src=\"\/\/js.hsforms.net\/forms\/embed\/v2.js\"><\/script><script>hbspt.forms.create({\n    region: \"na1\",\n    portalId: \"5387762\",\n    formId: \"a23cf73a-36bd-433c-a1d8-4acd8b05b928\"\n  });\n<\/script>                <\/div>\r\n            <\/div>\r\n        <\/div>\r\n    <\/div>\r\n\r\n","protected":false},"excerpt":{"rendered":"","protected":false},"author":24,"featured_media":0,"parent":0,"menu_order":0,"comment_status":"closed","ping_status":"closed","template":"","meta":{"_acf_changed":true,"content-type":"","footnotes":""},"class_list":["post-72109","page","type-page","status-publish","hentry"],"acf":[],"_links":{"self":[{"href":"https:\/\/www.achilles.com\/pt-br\/wp-json\/wp\/v2\/pages\/72109","targetHints":{"allow":["GET"]}}],"collection":[{"href":"https:\/\/www.achilles.com\/pt-br\/wp-json\/wp\/v2\/pages"}],"about":[{"href":"https:\/\/www.achilles.com\/pt-br\/wp-json\/wp\/v2\/types\/page"}],"author":[{"embeddable":true,"href":"https:\/\/www.achilles.com\/pt-br\/wp-json\/wp\/v2\/users\/24"}],"replies":[{"embeddable":true,"href":"https:\/\/www.achilles.com\/pt-br\/wp-json\/wp\/v2\/comments?post=72109"}],"version-history":[{"count":0,"href":"https:\/\/www.achilles.com\/pt-br\/wp-json\/wp\/v2\/pages\/72109\/revisions"}],"wp:attachment":[{"href":"https:\/\/www.achilles.com\/pt-br\/wp-json\/wp\/v2\/media?parent=72109"}],"curies":[{"name":"wp","href":"https:\/\/api.w.org\/{rel}","templated":true}]}}