{"id":69671,"date":"2025-05-13T13:03:15","date_gmt":"2025-05-13T12:03:15","guid":{"rendered":"https:\/\/www.achilles.com\/?page_id=69671"},"modified":"2025-07-23T12:05:46","modified_gmt":"2025-07-23T11:05:46","slug":"contabilidade-de-carbono-da-achilles","status":"publish","type":"page","link":"https:\/\/www.achilles.com\/pt-br\/achilles-carbon-accounting\/","title":{"rendered":"Contabilidade de carbono da Achilles"},"content":{"rendered":"            <div class=\"content_section\">\r\n            <div class=\"container\">\r\n                                <div class=\"content_wrap\">\r\n                    <div class=\"content_info ogo\">\r\n                                                <h2 class=\"title_page\">Assuma o controle dos seus dados e relat\u00f3rios de carbono com a Achilles<\/h2>\r\n                                                <div class=\"typical_text\">\r\n                            <p>O Achilles Carbon Accounting, projetado para empresas em crescimento, automatiza a medi\u00e7\u00e3o da sua pegada de carbono e simplifica ao m\u00e1ximo a emiss\u00e3o de relat\u00f3rios. Garanta a conformidade, impulsione suas metas de sustentabilidade e dedique sua energia ao crescimento de seus neg\u00f3cios. <\/p>\n                        <\/div>\r\n                                                <a class=\"btn btn_white\" aria-label=\"Assuma o controle dos seus dados e relat\u00f3rios de carbono com a Achilles - In\u00edcio\" href=\"#form\">In\u00edcio<\/a>\r\n                                            <\/div>\r\n                                        <div class=\"content_media\">\r\n                        <img decoding=\"async\" src=\"https:\/\/www.achilles.com\/app\/uploads\/2025\/05\/Achilles-Carbon-Accounting-Software-Dashboard.png\" width=\"700\" alt=\"Achilles Carbon Account Software Dashboard Screenshot\">\r\n                    <\/div>\r\n                                    <\/div>\r\n                            <\/div>\r\n        <\/div>\r\n    \n\n    <div class=\"content_section bg_grey\">\r\n        <div class=\"container\">\r\n                        <div class=\"description_section big\">\r\n                                <h2 class=\"title_section\">Relat\u00f3rios simplificados sobre a pegada de carbono<\/h2>\r\n                                <div class=\"typical_text middle_text\">\r\n                    <p class=\"\" data-start=\"95\" data-end=\"185\"><strong data-start=\"95\" data-end=\"185\">Achilles Carbon Accounting: automatize e simplifique o gerenciamento da sua pegada de carbono<\/strong><\/p>\n<p class=\"\" data-start=\"187\" data-end=\"584\">Nosso software foi desenvolvido para ajudar as empresas a medir, gerenciar e relatar suas emiss\u00f5es de carbono com mais efici\u00eancia. Simplificamos os complexos processos de coleta, an\u00e1lise e relat\u00f3rio de dados de gases de efeito estufa (GEE), permitindo que voc\u00ea cumpra facilmente as principais estruturas de sustentabilidade, como CSRD, SBTi e CDP. <\/p>\n                <\/div>\r\n                            <\/div>\r\n                                    <div class=\"features_wrap\">\r\n                                <div class=\"feature_item center\">\r\n                                        <div class=\"feature_item_icon\">\r\n                        <img decoding=\"async\" src=\"https:\/\/www.achilles.com\/app\/uploads\/2025\/02\/Search-Data-Insights-icon.png\" alt=\"Data collection validation icon\">\r\n                    <\/div>\r\n                                        <h3 class=\"feature_item_name\">Coleta e integra\u00e7\u00e3o de dados<\/h3>\r\n                                        <div class=\"typical_text middle_text\">\r\n                        <p>Ele automatiza a coleta de dados de servi\u00e7os p\u00fablicos, software de contabilidade e outros sistemas relevantes, tornando mais r\u00e1pida e f\u00e1cil a coleta de dados precisos de contabilidade de carbono.<\/p>\r\n                    <\/div>\r\n                                    <\/div>\r\n                                <div class=\"feature_item center\">\r\n                                        <div class=\"feature_item_icon\">\r\n                        <img decoding=\"async\" src=\"https:\/\/www.achilles.com\/app\/uploads\/2025\/02\/Insights-Data-icon.png\" alt=\"Insights Data icon\">\r\n                    <\/div>\r\n                                        <h3 class=\"feature_item_name\">Relat\u00f3rios simplificados<\/h3>\r\n                                        <div class=\"typical_text middle_text\">\r\n                        <p>Um conjunto de ferramentas f\u00e1ceis de usar gera relat\u00f3rios e visualiza\u00e7\u00f5es prontos para auditoria, facilitando a demonstra\u00e7\u00e3o de conformidade e o cumprimento das obriga\u00e7\u00f5es de relat\u00f3rio.<\/p>\r\n                    <\/div>\r\n                                    <\/div>\r\n                                <div class=\"feature_item center\">\r\n                                        <div class=\"feature_item_icon\">\r\n                        <img decoding=\"async\" src=\"https:\/\/www.achilles.com\/app\/uploads\/2025\/02\/Carbon-Green-scales-weigh-icon.png\" alt=\"icon green. scales balancing CO2 and a lead\">\r\n                    <\/div>\r\n                                        <h3 class=\"feature_item_name\">Emiss\u00f5es do escopo 3<\/h3>\r\n                                        <div class=\"typical_text middle_text\">\r\n                        <p>Resolve o desafio dos relat\u00f3rios de Escopo 3 com experi\u00eancia em cadeia de suprimentos, colabora\u00e7\u00e3o de fornecedores e gerenciamento de dados em n\u00edvel de portf\u00f3lio que fornece resultados precisos e audit\u00e1veis.<\/p>\r\n                    <\/div>\r\n                                    <\/div>\r\n                            <\/div>\r\n                                <\/div>\r\n    <\/div>\r\n\n\n            <div class=\"content_section\">\r\n            <div class=\"container\">\r\n                <div class=\"content_wrap right\">\r\n                    <div class=\"content_info ogo2\">\r\n                                                <h2 class=\"title_section\">V\u00e1 al\u00e9m da medi\u00e7\u00e3o: comece a descarbonizar com confian\u00e7a<\/h2>\r\n                                                <h5 class=\"title_small\">Lideramos a redu\u00e7\u00e3o de emiss\u00f5es nos Escopos 1, 2 e 3<\/h5>\r\n                                                <div class=\"typical_text\">\r\n                            <div class=\"zMgcWd dSKvsb\" data-il=\"\">\n<div data-crb-p=\"\">\n<div class=\"xFTqob\">\n<p class=\"vM0jzc\">Transforme seus objetivos de sustentabilidade em estrat\u00e9gias concretas<br data-start=\"154\" data-end=\"157\" \/>Com nossas ferramentas especializadas, facilite a transi\u00e7\u00e3o para energias renov\u00e1veis, aumente a efici\u00eancia operacional e incentive a ado\u00e7\u00e3o de tecnologias de baixo carbono. De energia solar e e\u00f3lica a transporte sustent\u00e1vel e edif\u00edcios verdes, reduza suas emiss\u00f5es nos Escopos 1, 2 e 3 \u2014 abrangendo tanto suas opera\u00e7\u00f5es diretas quanto o impacto da sua cadeia de suprimentos.<\/p>\n<\/div>\n<\/div>\n<\/div>\n                        <\/div>\r\n                                                <a class=\"btn btn_big\" href=\"#form\">Agende uma demonstra\u00e7\u00e3o<\/a>\r\n                                            <\/div>\r\n\t\t\t\t\t\t\t\t\t\t\r\n                                        <div class=\"content_media\">\r\n                        <img decoding=\"async\" src=\"https:\/\/www.achilles.com\/app\/uploads\/2025\/05\/Achilles-Carbon-Accounting-Survey.png\" width=\"400\" alt=\"Achilles Carbon Accounting Survey Screenshot\">\r\n                    <\/div>\r\n                                    <\/div>\r\n            <\/div>\r\n        <\/div>\r\n    \n\n            <div class=\"content_section bg_grey\">\r\n            <div class=\"container\">\r\n                <div class=\"content_wrap\">\r\n                    <div class=\"content_info ogo2\">\r\n                                                <h2 class=\"title_section\">F\u00e1cil de usar e ao alcance de todos<\/h2>\r\n                                                <h5 class=\"title_small\">Ferramentas poderosas e expertise especializada, sem o custo de uma grande empresa<\/h5>\r\n                                                <div class=\"typical_text\">\r\n                            <div class=\"zMgcWd dSKvsb\" data-il=\"\">\n<div data-crb-p=\"\">\n<div class=\"xFTqob\">\n<p class=\"vM0jzc\">Achilles Carbon Accounting: acess\u00edvel, intuitivo e com o suporte de especialistas<br data-start=\"181\" data-end=\"184\" \/>Nosso software foi projetado para ser acess\u00edvel e f\u00e1cil de usar, tornando-se ideal para empresas de qualquer porte, setor ou n\u00edvel de maturidade em ESG. Al\u00e9m disso, voc\u00ea contar\u00e1 com o acompanhamento personalizado dos nossos especialistas em carbono, que ir\u00e3o gui\u00e1-lo em cada etapa do processo de contabiliza\u00e7\u00e3o de emiss\u00f5es.<\/p>\n<\/div>\n<\/div>\n<\/div>\n                        <\/div>\r\n                                                <a class=\"btn btn_big\" href=\"#form\">Fale com um especialista<\/a>\r\n                                            <\/div>\r\n\t\t\t\t\t\t\t\t\t\t\r\n                                        <div class=\"content_media\">\r\n                        <img decoding=\"async\" src=\"https:\/\/www.achilles.com\/app\/uploads\/2025\/05\/Achilles-Carbon-Accounting-Reports.png\" width=\"400\" alt=\"Achilles Carbon Accounting Reporting Screenshot\">\r\n                    <\/div>\r\n                                    <\/div>\r\n            <\/div>\r\n        <\/div>\r\n    \n\n        <div class=\"content_section\">\r\n            <div class=\"container\">\r\n                                <div class=\"description_section\">\r\n                                        <p class=\"title_category\">POR QUE ESCOLHER A ACHILLES<\/p>\r\n                                        <h2 class=\"title_page\">Contabilidade de carbono que vai al\u00e9m e entrega mais resultados<\/h2>\r\n                                    <\/div>\r\n                                <div class=\"features_wrap features_four\">\r\n                                        <div class=\"feature_item\">\r\n                                                <div class=\"feature_item_icon\">\r\n                            <img decoding=\"async\" src=\"https:\/\/www.achilles.com\/app\/uploads\/2025\/02\/excellence-icon.png\" alt=\"rosette icon\">\r\n                        <\/div>\r\n                                                <h3 class=\"feature_item_name\">Experi\u00eancia global em sustentabilidade<\/h3>\r\n                                                <div class=\"typical_text\">\r\n                            <p>Com mais de 30 anos de lideran\u00e7a em gest\u00e3o de riscos e conformidade, a Achilles oferece um conhecimento incompar\u00e1vel em sustentabilidade e gest\u00e3o de riscos em cadeias de suprimentos globais \u2014 elementos essenciais para uma medi\u00e7\u00e3o precisa das emiss\u00f5es de carbono.<\/p>\n                        <\/div>\r\n                                            <\/div>\r\n                                        <div class=\"feature_item\">\r\n                                                <div class=\"feature_item_icon\">\r\n                            <img decoding=\"async\" src=\"https:\/\/www.achilles.com\/app\/uploads\/2025\/02\/World-hands-icon.png\" alt=\"World hands icon\">\r\n                        <\/div>\r\n                                                <h3 class=\"feature_item_name\">Solu\u00e7\u00f5es eficazes para reduzir sua pegada de carbono<\/h3>\r\n                                                <div class=\"typical_text\">\r\n                            <p>Muito mais do que um sistema de monitoramento, o Achilles Carbon Accounting transforma dados em a\u00e7\u00f5es concretas, apoiando suas estrat\u00e9gias de descarboniza\u00e7\u00e3o nas opera\u00e7\u00f5es, no consumo de energia e na sua base de fornecimento.<\/p>\n                        <\/div>\r\n                                            <\/div>\r\n                                        <div class=\"feature_item\">\r\n                                                <div class=\"feature_item_icon\">\r\n                            <img decoding=\"async\" src=\"https:\/\/www.achilles.com\/app\/uploads\/2025\/02\/Puzzle-icon.png\" alt=\"Puzzle icon showing how different aspects of sustainability fit together\">\r\n                        <\/div>\r\n                                                <h3 class=\"feature_item_name\">Gest\u00e3o integrada de ESG e riscos<\/h3>\r\n                                                <div class=\"typical_text\">\r\n                            <p>Desde a devida dilig\u00eancia de fornecedores at\u00e9 a contabilidade de carbono e os relat\u00f3rios n\u00e3o financeiros, a Achilles oferece um conjunto integrado de ferramentas para fortalecer a resili\u00eancia empresarial, cumprir a regulamenta\u00e7\u00e3o ESG e alcan\u00e7ar seus objetivos de sustentabilidade \u2014 tudo em um s\u00f3 lugar.<\/p>\n                        <\/div>\r\n                                            <\/div>\r\n                                        <div class=\"feature_item\">\r\n                                                <div class=\"feature_item_icon\">\r\n                            <img decoding=\"async\" src=\"https:\/\/www.achilles.com\/app\/uploads\/2025\/02\/Certified-icon.png\" alt=\"Certified icon\">\r\n                        <\/div>\r\n                                                <h3 class=\"feature_item_name\">Auditoria e verifica\u00e7\u00e3o independentes<\/h3>\r\n                                                <div class=\"typical_text\">\r\n                            <p>Ao contr\u00e1rio de outras solu\u00e7\u00f5es de contabilidade de carbono, a Achilles oferece a op\u00e7\u00e3o de auditoria e verifica\u00e7\u00e3o independente das emiss\u00f5es, reconhecida internacionalmente, para fortalecer sua credibilidade em sustentabilidade e ajudar voc\u00ea a alcan\u00e7ar seus objetivos de descarboniza\u00e7\u00e3o.<\/p>\n                        <\/div>\r\n                                            <\/div>\r\n                                    <\/div>\r\n                            <\/div>\r\n        <\/div>\r\n\n\n    <div class=\"content_section\">\r\n        <div class=\"container\">\r\n                        <div class=\"posts_panel\">\r\n                <div class=\"description_section\">\r\n                                        <p class=\"title_category\">NOT\u00cdCIAS E PERSPECTIVAS DA ACHILLES<\/p>\r\n                     \r\n                    <h2 class=\"title_section\">Especialmente selecionado para voc\u00ea<\/h2>\r\n                                    <\/div>\r\n                            <\/div>\r\n                                    <div class=\"posts_wrap\">\r\n                                <div class=\"post_item\">\r\n                    <div class=\"post_item_top\">\r\n                                                <a class=\"post_item_img\" href=\"https:\/\/www.achilles.com\/pt-br\/pesquisa-global-da-achilles-revela-grandes-lacunas-de-visibilidade-nas-cadeias-de-suprimentos\/\">\r\n                            <img decoding=\"async\" src=\"https:\/\/www.achilles.com\/app\/uploads\/2026\/03\/Web-page-top-banner-thumbnail-of-Achilles-Global-Supplier-Risk-and-Sustainability-Survey-2026.jpg\" alt=\"Pesquisa Global da Achilles Revela Grandes Lacunas de Visibilidade nas Cadeias de Suprimentos\">\r\n                        <\/a>\r\n                                                <ul class=\"post_item_categories\">\r\n                                                        <li>Comunicado de imprensa<\/li>\r\n                                                        <li>Informa\u00e7\u00f5es setoriais<\/li>\r\n                                                    <\/ul>\r\n                    <\/div>\r\n                    <a class=\"post_item_name\" href=\"https:\/\/www.achilles.com\/pt-br\/pesquisa-global-da-achilles-revela-grandes-lacunas-de-visibilidade-nas-cadeias-de-suprimentos\/\">Pesquisa Global da Achilles Revela Grandes Lacunas de Visibilidade nas Cadeias de Suprimentos<\/a>\r\n                <\/div>\r\n                                <div class=\"post_item\">\r\n                    <div class=\"post_item_top\">\r\n                                                <a class=\"post_item_img\" href=\"https:\/\/www.achilles.com\/pt-br\/informacao-por-setor\/relatorio-anual-de-risco-e-sustentabilidade-da-achilles-2026\/\">\r\n                            <img decoding=\"async\" src=\"https:\/\/www.achilles.com\/app\/uploads\/2026\/03\/Web-page-top-banner-thumbnail-of-Achilles-Global-Supplier-Risk-and-Sustainability-Survey-2026.jpg\" alt=\"Relat\u00f3rio Anual de Risco e Sustentabilidade da Achilles 2026\">\r\n                        <\/a>\r\n                                                <ul class=\"post_item_categories\">\r\n                                                        <li>Guia<\/li>\r\n                                                        <li>Informa\u00e7\u00f5es setoriais<\/li>\r\n                                                    <\/ul>\r\n                    <\/div>\r\n                    <a class=\"post_item_name\" href=\"https:\/\/www.achilles.com\/pt-br\/informacao-por-setor\/relatorio-anual-de-risco-e-sustentabilidade-da-achilles-2026\/\">Relat\u00f3rio Anual de Risco e Sustentabilidade da Achilles 2026<\/a>\r\n                <\/div>\r\n                                <div class=\"post_item\">\r\n                    <div class=\"post_item_top\">\r\n                                                <a class=\"post_item_img\" href=\"https:\/\/www.achilles.com\/pt-br\/informacao-por-setor\/gestao-de-riscos-na-cadeia-de-suprimentos-no-agronegocio-por-que-esg-e-compliance-se-tornaram-decisivos-para-o-setor\/\">\r\n                            <img decoding=\"async\" src=\"https:\/\/www.achilles.com\/app\/uploads\/2026\/02\/Agronegocios_Imagem_Bannet.jpg\" alt=\"Gest\u00e3o de riscos na cadeia de suprimentos no agroneg\u00f3cio: por que ESG e compliance se tornaram decisivos para o setor\">\r\n                        <\/a>\r\n                                                <ul class=\"post_item_categories\">\r\n                                                        <li>Artigos<\/li>\r\n                                                        <li>Informa\u00e7\u00f5es setoriais<\/li>\r\n                                                    <\/ul>\r\n                    <\/div>\r\n                    <a class=\"post_item_name\" href=\"https:\/\/www.achilles.com\/pt-br\/informacao-por-setor\/gestao-de-riscos-na-cadeia-de-suprimentos-no-agronegocio-por-que-esg-e-compliance-se-tornaram-decisivos-para-o-setor\/\">Gest\u00e3o de riscos na cadeia de suprimentos no agroneg\u00f3cio: por que ESG e compliance se tornaram decisivos para o setor<\/a>\r\n                <\/div>\r\n                            <\/div>\r\n                    <\/div>\r\n    <\/div>\r\n\n\n    <div class=\"request_section\" id=\"form\">\r\n        <div class=\"contact_bg\">\r\n                        <img decoding=\"async\" src=\"https:\/\/www.achilles.com\/app\/uploads\/2025\/05\/Carbon-accounting.png\" alt=\"\">\r\n                    <\/div>\r\n        <div class=\"container\">\r\n            <div class=\"request_inner\">\r\n                                <div class=\"request_wrapper\">\r\n                <h2 class=\"title_section\">Comece agora<\/h2>\r\n                <\/div>\r\n                                <div class=\"request_box\">\r\n                                        <h5 class=\"contact_content_subtitle\">Solicite sua demonstra\u00e7\u00e3o sem compromisso<\/h5>\r\n                    <script charset=\"utf-8\" type=\"text\/javascript\" src=\"\/\/js.hsforms.net\/forms\/embed\/v2.js\"><\/script>\r\n<script>\r\n  hbspt.forms.create({\r\n    portalId: \"5387762\",\r\n    formId: \"55e38874-182f-49c3-9d66-c30ba8409cc3\",\r\n    region: \"na1\"\r\n  });\r\n<\/script>                <\/div>\r\n            <\/div>\r\n        <\/div>\r\n    <\/div>\r\n\r\n","protected":false},"excerpt":{"rendered":"","protected":false},"author":2,"featured_media":0,"parent":0,"menu_order":0,"comment_status":"closed","ping_status":"closed","template":"","meta":{"_acf_changed":true,"content-type":"","footnotes":""},"class_list":["post-69671","page","type-page","status-publish","hentry"],"acf":[],"_links":{"self":[{"href":"https:\/\/www.achilles.com\/pt-br\/wp-json\/wp\/v2\/pages\/69671","targetHints":{"allow":["GET"]}}],"collection":[{"href":"https:\/\/www.achilles.com\/pt-br\/wp-json\/wp\/v2\/pages"}],"about":[{"href":"https:\/\/www.achilles.com\/pt-br\/wp-json\/wp\/v2\/types\/page"}],"author":[{"embeddable":true,"href":"https:\/\/www.achilles.com\/pt-br\/wp-json\/wp\/v2\/users\/2"}],"replies":[{"embeddable":true,"href":"https:\/\/www.achilles.com\/pt-br\/wp-json\/wp\/v2\/comments?post=69671"}],"version-history":[{"count":0,"href":"https:\/\/www.achilles.com\/pt-br\/wp-json\/wp\/v2\/pages\/69671\/revisions"}],"wp:attachment":[{"href":"https:\/\/www.achilles.com\/pt-br\/wp-json\/wp\/v2\/media?parent=69671"}],"curies":[{"name":"wp","href":"https:\/\/api.w.org\/{rel}","templated":true}]}}