{"id":67629,"date":"2025-03-31T08:34:36","date_gmt":"2025-03-31T07:34:36","guid":{"rendered":"https:\/\/www.achilles.com\/?page_id=67629"},"modified":"2025-04-09T11:08:35","modified_gmt":"2025-04-09T10:08:35","slug":"programa-de-desenvolvimento-esg-para-fornecedores","status":"publish","type":"page","link":"https:\/\/www.achilles.com\/pt-br\/programa-de-desenvolvimento-esg-para-fornecedores\/","title":{"rendered":"Programa de desenvolvimento ESG para fornecedores"},"content":{"rendered":"    <div class=\"top_section\">\n        <div class=\"container\">\n            <div class=\"top_info half\">\n                                    <h1 class=\"top_title\">Programa de desenvolvimento ESG para fornecedores<\/h1>\n                                    <div class=\"top_text\">\n                        <p>Eleve os padr\u00f5es ESG da sua empresa para se destacar frente \u00e0 concorr\u00eancia e atender \u00e0s expectativas do mercado.<\/p>\n                    <\/div>\n                                    <div class=\"top_buttons\">\n                                                    <a class=\"btn btn_big\" href=\"#solicitallamada\">Solicite uma chamada<\/a>\n                                            <\/div>\n                            <\/div>\n        <\/div>\n        <div class=\"top_media\">\n\t\t\t            <img decoding=\"async\" src=\"https:\/\/www.achilles.com\/app\/uploads\/2024\/05\/AdobeStock_477138341-scaled.jpeg\" alt=\"\">\n                    <\/div>\n    <\/div>\n\n\n            <div class=\"content_section\">\r\n            <div class=\"container\">\r\n                <div class=\"content_wrap\">\r\n                    <div class=\"content_info ogo2\">\r\n                                                <p class=\"title_category\">Melhore seus padr\u00f5es ESG<\/p>\r\n                                                <h2 class=\"title_section\">Sua oportunidade de se diferenciar como fornecedor<\/h2>\r\n                                                <div class=\"typical_text\">\r\n                            <p>Cada vez mais empresas exigem que seus fornecedores demonstrem um compromisso real com a sustentabilidade. Melhorar seu desempenho ESG permite que voc\u00ea se destaque da concorr\u00eancia, ganhe visibilidade em plataformas como a Achilles e aumente suas chances de ser escolhido por grandes organiza\u00e7\u00f5es que priorizam a sustentabilidade em suas decis\u00f5es de compra. Ao participar do programa de desenvolvimento ESG, voc\u00ea n\u00e3o apenas melhora sua pontua\u00e7\u00e3o, como tamb\u00e9m demonstra seu compromisso com uma gest\u00e3o respons\u00e1vel \u2014 o que pode abrir novas portas e fortalecer rela\u00e7\u00f5es comerciais de longo prazo.<\/p>\n                        <\/div>\r\n                                            <\/div>\r\n\t\t\t\t\t\t\t\t\t\t\r\n                                        <div class=\"content_media\">\r\n                        <img decoding=\"async\" src=\"https:\/\/www.achilles.com\/app\/uploads\/2023\/06\/ESG-must-sit-at-the-heart-of-the-supply-chain-scaled-1-1.jpg\" alt=\"ESG training-green leaves\">\r\n                    <\/div>\r\n                                    <\/div>\r\n            <\/div>\r\n        <\/div>\r\n    \n\n\n<ul class=\"wp-block-list\">\n<li><\/li>\n<\/ul>\n\n\n    <div class=\"content_section\">\r\n        <div class=\"container\">\r\n            <div class=\"services_wrap\">\r\n                                <div class=\"services_left\">\r\n                                        <p class=\"title_category\">Como funciona<\/p>\r\n                                        <h2 class=\"title_section\">Flex\u00edvel. Acess\u00edvel. Transparente.<\/h2>\r\n                                        <div class=\"typical_text\">\r\n                        <p><img loading=\"lazy\" decoding=\"async\" class=\"alignnone size-full wp-image-67070\" src=\"https:\/\/uat.achilles.com\/app\/uploads\/2025\/03\/EN.png\" alt=\"\" width=\"1280\" height=\"720\"><\/p>\n                    <\/div>\r\n                                    <\/div>\r\n                                <div class=\"services_right\">\r\n                    <div class=\"services_list\">\r\n                                                <div class=\"service_box\">\r\n                                                        <p class=\"service_box_name\">\r\n                                <span class=\"service_box_check icon-Success\"><\/span>\r\n                                Reuni\u00e3o inicial com o auditor                            <\/p>\r\n                                                        <div class=\"typical_text\">\r\n                                <p>Um auditor da Achilles validar\u00e1 suas respostas ao question\u00e1rio ESG. Ser\u00e1 necess\u00e1rio fornecer evid\u00eancias para cada afirma\u00e7\u00e3o.<\/p>\r\n                            <\/div>\r\n                                                    <\/div>\r\n                                                <div class=\"service_box\">\r\n                                                        <p class=\"service_box_name\">\r\n                                <span class=\"service_box_check icon-Success\"><\/span>\r\n                                Plano de melhoria personalizado                            <\/p>\r\n                                                        <div class=\"typical_text\">\r\n                                <p>Ap\u00f3s a emiss\u00e3o do relat\u00f3rio, voc\u00ea receber\u00e1 um plano com foco nos aspectos que exigem a\u00e7\u00f5es corretivas.<\/p>\r\n                            <\/div>\r\n                                                    <\/div>\r\n                                                <div class=\"service_box\">\r\n                                                        <p class=\"service_box_name\">\r\n                                <span class=\"service_box_check icon-Success\"><\/span>\r\n                                Acompanhamento cont\u00ednuo                            <\/p>\r\n                                                        <div class=\"typical_text\">\r\n                                <p>Usando o M\u00f3dulo de Acompanhamento de N\u00e3o Conformidades na plataforma da Achilles, voc\u00ea poder\u00e1 carregar novas evid\u00eancias e acompanhar claramente o seu progresso.<\/p>\r\n                            <\/div>\r\n                                                    <\/div>\r\n                                                <div class=\"service_box\">\r\n                                                        <p class=\"service_box_name\">\r\n                                <span class=\"service_box_check icon-Success\"><\/span>\r\n                                Verifica\u00e7\u00e3o final                            <\/p>\r\n                                                        <div class=\"typical_text\">\r\n                                <p>O auditor revisar\u00e1 as evid\u00eancias, validar\u00e1 os avan\u00e7os e encerrar\u00e1 as a\u00e7\u00f5es do plano de melhoria.<\/p>\r\n                            <\/div>\r\n                                                    <\/div>\r\n                                            <\/div>\r\n                <\/div>\r\n                            <\/div>\r\n        <\/div>\r\n    <\/div>\r\n\n\n    <div class=\"content_section\">\r\n        <div class=\"container\">\r\n                        <div class=\"description_section big center\">\r\n                                <h2 class=\"title_section\">O que os clientes da Achilles dizem sobre o programa<\/h2>\r\n                            <\/div>\r\n                                    <div class=\"features_wrap\">\r\n                                <div class=\"feature_item center\">\r\n                                        <div class=\"feature_item_icon\">\r\n                        <img decoding=\"async\" src=\"https:\/\/www.achilles.com\/app\/uploads\/2025\/03\/logo-caixabank.png\" alt=\"CaixaBank\">\r\n                    <\/div>\r\n                                        <h3 class=\"feature_item_name\">Irene Tej\u00f3n, Transforma\u00e7\u00e3o e Controle de Gest\u00e3o, CaixaBank<\/h3>\r\n                                        <div class=\"typical_text middle_text\">\r\n                        <p>\u201cGra\u00e7as a este programa de desenvolvimento, as empresas est\u00e3o mais preparadas para atender aos nossos objetivos de sustentabilidade e, ao mesmo tempo, est\u00e3o mais fortalecidas no mercado para atender seus outros clientes.\u201d<\/p>\r\n                    <\/div>\r\n                                        <a class=\"btn btn_big\" aria-label=\"Irene Tej\u00f3n, Transforma\u00e7\u00e3o e Controle de Gest\u00e3o, CaixaBank - Leia o caso de sucesso\" href=\"https:\/\/www.achilles.com\/es\/informacion-sectorial\/caixabank-asegura-las-credenciales-esg-de-sus-proveedores-con-achilles\/\">Leia o caso de sucesso<\/a>\r\n                                    <\/div>\r\n                                <div class=\"feature_item center\">\r\n                                        <div class=\"feature_item_icon\">\r\n                        <img decoding=\"async\" src=\"https:\/\/www.achilles.com\/app\/uploads\/2023\/07\/ERG_logo_2020.png\" alt=\"ERG logo\">\r\n                    <\/div>\r\n                                        <h3 class=\"feature_item_name\">Anna Campi, Head of Procurement, ERG<\/h3>\r\n                                        <div class=\"typical_text middle_text\">\r\n                        <p>\u201cO progresso constante dos nossos fornecedores, ano ap\u00f3s ano, reflete o crescimento s\u00f3lido das empresas apoiadas pela Achilles. Uma delas conseguiu aumentar sua pontua\u00e7\u00e3o em mais de 100 %, demonstrando que compreende a import\u00e2ncia de sua atua\u00e7\u00e3o e iniciando um c\u00edrculo virtuoso.\u201d<\/p>\r\n                    <\/div>\r\n                                        <a class=\"btn btn_big\" aria-label=\"Anna Campi, Head of Procurement, ERG - Leia o caso de sucesso\" href=\"https:\/\/www.achilles.com\/es\/informacion-sectorial\/mejora-de-la-sostenibilidad-de-los-proveedores-de-erg-gracias-a-achilles\/\">Leia o caso de sucesso<\/a>\r\n                                    <\/div>\r\n                                <div class=\"feature_item center\">\r\n                                        <div class=\"feature_item_icon\">\r\n                        <img decoding=\"async\" src=\"https:\/\/www.achilles.com\/app\/uploads\/2025\/03\/Lightsource-bp-ok.png\" alt=\"Lightsource bp logo\">\r\n                    <\/div>\r\n                                        <h3 class=\"feature_item_name\">Mar Bernal, Gerente Global de Sustentabilidade da Cadeia de Suprimentos, Lightsource bp<\/h3>\r\n                                        <div class=\"typical_text middle_text\">\r\n                        <p>\u201cUm dos pontos fortes de voc\u00eas, al\u00e9m da qualidade humana da equipe, \u00e9 que o processo \u00e9 completo: do planejamento ao encerramento e acompanhamento das n\u00e3o conformidades.\u201d<\/p>\r\n                    <\/div>\r\n                                        <a class=\"btn btn_big\" aria-label=\"Mar Bernal, Gerente Global de Sustentabilidade da Cadeia de Suprimentos, Lightsource bp - Leia o caso de sucesso\" href=\"https:\/\/www.achilles.com\/es\/informacion-sectorial\/lightsource-bp-sostenibilidad-cadena-de-suministro\/\">Leia o caso de sucesso<\/a>\r\n                                    <\/div>\r\n                            <\/div>\r\n                                <\/div>\r\n    <\/div>\r\n\n\n    <div class=\"content_section\">\r\n        <div class=\"container\">\r\n                        <div class=\"description_section\">\r\n                                <p class=\"title_category\">Como voc\u00ea pode se beneficiar<\/p>\r\n                                <h2 class=\"title_section\">O suporte que voc\u00ea precisa para melhorar seus padr\u00f5es ESG<\/h2>\r\n                            <\/div>\r\n                        <div class=\"features_wrap features_four\">\r\n                                <div class=\"feature_item\">\r\n                                        <div class=\"feature_item_icon\">\r\n                        <img decoding=\"async\" src=\"https:\/\/www.achilles.com\/app\/uploads\/2025\/02\/Search-Systems-online-information-icon.png\" alt=\"Information icon\">\r\n                    <\/div>\r\n                                        <h3 class=\"feature_item_name\">Identifique suas \u00e1reas de melhoria<\/h3>\r\n                                        <div class=\"typical_text\">\r\n                        <p>Avalie suas pr\u00e1ticas ESG com o question\u00e1rio da Achilles e descubra rapidamente onde \u00e9 poss\u00edvel evoluir.<\/p>\n                    <\/div>\r\n                                    <\/div>\r\n                                <div class=\"feature_item\">\r\n                                        <div class=\"feature_item_icon\">\r\n                        <img decoding=\"async\" src=\"https:\/\/www.achilles.com\/app\/uploads\/2025\/02\/Relationships-icon.png\" alt=\"Relationships icon\">\r\n                    <\/div>\r\n                                        <h3 class=\"feature_item_name\">Conhe\u00e7a sua posi\u00e7\u00e3o no mercado<\/h3>\r\n                                        <div class=\"typical_text\">\r\n                        <p>Compare sua pontua\u00e7\u00e3o ESG com a de outros fornecedores do setor e entenda como seus clientes enxergam sua empresa.<\/p>\n                    <\/div>\r\n                                    <\/div>\r\n                                <div class=\"feature_item\">\r\n                                        <div class=\"feature_item_icon\">\r\n                        <img decoding=\"async\" src=\"https:\/\/www.achilles.com\/app\/uploads\/2025\/02\/Bespoke_SolutionsAus_Icon.png\" alt=\"\">\r\n                    <\/div>\r\n                                        <h3 class=\"feature_item_name\">Crie um plano de a\u00e7\u00e3o claro<\/h3>\r\n                                        <div class=\"typical_text\">\r\n                        <p>Trabalhe com um auditor para desenvolver um plano de melhoria focado nas \u00e1reas onde voc\u00ea ainda n\u00e3o consegue demonstrar conformidade com determinados crit\u00e9rios ESG.<\/p>\n                    <\/div>\r\n                                    <\/div>\r\n                                <div class=\"feature_item\">\r\n                                        <div class=\"feature_item_icon\">\r\n                        <img decoding=\"async\" src=\"https:\/\/www.achilles.com\/app\/uploads\/2025\/02\/excellence-icon.png\" alt=\"rosette icon\">\r\n                    <\/div>\r\n                                        <h3 class=\"feature_item_name\">Apresente evid\u00eancias e ganhe credibilidade<\/h3>\r\n                                        <div class=\"typical_text\">\r\n                        <p>Envie seus avan\u00e7os na plataforma e valide seu progresso com um auditor. Reforce sua reputa\u00e7\u00e3o com dados verific\u00e1veis.<\/p>\n                    <\/div>\r\n                                    <\/div>\r\n                            <\/div>\r\n                    <\/div>\r\n    <\/div>\r\n\n\n    <div class=\"request_section\" id=\"solicitallamada\">\r\n        <div class=\"contact_bg\">\r\n                        <img decoding=\"async\" src=\"https:\/\/www.achilles.com\/app\/uploads\/2025\/02\/ESG.png\" alt=\"Wooden blocks with environment social and governance with icons for each sat on green grass\">\r\n                    <\/div>\r\n        <div class=\"container\">\r\n            <div class=\"request_inner\">\r\n                                <div class=\"request_wrapper\">\r\n                <h2 class=\"title_section\">Solicite uma chamada<\/h2>\r\n                <\/div>\r\n                                <div class=\"request_box\">\r\n                                        <div class=\"typical_text\">\r\n                        <p>Melhore seu desempenho ESG com uma abordagem personalizada, transparente e eficaz.<\/p>\r\n                    <\/div>\r\n                    <script charset=\"utf-8\" type=\"text\/javascript\" src=\"\/\/js.hsforms.net\/forms\/embed\/v2.js\"><\/script>\r\n<script>\r\n  hbspt.forms.create({\r\n    region: \"na1\",\r\n    portalId: \"5387762\",\r\n    formId: \"90dea027-e433-44d7-a856-a40aac08671b\"\r\n  });\r\n<\/script>                <\/div>\r\n            <\/div>\r\n        <\/div>\r\n    <\/div>\r\n\r\n","protected":false},"excerpt":{"rendered":"","protected":false},"author":24,"featured_media":0,"parent":0,"menu_order":0,"comment_status":"closed","ping_status":"closed","template":"","meta":{"_acf_changed":true,"content-type":"","footnotes":""},"class_list":["post-67629","page","type-page","status-publish","hentry"],"acf":[],"_links":{"self":[{"href":"https:\/\/www.achilles.com\/pt-br\/wp-json\/wp\/v2\/pages\/67629","targetHints":{"allow":["GET"]}}],"collection":[{"href":"https:\/\/www.achilles.com\/pt-br\/wp-json\/wp\/v2\/pages"}],"about":[{"href":"https:\/\/www.achilles.com\/pt-br\/wp-json\/wp\/v2\/types\/page"}],"author":[{"embeddable":true,"href":"https:\/\/www.achilles.com\/pt-br\/wp-json\/wp\/v2\/users\/24"}],"replies":[{"embeddable":true,"href":"https:\/\/www.achilles.com\/pt-br\/wp-json\/wp\/v2\/comments?post=67629"}],"version-history":[{"count":0,"href":"https:\/\/www.achilles.com\/pt-br\/wp-json\/wp\/v2\/pages\/67629\/revisions"}],"wp:attachment":[{"href":"https:\/\/www.achilles.com\/pt-br\/wp-json\/wp\/v2\/media?parent=67629"}],"curies":[{"name":"wp","href":"https:\/\/api.w.org\/{rel}","templated":true}]}}