{"id":62983,"date":"2023-10-12T04:32:48","date_gmt":"2023-10-12T03:32:48","guid":{"rendered":"https:\/\/uat.achilles.com\/controlar\/"},"modified":"2025-04-02T12:28:10","modified_gmt":"2025-04-02T11:28:10","slug":"controlar","status":"publish","type":"page","link":"https:\/\/www.achilles.com\/pt-br\/controlar\/","title":{"rendered":"Sua plataforma CAE para gerenciamento de contratados"},"content":{"rendered":"    <div class=\"top_section\">\n        <div class=\"container\">\n            <div class=\"top_info half\">\n                                    <h1 class=\"top_title\">Plataforma CAE para o controle de seus contratados<\/h1>\n                                    <div class=\"top_text large_text\">\n                        <p>O Achilles Controlar \u00e9 a solu\u00e7\u00e3o mais simples, segura e eficaz para gerenciar a documenta\u00e7\u00e3o de seus contratados, garantindo a conformidade com as normas de sa\u00fade, seguran\u00e7a e trabalho e evitando acidentes, multas e penalidades.<\/p>\n                    <\/div>\n                                    <div class=\"top_buttons\">\n                                                    <a class=\"btn btn_big\" href=\"#form\">Fale com um especialista<\/a>\n                                            <\/div>\n                            <\/div>\n        <\/div>\n        <div class=\"top_media\">\n\t\t\t            <img decoding=\"async\" src=\"https:\/\/www.achilles.com\/app\/uploads\/2024\/10\/iStock-1414566486-scaled-1-scaled.jpg\" alt=\"\">\n                    <\/div>\n    <\/div>\n\n\n            <div class=\"content_section\">\r\n            <div class=\"container\">\r\n                <div class=\"content_wrap\">\r\n                    <div class=\"content_info ogo2\">\r\n                                                <p class=\"title_category\">EL RETO<\/p>\r\n                                                <h2 class=\"title_section\">Gerencie efetivamente seus contratados e subcontratados<\/h2>\r\n                                                <div class=\"typical_text\">\r\n                            <p>Reunir toda a documenta\u00e7\u00e3o necess\u00e1ria, mant\u00ea-la atualizada e garantir a sua validade quando se trabalha com diferentes empreiteiros pode tornar-se uma tarefa complexa e exigente. Achilles Control transforma a Coordena\u00e7\u00e3o das Atividades Empresariais em uma tarefa simples e eficiente.<\/p>\n                        <\/div>\r\n                                            <\/div>\r\n\t\t\t\t\t\t\t\t\t\t\r\n                                        <div class=\"content_media\">\r\n                        <img decoding=\"async\" src=\"https:\/\/www.achilles.com\/app\/uploads\/2024\/12\/Untitled-design-14.png\" width=\"500\" alt=\"Control acceso\">\r\n                    <\/div>\r\n                                    <\/div>\r\n            <\/div>\r\n        <\/div>\r\n    \n\n     <div class=\"stats_section\">\r\n        <div class=\"stats_bg\">\r\n                        <img decoding=\"async\" src=\"https:\/\/www.achilles.com\/app\/uploads\/2024\/11\/xxxx.jpg\" alt=\"worker in a high visibility jacket and hard hat\">\r\n                    <\/div>\r\n        <div class=\"container\">\r\n            <div class=\"stats_inner\">\r\n                <div class=\"corner corner_top_left\"><\/div>\r\n                <div class=\"corner corner_top_right\"><\/div>\r\n                <div class=\"corner corner_bottom_left\"><\/div>\r\n                <div class=\"corner corner_bottom_right\"><\/div>\r\n                <div class=\"stats_wrap stats_anim\">\r\n                                        <div class=\"stats_item stats_anim_item\" data-total=\"200000\">\r\n                        <div class=\"stats_item_inner\">\r\n                            <p class=\"stats_item_count\"><span class=\"stats_anim_total\">0<\/span><span class=\"stats_item_symbol\">+<\/span><\/p>\r\n                                                        <p class=\"stats_item_name\">trabalhadores registrados e com toda a documenta\u00e7\u00e3o carregada e atualizada<\/p>\r\n                                                    <\/div>\r\n                    <\/div>\r\n                                        <div class=\"stats_item stats_anim_item\" data-total=\"30000\">\r\n                        <div class=\"stats_item_inner\">\r\n                            <p class=\"stats_item_count\"><span class=\"stats_anim_total\">0<\/span><span class=\"stats_item_symbol\">+<\/span><\/p>\r\n                                                        <p class=\"stats_item_name\">contratos apenas no sul da Europa<\/p>\r\n                                                    <\/div>\r\n                    <\/div>\r\n                                        <div class=\"stats_item stats_anim_item\" data-total=\"3000\">\r\n                        <div class=\"stats_item_inner\">\r\n                            <p class=\"stats_item_count\"><span class=\"stats_anim_total\">0<\/span><span class=\"stats_item_symbol\">+<\/span><\/p>\r\n                                                        <p class=\"stats_item_name\">contratos na Am\u00e9rica Latina<\/p>\r\n                                                    <\/div>\r\n                    <\/div>\r\n                                    <\/div>\r\n            <\/div>\r\n        <\/div>\r\n    <\/div>\r\n\n\n    <div class=\"content_section\">\r\n        <div class=\"container\">\r\n                        <div class=\"description_section\">\r\n                                <p class=\"title_category\">Alguns de nossos clientes<\/p>\r\n                                <h2 class=\"title_section\">As empresas l\u00edderes optam pelo Controle<\/h2>\r\n                                <div class=\"typical_text middle_text\">\r\n                    <p>Sabemos que tempo \u00e9 dinheiro. Validamos a documenta\u00e7\u00e3o dos seus contratantes em menos de 24 horas.<\/p>\n                <\/div>\r\n                            <\/div>\r\n                        <div class=\"logos_wrap\">\r\n                                <div class=\"logo_item\">\r\n                    <img decoding=\"async\" src=\"https:\/\/www.achilles.com\/app\/uploads\/2023\/10\/atlantic_cooper.png\" alt=\"\" width=\"185\">\r\n                <\/div>\r\n                                <div class=\"logo_item\">\r\n                    <img decoding=\"async\" src=\"https:\/\/www.achilles.com\/app\/uploads\/2023\/10\/acerinox-logo.jpeg\" alt=\"\" width=\"120\">\r\n                <\/div>\r\n                                <div class=\"logo_item\">\r\n                    <img decoding=\"async\" src=\"https:\/\/www.achilles.com\/app\/uploads\/2023\/10\/cemex-logo.jpeg\" alt=\"\" width=\"184\">\r\n                <\/div>\r\n                                <div class=\"logo_item\">\r\n                    <img decoding=\"async\" src=\"https:\/\/www.achilles.com\/app\/uploads\/2023\/10\/Naturgy-transparent.png\" alt=\"\" width=\"185\">\r\n                <\/div>\r\n                                <div class=\"logo_item\">\r\n                    <img decoding=\"async\" src=\"https:\/\/www.achilles.com\/app\/uploads\/2023\/11\/2560px-Indra-Sistemas-Logo.svg_.png\" alt=\"\" width=\"182\">\r\n                <\/div>\r\n                                <div class=\"logo_item\">\r\n                    <img decoding=\"async\" src=\"https:\/\/www.achilles.com\/app\/uploads\/2024\/12\/Schneider-Electric-Logo.jpg\" alt=\"\" width=\"184\">\r\n                <\/div>\r\n                                <div class=\"logo_item\">\r\n                    <img decoding=\"async\" src=\"https:\/\/www.achilles.com\/app\/uploads\/2024\/11\/Moeve_fondo_transparente.png\" alt=\"Moeve logo representing how Achilles supports the world's biggest companies to manage supply chain risk\" width=\"185\">\r\n                <\/div>\r\n                                <div class=\"logo_item\">\r\n                    <img decoding=\"async\" src=\"https:\/\/www.achilles.com\/app\/uploads\/2024\/12\/weatherford.png\" alt=\"\" width=\"180\">\r\n                <\/div>\r\n                                <div class=\"logo_item\">\r\n                    <img decoding=\"async\" src=\"https:\/\/www.achilles.com\/app\/uploads\/2024\/12\/hocol.png\" alt=\"\" width=\"120\">\r\n                <\/div>\r\n                                <div class=\"logo_item\">\r\n                    <img decoding=\"async\" src=\"https:\/\/www.achilles.com\/app\/uploads\/2023\/10\/Berge-logo.jpeg\" alt=\"\" width=\"185\">\r\n                <\/div>\r\n                            <\/div>\r\n                    <\/div>\r\n    <\/div>\r\n\n\n    <div class=\"content_section bg_grey\">\r\n        <div class=\"container\">\r\n                        <div class=\"description_section full\">\r\n                                <p class=\"title_category\">Hist\u00f3ria de sucesso<\/p>\r\n                                <h2 class=\"title_section\">A experi\u00eancia da Atlantic Copper com a Controlar<\/h2>\r\n                                <div class=\"typical_text\">\r\n                    <p>&nbsp;<\/p>\n<div style=\"float: left; margin: 0px 50px 0px 10px;\"><iframe loading=\"lazy\" title=\"YouTube video player\" src=\"https:\/\/www.youtube.com\/embed\/BZVKwBOqsYc?si=YVRttUscSAXDncVF&amp;controls=0\" width=\"560\" height=\"315\" frameborder=\"0\" allowfullscreen=\"allowfullscreen\"><\/iframe><\/div>\n<p>&nbsp;<\/p>\n<p style=\"font-size: 20px;\"><strong>Por que Controlar<\/strong><\/p>\n<p>Na Achilles h\u00e1 mais de 15 anos ajudamos os nossos clientes a gerir a Coordena\u00e7\u00e3o das Atividades Empresariais, garantindo a seguran\u00e7a e a sa\u00fade dos empreiteiros e subcontratados.<\/p>\n<p>A Atlantic Copper destaca como a plataforma Controlar agiliza a gest\u00e3o documental de 3.555 trabalhadores, ve\u00edculos e m\u00e1quinas, proporcionando tamb\u00e9m controle em tempo real para prevenir riscos de ORP.<\/p>\n<p>&nbsp;<\/p>\n<p>&nbsp;<\/p>\n<p>&nbsp;<\/p>\n<p>&nbsp;<\/p>\n                <\/div>\r\n                            <\/div>\r\n                    <\/div>\r\n    <\/div>\r\n\n\n    <div class=\"content_section\">\r\n        <div class=\"container\">\r\n            <div class=\"services_wrap\">\r\n                                <div class=\"services_left\">\r\n                                        <p class=\"title_category\">C\u00d3MO FUNCIONA<\/p>\r\n                                        <h2 class=\"title_section\">A solu\u00e7\u00e3o de controle de empreiteiras que voc\u00ea est\u00e1 procurando<\/h2>\r\n                                        <div class=\"typical_text\">\r\n                        <p>Na Achilles, gerimos mais de 30.000 contratos no sul da Europa e mais de 3.000 na Am\u00e9rica Latina, ajudando os nossos clientes a reduzir os riscos nas suas instala\u00e7\u00f5es e a evitar san\u00e7\u00f5es por incumprimento regulamentar.<\/p>\n<p>&nbsp;<\/p>\n<p>&nbsp;<\/p>\n                    <\/div>\r\n                                    <\/div>\r\n                                <div class=\"services_right\">\r\n                    <div class=\"services_list\">\r\n                                                <div class=\"service_box\">\r\n                                                        <p class=\"service_box_name\">\r\n                                <span class=\"service_box_check icon-Success\"><\/span>\r\n                                N\u00f3s definimos sua solu\u00e7\u00e3o                            <\/p>\r\n                                                        <div class=\"typical_text\">\r\n                                <p>Trabalhamos consigo para desenhar uma plataforma personalizada, adaptada \u00e0s necessidades espec\u00edficas da sua empresa e da sua equipa. Analisamos os seus processos e definimos as melhores solu\u00e7\u00f5es para otimizar a gest\u00e3o dos empreiteiros.<\/p>\r\n                            <\/div>\r\n                                                    <\/div>\r\n                                                <div class=\"service_box\">\r\n                                                        <p class=\"service_box_name\">\r\n                                <span class=\"service_box_check icon-Success\"><\/span>\r\n                                Criamos sua plataforma                            <\/p>\r\n                                                        <div class=\"typical_text\">\r\n                                <p>Desenvolvemos uma plataforma customizada, constru\u00edda em colabora\u00e7\u00e3o com voc\u00ea e focada em facilitar o controle eficiente de seus fornecedores e contratados.<\/p>\r\n                            <\/div>\r\n                                                    <\/div>\r\n                                                <div class=\"service_box\">\r\n                                                        <p class=\"service_box_name\">\r\n                                <span class=\"service_box_check icon-Success\"><\/span>\r\n                                Treinamos sua equipe                            <\/p>\r\n                                                        <div class=\"typical_text\">\r\n                                <p>Treinamos os seus contratantes para que o acesso \u00e0s suas instala\u00e7\u00f5es seja r\u00e1pido, simples e seguro, garantindo que compreendem e cumprem todos os requisitos necess\u00e1rios.<\/p>\r\n                            <\/div>\r\n                                                    <\/div>\r\n                                            <\/div>\r\n                <\/div>\r\n                            <\/div>\r\n        <\/div>\r\n    <\/div>\r\n\n\n    <div class=\"content_section\">\r\n        <div class=\"container\">\r\n                        <div class=\"posts_panel\">\r\n                <div class=\"description_section\">\r\n                                        <p class=\"title_category\">A opini\u00e3o dos nossos clientes<\/p>\r\n                     \r\n                    <h2 class=\"title_section\">Recomendado para si<\/h2>\r\n                                    <\/div>\r\n                            <\/div>\r\n                                    <div class=\"posts_wrap\">\r\n                                <div class=\"post_item\">\r\n                    <div class=\"post_item_top\">\r\n                                                <a class=\"post_item_img\" href=\"https:\/\/www.achilles.com\/pt-br\/google-case-de-sucesso\/\">\r\n                            <img decoding=\"async\" src=\"https:\/\/www.achilles.com\/app\/uploads\/2026\/03\/Achilles-Google-Supply-Chain-Risk-banner.png\" alt=\"Criando uma rede de constru\u00e7\u00e3o de data centers escal\u00e1vel, sustent\u00e1vel e resiliente\">\r\n                        <\/a>\r\n                                                <ul class=\"post_item_categories\">\r\n                                                        <li>Estudo de Caso<\/li>\r\n                                                        <li>Informa\u00e7\u00f5es setoriais<\/li>\r\n                                                    <\/ul>\r\n                    <\/div>\r\n                    <a class=\"post_item_name\" href=\"https:\/\/www.achilles.com\/pt-br\/google-case-de-sucesso\/\">Criando uma rede de constru\u00e7\u00e3o de data centers escal\u00e1vel, sustent\u00e1vel e resiliente<\/a>\r\n                <\/div>\r\n                                <div class=\"post_item\">\r\n                    <div class=\"post_item_top\">\r\n                                                <a class=\"post_item_img\" href=\"https:\/\/www.achilles.com\/pt-br\/informacao-por-setor\/redexis-gerenciamento-de-cae-com-visao-360-alem-da-conformidade-no-local\/\">\r\n                            <img decoding=\"async\" src=\"https:\/\/www.achilles.com\/app\/uploads\/2025\/06\/Copy-of-Website-Main-Header-Full-Width-LIMIT-to-1000KB-3.png\" alt=\"Redexis &#8211; Gerenciamento de CAE com vis\u00e3o 360\u00b0: al\u00e9m da conformidade no local\">\r\n                        <\/a>\r\n                                                <ul class=\"post_item_categories\">\r\n                                                        <li>Estudo de Caso<\/li>\r\n                                                        <li>Informa\u00e7\u00f5es setoriais<\/li>\r\n                                                    <\/ul>\r\n                    <\/div>\r\n                    <a class=\"post_item_name\" href=\"https:\/\/www.achilles.com\/pt-br\/informacao-por-setor\/redexis-gerenciamento-de-cae-com-visao-360-alem-da-conformidade-no-local\/\">Redexis &#8211; Gerenciamento de CAE com vis\u00e3o 360\u00b0: al\u00e9m da conformidade no local<\/a>\r\n                <\/div>\r\n                                <div class=\"post_item\">\r\n                    <div class=\"post_item_top\">\r\n                                                <a class=\"post_item_img\" href=\"https:\/\/www.achilles.com\/pt-br\/informacao-por-setor\/o-grupo-sanef-e-a-gestao-de-riscos-de-compras-e-fornecedores\/\">\r\n                            <img decoding=\"async\" src=\"https:\/\/www.achilles.com\/app\/uploads\/2023\/10\/Road-to-net-Zero.jpg\" alt=\"O grupo Sanef e a gest\u00e3o de riscos de compras e fornecedores\">\r\n                        <\/a>\r\n                                                <ul class=\"post_item_categories\">\r\n                                                        <li>Estudo de Caso<\/li>\r\n                                                        <li>Informa\u00e7\u00f5es setoriais<\/li>\r\n                                                    <\/ul>\r\n                    <\/div>\r\n                    <a class=\"post_item_name\" href=\"https:\/\/www.achilles.com\/pt-br\/informacao-por-setor\/o-grupo-sanef-e-a-gestao-de-riscos-de-compras-e-fornecedores\/\">O grupo Sanef e a gest\u00e3o de riscos de compras e fornecedores<\/a>\r\n                <\/div>\r\n                            <\/div>\r\n                    <\/div>\r\n    <\/div>\r\n\n\n    <div class=\"request_section\" id=\"form\">\r\n        <div class=\"contact_bg\">\r\n                    <\/div>\r\n        <div class=\"container\">\r\n            <div class=\"request_inner\">\r\n                                <div class=\"request_wrapper\">\r\n                <h2 class=\"title_section\">Entre em contato conosco para discutir o gerenciamento de seus prestadores de servi\u00e7os<\/h2>\r\n                <\/div>\r\n                                <div class=\"request_box\">\r\n                    <script charset=\"utf-8\" type=\"text\/javascript\" src=\"\/\/js.hsforms.net\/forms\/embed\/v2.js\"><\/script>\r\n<script>\r\n  hbspt.forms.create({\r\n    portalId: \"5387762\",\r\n    formId: \"90dea027-e433-44d7-a856-a40aac08671b\",\r\n    region: \"na1\"\r\n  });\r\n<\/script>                <\/div>\r\n            <\/div>\r\n        <\/div>\r\n    <\/div>\r\n\r\n","protected":false},"excerpt":{"rendered":"","protected":false},"author":2,"featured_media":0,"parent":0,"menu_order":0,"comment_status":"closed","ping_status":"closed","template":"","meta":{"_acf_changed":true,"content-type":"","footnotes":""},"class_list":["post-62983","page","type-page","status-publish","hentry"],"acf":[],"_links":{"self":[{"href":"https:\/\/www.achilles.com\/pt-br\/wp-json\/wp\/v2\/pages\/62983","targetHints":{"allow":["GET"]}}],"collection":[{"href":"https:\/\/www.achilles.com\/pt-br\/wp-json\/wp\/v2\/pages"}],"about":[{"href":"https:\/\/www.achilles.com\/pt-br\/wp-json\/wp\/v2\/types\/page"}],"author":[{"embeddable":true,"href":"https:\/\/www.achilles.com\/pt-br\/wp-json\/wp\/v2\/users\/2"}],"replies":[{"embeddable":true,"href":"https:\/\/www.achilles.com\/pt-br\/wp-json\/wp\/v2\/comments?post=62983"}],"version-history":[{"count":0,"href":"https:\/\/www.achilles.com\/pt-br\/wp-json\/wp\/v2\/pages\/62983\/revisions"}],"wp:attachment":[{"href":"https:\/\/www.achilles.com\/pt-br\/wp-json\/wp\/v2\/media?parent=62983"}],"curies":[{"name":"wp","href":"https:\/\/api.w.org\/{rel}","templated":true}]}}