{"id":409,"date":"2023-05-12T13:19:22","date_gmt":"2023-05-12T12:19:22","guid":{"rendered":"https:\/\/uat.achilles.com\/about-us\/"},"modified":"2023-11-17T16:53:35","modified_gmt":"2023-11-17T13:53:35","slug":"about-us","status":"publish","type":"page","link":"https:\/\/www.achilles.com\/pt-br\/sobre-nos\/","title":{"rendered":"Sobre n\u00f3s"},"content":{"rendered":"    <div class=\"top_section\">\n        <div class=\"container\">\n            <div class=\"top_info half\">\n                                    <h1 class=\"top_title\">Sobre n\u00f3s<\/h1>\n                                    <div class=\"top_text\">\n                        <p id=\"tw-target-text\" class=\"tw-data-text tw-text-large tw-ta\" dir=\"ltr\" data-placeholder=\"Translation\" data-ved=\"2ahUKEwjjkvqN8ZWCAxUZVEEAHV3BDSoQ3ewLegQICRAQ\"><span class=\"Y2IQFc\" lang=\"pt\">Achilles est\u00e1 na vanguarda da batalha contra as altera\u00e7\u00f5es clim\u00e1ticas, \u00e9 um defensor da justi\u00e7a social e dos direitos humanos e \u00e9 um especialista em sa\u00fade, seguran\u00e7a e gest\u00e3o de riscos.<\/span><\/p>\n                    <\/div>\n                                    <div class=\"top_buttons\">\n                                                    <a class=\"btn btn_white btn_big\" href=\"\/pt-br\/supplier-solutions\/\">Encontre uma rede<\/a>\n                                                    <a class=\"btn btn_big\" href=\"\/pt-br\/contact-us\">Fale com um especialista em risco da cadeia de suprimentos<\/a>\n                                            <\/div>\n                            <\/div>\n        <\/div>\n        <div class=\"top_media\">\n\t\t\t            <img decoding=\"async\" src=\"https:\/\/www.achilles.com\/app\/uploads\/2023\/07\/MicrosoftTeams-image-14-scaled-2.jpg\" alt=\"\">\n                    <\/div>\n    <\/div>\n\n\n    <div class=\"content_section page_default_text\">\r\n        <div class=\"container\">\r\n            <article class=\"article_wrap\">\r\n                <div class=\"article_main\">\r\n                    <div class=\"typical_text\">\r\n                        <h2>Desde que a nossa hist\u00f3ria come\u00e7ou, h\u00e1 mais de 30 anos, o objetivo de Aquiles tem sido construir um mundo mais sustent\u00e1vel, mais limpo, mais seguro e mais justo.<\/h2>\n<p id=\"tw-target-text\" class=\"tw-data-text tw-text-large tw-ta\" dir=\"ltr\" data-placeholder=\"Translation\" data-ved=\"2ahUKEwjjkvqN8ZWCAxUZVEEAHV3BDSoQ3ewLegQICRAQ\"><span class=\"Y2IQFc\" lang=\"pt\">Usando nossa plataforma tecnol\u00f3gica global e protocolos baseados em nosso conhecimento e experi\u00eancia incompar\u00e1veis \u200b\u200bem ESG, nossos validadores e auditores altamente qualificados realizam a devida dilig\u00eancia e fornecem insights profundos que garantem que as organiza\u00e7\u00f5es possam gerenciar com confian\u00e7a os riscos da cadeia de suprimentos e atender plenamente a ESG, sustentabilidade, direitos humanos e obriga\u00e7\u00f5es de sa\u00fade e seguran\u00e7a.<\/span><\/p>\n \r\n                    <\/div>\r\n                <\/div>\r\n            <\/article>\r\n        <\/div>\r\n    <\/div>\r\n\n\n    <div class=\"quote_section\">\r\n        <div class=\"quote_bg\">\r\n                        <img decoding=\"async\" src=\"https:\/\/www.achilles.com\/app\/uploads\/2023\/07\/iStock-1130406722-scaled-1-e1696931703178.jpg\" alt=\"\">\r\n                    <\/div>\r\n        <div class=\"container\">\r\n            <div class=\"quote_wrapper\">\r\n                <div class=\"quote_item\">\r\n                                        <div class=\"quote_item_text\">\r\n                        <p>Estou muito satisfeito por fazer parceria com a Achilles para combater o abuso e a explora\u00e7\u00e3o dos trabalhadores. A nossa colabora\u00e7\u00e3o e partilha de conhecimentos e dados apoia ambas as nossas organiza\u00e7\u00f5es na constru\u00e7\u00e3o de resili\u00eancia nas empresas globais aos riscos da escravatura moderna.<\/p>\n                    <\/div>\r\n                                        <p class=\"quote_item_author\">Justine Currell,  Diretor-executivo, Unseen UK<\/p>\r\n                                        <a href=\"\/pt-br\/contact-us\" class=\"btn btn_big\">Iniciar<\/a>\r\n                                    <\/div>\r\n            <\/div>\r\n        <\/div>\r\n    <\/div>\r\n\n\n            <div class=\"content_section bg_grey\">\r\n            <div class=\"container\">\r\n                <div class=\"content_intro\">\r\n                    <div class=\"content_intro_info\">\r\n                                                <h2 class=\"title_section\"> Gest\u00e3o abrangente de riscos na cadeia de suprimentos<\/h2>\r\n                                                <div class=\"typical_text\">\r\n                            <p id=\"tw-target-text\" class=\"tw-data-text tw-text-large tw-ta\" dir=\"ltr\" data-placeholder=\"Translation\" data-ved=\"2ahUKEwjjkvqN8ZWCAxUZVEEAHV3BDSoQ3ewLegQICRAQ\"><span class=\"Y2IQFc\" lang=\"pt\">Aquilles fornece uma solu\u00e7\u00e3o completa de risco na cadeia de suprimentos. Somos especialistas l\u00edderes mundiais em compras e regulamenta\u00e7\u00e3o da cadeia de abastecimento, sa\u00fade e seguran\u00e7a, risco financeiro e cibern\u00e9tico e sustentabilidade e gest\u00e3o de carbono.<\/span><\/p>\n                        <\/div>\r\n                                                <a class=\"btn btn_white\" href=\"\/pt-br\/supply-chain-due-diligence\/\"> Saber mais<\/a>\r\n                                            <\/div>\r\n                                        <div class=\"content_intro_media\">\r\n                        <img decoding=\"async\" src=\"https:\/\/www.achilles.com\/app\/uploads\/2023\/10\/AdobeStock_180516796-scaled.jpeg\" width=\"500\" alt=\"\">\r\n                    <\/div>\r\n                                    <\/div>\r\n            <\/div>\r\n        <\/div>\r\n    \n\n            <div class=\"content_section\">\r\n            <div class=\"container\">\r\n                <div class=\"content_intro right\">\r\n                    <div class=\"content_intro_info\">\r\n                                                <h2 class=\"title_section\">Unrivalled supply chain transparency<\/h2>\r\n                                                <div class=\"typical_text\">\r\n                            <p>Achilles rigorous validation of supplier information draws from multiple sources to create a complete picture that uniquely also includes in-person audits and worker interviews to provide unrivalled ESG and supply chain transparency.<\/p>\n                        <\/div>\r\n                                                <a class=\"btn btn_white\" href=\"\/pt-br\/supply-chain-visibility\/\"> Saber mais<\/a>\r\n                                            <\/div>\r\n                                    <\/div>\r\n            <\/div>\r\n        <\/div>\r\n    \n\n            <div class=\"content_section bg_grey\">\r\n            <div class=\"container\">\r\n                <div class=\"content_intro\">\r\n                    <div class=\"content_intro_info\">\r\n                                                <h2 class=\"title_section\">Effective carbon reduction<\/h2>\r\n                                                <div class=\"typical_text\">\r\n                            <p>Achilles provides the only accredited Carbon Reduction programme in Europe to independently measure and reduce carbon emissions and meet all stakeholder reporting requirements. In 2022, Achilles saved organisations 97,000 tonnes of CO2 &#8211; equivalent to planting 4.8 million trees.<\/p>\n                        <\/div>\r\n                                                <a class=\"btn btn_white\" href=\"\/pt-br\/carbon-reduction\/\"> Saber mais<\/a>\r\n                                            <\/div>\r\n                                    <\/div>\r\n            <\/div>\r\n        <\/div>\r\n    \n\n    <div class=\"content_section bg_grey\">\r\n        <div class=\"container\">\r\n                        <div class=\"description_section\">\r\n                                <h2 class=\"title_section\">The Achilles Difference<\/h2>\r\n                                <div class=\"typical_text\">\r\n                    <p>Achilles is the only ESG specialist to offer truly in-depth assessments, including on-site audits, to provide the level of supply chain transparency and confidence truly required by today\u2019s most environmentally conscious and ethical organisations.<\/p>\n                <\/div>\r\n                            <\/div>\r\n                        <div class=\"features_wrap features_four\">\r\n                                <div class=\"feature_item\">\r\n                                        <div class=\"feature_item_icon\">\r\n                        <img decoding=\"async\" src=\"https:\/\/www.achilles.com\/app\/uploads\/2023\/10\/achilles_icon_multiple-users-network.png\" alt=\"400+ delegates\">\r\n                    <\/div>\r\n                                        <h3 class=\"feature_item_name\">500+ people<\/h3>\r\n                                        <div class=\"typical_text\">\r\n                        <p id=\"tw-target-text\" class=\"tw-data-text tw-text-large tw-ta\" dir=\"ltr\" data-placeholder=\"Translation\" data-ved=\"2ahUKEwjjkvqN8ZWCAxUZVEEAHV3BDSoQ3ewLegQICRAQ\"><span class=\"Y2IQFc\" lang=\"pt\">Uma equipe global especializada, incluindo validadores e auditores, fornece gerenciamento completo da cadeia de suprimentos e suporte ao cliente em mais de 20 idiomas.<\/span><\/p>\n                    <\/div>\r\n                                        <a class=\"btn\" aria-label=\"500+ people -  Saber mais\" href=\"\/pt-br\/equipe-executiva\/\"> Saber mais<\/a>\r\n                                    <\/div>\r\n                                <div class=\"feature_item\">\r\n                                        <div class=\"feature_item_icon\">\r\n                        <img decoding=\"async\" src=\"https:\/\/www.achilles.com\/app\/uploads\/2023\/10\/achilles_icon_shield-globe.png\" alt=\"\">\r\n                    <\/div>\r\n                                        <h3 class=\"feature_item_name\">17 countries<\/h3>\r\n                                        <div class=\"typical_text\">\r\n                        <p>Global reach and local presence ensures understanding of local regulations, language and culture to enable superior supply chain risk management.<\/p>\n                    <\/div>\r\n                                        <a class=\"btn\" aria-label=\"17 countries - Learn more\" href=\"\/pt-br\/locais\/\">Learn more<\/a>\r\n                                    <\/div>\r\n                                <div class=\"feature_item\">\r\n                                        <div class=\"feature_item_icon\">\r\n                        <img decoding=\"async\" src=\"https:\/\/www.achilles.com\/app\/uploads\/2023\/10\/achilles_icon_business-contract-approve.png\" alt=\"\">\r\n                    <\/div>\r\n                                        <h3 class=\"feature_item_name\">6500+ audits<\/h3>\r\n                                        <div class=\"typical_text\">\r\n                        <p>Achilles unique desk and on-site audit and worker interview capability supports rigorous supply chain due diligence requirements and goals.<\/p>\n                    <\/div>\r\n                                        <a class=\"btn\" aria-label=\"6500+ audits - Learn more\" href=\"\/features\/ethical-business-programme\/\">Learn more<\/a>\r\n                                    <\/div>\r\n                                <div class=\"feature_item\">\r\n                                        <div class=\"feature_item_icon\">\r\n                        <img decoding=\"async\" src=\"https:\/\/www.achilles.com\/app\/uploads\/2023\/06\/Achilles-icons_Management-Systems-audit.png\" alt=\" 10 hours of networking\">\r\n                    <\/div>\r\n                                        <h3 class=\"feature_item_name\">#1 global platform<\/h3>\r\n                                        <div class=\"typical_text\">\r\n                        <p>The My Achilles platform is designed to collect, validate and manage complex supply chain data and simplify supply chain management and reporting.<\/p>\n                    <\/div>\r\n                                        <a class=\"btn\" aria-label=\"#1 global platform - Learn more\" href=\"https:\/\/www.achilles.com\/pt-br\/my-achilles\/\">Learn more<\/a>\r\n                                    <\/div>\r\n                            <\/div>\r\n                    <\/div>\r\n    <\/div>\r\n\n\n    <div class=\"content_section\">\r\n        <div class=\"container\">\r\n                        <div class=\"posts_panel\">\r\n                <div class=\"description_section\">\r\n                                        <p class=\"title_category\">NEWS RELEASES<\/p>\r\n                     \r\n                    <h2 class=\"title_section\">Keep up with latest Achilles news<\/h2>\r\n                                    <\/div>\r\n                            <\/div>\r\n                                    <div class=\"posts_wrap\">\r\n                                <div class=\"post_item\">\r\n                    <div class=\"post_item_top\">\r\n                                                <a class=\"post_item_img\" href=\"https:\/\/www.achilles.com\/pt-br\/pesquisa-global-da-achilles-revela-grandes-lacunas-de-visibilidade-nas-cadeias-de-suprimentos\/\">\r\n                            <img decoding=\"async\" src=\"https:\/\/www.achilles.com\/app\/uploads\/2026\/03\/Web-page-top-banner-thumbnail-of-Achilles-Global-Supplier-Risk-and-Sustainability-Survey-2026.jpg\" alt=\"Pesquisa Global da Achilles Revela Grandes Lacunas de Visibilidade nas Cadeias de Suprimentos\">\r\n                        <\/a>\r\n                                                <ul class=\"post_item_categories\">\r\n                                                        <li>Comunicado de imprensa<\/li>\r\n                                                        <li>Informa\u00e7\u00f5es setoriais<\/li>\r\n                                                    <\/ul>\r\n                    <\/div>\r\n                    <a class=\"post_item_name\" href=\"https:\/\/www.achilles.com\/pt-br\/pesquisa-global-da-achilles-revela-grandes-lacunas-de-visibilidade-nas-cadeias-de-suprimentos\/\">Pesquisa Global da Achilles Revela Grandes Lacunas de Visibilidade nas Cadeias de Suprimentos<\/a>\r\n                <\/div>\r\n                                <div class=\"post_item\">\r\n                    <div class=\"post_item_top\">\r\n                                                <a class=\"post_item_img\" href=\"https:\/\/www.achilles.com\/pt-br\/a-vicuna-conta-com-a-achilles-infocontrol-para-fortalecer-a-gestao-de-riscos-e-a-sustentabilidade-de-sua-cadeia-de-fornecimento\/\">\r\n                            <img decoding=\"async\" src=\"https:\/\/www.achilles.com\/app\/uploads\/2025\/12\/Vicuna.png\" alt=\"A Vicu\u00f1a conta com a Achilles Infocontrol para fortalecer a gest\u00e3o de riscos e a sustentabilidade de sua cadeia de fornecimento\">\r\n                        <\/a>\r\n                                                <ul class=\"post_item_categories\">\r\n                                                        <li>Comunicado de imprensa<\/li>\r\n                                                        <li>Informa\u00e7\u00f5es setoriais<\/li>\r\n                                                    <\/ul>\r\n                    <\/div>\r\n                    <a class=\"post_item_name\" href=\"https:\/\/www.achilles.com\/pt-br\/a-vicuna-conta-com-a-achilles-infocontrol-para-fortalecer-a-gestao-de-riscos-e-a-sustentabilidade-de-sua-cadeia-de-fornecimento\/\">A Vicu\u00f1a conta com a Achilles Infocontrol para fortalecer a gest\u00e3o de riscos e a sustentabilidade de sua cadeia de fornecimento<\/a>\r\n                <\/div>\r\n                                <div class=\"post_item\">\r\n                    <div class=\"post_item_top\">\r\n                                                <a class=\"post_item_img\" href=\"https:\/\/www.achilles.com\/pt-br\/informacao-por-setor\/achilles-lanca-achillesai-predictive-scoring-para-complementar-avaliacoes-mais-aprofundadas-de-fornecedores\/\">\r\n                            <img decoding=\"async\" src=\"https:\/\/www.achilles.com\/app\/uploads\/2025\/08\/Predictive-Scoring.png\" alt=\"Achilles lan\u00e7a o AchillesAI Predictive Scoring para complementar as avalia\u00e7\u00f5es detalhadas de fornecedores\">\r\n                        <\/a>\r\n                                                <ul class=\"post_item_categories\">\r\n                                                        <li>Comunicado de imprensa<\/li>\r\n                                                    <\/ul>\r\n                    <\/div>\r\n                    <a class=\"post_item_name\" href=\"https:\/\/www.achilles.com\/pt-br\/informacao-por-setor\/achilles-lanca-achillesai-predictive-scoring-para-complementar-avaliacoes-mais-aprofundadas-de-fornecedores\/\">Achilles lan\u00e7a o AchillesAI Predictive Scoring para complementar as avalia\u00e7\u00f5es detalhadas de fornecedores<\/a>\r\n                <\/div>\r\n                            <\/div>\r\n                    <\/div>\r\n    <\/div>\r\n\n\n    <div class=\"content_section\">\r\n        <div class=\"container\">\r\n                        <div class=\"content_block\">\r\n                                <div class=\"description_section\">\r\n                                        <p class=\"title_category\">Certifications<\/p>\r\n                                        <h2 class=\"title_section\">Achilles works in conjunction with and complies with international standards<\/h2>\r\n                                    <\/div>\r\n                                <div class=\"logos_block\">\r\n                    <div class=\"logos_slider swiper-container\">\r\n                        <div class=\"swiper-wrapper\">\r\n                                                        <div class=\"logo_slide_item swiper-slide\">\r\n                                <img decoding=\"async\" src=\"https:\/\/www.achilles.com\/app\/uploads\/2023\/05\/certification_1.png\" width=\"144\" alt=\"\">\r\n                            <\/div>\r\n                                                        <div class=\"logo_slide_item swiper-slide\">\r\n                                <img decoding=\"async\" src=\"https:\/\/www.achilles.com\/app\/uploads\/2023\/05\/certification_2.jpg\" width=\"144\" alt=\"\">\r\n                            <\/div>\r\n                                                        <div class=\"logo_slide_item swiper-slide\">\r\n                                <img decoding=\"async\" src=\"https:\/\/www.achilles.com\/app\/uploads\/2023\/05\/certification_3.jpg\" width=\"145\" alt=\"\">\r\n                            <\/div>\r\n                                                        <div class=\"logo_slide_item swiper-slide\">\r\n                                <img decoding=\"async\" src=\"https:\/\/www.achilles.com\/app\/uploads\/2023\/05\/certification_4.png\" width=\"143\" alt=\"\">\r\n                            <\/div>\r\n                                                    <\/div>\r\n                    <\/div>\r\n                    <div class=\"logos_arrow logos_arrow_prev icon-Chevron-Left\"><\/div>\r\n                    <div class=\"logos_arrow logos_arrow_next icon-Chevron-Right\"><\/div>\r\n                <\/div>\r\n                            <\/div>\r\n                    <\/div>\r\n    <\/div>\r\n\n\n    <div class=\"content_section bg_grey\">\r\n        <div class=\"container\">\r\n                                    <div class=\"cta_wrap\">\r\n                                <a href=\"https:\/\/www.achilles.com\/pt-br\/carreiras\/\" class=\"cta_box\" >\r\n                    <div class=\"cta_box_bg\">\r\n                                                <img decoding=\"async\" src=\"https:\/\/www.achilles.com\/app\/uploads\/2023\/05\/quote_team.jpg\" alt=\"\">\r\n                                            <\/div>\r\n                    <div class=\"cta_box_info\">\r\n                                                <h3 class=\"cta_box_name\">Join the Achilles team<\/h3>\r\n                                                <span class=\"btn\">View our vacancies<\/span>\r\n                                            <\/div>\r\n                <\/a>\r\n                                <a href=\"https:\/\/www.achilles.com\/pt-br\/pesquisa-locais\/\" class=\"cta_box\" >\r\n                    <div class=\"cta_box_bg\">\r\n                                                <img decoding=\"async\" src=\"https:\/\/www.achilles.com\/app\/uploads\/2023\/06\/iStock-1435661969.jpg\" alt=\"G\">\r\n                                            <\/div>\r\n                    <div class=\"cta_box_info\">\r\n                                                <h3 class=\"cta_box_name\">Offices around the world<\/h3>\r\n                                                <span class=\"btn\">Explore our locations<\/span>\r\n                                            <\/div>\r\n                <\/a>\r\n                            <\/div>\r\n                        <div class=\"cta_text typical_text\">\r\n                <p>Read more about our <a href=\"#\">Corporate Social Responsibilities<\/a> here.<\/p>\n            <\/div>\r\n                                <\/div>\r\n    <\/div>\r\n","protected":false},"excerpt":{"rendered":"","protected":false},"author":1,"featured_media":0,"parent":0,"menu_order":0,"comment_status":"closed","ping_status":"closed","template":"","meta":{"_acf_changed":false,"content-type":"","footnotes":""},"class_list":["post-409","page","type-page","status-publish","hentry"],"acf":[],"_links":{"self":[{"href":"https:\/\/www.achilles.com\/pt-br\/wp-json\/wp\/v2\/pages\/409","targetHints":{"allow":["GET"]}}],"collection":[{"href":"https:\/\/www.achilles.com\/pt-br\/wp-json\/wp\/v2\/pages"}],"about":[{"href":"https:\/\/www.achilles.com\/pt-br\/wp-json\/wp\/v2\/types\/page"}],"author":[{"embeddable":true,"href":"https:\/\/www.achilles.com\/pt-br\/wp-json\/wp\/v2\/users\/1"}],"replies":[{"embeddable":true,"href":"https:\/\/www.achilles.com\/pt-br\/wp-json\/wp\/v2\/comments?post=409"}],"version-history":[{"count":0,"href":"https:\/\/www.achilles.com\/pt-br\/wp-json\/wp\/v2\/pages\/409\/revisions"}],"wp:attachment":[{"href":"https:\/\/www.achilles.com\/pt-br\/wp-json\/wp\/v2\/media?parent=409"}],"curies":[{"name":"wp","href":"https:\/\/api.w.org\/{rel}","templated":true}]}}