{"id":25246,"date":"2023-10-20T16:47:48","date_gmt":"2023-10-20T13:47:48","guid":{"rendered":"https:\/\/uat.achilles.com\/modern-slavery-statement\/"},"modified":"2023-11-16T17:15:18","modified_gmt":"2023-11-16T14:15:18","slug":"declaracao-de-escravatura-moderna","status":"publish","type":"page","link":"https:\/\/www.achilles.com\/pt-br\/declaracao-de-escravatura-moderna\/","title":{"rendered":"Declara\u00e7\u00e3o sobre a escravatura moderna"},"content":{"rendered":"\n<p>Esta declara\u00e7\u00e3o \u00e9 feita de acordo com a sec\u00e7\u00e3o 54(1) da Lei da Escravatura Moderna de 2015 e constitui a Declara\u00e7\u00e3o da Achilles sobre Escravatura e Tr\u00e1fico Humano para o ano financeiro que termina a 30 de abril de 2023.<\/p>\n\n<p>A Achilles est\u00e1 empenhada em melhorar todas as pr\u00e1ticas comerciais para garantir que a escravatura e o tr\u00e1fico de seres humanos n\u00e3o ocorram em nenhuma parte da nossa empresa ou da nossa cadeia de fornecimento.<\/p>\n\n<h2 class=\"wp-block-heading\">Sobre Aquiles<\/h2>\n\n<p>A Aurora II Topco Limited \u00e9 a empresa-m\u00e3e do grupo de empresas Achilles (&#8220;Achilles&#8221;). A Achilles tem aproximadamente 500 funcion\u00e1rios em todo o mundo e opera na Europa, \u00c1sia, M\u00e9dio Oriente, EUA e Am\u00e9rica Latina.<\/p>\n\n<p>A Achilles cria e gere uma rede global de redes colaborativas do sector, permitindo ao com\u00e9rcio<br\/>parceiros para partilhar dados de alta qualidade, estruturados e em tempo real. Utilizando tecnologia baseada na nuvem, actuamos como um parceiro independente que fornece dados e an\u00e1lises validados para permitir aos compradores gerir o risco da cadeia de fornecimento e aos fornecedores aumentar o alcance do mercado no seu sector.<\/p>\n\n<p>Na Achilles, estamos comprometidos com a sustentabilidade e o desempenho das empresas com as quais trabalhamos<br\/>com. Recolhemos e validamos os dados dos fornecedores e reduzimos os riscos a n\u00edvel global. Este conhecimento baseado em dados cria cadeias de abastecimento mais seguras, sustent\u00e1veis e transparentes e orgulhamo-nos de ser uma empresa respons\u00e1vel, empenhada em agir com integridade para com os nossos clientes, os nossos colaboradores e os fornecedores e compradores que servimos em todo o mundo.<\/p>\n\n<h2 class=\"wp-block-heading\">O nosso compromisso<\/h2>\n\n<p>Abominamos a escravatura e o tr\u00e1fico de seres humanos e opomo-nos totalmente a esses abusos nas nossas opera\u00e7\u00f5es directas, nas nossas opera\u00e7\u00f5es indirectas e na nossa cadeia de abastecimento.<\/p>\n\n<p>O nosso objetivo \u00e9 dispor de pol\u00edticas, processos e procedimentos adequados e procuramos continuamente<br\/>melhorar as nossas pr\u00f3prias opera\u00e7\u00f5es comerciais, a fim de expor e eliminar as viola\u00e7\u00f5es dos direitos humanos nas cadeias de abastecimento.<\/p>\n\n<h2 class=\"wp-block-heading\">Ajudar os nossos clientes a identificar os riscos da cadeia de abastecimento<\/h2>\n\n<p>Os servi\u00e7os de registo e garantia de fornecedores da Achilles visam garantir que n\u00e3o existe escravatura moderna<br\/>oculta nas cadeias de abastecimento dos nossos clientes. Fazemo-lo alinhando os nossos servi\u00e7os com os servi\u00e7os internacionais<br\/>processos reconhecidos de dilig\u00eancia devida. O nosso processo de verifica\u00e7\u00e3o baseado no risco envolve (i) uma verifica\u00e7\u00e3o cont\u00ednua<br\/>avalia\u00e7\u00e3o dos principais fornecedores dos nossos clientes utilizando as informa\u00e7\u00f5es fornecidas; (ii) determina\u00e7\u00e3o de um risco<br\/>perfil do fornecedor (com base em v\u00e1rios \u00edndices, incluindo os definidos pela Organiza\u00e7\u00e3o Internacional do Trabalho)<br\/>Organiza\u00e7\u00e3o Mundial da Escravatura e Global Slavery Index); e (iii) efetuar uma avalia\u00e7\u00e3o mais pormenorizada dos fornecedores de maior risco.<\/p>\n\n<p>Para um n\u00famero significativo dos nossos clientes compradores, as respostas dos fornecedores s\u00e3o depois validadas atrav\u00e9s de uma auditoria no local ou \u00e0 dist\u00e2ncia para avaliar os direitos dos trabalhadores na cadeia de abastecimento. Procur\u00e1mos ativamente o desenvolvimento destas auditorias empresariais \u00e9ticas e, em julho de 2022, o Programa Empresarial \u00c9tico da Achilles constituiu um aspeto fundamental da Parceria Estrat\u00e9gica para a Escravatura Moderna da Scape, que visa combater a escravatura moderna e a explora\u00e7\u00e3o laboral, refor\u00e7ar a abordagem do sector da constru\u00e7\u00e3o para minimizar o risco da escravatura moderna e promover oportunidades de mudan\u00e7a.<\/p>\n\n<h2 class=\"wp-block-heading\">A nossa cadeia de abastecimento e estrutura<\/h2>\n\n<p>No exerc\u00edcio financeiro findo em 30 de abril de 2023, a Achilles recebeu uma variedade de bens e servi\u00e7os de fornecedores terceiros. A nossa revis\u00e3o e an\u00e1lise anual dos nossos fornecedores indica que as principais categorias de despesas com aquisi\u00e7\u00f5es continuaram a incluir:<\/p>\n\n<ul class=\"wp-block-list\">\n<li>Contratantes, incluindo auditores independentes qualificados da cadeia de abastecimento que efectuam auditorias<br\/>servi\u00e7os<\/li>\n\n\n\n<li>Consultores profissionais<\/li>\n\n\n\n<li>Fornecedores de aluguer de escrit\u00f3rios e gest\u00e3o de instala\u00e7\u00f5es<\/li>\n\n\n\n<li>Equipamento, software e servi\u00e7os de tecnologia e telecomunica\u00e7\u00f5es<\/li>\n<\/ul>\n\n<p>Ap\u00f3s a nossa an\u00e1lise, n\u00e3o consideramos que as nossas rela\u00e7\u00f5es com qualquer um dos nossos fornecedores d\u00eaem origem a<br\/>riscos materiais de escravatura ou tr\u00e1fico de seres humanos.<\/p>\n\n<h2 class=\"wp-block-heading\">Pol\u00edticas e forma\u00e7\u00e3o<\/h2>\n\n<p>A nossa Pol\u00edtica de Combate \u00e0 Escravatura e ao Tr\u00e1fico de Seres Humanos reflecte o empenho da Achilles em agir de forma \u00e9tica e \u00edntegra em todas as nossas rela\u00e7\u00f5es comerciais e em implementar e aplicar sistemas e controlos eficazes para garantir que n\u00e3o existe escravatura e tr\u00e1fico de seres humanos na nossa cadeia de abastecimento. Continuamos a fazer parceria com a institui\u00e7\u00e3o de caridade anti-escravatura Unseen, para al\u00e9m de prestarmos apoio ao Laborat\u00f3rio de Direitos da Universidade de Nottingham, uma unidade de investiga\u00e7\u00e3o sobre escravatura moderna l\u00edder mundial, empenhada em acabar com a escravatura.<\/p>\n\n<p>Sempre que necess\u00e1rio, fornecemos orienta\u00e7\u00e3o e forma\u00e7\u00e3o para ajudar os funcion\u00e1rios a compreenderem as expectativas<br\/>comportamento, nomeadamente no que respeita \u00e0s suas decis\u00f5es comerciais e aos conflitos de interesses. Todos os funcion\u00e1rios t\u00eam acesso a um curso de forma\u00e7\u00e3o em linha sobre Escravatura Moderna, que fornece informa\u00e7\u00f5es sobre como identificar sinais de escravatura na cadeia de abastecimento e como levantar e comunicar quaisquer preocupa\u00e7\u00f5es.<\/p>\n\n<h2 class=\"wp-block-heading\">A\u00e7\u00e3o para combater a escravatura moderna<\/h2>\n\n<p>Esfor\u00e7amo-nos por ter um conhecimento pormenorizado dos nossos fornecedores, das suas opera\u00e7\u00f5es e pr\u00e1ticas. Dispomos de sistemas para:<\/p>\n\n<ul class=\"wp-block-list\">\n<li>Identificar e avaliar potenciais \u00e1reas de risco na nossa cadeia de abastecimento<\/li>\n\n\n\n<li>Atenuar o risco de ocorr\u00eancia de escravatura e tr\u00e1fico de seres humanos na nossa cadeia de abastecimento<\/li>\n\n\n\n<li>Acompanha os fornecedores que apresentam um perfil de risco mais elevado<\/li>\n\n\n\n<li>Protege os denunciantes.<\/li>\n<\/ul>\n\n<p>Durante o \u00faltimo exerc\u00edcio financeiro, a Achilles continuou o projeto de integra\u00e7\u00e3o dos seus fornecedores globais no programa Achilles<br\/>plataforma de gest\u00e3o de fornecedores, melhorando a transpar\u00eancia da nossa cadeia de abastecimento e as decis\u00f5es de aquisi\u00e7\u00e3o. Como<br\/>Como parte desse processo, os fornecedores da Achilles s\u00e3o solicitados a cumprir o C\u00f3digo de Conduta de Fornecedores da Achilles, que abrange \u00e1reas como Escravid\u00e3o Moderna, Sa\u00fade e Seguran\u00e7a e Antissuborno.<\/p>\n\n<p>No \u00e2mbito dos Servi\u00e7os de Auditoria da Achilles, a Achilles notifica os seus prestadores de servi\u00e7os de auditoria externos sobre os requisitos<br\/>das declara\u00e7\u00f5es da Achilles sobre Conflito de Interesses, Incentivos N\u00e3o \u00c9ticos e Conduta Profissional contidas<br\/>no \u00e2mbito do C\u00f3digo de Conduta do Auditor. Os auditores individuais tamb\u00e9m s\u00e3o obrigados a aderir ao mesmo<br\/>normas profissionais como os auditores empregados pela Achilles, ou seja, realizam as mesmas aulas, trabalhos de campo<br\/>forma\u00e7\u00e3o e acompanhamento cont\u00ednuo para garantir o cumprimento dos c\u00f3digos de conduta e de auditoria da Achilles<br\/>normas. O acompanhamento da forma\u00e7\u00e3o dos auditores e a aceita\u00e7\u00e3o das declara\u00e7\u00f5es acima referidas \u00e9<br\/>mantido pelo Departamento de Servi\u00e7os de Auditoria.<\/p>\n\n<p>A Achilles \u00e9 uma forte defensora do Sal\u00e1rio Digno e apoia firmemente a remunera\u00e7\u00e3o justa no trabalho. Todos diretamente<br\/>O pessoal empregado e contratado regularmente por terceiros \u00e9 pago com um sal\u00e1rio igual ou superior ao sal\u00e1rio de subsist\u00eancia.<br\/><\/p>\n\n<p>Aprovado pelo Conselho de Administra\u00e7\u00e3o da Aurora II Topco Limited em 21 de setembro de 2023.<br\/>Paul Stanley<br\/>Diretor e CEO<\/p>\n\n<p>Podes descarregar a vers\u00e3o PDF desta declara\u00e7\u00e3o <a href=\"https:\/\/www.achilles.com\/wp\/wp-content\/uploads\/2023\/10\/Modern-Slavery-Statement-year-ending-April-2023-4.pdf\">aqui<\/a>.  <\/p>\n\n<ul class=\"wp-block-list\">\n<li><\/li>\n<\/ul>\n","protected":false},"excerpt":{"rendered":"<p>Esta declara\u00e7\u00e3o \u00e9 feita de acordo com a sec\u00e7\u00e3o 54(1) da Lei da Escravatura Moderna de 2015 e constitui a Declara\u00e7\u00e3o da Achilles sobre Escravatura e Tr\u00e1fico Humano para o ano financeiro que termina a 30 de abril de 2023. A Achilles est\u00e1 empenhada em melhorar todas as pr\u00e1ticas comerciais para garantir que a escravatura [&hellip;]<\/p>\n","protected":false},"author":2,"featured_media":0,"parent":0,"menu_order":0,"comment_status":"closed","ping_status":"closed","template":"","meta":{"_acf_changed":false,"content-type":"","footnotes":""},"class_list":["post-25246","page","type-page","status-publish","hentry"],"acf":[],"_links":{"self":[{"href":"https:\/\/www.achilles.com\/pt-br\/wp-json\/wp\/v2\/pages\/25246","targetHints":{"allow":["GET"]}}],"collection":[{"href":"https:\/\/www.achilles.com\/pt-br\/wp-json\/wp\/v2\/pages"}],"about":[{"href":"https:\/\/www.achilles.com\/pt-br\/wp-json\/wp\/v2\/types\/page"}],"author":[{"embeddable":true,"href":"https:\/\/www.achilles.com\/pt-br\/wp-json\/wp\/v2\/users\/2"}],"replies":[{"embeddable":true,"href":"https:\/\/www.achilles.com\/pt-br\/wp-json\/wp\/v2\/comments?post=25246"}],"version-history":[{"count":0,"href":"https:\/\/www.achilles.com\/pt-br\/wp-json\/wp\/v2\/pages\/25246\/revisions"}],"wp:attachment":[{"href":"https:\/\/www.achilles.com\/pt-br\/wp-json\/wp\/v2\/media?parent=25246"}],"curies":[{"name":"wp","href":"https:\/\/api.w.org\/{rel}","templated":true}]}}