{"id":2516,"date":"2023-05-17T12:32:49","date_gmt":"2023-05-17T11:32:49","guid":{"rendered":"https:\/\/uat.achilles.com\/member-login\/"},"modified":"2024-06-13T23:38:37","modified_gmt":"2024-06-13T20:38:37","slug":"login-de-membro","status":"publish","type":"page","link":"https:\/\/www.achilles.com\/pt-br\/login-membro\/","title":{"rendered":"Iniciar sess\u00e3o de membro"},"content":{"rendered":"\n<div class=\"wp-block-columns is-layout-flex wp-container-core-columns-is-layout-9d6595d7 wp-block-columns-is-layout-flex\">\n<div class=\"wp-block-column is-layout-flow wp-block-column-is-layout-flow\"><\/div>\n\n\n\n<div class=\"wp-block-column is-layout-flow wp-block-column-is-layout-flow\"><\/div>\n<\/div>\n\n\n    <div class=\"top_section\">\n        <div class=\"container\">\n            <div class=\"top_info half\">\n                                    <h1 class=\"top_title\">Membros da rede<\/h1>\n                                    <div class=\"top_text\">\n                        <p>Bem-vindo ao centro de membros da Rede Achilles.<\/p>\n<p>S\u00e3o os nossos membros que fazem da Achilles uma rede verdadeiramente global.<\/p>\n<p>Selecciona as liga\u00e7\u00f5es abaixo para acederes \u00e0 tua conta Achilles.<\/p>\n                    <\/div>\n                                    <div class=\"top_buttons\">\n                                                    <a class=\"btn btn_big\" href=\"https:\/\/www.achilles.com\/pt-br\/login-membro\/#log-in\">Iniciar sess\u00e3o<\/a>\n                                                    <a class=\"btn btn_white\" href=\"https:\/\/www.achilles.com\/pt-br\/login-membro\/#joinnow\">N\u00e3o \u00e9s membro? Junta-te a uma rede<\/a>\n                                            <\/div>\n                            <\/div>\n        <\/div>\n        <div class=\"top_media\">\n\t\t\t            <img decoding=\"async\" src=\"https:\/\/www.achilles.com\/app\/uploads\/2023\/10\/Member-Log-In-scaled.jpg\" alt=\"\">\n                    <\/div>\n    <\/div>\n\n\n    <div class=\"content_section\" id=\"log-in\">\r\n        <div class=\"container\">\r\n                                    <div class=\"features_wrap\">\r\n                                <div class=\"feature_item center\">\r\n                                        <div class=\"feature_item_icon\">\r\n                        <img decoding=\"async\" src=\"https:\/\/www.achilles.com\/app\/uploads\/2023\/09\/achilles-icon.jpg\" alt=\"\">\r\n                    <\/div>\r\n                                        <h3 class=\"feature_item_name\">Os meus calcanhares<\/h3>\r\n                                        <div class=\"typical_text middle_text\">\r\n                        <p>Inicia sess\u00e3o em todas as redes globais da Achilles aqui.  <\/p>\r\n                    <\/div>\r\n                                        <a class=\"btn btn_big\" aria-label=\"Os meus calcanhares - Iniciar sess\u00e3o\" href=\"https:\/\/achillesauth.b2clogin.com\/AchillesAuth.onmicrosoft.com\/oauth2\/v2.0\/authorize?p=B2C_1A_RPSIGNUPORSIGNINV3&#038;client_id=9e433f9b-03a8-42f4-8ce6-145330a7b5e1&#038;nonce=defaultNonce&#038;redirect_uri=https%3A%2f%2fmy.achilles.com%2fauthentication%2flogin&#038;scope=openid&#038;response_type=id_token&#038;ui_locales=pt-PT&#038;snapEngageId=e3dfc40e-1f2c-4fdc-a90f-e8cf66a21417&#038;userlaneId=5nrrd\">Iniciar sess\u00e3o<\/a>\r\n                                    <\/div>\r\n                                <div class=\"feature_item center\">\r\n                                        <div class=\"feature_item_icon\">\r\n                        <img decoding=\"async\" src=\"https:\/\/www.achilles.com\/app\/uploads\/2023\/09\/achilles-icon.jpg\" alt=\"\">\r\n                    <\/div>\r\n                                        <h3 class=\"feature_item_name\">Repro<\/h3>\r\n                                        <div class=\"typical_text middle_text\">\r\n                        <p>Para utilizadores Repro legacy<\/p>\r\n                    <\/div>\r\n                                        <a class=\"btn btn_big\" aria-label=\"Repro - Comprador Iniciar sess\u00e3o\" href=\"https:\/\/www.reprobd.com\/\">Comprador Iniciar sess\u00e3o<\/a>\r\n                                    <\/div>\r\n                                <div class=\"feature_item center\">\r\n                                        <div class=\"feature_item_icon\">\r\n                        <img decoding=\"async\" src=\"https:\/\/www.achilles.com\/app\/uploads\/2023\/09\/achilles-icon.jpg\" alt=\"\">\r\n                    <\/div>\r\n                                        <h3 class=\"feature_item_name\">Controlar<\/h3>\r\n                                        <div class=\"typical_text middle_text\">\r\n                        <p>Para os utilizadores do Controlar<\/p>\r\n                    <\/div>\r\n                                        <a class=\"btn btn_big\" aria-label=\"Controlar - Iniciar sess\u00e3o\" href=\"http:\/\/www.protransbd.com\/\">Iniciar sess\u00e3o<\/a>\r\n                                    <\/div>\r\n                            <\/div>\r\n                                <\/div>\r\n    <\/div>\r\n\n\n    <div class=\"content_section\" id=\"joinnow\">\r\n        <div class=\"container\">\r\n                        <div class=\"description_section big\">\r\n                                <h2 class=\"title_section\">N\u00e3o \u00e9s membro?<\/h2>\r\n                                <div class=\"typical_text middle_text\">\r\n                    <p>Se n\u00e3o fores membro de uma rede Achilles, come\u00e7a agora &#8211; a ades\u00e3o \u00e0 Achilles com uma conta b\u00e1sica \u00e9 totalmente gratuita.<\/p>\n                <\/div>\r\n                            <\/div>\r\n                                    <div class=\"features_wrap\">\r\n                                <div class=\"feature_item center\">\r\n                                        <div class=\"feature_item_icon\">\r\n                        <img decoding=\"async\" src=\"https:\/\/www.achilles.com\/app\/uploads\/2023\/10\/cropped-A-Icon-512-\u00d7-512px.png\" alt=\"\">\r\n                    <\/div>\r\n                                        <h3 class=\"feature_item_name\">Rede Global Achilles<\/h3>\r\n                                        <div class=\"typical_text middle_text\">\r\n                        <p>Junta-te \u00e0 crescente rede global da Achilles para encontrar novos fornecedores pr\u00e9-qualificados e demonstrar as tuas credenciais de fornecedor a mais compradores.<\/p>\r\n                    <\/div>\r\n                                        <a class=\"btn btn_big\" aria-label=\"Rede Global Achilles - Junta-te\" href=\"https:\/\/my.achilles.com\/join-community?communitycode=ANT\">Junta-te<\/a>\r\n                                    <\/div>\r\n                                <div class=\"feature_item center\">\r\n                                        <div class=\"feature_item_icon\">\r\n                        <img decoding=\"async\" src=\"https:\/\/www.achilles.com\/app\/uploads\/2023\/10\/Startbank-icon-200x200-1.jpg\" alt=\"\">\r\n                    <\/div>\r\n                                        <h3 class=\"feature_item_name\">Junta-te ao StartBANK<\/h3>\r\n                                        <div class=\"typical_text middle_text\">\r\n                        <p>Uma iniciativa conjunta entre a Achilles e a Associa\u00e7\u00e3o Norueguesa da Ind\u00fastria da Constru\u00e7\u00e3o (BNL), o StartBANK satisfaz as exigentes necessidades legislativas e de gest\u00e3o de riscos dos clientes de constru\u00e7\u00e3o e gest\u00e3o de instala\u00e7\u00f5es em toda a Noruega.<\/p>\r\n                    <\/div>\r\n                                        <a class=\"btn btn_big\" aria-label=\"Junta-te ao StartBANK - Junta-te\" href=\"https:\/\/my.achilles.com\/join-community?communitycode=STA&#038;lang=pt-br\">Junta-te<\/a>\r\n                                    <\/div>\r\n                                <div class=\"feature_item center\">\r\n                                        <div class=\"feature_item_icon\">\r\n                        <img decoding=\"async\" src=\"https:\/\/www.achilles.com\/app\/uploads\/2023\/10\/achilles_icon_network.png\" alt=\"\">\r\n                    <\/div>\r\n                                        <h3 class=\"feature_item_name\">Encontra uma rede<\/h3>\r\n                                        <div class=\"typical_text middle_text\">\r\n                        <p>N\u00e3o sabes a que rede aderir? Come\u00e7a aqui para saberes que parte da nossa rede global \u00e9 para ti.<\/p>\r\n                    <\/div>\r\n                                        <a class=\"btn btn_big\" aria-label=\"Encontra uma rede - Come\u00e7a agora\" href=\"https:\/\/www.achilles.com\/pt-br\/supplier-solutions\/\">Come\u00e7a agora<\/a>\r\n                                    <\/div>\r\n                            <\/div>\r\n                                <\/div>\r\n    <\/div>\r\n\n\n    <div class=\"content_section\">\r\n        <div class=\"container\">\r\n            <div class=\"find_network\">\r\n                                <div class=\"find_network_left\">\r\n                                        <div class=\"description_section full\">\r\n                                                <p class=\"title_category\">Encontrar uma rede<\/p>\r\n                                                <h2 class=\"title_block\">Pesquisa por empresa ou rede<\/h2>\r\n                                            <\/div>\r\n                                        <form class=\"network_search\" action=\"#\" method=\"get\">\r\n                        <div class=\"autocomplete_box\">\r\n                            <input class=\"search_field autocomplete_field\" data-path=\"https:\/\/www.achilles.com\/app\/themes\/achilles\/json.php?networks\" type=\"text\" placeholder=\"Introduz aqui o nome da empresa ou da rede\">\r\n                            <ul class=\"autocomplete_list\"><\/ul>\r\n                        <\/div>\r\n                    <\/form>\r\n                <\/div>\r\n                            <\/div>\r\n                        <div class=\"find_network_view\">\r\n                <a class=\"link\" href=\"https:\/\/www.achilles.com\/pt-br\/community\/\">Mostra todas as redes<\/a>\r\n            <\/div>\r\n                    <\/div>\r\n    <\/div>\r\n","protected":false},"excerpt":{"rendered":"","protected":false},"author":1,"featured_media":23704,"parent":0,"menu_order":0,"comment_status":"closed","ping_status":"closed","template":"","meta":{"_acf_changed":false,"content-type":"","footnotes":""},"class_list":["post-2516","page","type-page","status-publish","has-post-thumbnail","hentry"],"acf":[],"_links":{"self":[{"href":"https:\/\/www.achilles.com\/pt-br\/wp-json\/wp\/v2\/pages\/2516","targetHints":{"allow":["GET"]}}],"collection":[{"href":"https:\/\/www.achilles.com\/pt-br\/wp-json\/wp\/v2\/pages"}],"about":[{"href":"https:\/\/www.achilles.com\/pt-br\/wp-json\/wp\/v2\/types\/page"}],"author":[{"embeddable":true,"href":"https:\/\/www.achilles.com\/pt-br\/wp-json\/wp\/v2\/users\/1"}],"replies":[{"embeddable":true,"href":"https:\/\/www.achilles.com\/pt-br\/wp-json\/wp\/v2\/comments?post=2516"}],"version-history":[{"count":0,"href":"https:\/\/www.achilles.com\/pt-br\/wp-json\/wp\/v2\/pages\/2516\/revisions"}],"wp:featuredmedia":[{"embeddable":true,"href":"https:\/\/www.achilles.com\/pt-br\/wp-json\/wp\/v2\/media\/23704"}],"wp:attachment":[{"href":"https:\/\/www.achilles.com\/pt-br\/wp-json\/wp\/v2\/media?parent=2516"}],"curies":[{"name":"wp","href":"https:\/\/api.w.org\/{rel}","templated":true}]}}