{"id":2496,"date":"2023-05-16T19:12:42","date_gmt":"2023-05-16T16:12:42","guid":{"rendered":"https:\/\/uat.achilles.com\/community\/"},"modified":"2024-06-21T17:56:10","modified_gmt":"2024-06-21T14:56:10","slug":"community","status":"publish","type":"page","link":"https:\/\/www.achilles.com\/pt-br\/community\/","title":{"rendered":"Networks"},"content":{"rendered":"        <div class=\"content_section\" >\r\n            <div class=\"container\">\r\n                                <div class=\"description_page\">\r\n                    <h1 class=\"title_page\">All Networks<\/h1>\r\n                <\/div>\r\n                                <div class=\"network_wrap\">\r\n                                        <div class=\"network_box\">\r\n                        <div class=\"network_box_description\">\r\n                            <p class=\"network_box_title\">Energia Global<\/p>\r\n                            <div class=\"typical_text\">\r\n                                                                <p>Ind\u00fastria: Energia<\/p>\r\n                                                                <p>Regi\u00e3o: All Regions<\/p>\r\n                                                                <p>Compradores: 76<\/p>\r\n                                 \r\n                                <p>Fornecedores: 19,065<\/p>\r\n                                 \r\n                            <\/div>\r\n                        <\/div>\r\n                        <div class=\"network_box_buttons\">\r\n                            <a class=\"btn\" href=\"https:\/\/www.achilles.com\/pt-br\/energia-global\/\">Explore networks<\/a>\r\n                        <\/div>\r\n                    <\/div>\r\n                                        <div class=\"network_box\">\r\n                        <div class=\"network_box_description\">\r\n                            <p class=\"network_box_title\">Achilles Network<\/p>\r\n                            <div class=\"typical_text\">\r\n                                                                <p>Ind\u00fastria: Todos, Todos<\/p>\r\n                                                                <p>Regi\u00e3o: All Regions, All Regions<\/p>\r\n                                                                <p>Compradores: 229<\/p>\r\n                                 \r\n                                <p>Fornecedores: 61,319<\/p>\r\n                                 \r\n                            <\/div>\r\n                        <\/div>\r\n                        <div class=\"network_box_buttons\">\r\n                            <a class=\"btn\" href=\"https:\/\/www.achilles.com\/pt-br\/achilles-network\/\">Explore networks<\/a>\r\n                        <\/div>\r\n                    <\/div>\r\n                                        <div class=\"network_box\">\r\n                        <div class=\"network_box_description\">\r\n                            <p class=\"network_box_title\">BuildingConfidence<\/p>\r\n                            <div class=\"typical_text\">\r\n                                                                <p>Ind\u00fastria: Constru\u00e7\u00e3o<\/p>\r\n                                                                <p>Regi\u00e3o: Northern Europe, UK<\/p>\r\n                                                                <p>Compradores: 40<\/p>\r\n                                 \r\n                                <p>Fornecedores: 10,225<\/p>\r\n                                 \r\n                            <\/div>\r\n                        <\/div>\r\n                        <div class=\"network_box_buttons\">\r\n                            <a class=\"btn\" href=\"https:\/\/www.achilles.com\/pt-br\/community\/buildingconfidence\/\">Explore networks<\/a>\r\n                        <\/div>\r\n                    <\/div>\r\n                                        <div class=\"network_box\">\r\n                        <div class=\"network_box_description\">\r\n                            <p class=\"network_box_title\">Ind\u00fastrias Qu\u00edmicas e Afins<\/p>\r\n                            <div class=\"typical_text\">\r\n                                                                <p>Ind\u00fastria: Todos<\/p>\r\n                                                                <p>Compradores: 5<\/p>\r\n                                 \r\n                                <p>Fornecedores: 3680<\/p>\r\n                                 \r\n                            <\/div>\r\n                        <\/div>\r\n                        <div class=\"network_box_buttons\">\r\n                            <a class=\"btn\" href=\"https:\/\/www.achilles.com\/pt-br\/industrias-quimicas-e-afins\/\">Explore networks<\/a>\r\n                        <\/div>\r\n                    <\/div>\r\n                                        <div class=\"network_box\">\r\n                        <div class=\"network_box_description\">\r\n                            <p class=\"network_box_title\">Link-Up<\/p>\r\n                            <div class=\"typical_text\">\r\n                                                                <p>Ind\u00fastria: Transporte e Log\u00edstica<\/p>\r\n                                                                <p>Regi\u00e3o: Northern Europe, UK<\/p>\r\n                                 \r\n                            <\/div>\r\n                        <\/div>\r\n                        <div class=\"network_box_buttons\">\r\n                            <a class=\"btn\" href=\"https:\/\/www.achilles.com\/pt-br\/community\/link-up\/\">Explore networks<\/a>\r\n                        <\/div>\r\n                    <\/div>\r\n                                        <div class=\"network_box\">\r\n                        <div class=\"network_box_description\">\r\n                            <p class=\"network_box_title\">Regic<\/p>\r\n                            <div class=\"typical_text\">\r\n                                                                <p>Ind\u00fastria: Minera\u00e7\u00e3o e Cimento<\/p>\r\n                                                                <p>Regi\u00e3o: All Regions<\/p>\r\n                                                                <p>Compradores: 16<\/p>\r\n                                 \r\n                                <p>Fornecedores: 11954<\/p>\r\n                                 \r\n                            <\/div>\r\n                        <\/div>\r\n                        <div class=\"network_box_buttons\">\r\n                            <a class=\"btn\" href=\"https:\/\/www.achilles.com\/pt-br\/community\/regic\/\">Explore networks<\/a>\r\n                        <\/div>\r\n                    <\/div>\r\n                                        <div class=\"network_box\">\r\n                        <div class=\"network_box_description\">\r\n                            <p class=\"network_box_title\">Repro<\/p>\r\n                            <div class=\"typical_text\">\r\n                                                                <p>Ind\u00fastria: Energia, Energia, Servi\u00e7os p\u00fablicos<\/p>\r\n                                                                <p>Regi\u00e3o: South America, Southern Europe<\/p>\r\n                                                                <p>Compradores: 47<\/p>\r\n                                 \r\n                                <p>Fornecedores: 23000<\/p>\r\n                                 \r\n                            <\/div>\r\n                        <\/div>\r\n                        <div class=\"network_box_buttons\">\r\n                            <a class=\"btn\" href=\"https:\/\/www.achilles.com\/pt-br\/repro\/\">Explore networks<\/a>\r\n                        <\/div>\r\n                    <\/div>\r\n                                        <div class=\"network_box\">\r\n                        <div class=\"network_box_description\">\r\n                            <p class=\"network_box_title\">Services and Industries<\/p>\r\n                            <div class=\"typical_text\">\r\n                                                                <p>Ind\u00fastria: Fabrica\u00e7\u00e3o industrial, Servicios, Telecomunica\u00e7\u00f5es<\/p>\r\n                                                                <p>Regi\u00e3o: South America, Southern Europe<\/p>\r\n                                 \r\n                                <p>Fornecedores: 715<\/p>\r\n                                 \r\n                            <\/div>\r\n                        <\/div>\r\n                        <div class=\"network_box_buttons\">\r\n                            <a class=\"btn\" href=\"https:\/\/www.achilles.com\/pt-br\/community\/services-and-industries\/\">Explore networks<\/a>\r\n                        <\/div>\r\n                    <\/div>\r\n                                        <div class=\"network_box\">\r\n                        <div class=\"network_box_description\">\r\n                            <p class=\"network_box_title\">Siclar<\/p>\r\n                            <div class=\"typical_text\">\r\n                                                                <p>Ind\u00fastria: Energia<\/p>\r\n                                                                <p>Regi\u00e3o: South America<\/p>\r\n                                 \r\n                            <\/div>\r\n                        <\/div>\r\n                        <div class=\"network_box_buttons\">\r\n                            <a class=\"btn\" href=\"https:\/\/www.achilles.com\/pt-br\/community\/siclar\/\">Explore networks<\/a>\r\n                        <\/div>\r\n                    <\/div>\r\n                                        <div class=\"network_box\">\r\n                        <div class=\"network_box_description\">\r\n                            <p class=\"network_box_title\">StartBANK<\/p>\r\n                            <div class=\"typical_text\">\r\n                                                                <p>Ind\u00fastria: Constru\u00e7\u00e3o<\/p>\r\n                                                                <p>Regi\u00e3o: Northern Europe<\/p>\r\n                                                                <p>Compradores: 180<\/p>\r\n                                 \r\n                                <p>Fornecedores: 10.000<\/p>\r\n                                 \r\n                            <\/div>\r\n                        <\/div>\r\n                        <div class=\"network_box_buttons\">\r\n                            <a class=\"btn\" href=\"https:\/\/www.achilles.com\/pt-br\/startbank\/\">Explore networks<\/a>\r\n                        <\/div>\r\n                    <\/div>\r\n                                        <div class=\"network_box\">\r\n                        <div class=\"network_box_description\">\r\n                            <p class=\"network_box_title\">Supply-Line<\/p>\r\n                            <div class=\"typical_text\">\r\n                                                                <p>Ind\u00fastria: Energia, Servicios, Servi\u00e7os p\u00fablicos, Transporte e Log\u00edstica<\/p>\r\n                                                                <p>Compradores: 12<\/p>\r\n                                 \r\n                                <p>Fornecedores: 3,200<\/p>\r\n                                 \r\n                            <\/div>\r\n                        <\/div>\r\n                        <div class=\"network_box_buttons\">\r\n                            <a class=\"btn\" href=\"https:\/\/www.achilles.com\/pt-br\/supply-line\/\">Explore networks<\/a>\r\n                        <\/div>\r\n                    <\/div>\r\n                                        <div class=\"network_box\">\r\n                        <div class=\"network_box_description\">\r\n                            <p class=\"network_box_title\">Technology and Manufacturing<\/p>\r\n                            <div class=\"typical_text\">\r\n                                 \r\n                            <\/div>\r\n                        <\/div>\r\n                        <div class=\"network_box_buttons\">\r\n                            <a class=\"btn\" href=\"https:\/\/www.achilles.com\/pt-br\/community\/technology-and-manufacturing\/\">Explore networks<\/a>\r\n                        <\/div>\r\n                    <\/div>\r\n                                        <div class=\"network_box\">\r\n                        <div class=\"network_box_description\">\r\n                            <p class=\"network_box_title\">TransQ Nordics<\/p>\r\n                            <div class=\"typical_text\">\r\n                                                                <p>Ind\u00fastria: Transporte e Log\u00edstica<\/p>\r\n                                                                <p>Regi\u00e3o: Northern Europe<\/p>\r\n                                                                <p>Compradores: 14<\/p>\r\n                                 \r\n                                <p>Fornecedores: 2,400<\/p>\r\n                                 \r\n                            <\/div>\r\n                        <\/div>\r\n                        <div class=\"network_box_buttons\">\r\n                            <a class=\"btn\" href=\"https:\/\/www.achilles.com\/pt-br\/community\/transq-nordics\/\">Explore networks<\/a>\r\n                        <\/div>\r\n                    <\/div>\r\n                                        <div class=\"network_box\">\r\n                        <div class=\"network_box_description\">\r\n                            <p class=\"network_box_title\">Utilities NCE<\/p>\r\n                            <div class=\"typical_text\">\r\n                                                                <p>Ind\u00fastria: Servi\u00e7os p\u00fablicos<\/p>\r\n                                                                <p>Regi\u00e3o: Northern Europe<\/p>\r\n                                                                <p>Compradores: 59<\/p>\r\n                                 \r\n                                <p>Fornecedores: 5,000<\/p>\r\n                                 \r\n                            <\/div>\r\n                        <\/div>\r\n                        <div class=\"network_box_buttons\">\r\n                            <a class=\"btn\" href=\"https:\/\/www.achilles.com\/pt-br\/utilities-nce\/\">Explore networks<\/a>\r\n                        <\/div>\r\n                    <\/div>\r\n                                        <div class=\"network_box\">\r\n                        <div class=\"network_box_description\">\r\n                            <p class=\"network_box_title\">UVDB<\/p>\r\n                            <div class=\"typical_text\">\r\n                                                                <p>Ind\u00fastria: Servi\u00e7os p\u00fablicos<\/p>\r\n                                                                <p>Regi\u00e3o: UK<\/p>\r\n                                                                <p>Compradores: 61<\/p>\r\n                                 \r\n                                <p>Fornecedores: 6,000<\/p>\r\n                                 \r\n                            <\/div>\r\n                        <\/div>\r\n                        <div class=\"network_box_buttons\">\r\n                            <a class=\"btn\" href=\"https:\/\/www.achilles.com\/pt-br\/community\/uvdb\/\">Explore networks<\/a>\r\n                        <\/div>\r\n                    <\/div>\r\n                                    <\/div>\r\n            <\/div>\r\n        <\/div>\r\n\n\n\n<embed src=\"https:\/\/my.achilles.com\/join-community?communitycode=ANT&#038;lang=en-GB\">\n<\/embed>\n","protected":false},"excerpt":{"rendered":"","protected":false},"author":1,"featured_media":0,"parent":0,"menu_order":0,"comment_status":"closed","ping_status":"closed","template":"","meta":{"_acf_changed":false,"content-type":"","footnotes":""},"class_list":["post-2496","page","type-page","status-publish","hentry"],"acf":[],"_links":{"self":[{"href":"https:\/\/www.achilles.com\/pt-br\/wp-json\/wp\/v2\/pages\/2496","targetHints":{"allow":["GET"]}}],"collection":[{"href":"https:\/\/www.achilles.com\/pt-br\/wp-json\/wp\/v2\/pages"}],"about":[{"href":"https:\/\/www.achilles.com\/pt-br\/wp-json\/wp\/v2\/types\/page"}],"author":[{"embeddable":true,"href":"https:\/\/www.achilles.com\/pt-br\/wp-json\/wp\/v2\/users\/1"}],"replies":[{"embeddable":true,"href":"https:\/\/www.achilles.com\/pt-br\/wp-json\/wp\/v2\/comments?post=2496"}],"version-history":[{"count":0,"href":"https:\/\/www.achilles.com\/pt-br\/wp-json\/wp\/v2\/pages\/2496\/revisions"}],"wp:attachment":[{"href":"https:\/\/www.achilles.com\/pt-br\/wp-json\/wp\/v2\/media?parent=2496"}],"curies":[{"name":"wp","href":"https:\/\/api.w.org\/{rel}","templated":true}]}}