{"id":24857,"date":"2023-09-27T22:42:59","date_gmt":"2023-09-27T21:42:59","guid":{"rendered":"https:\/\/uat.achilles.com\/a%cc%8apenhetsloven\/"},"modified":"2023-10-17T13:16:16","modified_gmt":"2023-10-17T10:16:16","slug":"%cc","status":"publish","type":"page","link":"https:\/\/www.achilles.com\/pt-br\/apenhetsloven\/","title":{"rendered":"\u00c5penhetsloven"},"content":{"rendered":"    <div class=\"top_section\">\n        <div class=\"container\">\n            <div class=\"top_info half\">\n                                    <h1 class=\"top_title\">\u00c5penhetsloven<\/h1>\n                                    <div class=\"top_text large_text\">\n                        <div class=\"page\" title=\"P\u00e1gina 4\">\n<div class=\"layoutArea\">\n<div class=\"column\">\n<div class=\"page\" title=\"P\u00e1gina 4\">\n<div class=\"layoutArea\">\n<div class=\"column\">\n<p>\u00c5penhetsloven \u00e9 uma lei aprovada pelo Parlamento noruegu\u00eas em junho de 2021. Exige que as empresas assumam a responsabilidade pelos direitos humanos e por condi\u00e7\u00f5es de trabalho dignas relacionadas com a produ\u00e7\u00e3o de bens e servi\u00e7os nas suas cadeias de abastecimento.<\/p>\n<\/div>\n<\/div>\n<\/div>\n<\/div>\n<\/div>\n<\/div>\n                    <\/div>\n                                    <div class=\"top_buttons\">\n                                                    <a class=\"btn btn_big\" href=\"\/#Get-in-touch\">Marca uma consulta gratuita em \u00c5penhetsloven<\/a>\n                                            <\/div>\n                            <\/div>\n        <\/div>\n        <div class=\"top_media\">\n\t\t\t            <img decoding=\"async\" src=\"https:\/\/www.achilles.com\/app\/uploads\/2023\/09\/iStock-1128065312.jpg\" alt=\"\">\n                    <\/div>\n    <\/div>\n            <div class=\"content_section bg_grey\">\r\n            <div class=\"container\">\r\n                <div class=\"content_wrap right\">\r\n                    <div class=\"content_info ogo2\">\r\n                                                <p class=\"title_category\">Livro branco<\/p>\r\n                                                <h2 class=\"title_page\">Uma introdu\u00e7\u00e3o ao \u00c5penhetsloven<\/h2>\r\n                                                <div class=\"typical_text\">\r\n                            <p>Mesmo os profissionais mais experientes em sustentabilidade e cadeia de abastecimento admitem sentir-se sobrecarregados com esta nova era de regulamenta\u00e7\u00e3o da cadeia de abastecimento ESG e com a informa\u00e7\u00e3o necess\u00e1ria para demonstrar o impacto que as suas organiza\u00e7\u00f5es est\u00e3o a ter nas pessoas e no planeta.  <span data-ccp-props=\"{\"335559738\":120,\"335559739\":120}\">O Guia definitivo da Achilles para a \u00c5penhetsloven<\/span> <span data-ccp-props=\"{\"335559738\":120,\"335559739\":120}\">\u00e9 um recurso abrangente para ajudar as empresas a cumprir a legisla\u00e7\u00e3o.<\/span><\/p>\n                        <\/div>\r\n                                                <a class=\"btn btn_big\" href=\"\/resources\/whitepaper\/the-ultimate-guide-to-the-norwegian-transparency-act\/\">Ler<\/a>\r\n                                            <\/div>\r\n\t\t\t\t\t\t\t\t\t\t\r\n                                    <\/div>\r\n            <\/div>\r\n        <\/div>\r\n                <div class=\"content_section\">\r\n            <div class=\"container\">\r\n                <div class=\"content_wrap\">\r\n                    <div class=\"content_info ogo2\">\r\n                                                <p class=\"title_category\">Blogue<\/p>\r\n                                                <h2 class=\"title_page\">O que \u00e9 que \u00e9 suficiente?<\/h2>\r\n                                                <div class=\"typical_text\">\r\n                            <p><span lang=\"EN-GB\" data-contrast=\"none\" xml:lang=\"EN-GB\"><span data-ccp-parastyle=\"article-preview_articlepreviewsubheader__ffri1\">A lei norueguesa \u00c5penhetsloven exige que as organiza\u00e7\u00f5es adoptem uma abordagem de devida dilig\u00eancia relativamente ao risco de escravatura moderna e de trabalho infantil na cadeia de abastecimento.<\/span> <span data-ccp-parastyle=\"article-preview_articlepreviewsubheader__ffri1\">Mas at\u00e9 onde tens de ir e <\/span><span data-ccp-parastyle=\"article-preview_articlepreviewsubheader__ffri1\">quando \u00e9 que \u00e9 suficiente, suficiente?<\/span><\/span><\/p>\n                        <\/div>\r\n                                                <a class=\"btn btn_big\" href=\"\/blog\/when-is-enough-enough-2\/\">Ler<\/a>\r\n                                            <\/div>\r\n\t\t\t\t\t\t\t\t\t\t\r\n                                        <div class=\"content_media\">\r\n                        <img decoding=\"async\" src=\"https:\/\/www.achilles.com\/app\/uploads\/2023\/09\/iStock-963011730.jpg\" width=\"396\" alt=\"A close up of the statue of lady justice standing in front of an out of focus row of law books.\">\r\n                    <\/div>\r\n                                    <\/div>\r\n            <\/div>\r\n        <\/div>\r\n                <div class=\"content_section bg_grey\">\r\n            <div class=\"container\">\r\n                <div class=\"content_wrap right\">\r\n                    <div class=\"content_info ogo2\">\r\n                                                <p class=\"title_category\">V\u00eddeo<\/p>\r\n                                                <h2 class=\"title_page\">Passos para a conformidade com a \u00c5penhetsloven<\/h2>\r\n                                                <div class=\"typical_text\">\r\n                            <p><span lang=\"EN-GB\" data-contrast=\"none\" xml:lang=\"EN-GB\"><span data-ccp-parastyle=\"article-preview_articlepreviewsubheader__ffri1\">\u00c5penhetsloven requer uma abordagem met\u00f3dica baseada no risco que tamb\u00e9m melhorar\u00e1 a sustentabilidade global da tua organiza\u00e7\u00e3o.<\/span><\/span><span data-ccp-props=\"{\"134233117\":false,\"134233118\":false,\"335559738\":300,\"335559739\":810}\"> <\/span><\/p>\n                        <\/div>\r\n                                                <a class=\"btn btn_big\" href=\"\/wp\/wp-content\/uploads\/2023\/09\/5-steps-to-Bill-S211-compliance.mp4\">Ver<\/a>\r\n                                            <\/div>\r\n\t\t\t\t\t                    <div class=\"content_media_video\">\r\n                        <video  autoplay muted playsinline loop>\r\n                                        <source src=\"https:\/\/www.achilles.com\/app\/uploads\/2023\/09\/5-steps-to-Apenhetsloven-compliance.mp4\" type=\"video\/mp4\">\r\n                                        \r\n                                    <\/video>\r\n                    <\/div>\r\n                    \t\t\t\t\t\r\n                                    <\/div>\r\n            <\/div>\r\n        <\/div>\r\n        <div class=\"content_section bg_grey\">\r\n        <div class=\"container\">\r\n                        <div class=\"description_section\">\r\n                                <p class=\"title_category\">ACHILLES ESG SOLUTIONS<\/p>\r\n                                <h2 class=\"title_section\">Solu\u00e7\u00f5es de risco ESG para a cadeia de abastecimento<\/h2>\r\n                                <div class=\"typical_text\">\r\n                    <p>A Achilles \u00e9 a empresa l\u00edder mundial em gest\u00e3o de riscos na cadeia de abastecimento global. Trabalhamos com organiza\u00e7\u00f5es financeiras, industriais, comerciais e governamentais l\u00edderes de mercado que requerem a an\u00e1lise s\u00e9ria e detalhada e a vis\u00e3o especializada necess\u00e1rias para fornecer n\u00edveis excepcionais de <span lang=\"EN-GB\" data-contrast=\"none\"><br \/>\n  <span data-ccp-parastyle=\"article-preview_articlepreviewsubheader__ffri1\">\u00c5penhetsloven<\/span><br \/>\n<\/span> confian\u00e7a nos relat\u00f3rios.<\/p>\n                <\/div>\r\n                            <\/div>\r\n                        <div class=\"features_wrap features_four\">\r\n                                <div class=\"feature_item\">\r\n                                        <div class=\"feature_item_icon\">\r\n                        <img decoding=\"async\" src=\"https:\/\/www.achilles.com\/app\/uploads\/2023\/09\/icon_common-file-text-check.png\" alt=\"\">\r\n                    <\/div>\r\n                                        <h3 class=\"feature_item_name\">Rede de fornecedores pr\u00e9-qualificados<\/h3>\r\n                                        <div class=\"typical_text\">\r\n                        <p>Aceda a uma extensa base de dados de fornecedores pr\u00e9-qualificados que cumprem os regulamentos ESG e de aprovisionamento relevantes para si.<\/p>\n                    <\/div>\r\n                                    <\/div>\r\n                                <div class=\"feature_item\">\r\n                                        <h3 class=\"feature_item_name\">Dilig\u00eancia devida da cadeia de abastecimento ESG<\/h3>\r\n                                        <div class=\"typical_text\">\r\n                        <p>A valida\u00e7\u00e3o rigorosa e exclusiva da Achilles \u00e9 a melhor forma de alcan\u00e7ar plenamente <span lang=\"EN-GB\" data-contrast=\"none\"><br \/>\n  <span data-ccp-parastyle=\"article-preview_articlepreviewsubheader__ffri1\">\u00c5penhetsloven<\/span><br \/>\n<\/span> conformidade.<\/p>\n                    <\/div>\r\n                                    <\/div>\r\n                                <div class=\"feature_item\">\r\n                                        <div class=\"feature_item_icon\">\r\n                        <img decoding=\"async\" src=\"https:\/\/www.achilles.com\/app\/uploads\/2023\/09\/Icon_air-pollution-co2-down-2.png\" alt=\"\">\r\n                    <\/div>\r\n                                        <h3 class=\"feature_item_name\">Redu\u00e7\u00e3o do carbono<\/h3>\r\n                                        <div class=\"typical_text\">\r\n                        <div class=\"typical_text\">\n<p>Sistema de certifica\u00e7\u00e3o acreditado ISO14064-1, totalmente alinhado com SBTi, CDP e TCFD e que comprovadamente reduz a tua pegada de carbono at\u00e9 50% em menos de 6 anos.<\/p>\n<\/div>\n                    <\/div>\r\n                                    <\/div>\r\n                                <div class=\"feature_item\">\r\n                                        <div class=\"feature_item_icon\">\r\n                        <img decoding=\"async\" src=\"https:\/\/www.achilles.com\/app\/uploads\/2023\/09\/saving-bank-1.png\" alt=\"\">\r\n                    <\/div>\r\n                                        <h3 class=\"feature_item_name\">Declara\u00e7\u00e3o de fiabilidade<\/h3>\r\n                                        <div class=\"typical_text\">\r\n                        <p>Verifica\u00e7\u00e3o e valida\u00e7\u00e3o exaustivas das alega\u00e7\u00f5es de sustentabilidade no contexto dos empr\u00e9stimos ligados \u00e0 sustentabilidade.<\/p>\n                    <\/div>\r\n                                    <\/div>\r\n                            <\/div>\r\n                    <\/div>\r\n    <\/div>\r\n    <div class=\"content_section\">\r\n        <div class=\"container\">\r\n                        <div class=\"posts_panel\">\r\n                <div class=\"description_section\">\r\n                                        <p class=\"title_category\">VIS\u00c3O DE AQUILES<\/p>\r\n                     \r\n                    <h2 class=\"title_section\">Recomendado para si<\/h2>\r\n                                    <\/div>\r\n                            <\/div>\r\n                                    <div class=\"posts_wrap\">\r\n                                <div class=\"post_item\">\r\n                    <div class=\"post_item_top\">\r\n                                                <a class=\"post_item_img\" href=\"https:\/\/www.achilles.com\/pt-br\/informacao-por-setor\/aproveitando-ia-para-impulsionar-a-gestao-de-riscos-na-cadeia-de-suprimentos-de-forma-etica-e-orientada-por-dados\/\">\r\n                            <img decoding=\"async\" src=\"https:\/\/www.achilles.com\/app\/uploads\/2025\/06\/AdobeStock_964863708-web.jpeg\" alt=\"Aproveitando a IA para Impulsionar a Gest\u00e3o de Riscos \u00c9tica e Orientada por Dados\">\r\n                        <\/a>\r\n                                                <ul class=\"post_item_categories\">\r\n                                                        <li>Artigos<\/li>\r\n                                                    <\/ul>\r\n                    <\/div>\r\n                    <a class=\"post_item_name\" href=\"https:\/\/www.achilles.com\/pt-br\/informacao-por-setor\/aproveitando-ia-para-impulsionar-a-gestao-de-riscos-na-cadeia-de-suprimentos-de-forma-etica-e-orientada-por-dados\/\">Aproveitando a IA para Impulsionar a Gest\u00e3o de Riscos \u00c9tica e Orientada por Dados<\/a>\r\n                <\/div>\r\n                                <div class=\"post_item\">\r\n                    <div class=\"post_item_top\">\r\n                                                <a class=\"post_item_img\" href=\"https:\/\/www.achilles.com\/pt-br\/informacao-por-setor\/energia-e-sustentabilidade-no-brasil\/\">\r\n                            <img decoding=\"async\" src=\"https:\/\/www.achilles.com\/app\/uploads\/2025\/03\/energia-brasil.jpg\" alt=\"Energia e Sustentabilidade no Brasil\">\r\n                        <\/a>\r\n                                                <ul class=\"post_item_categories\">\r\n                                                        <li>Artigos<\/li>\r\n                                                    <\/ul>\r\n                    <\/div>\r\n                    <a class=\"post_item_name\" href=\"https:\/\/www.achilles.com\/pt-br\/informacao-por-setor\/energia-e-sustentabilidade-no-brasil\/\">Energia e Sustentabilidade no Brasil<\/a>\r\n                <\/div>\r\n                                <div class=\"post_item\">\r\n                    <div class=\"post_item_top\">\r\n                                                <a class=\"post_item_img\" href=\"https:\/\/www.achilles.com\/pt-br\/informacao-por-setor\/optimizando-su-cadena-de-suministro-en-2025\/\">\r\n                            <img decoding=\"async\" src=\"https:\/\/www.achilles.com\/app\/uploads\/2025\/03\/uk-website-banners-1.png\" alt=\"Otimizando sua cadeia de suprimentos em 2025\">\r\n                        <\/a>\r\n                                                <ul class=\"post_item_categories\">\r\n                                                        <li>Artigos<\/li>\r\n                                                    <\/ul>\r\n                    <\/div>\r\n                    <a class=\"post_item_name\" href=\"https:\/\/www.achilles.com\/pt-br\/informacao-por-setor\/optimizando-su-cadena-de-suministro-en-2025\/\">Otimizando sua cadeia de suprimentos em 2025<\/a>\r\n                <\/div>\r\n                            <\/div>\r\n                    <\/div>\r\n    <\/div>\r\n            <div class=\"content_section bg_grey\">\r\n            <div class=\"container\">\r\n                <div class=\"content_wrap\">\r\n                    <div class=\"content_info ogo2\">\r\n                                                <h2 class=\"title_page\">5 motivos para usar a Achilles para dilig\u00eancia devida na cadeia de fornecimento<\/h2>\r\n                                                <h5 class=\"title_small\">L\u00edder mundial em gest\u00e3o e conformidade da cadeia de abastecimento ESG<\/h5>\r\n                                                <div class=\"typical_text\">\r\n                            <p><span lang=\"EN-GB\" data-contrast=\"none\" xml:lang=\"EN-GB\">Saiba mais sobre como trabalhar com a Achilles e veja o peso da gest\u00e3o de riscos da cadeia de fornecimento desaparecer e a confian\u00e7a nos relat\u00f3rios aumentar.<\/span><\/p>\n                        <\/div>\r\n                                                <a class=\"btn btn_big\" href=\"resources\/5-reasons-why-achilles-for-esg-supply-chain-risk-management\">Ler<\/a>\r\n                                            <\/div>\r\n\t\t\t\t\t\t\t\t\t\t\r\n                                        <div class=\"content_media\">\r\n                        <img decoding=\"async\" src=\"https:\/\/www.achilles.com\/app\/uploads\/2023\/09\/AdobeStock_555958628.png\" width=\"400\" alt=\"Carbon emissions\">\r\n                    <\/div>\r\n                                    <\/div>\r\n            <\/div>\r\n        <\/div>\r\n        <div class=\"request_section\">\r\n        <div class=\"contact_bg\">\r\n                    <\/div>\r\n        <div class=\"container\">\r\n            <div class=\"request_inner\">\r\n                                <div class=\"request_wrapper\">\r\n                <h2 class=\"title_section\">Entrar em contacto<\/h2>\r\n                <\/div>\r\n                                <div class=\"request_box\">\r\n                                        <h5 class=\"contact_content_subtitle\">Contacta-nos para discutir os teus requisitos de \u00c5penhetsloven<\/h5>\r\n                    <script charset=\"utf-8\" type=\"text\/javascript\" src=\"\/\/js.hsforms.net\/forms\/embed\/v2.js\"><\/script><script>hbspt.forms.create({\n    region: \"na1\",\n    portalId: \"5387762\",\n    formId: \"a23cf73a-36bd-433c-a1d8-4acd8b05b928\"\n  });\n<\/script>                <\/div>\r\n            <\/div>\r\n        <\/div>\r\n    <\/div>\r\n\r\n","protected":false},"excerpt":{"rendered":"","protected":false},"author":2,"featured_media":20228,"parent":0,"menu_order":0,"comment_status":"closed","ping_status":"closed","template":"","meta":{"_acf_changed":false,"content-type":"","footnotes":""},"class_list":["post-24857","page","type-page","status-publish","has-post-thumbnail","hentry"],"acf":[],"_links":{"self":[{"href":"https:\/\/www.achilles.com\/pt-br\/wp-json\/wp\/v2\/pages\/24857","targetHints":{"allow":["GET"]}}],"collection":[{"href":"https:\/\/www.achilles.com\/pt-br\/wp-json\/wp\/v2\/pages"}],"about":[{"href":"https:\/\/www.achilles.com\/pt-br\/wp-json\/wp\/v2\/types\/page"}],"author":[{"embeddable":true,"href":"https:\/\/www.achilles.com\/pt-br\/wp-json\/wp\/v2\/users\/2"}],"replies":[{"embeddable":true,"href":"https:\/\/www.achilles.com\/pt-br\/wp-json\/wp\/v2\/comments?post=24857"}],"version-history":[{"count":0,"href":"https:\/\/www.achilles.com\/pt-br\/wp-json\/wp\/v2\/pages\/24857\/revisions"}],"wp:featuredmedia":[{"embeddable":true,"href":"https:\/\/www.achilles.com\/pt-br\/wp-json\/wp\/v2\/media\/20228"}],"wp:attachment":[{"href":"https:\/\/www.achilles.com\/pt-br\/wp-json\/wp\/v2\/media?parent=24857"}],"curies":[{"name":"wp","href":"https:\/\/api.w.org\/{rel}","templated":true}]}}