{"id":24819,"date":"2023-10-02T18:04:33","date_gmt":"2023-10-02T17:04:33","guid":{"rendered":"https:\/\/uat.achilles.com\/financas-sustentaveis\/"},"modified":"2023-11-17T13:48:44","modified_gmt":"2023-11-17T10:48:44","slug":"financas-sustentaveis","status":"publish","type":"page","link":"https:\/\/www.achilles.com\/pt-br\/financas-sustentaveis\/","title":{"rendered":"Finan\u00e7as sustent\u00e1veis"},"content":{"rendered":"    <div class=\"top_section\">\n        <div class=\"container\">\n            <div class=\"top_info half\">\n                                    <h1 class=\"top_title\">Capacitar as finan\u00e7as sustent\u00e1veis<\/h1>\n                                    <div class=\"top_text\">\n                        <p class=\"cvGsUA direction-ltr align-start para-style-body\"><span class=\"OYPEnA text-decoration-none text-strikethrough-none\">A Achilles tem mais de 30 anos de experi\u00eancia ajudando as empresas a cumprir os mais altos padr\u00f5es ambientais, regulamentares, \u00e9ticos e morais<\/span><\/p>\n<p class=\"cvGsUA direction-ltr align-start para-style-body\"><span class=\"ui-provider ec bkp bhv bkq bkr bks bkt bku bkv bkw bkx bky bkz bla blb blc bld ble blf blg blh bli blj blk bll blm bln blo blp blq blr bls blt blu blv\" dir=\"ltr\">Os nossos dados ajudam as empresas a definir, verificar e monitorizar as suas estrat\u00e9gias de sustentabilidade e a aceder aos benef\u00edcios dos empr\u00e9stimos ligados \u00e0 sustentabilidade.<\/span><\/p>\n                    <\/div>\n                                    <div class=\"top_buttons\">\n                                                    <a class=\"btn btn_big\" href=\"#Form\">https:\/\/www.achilles.com\/pt-br\/contate-nos\/<\/a>\n                                            <\/div>\n                            <\/div>\n        <\/div>\n        <div class=\"top_media\">\n\t\t\t        <\/div>\n    <\/div>\n\n\n            <div class=\"content_section\">\r\n            <div class=\"container\">\r\n                <div class=\"content_wrap right\">\r\n                    <div class=\"content_info ogo2\">\r\n                                                <p class=\"title_category\">O DESAFIO<\/p>\r\n                                                <h2 class=\"title_section\">Financiamento tradicional<\/h2>\r\n                                                <div class=\"typical_text\">\r\n                            <p class=\"cvGsUA direction-ltr align-start para-style-body\"><span class=\"OYPEnA text-decoration-none text-strikethrough-none\">No panorama em r\u00e1pida evolu\u00e7\u00e3o das finan\u00e7as empresariais, cumprir os objectivos de sustentabilidade n\u00e3o \u00e9 apenas um imperativo moral; \u00e9 uma necessidade financeira. No entanto, os empr\u00e9stimos tradicionais muitas vezes n\u00e3o se coadunam com estes objectivos, deixando os mutu\u00e1rios perante desafios como:<\/span><\/p>\n<ul>\n<li><span class=\"OYPEnA text-decoration-none text-strikethrough-none\">Taxas de juro elevadas<\/span><\/li>\n<li><span class=\"OYPEnA text-decoration-none text-strikethrough-none\">Preocupa\u00e7\u00f5es com a credibilidade<\/span><\/li>\n<li><span class=\"OYPEnA text-decoration-none text-strikethrough-none\">Flexibilidade limitada<\/span><\/li>\n<\/ul>\n<p class=\"cvGsUA direction-ltr align-start para-style-body\">\n                        <\/div>\r\n                                            <\/div>\r\n\t\t\t\t\t\t\t\t\t\t\r\n                                    <\/div>\r\n            <\/div>\r\n        <\/div>\r\n    \n\n\n<div class=\"wp-block-columns is-layout-flex wp-container-core-columns-is-layout-9d6595d7 wp-block-columns-is-layout-flex\">\n<div class=\"wp-block-column is-layout-flow wp-block-column-is-layout-flow\" style=\"flex-basis:100%\"><\/div>\n<\/div>\n\n\n     <div class=\"stats_full\">\r\n        <div class=\"stats_bg\">\r\n                        <img decoding=\"async\" src=\"https:\/\/www.achilles.com\/app\/uploads\/2023\/07\/Trees.jpg\" alt=\"\">\r\n                    <\/div>\r\n        <div class=\"container\">\r\n            <div class=\"stats_center\">\r\n                <div class=\"corner corner_top_left\"><\/div>\r\n                <div class=\"corner corner_top_right\"><\/div>\r\n                <div class=\"corner corner_bottom_left\"><\/div>\r\n                <div class=\"corner corner_bottom_right\"><\/div>\r\n                <div class=\"stats_center_item\">\r\n                                        <div class=\"stats_anim\">\r\n                        <div class=\"stats_center_number stats_anim_item\" data-total=\"17000000000\">\r\n                            <span class=\"stats_anim_total\">0<\/span>                        <\/div>\r\n                    <\/div>\r\n                                        <p class=\"stats_center_text\">O mercado de Empr\u00e9stimos Ligados \u00e0 Sustentabilidade (SLLs) est\u00e1 a registar um crescimento sem precedentes, prevendo-se que passe de 143 mil milh\u00f5es de d\u00f3lares em 2019 para uns impressionantes 17 311 mil milh\u00f5es de d\u00f3lares em 2026.<\/p>\r\n                                    <\/div>\r\n            <\/div>\r\n        <\/div>\r\n    <\/div>\r\n\n\n    <div class=\"content_section bg_grey\">\r\n        <div class=\"container\">\r\n                        <div class=\"description_section\">\r\n                                <p class=\"title_category\">O FUTURO<\/p>\r\n                                <h2 class=\"title_section\">Transformar as finan\u00e7as para um futuro sustent\u00e1vel<\/h2>\r\n                                <div class=\"typical_text\">\r\n                    <p><span class=\"OYPEnA text-decoration-none text-strikethrough-none\">Como empr\u00e9stimos ligados \u00e0 sustentabilidade<\/span> <span class=\"OYPEnA text-decoration-none text-strikethrough-none\">se tornem cada vez mais parte integrante da gest\u00e3o de capital, as empresas est\u00e3o a reconhecer a sua import\u00e2ncia estrat\u00e9gica. Ao contr\u00e1rio dos empr\u00e9stimos verdes e sociais, as SLLs oferecem uma solu\u00e7\u00e3o vers\u00e1til para fins empresariais gerais, proporcionando aos mutu\u00e1rios uma s\u00e9rie de vantagens:<\/span><\/p>\n                <\/div>\r\n                            <\/div>\r\n                        <div class=\"features_wrap features_four\">\r\n                                <div class=\"feature_item\">\r\n                                        <div class=\"feature_item_icon\">\r\n                        <img decoding=\"async\" src=\"https:\/\/www.achilles.com\/app\/uploads\/2023\/06\/Achilles-icons_pound-decrease.png\" alt=\"\">\r\n                    <\/div>\r\n                                        <h3 class=\"feature_item_name\">Taxas de juro mais baixas<\/h3>\r\n                                    <\/div>\r\n                                <div class=\"feature_item\">\r\n                                        <div class=\"feature_item_icon\">\r\n                        <img decoding=\"async\" src=\"https:\/\/www.achilles.com\/app\/uploads\/2023\/06\/Achilles-icons_Themis.png\" alt=\"\">\r\n                    <\/div>\r\n                                        <h3 class=\"feature_item_name\">Melhoria da reputa\u00e7\u00e3o<\/h3>\r\n                                    <\/div>\r\n                                <div class=\"feature_item\">\r\n                                        <div class=\"feature_item_icon\">\r\n                        <img decoding=\"async\" src=\"https:\/\/www.achilles.com\/app\/uploads\/2023\/06\/Achilles-icons_Environmental-sustainability.png\" alt=\"\">\r\n                    <\/div>\r\n                                        <h3 class=\"feature_item_name\">Sustentabilidade a n\u00edvel da empresa<\/h3>\r\n                                    <\/div>\r\n                                <div class=\"feature_item\">\r\n                                        <div class=\"feature_item_icon\">\r\n                        <img decoding=\"async\" src=\"https:\/\/www.achilles.com\/app\/uploads\/2023\/06\/Achilles-icons_Financial-risk-and-business-continuity.png\" alt=\"\">\r\n                    <\/div>\r\n                                        <h3 class=\"feature_item_name\">Reduzir o risco de cr\u00e9dito<\/h3>\r\n                                    <\/div>\r\n                            <\/div>\r\n                    <\/div>\r\n    <\/div>\r\n\n\n    <div class=\"content_section\">\r\n        <div class=\"container\">\r\n                        <div class=\"tools_description\">\r\n                                <p class=\"title_category\">A NOSSA SOLU\u00c7\u00c3O<\/p>\r\n                                <h2 class=\"title_section\">Desbloquear os benef\u00edcios do financiamento sustent\u00e1vel<\/h2>\r\n                                <div class=\"typical_text\">\r\n                    <p>A oferta de Finan\u00e7as Sustent\u00e1veis da Achilles \u00e9 vers\u00e1til, orientando o teu caminho para desbloquear os benef\u00edcios das finan\u00e7as sustent\u00e1veis com uma abordagem abrangente e hol\u00edstica. Com 30 anos de experi\u00eancia, damos-te a capacidade de distinguir o teu neg\u00f3cio no mercado enquanto procuras um financiamento sustent\u00e1vel. A Achilles fornece-te as ferramentas e as garantias essenciais para uma viagem bem sucedida e cred\u00edvel.<\/p>\n<p>&nbsp;<\/p>\n<p>&nbsp;<\/p>\n                <\/div>\r\n                            <\/div>\r\n                        <div class=\"tools_wrap tabs_section\">\r\n                <div class=\"tools_tabs tabs_buttons\">\r\n                                        <div class=\"tools_btn tab_btn current\" data-tab=\"1\">\r\n                        <span>Sele\u00e7\u00e3o de KPI e Benchmarking<\/span>\r\n                        <span class=\"tools_btn_arrow icon-Chevron-Right\"><\/span>\r\n                    <\/div>\r\n                                        <div class=\"tools_btn tab_btn\" data-tab=\"2\">\r\n                        <span>Declara\u00e7\u00e3o de fiabilidade<\/span>\r\n                        <span class=\"tools_btn_arrow icon-Chevron-Right\"><\/span>\r\n                    <\/div>\r\n                                        <div class=\"tools_btn tab_btn\" data-tab=\"3\">\r\n                        <span>Relat\u00f3rios independentes regulares sobre os progressos do SPT<\/span>\r\n                        <span class=\"tools_btn_arrow icon-Chevron-Right\"><\/span>\r\n                    <\/div>\r\n                                    <\/div>\r\n                <div class=\"tools_content\">\r\n                                        <div class=\"tool_container tab_container tab_container_1 active\">\r\n                        <div class=\"typical_text\">\r\n                            <p>A Achilles adota uma abordagem meticulosa para ajudar a identificar e avaliar os Indicadores Chave de Desempenho (KPIs) e as Metas de Desempenho de Sustentabilidade (SPTs) relevantes para o seu neg\u00f3cio e alinhados com os padr\u00f5es do setor. Aproveitando a nossa vasta experi\u00eancia em gest\u00e3o da cadeia de abastecimento e pr\u00e1ticas ESG, adaptamos estes indicadores para se alinharem com a tua estrat\u00e9gia de sustentabilidade espec\u00edfica, assegurando que s\u00e3o mensur\u00e1veis e comparados com os objectivos internos e com as refer\u00eancias externas da ind\u00fastria. Este passo inicial \u00e9 crucial para o estabelecimento de um quadro s\u00f3lido e eficaz de empr\u00e9stimos ligados \u00e0 sustentabilidade.<\/p>\n                        <\/div>\r\n                                            <\/div>\r\n                                        <div class=\"tool_container tab_container tab_container_2\">\r\n                        <div class=\"typical_text\">\r\n                            <p><span class=\"OYPEnA text-decoration-none text-strikethrough-none\">A Declara\u00e7\u00e3o de Garantia da Achilles (SA) \u00e9 o n\u00facleo do nosso compromisso com o financiamento respons\u00e1vel, oferecendo verifica\u00e7\u00e3o e valida\u00e7\u00e3o abrangentes para reivindica\u00e7\u00f5es de sustentabilidade no \u00e2mbito de empr\u00e9stimos vinculados \u00e0 sustentabilidade. Servindo como um selo de credibilidade apoiado em provas, permite que os mutuantes tomem decis\u00f5es informadas com uma confian\u00e7a inigual\u00e1vel e permite que os mutu\u00e1rios apresentem um desempenho ambicioso e mensur\u00e1vel em rela\u00e7\u00e3o aos KPIs ambientais, sociais e de governa\u00e7\u00e3o (ESG) e aos Objectivos de Desempenho de Sustentabilidade (SPTs). O nosso processo de verifica\u00e7\u00e3o rigoroso e independente, conduzido por especialistas experientes em sustentabilidade, elimina os riscos de greenwashing e garante a fiabilidade das declara\u00e7\u00f5es de sustentabilidade. N\u00e3o \u00e9 apenas um documento; \u00e9 um catalisador para a confian\u00e7a, conformidade e envolvimento positivo das partes interessadas na procura de um futuro empresarial sustent\u00e1vel.  <a href=\"https:\/\/uat.achilles.com\/statement-of-limited-assurance\/\">Aprende mais<\/a><\/span><\/p>\n                        <\/div>\r\n                                            <\/div>\r\n                                        <div class=\"tool_container tab_container tab_container_3\">\r\n                        <div class=\"typical_text\">\r\n                            <p><span class=\"OYPEnA text-decoration-none text-strikethrough-none\">O financiamento sustent\u00e1vel \u00e9 uma jornada cont\u00ednua, e a Achilles garante transpar\u00eancia e responsabilidade durante todo o processo. Fornecemos relat\u00f3rios independentes regulares a mutu\u00e1rios e mutuantes, oferecendo uma descri\u00e7\u00e3o pormenorizada dos progressos realizados em rela\u00e7\u00e3o aos Objectivos de Desempenho de Sustentabilidade (SPT). Normalmente realizados anualmente, estes relat\u00f3rios funcionam como um mecanismo para monitorizar e mostrar o teu compromisso com a sustentabilidade. Aproveitando a nossa riqueza de dados e experi\u00eancia, estes relat\u00f3rios tornam-se ferramentas valiosas para as empresas que procuram alinhar os seus objectivos de sustentabilidade em toda a empresa, promovendo a confian\u00e7a e garantindo a conformidade com as normas da ind\u00fastria.<\/span><\/p>\n                        <\/div>\r\n                                            <\/div>\r\n                                    <\/div>\r\n            <\/div>\r\n                    <\/div>\r\n    <\/div>\r\n\n\n\n<div class=\"wp-block-buttons is-content-justification-right is-layout-flex wp-container-core-buttons-is-layout-765c4724 wp-block-buttons-is-layout-flex\"><\/div>\n\n\n\r\n\r\n  <div class=\"resources_other content_section\" id=\"insights\">\r\n        <div class=\"container\">\r\n                        <h3 class=\"title_block\">Achilles News and Insight<\/h3>\r\n                        <div class=\"resources_wrap\">\r\n                                <a class=\"resource_item\" href=\"https:\/\/www.achilles.com\/pt-br\/industry-insights\/como-a-achilles-melhora-a-eficiencia-nas-aquisicoes-de-energia-renovavel\/\">\r\n                                        <div class=\"resource_item_img\">\r\n                        <img decoding=\"async\" src=\"https:\/\/www.achilles.com\/app\/uploads\/2024\/11\/Untitled-design-12.png\" alt=\"Como a Achilles promove a efici\u00eancia no suprimento de energias renov\u00e1veis\">\r\n                    <\/div>\r\n                                        <div class=\"resource_item_info\">\r\n                        <div class=\"resource_item_description\">\r\n                            <p class=\"resource_item_name\">Como a Achilles promove a efici\u00eancia no suprimento de energias renov\u00e1veis<\/p>\r\n                            <div class=\"typical_text\">\r\n                                <p>Como o setor de energias renov\u00e1veis continua a crescer e\u2026<\/p>\r\n                            <\/div>\r\n                        <\/div>\r\n                                                <div class=\"resource_item_categories\">\r\n                                                        <div class=\"resource_category\">\r\n                                                                <span class=\"resource_category_name\"><\/span>\r\n                            <\/div>\r\n                                                        <div class=\"resource_category\">\r\n                                                                <span class=\"resource_category_name\"><\/span>\r\n                            <\/div>\r\n                                                    <\/div>\r\n                                            <\/div>\r\n                <\/a>\r\n                                <a class=\"resource_item\" href=\"https:\/\/www.achilles.com\/pt-br\/informacao-por-setor\/collaboration-for-safer-work-environment\/\">\r\n                                        <div class=\"resource_item_img\">\r\n                        <img decoding=\"async\" src=\"https:\/\/www.achilles.com\/app\/uploads\/2024\/01\/AdobeStock_635722365-scaled.jpeg\" alt=\"O papel da colabora\u00e7\u00e3o e da tecnologia na constru\u00e7\u00e3o de um ambiente de trabalho mais seguro no setor energ\u00e9tico\">\r\n                    <\/div>\r\n                                        <div class=\"resource_item_info\">\r\n                        <div class=\"resource_item_description\">\r\n                            <p class=\"resource_item_name\">O papel da colabora\u00e7\u00e3o e da tecnologia na constru\u00e7\u00e3o de um ambiente de trabalho mais seguro no setor energ\u00e9tico<\/p>\r\n                            <div class=\"typical_text\">\r\n                                <p>Os perigos inerentes \u00e0 ind\u00fastria energ\u00e9tica, aliados \u00e0 depend\u00eancia de\u2026<\/p>\r\n                            <\/div>\r\n                        <\/div>\r\n                                                <div class=\"resource_item_categories\">\r\n                                                        <div class=\"resource_category\">\r\n                                                                <span class=\"resource_category_name\"><\/span>\r\n                            <\/div>\r\n                                                        <div class=\"resource_category\">\r\n                                                                <span class=\"resource_category_name\"><\/span>\r\n                            <\/div>\r\n                                                    <\/div>\r\n                                            <\/div>\r\n                <\/a>\r\n                                <a class=\"resource_item\" href=\"https:\/\/www.achilles.com\/pt-br\/informacao-por-setor\/atenda-suas-obrigacoes-de-diligencia-de-cadeia-de-suprimentos-de-transporte\/\">\r\n                                        <div class=\"resource_item_img\">\r\n                        <img decoding=\"async\" src=\"https:\/\/www.achilles.com\/app\/uploads\/2024\/02\/Website-banners-5.png\" alt=\"Voc\u00ea est\u00e1 tendo dificuldades para cumprir suas obriga\u00e7\u00f5es de dilig\u00eancia de cadeia de suprimentos de transporte com as solu\u00e7\u00f5es existentes?\">\r\n                    <\/div>\r\n                                        <div class=\"resource_item_info\">\r\n                        <div class=\"resource_item_description\">\r\n                            <p class=\"resource_item_name\">Voc\u00ea est\u00e1 tendo dificuldades para cumprir suas obriga\u00e7\u00f5es de dilig\u00eancia de cadeia de suprimentos de transporte com as solu\u00e7\u00f5es existentes?<\/p>\r\n                            <div class=\"typical_text\">\r\n                                <p>O mundo do transporte e log\u00edstica est\u00e1 passando por uma\u2026<\/p>\r\n                            <\/div>\r\n                        <\/div>\r\n                                                <div class=\"resource_item_categories\">\r\n                                                        <div class=\"resource_category\">\r\n                                                                <span class=\"resource_category_name\"><\/span>\r\n                            <\/div>\r\n                                                        <div class=\"resource_category\">\r\n                                                                <span class=\"resource_category_name\"><\/span>\r\n                            <\/div>\r\n                                                    <\/div>\r\n                                            <\/div>\r\n                <\/a>\r\n                            <\/div>\r\n        <\/div>\r\n    <\/div> \r\n\n\n    <div class=\"request_section\" id=\"Form\">\r\n        <div class=\"contact_bg\">\r\n                    <\/div>\r\n        <div class=\"container\">\r\n            <div class=\"request_inner\">\r\n                                <div class=\"request_wrapper\">\r\n                <h2 class=\"title_section\">Entrar em contacto<\/h2>\r\n                <\/div>\r\n                                <div class=\"request_box\">\r\n                                        <h5 class=\"contact_content_subtitle\">Contacto para discutir os teus requisitos de financiamento sustent\u00e1vel<\/h5>\r\n                    <script charset=\"utf-8\" type=\"text\/javascript\" src=\"\/\/js.hsforms.net\/forms\/embed\/v2.js\"><\/script><script>hbspt.forms.create({\n    region: \"na1\",\n    portalId: \"5387762\",\n    formId: \"a23cf73a-36bd-433c-a1d8-4acd8b05b928\"\n  });\n<\/script>                <\/div>\r\n            <\/div>\r\n        <\/div>\r\n    <\/div>\r\n\r\n","protected":false},"excerpt":{"rendered":"","protected":false},"author":9,"featured_media":0,"parent":0,"menu_order":0,"comment_status":"closed","ping_status":"closed","template":"","meta":{"_acf_changed":false,"content-type":"","footnotes":""},"class_list":["post-24819","page","type-page","status-publish","hentry"],"acf":[],"_links":{"self":[{"href":"https:\/\/www.achilles.com\/pt-br\/wp-json\/wp\/v2\/pages\/24819","targetHints":{"allow":["GET"]}}],"collection":[{"href":"https:\/\/www.achilles.com\/pt-br\/wp-json\/wp\/v2\/pages"}],"about":[{"href":"https:\/\/www.achilles.com\/pt-br\/wp-json\/wp\/v2\/types\/page"}],"author":[{"embeddable":true,"href":"https:\/\/www.achilles.com\/pt-br\/wp-json\/wp\/v2\/users\/9"}],"replies":[{"embeddable":true,"href":"https:\/\/www.achilles.com\/pt-br\/wp-json\/wp\/v2\/comments?post=24819"}],"version-history":[{"count":0,"href":"https:\/\/www.achilles.com\/pt-br\/wp-json\/wp\/v2\/pages\/24819\/revisions"}],"wp:attachment":[{"href":"https:\/\/www.achilles.com\/pt-br\/wp-json\/wp\/v2\/media?parent=24819"}],"curies":[{"name":"wp","href":"https:\/\/api.w.org\/{rel}","templated":true}]}}