{"id":2415,"date":"2023-05-16T16:15:41","date_gmt":"2023-05-16T15:15:41","guid":{"rendered":"https:\/\/uat.achilles.com\/training\/"},"modified":"2023-08-07T19:07:30","modified_gmt":"2023-08-07T16:07:30","slug":"training","status":"publish","type":"page","link":"https:\/\/www.achilles.com\/pt-br\/treinamento\/","title":{"rendered":"Training"},"content":{"rendered":"            <div class=\"content_section\">\r\n            <div class=\"container\">\r\n                                <div class=\"description_page full top\">\r\n                                        <h1 class=\"title_page\">Treinamento<\/h1>\r\n                                        <div class=\"typical_text large_text\">\r\n                        <p>Compradores regulados enfrentam restri\u00e7\u00f5es quanto aos fornecedores de quem podem comprar. Nosso treinamento ajuda os compradores a entenderem e lidarem com essas restri\u00e7\u00f5es \u2013 superando um grande obst\u00e1culo para a aquisi\u00e7\u00e3o.<\/p>\r\n                    <\/div>\r\n                                    <\/div>\r\n                                <div class=\"content_wrap align_vertical\">\r\n                    <div class=\"content_info ogo\">\r\n                                                <p class=\"title_category\">POR QUE FAZER O TREINAMENTO?<\/p>\r\n                                                <h2 class=\"title_section\">Como facilitar o acesso a oportunidades<\/h2>\r\n                                                <div class=\"typical_text\">\r\n                            <p>A aquisi\u00e7\u00e3o p\u00fablica geralmente \u00e9 complicada. Sempre que o dinheiro dos contribuintes \u00e9 gasto, seja no campo de servi\u00e7os, de sa\u00fade, de habita\u00e7\u00e3o, de transportes ou de infraestrutura essencial, os compradores t\u00eam a obriga\u00e7\u00e3o de exercer os mais altos n\u00edveis de dilig\u00eancia.<br class=\"xliff-newline\" \/>Ter uma compreens\u00e3o detalhada das regras de aquisi\u00e7\u00e3o, e as implica\u00e7\u00f5es pr\u00e1ticas para licita\u00e7\u00f5es, \u00e9 uma enorme vantagem competitiva.<br \/>\nNossos especialistas t\u00eam anos de experi\u00eancia no trabalho com organiza\u00e7\u00f5es p\u00fablicas e de servi\u00e7os, e com as regulamenta\u00e7\u00f5es de compras da UE, que determinam a sele\u00e7\u00e3o de fornecedores. Em nossos programas de um dia, voc\u00ea:<\/p>\n<ul>\n<li>Aprender\u00e1 como encontrar oportunidades de licita\u00e7\u00e3o com organiza\u00e7\u00f5es regulamentadas<\/li>\n<li>Receber\u00e1 informa\u00e7\u00f5es detalhadas sobre diretrizes relevantes relativas \u00e0 aquisi\u00e7\u00e3o<\/li>\n<li>Receber\u00e1 um kit de ferramentas de conhecimento para ajud\u00e1-lo a conseguir contratos regulamentados<\/li>\n<\/ul>\n                        <\/div>\r\n                                            <\/div>\r\n                                        <div class=\"content_media\">\r\n                        <img decoding=\"async\" src=\"https:\/\/www.achilles.com\/app\/uploads\/2023\/05\/training_img_1.jpg\" width=\"393\" alt=\"a human torso writing in a notebook next to a laptop\">\r\n                    <\/div>\r\n                                    <\/div>\r\n                            <\/div>\r\n        <\/div>\r\n    \n\n    <div class=\"quote_section\">\r\n        <div class=\"quote_bg\">\r\n                        <img decoding=\"async\" src=\"https:\/\/www.achilles.com\/app\/uploads\/2023\/05\/quote_training.jpg\" alt=\"people at a table having public procurement traininig\">\r\n                    <\/div>\r\n        <div class=\"container\">\r\n            <div class=\"quote_wrapper\">\r\n                <div class=\"quote_item half right\">\r\n                                        <div class=\"quote_item_text\">\r\n                        <p>&#8220;Eu tinha pouco conhecimento antes do evento, mas estou saindo com um prop\u00f3sito real e um caminho a seguir&#8221;<\/p>\n                    <\/div>\r\n                                        <p class=\"quote_item_author\">Tom Morgan, desenvolvimento de neg\u00f3cios, National Grid<\/p>\r\n                                    <\/div>\r\n            <\/div>\r\n        <\/div>\r\n    <\/div>\r\n\n\n        <div class=\"content_section bg_grey\">\r\n            <div class=\"container\">\r\n                <div class=\"content_wrap\">\r\n                    <div class=\"content_info\">\r\n                                                <p class=\"title_category\">NOSSOS PROGRAMAS<\/p>\r\n                                                <h2 class=\"title_section\">Uma s\u00e9rie de programas para atender \u00e0s suas necessidades<\/h2>\r\n                                                <div class=\"typical_text\">\r\n                            <p>Temos uma variedade de ofertas para ajudar a expandir seus neg\u00f3cios. Escolha um dos programas abaixo e receba respostas para suas d\u00favidas mais urgentes:<\/p>\n<ul>\n<li>Como encontrar novas oportunidades<\/li>\n<li>O processo de licita\u00e7\u00e3o<\/li>\n<li>Compras do setor p\u00fablico x privado<\/li>\n<li>Legisla\u00e7\u00e3o da UE sobre compras<\/li>\n<\/ul>\n                        <\/div>\r\n                                            <\/div>\r\n                <\/div>\r\n            <\/div>\r\n        <\/div>\r\n\n\n        <div class=\"content_section\">\r\n            <div class=\"container\">\r\n                                <div class=\"description_page full\">\r\n                                        <p class=\"title_category\">NOSSAS SESS\u00d5ES DE TREINAMENTO<\/p>\r\n                                        <h2 class=\"title_section\">Encontre uma sess\u00e3o selecionando a regi\u00e3o, o assunto e o setor adequados<\/h2>\r\n                                    <\/div>\r\n                                <div class=\"filter_panel\" id=\"filter\">\r\n                    <span class=\"filter_panel_title\">Filtrar eventos por: <\/span>\r\n                                        <div class=\"filter_dropdown dropdown_wrap\">\r\n                        <a class=\"filter_dropdown_toggle dropdown_toggle\" href=\"#\">\r\n                            Industry                            <span class=\"icon-Chevron-Down\"><\/span>\r\n                        <\/a>\r\n                        <div class=\"filter_dropdown_box dropdown_box\">\r\n                            <ul>\r\n                                <li class=\"active\"><a href=\"https:\/\/www.achilles.com\/pt-br\/treinamento\/#filter\">Todos<\/a><\/li>\r\n                                                                <li><a href=\"https:\/\/www.achilles.com\/pt-br\/treinamento\/?filter1=#filter\"><\/a><\/li>\r\n                                                                <li><a href=\"https:\/\/www.achilles.com\/pt-br\/treinamento\/?filter1=#filter\"><\/a><\/li>\r\n                                                                <li><a href=\"https:\/\/www.achilles.com\/pt-br\/treinamento\/?filter1=#filter\"><\/a><\/li>\r\n                                                                <li><a href=\"https:\/\/www.achilles.com\/pt-br\/treinamento\/?filter1=#filter\"><\/a><\/li>\r\n                                                                <li><a href=\"https:\/\/www.achilles.com\/pt-br\/treinamento\/?filter1=#filter\"><\/a><\/li>\r\n                                                                <li><a href=\"https:\/\/www.achilles.com\/pt-br\/treinamento\/?filter1=#filter\"><\/a><\/li>\r\n                                                                <li><a href=\"https:\/\/www.achilles.com\/pt-br\/treinamento\/?filter1=#filter\"><\/a><\/li>\r\n                                                                <li><a href=\"https:\/\/www.achilles.com\/pt-br\/treinamento\/?filter1=#filter\"><\/a><\/li>\r\n                                                                <li><a href=\"https:\/\/www.achilles.com\/pt-br\/treinamento\/?filter1=#filter\"><\/a><\/li>\r\n                                                                <li><a href=\"https:\/\/www.achilles.com\/pt-br\/treinamento\/?filter1=#filter\"><\/a><\/li>\r\n                                                            <\/ul>\r\n                        <\/div>\r\n                    <\/div>\r\n                                        <div class=\"filter_dropdown dropdown_wrap\">\r\n                        <a class=\"filter_dropdown_toggle dropdown_toggle\" href=\"#\">\r\n                            Regi\u00e3o                            <span class=\"icon-Chevron-Down\"><\/span>\r\n                        <\/a>\r\n                        <div class=\"filter_dropdown_box dropdown_box\">\r\n                            <ul>\r\n                                <li class=\"active\"><a href=\"https:\/\/www.achilles.com\/pt-br\/treinamento\/#filter\">Todos<\/a><\/li>\r\n                                                                <li><a href=\"https:\/\/www.achilles.com\/pt-br\/treinamento\/?filter2=103#filter\">Central Europe<\/a><\/li>\r\n                                                                <li><a href=\"https:\/\/www.achilles.com\/pt-br\/treinamento\/?filter2=#filter\"><\/a><\/li>\r\n                                                                <li><a href=\"https:\/\/www.achilles.com\/pt-br\/treinamento\/?filter2=#filter\"><\/a><\/li>\r\n                                                            <\/ul>\r\n                        <\/div>\r\n                    <\/div>\r\n                                        <div class=\"filter_dropdown dropdown_wrap\">\r\n                        <a class=\"filter_dropdown_toggle dropdown_toggle\" href=\"#\">\r\n                            Assunto                            <span class=\"icon-Chevron-Down\"><\/span>\r\n                        <\/a>\r\n                        <div class=\"filter_dropdown_box dropdown_box\">\r\n                            <ul>\r\n                                <li class=\"active\"><a href=\"https:\/\/www.achilles.com\/pt-br\/treinamento\/#filter\">Todos<\/a><\/li>\r\n                                                                <li><a href=\"https:\/\/www.achilles.com\/pt-br\/treinamento\/?filter3=#filter\"><\/a><\/li>\r\n                                                                <li><a href=\"https:\/\/www.achilles.com\/pt-br\/treinamento\/?filter3=#filter\"><\/a><\/li>\r\n                                                                <li><a href=\"https:\/\/www.achilles.com\/pt-br\/treinamento\/?filter3=#filter\"><\/a><\/li>\r\n                                                                <li><a href=\"https:\/\/www.achilles.com\/pt-br\/treinamento\/?filter3=#filter\"><\/a><\/li>\r\n                                                                <li><a href=\"https:\/\/www.achilles.com\/pt-br\/treinamento\/?filter3=#filter\"><\/a><\/li>\r\n                                                                <li><a href=\"https:\/\/www.achilles.com\/pt-br\/treinamento\/?filter3=#filter\"><\/a><\/li>\r\n                                                                <li><a href=\"https:\/\/www.achilles.com\/pt-br\/treinamento\/?filter3=#filter\"><\/a><\/li>\r\n                                                            <\/ul>\r\n                        <\/div>\r\n                    <\/div>\r\n                                    <\/div>\r\n                                <h2 class=\"nothing_found\">Nada encontrado<\/h2>            <\/div>\r\n        <\/div>\r\n","protected":false},"excerpt":{"rendered":"","protected":false},"author":1,"featured_media":25442,"parent":0,"menu_order":0,"comment_status":"closed","ping_status":"closed","template":"","meta":{"_acf_changed":false,"content-type":"","footnotes":""},"class_list":["post-2415","page","type-page","status-publish","has-post-thumbnail","hentry"],"acf":[],"_links":{"self":[{"href":"https:\/\/www.achilles.com\/pt-br\/wp-json\/wp\/v2\/pages\/2415","targetHints":{"allow":["GET"]}}],"collection":[{"href":"https:\/\/www.achilles.com\/pt-br\/wp-json\/wp\/v2\/pages"}],"about":[{"href":"https:\/\/www.achilles.com\/pt-br\/wp-json\/wp\/v2\/types\/page"}],"author":[{"embeddable":true,"href":"https:\/\/www.achilles.com\/pt-br\/wp-json\/wp\/v2\/users\/1"}],"replies":[{"embeddable":true,"href":"https:\/\/www.achilles.com\/pt-br\/wp-json\/wp\/v2\/comments?post=2415"}],"version-history":[{"count":0,"href":"https:\/\/www.achilles.com\/pt-br\/wp-json\/wp\/v2\/pages\/2415\/revisions"}],"wp:featuredmedia":[{"embeddable":true,"href":"https:\/\/www.achilles.com\/pt-br\/wp-json\/wp\/v2\/media\/25442"}],"wp:attachment":[{"href":"https:\/\/www.achilles.com\/pt-br\/wp-json\/wp\/v2\/media?parent=2415"}],"curies":[{"name":"wp","href":"https:\/\/api.w.org\/{rel}","templated":true}]}}