{"id":23740,"date":"2023-10-02T14:31:45","date_gmt":"2023-10-02T13:31:45","guid":{"rendered":"https:\/\/uat.achilles.com\/?page_id=23740"},"modified":"2024-08-08T10:56:30","modified_gmt":"2024-08-08T09:56:30","slug":"expedicao","status":"publish","type":"page","link":"https:\/\/www.achilles.com\/pt-br\/envio-de-mercadorias\/","title":{"rendered":"Expedi\u00e7\u00e3o"},"content":{"rendered":"    <div class=\"top_section\">\n        <div class=\"container\">\n            <div class=\"top_info\">\n                                    <h1 class=\"top_title\">Solu\u00e7\u00f5es sustent\u00e1veis de gest\u00e3o da cadeia de fornecimento para o transporte mar\u00edtimo<\/h1>\n                                    <div class=\"top_text\">\n                        <p>Numa altura em que a ind\u00fastria global de transporte mar\u00edtimo se concentra nos objectivos e regulamentos da OMI, incluindo objectivos ambiciosos de emiss\u00f5es de GEE, deixe que a Achilles assuma o peso das obriga\u00e7\u00f5es mais amplas da sua cadeia de fornecimento para cumprir a legisla\u00e7\u00e3o de dilig\u00eancia devida e os requisitos dos investidores.<\/p>\n                    <\/div>\n                                    <div class=\"top_buttons\">\n                                                    <a class=\"btn btn_white btn_big\" href=\"\/contact-us\">Fale connosco<\/a>\n                                            <\/div>\n                            <\/div>\n        <\/div>\n        <div class=\"top_media\">\n\t\t\t        <\/div>\n    <\/div>\n\n\n    <div class=\"content_section\">\r\n        <div class=\"container\">\r\n                        <div class=\"description_section\">\r\n                                <p class=\"title_category\">CLIENTES DA ACHILLES<\/p>\r\n                                <h2 class=\"title_section\">Empresas l\u00edderes de mercado em energia e transporte escolhem a Achilles<\/h2>\r\n                                <div class=\"typical_text middle_text\">\r\n                    <p>A Achilles trabalha com as principais empresas ferrovi\u00e1rias, rodovi\u00e1rias e de log\u00edstica em todos os continentes para lidar com os impactos na cadeia de fornecimento, apoiar a melhoria cont\u00ednua dos fornecedores, proporcionar confian\u00e7a nos relat\u00f3rios de dilig\u00eancia devida e garantir a conformidade com a legisla\u00e7\u00e3o ESG.<\/p>\n                <\/div>\r\n                            <\/div>\r\n                        <div class=\"logos_wrap\">\r\n                                <div class=\"logo_item\">\r\n                    <img decoding=\"async\" src=\"https:\/\/www.achilles.com\/app\/uploads\/2023\/09\/Exxon.jpg\" alt=\"\" width=\"250\">\r\n                <\/div>\r\n                                <div class=\"logo_item\">\r\n                    <img decoding=\"async\" src=\"https:\/\/www.achilles.com\/app\/uploads\/2023\/10\/wincanton-logo.svg\" alt=\"Achilles works with Wincanton to provide supply chain risk management solutions\" width=\"250\">\r\n                <\/div>\r\n                                <div class=\"logo_item\">\r\n                    <img decoding=\"async\" src=\"https:\/\/www.achilles.com\/app\/uploads\/2023\/06\/Customer-logo_Shell-logo.png\" alt=\"Shell chooses Achilles for ESG supply chain management\" width=\"250\">\r\n                <\/div>\r\n                                <div class=\"logo_item\">\r\n                    <img decoding=\"async\" src=\"https:\/\/www.achilles.com\/app\/uploads\/2023\/06\/logo-mzlng.png\" alt=\"\" width=\"250\">\r\n                <\/div>\r\n                                <div class=\"logo_item\">\r\n                    <img decoding=\"async\" src=\"\" alt=\"\" width=\"250\">\r\n                <\/div>\r\n                                <div class=\"logo_item\">\r\n                    <img decoding=\"async\" src=\"https:\/\/www.achilles.com\/app\/uploads\/2023\/06\/TotalEnergies.jpg\" alt=\"Achilles provides supply chain risk management solutions to Total Energies\" width=\"250\">\r\n                <\/div>\r\n                                <div class=\"logo_item\">\r\n                    <img decoding=\"async\" src=\"https:\/\/www.achilles.com\/app\/uploads\/2023\/05\/innkjopsportal-logo-vy.png\" alt=\"\" width=\"250\">\r\n                <\/div>\r\n                                <div class=\"logo_item\">\r\n                    <img decoding=\"async\" src=\"https:\/\/www.achilles.com\/app\/uploads\/2023\/06\/bwo-logo-610.jpg\" alt=\"\" width=\"246\">\r\n                <\/div>\r\n                                <div class=\"logo_item\">\r\n                    <img decoding=\"async\" src=\"https:\/\/www.achilles.com\/app\/uploads\/2023\/09\/Petroperu.jpeg\" alt=\"\" width=\"250\">\r\n                <\/div>\r\n                                <div class=\"logo_item\">\r\n                    <img decoding=\"async\" src=\"https:\/\/www.achilles.com\/app\/uploads\/2023\/06\/DublinPortCo-Logo1-e1525869147586.jpg\" alt=\"\" width=\"250\">\r\n                <\/div>\r\n                            <\/div>\r\n                    <\/div>\r\n    <\/div>\r\n\n\n    <div class=\"content_section\">\r\n        <div class=\"container\">\r\n                        <div class=\"posts_panel\">\r\n                <div class=\"description_section\">\r\n                                        <p class=\"title_category\">Hist\u00f3rias de clientes<\/p>\r\n                     \r\n                    <h2 class=\"title_section\">Os clientes da Achilles s\u00e3o l\u00edderes de mercado na vanguarda da governan\u00e7a ambiental e social.  <\/h2>\r\n                                    <\/div>\r\n                            <\/div>\r\n                                    <div class=\"posts_wrap\">\r\n                                <div class=\"post_item\">\r\n                    <div class=\"post_item_top\">\r\n                                                <a class=\"post_item_img\" href=\"https:\/\/www.achilles.com\/pt-br\/google-case-de-sucesso\/\">\r\n                            <img decoding=\"async\" src=\"https:\/\/www.achilles.com\/app\/uploads\/2026\/03\/Achilles-Google-Supply-Chain-Risk-banner.png\" alt=\"Criando uma rede de constru\u00e7\u00e3o de data centers escal\u00e1vel, sustent\u00e1vel e resiliente\">\r\n                        <\/a>\r\n                                                <ul class=\"post_item_categories\">\r\n                                                        <li>Estudo de Caso<\/li>\r\n                                                        <li>Informa\u00e7\u00f5es setoriais<\/li>\r\n                                                    <\/ul>\r\n                    <\/div>\r\n                    <a class=\"post_item_name\" href=\"https:\/\/www.achilles.com\/pt-br\/google-case-de-sucesso\/\">Criando uma rede de constru\u00e7\u00e3o de data centers escal\u00e1vel, sustent\u00e1vel e resiliente<\/a>\r\n                <\/div>\r\n                                <div class=\"post_item\">\r\n                    <div class=\"post_item_top\">\r\n                                                <a class=\"post_item_img\" href=\"https:\/\/www.achilles.com\/pt-br\/informacao-por-setor\/redexis-gerenciamento-de-cae-com-visao-360-alem-da-conformidade-no-local\/\">\r\n                            <img decoding=\"async\" src=\"https:\/\/www.achilles.com\/app\/uploads\/2025\/06\/Copy-of-Website-Main-Header-Full-Width-LIMIT-to-1000KB-3.png\" alt=\"Redexis &#8211; Gerenciamento de CAE com vis\u00e3o 360\u00b0: al\u00e9m da conformidade no local\">\r\n                        <\/a>\r\n                                                <ul class=\"post_item_categories\">\r\n                                                        <li>Estudo de Caso<\/li>\r\n                                                        <li>Informa\u00e7\u00f5es setoriais<\/li>\r\n                                                    <\/ul>\r\n                    <\/div>\r\n                    <a class=\"post_item_name\" href=\"https:\/\/www.achilles.com\/pt-br\/informacao-por-setor\/redexis-gerenciamento-de-cae-com-visao-360-alem-da-conformidade-no-local\/\">Redexis &#8211; Gerenciamento de CAE com vis\u00e3o 360\u00b0: al\u00e9m da conformidade no local<\/a>\r\n                <\/div>\r\n                                <div class=\"post_item\">\r\n                    <div class=\"post_item_top\">\r\n                                                <a class=\"post_item_img\" href=\"https:\/\/www.achilles.com\/pt-br\/informacao-por-setor\/o-grupo-sanef-e-a-gestao-de-riscos-de-compras-e-fornecedores\/\">\r\n                            <img decoding=\"async\" src=\"https:\/\/www.achilles.com\/app\/uploads\/2023\/10\/Road-to-net-Zero.jpg\" alt=\"O grupo Sanef e a gest\u00e3o de riscos de compras e fornecedores\">\r\n                        <\/a>\r\n                                                <ul class=\"post_item_categories\">\r\n                                                        <li>Estudo de Caso<\/li>\r\n                                                        <li>Informa\u00e7\u00f5es setoriais<\/li>\r\n                                                    <\/ul>\r\n                    <\/div>\r\n                    <a class=\"post_item_name\" href=\"https:\/\/www.achilles.com\/pt-br\/informacao-por-setor\/o-grupo-sanef-e-a-gestao-de-riscos-de-compras-e-fornecedores\/\">O grupo Sanef e a gest\u00e3o de riscos de compras e fornecedores<\/a>\r\n                <\/div>\r\n                            <\/div>\r\n                    <\/div>\r\n    <\/div>\r\n\n\n    <div class=\"content_section\">\r\n        <div class=\"container\">\r\n                        <div class=\"description_section\">\r\n                                <p class=\"title_category\">SOLU\u00c7\u00d5ES DE CADEIA DE ABASTECIMENTO PARA O TRANSPORTE MAR\u00cdTIMO<\/p>\r\n                                <h2 class=\"title_section\">Solu\u00e7\u00f5es para uma cadeia de abastecimento mais segura, mais justa e com menos emiss\u00f5es de carbono<\/h2>\r\n                                <div class=\"typical_text middle_text\">\r\n                    <p>A Achilles tem muitas d\u00e9cadas de experi\u00eancia trabalhando com as principais empresas de transporte e log\u00edstica do mundo para lidar com os riscos da cadeia de fornecimento, reduzir as emiss\u00f5es de carbono e oferecer uma transpar\u00eancia excecional na cadeia de fornecimento.<\/p>\n                <\/div>\r\n                            <\/div>\r\n                        <div class=\"features_wrap features_four\">\r\n                                <div class=\"feature_item\">\r\n                                        <div class=\"feature_item_icon\">\r\n                        <img decoding=\"async\" src=\"https:\/\/www.achilles.com\/app\/uploads\/2023\/09\/icon_common-file-text-check.png\" alt=\"\">\r\n                    <\/div>\r\n                                        <h3 class=\"feature_item_name\">Rede de fornecedores pr\u00e9-qualificados<\/h3>\r\n                                        <div class=\"typical_text\">\r\n                        <p>Acede a uma base de dados rigorosamente validada de fornecedores pr\u00e9-qualificados do sector do transporte mar\u00edtimo que cumprem os regulamentos locais e internacionais ESG e de aquisi\u00e7\u00e3o.<\/p>\n                    <\/div>\r\n                                        <a class=\"btn\" aria-label=\"Rede de fornecedores pr\u00e9-qualificados - Saiba mais\" href=\"\/prequalified-supplier-network\">Saiba mais<\/a>\r\n                                    <\/div>\r\n                                <div class=\"feature_item\">\r\n                                        <div class=\"feature_item_icon\">\r\n                        <img decoding=\"async\" src=\"https:\/\/www.achilles.com\/app\/uploads\/2023\/09\/icon_user-network-1.png\" alt=\"on site audits\">\r\n                    <\/div>\r\n                                        <h3 class=\"feature_item_name\">Dilig\u00eancia devida do fornecedor<\/h3>\r\n                                        <div class=\"typical_text\">\r\n                        <p>Avalia\u00e7\u00e3o rigorosa e valida\u00e7\u00e3o da sua cadeia de fornecimento para garantir que os seus fornecedores cumprem as suas normas e que est\u00e1 em conformidade com os regulamentos relevantes para as suas opera\u00e7\u00f5es.<\/p>\n                    <\/div>\r\n                                        <a class=\"btn\" aria-label=\"Dilig\u00eancia devida do fornecedor - Saiba mais\" href=\"\/supply-chain-due-diligence\">Saiba mais<\/a>\r\n                                    <\/div>\r\n                                <div class=\"feature_item\">\r\n                                        <div class=\"feature_item_icon\">\r\n                        <img decoding=\"async\" src=\"https:\/\/www.achilles.com\/app\/uploads\/2023\/09\/Icon_air-pollution-co2-down-2.png\" alt=\"\">\r\n                    <\/div>\r\n                                        <h3 class=\"feature_item_name\">Redu\u00e7\u00e3o das emiss\u00f5es de carbono<\/h3>\r\n                                        <div class=\"typical_text\">\r\n                        <p>Mede, gere e reduz eficazmente a tua pegada de carbono com o \u00fanico sistema de gest\u00e3o de carbono ISO14064-1 do mundo.<\/p>\n                    <\/div>\r\n                                        <a class=\"btn\" aria-label=\"Redu\u00e7\u00e3o das emiss\u00f5es de carbono - Saiba mais\" href=\"\/carbon-reduction\">Saiba mais<\/a>\r\n                                    <\/div>\r\n                                <div class=\"feature_item\">\r\n                                        <div class=\"feature_item_icon\">\r\n                        <img decoding=\"async\" src=\"https:\/\/www.achilles.com\/app\/uploads\/2023\/09\/saving-bank-1.png\" alt=\"\">\r\n                    <\/div>\r\n                                        <h3 class=\"feature_item_name\">Declara\u00e7\u00e3o de fiabilidade<\/h3>\r\n                                        <div class=\"typical_text\">\r\n                        <p>Demonstra claramente o teu desempenho em rela\u00e7\u00e3o aos KPIs ESG e aos Objectivos de Desempenho de Sustentabilidade (SPTs) aos credores e outros grupos de partes interessadas.<\/p>\n                    <\/div>\r\n                                        <a class=\"btn\" aria-label=\"Declara\u00e7\u00e3o de fiabilidade - Saiba mais\" href=\"\/sustainable-finance\/\">Saiba mais<\/a>\r\n                                    <\/div>\r\n                            <\/div>\r\n                    <\/div>\r\n    <\/div>\r\n\n\n            <div class=\"hero_section\">\r\n           <div class=\"hero_media\">\r\n                                <img decoding=\"async\" src=\"https:\/\/www.achilles.com\/app\/uploads\/2024\/08\/UK-Ports-award-2024.png\" alt=\"\">\r\n                            <\/div>\r\n            <div class=\"container\">\r\n                <div class=\"hero_wrapper\">\r\n                    <div class=\"hero_info\">\r\n                                                <h2 class=\"title_section\">Achilles foi nomeada consultora do ano nos pr\u00eamios de sustentabilidade da UK Ports<\/h2>\r\n                                                <div class=\"typical_text middle_text\">\r\n                            <p>Achilles foi reconhecida pelo seu trabalho em apoiar as organiza\u00e7\u00f5es do Reino Unido na gest\u00e3o de obriga\u00e7\u00f5es de aquisi\u00e7\u00e3o regulamentadas, tanto existentes quanto emergentes, em alcan\u00e7ar a transpar\u00eancia na cadeia de suprimentos e pelo seu programa l\u00edder mundial de Redu\u00e7\u00e3o de Carbono, que em m\u00e9dia permite que as empresas reduzam o carbono operacional em 50% dentro de 5 anos.<\/p>\r\n                        <\/div>\r\n                                                <div class=\"content_buttons\">\r\n                                                        <a class=\"btn btn_big\" aria-label=\" - L\u00ea mais\" href=\"https:\/\/www.achilles.com\/pt-br\/industry-insights\/achilles-e-nomeada-consultoria-do-ano-no-premio-de-sustentabilidade-dos-portos-do-reino-unido\/\">L\u00ea mais<\/a>\r\n                                                    <\/div>\r\n                                            <\/div>\r\n                <\/div>\r\n            <\/div>\r\n        <\/div>\r\n    \n\n    <div class=\"content_section\">\r\n        <div class=\"container\">\r\n                        <div class=\"posts_panel\">\r\n                <div class=\"description_section\">\r\n                                        <p class=\"title_category\">Informa\u00e7\u00f5es sobre o sector da Achilles<\/p>\r\n                     \r\n                    <h2 class=\"title_section\">Recomendado para si<\/h2>\r\n                                    <\/div>\r\n                            <\/div>\r\n                                    <div class=\"posts_wrap\">\r\n                                <div class=\"post_item\">\r\n                    <div class=\"post_item_top\">\r\n                                                <a class=\"post_item_img\" href=\"https:\/\/www.achilles.com\/pt-br\/pesquisa-global-da-achilles-revela-grandes-lacunas-de-visibilidade-nas-cadeias-de-suprimentos\/\">\r\n                            <img decoding=\"async\" src=\"https:\/\/www.achilles.com\/app\/uploads\/2026\/03\/Web-page-top-banner-thumbnail-of-Achilles-Global-Supplier-Risk-and-Sustainability-Survey-2026.jpg\" alt=\"Pesquisa Global da Achilles Revela Grandes Lacunas de Visibilidade nas Cadeias de Suprimentos\">\r\n                        <\/a>\r\n                                                <ul class=\"post_item_categories\">\r\n                                                        <li>Comunicado de imprensa<\/li>\r\n                                                        <li>Informa\u00e7\u00f5es setoriais<\/li>\r\n                                                    <\/ul>\r\n                    <\/div>\r\n                    <a class=\"post_item_name\" href=\"https:\/\/www.achilles.com\/pt-br\/pesquisa-global-da-achilles-revela-grandes-lacunas-de-visibilidade-nas-cadeias-de-suprimentos\/\">Pesquisa Global da Achilles Revela Grandes Lacunas de Visibilidade nas Cadeias de Suprimentos<\/a>\r\n                <\/div>\r\n                                <div class=\"post_item\">\r\n                    <div class=\"post_item_top\">\r\n                                                <a class=\"post_item_img\" href=\"https:\/\/www.achilles.com\/pt-br\/informacao-por-setor\/relatorio-anual-de-risco-e-sustentabilidade-da-achilles-2026\/\">\r\n                            <img decoding=\"async\" src=\"https:\/\/www.achilles.com\/app\/uploads\/2026\/03\/Web-page-top-banner-thumbnail-of-Achilles-Global-Supplier-Risk-and-Sustainability-Survey-2026.jpg\" alt=\"Relat\u00f3rio Anual de Risco e Sustentabilidade da Achilles 2026\">\r\n                        <\/a>\r\n                                                <ul class=\"post_item_categories\">\r\n                                                        <li>Guia<\/li>\r\n                                                        <li>Informa\u00e7\u00f5es setoriais<\/li>\r\n                                                    <\/ul>\r\n                    <\/div>\r\n                    <a class=\"post_item_name\" href=\"https:\/\/www.achilles.com\/pt-br\/informacao-por-setor\/relatorio-anual-de-risco-e-sustentabilidade-da-achilles-2026\/\">Relat\u00f3rio Anual de Risco e Sustentabilidade da Achilles 2026<\/a>\r\n                <\/div>\r\n                                <div class=\"post_item\">\r\n                    <div class=\"post_item_top\">\r\n                                                <a class=\"post_item_img\" href=\"https:\/\/www.achilles.com\/pt-br\/informacao-por-setor\/problemas-no-mar-disrupcao-geopolitica-e-os-riscos-ocultos-nas-cadeias-de-suprimentos-globais\/\">\r\n                            <img decoding=\"async\" src=\"https:\/\/www.achilles.com\/app\/uploads\/2026\/03\/AdobeStock_1935474412.jpeg\" alt=\"Problemas no mar: disrup\u00e7\u00e3o geopol\u00edtica e os riscos ocultos nas cadeias de suprimentos globais\">\r\n                        <\/a>\r\n                                                <ul class=\"post_item_categories\">\r\n                                                        <li>Artigos<\/li>\r\n                                                        <li>Informa\u00e7\u00f5es setoriais<\/li>\r\n                                                    <\/ul>\r\n                    <\/div>\r\n                    <a class=\"post_item_name\" href=\"https:\/\/www.achilles.com\/pt-br\/informacao-por-setor\/problemas-no-mar-disrupcao-geopolitica-e-os-riscos-ocultos-nas-cadeias-de-suprimentos-globais\/\">Problemas no mar: disrup\u00e7\u00e3o geopol\u00edtica e os riscos ocultos nas cadeias de suprimentos globais<\/a>\r\n                <\/div>\r\n                            <\/div>\r\n                    <\/div>\r\n    <\/div>\r\n\n\n    <div class=\"contact_main\">\r\n        <div class=\"contact_bg\">\r\n                        <img decoding=\"async\" src=\"https:\/\/www.achilles.com\/app\/uploads\/2023\/10\/AdobeStock_303446042-reduce.jpg\" alt=\"\">\r\n                    <\/div>\r\n        <div class=\"container\">\r\n            <div class=\"contact_content\">\r\n                <div class=\"contact_wrapper\">\r\n                <div class=\"contact_content_description\">\r\n                                        <h1 class=\"title_page\">Fale connosco<\/h1>\r\n                                        <h5 class=\"contact_content_subtitle\">Fala com um dos nossos especialistas em ESG e gest\u00e3o de carbono<\/h5>\r\n                                    <\/div>\r\n                <\/div>\r\n                <div class=\"contact_reqiest\">\r\n                    <script charset=\"utf-8\" type=\"text\/javascript\" src=\"\/\/js.hsforms.net\/forms\/embed\/v2.js\"><\/script><script>hbspt.forms.create({\n    region: \"na1\",\n    portalId: \"5387762\",\n    formId: \"a23cf73a-36bd-433c-a1d8-4acd8b05b928\"\n  });\n<\/script>                <\/div>\r\n            <\/div>\r\n        <\/div>\r\n    <\/div>\r\n\r\n","protected":false},"excerpt":{"rendered":"","protected":false},"author":2,"featured_media":0,"parent":0,"menu_order":0,"comment_status":"closed","ping_status":"closed","template":"","meta":{"_acf_changed":true,"content-type":"","footnotes":""},"class_list":["post-23740","page","type-page","status-publish","hentry"],"acf":[],"_links":{"self":[{"href":"https:\/\/www.achilles.com\/pt-br\/wp-json\/wp\/v2\/pages\/23740","targetHints":{"allow":["GET"]}}],"collection":[{"href":"https:\/\/www.achilles.com\/pt-br\/wp-json\/wp\/v2\/pages"}],"about":[{"href":"https:\/\/www.achilles.com\/pt-br\/wp-json\/wp\/v2\/types\/page"}],"author":[{"embeddable":true,"href":"https:\/\/www.achilles.com\/pt-br\/wp-json\/wp\/v2\/users\/2"}],"replies":[{"embeddable":true,"href":"https:\/\/www.achilles.com\/pt-br\/wp-json\/wp\/v2\/comments?post=23740"}],"version-history":[{"count":0,"href":"https:\/\/www.achilles.com\/pt-br\/wp-json\/wp\/v2\/pages\/23740\/revisions"}],"wp:attachment":[{"href":"https:\/\/www.achilles.com\/pt-br\/wp-json\/wp\/v2\/media?parent=23740"}],"curies":[{"name":"wp","href":"https:\/\/api.w.org\/{rel}","templated":true}]}}