{"id":23727,"date":"2023-09-30T16:58:35","date_gmt":"2023-09-30T15:58:35","guid":{"rendered":"https:\/\/uat.achilles.com\/?page_id=23727"},"modified":"2024-07-24T13:05:22","modified_gmt":"2024-07-24T12:05:22","slug":"mineracao","status":"publish","type":"page","link":"https:\/\/www.achilles.com\/pt-br\/mineracao\/","title":{"rendered":"Minera\u00e7\u00e3o"},"content":{"rendered":"    <div class=\"top_section\">\n        <div class=\"container\">\n            <div class=\"top_info\">\n                                    <h1 class=\"top_title\">Minera\u00e7\u00e3o sustent\u00e1vel e respons\u00e1vel<\/h1>\n                                    <div class=\"top_text\">\n                        <p>A Achilles trabalha em toda a cadeia de valor global, desde metais e minerais at\u00e9 gera\u00e7\u00e3o e distribui\u00e7\u00e3o, para oferecer solu\u00e7\u00f5es eficazes, pragm\u00e1ticas e comprovadas que permitam \u00e0s empresas demonstrar de forma clara o seu compromisso com a minera\u00e7\u00e3o sustent\u00e1vel e respons\u00e1vel, e cumprir os padr\u00f5es mais complexos da ind\u00fastria e os requisitos legislativos nacionais.<\/p>\n                    <\/div>\n                                    <div class=\"top_buttons\">\n                                                    <a class=\"btn btn_white btn_big\" href=\"https:\/\/www.achilles.com\/pt-br\/contate-nos\/\">Contacte-nos<\/a>\n                                            <\/div>\n                            <\/div>\n        <\/div>\n        <div class=\"top_media\">\n\t\t\t            <img decoding=\"async\" src=\"https:\/\/www.achilles.com\/app\/uploads\/2023\/11\/iStock-970105800-scaled.jpg\" alt=\"\">\n                    <\/div>\n    <\/div>\n\n\n    <div class=\"content_section\">\r\n        <div class=\"container\">\r\n                        <div class=\"description_section\">\r\n                                <p class=\"title_category\">CLIENTES DA ACHILLES<\/p>\r\n                                <h2 class=\"title_section\">As principais empresas mineiras do mundo escolhem a Achilles<\/h2>\r\n                                <div class=\"typical_text middle_text\">\r\n                    <p>A Achilles trabalha com as principais empresas mineiras de todos os continentes para abordar os impactos na cadeia de suprimentos mineira, apoiar a melhoria cont\u00ednua dos fornecedores, fornecer confian\u00e7a na elabora\u00e7\u00e3o de relat\u00f3rios de dilig\u00eancia devida e garantir o cumprimento da legisla\u00e7\u00e3o de ESG na Austr\u00e1lia, Canad\u00e1, Uni\u00e3o Europeia e em outros territ\u00f3rios-chave.<\/p>\n                <\/div>\r\n                            <\/div>\r\n                        <div class=\"logos_wrap\">\r\n                                <div class=\"logo_item\">\r\n                    <img decoding=\"async\" src=\"https:\/\/www.achilles.com\/app\/uploads\/2023\/09\/anglogold-ashanti-logo.jpg\" alt=\"The Anglogold Ashanti logo has the words Anglogold on one line and Ashanti below it in black text. Above the text there is a thin black swoosh and a gold lion.\">\r\n                <\/div>\r\n                                <div class=\"logo_item\">\r\n                    <img decoding=\"async\" src=\"\" alt=\"\">\r\n                <\/div>\r\n                                <div class=\"logo_item\">\r\n                    <img decoding=\"async\" src=\"https:\/\/www.achilles.com\/app\/uploads\/2023\/09\/Southern-Peaks.jpeg\" alt=\"\">\r\n                <\/div>\r\n                                <div class=\"logo_item\">\r\n                    <img decoding=\"async\" src=\"https:\/\/www.achilles.com\/app\/uploads\/2023\/09\/Glencore.jpeg\" alt=\"\">\r\n                <\/div>\r\n                                <div class=\"logo_item\">\r\n                    <img decoding=\"async\" src=\"https:\/\/www.achilles.com\/app\/uploads\/2023\/09\/pan_american_silver_logo.png\" alt=\"\">\r\n                <\/div>\r\n                                <div class=\"logo_item\">\r\n                    <img decoding=\"async\" src=\"https:\/\/www.achilles.com\/app\/uploads\/2023\/06\/Marcobre.jpg\" alt=\"\">\r\n                <\/div>\r\n                                <div class=\"logo_item\">\r\n                    <img decoding=\"async\" src=\"https:\/\/www.achilles.com\/app\/uploads\/2023\/06\/Cerro-Verde.jpg\" alt=\"\">\r\n                <\/div>\r\n                                <div class=\"logo_item\">\r\n                    <img decoding=\"async\" src=\"https:\/\/www.achilles.com\/app\/uploads\/2023\/06\/Rutas-de-Lima.jpg\" alt=\"\">\r\n                <\/div>\r\n                                <div class=\"logo_item\">\r\n                    <img decoding=\"async\" src=\"https:\/\/www.achilles.com\/app\/uploads\/2023\/06\/Minsur.jpg\" alt=\"\">\r\n                <\/div>\r\n                                <div class=\"logo_item\">\r\n                    <img decoding=\"async\" src=\"https:\/\/www.achilles.com\/app\/uploads\/2023\/10\/atlantic_cooper.png\" alt=\"\">\r\n                <\/div>\r\n                            <\/div>\r\n                    <\/div>\r\n    <\/div>\r\n\n\n    <div class=\"content_section\">\r\n        <div class=\"container\">\r\n                        <div class=\"posts_panel\">\r\n                <div class=\"description_section\">\r\n                                        <p class=\"title_category\">CASES DE SUCESSO<\/p>\r\n                     \r\n                    <h2 class=\"title_section\">Os clientes da Achilles s\u00e3o l\u00edderes de mercado e est\u00e3o na vanguarda em termos de ESG<\/h2>\r\n                                    <\/div>\r\n                            <\/div>\r\n                                    <div class=\"posts_wrap\">\r\n                                <div class=\"post_item\">\r\n                    <div class=\"post_item_top\">\r\n                                                <a class=\"post_item_img\" href=\"https:\/\/www.achilles.com\/pt-br\/pesquisa-global-da-achilles-revela-grandes-lacunas-de-visibilidade-nas-cadeias-de-suprimentos\/\">\r\n                            <img decoding=\"async\" src=\"https:\/\/www.achilles.com\/app\/uploads\/2026\/03\/Web-page-top-banner-thumbnail-of-Achilles-Global-Supplier-Risk-and-Sustainability-Survey-2026.jpg\" alt=\"Pesquisa Global da Achilles Revela Grandes Lacunas de Visibilidade nas Cadeias de Suprimentos\">\r\n                        <\/a>\r\n                                                <ul class=\"post_item_categories\">\r\n                                                        <li>Comunicado de imprensa<\/li>\r\n                                                        <li>Informa\u00e7\u00f5es setoriais<\/li>\r\n                                                    <\/ul>\r\n                    <\/div>\r\n                    <a class=\"post_item_name\" href=\"https:\/\/www.achilles.com\/pt-br\/pesquisa-global-da-achilles-revela-grandes-lacunas-de-visibilidade-nas-cadeias-de-suprimentos\/\">Pesquisa Global da Achilles Revela Grandes Lacunas de Visibilidade nas Cadeias de Suprimentos<\/a>\r\n                <\/div>\r\n                                <div class=\"post_item\">\r\n                    <div class=\"post_item_top\">\r\n                                                <a class=\"post_item_img\" href=\"https:\/\/www.achilles.com\/pt-br\/informacao-por-setor\/relatorio-anual-de-risco-e-sustentabilidade-da-achilles-2026\/\">\r\n                            <img decoding=\"async\" src=\"https:\/\/www.achilles.com\/app\/uploads\/2026\/03\/Web-page-top-banner-thumbnail-of-Achilles-Global-Supplier-Risk-and-Sustainability-Survey-2026.jpg\" alt=\"Relat\u00f3rio Anual de Risco e Sustentabilidade da Achilles 2026\">\r\n                        <\/a>\r\n                                                <ul class=\"post_item_categories\">\r\n                                                        <li>Guia<\/li>\r\n                                                        <li>Informa\u00e7\u00f5es setoriais<\/li>\r\n                                                    <\/ul>\r\n                    <\/div>\r\n                    <a class=\"post_item_name\" href=\"https:\/\/www.achilles.com\/pt-br\/informacao-por-setor\/relatorio-anual-de-risco-e-sustentabilidade-da-achilles-2026\/\">Relat\u00f3rio Anual de Risco e Sustentabilidade da Achilles 2026<\/a>\r\n                <\/div>\r\n                                <div class=\"post_item\">\r\n                    <div class=\"post_item_top\">\r\n                                                <a class=\"post_item_img\" href=\"https:\/\/www.achilles.com\/pt-br\/informacao-por-setor\/problemas-no-mar-disrupcao-geopolitica-e-os-riscos-ocultos-nas-cadeias-de-suprimentos-globais\/\">\r\n                            <img decoding=\"async\" src=\"https:\/\/www.achilles.com\/app\/uploads\/2026\/03\/AdobeStock_1935474412.jpeg\" alt=\"Problemas no mar: disrup\u00e7\u00e3o geopol\u00edtica e os riscos ocultos nas cadeias de suprimentos globais\">\r\n                        <\/a>\r\n                                                <ul class=\"post_item_categories\">\r\n                                                        <li>Artigos<\/li>\r\n                                                        <li>Informa\u00e7\u00f5es setoriais<\/li>\r\n                                                    <\/ul>\r\n                    <\/div>\r\n                    <a class=\"post_item_name\" href=\"https:\/\/www.achilles.com\/pt-br\/informacao-por-setor\/problemas-no-mar-disrupcao-geopolitica-e-os-riscos-ocultos-nas-cadeias-de-suprimentos-globais\/\">Problemas no mar: disrup\u00e7\u00e3o geopol\u00edtica e os riscos ocultos nas cadeias de suprimentos globais<\/a>\r\n                <\/div>\r\n                            <\/div>\r\n                    <\/div>\r\n    <\/div>\r\n\n\n    <div class=\"content_section\">\r\n        <div class=\"container\">\r\n                        <div class=\"description_section\">\r\n                                <p class=\"title_category\">SOLU\u00c7\u00d5ES PARA A CADEIA DE SUPRIMENTO MINERA<\/p>\r\n                                <h2 class=\"title_section\">Solu\u00e7\u00f5es para uma ind\u00fastria mineira mais segura, justa e com menores emiss\u00f5es de carbono<\/h2>\r\n                                <div class=\"typical_text\">\r\n                    <p>A Achilles possui v\u00e1rias d\u00e9cadas de experi\u00eancia trabalhando com as principais empresas mineiras do mundo para abordar os riscos da cadeia de suprimento, reduzir as emiss\u00f5es de carbono e proporcionar uma transpar\u00eancia excepcional na cadeia de suprimento.<\/p>\n                <\/div>\r\n                            <\/div>\r\n                        <div class=\"features_wrap features_four\">\r\n                                <div class=\"feature_item\">\r\n                                        <div class=\"feature_item_icon\">\r\n                        <img decoding=\"async\" src=\"https:\/\/www.achilles.com\/app\/uploads\/2023\/09\/icon_common-file-text-check.png\" alt=\"\">\r\n                    <\/div>\r\n                                        <h3 class=\"feature_item_name\">Rede de fornecedores avaliados<\/h3>\r\n                                        <div class=\"typical_text\">\r\n                        <p>Acesse uma base de dados rigorosamente avaliada e validada de fornecedores da ind\u00fastria mineira que cumprem as regulamenta\u00e7\u00f5es locais e internacionais de ESG e compras.<\/p>\n                    <\/div>\r\n                                        <a class=\"btn\" aria-label=\"Rede de fornecedores avaliados - Maiores informa\u00e7\u00f5es\" href=\"https:\/\/www.achilles.com\/pt-br\/rede-fornecedores-prequalificados\/\">Maiores informa\u00e7\u00f5es<\/a>\r\n                                    <\/div>\r\n                                <div class=\"feature_item\">\r\n                                        <div class=\"feature_item_icon\">\r\n                        <img decoding=\"async\" src=\"https:\/\/www.achilles.com\/app\/uploads\/2023\/09\/icon_user-network-1.png\" alt=\"on site audits\">\r\n                    <\/div>\r\n                                        <h3 class=\"feature_item_name\">Devida dilig\u00eancia de fornecedores<\/h3>\r\n                                        <div class=\"typical_text\">\r\n                        <p>Uma avalia\u00e7\u00e3o e valida\u00e7\u00e3o rigorosas da sua cadeia de abastecimento para garantir que os seus fornecedores estejam em conformidade com os seus padr\u00f5es e com as regulamenta\u00e7\u00f5es relevantes para as suas opera\u00e7\u00f5es.<\/p>\n                    <\/div>\r\n                                    <\/div>\r\n                                <div class=\"feature_item\">\r\n                                        <div class=\"feature_item_icon\">\r\n                        <img decoding=\"async\" src=\"https:\/\/www.achilles.com\/app\/uploads\/2023\/09\/Icon_air-pollution-co2-down-2.png\" alt=\"\">\r\n                    <\/div>\r\n                                        <h3 class=\"feature_item_name\">Redu\u00e7\u00e3o de carbono<\/h3>\r\n                                        <div class=\"typical_text\">\r\n                        <p>Me\u00e7a, gerencie e reduza efetivamente a sua pegada de carbono com o \u00fanico Esquema de Gest\u00e3o de Carbono ISO14064-1 no mundo.<\/p>\n                    <\/div>\r\n                                    <\/div>\r\n                                <div class=\"feature_item\">\r\n                                        <div class=\"feature_item_icon\">\r\n                        <img decoding=\"async\" src=\"https:\/\/www.achilles.com\/app\/uploads\/2023\/09\/Achilles-icons_Risk-Management-team.png\" alt=\"\">\r\n                    <\/div>\r\n                                        <h3 class=\"feature_item_name\">Gest\u00e3o de contratantes<\/h3>\r\n                                        <div class=\"typical_text\">\r\n                        <p>Achilles Controlar \u00e9 a forma mais simples, segura e eficaz de gerir a documenta\u00e7\u00e3o dos teus contratantes, garantir a conformidade com as normas de sa\u00fade, seguran\u00e7a e outras normas trabalhistas, e evitar poss\u00edveis acidentes, multas e san\u00e7\u00f5es.<\/p>\n                    <\/div>\r\n                                        <a class=\"btn\" aria-label=\"Gest\u00e3o de contratantes - Maiores informa\u00e7\u00f5es\" href=\"https:\/\/www.achilles.com\/pt-br\/plataforma-cae-controlar\/\">Maiores informa\u00e7\u00f5es<\/a>\r\n                                    <\/div>\r\n                            <\/div>\r\n                    <\/div>\r\n    <\/div>\r\n\n\n            <div class=\"hero_section\">\r\n           <div class=\"hero_media\">\r\n                            <\/div>\r\n            <div class=\"container\">\r\n                <div class=\"hero_wrapper\">\r\n                    <div class=\"hero_info\">\r\n                                                <h2 class=\"title_section\">Minera\u00e7\u00e3o e Cimento<\/h2>\r\n                                                <div class=\"typical_text middle_text\">\r\n                            <p>&#8220;Durante muito tempo estivemos \u00e0 procura de uma solu\u00e7\u00e3o, mas nunca encontr\u00e1vamos a adequada. A proposta da Achilles respondeu \u00e0s necessidades e desafios que est\u00e1vamos enfrentando.&#8221; <p> &#8211; Empresa Compradora Mineira<\/p>\r\n                        <\/div>\r\n                                                <div class=\"content_buttons\">\r\n                                                        <a class=\"btn btn_big\" aria-label=\" - Maiores informa\u00e7\u00f5es\" href=\"https:\/\/www.achilles.com\/pt-br\/community\/regic\/\">Maiores informa\u00e7\u00f5es<\/a>\r\n                                                    <\/div>\r\n                                            <\/div>\r\n                <\/div>\r\n            <\/div>\r\n        <\/div>\r\n    \n\n    <div class=\"content_section\">\r\n        <div class=\"container\">\r\n                        <div class=\"posts_panel\">\r\n                <div class=\"description_section\">\r\n                                        <p class=\"title_category\">RECURSOS PARA O SETOR MINEIRO<\/p>\r\n                     \r\n                    <h2 class=\"title_section\">Recomendado para si<\/h2>\r\n                                    <\/div>\r\n                            <\/div>\r\n                                    <div class=\"posts_wrap\">\r\n                                <div class=\"post_item\">\r\n                    <div class=\"post_item_top\">\r\n                                                <a class=\"post_item_img\" href=\"https:\/\/www.achilles.com\/pt-br\/pesquisa-global-da-achilles-revela-grandes-lacunas-de-visibilidade-nas-cadeias-de-suprimentos\/\">\r\n                            <img decoding=\"async\" src=\"https:\/\/www.achilles.com\/app\/uploads\/2026\/03\/Web-page-top-banner-thumbnail-of-Achilles-Global-Supplier-Risk-and-Sustainability-Survey-2026.jpg\" alt=\"Pesquisa Global da Achilles Revela Grandes Lacunas de Visibilidade nas Cadeias de Suprimentos\">\r\n                        <\/a>\r\n                                                <ul class=\"post_item_categories\">\r\n                                                        <li>Comunicado de imprensa<\/li>\r\n                                                        <li>Informa\u00e7\u00f5es setoriais<\/li>\r\n                                                    <\/ul>\r\n                    <\/div>\r\n                    <a class=\"post_item_name\" href=\"https:\/\/www.achilles.com\/pt-br\/pesquisa-global-da-achilles-revela-grandes-lacunas-de-visibilidade-nas-cadeias-de-suprimentos\/\">Pesquisa Global da Achilles Revela Grandes Lacunas de Visibilidade nas Cadeias de Suprimentos<\/a>\r\n                <\/div>\r\n                                <div class=\"post_item\">\r\n                    <div class=\"post_item_top\">\r\n                                                <a class=\"post_item_img\" href=\"https:\/\/www.achilles.com\/pt-br\/informacao-por-setor\/relatorio-anual-de-risco-e-sustentabilidade-da-achilles-2026\/\">\r\n                            <img decoding=\"async\" src=\"https:\/\/www.achilles.com\/app\/uploads\/2026\/03\/Web-page-top-banner-thumbnail-of-Achilles-Global-Supplier-Risk-and-Sustainability-Survey-2026.jpg\" alt=\"Relat\u00f3rio Anual de Risco e Sustentabilidade da Achilles 2026\">\r\n                        <\/a>\r\n                                                <ul class=\"post_item_categories\">\r\n                                                        <li>Guia<\/li>\r\n                                                        <li>Informa\u00e7\u00f5es setoriais<\/li>\r\n                                                    <\/ul>\r\n                    <\/div>\r\n                    <a class=\"post_item_name\" href=\"https:\/\/www.achilles.com\/pt-br\/informacao-por-setor\/relatorio-anual-de-risco-e-sustentabilidade-da-achilles-2026\/\">Relat\u00f3rio Anual de Risco e Sustentabilidade da Achilles 2026<\/a>\r\n                <\/div>\r\n                                <div class=\"post_item\">\r\n                    <div class=\"post_item_top\">\r\n                                                <a class=\"post_item_img\" href=\"https:\/\/www.achilles.com\/pt-br\/informacao-por-setor\/problemas-no-mar-disrupcao-geopolitica-e-os-riscos-ocultos-nas-cadeias-de-suprimentos-globais\/\">\r\n                            <img decoding=\"async\" src=\"https:\/\/www.achilles.com\/app\/uploads\/2026\/03\/AdobeStock_1935474412.jpeg\" alt=\"Problemas no mar: disrup\u00e7\u00e3o geopol\u00edtica e os riscos ocultos nas cadeias de suprimentos globais\">\r\n                        <\/a>\r\n                                                <ul class=\"post_item_categories\">\r\n                                                        <li>Artigos<\/li>\r\n                                                        <li>Informa\u00e7\u00f5es setoriais<\/li>\r\n                                                    <\/ul>\r\n                    <\/div>\r\n                    <a class=\"post_item_name\" href=\"https:\/\/www.achilles.com\/pt-br\/informacao-por-setor\/problemas-no-mar-disrupcao-geopolitica-e-os-riscos-ocultos-nas-cadeias-de-suprimentos-globais\/\">Problemas no mar: disrup\u00e7\u00e3o geopol\u00edtica e os riscos ocultos nas cadeias de suprimentos globais<\/a>\r\n                <\/div>\r\n                            <\/div>\r\n                    <\/div>\r\n    <\/div>\r\n\n\n    <div class=\"contact_main\">\r\n        <div class=\"contact_bg\">\r\n                    <\/div>\r\n        <div class=\"container\">\r\n            <div class=\"contact_content\">\r\n                <div class=\"contact_wrapper\">\r\n                <div class=\"contact_content_description\">\r\n                                        <h1 class=\"title_page\">Contacte-nos<\/h1>\r\n                                        <h5 class=\"contact_content_subtitle\">Fale com um dos nossos especialistas em ESG e gest\u00e3o de carbono<\/h5>\r\n                                    <\/div>\r\n                <\/div>\r\n                <div class=\"contact_reqiest\">\r\n                    <script charset=\"utf-8\" type=\"text\/javascript\" src=\"\/\/js.hsforms.net\/forms\/embed\/v2.js\"><\/script>\r\n<script>\r\n  hbspt.forms.create({\r\n    region: \"na1\",\r\n    portalId: \"5387762\",\r\n    formId: \"90dea027-e433-44d7-a856-a40aac08671b\"\r\n  });\r\n<\/script>                <\/div>\r\n            <\/div>\r\n        <\/div>\r\n    <\/div>\r\n\r\n","protected":false},"excerpt":{"rendered":"","protected":false},"author":12,"featured_media":0,"parent":0,"menu_order":0,"comment_status":"closed","ping_status":"closed","template":"","meta":{"_acf_changed":true,"content-type":"","footnotes":""},"class_list":["post-23727","page","type-page","status-publish","hentry"],"acf":[],"_links":{"self":[{"href":"https:\/\/www.achilles.com\/pt-br\/wp-json\/wp\/v2\/pages\/23727","targetHints":{"allow":["GET"]}}],"collection":[{"href":"https:\/\/www.achilles.com\/pt-br\/wp-json\/wp\/v2\/pages"}],"about":[{"href":"https:\/\/www.achilles.com\/pt-br\/wp-json\/wp\/v2\/types\/page"}],"author":[{"embeddable":true,"href":"https:\/\/www.achilles.com\/pt-br\/wp-json\/wp\/v2\/users\/12"}],"replies":[{"embeddable":true,"href":"https:\/\/www.achilles.com\/pt-br\/wp-json\/wp\/v2\/comments?post=23727"}],"version-history":[{"count":0,"href":"https:\/\/www.achilles.com\/pt-br\/wp-json\/wp\/v2\/pages\/23727\/revisions"}],"wp:attachment":[{"href":"https:\/\/www.achilles.com\/pt-br\/wp-json\/wp\/v2\/media?parent=23727"}],"curies":[{"name":"wp","href":"https:\/\/api.w.org\/{rel}","templated":true}]}}