{"id":23396,"date":"2023-09-30T16:54:23","date_gmt":"2023-09-30T15:54:23","guid":{"rendered":"https:\/\/uat.achilles.com\/?page_id=23396"},"modified":"2025-06-13T11:34:59","modified_gmt":"2025-06-13T10:34:59","slug":"banco","status":"publish","type":"page","link":"https:\/\/www.achilles.com\/pt-br\/banco\/","title":{"rendered":"Banco"},"content":{"rendered":"    <div class=\"top_section\">\n        <div class=\"container\">\n            <div class=\"top_info\">\n                                    <h1 class=\"top_title\">Transi\u00e7\u00e3o sustent\u00e1vel para emiss\u00f5es l\u00edquidas zero<\/h1>\n                                    <div class=\"top_text\">\n                        <p>A rigorosa avalia\u00e7\u00e3o e valida\u00e7\u00e3o da Achilles, as auditorias virtuais e presenciais, e as entrevistas com os trabalhadores permitem \u00e0s principais empresas do setor banc\u00e1rio ter uma vis\u00e3o transparente de sua cadeia de suprimentos e confian\u00e7a total na presta\u00e7\u00e3o de relat\u00f3rios, al\u00e9m de contribuir para construir um mundo mais seguro, justo e sustent\u00e1vel.<\/p>\n                    <\/div>\n                                    <div class=\"top_buttons\">\n                                                    <a class=\"btn btn_white btn_big\" href=\"\/pt-br\/contate-nos\/\">Contacte-nos<\/a>\n                                            <\/div>\n                            <\/div>\n        <\/div>\n        <div class=\"top_media\">\n\t\t\t        <\/div>\n    <\/div>\n\n\n    <div class=\"content_section\">\r\n        <div class=\"container\">\r\n                        <div class=\"description_section\">\r\n                                <p class=\"title_category\">CLIENTES DA ACHILLES<\/p>\r\n                                <h2 class=\"title_section\">As principais empresas do setor banc\u00e1rio a n\u00edvel mundial escolhem a Achilles<\/h2>\r\n                                <div class=\"typical_text middle_text\">\r\n                    <p>A Achilles trabalha com as principais empresas financeiras do mundo, oferecendo apoio em todos os continentes para reduzir o impacto ambiental, erradicar a escravid\u00e3o moderna, eliminar o trabalho infantil, apoiar melhorias cont\u00ednuas na cadeia de fornecimento e garantir confian\u00e7a na presta\u00e7\u00e3o de relat\u00f3rios para cumprir legisla\u00e7\u00f5es como a Diretiva de Dilig\u00eancia Sustent\u00e1vel da UE.<\/p>\n                <\/div>\r\n                            <\/div>\r\n                        <div class=\"logos_wrap\">\r\n                                <div class=\"logo_item\">\r\n                    <img decoding=\"async\" src=\"https:\/\/www.achilles.com\/app\/uploads\/2023\/10\/International_Finance_Corporation_logo.svg.png\" alt=\"International Finance Corporation logo\">\r\n                <\/div>\r\n                                <div class=\"logo_item\">\r\n                    <img decoding=\"async\" src=\"https:\/\/www.achilles.com\/app\/uploads\/2023\/10\/Banco-Sabadell.jpg\" alt=\"\">\r\n                <\/div>\r\n                                <div class=\"logo_item\">\r\n                    <img decoding=\"async\" src=\"https:\/\/www.achilles.com\/app\/uploads\/2025\/03\/logo-caixabank.png\" alt=\"CaixaBank\">\r\n                <\/div>\r\n                                <div class=\"logo_item\">\r\n                    <img decoding=\"async\" src=\"https:\/\/www.achilles.com\/app\/uploads\/2024\/03\/Danmark-National-Bank-Logo.jpeg\" alt=\"Danmarks National Bank logo\">\r\n                <\/div>\r\n                                <div class=\"logo_item\">\r\n                    <img decoding=\"async\" src=\"https:\/\/www.achilles.com\/app\/uploads\/2023\/10\/Caixa-dEnginyers.jpg\" alt=\"\">\r\n                <\/div>\r\n                            <\/div>\r\n                    <\/div>\r\n    <\/div>\r\n\n\n    <div class=\"content_section\">\r\n        <div class=\"container\">\r\n                        <div class=\"posts_panel\">\r\n                <div class=\"description_section\">\r\n                                        <p class=\"title_category\">CASES DE SUCESSO<\/p>\r\n                     \r\n                    <h2 class=\"title_section\">Os clientes da Achilles no setor banc\u00e1rio s\u00e3o l\u00edderes de mercado e est\u00e3o na vanguarda em termos de ESG<\/h2>\r\n                                    <\/div>\r\n                            <\/div>\r\n                                    <div class=\"posts_wrap\">\r\n                                <div class=\"post_item\">\r\n                    <div class=\"post_item_top\">\r\n                                                <a class=\"post_item_img\" href=\"https:\/\/www.achilles.com\/pt-br\/pesquisa-global-da-achilles-revela-grandes-lacunas-de-visibilidade-nas-cadeias-de-suprimentos\/\">\r\n                            <img decoding=\"async\" src=\"https:\/\/www.achilles.com\/app\/uploads\/2026\/03\/Web-page-top-banner-thumbnail-of-Achilles-Global-Supplier-Risk-and-Sustainability-Survey-2026.jpg\" alt=\"Pesquisa Global da Achilles Revela Grandes Lacunas de Visibilidade nas Cadeias de Suprimentos\">\r\n                        <\/a>\r\n                                                <ul class=\"post_item_categories\">\r\n                                                        <li>Comunicado de imprensa<\/li>\r\n                                                        <li>Informa\u00e7\u00f5es setoriais<\/li>\r\n                                                    <\/ul>\r\n                    <\/div>\r\n                    <a class=\"post_item_name\" href=\"https:\/\/www.achilles.com\/pt-br\/pesquisa-global-da-achilles-revela-grandes-lacunas-de-visibilidade-nas-cadeias-de-suprimentos\/\">Pesquisa Global da Achilles Revela Grandes Lacunas de Visibilidade nas Cadeias de Suprimentos<\/a>\r\n                <\/div>\r\n                                <div class=\"post_item\">\r\n                    <div class=\"post_item_top\">\r\n                                                <a class=\"post_item_img\" href=\"https:\/\/www.achilles.com\/pt-br\/informacao-por-setor\/relatorio-anual-de-risco-e-sustentabilidade-da-achilles-2026\/\">\r\n                            <img decoding=\"async\" src=\"https:\/\/www.achilles.com\/app\/uploads\/2026\/03\/Web-page-top-banner-thumbnail-of-Achilles-Global-Supplier-Risk-and-Sustainability-Survey-2026.jpg\" alt=\"Relat\u00f3rio Anual de Risco e Sustentabilidade da Achilles 2026\">\r\n                        <\/a>\r\n                                                <ul class=\"post_item_categories\">\r\n                                                        <li>Guia<\/li>\r\n                                                        <li>Informa\u00e7\u00f5es setoriais<\/li>\r\n                                                    <\/ul>\r\n                    <\/div>\r\n                    <a class=\"post_item_name\" href=\"https:\/\/www.achilles.com\/pt-br\/informacao-por-setor\/relatorio-anual-de-risco-e-sustentabilidade-da-achilles-2026\/\">Relat\u00f3rio Anual de Risco e Sustentabilidade da Achilles 2026<\/a>\r\n                <\/div>\r\n                                <div class=\"post_item\">\r\n                    <div class=\"post_item_top\">\r\n                                                <a class=\"post_item_img\" href=\"https:\/\/www.achilles.com\/pt-br\/informacao-por-setor\/problemas-no-mar-disrupcao-geopolitica-e-os-riscos-ocultos-nas-cadeias-de-suprimentos-globais\/\">\r\n                            <img decoding=\"async\" src=\"https:\/\/www.achilles.com\/app\/uploads\/2026\/03\/AdobeStock_1935474412.jpeg\" alt=\"Problemas no mar: disrup\u00e7\u00e3o geopol\u00edtica e os riscos ocultos nas cadeias de suprimentos globais\">\r\n                        <\/a>\r\n                                                <ul class=\"post_item_categories\">\r\n                                                        <li>Artigos<\/li>\r\n                                                        <li>Informa\u00e7\u00f5es setoriais<\/li>\r\n                                                    <\/ul>\r\n                    <\/div>\r\n                    <a class=\"post_item_name\" href=\"https:\/\/www.achilles.com\/pt-br\/informacao-por-setor\/problemas-no-mar-disrupcao-geopolitica-e-os-riscos-ocultos-nas-cadeias-de-suprimentos-globais\/\">Problemas no mar: disrup\u00e7\u00e3o geopol\u00edtica e os riscos ocultos nas cadeias de suprimentos globais<\/a>\r\n                <\/div>\r\n                            <\/div>\r\n                    <\/div>\r\n    <\/div>\r\n\n\n    <div class=\"content_section\">\r\n        <div class=\"container\">\r\n                        <div class=\"description_section\">\r\n                                <p class=\"title_category\">SOLU\u00c7\u00d5ES PARA A CADEIA DE FORNECIMENTO DO SETOR FINANCEIRO<\/p>\r\n                                <h2 class=\"title_section\">Solu\u00e7\u00f5es para uma ind\u00fastria financeira mais segura, justa e com menor emiss\u00e3o de carbono<\/h2>\r\n                                <div class=\"typical_text\">\r\n                    <p>A Achilles tem v\u00e1rias d\u00e9cadas de experi\u00eancia a trabalhar com as principais empresas financeiras do mundo para abordar os riscos na cadeia de fornecimento, reduzir as emiss\u00f5es de carbono e proporcionar uma transpar\u00eancia excecional na cadeia de fornecimento.<\/p>\n                <\/div>\r\n                            <\/div>\r\n                        <div class=\"features_wrap features_four\">\r\n                                <div class=\"feature_item\">\r\n                                        <div class=\"feature_item_icon\">\r\n                        <img decoding=\"async\" src=\"https:\/\/www.achilles.com\/app\/uploads\/2023\/09\/icon_common-file-text-check.png\" alt=\"\">\r\n                    <\/div>\r\n                                        <h3 class=\"feature_item_name\">Rede de fornecedores avaliados<\/h3>\r\n                                        <div class=\"typical_text\">\r\n                        <p>Aceda a uma base de dados rigorosamente avaliada e validada de fornecedores globais de servi\u00e7os financeiros que cumprem com as regulamenta\u00e7\u00f5es locais e internacionais de ESG e compras, como a Diretiva de Due Diligence em Sustentabilidade.<\/p>\n                    <\/div>\r\n                                        <a class=\"btn\" aria-label=\"Rede de fornecedores avaliados - Maiores informa\u00e7\u00f5es\" href=\"https:\/\/www.achilles.com\/pt-br\/rede-fornecedores-prequalificados\/\">Maiores informa\u00e7\u00f5es<\/a>\r\n                                    <\/div>\r\n                                <div class=\"feature_item\">\r\n                                        <div class=\"feature_item_icon\">\r\n                        <img decoding=\"async\" src=\"https:\/\/www.achilles.com\/app\/uploads\/2023\/09\/icon_user-network-1.png\" alt=\"on site audits\">\r\n                    <\/div>\r\n                                        <h3 class=\"feature_item_name\">Devida dilig\u00eancia de fornecedores<\/h3>\r\n                                        <div class=\"typical_text\">\r\n                        <p>Uma avalia\u00e7\u00e3o e valida\u00e7\u00e3o rigorosas da sua cadeia de abastecimento para garantir que os seus fornecedores estejam em conformidade com os seus padr\u00f5es e com as regulamenta\u00e7\u00f5es relevantes para as suas opera\u00e7\u00f5es.<\/p>\n                    <\/div>\r\n                                    <\/div>\r\n                                <div class=\"feature_item\">\r\n                                        <div class=\"feature_item_icon\">\r\n                        <img decoding=\"async\" src=\"https:\/\/www.achilles.com\/app\/uploads\/2023\/09\/Icon_air-pollution-co2-down-2.png\" alt=\"\">\r\n                    <\/div>\r\n                                        <h3 class=\"feature_item_name\">Redu\u00e7\u00e3o de carbon<\/h3>\r\n                                        <div class=\"typical_text\">\r\n                        <p>Me\u00e7a, gerencie e reduza efetivamente a sua pegada de carbono com o \u00fanico Esquema de Gest\u00e3o de Carbono ISO14064-1 no mundo.<\/p>\n                    <\/div>\r\n                                    <\/div>\r\n                                <div class=\"feature_item\">\r\n                                        <div class=\"feature_item_icon\">\r\n                        <img decoding=\"async\" src=\"https:\/\/www.achilles.com\/app\/uploads\/2023\/09\/Achilles-icons_Risk-Management-team.png\" alt=\"\">\r\n                    <\/div>\r\n                                        <h3 class=\"feature_item_name\">Gest\u00e3o de contratantes<\/h3>\r\n                                        <div class=\"typical_text\">\r\n                        <p>Achilles Controlar \u00e9 a forma mais simples, segura e eficaz de gerir a documenta\u00e7\u00e3o dos teus contratantes, garantir a conformidade com as normas de sa\u00fade, seguran\u00e7a e outras normas trabalhistas, e evitar poss\u00edveis acidentes, multas e san\u00e7\u00f5es.<\/p>\n                    <\/div>\r\n                                        <a class=\"btn\" aria-label=\"Gest\u00e3o de contratantes - Maiores informa\u00e7\u00f5es\" href=\"https:\/\/www.achilles.com\/pt-br\/plataforma-cae-controlar\/\">Maiores informa\u00e7\u00f5es<\/a>\r\n                                    <\/div>\r\n                            <\/div>\r\n                    <\/div>\r\n    <\/div>\r\n\n\n            <div class=\"hero_section\">\r\n           <div class=\"hero_media\">\r\n                                <img decoding=\"async\" src=\"https:\/\/www.achilles.com\/app\/uploads\/2023\/10\/iStock-1160082188-2.jpg\" alt=\"\">\r\n                            <\/div>\r\n            <div class=\"container\">\r\n                <div class=\"hero_wrapper\">\r\n                    <div class=\"hero_info\">\r\n                                                <h2 class=\"title_section\">Achilles Network<\/h2>\r\n                                                <div class=\"typical_text middle_text\">\r\n                            <p>Cumpre com as normas financeiras internacionais, atinge a conformidade com a legisla\u00e7\u00e3o global da cadeia de abastecimento e contribui para uma transi\u00e7\u00e3o \u00e9tica em dire\u00e7\u00e3o a um futuro limpo e verde.<\/p>\r\n                        <\/div>\r\n                                                <div class=\"content_buttons\">\r\n                                                        <a target=\"_blank\" class=\"btn btn_big\" aria-label=\" - Maiores informa\u00e7\u00f5es\" href=\"\/pt-br\/community\/achilles-network\/\">Maiores informa\u00e7\u00f5es<\/a>\r\n                                                    <\/div>\r\n                                            <\/div>\r\n                <\/div>\r\n            <\/div>\r\n        <\/div>\r\n    \n\n    <div class=\"content_section\">\r\n        <div class=\"container\">\r\n                        <div class=\"posts_panel\">\r\n                <div class=\"description_section\">\r\n                                        <p class=\"title_category\">RECURSOS PARA O SETOR FINANCEIRO<\/p>\r\n                     \r\n                    <h2 class=\"title_section\">Recomendado para si<\/h2>\r\n                                    <\/div>\r\n                            <\/div>\r\n                                    <div class=\"posts_wrap\">\r\n                                <div class=\"post_item\">\r\n                    <div class=\"post_item_top\">\r\n                                                <a class=\"post_item_img\" href=\"https:\/\/www.achilles.com\/pt-br\/pesquisa-global-da-achilles-revela-grandes-lacunas-de-visibilidade-nas-cadeias-de-suprimentos\/\">\r\n                            <img decoding=\"async\" src=\"https:\/\/www.achilles.com\/app\/uploads\/2026\/03\/Web-page-top-banner-thumbnail-of-Achilles-Global-Supplier-Risk-and-Sustainability-Survey-2026.jpg\" alt=\"Pesquisa Global da Achilles Revela Grandes Lacunas de Visibilidade nas Cadeias de Suprimentos\">\r\n                        <\/a>\r\n                                                <ul class=\"post_item_categories\">\r\n                                                        <li>Comunicado de imprensa<\/li>\r\n                                                        <li>Informa\u00e7\u00f5es setoriais<\/li>\r\n                                                    <\/ul>\r\n                    <\/div>\r\n                    <a class=\"post_item_name\" href=\"https:\/\/www.achilles.com\/pt-br\/pesquisa-global-da-achilles-revela-grandes-lacunas-de-visibilidade-nas-cadeias-de-suprimentos\/\">Pesquisa Global da Achilles Revela Grandes Lacunas de Visibilidade nas Cadeias de Suprimentos<\/a>\r\n                <\/div>\r\n                                <div class=\"post_item\">\r\n                    <div class=\"post_item_top\">\r\n                                                <a class=\"post_item_img\" href=\"https:\/\/www.achilles.com\/pt-br\/informacao-por-setor\/relatorio-anual-de-risco-e-sustentabilidade-da-achilles-2026\/\">\r\n                            <img decoding=\"async\" src=\"https:\/\/www.achilles.com\/app\/uploads\/2026\/03\/Web-page-top-banner-thumbnail-of-Achilles-Global-Supplier-Risk-and-Sustainability-Survey-2026.jpg\" alt=\"Relat\u00f3rio Anual de Risco e Sustentabilidade da Achilles 2026\">\r\n                        <\/a>\r\n                                                <ul class=\"post_item_categories\">\r\n                                                        <li>Guia<\/li>\r\n                                                        <li>Informa\u00e7\u00f5es setoriais<\/li>\r\n                                                    <\/ul>\r\n                    <\/div>\r\n                    <a class=\"post_item_name\" href=\"https:\/\/www.achilles.com\/pt-br\/informacao-por-setor\/relatorio-anual-de-risco-e-sustentabilidade-da-achilles-2026\/\">Relat\u00f3rio Anual de Risco e Sustentabilidade da Achilles 2026<\/a>\r\n                <\/div>\r\n                                <div class=\"post_item\">\r\n                    <div class=\"post_item_top\">\r\n                                                <a class=\"post_item_img\" href=\"https:\/\/www.achilles.com\/pt-br\/informacao-por-setor\/problemas-no-mar-disrupcao-geopolitica-e-os-riscos-ocultos-nas-cadeias-de-suprimentos-globais\/\">\r\n                            <img decoding=\"async\" src=\"https:\/\/www.achilles.com\/app\/uploads\/2026\/03\/AdobeStock_1935474412.jpeg\" alt=\"Problemas no mar: disrup\u00e7\u00e3o geopol\u00edtica e os riscos ocultos nas cadeias de suprimentos globais\">\r\n                        <\/a>\r\n                                                <ul class=\"post_item_categories\">\r\n                                                        <li>Artigos<\/li>\r\n                                                        <li>Informa\u00e7\u00f5es setoriais<\/li>\r\n                                                    <\/ul>\r\n                    <\/div>\r\n                    <a class=\"post_item_name\" href=\"https:\/\/www.achilles.com\/pt-br\/informacao-por-setor\/problemas-no-mar-disrupcao-geopolitica-e-os-riscos-ocultos-nas-cadeias-de-suprimentos-globais\/\">Problemas no mar: disrup\u00e7\u00e3o geopol\u00edtica e os riscos ocultos nas cadeias de suprimentos globais<\/a>\r\n                <\/div>\r\n                            <\/div>\r\n                    <\/div>\r\n    <\/div>\r\n\n\n    <div class=\"contact_main\">\r\n        <div class=\"contact_bg\">\r\n                        <img decoding=\"async\" src=\"https:\/\/www.achilles.com\/app\/uploads\/2023\/10\/Buildings.jpg\" alt=\"\">\r\n                    <\/div>\r\n        <div class=\"container\">\r\n            <div class=\"contact_content\">\r\n                <div class=\"contact_wrapper\">\r\n                <div class=\"contact_content_description\">\r\n                                        <h1 class=\"title_page\">Contacte-nos<\/h1>\r\n                                        <h5 class=\"contact_content_subtitle\">Fale com um dos nossos especialistas em ESG e gest\u00e3o de carbono<\/h5>\r\n                                    <\/div>\r\n                <\/div>\r\n                <div class=\"contact_reqiest\">\r\n                    <script charset=\"utf-8\" type=\"text\/javascript\" src=\"\/\/js.hsforms.net\/forms\/embed\/v2.js\"><\/script>\r\n<script>\r\n  hbspt.forms.create({\r\n    region: \"na1\",\r\n    portalId: \"5387762\",\r\n    formId: \"90dea027-e433-44d7-a856-a40aac08671b\"\r\n  });\r\n<\/script>                <\/div>\r\n            <\/div>\r\n        <\/div>\r\n    <\/div>\r\n\r\n","protected":false},"excerpt":{"rendered":"","protected":false},"author":12,"featured_media":0,"parent":0,"menu_order":0,"comment_status":"closed","ping_status":"closed","template":"","meta":{"_acf_changed":true,"content-type":"","footnotes":""},"class_list":["post-23396","page","type-page","status-publish","hentry"],"acf":[],"_links":{"self":[{"href":"https:\/\/www.achilles.com\/pt-br\/wp-json\/wp\/v2\/pages\/23396","targetHints":{"allow":["GET"]}}],"collection":[{"href":"https:\/\/www.achilles.com\/pt-br\/wp-json\/wp\/v2\/pages"}],"about":[{"href":"https:\/\/www.achilles.com\/pt-br\/wp-json\/wp\/v2\/types\/page"}],"author":[{"embeddable":true,"href":"https:\/\/www.achilles.com\/pt-br\/wp-json\/wp\/v2\/users\/12"}],"replies":[{"embeddable":true,"href":"https:\/\/www.achilles.com\/pt-br\/wp-json\/wp\/v2\/comments?post=23396"}],"version-history":[{"count":0,"href":"https:\/\/www.achilles.com\/pt-br\/wp-json\/wp\/v2\/pages\/23396\/revisions"}],"wp:attachment":[{"href":"https:\/\/www.achilles.com\/pt-br\/wp-json\/wp\/v2\/media?parent=23396"}],"curies":[{"name":"wp","href":"https:\/\/api.w.org\/{rel}","templated":true}]}}