{"id":23361,"date":"2023-06-07T11:20:10","date_gmt":"2023-06-07T10:20:10","guid":{"rendered":"https:\/\/uat.achilles.com\/?page_id=23361"},"modified":"2023-10-11T16:38:42","modified_gmt":"2023-10-11T13:38:42","slug":"construcao","status":"publish","type":"page","link":"https:\/\/www.achilles.com\/pt-br\/construcao\/","title":{"rendered":"Constru\u00e7\u00e3o"},"content":{"rendered":"    <div class=\"top_section\">\n        <div class=\"container\">\n            <div class=\"top_info\">\n                                    <h1 class=\"top_title\">O futuro da constru\u00e7\u00e3o est\u00e1 nas tuas m\u00e3os<\/h1>\n                                    <div class=\"top_text\">\n                        <p>A avalia\u00e7\u00e3o rigorosa e valida\u00e7\u00e3o do Achilles, as auditorias virtuais e presenciais e as entrevistas com os trabalhadores permitem \u00e0s principais empresas de constru\u00e7\u00e3o ter uma vis\u00e3o transparente da sua cadeia de abastecimento e plena confian\u00e7a na apresenta\u00e7\u00e3o de relat\u00f3rios, contribuindo assim para construir uma ind\u00fastria mais segura, justa e sustent\u00e1vel.<\/p>\n                    <\/div>\n                                    <div class=\"top_buttons\">\n                                                    <a class=\"btn btn_white btn_big\" href=\"https:\/\/www.achilles.com\/pt-br\/contate-nos\/\">Contate-nos<\/a>\n                                            <\/div>\n                            <\/div>\n        <\/div>\n        <div class=\"top_media\">\n\t\t\t        <\/div>\n    <\/div>\n\n\n    <div class=\"content_section\">\r\n        <div class=\"container\">\r\n                        <div class=\"description_section\">\r\n                                <p class=\"title_category\">CLIENTES DA ACHILLES<\/p>\r\n                                <h2 class=\"title_section\">As principais empresas de constru\u00e7\u00e3o do mundo escolhem a Achilles<\/h2>\r\n                                <div class=\"typical_text middle_text\">\r\n                    <p>A Achilles trabalha com muitas das principais empresas de constru\u00e7\u00e3o do mundo, oferecendo apoio em todos os continentes para reduzir o impacto ambiental, erradicar a escravatura moderna, eliminar o trabalho infantil, promover melhorias cont\u00ednuas na cadeia de abastecimento e garantir confian\u00e7a na dilig\u00eancia devida dos relat\u00f3rios da cadeia de abastecimento.<\/p>\n                <\/div>\r\n                            <\/div>\r\n                        <div class=\"logos_wrap\">\r\n                                <div class=\"logo_item\">\r\n                    <img decoding=\"async\" src=\"https:\/\/www.achilles.com\/app\/uploads\/2023\/06\/mace-e1524647954682-1.jpg\" alt=\"\">\r\n                <\/div>\r\n                                <div class=\"logo_item\">\r\n                    <img decoding=\"async\" src=\"https:\/\/www.achilles.com\/app\/uploads\/2023\/09\/multiplex-1.jpeg\" alt=\"\">\r\n                <\/div>\r\n                                <div class=\"logo_item\">\r\n                    <img decoding=\"async\" src=\"https:\/\/www.achilles.com\/app\/uploads\/2023\/09\/sisk-logo-transparent-1.png\" alt=\"The Sisk logo is a red lozenge with a thin white line inside with the SISK name in white outlined text and the words Builders and Contractors above and below it.\">\r\n                <\/div>\r\n                                <div class=\"logo_item\">\r\n                    <img decoding=\"async\" src=\"https:\/\/www.achilles.com\/app\/uploads\/2023\/09\/Laing-ORourke.jpeg\" alt=\"\">\r\n                <\/div>\r\n                                <div class=\"logo_item\">\r\n                    <img decoding=\"async\" src=\"https:\/\/www.achilles.com\/app\/uploads\/2023\/06\/Lendlease-logo.png\" alt=\"\">\r\n                <\/div>\r\n                            <\/div>\r\n                    <\/div>\r\n    <\/div>\r\n\n\n    <div class=\"content_section\">\r\n        <div class=\"container\">\r\n                        <div class=\"posts_panel\">\r\n                <div class=\"description_section\">\r\n                                        <p class=\"title_category\">CASES DE SUCESSO<\/p>\r\n                     \r\n                    <h2 class=\"title_section\">Os clientes da Achilles no setor da constru\u00e7\u00e3o s\u00e3o l\u00edderes de mercado e est\u00e3o na vanguarda em termos de ESG<\/h2>\r\n                                    <\/div>\r\n                            <\/div>\r\n                                    <div class=\"posts_wrap\">\r\n                                <div class=\"post_item\">\r\n                    <div class=\"post_item_top\">\r\n                                                <a class=\"post_item_img\" href=\"https:\/\/www.achilles.com\/pt-br\/pesquisa-global-da-achilles-revela-grandes-lacunas-de-visibilidade-nas-cadeias-de-suprimentos\/\">\r\n                            <img decoding=\"async\" src=\"https:\/\/www.achilles.com\/app\/uploads\/2026\/03\/Web-page-top-banner-thumbnail-of-Achilles-Global-Supplier-Risk-and-Sustainability-Survey-2026.jpg\" alt=\"Pesquisa Global da Achilles Revela Grandes Lacunas de Visibilidade nas Cadeias de Suprimentos\">\r\n                        <\/a>\r\n                                                <ul class=\"post_item_categories\">\r\n                                                        <li>Comunicado de imprensa<\/li>\r\n                                                        <li>Informa\u00e7\u00f5es setoriais<\/li>\r\n                                                    <\/ul>\r\n                    <\/div>\r\n                    <a class=\"post_item_name\" href=\"https:\/\/www.achilles.com\/pt-br\/pesquisa-global-da-achilles-revela-grandes-lacunas-de-visibilidade-nas-cadeias-de-suprimentos\/\">Pesquisa Global da Achilles Revela Grandes Lacunas de Visibilidade nas Cadeias de Suprimentos<\/a>\r\n                <\/div>\r\n                                <div class=\"post_item\">\r\n                    <div class=\"post_item_top\">\r\n                                                <a class=\"post_item_img\" href=\"https:\/\/www.achilles.com\/pt-br\/informacao-por-setor\/relatorio-anual-de-risco-e-sustentabilidade-da-achilles-2026\/\">\r\n                            <img decoding=\"async\" src=\"https:\/\/www.achilles.com\/app\/uploads\/2026\/03\/Web-page-top-banner-thumbnail-of-Achilles-Global-Supplier-Risk-and-Sustainability-Survey-2026.jpg\" alt=\"Relat\u00f3rio Anual de Risco e Sustentabilidade da Achilles 2026\">\r\n                        <\/a>\r\n                                                <ul class=\"post_item_categories\">\r\n                                                        <li>Guia<\/li>\r\n                                                        <li>Informa\u00e7\u00f5es setoriais<\/li>\r\n                                                    <\/ul>\r\n                    <\/div>\r\n                    <a class=\"post_item_name\" href=\"https:\/\/www.achilles.com\/pt-br\/informacao-por-setor\/relatorio-anual-de-risco-e-sustentabilidade-da-achilles-2026\/\">Relat\u00f3rio Anual de Risco e Sustentabilidade da Achilles 2026<\/a>\r\n                <\/div>\r\n                                <div class=\"post_item\">\r\n                    <div class=\"post_item_top\">\r\n                                                <a class=\"post_item_img\" href=\"https:\/\/www.achilles.com\/pt-br\/informacao-por-setor\/problemas-no-mar-disrupcao-geopolitica-e-os-riscos-ocultos-nas-cadeias-de-suprimentos-globais\/\">\r\n                            <img decoding=\"async\" src=\"https:\/\/www.achilles.com\/app\/uploads\/2026\/03\/AdobeStock_1935474412.jpeg\" alt=\"Problemas no mar: disrup\u00e7\u00e3o geopol\u00edtica e os riscos ocultos nas cadeias de suprimentos globais\">\r\n                        <\/a>\r\n                                                <ul class=\"post_item_categories\">\r\n                                                        <li>Artigos<\/li>\r\n                                                        <li>Informa\u00e7\u00f5es setoriais<\/li>\r\n                                                    <\/ul>\r\n                    <\/div>\r\n                    <a class=\"post_item_name\" href=\"https:\/\/www.achilles.com\/pt-br\/informacao-por-setor\/problemas-no-mar-disrupcao-geopolitica-e-os-riscos-ocultos-nas-cadeias-de-suprimentos-globais\/\">Problemas no mar: disrup\u00e7\u00e3o geopol\u00edtica e os riscos ocultos nas cadeias de suprimentos globais<\/a>\r\n                <\/div>\r\n                            <\/div>\r\n                    <\/div>\r\n    <\/div>\r\n\n\n    <div class=\"content_section\">\r\n        <div class=\"container\">\r\n                        <div class=\"description_section\">\r\n                                <p class=\"title_category\">SOLU\u00c7OES PARA A CADEIA DE FORNECIMENTO<\/p>\r\n                                <h2 class=\"title_section\">Solu\u00e7\u00f5es para um setor da constru\u00e7\u00e3o mais seguro, justo e com menores emiss\u00f5es de carbono<\/h2>\r\n                                <div class=\"typical_text\">\r\n                    <p>A Achilles tem v\u00e1rias d\u00e9cadas de experi\u00eancia trabalhando com as principais empresas de constru\u00e7\u00e3o do mundo para abordar os riscos na cadeia de abastecimento, reduzir as emiss\u00f5es de carbono e proporcionar uma transpar\u00eancia excepcional na cadeia de abastecimento.<\/p>\n                <\/div>\r\n                            <\/div>\r\n                        <div class=\"features_wrap features_four\">\r\n                                <div class=\"feature_item\">\r\n                                        <div class=\"feature_item_icon\">\r\n                        <img decoding=\"async\" src=\"https:\/\/www.achilles.com\/app\/uploads\/2023\/09\/icon_common-file-text-check.png\" alt=\"\">\r\n                    <\/div>\r\n                                        <h3 class=\"feature_item_name\">Rede de fornecedores avaliados<\/h3>\r\n                                        <div class=\"typical_text\">\r\n                        <p>Acesse a uma base de dados rigorosamente avaliada e validada de fornecedores do setor da constru\u00e7\u00e3o que cumprem as regulamenta\u00e7\u00f5es locais e internacionais de ESG e compras.<\/p>\n                    <\/div>\r\n                                        <a class=\"btn\" aria-label=\"Rede de fornecedores avaliados - Maiores informa\u00e7\u00f5es\" href=\"https:\/\/www.achilles.com\/pt-br\/rede-fornecedores-prequalificados\/\">Maiores informa\u00e7\u00f5es<\/a>\r\n                                    <\/div>\r\n                                <div class=\"feature_item\">\r\n                                        <div class=\"feature_item_icon\">\r\n                        <img decoding=\"async\" src=\"https:\/\/www.achilles.com\/app\/uploads\/2023\/09\/icon_user-network-1.png\" alt=\"on site audits\">\r\n                    <\/div>\r\n                                        <h3 class=\"feature_item_name\">Devida dilig\u00eancia de fornecedores<\/h3>\r\n                                        <div class=\"typical_text\">\r\n                        <p>Uma avalia\u00e7\u00e3o e valida\u00e7\u00e3o rigorosas da sua cadeia de abastecimento para garantir que os seus fornecedores estejam em conformidade com os seus padr\u00f5es e com as regulamenta\u00e7\u00f5es relevantes para as suas opera\u00e7\u00f5es.<\/p>\n                    <\/div>\r\n                                    <\/div>\r\n                                <div class=\"feature_item\">\r\n                                        <div class=\"feature_item_icon\">\r\n                        <img decoding=\"async\" src=\"https:\/\/www.achilles.com\/app\/uploads\/2023\/09\/Icon_air-pollution-co2-down-2.png\" alt=\"\">\r\n                    <\/div>\r\n                                        <h3 class=\"feature_item_name\">Redu\u00e7\u00e3o de carbono<\/h3>\r\n                                        <div class=\"typical_text\">\r\n                        <p>Me\u00e7a, gerencie e reduza efetivamente a sua pegada de carbono com o \u00fanico Esquema de Gest\u00e3o de Carbono ISO14064-1 no mundo.<\/p>\n                    <\/div>\r\n                                    <\/div>\r\n                                <div class=\"feature_item\">\r\n                                        <div class=\"feature_item_icon\">\r\n                        <img decoding=\"async\" src=\"https:\/\/www.achilles.com\/app\/uploads\/2023\/09\/Achilles-icons_Risk-Management-team.png\" alt=\"\">\r\n                    <\/div>\r\n                                        <h3 class=\"feature_item_name\">Gest\u00e3o de contratantes<\/h3>\r\n                                        <div class=\"typical_text\">\r\n                        <p>Achilles Controlar \u00e9 a forma mais simples, segura e eficaz de gerir a documenta\u00e7\u00e3o dos teus contratantes, garantir a conformidade com as normas de sa\u00fade, seguran\u00e7a e outras normas trabalhistas, e evitar poss\u00edveis acidentes, multas e san\u00e7\u00f5es.<\/p>\n                    <\/div>\r\n                                        <a class=\"btn\" aria-label=\"Gest\u00e3o de contratantes - Maiores informa\u00e7\u00f5es\" href=\"https:\/\/www.achilles.com\/pt-br\/plataforma-cae-controlar\/\">Maiores informa\u00e7\u00f5es<\/a>\r\n                                    <\/div>\r\n                            <\/div>\r\n                    <\/div>\r\n    <\/div>\r\n\n\n    <div class=\"content_section\">\r\n        <div class=\"container\">\r\n                        <div class=\"description_section big\">\r\n                                <h2 class=\"title_section\">Global e local<\/h2>\r\n                                <div class=\"typical_text middle_text\">\r\n                    <p>A Achilles opera em 17 localiza\u00e7\u00f5es em todo o mundo para fornecer a presen\u00e7a local que assegura tanto uma compreens\u00e3o profunda das regulamenta\u00e7\u00f5es locais, l\u00edngua e cultura, como a escala global para permitir uma gest\u00e3o \u00f3tima do risco na cadeia de abastecimento.<\/p>\n                <\/div>\r\n                            <\/div>\r\n                                    <div class=\"features_wrap\">\r\n                                <div class=\"feature_item center\">\r\n                                        <div class=\"feature_item_icon\">\r\n                        <img decoding=\"async\" src=\"https:\/\/www.achilles.com\/app\/uploads\/2023\/10\/Achilles-A.png\" alt=\"\">\r\n                    <\/div>\r\n                                        <h3 class=\"feature_item_name\">Achilles Network<\/h3>\r\n                                        <div class=\"typical_text middle_text\">\r\n                        <p>A Achilles Network fornece acesso a um mercado global de compradores e fornecedores validados de acordo com o padr\u00e3o Gold da Achilles nos setores da constru\u00e7\u00e3o e outras ind\u00fastrias.<\/p>\r\n                    <\/div>\r\n                                        <a class=\"btn btn_big\" aria-label=\"Achilles Network - Maiores informa\u00e7\u00f5es\" href=\"https:\/\/www.achilles.com\/pt-br\/community\/achilles-network\/\">Maiores informa\u00e7\u00f5es<\/a>\r\n                                    <\/div>\r\n                                <div class=\"feature_item center\">\r\n                                        <h3 class=\"feature_item_name\">Building Confidence, Reino Unido<\/h3>\r\n                                        <div class=\"typical_text middle_text\">\r\n                        <p>O padr\u00e3o Gold da constru\u00e7\u00e3o no Reino Unido fornece certifica\u00e7\u00e3o para o Safety Scheme in Procurement (SSIP) e o Common Assessment Standard (CAS).<\/p>\r\n                    <\/div>\r\n                                        <a class=\"btn btn_big\" aria-label=\"Building Confidence, Reino Unido - Maiores informa\u00e7\u00f5es\" href=\"https:\/\/www.achilles.com\/pt-br\/community\/buildingconfidence\/\">Maiores informa\u00e7\u00f5es<\/a>\r\n                                    <\/div>\r\n                                <div class=\"feature_item center\">\r\n                                        <div class=\"feature_item_icon\">\r\n                        <img decoding=\"async\" src=\"https:\/\/www.achilles.com\/app\/uploads\/2023\/09\/Norway.png\" alt=\"\">\r\n                    <\/div>\r\n                                        <h3 class=\"feature_item_name\">StartBank, Noruega<\/h3>\r\n                                        <div class=\"typical_text middle_text\">\r\n                        <p>Lan\u00e7ada em 2005 em colabora\u00e7\u00e3o com a Associa\u00e7\u00e3o Norueguesa da Ind\u00fastria da Constru\u00e7\u00e3o para atender \u00e0s crescentes necessidades legislativas e de gest\u00e3o de riscos dos clientes da constru\u00e7\u00e3o e de gest\u00e3o de instala\u00e7\u00f5es.<\/p>\r\n                    <\/div>\r\n                                        <a class=\"btn btn_big\" aria-label=\"StartBank, Noruega - Maiores informa\u00e7\u00f5es\" href=\"https:\/\/www.achilles.com\/pt-br\/community\/startbank\/\">Maiores informa\u00e7\u00f5es<\/a>\r\n                                    <\/div>\r\n                            <\/div>\r\n                                <\/div>\r\n    <\/div>\r\n\n\n    <div class=\"content_section\">\r\n        <div class=\"container\">\r\n                        <div class=\"posts_panel\">\r\n                <div class=\"description_section\">\r\n                                        <p class=\"title_category\">RECURSOS PARA O SETOR DA CONSTRU\u00c7\u00c3O<\/p>\r\n                     \r\n                    <h2 class=\"title_section\">Recomendado para si<\/h2>\r\n                                    <\/div>\r\n                            <\/div>\r\n                                    <div class=\"posts_wrap\">\r\n                                <div class=\"post_item\">\r\n                    <div class=\"post_item_top\">\r\n                                                <a class=\"post_item_img\" href=\"https:\/\/www.achilles.com\/pt-br\/pesquisa-global-da-achilles-revela-grandes-lacunas-de-visibilidade-nas-cadeias-de-suprimentos\/\">\r\n                            <img decoding=\"async\" src=\"https:\/\/www.achilles.com\/app\/uploads\/2026\/03\/Web-page-top-banner-thumbnail-of-Achilles-Global-Supplier-Risk-and-Sustainability-Survey-2026.jpg\" alt=\"Pesquisa Global da Achilles Revela Grandes Lacunas de Visibilidade nas Cadeias de Suprimentos\">\r\n                        <\/a>\r\n                                                <ul class=\"post_item_categories\">\r\n                                                        <li>Comunicado de imprensa<\/li>\r\n                                                        <li>Informa\u00e7\u00f5es setoriais<\/li>\r\n                                                    <\/ul>\r\n                    <\/div>\r\n                    <a class=\"post_item_name\" href=\"https:\/\/www.achilles.com\/pt-br\/pesquisa-global-da-achilles-revela-grandes-lacunas-de-visibilidade-nas-cadeias-de-suprimentos\/\">Pesquisa Global da Achilles Revela Grandes Lacunas de Visibilidade nas Cadeias de Suprimentos<\/a>\r\n                <\/div>\r\n                                <div class=\"post_item\">\r\n                    <div class=\"post_item_top\">\r\n                                                <a class=\"post_item_img\" href=\"https:\/\/www.achilles.com\/pt-br\/informacao-por-setor\/relatorio-anual-de-risco-e-sustentabilidade-da-achilles-2026\/\">\r\n                            <img decoding=\"async\" src=\"https:\/\/www.achilles.com\/app\/uploads\/2026\/03\/Web-page-top-banner-thumbnail-of-Achilles-Global-Supplier-Risk-and-Sustainability-Survey-2026.jpg\" alt=\"Relat\u00f3rio Anual de Risco e Sustentabilidade da Achilles 2026\">\r\n                        <\/a>\r\n                                                <ul class=\"post_item_categories\">\r\n                                                        <li>Guia<\/li>\r\n                                                        <li>Informa\u00e7\u00f5es setoriais<\/li>\r\n                                                    <\/ul>\r\n                    <\/div>\r\n                    <a class=\"post_item_name\" href=\"https:\/\/www.achilles.com\/pt-br\/informacao-por-setor\/relatorio-anual-de-risco-e-sustentabilidade-da-achilles-2026\/\">Relat\u00f3rio Anual de Risco e Sustentabilidade da Achilles 2026<\/a>\r\n                <\/div>\r\n                                <div class=\"post_item\">\r\n                    <div class=\"post_item_top\">\r\n                                                <a class=\"post_item_img\" href=\"https:\/\/www.achilles.com\/pt-br\/informacao-por-setor\/problemas-no-mar-disrupcao-geopolitica-e-os-riscos-ocultos-nas-cadeias-de-suprimentos-globais\/\">\r\n                            <img decoding=\"async\" src=\"https:\/\/www.achilles.com\/app\/uploads\/2026\/03\/AdobeStock_1935474412.jpeg\" alt=\"Problemas no mar: disrup\u00e7\u00e3o geopol\u00edtica e os riscos ocultos nas cadeias de suprimentos globais\">\r\n                        <\/a>\r\n                                                <ul class=\"post_item_categories\">\r\n                                                        <li>Artigos<\/li>\r\n                                                        <li>Informa\u00e7\u00f5es setoriais<\/li>\r\n                                                    <\/ul>\r\n                    <\/div>\r\n                    <a class=\"post_item_name\" href=\"https:\/\/www.achilles.com\/pt-br\/informacao-por-setor\/problemas-no-mar-disrupcao-geopolitica-e-os-riscos-ocultos-nas-cadeias-de-suprimentos-globais\/\">Problemas no mar: disrup\u00e7\u00e3o geopol\u00edtica e os riscos ocultos nas cadeias de suprimentos globais<\/a>\r\n                <\/div>\r\n                            <\/div>\r\n                    <\/div>\r\n    <\/div>\r\n\n\n    <div class=\"contact_main\">\r\n        <div class=\"contact_bg\">\r\n                        <img decoding=\"async\" src=\"https:\/\/www.achilles.com\/app\/uploads\/2023\/07\/Construction-site-black-overlay-scaled-1.jpg\" alt=\"\">\r\n                    <\/div>\r\n        <div class=\"container\">\r\n            <div class=\"contact_content\">\r\n                <div class=\"contact_wrapper\">\r\n                <div class=\"contact_content_description\">\r\n                                        <h1 class=\"title_page\">Contacte-nos<\/h1>\r\n                                        <h5 class=\"contact_content_subtitle\">Fale com um dos nossos especialistas em ESG e gest\u00e3o de carbono<\/h5>\r\n                                    <\/div>\r\n                <\/div>\r\n                <div class=\"contact_reqiest\">\r\n                    <script charset=\"utf-8\" type=\"text\/javascript\" src=\"\/\/js.hsforms.net\/forms\/embed\/v2.js\"><\/script>\r\n<script>\r\n  hbspt.forms.create({\r\n    region: \"na1\",\r\n    portalId: \"5387762\",\r\n    formId: \"90dea027-e433-44d7-a856-a40aac08671b\"\r\n  });\r\n<\/script>                <\/div>\r\n            <\/div>\r\n        <\/div>\r\n    <\/div>\r\n\r\n","protected":false},"excerpt":{"rendered":"","protected":false},"author":12,"featured_media":0,"parent":0,"menu_order":0,"comment_status":"closed","ping_status":"closed","template":"","meta":{"_acf_changed":false,"content-type":"","footnotes":""},"class_list":["post-23361","page","type-page","status-publish","hentry"],"acf":[],"_links":{"self":[{"href":"https:\/\/www.achilles.com\/pt-br\/wp-json\/wp\/v2\/pages\/23361","targetHints":{"allow":["GET"]}}],"collection":[{"href":"https:\/\/www.achilles.com\/pt-br\/wp-json\/wp\/v2\/pages"}],"about":[{"href":"https:\/\/www.achilles.com\/pt-br\/wp-json\/wp\/v2\/types\/page"}],"author":[{"embeddable":true,"href":"https:\/\/www.achilles.com\/pt-br\/wp-json\/wp\/v2\/users\/12"}],"replies":[{"embeddable":true,"href":"https:\/\/www.achilles.com\/pt-br\/wp-json\/wp\/v2\/comments?post=23361"}],"version-history":[{"count":0,"href":"https:\/\/www.achilles.com\/pt-br\/wp-json\/wp\/v2\/pages\/23361\/revisions"}],"wp:attachment":[{"href":"https:\/\/www.achilles.com\/pt-br\/wp-json\/wp\/v2\/media?parent=23361"}],"curies":[{"name":"wp","href":"https:\/\/api.w.org\/{rel}","templated":true}]}}