{"id":2098,"date":"2023-05-15T20:36:59","date_gmt":"2023-05-15T19:36:59","guid":{"rendered":"https:\/\/uat.achilles.com\/features\/"},"modified":"2023-11-17T14:39:35","modified_gmt":"2023-11-17T11:39:35","slug":"features","status":"publish","type":"page","link":"https:\/\/www.achilles.com\/pt-br\/produtos\/","title":{"rendered":"Nossos produtos"},"content":{"rendered":"    <div class=\"top_section\">\n        <div class=\"container\">\n            <div class=\"top_info half\">\n                                    <h1 class=\"top_title\">Nossos produtos<\/h1>\n                                    <div class=\"top_text\">\n                        <p>Do processo de aquisi\u00e7\u00e3o aos nossos relacionamentos cont\u00ednuos, nosso portf\u00f3lio de produtos \u00e9 projetado para aumentar o desempenho e reduzir os riscos, em todas as etapas.<\/p>\n                    <\/div>\n                            <\/div>\n        <\/div>\n        <div class=\"top_media\">\n\t\t\t            <img decoding=\"async\" src=\"https:\/\/www.achilles.com\/app\/uploads\/2023\/05\/top_features.jpg\" alt=\"\">\n                    <\/div>\n    <\/div>\n\n\n    <div class=\"content_section\">\r\n        <div class=\"container\">\r\n                        <div class=\"filter_panel\" id=\"filter\">\r\n                <span class=\"filter_panel_title\"><\/span>\r\n                <div class=\"filter_dropdown dropdown_wrap\">\r\n                    <a class=\"filter_dropdown_toggle dropdown_toggle\" href=\"#\">\r\n                        Solution                        <span class=\"icon-Chevron-Down\"><\/span>\r\n                    <\/a>\r\n                    <div class=\"filter_dropdown_box dropdown_box\">\r\n                        <ul>\r\n                            <li class=\"active\"><a href=\"https:\/\/www.achilles.com\/pt-br\/produtos\/#filter\">Todos<\/a><\/li>\r\n                                                        <li><a href=\"https:\/\/www.achilles.com\/pt-br\/produtos\/?filter1=#filter\"><\/a><\/li>\r\n                                                        <li><a href=\"https:\/\/www.achilles.com\/pt-br\/produtos\/?filter1=#filter\"><\/a><\/li>\r\n                                                    <\/ul>\r\n                    <\/div>\r\n                <\/div>\r\n            <\/div>\r\n                        <div class=\"features_all\">\r\n                                <a class=\"feature_box\" href=\"https:\/\/www.achilles.com\/pt-br\/feature\/analise-2\/\">\r\n                    <p class=\"feature_box_name\">An\u00e1lise<\/p>\r\n                    <div class=\"typical_text\">\r\n                        <p>Our questionnaires ensure buyers can see the most pertinent information about potential suppliers \u2013 all in one place, all in one format.<\/p>\r\n                    <\/div>\r\n                <\/a>\r\n                                <a class=\"feature_box\" href=\"https:\/\/www.achilles.com\/pt-br\/feature\/questionarios-de-pre-qualificacao\/\">\r\n                    <p class=\"feature_box_name\">Question\u00e1rios de pr\u00e9-qualifica\u00e7\u00e3o<\/p>\r\n                    <div class=\"typical_text\">\r\n                        <p>Our questionnaires ensure buyers can see the most pertinent information about potential suppliers \u2013 all in one place, all in one format.<\/p>\r\n                    <\/div>\r\n                <\/a>\r\n                                <a class=\"feature_box\" href=\"https:\/\/www.achilles.com\/pt-br\/feature\/validacao-de-dados\/\">\r\n                    <p class=\"feature_box_name\">Valida\u00e7\u00e3o de dados<\/p>\r\n                    <div class=\"typical_text\">\r\n                        <p>Our questionnaires ensure buyers can see the most pertinent information about potential suppliers \u2013 all in one place, all in one format.<\/p>\r\n                    <\/div>\r\n                <\/a>\r\n                                <a class=\"feature_box\" href=\"https:\/\/www.achilles.com\/pt-br\/feature\/mapeamento-da-cadeia-de-fornecimento\/\">\r\n                    <p class=\"feature_box_name\">Mapeamento da cadeia de fornecimento<\/p>\r\n                    <div class=\"typical_text\">\r\n                        <p>Our questionnaires ensure buyers can see the most pertinent information about potential suppliers \u2013 all in one place, all in one format.<\/p>\r\n                    <\/div>\r\n                <\/a>\r\n                                <a class=\"feature_box\" href=\"https:\/\/www.achilles.com\/pt-br\/feature\/minerais-de-conflito\/\">\r\n                    <p class=\"feature_box_name\">Minerais de conflito<\/p>\r\n                    <div class=\"typical_text\">\r\n                        <p>Our questionnaires ensure buyers can see the most pertinent information about potential suppliers \u2013 all in one place, all in one format.<\/p>\r\n                    <\/div>\r\n                <\/a>\r\n                                <a class=\"feature_box\" href=\"https:\/\/www.achilles.com\/pt-br\/feature\/controlar\/\">\r\n                    <p class=\"feature_box_name\">Controlar<\/p>\r\n                    <div class=\"typical_text\">\r\n                        <p>Our questionnaires ensure buyers can see the most pertinent information about potential suppliers \u2013 all in one place, all in one format.<\/p>\r\n                    <\/div>\r\n                <\/a>\r\n                                <a class=\"feature_box\" href=\"https:\/\/www.achilles.com\/pt-br\/feature\/themis\/\">\r\n                    <p class=\"feature_box_name\">THEMiS<\/p>\r\n                    <div class=\"typical_text\">\r\n                        <p>Our questionnaires ensure buyers can see the most pertinent information about potential suppliers \u2013 all in one place, all in one format.<\/p>\r\n                    <\/div>\r\n                <\/a>\r\n                                <a class=\"feature_box\" href=\"https:\/\/www.achilles.com\/pt-br\/feature\/analise\/\">\r\n                    <p class=\"feature_box_name\">An\u00e1lise<\/p>\r\n                    <div class=\"typical_text\">\r\n                        <p>Our questionnaires ensure buyers can see the most pertinent information about potential suppliers \u2013 all in one place, all in one format.<\/p>\r\n                    <\/div>\r\n                <\/a>\r\n                                <a class=\"feature_box\" href=\"https:\/\/www.achilles.com\/pt-br\/feature\/lista-de-vigilancia\/\">\r\n                    <p class=\"feature_box_name\">Lista de vigil\u00e2ncia<\/p>\r\n                    <div class=\"typical_text\">\r\n                        <p>Our questionnaires ensure buyers can see the most pertinent information about potential suppliers \u2013 all in one place, all in one format.<\/p>\r\n                    <\/div>\r\n                <\/a>\r\n                                <a class=\"feature_box\" href=\"https:\/\/www.achilles.com\/pt-br\/feature\/notificacao-para-fornecedores-sobre-licitacoes-de-contratos\/\">\r\n                    <p class=\"feature_box_name\">Supplier NOTiCE<\/p>\r\n                    <div class=\"typical_text\">\r\n                        <p>Our questionnaires ensure buyers can see the most pertinent information about potential suppliers \u2013 all in one place, all in one format.<\/p>\r\n                    <\/div>\r\n                <\/a>\r\n                                <a class=\"feature_box\" href=\"https:\/\/www.achilles.com\/pt-br\/feature\/auditorias\/\">\r\n                    <p class=\"feature_box_name\">Auditorias<\/p>\r\n                    <div class=\"typical_text\">\r\n                        <p>Our questionnaires ensure buyers can see the most pertinent information about potential suppliers \u2013 all in one place, all in one format.<\/p>\r\n                    <\/div>\r\n                <\/a>\r\n                                <a class=\"feature_box\" href=\"https:\/\/www.achilles.com\/pt-br\/features\/carbon-reduce\/\">\r\n                    <p class=\"feature_box_name\">Carbon Reduce<\/p>\r\n                    <div class=\"typical_text\">\r\n                        <p>Our questionnaires ensure buyers can see the most pertinent information about potential suppliers \u2013 all in one place, all in one format.<\/p>\r\n                    <\/div>\r\n                <\/a>\r\n                            <\/div>\r\n        <\/div>\r\n    <\/div>\r\n\n\n            <div class=\"cta_section\">\r\n            <div class=\"cta_box_bg\">\r\n                                <img decoding=\"async\" src=\"https:\/\/www.achilles.com\/app\/uploads\/2023\/05\/cta_4.jpg\" alt=\"\">\r\n                            <\/div>\r\n                <div class=\"container\">\r\n                    <div class=\"cta_wrapper\">\r\n                        <div class=\"cta_info\">\r\n                                                        <h3 class=\"cta_box_name\">Pe\u00e7a \u00e0 nossa equipe de especialistas que retorne a sua chamada<\/h3>\r\n                                                        <a class=\"btn btn_big\" href=\"https:\/\/uat.achilles.com\/pt-br\/contate-nos\/\">Entre em contato<\/a>\r\n                                                    <\/div>\r\n                <\/div>\r\n            <\/div>\r\n        <\/div>\r\n    ","protected":false},"excerpt":{"rendered":"","protected":false},"author":1,"featured_media":0,"parent":0,"menu_order":0,"comment_status":"closed","ping_status":"closed","template":"","meta":{"_acf_changed":false,"content-type":"","footnotes":""},"class_list":["post-2098","page","type-page","status-publish","hentry"],"acf":[],"_links":{"self":[{"href":"https:\/\/www.achilles.com\/pt-br\/wp-json\/wp\/v2\/pages\/2098","targetHints":{"allow":["GET"]}}],"collection":[{"href":"https:\/\/www.achilles.com\/pt-br\/wp-json\/wp\/v2\/pages"}],"about":[{"href":"https:\/\/www.achilles.com\/pt-br\/wp-json\/wp\/v2\/types\/page"}],"author":[{"embeddable":true,"href":"https:\/\/www.achilles.com\/pt-br\/wp-json\/wp\/v2\/users\/1"}],"replies":[{"embeddable":true,"href":"https:\/\/www.achilles.com\/pt-br\/wp-json\/wp\/v2\/comments?post=2098"}],"version-history":[{"count":0,"href":"https:\/\/www.achilles.com\/pt-br\/wp-json\/wp\/v2\/pages\/2098\/revisions"}],"wp:attachment":[{"href":"https:\/\/www.achilles.com\/pt-br\/wp-json\/wp\/v2\/media?parent=2098"}],"curies":[{"name":"wp","href":"https:\/\/api.w.org\/{rel}","templated":true}]}}