{"id":19569,"date":"2023-06-14T14:29:28","date_gmt":"2023-06-14T11:29:28","guid":{"rendered":"https:\/\/uat.achilles.com\/about-us\/referral-partners\/"},"modified":"2023-11-17T17:04:30","modified_gmt":"2023-11-17T14:04:30","slug":"referral-partners","status":"publish","type":"page","link":"https:\/\/www.achilles.com\/pt-br\/about-us\/referral-partners\/","title":{"rendered":"Referral partners"},"content":{"rendered":"        <div class=\"content_section\">\r\n            <div class=\"container\">\r\n                                <div class=\"description_page half\">\r\n                                        <h1 class=\"title_page\">Parceiro de indica\u00e7\u00e3o<\/h1>\r\n                                        <div class=\"typical_text large_text\">\r\n                        <p>Nosso programa de Parceiros nos conecta com indiv\u00edduos e organiza\u00e7\u00f5es que atuam em nossos setores em todo o mundo.<\/p>\n<p>O Programa de indica\u00e7\u00e3o da Achilles permite que terceiros tornem-se parceiros da Achilles e trabalhem juntos em atividades complementares que beneficiar\u00e3o ambos os neg\u00f3cios.<\/p>\n<p>Nossos parceiros n\u00e3o se beneficiam apenas de uma variedade de ofertas e do nosso generoso modelo de compensa\u00e7\u00e3o, como tamb\u00e9m ajudam a melhorar nossa oferta existente e a definir o desenvolvimento de novos produtos.<\/p>\n<p>N\u00e3o importa se voc\u00ea \u00e9 uma empresa de grande porte ou um indiv\u00edduo. Promover a solu\u00e7\u00e3o da Achilles \u00e9 simples. Recomende nossas solu\u00e7\u00f5es em sua rede de contatos e deixe o resto conosco.<\/p>\n                    <\/div>\r\n                                    <\/div>\r\n                            <\/div>\r\n        <\/div>\r\n\n\n    <div class=\"content_section bg_grey\">\r\n        <div class=\"container\">\r\n                                    <div class=\"cta_wrap\">\r\n                                <a href=\"https:\/\/www.achilles.com\/pt-br\/contate-nos\/\" class=\"cta_box\" >\r\n                    <div class=\"cta_box_bg\">\r\n                                                <img decoding=\"async\" src=\"https:\/\/www.achilles.com\/app\/uploads\/2023\/06\/contact-small.jpg\" alt=\"\">\r\n                                            <\/div>\r\n                    <div class=\"cta_box_info\">\r\n                                                <h3 class=\"cta_box_name\">Precisamos saber um pouco sobre voc\u00ea. Preencha nosso formul\u00e1rio para iniciar esse processo.<\/h3>\r\n                                                <span class=\"btn\">Torne-se parceiro<\/span>\r\n                                            <\/div>\r\n                <\/a>\r\n                                <a href=\"https:\/\/www.achilles.com\/pt-br\/central-midia\/\" class=\"cta_box\" >\r\n                    <div class=\"cta_box_bg\">\r\n                                                <img decoding=\"async\" src=\"https:\/\/www.achilles.com\/app\/uploads\/2023\/06\/bridge-dark-1.jpg\" alt=\"\">\r\n                                            <\/div>\r\n                    <div class=\"cta_box_info\">\r\n                                                <h3 class=\"cta_box_name\">Como parceiro qualificado de refer\u00eancia, voc\u00ea pode enviar uma indica\u00e7\u00e3o.<\/h3>\r\n                                                <span class=\"btn\">Envie uma indica\u00e7\u00e3o<\/span>\r\n                                            <\/div>\r\n                <\/a>\r\n                            <\/div>\r\n                                <\/div>\r\n    <\/div>\r\n","protected":false},"excerpt":{"rendered":"","protected":false},"author":1,"featured_media":0,"parent":409,"menu_order":0,"comment_status":"closed","ping_status":"closed","template":"","meta":{"_acf_changed":false,"content-type":"","footnotes":""},"class_list":["post-19569","page","type-page","status-publish","hentry"],"acf":[],"_links":{"self":[{"href":"https:\/\/www.achilles.com\/pt-br\/wp-json\/wp\/v2\/pages\/19569","targetHints":{"allow":["GET"]}}],"collection":[{"href":"https:\/\/www.achilles.com\/pt-br\/wp-json\/wp\/v2\/pages"}],"about":[{"href":"https:\/\/www.achilles.com\/pt-br\/wp-json\/wp\/v2\/types\/page"}],"author":[{"embeddable":true,"href":"https:\/\/www.achilles.com\/pt-br\/wp-json\/wp\/v2\/users\/1"}],"replies":[{"embeddable":true,"href":"https:\/\/www.achilles.com\/pt-br\/wp-json\/wp\/v2\/comments?post=19569"}],"version-history":[{"count":0,"href":"https:\/\/www.achilles.com\/pt-br\/wp-json\/wp\/v2\/pages\/19569\/revisions"}],"up":[{"embeddable":true,"href":"https:\/\/www.achilles.com\/pt-br\/wp-json\/wp\/v2\/pages\/409"}],"wp:attachment":[{"href":"https:\/\/www.achilles.com\/pt-br\/wp-json\/wp\/v2\/media?parent=19569"}],"curies":[{"name":"wp","href":"https:\/\/api.w.org\/{rel}","templated":true}]}}